{"id":4795,"date":"2025-10-30T11:58:06","date_gmt":"2025-10-30T11:58:06","guid":{"rendered":"https:\/\/pgvape.com\/?post_type=product&#038;p=4795"},"modified":"2026-01-27T15:39:33","modified_gmt":"2026-01-27T15:39:33","slug":"zooy-power-28000-28k-zaciagniec-jednorazowy-vape-0-2-3-5-nikotyna-10-smakow-regulowany-przeplyw-powietrza-inteligentny-ekran-dotykowy-vape-factory-direct","status":"publish","type":"product","link":"https:\/\/pgvape.com\/pl\/produkt\/zooy-power-28000-28k-zaciagniec-jednorazowy-vape-0-2-3-5-nikotyna-10-smakow-regulowany-przeplyw-powietrza-inteligentny-ekran-dotykowy-vape-factory-direct\/","title":{"rendered":"ZOOY POWER 28000 | 28K Puffs Jednorazowy Vape | 0% 2% 3% 5% Nikotyna | 10 Smak\u00f3w | Regulowany przep\u0142yw powietrza | Inteligentny ekran dotykowy | Vape Factory Direct"},"content":{"rendered":"<p><strong data-sourcepos=\"4:5-4:47\">Zooy POWER 28000 Puffs Jednorazowy waporyzator<\/strong> dostarcza <strong data-sourcepos=\"4:57-4:88\">najwy\u017csza wydajno\u015b\u0107 waporyzacji<\/strong> z <strong data-sourcepos=\"4:94-4:119\">28 000 przed\u0142u\u017conych zaci\u0105gni\u0119\u0107<\/strong> I <strong data-sourcepos=\"4:124-4:150\">Pojemno\u015b\u0107 e-liquidu 32 ml<\/strong>. <strong data-sourcepos=\"4:162-4:191\">Opcje nikotynowe 2%\/3%\/5%<\/strong>, \u0142\u0105czy w sobie to innowacyjne urz\u0105dzenie <strong data-sourcepos=\"4:225-4:249\">sterowanie ekranem dotykowym<\/strong> z <strong data-sourcepos=\"4:255-4:284\">Technologia podw\u00f3jnej cewki siatkowej<\/strong> do spersonalizowanego wapowania. <strong data-sourcepos=\"4:312-4:343\">Akumulator o pojemno\u015bci 650 mAh<\/strong> z <strong data-sourcepos=\"4:349-4:368\">\u0141adowanie typu C<\/strong> I <strong data-sourcepos=\"4:373-4:390\">inteligentny wy\u015bwietlacz<\/strong> zapewnia nieprzerwan\u0105 przyjemno\u015b\u0107 z jego u\u017cytkowania <strong data-sourcepos=\"4:430-4:452\">10 smak\u00f3w premium<\/strong>.<\/p>\n<p>&nbsp;<\/p>\n<h2><span style=\"font-size: 90%;\">ZOOY POWER 28000 | 28K Puffs Jednorazowy Vape <strong data-sourcepos=\"10:5-10:31\">Dane techniczne<\/strong><\/span><\/h2>\n<p><strong data-sourcepos=\"7:3-7:17\">Liczba puf\u00f3w<\/strong>:\u00a0<strong data-sourcepos=\"7:19-7:35\">28 000 zaci\u0105gni\u0119\u0107<\/strong><\/p>\n<p><strong data-sourcepos=\"8:3-8:15\">E-ciecz<\/strong>:\u00a0<strong data-sourcepos=\"8:17-8:36\">32 ml wst\u0119pnie nape\u0142nione<\/strong><\/p>\n<p><strong data-sourcepos=\"9:3-9:15\">Nikotyna<\/strong>:\u00a0<strong data-sourcepos=\"9:17-9:33\">2% \/ 3% \/ 5%<\/strong><\/p>\n<p><strong data-sourcepos=\"10:3-10:14\">Bateria<\/strong>:\u00a0<strong data-sourcepos=\"10:16-10:39\">Akumulator 650 MAH<\/strong><\/p>\n<p><strong data-sourcepos=\"11:3-11:11\">Cewka<\/strong>:\u00a0<strong data-sourcepos=\"11:13-11:31\">Podw\u00f3jna siatka 2,0 \u03a9<\/strong><\/p>\n<p><strong data-sourcepos=\"12:3-12:15\">\u0141adowanie<\/strong>:\u00a0<strong data-sourcepos=\"12:17-12:39\">Szybkie \u0142adowanie typu C<\/strong><\/p>\n<p><strong data-sourcepos=\"13:3-13:14\">Wy\u015bwietlacz<\/strong>:\u00a0<strong data-sourcepos=\"13:16-13:37\">Inteligentny ekran dotykowy<\/strong><\/p>\n<p><strong data-sourcepos=\"14:3-14:20\">Zakres mocy<\/strong>:\u00a0<strong data-sourcepos=\"14:22-14:43\">Regulacja 5 W-25 W<\/strong><\/p>\n<p>&nbsp;<\/p>\n<h3><span style=\"font-size: 90%;\">ZOOY POWER 28000 | 28K Puffs Jednorazowy Vape <strong data-sourcepos=\"22:5-22:20\">Lista smak\u00f3w<\/strong><\/span><\/h3>\n<p><strong data-sourcepos=\"17:4-17:27\">1.Malina jagodowa<\/strong><\/p>\n<p><strong data-sourcepos=\"18:4-18:17\">2. Bor\u00f3wka<\/strong><\/p>\n<p><strong data-sourcepos=\"19:4-19:17\">3. L\u00f3d winogronowy<\/strong><\/p>\n<p><strong data-sourcepos=\"20:4-20:21\">4.Meksyka\u0144skie Mango<\/strong><\/p>\n<p><strong data-sourcepos=\"21:4-21:19\">5. Mieszane owoce<\/strong><\/p>\n<p><strong data-sourcepos=\"22:4-22:21\">6. Marakuja<\/strong><\/p>\n<p><strong data-sourcepos=\"23:4-23:23\">7.Truskawkowe Kiwi<\/strong><\/p>\n<p><strong data-sourcepos=\"24:4-24:24\">8. Poncz truskawkowy<\/strong><\/p>\n<p><strong data-sourcepos=\"25:4-25:25\">9.Lody waniliowe<\/strong><\/p>\n<p><strong data-sourcepos=\"26:5-26:23\">10.L\u00f3d arbuzowy<br \/>\n<img loading=\"lazy\" decoding=\"async\" class=\"alignnone wp-image-4801 size-full\" src=\"https:\/\/pgvape.com\/wp-content\/uploads\/2025\/10\/pgvape-Zooy-Power-28000-Puffs-Disposable-Vape-4.jpg\" alt=\"Dziesi\u0119\u0107 kolorowych, prostok\u0105tnych urz\u0105dze\u0144 do waporyzacji z zap\u0119tlonymi nasadkami ustnik\u00f3w i okr\u0105g\u0142ymi wy\u015bwietlaczami cyfrowymi, pokazanych w dw\u00f3ch rz\u0119dach na czarnym tle z paskami pod nag\u0142\u00f3wkiem &#039;10 dost\u0119pnych smak\u00f3w&#039;.\" width=\"1500\" height=\"1405\" srcset=\"https:\/\/pgvape.com\/wp-content\/uploads\/2025\/10\/pgvape-Zooy-Power-28000-Puffs-Disposable-Vape-4.jpg 1500w, https:\/\/pgvape.com\/wp-content\/uploads\/2025\/10\/pgvape-Zooy-Power-28000-Puffs-Disposable-Vape-4-384x360.jpg 384w, https:\/\/pgvape.com\/wp-content\/uploads\/2025\/10\/pgvape-Zooy-Power-28000-Puffs-Disposable-Vape-4-595x557.jpg 595w, https:\/\/pgvape.com\/wp-content\/uploads\/2025\/10\/pgvape-Zooy-Power-28000-Puffs-Disposable-Vape-4-400x375.jpg 400w, https:\/\/pgvape.com\/wp-content\/uploads\/2025\/10\/pgvape-Zooy-Power-28000-Puffs-Disposable-Vape-4-768x719.jpg 768w, https:\/\/pgvape.com\/wp-content\/uploads\/2025\/10\/pgvape-Zooy-Power-28000-Puffs-Disposable-Vape-4-13x12.jpg 13w, https:\/\/pgvape.com\/wp-content\/uploads\/2025\/10\/pgvape-Zooy-Power-28000-Puffs-Disposable-Vape-4-600x562.jpg 600w, https:\/\/pgvape.com\/wp-content\/uploads\/2025\/10\/pgvape-Zooy-Power-28000-Puffs-Disposable-Vape-4-43x40.jpg 43w\" sizes=\"auto, (max-width: 1500px) 100vw, 1500px\" \/><br \/>\n<\/strong><\/p>\n<p>&nbsp;<\/p>\n<h3><span style=\"font-size: 90%;\">ZOOY POWER 28000 | 28K Puffs Jednorazowy Vape <strong>Wideo<\/strong>:<\/span><\/h3>\n<p>&nbsp;<\/p>\n<h2>Cz\u0119sto zadawane pytania dotycz\u0105ce ZOOY POWER 28000 | Jednorazowy waporyzator 28K Puffs<\/h2>\n<p data-sourcepos=\"29:1-30:77\">\u2753 <strong data-sourcepos=\"29:3-29:35\">Co czyni ten Vape wyj\u0105tkowym?<\/strong><br \/>\n\u2705 <strong data-sourcepos=\"30:3-30:27\">Sterowanie na ekranie dotykowym<\/strong> Umo\u017cliwi\u0107 <strong data-sourcepos=\"30:34-30:64\">Precyzyjna regulacja mocy<\/strong> Od 5W-25W.<\/p>\n<p data-sourcepos=\"32:1-33:78\">\u2753 <strong data-sourcepos=\"32:3-32:38\">Jak d\u0142ugo wytrzymuje bateria?<\/strong><br \/>\n\u2705 <strong data-sourcepos=\"33:7-33:25\">Bateria 650 MAH<\/strong> Zapewnia rozszerzone u\u017cytkowanie z <strong data-sourcepos=\"33:53-33:77\">Szybkie \u0142adowanie typu C<\/strong>.<\/p>\n<p data-sourcepos=\"35:1-36:83\">\u2753 <strong data-sourcepos=\"35:3-35:33\">Czy jako\u015b\u0107 pary jest dobra?<\/strong><br \/>\n\u2705 <strong data-sourcepos=\"36:3-36:22\">Podw\u00f3jne cewki siatkowe<\/strong> Dostarcza\u0107 <strong data-sourcepos=\"36:31-36:60\">40% Wi\u0119ksza intensywno\u015b\u0107 smaku<\/strong> Ni\u017c standardowe urz\u0105dzenia.<\/p>\n<p data-sourcepos=\"38:1-39:74\">\u2753 <strong data-sourcepos=\"38:3-38:37\">Czy pocz\u0105tkuj\u0105cy mog\u0105 korzysta\u0107 z tego urz\u0105dzenia?<\/strong><br \/>\n\u2705 Tak! .<\/p>\n<p>&nbsp;<\/p>\n<h3 id=\"brxe-najhln\" class=\"brxe-heading\">Cz\u0119sto zadawane pytania (FAQ)<\/h3>\n<div id=\"brxe-rajiac\" class=\"brxe-text\">\n<p><strong>P: Jakie metody p\u0142atno\u015bci akceptujecie?<\/strong><br \/>\nOdp.: Akceptujemy PayPal, Stripe, przelewy bankowe (obs\u0142ugiwane SEPA), g\u0142\u00f3wne karty kredytowe (Visa, MasterCard, American Express) i p\u0142atno\u015bci w kryptowalutach.<\/p>\n<p><strong>P: Jak d\u0142ugo trwa przygotowanie zam\u00f3wienia?<\/strong><br \/>\nOdp.: Przygotowanie zam\u00f3wienia zajmuje 1-3 dni robocze.<\/p>\n<p><strong>P: Jaki jest czas wysy\u0142ki?<\/strong><br \/>\nOdp.: Czas wysy\u0142ki wynosi 7-14 dni roboczych, w zale\u017cno\u015bci od Twojej lokalizacji.<\/p>\n<p><strong>P: Jak mog\u0119 \u015bledzi\u0107 moje zam\u00f3wienie?<\/strong><br \/>\nOdp.: Po wysy\u0142ce otrzymasz wiadomo\u015b\u0107 e-mail z potwierdzeniem i numerem przesy\u0142ki umo\u017cliwiaj\u0105cym \u015bledzenie w czasie rzeczywistym.<\/p>\n<p><strong>P: Jaka jest Twoja polityka zwrot\u00f3w?<\/strong><br \/>\nOdp.: Oferujemy 30-dniow\u0105 polityk\u0119 zwrot\u00f3w lub wymiany. .<\/p>\n<p><strong>P: Czy wyst\u0105pi\u0105 jakie\u015b problemy celne?<br \/>\n<\/strong>Obs\u0142ugujemy wszystkie procedury odprawy celnej, aby zapewni\u0107 Ci bezproblemow\u0105 obs\u0142ug\u0119. .<\/p>\n<p><strong>P: Jakie metody wysy\u0142ki s\u0105 stosowane?<\/strong><br \/>\nWsp\u00f3\u0142pracujemy z firmami UPS\/DHL\/FEDEX\/DPD itp. W zale\u017cno\u015bci od kraju dostawy wybierzemy odpowiedni\u0105 opcj\u0119 wysy\u0142ki, tak aby produkty dotar\u0142y do \u200b\u200bPa\u0144stwa najszybciej jak to mo\u017cliwe.<\/p>\n<p><a href=\"https:\/\/pgvape.com\/pl\/czesto-zadawane-pytania\/\">Kliknij tutaj, aby uzyska\u0107 wi\u0119cej cz\u0119sto zadawanych pyta\u0144<\/a><\/p>\n<p>Szanowni klienci, je\u015bli masz jakiekolwiek pytania dotycz\u0105ce zam\u00f3wienia lub przybycia towaru, skontaktuj si\u0119 z naszym dzia\u0142em obs\u0142ugi klienta. Dzi\u0119kuj\u0119!<\/p>\n<h3 data-sourcepos=\"73:1-73:21\"><strong data-sourcepos=\"73:7-73:21\">Skontaktuj si\u0119 z nami<\/strong><\/h3>\n<div id=\"text-2419739398\" class=\"text\">\n<p><strong data-sourcepos=\"75:3-75:12\">E-mail<\/strong>:\u00a0<a href=\"mailto:support@pgvape.com\"><strong>support@pgvape.com<\/strong><\/a><\/p>\n<p><strong data-sourcepos=\"76:3-76:15\">WhatsApp<\/strong>:\u00a0<a href=\"https:\/\/wa.me\/+8618128481258\"><strong>+86 18128481258<\/strong><\/a><br \/>\n<strong>(Odpowied\u017a w ci\u0105gu 24 godzin w dni robocze)<\/strong><\/p>\n<\/div>\n<h3><strong>Dzi\u0119kujemy za wybranie pgvape.com! .<\/strong><\/h3>\n<\/div>","protected":false},"excerpt":{"rendered":"<p><strong data-sourcepos=\"42:5-42:25\">Zooy MOC 28000<\/strong> \u0141\u0105czy <strong data-sourcepos=\"42:35-42:74\">Najnowocze\u015bniejsza technologia ekranu dotykowego<\/strong>, <strong data-sourcepos=\"42:76-42:102\">Zwi\u0119kszona pojemno\u015b\u0107 zaci\u0105gni\u0119cia<\/strong>, I <strong data-sourcepos=\"42:108-42:141\">Najwy\u017csza wydajno\u015b\u0107 z podw\u00f3jn\u0105 cewk\u0105<\/strong> W eleganckim, przyjaznym dla u\u017cytkownika designie <strong data-sourcepos=\"42:180-42:201\">10 opcji smakowych<\/strong>.<\/p>","protected":false},"featured_media":4800,"comment_status":"open","ping_status":"closed","template":"","meta":{"_seopress_robots_primary_cat":"none","_seopress_titles_title":"%%post_title%% %%sep%% %%sitetitle%%","_seopress_titles_desc":"","_seopress_robots_index":""},"product_brand":[516,291],"product_cat":[227,515,290],"product_tag":[392,135,90,393,204,391],"class_list":{"0":"post-4795","1":"product","2":"type-product","3":"status-publish","4":"has-post-thumbnail","6":"product_brand-disposable-vape","7":"product_brand-zooy-vape","8":"product_cat-28k-puffs-vape","9":"product_cat-disposable-vape","10":"product_cat-zooy-vape","11":"product_tag-28k-puffs-vape","12":"product_tag-adjustable-airflow","13":"product_tag-disposable-vape","14":"product_tag-smart-touchscreen","15":"product_tag-vape-factory-direct","16":"product_tag-zooy-power-28000","18":"first","19":"instock","20":"sale","21":"shipping-taxable","22":"purchasable","23":"product-type-variable"},"_links":{"self":[{"href":"https:\/\/pgvape.com\/pl\/wp-json\/wp\/v2\/product\/4795","targetHints":{"allow":["GET"]}}],"collection":[{"href":"https:\/\/pgvape.com\/pl\/wp-json\/wp\/v2\/product"}],"about":[{"href":"https:\/\/pgvape.com\/pl\/wp-json\/wp\/v2\/types\/product"}],"replies":[{"embeddable":true,"href":"https:\/\/pgvape.com\/pl\/wp-json\/wp\/v2\/comments?post=4795"}],"wp:featuredmedia":[{"embeddable":true,"href":"https:\/\/pgvape.com\/pl\/wp-json\/wp\/v2\/media\/4800"}],"wp:attachment":[{"href":"https:\/\/pgvape.com\/pl\/wp-json\/wp\/v2\/media?parent=4795"}],"wp:term":[{"taxonomy":"product_brand","embeddable":true,"href":"https:\/\/pgvape.com\/pl\/wp-json\/wp\/v2\/product_brand?post=4795"},{"taxonomy":"product_cat","embeddable":true,"href":"https:\/\/pgvape.com\/pl\/wp-json\/wp\/v2\/product_cat?post=4795"},{"taxonomy":"product_tag","embeddable":true,"href":"https:\/\/pgvape.com\/pl\/wp-json\/wp\/v2\/product_tag?post=4795"}],"curies":[{"name":"wp","href":"https:\/\/api.w.org\/{rel}","templated":true}]}}