{"id":4766,"date":"2025-10-30T10:40:44","date_gmt":"2025-10-30T10:40:44","guid":{"rendered":"https:\/\/pgvape.com\/?post_type=product&#038;p=4766"},"modified":"2026-01-27T15:40:11","modified_gmt":"2026-01-27T15:40:11","slug":"zooy-shisha-50000-50k-zaciagniec-jednorazowy-vape-0-2-3-5-nikotyna-10-smakow-regulowany-przeplyw-powietrza-inteligentny-wyswietlacz-led-vape-factory-direct","status":"publish","type":"product","link":"https:\/\/pgvape.com\/pl\/produkt\/zooy-shisha-50000-50k-zaciagniec-jednorazowy-vape-0-2-3-5-nikotyna-10-smakow-regulowany-przeplyw-powietrza-inteligentny-wyswietlacz-led-vape-factory-direct\/","title":{"rendered":"Zooy Shisha 50000 | 50K Puffs Jednorazowy Vape | 0% 2% 3% 5% Nikotyna | 10 smak\u00f3w | Regulowany przep\u0142yw powietrza | Inteligentny wy\u015bwietlacz LED | Vape Factory Direct"},"content":{"rendered":"<p><strong data-sourcepos=\"4:5-4:48\">Zooy Shisha 50000 Puffs Jednorazowy Vape<\/strong> na nowo definiuje wytrzyma\u0142o\u015b\u0107 wapowania za pomoc\u0105 <strong data-sourcepos=\"4:84-4:117\">wiod\u0105ce w bran\u017cy 50 000 zaci\u0105gni\u0119\u0107<\/strong> pojemno\u015b\u0107. <strong data-sourcepos=\"4:149-4:168\">Bateria 1400 mAh<\/strong> i wyposa\u017cony w <strong data-sourcepos=\"4:185-4:209\">Cewka z poczw\u00f3rn\u0105 siatk\u0105 0,25 \u03a9<\/strong>, dostarcza <strong data-sourcepos=\"4:223-4:241\">intensywny smak<\/strong> I <strong data-sourcepos=\"4:246-4:274\">masowa produkcja chmur<\/strong>. <strong data-sourcepos=\"4:280-4:301\">inteligentny wy\u015bwietlacz LED<\/strong> \u015bledzi poziom baterii i e-p\u0142ynu, podczas gdy <strong data-sourcepos=\"4:344-4:368\">O\u015bwietlenie RGB w 8 kolorach<\/strong> dodaje \u017cywego stylu. <strong data-sourcepos=\"4:394-4:422\">40 ml wst\u0119pnie nape\u0142nionego e-liquidu<\/strong> I <strong data-sourcepos=\"4:427-4:451\">Szybkie \u0142adowanie typu C<\/strong>, to najlepszy wyb\u00f3r dla entuzjast\u00f3w waporyzacji DTL (bezpo\u015brednio do p\u0142uc).<\/p>\n<p>&nbsp;<\/p>\n<h2><span style=\"font-size: 90%;\">Zooy Shisha 50000 | 50K Ptysi Jednorazowy Vape <strong data-sourcepos=\"10:5-10:31\">Dane techniczne<\/strong><\/span><\/h2>\n<p><strong data-sourcepos=\"7:3-7:30\">50 000 bardzo d\u0142ugich zaci\u0105gni\u0119\u0107<\/strong>\u00a0\u2013 Niezr\u00f3wnana trwa\u0142o\u015b\u0107 waporyzacji<\/p>\n<p><strong data-sourcepos=\"8:3-8:27\">Cewka z poczw\u00f3rn\u0105 siatk\u0105 0,25 \u03a9<\/strong>\u00a0\u2013 Dla maksymalnej produkcji smaku i pary<\/p>\n<p><strong data-sourcepos=\"9:3-9:35\">Akumulator 1400 mAh<\/strong>\u00a0\u2013 Wyd\u0142u\u017cone u\u017cytkowanie pomi\u0119dzy \u0142adowaniami<\/p>\n<p><strong data-sourcepos=\"10:3-10:24\">Inteligentny wy\u015bwietlacz LED<\/strong>\u00a0\u2013 Monitorowanie baterii i soku w czasie rzeczywistym<\/p>\n<p><strong data-sourcepos=\"11:3-11:25\">Regulowany przep\u0142yw powietrza<\/strong>\u00a0\u2013 Dostosuj op\u00f3r przyci\u0105gania<\/p>\n<p><strong data-sourcepos=\"12:3-12:27\">8-kolorowe o\u015bwietlenie RGB<\/strong>\u00a0\u2013 Dynamiczne efekty wizualne<\/p>\n<p><strong data-sourcepos=\"13:3-13:27\">Szybkie \u0142adowanie typu C<\/strong>\u00a0- Szybkie power-upy<\/p>\n<p><strong data-sourcepos=\"14:3-14:29\">Pojemno\u015b\u0107 40 ml e-p\u0142ynu<\/strong>\u00a0\u2013 D\u0142ugotrwa\u0142a przyjemno\u015b\u0107<\/p>\n<p><strong data-sourcepos=\"15:3-15:27\">Projekt zoptymalizowany pod k\u0105tem DTL<\/strong>\u00a0- Idealny do pogoni za chmurami<\/p>\n<p>&nbsp;<\/p>\n<h3><span style=\"font-size: 90%;\">Zooy Shisha 50000 | 50K Ptysi Jednorazowy Vape <strong data-sourcepos=\"22:5-22:20\">Lista smak\u00f3w<\/strong><\/span><\/h3>\n<p>1.L\u00f3d arbuzowy<\/p>\n<p>2.L\u00f3d jagodowy<\/p>\n<p>3. Niebieska wi\u015bnia Razz<\/p>\n<p>4. Czerwony Byk<\/p>\n<p>5. Mieszane jagody<\/p>\n<p>6. Arbuz Mango Brzoskwiniowy<\/p>\n<p>7.Truskawkowe Kiwi<\/p>\n<p>8. Arbuz Truskawkowy<\/p>\n<p>9. Wi\u015bnia Truskawka Malina<\/p>\n<p>10. Winogrono truskawkowe<\/p>\n<p>&nbsp;<\/p>\n<h3><span style=\"font-size: 90%;\">Zooy Shisha 50000 | 50K Ptysi Jednorazowy Vape <strong>Wideo<\/strong>:<\/span><\/h3>\n<p>&nbsp;<\/p>\n<h2>Cz\u0119sto zadawane pytania na temat Zooy Shisha 50000 | 50K Puffs Jednorazowy Vape<\/h2>\n<p data-sourcepos=\"44:1-45:103\">\u2753 <strong data-sourcepos=\"44:3-44:40\">Jak osi\u0105ga 50 000 zaci\u0105gni\u0119\u0107?<\/strong><br \/>\n\u2705Po\u0142\u0105czenie <strong data-sourcepos=\"45:22-45:48\">Pojemno\u015b\u0107 e-liquidu 40 ml<\/strong> I <strong data-sourcepos=\"45:53-45:82\">wysokowydajna poczw\u00f3rna cewka<\/strong> maksymalizuje trwa\u0142o\u015b\u0107.<\/p>\n<p data-sourcepos=\"47:1-48:89\">\u2753 <strong data-sourcepos=\"47:3-47:36\">Czy nadaje si\u0119 do \u015bcigania w chmurze?<\/strong><br \/>\n\u2705 <strong data-sourcepos=\"48:7-48:31\">Cewka z poczw\u00f3rn\u0105 siatk\u0105 0,25 \u03a9<\/strong> I <strong data-sourcepos=\"48:36-48:58\">regulowany przep\u0142yw powietrza<\/strong> tworzy\u0107 <strong data-sourcepos=\"48:66-48:88\">masywne chmury DTL<\/strong>.<\/p>\n<p data-sourcepos=\"50:1-51:91\">\u2753 <strong data-sourcepos=\"50:3-50:38\">Jak d\u0142ugo wytrzymuje bateria?<\/strong><br \/>\n\u2705 <strong data-sourcepos=\"51:7-51:26\">Bateria 1400 mAh<\/strong> obs\u0142uguje d\u0142u\u017csze sesje i szybko \u0142aduje si\u0119 przez <strong data-sourcepos=\"51:80-51:90\">Typ C<\/strong>.<\/p>\n<p data-sourcepos=\"53:1-54:79\">\u2753 <strong data-sourcepos=\"53:3-53:30\">Czy mog\u0119 monitorowa\u0107 swoje wykorzystanie?<\/strong><br \/>\n\u2705 <strong data-sourcepos=\"54:7-54:24\">inteligentny wy\u015bwietlacz<\/strong> pokazuje dok\u0142adny procent baterii i pozosta\u0142\u0105 ilo\u015b\u0107 e-liquidu.<\/p>\n<p data-sourcepos=\"56:1-57:90\">\u2753 <strong data-sourcepos=\"56:3-56:31\">Co go wyr\u00f3\u017cnia?<br \/>\n<\/strong> \u2705 <strong data-sourcepos=\"57:3-57:19\">O\u015bwietlenie RGB<\/strong>, <strong data-sourcepos=\"57:21-57:46\">najwy\u017csza jako\u015b\u0107 wykonania<\/strong>, I <strong data-sourcepos=\"57:52-57:76\">niezr\u00f3wnana liczba zaci\u0105gni\u0119\u0107<\/strong> rozr\u00f3\u017cnij to.<\/p>\n<p>&nbsp;<\/p>\n<h3 id=\"brxe-najhln\" class=\"brxe-heading\">Cz\u0119sto zadawane pytania (FAQ)<\/h3>\n<div id=\"brxe-rajiac\" class=\"brxe-text\">\n<p><strong>P: Jakie metody p\u0142atno\u015bci akceptujecie?<\/strong><br \/>\nOdp.: Akceptujemy PayPal, Stripe, przelewy bankowe (obs\u0142ugiwane SEPA), g\u0142\u00f3wne karty kredytowe (Visa, MasterCard, American Express) i p\u0142atno\u015bci w kryptowalutach.<\/p>\n<p><strong>P: Jak d\u0142ugo trwa przygotowanie zam\u00f3wienia?<\/strong><br \/>\nOdp.: Przygotowanie zam\u00f3wienia zajmuje 1-3 dni robocze.<\/p>\n<p><strong>P: Jaki jest czas wysy\u0142ki?<\/strong><br \/>\nOdp.: Czas wysy\u0142ki wynosi 7-14 dni roboczych, w zale\u017cno\u015bci od Twojej lokalizacji.<\/p>\n<p><strong>P: Jak mog\u0119 \u015bledzi\u0107 moje zam\u00f3wienie?<\/strong><br \/>\nOdp.: Po wysy\u0142ce otrzymasz wiadomo\u015b\u0107 e-mail z potwierdzeniem i numerem przesy\u0142ki umo\u017cliwiaj\u0105cym \u015bledzenie w czasie rzeczywistym.<\/p>\n<p><strong>P: Jaka jest Twoja polityka zwrot\u00f3w?<\/strong><br \/>\nOdp.: Oferujemy 30-dniow\u0105 polityk\u0119 zwrot\u00f3w lub wymiany. .<\/p>\n<p><strong>P: Czy wyst\u0105pi\u0105 jakie\u015b problemy celne?<br \/>\n<\/strong>Obs\u0142ugujemy wszystkie procedury odprawy celnej, aby zapewni\u0107 Ci bezproblemow\u0105 obs\u0142ug\u0119. .<\/p>\n<p><strong>P: Jakie metody wysy\u0142ki s\u0105 stosowane?<\/strong><br \/>\nWsp\u00f3\u0142pracujemy z firmami UPS\/DHL\/FEDEX\/DPD itp. W zale\u017cno\u015bci od kraju dostawy wybierzemy odpowiedni\u0105 opcj\u0119 wysy\u0142ki, tak aby produkty dotar\u0142y do \u200b\u200bPa\u0144stwa najszybciej jak to mo\u017cliwe.<\/p>\n<p><a href=\"https:\/\/pgvape.com\/pl\/czesto-zadawane-pytania\/\">Kliknij tutaj, aby uzyska\u0107 wi\u0119cej cz\u0119sto zadawanych pyta\u0144<\/a><\/p>\n<p>Szanowni klienci, je\u015bli masz jakiekolwiek pytania dotycz\u0105ce zam\u00f3wienia lub przybycia towaru, skontaktuj si\u0119 z naszym dzia\u0142em obs\u0142ugi klienta. Dzi\u0119kuj\u0119!<\/p>\n<h3 data-sourcepos=\"73:1-73:21\"><strong data-sourcepos=\"73:7-73:21\">Skontaktuj si\u0119 z nami<\/strong><\/h3>\n<div id=\"text-2419739398\" class=\"text\">\n<p><strong data-sourcepos=\"75:3-75:12\">E-mail<\/strong>:\u00a0<a href=\"mailto:support@pgvape.com\"><strong>support@pgvape.com<\/strong><\/a><\/p>\n<p><strong data-sourcepos=\"76:3-76:15\">WhatsApp<\/strong>:\u00a0<a href=\"https:\/\/wa.me\/+8618128481258\"><strong>+86 18128481258<\/strong><\/a><br \/>\n<strong>(Odpowied\u017a w ci\u0105gu 24 godzin w dni robocze)<\/strong><\/p>\n<\/div>\n<h3><strong>Dzi\u0119kujemy za wybranie pgvape.com! .<\/strong><\/h3>\n<\/div>","protected":false},"excerpt":{"rendered":"<p><strong data-sourcepos=\"65:5-65:26\">Zooy Shisha 50000<\/strong> reprezentuje szczyt technologii jednorazowego waporyzatora, \u0142\u0105cz\u0105c <strong data-sourcepos=\"65:92-65:113\">ekstremalna trwa\u0142o\u015b\u0107<\/strong>, <strong data-sourcepos=\"65:115-65:143\">produkcja w chmurze premium<\/strong>, I <strong data-sourcepos=\"65:149-65:172\">innowacyjne funkcje<\/strong> w eleganckim opakowaniu. <strong data-sourcepos=\"65:269-65:303\">niezr\u00f3wnane wra\u017cenia z wapowania<\/strong>.<\/p>","protected":false},"featured_media":4770,"comment_status":"open","ping_status":"closed","template":"","meta":{"_seopress_robots_primary_cat":"none","_seopress_titles_title":"%%post_title%% %%sep%% %%sitetitle%%","_seopress_titles_desc":"","_seopress_robots_index":""},"product_brand":[516,291],"product_cat":[61,515,290],"product_tag":[318,135,90,143,204,390],"class_list":{"0":"post-4766","1":"product","2":"type-product","3":"status-publish","4":"has-post-thumbnail","6":"product_brand-disposable-vape","7":"product_brand-zooy-vape","8":"product_cat-50k-puffs-vape","9":"product_cat-disposable-vape","10":"product_cat-zooy-vape","11":"product_tag-50k-puffs-vape","12":"product_tag-adjustable-airflow","13":"product_tag-disposable-vape","14":"product_tag-smart-led-display","15":"product_tag-vape-factory-direct","16":"product_tag-zooy-shisha-50000","18":"first","19":"instock","20":"sale","21":"shipping-taxable","22":"purchasable","23":"product-type-variable"},"_links":{"self":[{"href":"https:\/\/pgvape.com\/pl\/wp-json\/wp\/v2\/product\/4766","targetHints":{"allow":["GET"]}}],"collection":[{"href":"https:\/\/pgvape.com\/pl\/wp-json\/wp\/v2\/product"}],"about":[{"href":"https:\/\/pgvape.com\/pl\/wp-json\/wp\/v2\/types\/product"}],"replies":[{"embeddable":true,"href":"https:\/\/pgvape.com\/pl\/wp-json\/wp\/v2\/comments?post=4766"}],"wp:featuredmedia":[{"embeddable":true,"href":"https:\/\/pgvape.com\/pl\/wp-json\/wp\/v2\/media\/4770"}],"wp:attachment":[{"href":"https:\/\/pgvape.com\/pl\/wp-json\/wp\/v2\/media?parent=4766"}],"wp:term":[{"taxonomy":"product_brand","embeddable":true,"href":"https:\/\/pgvape.com\/pl\/wp-json\/wp\/v2\/product_brand?post=4766"},{"taxonomy":"product_cat","embeddable":true,"href":"https:\/\/pgvape.com\/pl\/wp-json\/wp\/v2\/product_cat?post=4766"},{"taxonomy":"product_tag","embeddable":true,"href":"https:\/\/pgvape.com\/pl\/wp-json\/wp\/v2\/product_tag?post=4766"}],"curies":[{"name":"wp","href":"https:\/\/api.w.org\/{rel}","templated":true}]}}