{"id":4737,"date":"2025-10-30T09:26:41","date_gmt":"2025-10-30T09:26:41","guid":{"rendered":"https:\/\/pgvape.com\/?post_type=product&#038;p=4737"},"modified":"2026-01-27T15:41:25","modified_gmt":"2026-01-27T15:41:25","slug":"zooy-twins-30000-30k-zaciagniec-podwojny-flavo-jednorazowy-vape-0-2-3-5-nikotyna-10-smakow-inteligentny-ekran-led-vape-factory-direct","status":"publish","type":"product","link":"https:\/\/pgvape.com\/pl\/produkt\/zooy-twins-30000-30k-zaciagniec-podwojny-flavo-jednorazowy-vape-0-2-3-5-nikotyna-10-smakow-inteligentny-ekran-led-vape-factory-direct\/","title":{"rendered":"ZOOY Twins 30000 | 30K Puffs Dual Flavo Jednorazowy Vape | 0% 2% 3% 5% Nikotyna | 10 Smak\u00f3w | Inteligentny ekran LED | Vape Factory Direct"},"content":{"rendered":"<p><strong data-sourcepos=\"4:5-4:47\">Jednorazowy waporyzator ZOOY Twins 30000 Puffs<\/strong> Na nowo definiuje d\u0142ugotrwa\u0142e wapowanie <strong data-sourcepos=\"4:83-4:105\">30 000 Ultra-Puff\u00f3w<\/strong> I <strong data-sourcepos=\"4:110-4:151\">Technologia prze\u0142\u0105czania bez dw\u00f3ch smak\u00f3w<\/strong>. <strong data-sourcepos=\"4:166-4:197\">Akumulator 650 MAH<\/strong> Z <strong data-sourcepos=\"4:203-4:227\">Szybkie \u0142adowanie typu C<\/strong>, Zawiera A <strong data-sourcepos=\"4:243-4:264\">Inteligentny wy\u015bwietlacz LED<\/strong> Do \u015bledzenia zaci\u0105gni\u0119cia\/baterii w czasie rzeczywistym i <strong data-sourcepos=\"4:305-4:324\">Podw\u00f3jne cewki siatkowe<\/strong> Dla <strong data-sourcepos=\"4:329-4:359\">Ulepszona produkcja smaku<\/strong>. <strong data-sourcepos=\"4:373-4:399\">12 kombinacji smakowych<\/strong> I <strong data-sourcepos=\"4:404-4:444\">Opcje soli nikotyny 20MG\/30MG\/50MG<\/strong> W pe\u0142ni konfigurowalne do\u015bwiadczenie.<\/p>\n<p>&nbsp;<\/p>\n<h2><span style=\"font-size: 90%;\">ZOOY Twins 30000 | 30K Puffs Jednorazowy Vape o podw\u00f3jnym smaku <strong data-sourcepos=\"10:5-10:31\">Dane techniczne<\/strong><\/span><\/h2>\n<p><strong data-sourcepos=\"7:3-7:17\">Liczba puf\u00f3w<\/strong>:\u00a0<strong data-sourcepos=\"7:19-7:35\">30 000 zaci\u0105gni\u0119\u0107<\/strong><\/p>\n<p><strong data-sourcepos=\"8:3-8:14\">Bateria<\/strong>:\u00a0<strong data-sourcepos=\"8:16-8:39\">Akumulator 650 MAH<\/strong><\/p>\n<p><strong data-sourcepos=\"9:3-9:15\">\u0141adowanie<\/strong>:\u00a0<strong data-sourcepos=\"9:17-9:39\">Szybkie \u0142adowanie typu C<\/strong><\/p>\n<p><strong data-sourcepos=\"10:3-10:14\">Wy\u015bwietlacz<\/strong>:\u00a0<strong data-sourcepos=\"10:16-10:36\">Inteligentny ekran LED<\/strong>\u00a0(Licznik zaci\u0105gni\u0119\u0107 + bateria %)<\/p>\n<p><strong data-sourcepos=\"11:3-11:11\">Cewka<\/strong>:\u00a0<strong data-sourcepos=\"11:13-11:38\">System cewek z podw\u00f3jn\u0105 siatk\u0105<\/strong><\/p>\n<p><strong data-sourcepos=\"12:3-12:20\">System smakowy<\/strong>:\u00a0<strong data-sourcepos=\"12:22-12:47\">Prze\u0142\u0105czanie dw\u00f3ch smak\u00f3w<\/strong><\/p>\n<p><strong data-sourcepos=\"13:3-13:15\">Nikotyna<\/strong>:\u00a0<strong data-sourcepos=\"13:17-13:35\">20 mg\/30 mg\/50 mg<\/strong>\u00a0Sole nikotyny<\/p>\n<p><strong data-sourcepos=\"14:3-14:13\">Projekt<\/strong>:\u00a0<strong data-sourcepos=\"14:15-14:39\">Ergonomiczny i przeno\u015bny<\/strong><\/p>\n<p>&nbsp;<\/p>\n<h3><span style=\"font-size: 90%;\">ZOOY Twins 30000 | 30K Puffs Jednorazowy Vape o podw\u00f3jnym smaku <strong data-sourcepos=\"22:5-22:20\">Lista smak\u00f3w<\/strong><\/span><\/h3>\n<p><strong>1. Arbuzowa guma balonowa i l\u00f3d kawowy<\/strong><\/p>\n<p><strong>2. Ananas, kokos i l\u00f3d jab\u0142kowy<\/strong><\/p>\n<p><strong>3.Red Bull i Truskawkowe Kiwi<\/strong><\/p>\n<p><strong>4. Lody truskawkowe i koktajl mleczny brzoskwiniowo-mango<\/strong><\/p>\n<p><strong>5.LOVE 66 i cola lodowa<\/strong><\/p>\n<p><strong>6. L\u00f3d jagodowy i potr\u00f3jny melon<\/strong><\/p>\n<p><strong>7.Wi\u015bnia czerwona i mieszane jagody<\/strong><\/p>\n<p><strong>8. Lodowy arbuz i niebieska malina cytrynowa<\/strong><\/p>\n<p><strong>9. Winogrono, mi\u0119ta i truskawka, banan<\/strong><\/p>\n<p><strong>10. Arbuz truskawkowy i r\u00f3\u017cowa lemoniada<br \/>\n<img loading=\"lazy\" decoding=\"async\" class=\"alignnone wp-image-4744 size-full\" src=\"https:\/\/pgvape.com\/wp-content\/uploads\/2025\/10\/pgvape-ZOOY-Twins-30000-Puffs-Disposable-Vape-5.png\" alt=\"Dwa rz\u0119dy dwunastu kolorowych jednorazowych urz\u0105dze\u0144 do waporyzacji Zooy Twins z gradientowymi wyko\u0144czeniami, etykietami smakowymi i ma\u0142ymi ikonami, ka\u017cde oznaczone &quot;30000 PUFFS&quot;, umieszczonych pod pogrubionym nag\u0142\u00f3wkiem z napisem ZOOY TWINS 30000 Puffs.\" width=\"800\" height=\"800\" srcset=\"https:\/\/pgvape.com\/wp-content\/uploads\/2025\/10\/pgvape-ZOOY-Twins-30000-Puffs-Disposable-Vape-5.png 800w, https:\/\/pgvape.com\/wp-content\/uploads\/2025\/10\/pgvape-ZOOY-Twins-30000-Puffs-Disposable-Vape-5-360x360.png 360w, https:\/\/pgvape.com\/wp-content\/uploads\/2025\/10\/pgvape-ZOOY-Twins-30000-Puffs-Disposable-Vape-5-595x595.png 595w, https:\/\/pgvape.com\/wp-content\/uploads\/2025\/10\/pgvape-ZOOY-Twins-30000-Puffs-Disposable-Vape-5-400x400.png 400w, https:\/\/pgvape.com\/wp-content\/uploads\/2025\/10\/pgvape-ZOOY-Twins-30000-Puffs-Disposable-Vape-5-768x768.png 768w, https:\/\/pgvape.com\/wp-content\/uploads\/2025\/10\/pgvape-ZOOY-Twins-30000-Puffs-Disposable-Vape-5-12x12.png 12w, https:\/\/pgvape.com\/wp-content\/uploads\/2025\/10\/pgvape-ZOOY-Twins-30000-Puffs-Disposable-Vape-5-300x300.png 300w, https:\/\/pgvape.com\/wp-content\/uploads\/2025\/10\/pgvape-ZOOY-Twins-30000-Puffs-Disposable-Vape-5-600x600.png 600w, https:\/\/pgvape.com\/wp-content\/uploads\/2025\/10\/pgvape-ZOOY-Twins-30000-Puffs-Disposable-Vape-5-100x100.png 100w, https:\/\/pgvape.com\/wp-content\/uploads\/2025\/10\/pgvape-ZOOY-Twins-30000-Puffs-Disposable-Vape-5-40x40.png 40w\" sizes=\"auto, (max-width: 800px) 100vw, 800px\" \/><br \/>\n<\/strong><\/p>\n<p>&nbsp;<\/p>\n<h3><span style=\"font-size: 90%;\">ZOOY Twins 30000 | 30K Puffs Jednorazowy Vape o podw\u00f3jnym smaku <strong>Wideo<\/strong>:<\/span><\/h3>\n<p>&nbsp;<\/p>\n<h2>Cz\u0119sto zadawane pytania dotycz\u0105ce ZOOY Twins 30000 | 30K Puffs Dual Flavo Jednorazowy waporyzator<\/h2>\n<p data-sourcepos=\"30:1-31:107\">\u2753 <strong data-sourcepos=\"30:3-30:43\">Jak dzia\u0142a prze\u0142\u0105czanie dw\u00f3ch smak\u00f3w?<\/strong><br \/>\n\u2705 Natychmiastowe prze\u0142\u0105czanie pomi\u0119dzy <strong data-sourcepos=\"31:28-31:43\">Dwa smaki<\/strong> Lub wymieszaj je <strong data-sourcepos=\"31:60-31:77\">Mieszanki niestandardowe<\/strong> \u2013 Nie s\u0105 potrzebne \u017cadne zmiany urz\u0105dzenia.<\/p>\n<p data-sourcepos=\"33:1-34:98\">\u2753 <strong data-sourcepos=\"33:3-33:37\">Co umo\u017cliwia zaci\u0105gni\u0119cie si\u0119 za 30 tys.?<\/strong><br \/>\n\u2705 <strong data-sourcepos=\"34:3-34:33\">Zoptymalizowany system podw\u00f3jnej cewki<\/strong> + <strong data-sourcepos=\"34:36-34:70\">Wysokowydajne wykorzystanie e-p\u0142ynu<\/strong> = <strong data-sourcepos=\"34:73-34:95\">Wyd\u0142u\u017cona trwa\u0142o\u015b\u0107<\/strong>.<\/p>\n<p data-sourcepos=\"36:1-37:79\">\u2753 <strong data-sourcepos=\"36:3-36:36\">Czy jako\u015b\u0107 pary jest premium?<\/strong><br \/>\n\u2705 <strong data-sourcepos=\"37:3-37:22\">Podw\u00f3jne cewki siatkowe<\/strong> Dostarcza\u0107 <strong data-sourcepos=\"37:31-37:50\">40% Wi\u0119cej smaku<\/strong> Ni\u017c standardowe artyku\u0142y jednorazowe.<\/p>\n<p data-sourcepos=\"39:1-40:80\">\u2753 <strong data-sourcepos=\"39:3-39:28\">Czy mog\u0119 \u015bledzi\u0107 moje wykorzystanie?<\/strong><br \/>\n\u2705 <strong data-sourcepos=\"40:3-40:20\">Inteligentny wy\u015bwietlacz<\/strong> Wida\u0107 <strong data-sourcepos=\"40:27-40:46\">Pozosta\u0142y Puffy<\/strong> + <strong data-sourcepos=\"40:49-40:65\">\u017bywotno\u015b\u0107 baterii<\/strong> W skr\u00f3cie.<\/p>\n<p data-sourcepos=\"42:1-43:95\">\u2753 <strong data-sourcepos=\"42:3-42:29\">Dla kogo jest to idealne rozwi\u0105zanie?<br \/>\n<\/strong> \u2705 Pragniemy waper\u00f3w <strong data-sourcepos=\"43:18-43:35\">Maksymalne zaci\u0105gni\u0119cia<\/strong>, <strong data-sourcepos=\"43:37-43:55\">R\u00f3\u017cnorodno\u015b\u0107 smak\u00f3w<\/strong>, I <strong data-sourcepos=\"43:61-43:78\">Funkcje techniczne<\/strong> W jednym urz\u0105dzeniu.<\/p>\n<p>&nbsp;<\/p>\n<h3 id=\"brxe-najhln\" class=\"brxe-heading\">Cz\u0119sto zadawane pytania (FAQ)<\/h3>\n<div id=\"brxe-rajiac\" class=\"brxe-text\">\n<p><strong>P: Jakie metody p\u0142atno\u015bci akceptujecie?<\/strong><br \/>\nOdp.: Akceptujemy PayPal, Stripe, przelewy bankowe (obs\u0142ugiwane SEPA), g\u0142\u00f3wne karty kredytowe (Visa, MasterCard, American Express) i p\u0142atno\u015bci w kryptowalutach.<\/p>\n<p><strong>P: Jak d\u0142ugo trwa przygotowanie zam\u00f3wienia?<\/strong><br \/>\nOdp.: Przygotowanie zam\u00f3wienia zajmuje 1-3 dni robocze.<\/p>\n<p><strong>P: Jaki jest czas wysy\u0142ki?<\/strong><br \/>\nOdp.: Czas wysy\u0142ki wynosi 7-14 dni roboczych, w zale\u017cno\u015bci od Twojej lokalizacji.<\/p>\n<p><strong>P: Jak mog\u0119 \u015bledzi\u0107 moje zam\u00f3wienie?<\/strong><br \/>\nOdp.: Po wysy\u0142ce otrzymasz wiadomo\u015b\u0107 e-mail z potwierdzeniem i numerem przesy\u0142ki umo\u017cliwiaj\u0105cym \u015bledzenie w czasie rzeczywistym.<\/p>\n<p><strong>P: Jaka jest Twoja polityka zwrot\u00f3w?<\/strong><br \/>\nOdp.: Oferujemy 30-dniow\u0105 polityk\u0119 zwrot\u00f3w lub wymiany. .<\/p>\n<p><strong>P: Czy wyst\u0105pi\u0105 jakie\u015b problemy celne?<br \/>\n<\/strong>Obs\u0142ugujemy wszystkie procedury odprawy celnej, aby zapewni\u0107 Ci bezproblemow\u0105 obs\u0142ug\u0119. .<\/p>\n<p><strong>P: Jakie metody wysy\u0142ki s\u0105 stosowane?<\/strong><br \/>\nWsp\u00f3\u0142pracujemy z firmami UPS\/DHL\/FEDEX\/DPD itp. W zale\u017cno\u015bci od kraju dostawy wybierzemy odpowiedni\u0105 opcj\u0119 wysy\u0142ki, tak aby produkty dotar\u0142y do \u200b\u200bPa\u0144stwa najszybciej jak to mo\u017cliwe.<\/p>\n<p><a href=\"https:\/\/pgvape.com\/pl\/czesto-zadawane-pytania\/\">Kliknij tutaj, aby uzyska\u0107 wi\u0119cej cz\u0119sto zadawanych pyta\u0144<\/a><\/p>\n<p>Szanowni klienci, je\u015bli masz jakiekolwiek pytania dotycz\u0105ce zam\u00f3wienia lub przybycia towaru, skontaktuj si\u0119 z naszym dzia\u0142em obs\u0142ugi klienta. Dzi\u0119kuj\u0119!<\/p>\n<h3 data-sourcepos=\"73:1-73:21\"><strong data-sourcepos=\"73:7-73:21\">Skontaktuj si\u0119 z nami<\/strong><\/h3>\n<div id=\"text-2419739398\" class=\"text\">\n<p><strong data-sourcepos=\"75:3-75:12\">E-mail<\/strong>:\u00a0<a href=\"mailto:support@pgvape.com\"><strong>support@pgvape.com<\/strong><\/a><\/p>\n<p><strong data-sourcepos=\"76:3-76:15\">WhatsApp<\/strong>:\u00a0<a href=\"https:\/\/wa.me\/+8618128481258\"><strong>+86 18128481258<\/strong><\/a><br \/>\n<strong>(Odpowied\u017a w ci\u0105gu 24 godzin w dni robocze)<\/strong><\/p>\n<\/div>\n<h3><strong>Dzi\u0119kujemy za wybranie pgvape.com! .<\/strong><\/h3>\n<\/div>","protected":false},"excerpt":{"rendered":"<p><strong data-sourcepos=\"46:5-46:25\">ZOOY Bli\u017aniaki 30000<\/strong> \u0141\u0105czy <strong data-sourcepos=\"46:35-46:68\">Rekordowa wydajno\u015b\u0107 zaci\u0105gania<\/strong>, <strong data-sourcepos=\"46:70-46:101\">Innowacyjna technologia podw\u00f3jnego smaku<\/strong>, I <strong data-sourcepos=\"46:107-46:133\">Inteligentne \u015bledzenie wy\u015bwietlacza<\/strong> Z <strong data-sourcepos=\"46:139-46:158\">12 par smakowych<\/strong> Dla najlepszego jednorazowego do\u015bwiadczenia Vape.<\/p>","protected":false},"featured_media":4743,"comment_status":"open","ping_status":"closed","template":"","meta":{"_seopress_robots_primary_cat":"none","_seopress_titles_title":"%%post_title%% %%sep%% %%sitetitle%%","_seopress_titles_desc":"","_seopress_robots_index":""},"product_brand":[516,291],"product_cat":[35,515,290],"product_tag":[349,90,388,389,204,387],"class_list":{"0":"post-4737","1":"product","2":"type-product","3":"status-publish","4":"has-post-thumbnail","6":"product_brand-disposable-vape","7":"product_brand-zooy-vape","8":"product_cat-30k-puffs-vape","9":"product_cat-disposable-vape","10":"product_cat-zooy-vape","11":"product_tag-30k-puffs-vape","12":"product_tag-disposable-vape","13":"product_tag-dual-flavo","14":"product_tag-smart-led-screen","15":"product_tag-vape-factory-direct","16":"product_tag-zooy-twins-30000","18":"first","19":"instock","20":"sale","21":"shipping-taxable","22":"purchasable","23":"product-type-variable"},"_links":{"self":[{"href":"https:\/\/pgvape.com\/pl\/wp-json\/wp\/v2\/product\/4737","targetHints":{"allow":["GET"]}}],"collection":[{"href":"https:\/\/pgvape.com\/pl\/wp-json\/wp\/v2\/product"}],"about":[{"href":"https:\/\/pgvape.com\/pl\/wp-json\/wp\/v2\/types\/product"}],"replies":[{"embeddable":true,"href":"https:\/\/pgvape.com\/pl\/wp-json\/wp\/v2\/comments?post=4737"}],"wp:featuredmedia":[{"embeddable":true,"href":"https:\/\/pgvape.com\/pl\/wp-json\/wp\/v2\/media\/4743"}],"wp:attachment":[{"href":"https:\/\/pgvape.com\/pl\/wp-json\/wp\/v2\/media?parent=4737"}],"wp:term":[{"taxonomy":"product_brand","embeddable":true,"href":"https:\/\/pgvape.com\/pl\/wp-json\/wp\/v2\/product_brand?post=4737"},{"taxonomy":"product_cat","embeddable":true,"href":"https:\/\/pgvape.com\/pl\/wp-json\/wp\/v2\/product_cat?post=4737"},{"taxonomy":"product_tag","embeddable":true,"href":"https:\/\/pgvape.com\/pl\/wp-json\/wp\/v2\/product_tag?post=4737"}],"curies":[{"name":"wp","href":"https:\/\/api.w.org\/{rel}","templated":true}]}}