{"id":4706,"date":"2025-10-30T08:26:51","date_gmt":"2025-10-30T08:26:51","guid":{"rendered":"https:\/\/pgvape.com\/?post_type=product&#038;p=4706"},"modified":"2025-12-15T12:22:27","modified_gmt":"2025-12-15T12:22:27","slug":"zooy-stars-30000-30k-zaciagniec-jednorazowy-vape-regulowany-przeplyw-powietrza-3d-zakrzywiony-ekran-led-vape-factory-direct","status":"publish","type":"product","link":"https:\/\/pgvape.com\/pl\/produkt\/zooy-stars-30000-30k-zaciagniec-jednorazowy-vape-regulowany-przeplyw-powietrza-3d-zakrzywiony-ekran-led-vape-factory-direct\/","title":{"rendered":"Zooy Stars 30000 30K Puffs Jednorazowy Vape Regulowany przep\u0142yw powietrza 3D Zakrzywiony ekran LED Vape Factory Direct"},"content":{"rendered":"<p><strong data-sourcepos=\"4:5-4:47\">Zooy Stars 30000 Puffs Jednorazowy Vape<\/strong> Ustanawia nowy standard dzi\u0119ki <strong data-sourcepos=\"4:73-4:100\">30 000 bardzo d\u0142ugich zaci\u0105gni\u0119\u0107<\/strong> I <strong data-sourcepos=\"4:105-4:134\">Technologia podw\u00f3jnej cewki siatkowej<\/strong> Dla <strong data-sourcepos=\"4:139-4:158\">Ulepszony smak<\/strong> I <strong data-sourcepos=\"4:163-4:183\">Produkcja pary<\/strong>. <strong data-sourcepos=\"4:197-4:221\">Zakrzywiony ekran LED 3D<\/strong> Oferuje monitorowanie w czasie rzeczywistym <strong data-sourcepos=\"4:258-4:298\">Opcje soli nikotyny 20MG\/30MG\/50MG<\/strong> I <strong data-sourcepos=\"4:303-4:325\">Regulowany przep\u0142yw powietrza<\/strong> Do niestandardowego wapowania. <strong data-sourcepos=\"4:353-4:376\">Kompaktowa konstrukcja 130G<\/strong> (29\u00d753\u00d792MM) Z <strong data-sourcepos=\"4:395-4:414\">\u0141adowanie typu C<\/strong> \u0141\u0105czy <strong data-sourcepos=\"4:424-4:439\">Ruchliwo\u015b\u0107<\/strong> Z <strong data-sourcepos=\"4:445-4:468\">Najwy\u017csza wydajno\u015b\u0107<\/strong> Przez <strong data-sourcepos=\"4:476-4:497\">10 opcji smakowych<\/strong>.<\/p>\n<p>&nbsp;<\/p>\n<h2><span style=\"font-size: 90%;\">Zooy Stars 30000 | 30K Puff\u00f3w Jednorazowy Vape <strong data-sourcepos=\"10:5-10:31\">Dane techniczne<\/strong><\/span><\/h2>\n<p><strong data-sourcepos=\"7:3-7:17\">Liczba puf\u00f3w<\/strong>:\u00a0<strong data-sourcepos=\"7:19-7:35\">30 000 zaci\u0105gni\u0119\u0107<\/strong>\u00a0(Wiod\u0105ca w bran\u017cy wydajno\u015b\u0107)<\/p>\n<p><strong data-sourcepos=\"8:3-8:11\">Cewka<\/strong>:\u00a0<strong data-sourcepos=\"8:13-8:31\">Podw\u00f3jna cewka siatkowa<\/strong>\u00a0(Zoptymalizowany balans smaku\/pary)<\/p>\n<p><strong data-sourcepos=\"9:3-9:15\">Nikotyna<\/strong>:\u00a0<strong data-sourcepos=\"9:17-9:35\">20 mg\/30 mg\/50 mg<\/strong>\u00a0Sole nikotyny<\/p>\n<p><strong data-sourcepos=\"10:3-10:14\">Bateria<\/strong>:\u00a0<strong data-sourcepos=\"10:16-10:32\">Mo\u017cliwo\u015b\u0107 \u0142adowania<\/strong>\u00a0(Port typu C)<\/p>\n<p><strong data-sourcepos=\"11:3-11:14\">Wy\u015bwietlacz<\/strong>:\u00a0<strong data-sourcepos=\"11:16-11:40\">Zakrzywiony ekran LED 3D<\/strong>\u00a0(\u015aledzenie baterii\/zu\u017cycia)<\/p>\n<p><strong data-sourcepos=\"12:3-12:14\">Przep\u0142yw powietrza<\/strong>:\u00a0<strong data-sourcepos=\"12:16-12:36\">W pe\u0142ni regulowany<\/strong><\/p>\n<p><strong data-sourcepos=\"13:3-13:13\">Waga<\/strong>:\u00a0<strong data-sourcepos=\"13:15-13:28\">140 gram\u00f3w<\/strong><\/p>\n<p><strong data-sourcepos=\"14:3-14:17\">Wymiary<\/strong>:\u00a0<strong data-sourcepos=\"14:19-14:33\">29 \u00d7 53 \u00d7 92 MM<\/strong><\/p>\n<p><strong data-sourcepos=\"15:3-15:14\">Smaki<\/strong>:\u00a0<strong data-sourcepos=\"15:16-15:38\">10 opcji premium<\/strong><\/p>\n<p>&nbsp;<\/p>\n<h3><span style=\"font-size: 90%;\">Zooy Stars 30000 | 30K Puff\u00f3w Jednorazowy Vape <strong data-sourcepos=\"22:5-22:20\">Lista smak\u00f3w<\/strong><\/span><\/h3>\n<p><strong data-sourcepos=\"18:4-18:22\">1. Energia Redbulla<\/strong><\/p>\n<p><strong data-sourcepos=\"19:4-19:21\">2. Niebieski Razz L\u00f3d<\/strong><\/p>\n<p><strong data-sourcepos=\"20:4-20:22\">3. L\u00f3d arbuzowy<\/strong><\/p>\n<p><strong data-sourcepos=\"21:4-21:29\">4. Arbuz Truskawkowy<\/strong><\/p>\n<p><strong data-sourcepos=\"22:4-22:19\">5. Sok brzoskwiniowy<\/strong><\/p>\n<p><strong data-sourcepos=\"23:4-23:29\">6. L\u00f3d truskawkowo-bananowy<\/strong><\/p>\n<p><strong data-sourcepos=\"24:4-24:21\">7.L\u00f3d jagodowy<\/strong><\/p>\n<p><strong data-sourcepos=\"25:4-25:24\">8. Potr\u00f3jny l\u00f3d jagodowy<\/strong><\/p>\n<p><strong data-sourcepos=\"26:4-26:23\">9.Truskawkowe Kiwi<\/strong><\/p>\n<p><strong data-sourcepos=\"27:5-27:35\">10. Bor\u00f3wka Wi\u015bnia \u017burawina<br \/>\n<img loading=\"lazy\" decoding=\"async\" class=\"alignnone wp-image-4723 size-full\" src=\"https:\/\/pgvape.com\/wp-content\/uploads\/2025\/10\/pgvape-ZOOY-START-30000-Puffs-Disposable-Vape-15.png\" alt=\"Dziesi\u0119\u0107 kolorowych, prostok\u0105tnych jednorazowych urz\u0105dze\u0144 do waporyzacji rozmieszczonych w dw\u00f3ch rz\u0119dach po pi\u0119\u0107 na bia\u0142ym tle, ka\u017cde z czarn\u0105 lew\u0105 stron\u0105 i jasnym prawym panelem z logo, nazw\u0105 smaku i ma\u0142ymi ikonami owoc\u00f3w lub energii, a tak\u017ce g\u00f3rnym ustnikiem.\" width=\"800\" height=\"800\" srcset=\"https:\/\/pgvape.com\/wp-content\/uploads\/2025\/10\/pgvape-ZOOY-START-30000-Puffs-Disposable-Vape-15.png 800w, https:\/\/pgvape.com\/wp-content\/uploads\/2025\/10\/pgvape-ZOOY-START-30000-Puffs-Disposable-Vape-15-360x360.png 360w, https:\/\/pgvape.com\/wp-content\/uploads\/2025\/10\/pgvape-ZOOY-START-30000-Puffs-Disposable-Vape-15-595x595.png 595w, https:\/\/pgvape.com\/wp-content\/uploads\/2025\/10\/pgvape-ZOOY-START-30000-Puffs-Disposable-Vape-15-400x400.png 400w, https:\/\/pgvape.com\/wp-content\/uploads\/2025\/10\/pgvape-ZOOY-START-30000-Puffs-Disposable-Vape-15-768x768.png 768w, https:\/\/pgvape.com\/wp-content\/uploads\/2025\/10\/pgvape-ZOOY-START-30000-Puffs-Disposable-Vape-15-12x12.png 12w, https:\/\/pgvape.com\/wp-content\/uploads\/2025\/10\/pgvape-ZOOY-START-30000-Puffs-Disposable-Vape-15-300x300.png 300w, https:\/\/pgvape.com\/wp-content\/uploads\/2025\/10\/pgvape-ZOOY-START-30000-Puffs-Disposable-Vape-15-600x600.png 600w, https:\/\/pgvape.com\/wp-content\/uploads\/2025\/10\/pgvape-ZOOY-START-30000-Puffs-Disposable-Vape-15-100x100.png 100w, https:\/\/pgvape.com\/wp-content\/uploads\/2025\/10\/pgvape-ZOOY-START-30000-Puffs-Disposable-Vape-15-40x40.png 40w\" sizes=\"auto, (max-width: 800px) 100vw, 800px\" \/><\/strong><\/p>\n<p>&nbsp;<\/p>\n<h3><span style=\"font-size: 90%;\">Zooy Stars 30000 | 30K Puff\u00f3w Jednorazowy Vape <strong>Wideo<\/strong>:<\/span><\/h3>\n<p>&nbsp;<\/p>\n<h2>Cz\u0119sto zadawane pytania dotycz\u0105ce Zooy Stars 30000 | Jednorazowy waporyzator 30K Puffs<\/h2>\n<p data-sourcepos=\"30:1-31:90\">\u2753 <strong data-sourcepos=\"30:3-30:40\">Co umo\u017cliwia wykonanie 30 000 zaci\u0105gni\u0119\u0107?<\/strong><br \/>\n\u2705 <strong data-sourcepos=\"31:3-31:33\">Zoptymalizowany system podw\u00f3jnej cewki<\/strong> + <strong data-sourcepos=\"31:36-31:72\">Zbiornik na e-liquid o du\u017cej pojemno\u015bci<\/strong> Do przed\u0142u\u017conego u\u017cytku.<\/p>\n<p data-sourcepos=\"33:1-34:97\">\u2753 <strong data-sourcepos=\"33:3-33:36\">W jaki spos\u00f3b ekran LED pomaga?<br \/>\n<\/strong> \u2705 <strong data-sourcepos=\"34:3-34:24\">Zakrzywiony wy\u015bwietlacz 3D<\/strong> Wida\u0107 <strong data-sourcepos=\"34:31-34:57\">\u017bywotno\u015b\u0107 baterii w czasie rzeczywistym<\/strong> I <strong data-sourcepos=\"34:62-34:76\">Liczba puf\u00f3w<\/strong> Dla \u015bwiadomego wapowania.<\/p>\n<p data-sourcepos=\"36:1-37:89\">\u2753 <strong data-sourcepos=\"36:3-36:39\">Czy jako\u015b\u0107 pary jest sta\u0142a?<\/strong><br \/>\n\u2705 <strong data-sourcepos=\"37:3-37:22\">Podw\u00f3jne cewki siatkowe<\/strong> Dostarcza\u0107 <strong data-sourcepos=\"37:31-37:60\">40% Wi\u0119ksza intensywno\u015b\u0107 smaku<\/strong> W por\u00f3wnaniu ze standardowymi artyku\u0142ami jednorazowymi.<\/p>\n<p data-sourcepos=\"39:1-41:89\">\u2753 <strong data-sourcepos=\"39:3-39:42\">Czy mog\u0119 dostosowa\u0107 do\u015bwiadczenie wapowania?<\/strong><br \/>\n\u2705 <strong data-sourcepos=\"40:3-40:33\">Regulowane do\u015bwiadczenie w powietrzu?<br \/>\n<\/strong> \u2705 <strong data-sourcepos=\"41:3-41:25\">Regulowany przep\u0142yw powietrza<\/strong> Pozwala kontrolowa\u0107 <strong data-sourcepos=\"41:43-41:60\">G\u0119sto\u015b\u0107 pary<\/strong> Z <strong data-sourcepos=\"41:66-41:88\">Ograniczone do przewiewnego<\/strong>.<\/p>\n<p data-sourcepos=\"43:1-44:77\">\u2753 <strong data-sourcepos=\"43:3-43:43\">Jakie moce nikotyny s\u0105 oferowane?<\/strong><br \/>\n\u2705 Wybierz z <strong data-sourcepos=\"44:15-44:28\">20MG (2%)<\/strong>, <strong data-sourcepos=\"44:30-44:43\">30MG (3%)<\/strong>, Lub <strong data-sourcepos=\"44:48-44:61\">50MG (5%)<\/strong> Sole nikotyny.<\/p>\n<p>&nbsp;<\/p>\n<h3 id=\"brxe-najhln\" class=\"brxe-heading\">Cz\u0119sto zadawane pytania (FAQ)<\/h3>\n<div id=\"brxe-rajiac\" class=\"brxe-text\">\n<p><strong>P: Jakie metody p\u0142atno\u015bci akceptujecie?<\/strong><br \/>\nOdp.: Akceptujemy PayPal, Stripe, przelewy bankowe (obs\u0142ugiwane SEPA), g\u0142\u00f3wne karty kredytowe (Visa, MasterCard, American Express) i p\u0142atno\u015bci w kryptowalutach.<\/p>\n<p><strong>P: Jak d\u0142ugo trwa przygotowanie zam\u00f3wienia?<\/strong><br \/>\nOdp.: Przygotowanie zam\u00f3wienia zajmuje 1-3 dni robocze.<\/p>\n<p><strong>P: Jaki jest czas wysy\u0142ki?<\/strong><br \/>\nOdp.: Czas wysy\u0142ki wynosi 7-14 dni roboczych, w zale\u017cno\u015bci od Twojej lokalizacji.<\/p>\n<p><strong>P: Jak mog\u0119 \u015bledzi\u0107 moje zam\u00f3wienie?<\/strong><br \/>\nOdp.: Po wysy\u0142ce otrzymasz wiadomo\u015b\u0107 e-mail z potwierdzeniem i numerem przesy\u0142ki umo\u017cliwiaj\u0105cym \u015bledzenie w czasie rzeczywistym.<\/p>\n<p><strong>P: Jaka jest Twoja polityka zwrot\u00f3w?<\/strong><br \/>\nOdp.: Oferujemy 30-dniow\u0105 polityk\u0119 zwrot\u00f3w lub wymiany. .<\/p>\n<p><strong>P: Czy wyst\u0105pi\u0105 jakie\u015b problemy celne?<br \/>\n<\/strong>Obs\u0142ugujemy wszystkie procedury odprawy celnej, aby zapewni\u0107 Ci bezproblemow\u0105 obs\u0142ug\u0119. .<\/p>\n<p><strong>P: Jakie metody wysy\u0142ki s\u0105 stosowane?<\/strong><br \/>\nWsp\u00f3\u0142pracujemy z firmami UPS\/DHL\/FEDEX\/DPD itp. W zale\u017cno\u015bci od kraju dostawy wybierzemy odpowiedni\u0105 opcj\u0119 wysy\u0142ki, tak aby produkty dotar\u0142y do \u200b\u200bPa\u0144stwa najszybciej jak to mo\u017cliwe.<\/p>\n<p><a href=\"https:\/\/pgvape.com\/pl\/czesto-zadawane-pytania\/\">Kliknij tutaj, aby uzyska\u0107 wi\u0119cej cz\u0119sto zadawanych pyta\u0144<\/a><\/p>\n<p>Szanowni klienci, je\u015bli masz jakiekolwiek pytania dotycz\u0105ce zam\u00f3wienia lub przybycia towaru, skontaktuj si\u0119 z naszym dzia\u0142em obs\u0142ugi klienta. Dzi\u0119kuj\u0119!<\/p>\n<h3 data-sourcepos=\"73:1-73:21\"><strong data-sourcepos=\"73:7-73:21\">Skontaktuj si\u0119 z nami<\/strong><\/h3>\n<div id=\"text-2419739398\" class=\"text\">\n<p><strong data-sourcepos=\"75:3-75:12\">E-mail<\/strong>:\u00a0<a href=\"mailto:support@pgvape.com\"><strong>support@pgvape.com<\/strong><\/a><\/p>\n<p><strong data-sourcepos=\"76:3-76:15\">WhatsApp<\/strong>:\u00a0<a href=\"https:\/\/wa.me\/+8618128481258\"><strong>+86 18128481258<\/strong><\/a><br \/>\n<strong>(Odpowied\u017a w ci\u0105gu 24 godzin w dni robocze)<\/strong><\/p>\n<\/div>\n<h3><strong>Dzi\u0119kujemy za wybranie pgvape.com! .<\/strong><\/h3>\n<\/div>","protected":false},"excerpt":{"rendered":"<p><strong data-sourcepos=\"47:5-47:25\">Zooy Gwiazdy 30000<\/strong> \u0141\u0105czy <strong data-sourcepos=\"47:35-47:65\">Rekordowa liczba zaci\u0105gni\u0119\u0107<\/strong>, <strong data-sourcepos=\"47:67-47:92\">Wydajno\u015b\u0107 podw\u00f3jnej cewki<\/strong>, I <strong data-sourcepos=\"47:98-47:119\">Inteligentny wy\u015bwietlacz LED<\/strong> w A <strong data-sourcepos=\"47:125-47:157\">Lekka, przeno\u015bna konstrukcja<\/strong> Z <strong data-sourcepos=\"47:163-47:184\">10 wybor\u00f3w smakowych<\/strong> Dla maksymalnej satysfakcji z wapowania.<\/p>","protected":false},"featured_media":4709,"comment_status":"open","ping_status":"closed","template":"","meta":{"_seopress_robots_primary_cat":"none","_seopress_titles_title":"%%post_title%% %%sep%% %%sitetitle%%","_seopress_titles_desc":"","_seopress_robots_index":""},"product_brand":[516,291],"product_cat":[35,515,290],"product_tag":[349,386,135,90,204,385],"class_list":{"0":"post-4706","1":"product","2":"type-product","3":"status-publish","4":"has-post-thumbnail","6":"product_brand-disposable-vape","7":"product_brand-zooy-vape","8":"product_cat-30k-puffs-vape","9":"product_cat-disposable-vape","10":"product_cat-zooy-vape","11":"product_tag-30k-puffs-vape","12":"product_tag-3d-curved-led-screen","13":"product_tag-adjustable-airflow","14":"product_tag-disposable-vape","15":"product_tag-vape-factory-direct","16":"product_tag-zooy-stars-30000","18":"first","19":"instock","20":"sale","21":"shipping-taxable","22":"purchasable","23":"product-type-variable"},"_links":{"self":[{"href":"https:\/\/pgvape.com\/pl\/wp-json\/wp\/v2\/product\/4706","targetHints":{"allow":["GET"]}}],"collection":[{"href":"https:\/\/pgvape.com\/pl\/wp-json\/wp\/v2\/product"}],"about":[{"href":"https:\/\/pgvape.com\/pl\/wp-json\/wp\/v2\/types\/product"}],"replies":[{"embeddable":true,"href":"https:\/\/pgvape.com\/pl\/wp-json\/wp\/v2\/comments?post=4706"}],"wp:featuredmedia":[{"embeddable":true,"href":"https:\/\/pgvape.com\/pl\/wp-json\/wp\/v2\/media\/4709"}],"wp:attachment":[{"href":"https:\/\/pgvape.com\/pl\/wp-json\/wp\/v2\/media?parent=4706"}],"wp:term":[{"taxonomy":"product_brand","embeddable":true,"href":"https:\/\/pgvape.com\/pl\/wp-json\/wp\/v2\/product_brand?post=4706"},{"taxonomy":"product_cat","embeddable":true,"href":"https:\/\/pgvape.com\/pl\/wp-json\/wp\/v2\/product_cat?post=4706"},{"taxonomy":"product_tag","embeddable":true,"href":"https:\/\/pgvape.com\/pl\/wp-json\/wp\/v2\/product_tag?post=4706"}],"curies":[{"name":"wp","href":"https:\/\/api.w.org\/{rel}","templated":true}]}}