{"id":4664,"date":"2025-10-27T10:55:06","date_gmt":"2025-10-27T10:55:06","guid":{"rendered":"https:\/\/pgvape.com\/?post_type=product&#038;p=4664"},"modified":"2026-03-04T08:21:16","modified_gmt":"2026-03-04T08:21:16","slug":"jnr-shisha-max-22000-22k-zaciagniec-jednorazowe-vape-2-nikotyna-15-smakow-oryginalna-edycja-szisza-wyswietlacz-lcd-vape-factory-direct","status":"publish","type":"product","link":"https:\/\/pgvape.com\/pl\/produkt\/jnr-shisha-max-22000-22k-zaciagniec-jednorazowe-vape-2-nikotyna-15-smakow-oryginalna-edycja-szisza-wyswietlacz-lcd-vape-factory-direct\/","title":{"rendered":"JNR Shisha Max 22000 | 22K Puffs Jednorazowy Vape | 2% Nikotyna | 15 Smak\u00f3w | Oryginalna edycja Hookah | Wy\u015bwietlacz LCD | Vape Factory Direct"},"content":{"rendered":"<p><strong data-sourcepos=\"4:5-4:55\">Jednorazowy waporyzator JNR Shisha Max 22000 Puffs DTL<\/strong> Dostarcza <strong data-sourcepos=\"4:65-4:104\">Pot\u0119\u017cna wydajno\u015b\u0107 bezpo\u015brednio do p\u0142uc<\/strong> Z <strong data-sourcepos=\"4:110-4:137\">22 000 bardzo d\u0142ugich zaci\u0105gni\u0119\u0107<\/strong> I <strong data-sourcepos=\"4:142-4:170\">29 ml wst\u0119pnie nape\u0142nionego e-p\u0142ynu<\/strong>. <strong data-sourcepos=\"4:184-4:204\">Potr\u00f3jna cewka siatkowa<\/strong> Dla <strong data-sourcepos=\"4:209-4:227\">Intensywny smak<\/strong> I <strong data-sourcepos=\"4:232-4:248\">G\u0119ste chmury<\/strong>, Oferuje <strong data-sourcepos=\"4:260-4:275\">2% Nikotyna<\/strong> Dla A <strong data-sourcepos=\"4:282-4:303\">G\u0142adkie uderzenie w gard\u0142o<\/strong>. <strong data-sourcepos=\"4:309-4:328\">Bateria 1100 MAH<\/strong> Z <strong data-sourcepos=\"4:334-4:358\">Szybkie \u0142adowanie typu C<\/strong> I <strong data-sourcepos=\"4:363-4:385\">Regulowany przep\u0142yw powietrza<\/strong> Zapewnia <strong data-sourcepos=\"4:394-4:426\">Konfigurowalne sesje wapowania<\/strong>, Podczas gdy <strong data-sourcepos=\"4:438-4:458\">Wbudowany wy\u015bwietlacz<\/strong> Utwory <strong data-sourcepos=\"4:466-4:477\">Bateria<\/strong> I <strong data-sourcepos=\"4:482-4:501\">Poziomy e-p\u0142ynu<\/strong>.<img loading=\"lazy\" decoding=\"async\" class=\"alignnone wp-image-7435 size-full\" src=\"https:\/\/pgvape.com\/wp-content\/uploads\/2025\/10\/JNR-Shisha-Max-22000-22K-Puffs-Disposable-Vape-2-Nicotine-15Tastes-Original-Hookah-Edition-LCD-Display-Vape-Factory-Wholesale-pgvape-5.png\" alt=\"Dwa metaliczne niebieskie urz\u0105dzenia jednorazowego u\u017cytku JNR Shisha Hookah Max pochylone nad rozleg\u0142ym jasnoniebieskim t\u0142em w paski z du\u017cym tekstem &#039;SHISHA hookah MAX&#039;, logo DTL i JNR oraz ma\u0142ymi ikonami oznaczaj\u0105cymi ok. .\" width=\"1800\" height=\"496\" srcset=\"https:\/\/pgvape.com\/wp-content\/uploads\/2025\/10\/JNR-Shisha-Max-22000-22K-Puffs-Disposable-Vape-2-Nicotine-15Tastes-Original-Hookah-Edition-LCD-Display-Vape-Factory-Wholesale-pgvape-5.png 1800w, https:\/\/pgvape.com\/wp-content\/uploads\/2025\/10\/JNR-Shisha-Max-22000-22K-Puffs-Disposable-Vape-2-Nicotine-15Tastes-Original-Hookah-Edition-LCD-Display-Vape-Factory-Wholesale-pgvape-5-555x153.png 555w, https:\/\/pgvape.com\/wp-content\/uploads\/2025\/10\/JNR-Shisha-Max-22000-22K-Puffs-Disposable-Vape-2-Nicotine-15Tastes-Original-Hookah-Edition-LCD-Display-Vape-Factory-Wholesale-pgvape-5-595x164.png 595w, https:\/\/pgvape.com\/wp-content\/uploads\/2025\/10\/JNR-Shisha-Max-22000-22K-Puffs-Disposable-Vape-2-Nicotine-15Tastes-Original-Hookah-Edition-LCD-Display-Vape-Factory-Wholesale-pgvape-5-400x110.png 400w, https:\/\/pgvape.com\/wp-content\/uploads\/2025\/10\/JNR-Shisha-Max-22000-22K-Puffs-Disposable-Vape-2-Nicotine-15Tastes-Original-Hookah-Edition-LCD-Display-Vape-Factory-Wholesale-pgvape-5-768x212.png 768w, https:\/\/pgvape.com\/wp-content\/uploads\/2025\/10\/JNR-Shisha-Max-22000-22K-Puffs-Disposable-Vape-2-Nicotine-15Tastes-Original-Hookah-Edition-LCD-Display-Vape-Factory-Wholesale-pgvape-5-1536x423.png 1536w, https:\/\/pgvape.com\/wp-content\/uploads\/2025\/10\/JNR-Shisha-Max-22000-22K-Puffs-Disposable-Vape-2-Nicotine-15Tastes-Original-Hookah-Edition-LCD-Display-Vape-Factory-Wholesale-pgvape-5-18x5.png 18w, https:\/\/pgvape.com\/wp-content\/uploads\/2025\/10\/JNR-Shisha-Max-22000-22K-Puffs-Disposable-Vape-2-Nicotine-15Tastes-Original-Hookah-Edition-LCD-Display-Vape-Factory-Wholesale-pgvape-5-600x165.png 600w\" sizes=\"auto, (max-width: 1800px) 100vw, 1800px\" \/><\/p>\n<p>&nbsp;<\/p>\n<h2><span style=\"font-size: 90%;\">JNR Shisha Max 22000 | 22K Puffs Jednorazowy Vape <strong data-sourcepos=\"10:5-10:31\">Specyfikacje produktu<\/strong><\/span><\/h2>\n<p><strong data-sourcepos=\"7:3-7:17\">Liczba puf\u00f3w<\/strong>:\u00a0<strong data-sourcepos=\"7:19-7:35\">22 000 zaci\u0105gni\u0119\u0107<\/strong><\/p>\n<p><strong data-sourcepos=\"8:3-8:11\">Cewka<\/strong>:\u00a0<strong data-sourcepos=\"8:13-8:33\">Potr\u00f3jna cewka siatkowa<\/strong><\/p>\n<p><strong data-sourcepos=\"9:3-9:15\">E-ciecz<\/strong>:\u00a0<strong data-sourcepos=\"9:17-9:34\">Pojemno\u015b\u0107 29ML<\/strong><\/p>\n<p><strong data-sourcepos=\"10:3-10:15\">Nikotyna<\/strong>:\u00a0<strong data-sourcepos=\"10:17-10:33\">2% (20 mg\/ml)<\/strong><\/p>\n<p><strong data-sourcepos=\"11:3-11:14\">Bateria<\/strong>:\u00a0<strong data-sourcepos=\"11:16-11:40\">Akumulator 1100 MAH<\/strong><\/p>\n<p><strong data-sourcepos=\"12:3-12:15\">\u0141adowanie<\/strong>:\u00a0<strong data-sourcepos=\"12:17-12:32\">Port typu C<\/strong><\/p>\n<p><strong data-sourcepos=\"13:3-13:14\">Wy\u015bwietlacz<\/strong>:\u00a0<strong data-sourcepos=\"13:16-13:48\">Wska\u017anik baterii i p\u0142ynu E<\/strong><\/p>\n<p><strong data-sourcepos=\"14:3-14:14\">Przep\u0142yw powietrza<\/strong>:\u00a0<strong data-sourcepos=\"14:16-14:36\">W pe\u0142ni regulowany<\/strong><\/p>\n<p><strong data-sourcepos=\"15:3-15:13\">Projekt<\/strong>:\u00a0<strong data-sourcepos=\"15:15-15:47\">Skoncentrowany na DTL (bezpo\u015brednio do p\u0142uc).<\/strong><\/p>\n<p>&nbsp;<\/p>\n<h3><span style=\"font-size: 90%;\">JNR Shisha Max 22000 | 22K Puffs Jednorazowy Vape <strong data-sourcepos=\"22:5-22:20\">Lista smak\u00f3w<\/strong><\/span><\/h3>\n<p><strong data-sourcepos=\"18:4-18:16\">1. Bujny l\u00f3d<\/strong><\/p>\n<p><strong data-sourcepos=\"19:4-19:17\">2.Brzoskwiniowy l\u00f3d<\/strong><\/p>\n<p><strong data-sourcepos=\"20:4-20:15\">3. Mi\u0142o\u015b\u0107 66<\/strong><\/p>\n<p><strong data-sourcepos=\"21:4-21:17\">4.Dwa jab\u0142ka<\/strong><\/p>\n<p><strong data-sourcepos=\"22:4-22:18\">5.Mi\u0119ta winogronowa<\/strong><\/p>\n<p><strong data-sourcepos=\"23:4-23:17\">6. L\u00f3d z mango<\/strong><\/p>\n<p><strong data-sourcepos=\"24:4-24:19\">7. Po prostu mi\u0119ta<\/strong><\/p>\n<p><strong data-sourcepos=\"25:4-25:17\">8. L\u00f3d jagodowy<\/strong><\/p>\n<p><strong data-sourcepos=\"26:4-26:21\">9.L\u00f3d jagodowy<\/strong><\/p>\n<p><strong data-sourcepos=\"27:5-27:25\">10. Niebieska wi\u015bnia Razz<\/strong><\/p>\n<p><strong data-sourcepos=\"28:5-28:19\">11.Pani Killa<\/strong><\/p>\n<p><strong data-sourcepos=\"29:5-29:33\">12. Wi\u015bniowy zamro\u017cony arbuz<\/strong><\/p>\n<p><strong data-sourcepos=\"30:5-30:40\">13. Arbuzowa Truskawkowa Guma Balonowa<\/strong><\/p>\n<p><strong data-sourcepos=\"31:5-31:24\">14.Truskawkowe Kiwi<\/strong><\/p>\n<p><strong data-sourcepos=\"32:5-32:25\">15. Poncz truskawkowy<br \/>\n<img loading=\"lazy\" decoding=\"async\" class=\"alignnone wp-image-7432 size-full\" src=\"https:\/\/pgvape.com\/wp-content\/uploads\/2025\/10\/JNR-Shisha-Max-22000-22K-Puffs-Disposable-Vape-2-Nicotine-15Tastes-Original-Hookah-Edition-LCD-Display-Vape-Factory-Wholesale-pgvape-2.png\" alt=\"Kolorowa siatka z 15 reklamami jednorazowych produkt\u00f3w vape o smaku, ka\u017cda p\u0142ytka przedstawia urz\u0105dzenie i pude\u0142ko z \u017cywymi obrazami owoc\u00f3w lub mi\u0119ty oraz etykietami smakowymi, takimi jak Blueberry Ice, Lady Killa, Cherry Watermelon Freeze, Berry Ice, Watermelon Strawberry Bubblegum, Strawberry Kiwi, Strawberry Punch, Lush Ice, Peach Ice, Love 66, Two Apple, Grape Mint, Mango Ice, Simply Mint i Blue Razz .\" width=\"1000\" height=\"1000\" srcset=\"https:\/\/pgvape.com\/wp-content\/uploads\/2025\/10\/JNR-Shisha-Max-22000-22K-Puffs-Disposable-Vape-2-Nicotine-15Tastes-Original-Hookah-Edition-LCD-Display-Vape-Factory-Wholesale-pgvape-2.png 1000w, https:\/\/pgvape.com\/wp-content\/uploads\/2025\/10\/JNR-Shisha-Max-22000-22K-Puffs-Disposable-Vape-2-Nicotine-15Tastes-Original-Hookah-Edition-LCD-Display-Vape-Factory-Wholesale-pgvape-2-360x360.png 360w, https:\/\/pgvape.com\/wp-content\/uploads\/2025\/10\/JNR-Shisha-Max-22000-22K-Puffs-Disposable-Vape-2-Nicotine-15Tastes-Original-Hookah-Edition-LCD-Display-Vape-Factory-Wholesale-pgvape-2-595x595.png 595w, https:\/\/pgvape.com\/wp-content\/uploads\/2025\/10\/JNR-Shisha-Max-22000-22K-Puffs-Disposable-Vape-2-Nicotine-15Tastes-Original-Hookah-Edition-LCD-Display-Vape-Factory-Wholesale-pgvape-2-400x400.png 400w, https:\/\/pgvape.com\/wp-content\/uploads\/2025\/10\/JNR-Shisha-Max-22000-22K-Puffs-Disposable-Vape-2-Nicotine-15Tastes-Original-Hookah-Edition-LCD-Display-Vape-Factory-Wholesale-pgvape-2-768x768.png 768w, https:\/\/pgvape.com\/wp-content\/uploads\/2025\/10\/JNR-Shisha-Max-22000-22K-Puffs-Disposable-Vape-2-Nicotine-15Tastes-Original-Hookah-Edition-LCD-Display-Vape-Factory-Wholesale-pgvape-2-12x12.png 12w, https:\/\/pgvape.com\/wp-content\/uploads\/2025\/10\/JNR-Shisha-Max-22000-22K-Puffs-Disposable-Vape-2-Nicotine-15Tastes-Original-Hookah-Edition-LCD-Display-Vape-Factory-Wholesale-pgvape-2-300x300.png 300w, https:\/\/pgvape.com\/wp-content\/uploads\/2025\/10\/JNR-Shisha-Max-22000-22K-Puffs-Disposable-Vape-2-Nicotine-15Tastes-Original-Hookah-Edition-LCD-Display-Vape-Factory-Wholesale-pgvape-2-600x600.png 600w, https:\/\/pgvape.com\/wp-content\/uploads\/2025\/10\/JNR-Shisha-Max-22000-22K-Puffs-Disposable-Vape-2-Nicotine-15Tastes-Original-Hookah-Edition-LCD-Display-Vape-Factory-Wholesale-pgvape-2-100x100.png 100w\" sizes=\"auto, (max-width: 1000px) 100vw, 1000px\" \/><\/strong><\/p>\n<p>&nbsp;<\/p>\n<p>&nbsp;<\/p>\n<h3><span style=\"font-size: 90%;\">JNR Shisha Max 22000 | 22K Puffs Jednorazowy Vape <strong>Wideo<\/strong>:<br \/>\n<iframe loading=\"lazy\" title=\"JNR Shisha Max 22K Puffs Jednorazowy Vape 2% Nikotyna | Oryginalna edycja fajki wodnej | Wy\u015bwietlacz LCD pgvape\" width=\"1020\" height=\"574\" src=\"https:\/\/www.youtube.com\/embed\/K7DbxCLSZx8?feature=oembed\" frameborder=\"0\" allow=\"accelerometer; autoplay; clipboard-write; encrypted-media; gyroscope; picture-in-picture; web-share\" referrerpolicy=\"strict-origin-when-cross-origin\" allowfullscreen><\/iframe><br \/>\n<\/span><\/h3>\n<p>&nbsp;<\/p>\n<h2>Cz\u0119sto zadawane pytania dotycz\u0105ce JNR Shisha Max 22000 | 22K Puffs Jednorazowy waporyzator<\/h2>\n<p data-sourcepos=\"35:1-36:109\">\u2753 <strong data-sourcepos=\"35:3-35:34\">Co sprawia, \u017ce \u200b\u200bjest to Vape DTL?<\/strong><br \/>\n\u2705 <strong data-sourcepos=\"36:3-36:23\">Potr\u00f3jna cewka siatkowa<\/strong> + <strong data-sourcepos=\"36:26-36:48\">Regulowany przep\u0142yw powietrza<\/strong> By\u0107 optymist\u0105 <strong data-sourcepos=\"36:58-36:78\">Produkcja w chmurze<\/strong> Dla <strong data-sourcepos=\"36:83-36:106\">Bezpo\u015brednie wdechy p\u0142uc<\/strong>.<\/p>\n<p data-sourcepos=\"38:1-39:96\">\u2753 <strong data-sourcepos=\"38:3-38:38\">Jak d\u0142ugo wytrzymuje bateria?<br \/>\n<\/strong> \u2705 <strong data-sourcepos=\"39:3-39:23\">Pojemno\u015b\u0107 1100 MAH<\/strong> Obs\u0142uguje <strong data-sourcepos=\"39:33-39:49\">Rozszerzone u\u017cytkowanie<\/strong>; <strong data-sourcepos=\"39:51-39:70\">\u0141adowanie typu C<\/strong> Szybko przywraca moc.<\/p>\n<p data-sourcepos=\"41:1-42:88\">\u2753 <strong data-sourcepos=\"41:3-41:37\">Czy mog\u0119 monitorowa\u0107 poziomy e-liquidu?<\/strong><br \/>\n\u2705 <strong data-sourcepos=\"42:3-42:23\">Wbudowany wy\u015bwietlacz<\/strong> Wida\u0107 <strong data-sourcepos=\"42:30-42:49\">Pozosta\u0142y sok<\/strong> I <strong data-sourcepos=\"42:54-42:72\">Stan baterii<\/strong> W czasie rzeczywistym.<\/p>\n<p data-sourcepos=\"44:1-45:89\">\u2753 <strong data-sourcepos=\"44:3-44:37\">Co jest specjalnego w cewce?<\/strong><br \/>\n\u2705 <strong data-sourcepos=\"45:3-45:25\">Potr\u00f3jna siatka<\/strong> Wzmacnia <strong data-sourcepos=\"45:35-45:53\">Klarowno\u015b\u0107 smaku<\/strong> Przez <strong data-sourcepos=\"45:57-45:64\">30%<\/strong> W por\u00f3wnaniu ze standardowymi cewkami.<\/p>\n<p data-sourcepos=\"47:1-48:93\">\u2753 <strong data-sourcepos=\"47:3-47:28\">Czy smaki s\u0105 odwa\u017cne?<br \/>\n<\/strong> \u2705 <strong data-sourcepos=\"48:3-48:25\">15 opcji premium<\/strong> Zakres od <strong data-sourcepos=\"48:37-48:47\">Owocowy<\/strong> Do <strong data-sourcepos=\"48:51-48:62\">Mentol<\/strong> Dla <strong data-sourcepos=\"48:67-48:90\">R\u00f3\u017cnorodne preferencje<\/strong>.<\/p>\n<p>&nbsp;<\/p>\n<h3 id=\"brxe-najhln\" class=\"brxe-heading\">Cz\u0119sto zadawane pytania (FAQ)<\/h3>\n<div id=\"brxe-rajiac\" class=\"brxe-text\">\n<p><strong>P: Jakie metody p\u0142atno\u015bci akceptujecie?<\/strong><br \/>\nOdp.: Akceptujemy PayPal, Stripe, przelewy bankowe (obs\u0142ugiwane SEPA), g\u0142\u00f3wne karty kredytowe (Visa, MasterCard, American Express) i p\u0142atno\u015bci w kryptowalutach.<\/p>\n<p><strong>P: Jak d\u0142ugo trwa przygotowanie zam\u00f3wienia?<\/strong><br \/>\nOdp.: Przygotowanie zam\u00f3wienia zajmuje 1-3 dni robocze.<\/p>\n<p><strong>P: Jaki jest czas wysy\u0142ki?<\/strong><br \/>\nOdp.: Czas wysy\u0142ki wynosi 7-14 dni roboczych, w zale\u017cno\u015bci od Twojej lokalizacji.<\/p>\n<p><strong>P: Jak mog\u0119 \u015bledzi\u0107 moje zam\u00f3wienie?<\/strong><br \/>\nOdp.: Po wysy\u0142ce otrzymasz wiadomo\u015b\u0107 e-mail z potwierdzeniem i numerem przesy\u0142ki umo\u017cliwiaj\u0105cym \u015bledzenie w czasie rzeczywistym.<\/p>\n<p><strong>P: Jaka jest Twoja polityka zwrot\u00f3w?<\/strong><br \/>\nOdp.: Oferujemy 30-dniow\u0105 polityk\u0119 zwrot\u00f3w lub wymiany. .<\/p>\n<p><strong>P: Czy wyst\u0105pi\u0105 jakie\u015b problemy celne?<br \/>\n<\/strong>Obs\u0142ugujemy wszystkie procedury odprawy celnej, aby zapewni\u0107 Ci bezproblemow\u0105 obs\u0142ug\u0119. .<\/p>\n<p><strong>P: Jakie metody wysy\u0142ki s\u0105 stosowane?<\/strong><br \/>\nWsp\u00f3\u0142pracujemy z firmami UPS\/DHL\/FEDEX\/DPD itp. W zale\u017cno\u015bci od kraju dostawy wybierzemy odpowiedni\u0105 opcj\u0119 wysy\u0142ki, tak aby produkty dotar\u0142y do \u200b\u200bPa\u0144stwa najszybciej jak to mo\u017cliwe.<\/p>\n<p><a href=\"https:\/\/pgvape.com\/pl\/czesto-zadawane-pytania\/\">Kliknij tutaj, aby uzyska\u0107 wi\u0119cej cz\u0119sto zadawanych pyta\u0144<\/a><\/p>\n<p>Szanowni klienci, je\u015bli masz jakiekolwiek pytania dotycz\u0105ce zam\u00f3wienia lub przybycia towaru, skontaktuj si\u0119 z naszym dzia\u0142em obs\u0142ugi klienta. Dzi\u0119kuj\u0119!<\/p>\n<h3 data-sourcepos=\"73:1-73:21\"><strong data-sourcepos=\"73:7-73:21\">Skontaktuj si\u0119 z nami<\/strong><\/h3>\n<div id=\"text-2419739398\" class=\"text\">\n<p><strong data-sourcepos=\"75:3-75:12\">E-mail<\/strong>:\u00a0<a href=\"mailto:support@pgvape.com\"><strong>support@pgvape.com<\/strong><\/a><\/p>\n<p><strong data-sourcepos=\"76:3-76:15\">WhatsApp<\/strong>:\u00a0<a href=\"https:\/\/wa.me\/+8618128481258\"><strong>+86 18128481258<\/strong><\/a><br \/>\n<strong>(Odpowied\u017a w ci\u0105gu 24 godzin w dni robocze)<\/strong><\/p>\n<\/div>\n<h3><strong>Dzi\u0119kujemy za wybranie pgvape.com! .<\/strong><\/h3>\n<\/div>","protected":false},"excerpt":{"rendered":"<p><strong data-sourcepos=\"51:5-51:35\">JNR Shisha Max 22000 zaci\u0105gni\u0119\u0107<\/strong> \u0141\u0105czy <strong data-sourcepos=\"51:45-51:66\">Pogo\u0144 za chmur\u0105 DTL<\/strong>, <strong data-sourcepos=\"51:68-51:95\">Wydajno\u015b\u0107 potr\u00f3jnej cewki<\/strong>, I <strong data-sourcepos=\"51:101-51:131\">D\u0142ugotrwa\u0142a pojemno\u015b\u0107 29 ml<\/strong> Z <strong data-sourcepos=\"51:137-51:158\">15 wybor\u00f3w smakowych<\/strong> Dla <strong data-sourcepos=\"51:163-51:198\">Niezr\u00f3wnana moc jednorazowego waporyzatora<\/strong>.<\/p>","protected":false},"featured_media":4671,"comment_status":"open","ping_status":"closed","template":"","meta":{"_seopress_robots_primary_cat":"none","_seopress_titles_title":"%%post_title%% %%sep%% %%sitetitle%%","_seopress_titles_desc":"","_seopress_robots_index":""},"product_brand":[516,228],"product_cat":[381,515,29],"product_tag":[383,90,382,191,384],"class_list":{"0":"post-4664","1":"product","2":"type-product","3":"status-publish","4":"has-post-thumbnail","6":"product_brand-disposable-vape","7":"product_brand-jnr-vape","8":"product_cat-22k-puffs-vape","9":"product_cat-disposable-vape","10":"product_cat-jnr-vape","11":"product_tag-22k-puffs-vape","12":"product_tag-disposable-vape","13":"product_tag-jnr-shisha-max-22000","14":"product_tag-lcd-display","15":"product_tag-original-hookah-edition","17":"first","18":"outofstock","19":"sale","20":"shipping-taxable","21":"purchasable","22":"product-type-variable"},"_links":{"self":[{"href":"https:\/\/pgvape.com\/pl\/wp-json\/wp\/v2\/product\/4664","targetHints":{"allow":["GET"]}}],"collection":[{"href":"https:\/\/pgvape.com\/pl\/wp-json\/wp\/v2\/product"}],"about":[{"href":"https:\/\/pgvape.com\/pl\/wp-json\/wp\/v2\/types\/product"}],"replies":[{"embeddable":true,"href":"https:\/\/pgvape.com\/pl\/wp-json\/wp\/v2\/comments?post=4664"}],"wp:featuredmedia":[{"embeddable":true,"href":"https:\/\/pgvape.com\/pl\/wp-json\/wp\/v2\/media\/4671"}],"wp:attachment":[{"href":"https:\/\/pgvape.com\/pl\/wp-json\/wp\/v2\/media?parent=4664"}],"wp:term":[{"taxonomy":"product_brand","embeddable":true,"href":"https:\/\/pgvape.com\/pl\/wp-json\/wp\/v2\/product_brand?post=4664"},{"taxonomy":"product_cat","embeddable":true,"href":"https:\/\/pgvape.com\/pl\/wp-json\/wp\/v2\/product_cat?post=4664"},{"taxonomy":"product_tag","embeddable":true,"href":"https:\/\/pgvape.com\/pl\/wp-json\/wp\/v2\/product_tag?post=4664"}],"curies":[{"name":"wp","href":"https:\/\/api.w.org\/{rel}","templated":true}]}}