{"id":4564,"date":"2025-10-26T08:30:08","date_gmt":"2025-10-26T08:30:08","guid":{"rendered":"https:\/\/pgvape.com\/?post_type=product&#038;p=4564"},"modified":"2026-02-11T01:51:26","modified_gmt":"2026-02-11T01:51:26","slug":"uzy-tornado-20000-20k-zaciagniec-jednorazowy-vape-0-2-3-5-nikotyna-12-smakow-akumulatorowy-wyswietlacz-led-vape-factory-direct","status":"publish","type":"product","link":"https:\/\/pgvape.com\/pl\/produkt\/uzy-tornado-20000-20k-zaciagniec-jednorazowy-vape-0-2-3-5-nikotyna-12-smakow-akumulatorowy-wyswietlacz-led-vape-factory-direct\/","title":{"rendered":"UZY Tornado 20000 | 20k Puffs Jednorazowy Vape | 0% 2% 3% 5% Nikotyna | 12 Smak\u00f3w | Akumulator | Wy\u015bwietlacz LED | Vape Factory Direct"},"content":{"rendered":"<p><strong data-sourcepos=\"4:5-4:60\">UZY Tornado 20000 Puffs Wy\u015bwietlacz LED Jednorazowy Vape<\/strong> Dostarcza <strong data-sourcepos=\"4:70-4:102\">Przed\u0142u\u017cona satysfakcja z wapowania<\/strong> Z <strong data-sourcepos=\"4:108-4:135\">20 000 bardzo d\u0142ugich zaci\u0105gni\u0119\u0107<\/strong> i A <strong data-sourcepos=\"4:142-4:179\">Pojemno\u015b\u0107 28 ml wst\u0119pnie nape\u0142nionego e-liquidu<\/strong>. <strong data-sourcepos=\"4:191-4:223\">0%\/2%\/3%\/5% Opcje nikotynowe<\/strong>, Jaki\u015b <strong data-sourcepos=\"4:228-4:259\">Akumulator 850 MAH<\/strong>, I <strong data-sourcepos=\"4:265-4:289\">Szybkie \u0142adowanie typu C<\/strong>, Oferuje <strong data-sourcepos=\"4:301-4:340\">Wygodny i wydajny waporyzator<\/strong>. <strong data-sourcepos=\"4:346-4:361\">Wy\u015bwietlacz LED<\/strong> Zapewnia \u015bledzenie u\u017cytkowania w czasie rzeczywistym, podczas gdy <strong data-sourcepos=\"4:403-4:425\">12 smak\u00f3w premium<\/strong> Zaspokajaj r\u00f3\u017cnorodne preferencje smakowe.<\/p>\n<p>&nbsp;<\/p>\n<h2><span style=\"font-size: 90%;\">UZY Tornado 20000 | 20k Puff\u00f3w Jednorazowy Vape <strong>Specyfikacja produktu<\/strong><\/span><\/h2>\n<p><strong data-sourcepos=\"7:3-7:17\">Liczba puf\u00f3w<\/strong>:\u00a0<strong data-sourcepos=\"7:19-7:35\">20 000 zaci\u0105gni\u0119\u0107<\/strong><\/p>\n<p><strong data-sourcepos=\"8:3-8:15\">E-ciecz<\/strong>:\u00a0<strong data-sourcepos=\"8:17-8:46\">Wst\u0119pnie nape\u0142niony wk\u0142ad o pojemno\u015bci 28 ml<\/strong><\/p>\n<p><strong data-sourcepos=\"9:3-9:15\">Nikotyna<\/strong>:\u00a0<strong data-sourcepos=\"9:17-9:38\">0% \/ 2% \/ 3% \/ 5%<\/strong><\/p>\n<p><strong data-sourcepos=\"10:3-10:14\">Bateria<\/strong>:\u00a0<strong data-sourcepos=\"10:16-10:39\">Akumulator 850 MAH<\/strong><\/p>\n<p><strong data-sourcepos=\"11:3-11:15\">\u0141adowanie<\/strong>:\u00a0<strong data-sourcepos=\"11:17-11:32\">Port typu C<\/strong><\/p>\n<p><strong data-sourcepos=\"12:3-12:14\">Wy\u015bwietlacz<\/strong>:\u00a0<strong data-sourcepos=\"12:16-12:30\">Ekran LED<\/strong><\/p>\n<p><strong data-sourcepos=\"13:3-13:14\">Smaki<\/strong>:\u00a0<strong data-sourcepos=\"13:16-13:30\">12 opcji<\/strong><\/p>\n<p><strong data-sourcepos=\"14:3-14:13\">Projekt<\/strong>:\u00a0<strong data-sourcepos=\"14:15-14:39\">Kompaktowy i jednorazowy<\/strong><\/p>\n<p>&nbsp;<\/p>\n<h3><span style=\"font-size: 90%;\">UZY Tornado 20000 | 20 tys. Puff\u00f3w Jednorazowa lista smak\u00f3w Vape Vape <strong data-sourcepos=\"22:5-22:20\">Lista smak\u00f3w<\/strong><\/span><\/h3>\n<p><strong data-sourcepos=\"17:4-17:29\">1. Arbuz truskawkowy<\/strong><\/p>\n<p><strong data-sourcepos=\"18:4-18:24\">2. Bor\u00f3wka na lodzie<\/strong><\/p>\n<p><strong data-sourcepos=\"19:4-19:29\">3.Brzoskwiniowy ananas mango<\/strong><\/p>\n<p><strong data-sourcepos=\"20:4-20:17\">4. L\u00f3d winogronowy<\/strong><\/p>\n<p><strong data-sourcepos=\"21:4-21:22\">5. L\u00f3d arbuzowy<\/strong><\/p>\n<p><strong data-sourcepos=\"22:4-22:17\">6. Brzoskwiniowy l\u00f3d<\/strong><\/p>\n<p><strong data-sourcepos=\"23:4-23:23\">7.Truskawkowe Kiwi<\/strong><\/p>\n<p><strong data-sourcepos=\"24:4-24:27\">8.Malina jagodowa<\/strong><\/p>\n<p><strong data-sourcepos=\"25:4-25:26\">9. Kiwi marakuja<\/strong><\/p>\n<p><strong data-sourcepos=\"26:5-26:16\">10.MR Niebieski<\/strong><\/p>\n<p><strong data-sourcepos=\"27:5-27:25\">11.Potr\u00f3jny l\u00f3d z mango<\/strong><\/p>\n<p><strong data-sourcepos=\"28:5-28:23\">12. Czerwony l\u00f3d energetyczny<br \/>\n<img loading=\"lazy\" decoding=\"async\" class=\"alignnone wp-image-4582 size-full\" src=\"https:\/\/pgvape.com\/wp-content\/uploads\/2025\/10\/pgvape-UZY-Tornado-20000-20k-Puffs-Disposable-Vape-16.png\" alt=\"Rz\u0105d trzynastu kolorowych jednorazowych urz\u0105dze\u0144 do waporyzacji stoj\u0105cych pionowo, ka\u017cde z unikaln\u0105 ilustracj\u0105 kresk\u00f3wkowej ma\u0142py i wyra\u017anym gradientem kolor\u00f3w na ciemnym, futurystycznym tle z okr\u0105g\u0142ym wzorem.\" width=\"1500\" height=\"493\" srcset=\"https:\/\/pgvape.com\/wp-content\/uploads\/2025\/10\/pgvape-UZY-Tornado-20000-20k-Puffs-Disposable-Vape-16.png 1500w, https:\/\/pgvape.com\/wp-content\/uploads\/2025\/10\/pgvape-UZY-Tornado-20000-20k-Puffs-Disposable-Vape-16-555x182.png 555w, https:\/\/pgvape.com\/wp-content\/uploads\/2025\/10\/pgvape-UZY-Tornado-20000-20k-Puffs-Disposable-Vape-16-595x196.png 595w, https:\/\/pgvape.com\/wp-content\/uploads\/2025\/10\/pgvape-UZY-Tornado-20000-20k-Puffs-Disposable-Vape-16-400x131.png 400w, https:\/\/pgvape.com\/wp-content\/uploads\/2025\/10\/pgvape-UZY-Tornado-20000-20k-Puffs-Disposable-Vape-16-768x252.png 768w, https:\/\/pgvape.com\/wp-content\/uploads\/2025\/10\/pgvape-UZY-Tornado-20000-20k-Puffs-Disposable-Vape-16-18x6.png 18w, https:\/\/pgvape.com\/wp-content\/uploads\/2025\/10\/pgvape-UZY-Tornado-20000-20k-Puffs-Disposable-Vape-16-600x197.png 600w, https:\/\/pgvape.com\/wp-content\/uploads\/2025\/10\/pgvape-UZY-Tornado-20000-20k-Puffs-Disposable-Vape-16-60x20.png 60w\" sizes=\"auto, (max-width: 1500px) 100vw, 1500px\" \/><br \/>\n<\/strong><\/p>\n<p>&nbsp;<\/p>\n<h3><span style=\"font-size: 90%;\">UZY Tornado 20000 | 20k Puff\u00f3w Jednorazowy Vape <strong>Wideo<\/strong>:<\/span><\/h3>\n<p>&nbsp;<\/p>\n<h2>Cz\u0119sto zadawane pytania dotycz\u0105ce UZY Tornado 20000 | 20k Puffs Jednorazowy Vape<\/h2>\n<p data-sourcepos=\"31:1-32:55\">\u2753 <strong data-sourcepos=\"31:3-31:38\">Ile zaci\u0105gni\u0119\u0107 zapewnia?<\/strong><br \/>\n\u2705 <strong data-sourcepos=\"32:3-32:19\">20 000 zaci\u0105gni\u0119\u0107<\/strong> Do d\u0142ugotrwa\u0142ych sesji waporyzacyjnych.<\/p>\n<p data-sourcepos=\"34:1-35:59\">\u2753 <strong data-sourcepos=\"34:3-34:45\">Jakie moce nikotyny s\u0105 dost\u0119pne?<\/strong><br \/>\n\u2705 Wybierz z <strong data-sourcepos=\"35:15-35:47\">0% (bez karty sieciowej), 2%, 3% lub 5%<\/strong> Nikotyna.<\/p>\n<p data-sourcepos=\"37:1-38:67\">\u2753 <strong data-sourcepos=\"37:3-37:35\">Czy akumulator mo\u017cna \u0142adowa\u0107?<\/strong><br \/>\n\u2705Tak, <strong data-sourcepos=\"38:12-38:30\">Bateria 850 MAH<\/strong> Cechy <strong data-sourcepos=\"38:40-38:64\">Szybkie \u0142adowanie typu C<\/strong>.<\/p>\n<p data-sourcepos=\"40:1-41:64\">\u2753 <strong data-sourcepos=\"40:3-40:30\">Czy ma wy\u015bwietlacz?<\/strong><br \/>\n\u2705 <strong data-sourcepos=\"41:7-41:21\">Ekran LED<\/strong> Pokazuje \u017cywotno\u015b\u0107 baterii i statystyki u\u017cytkowania.<\/p>\n<p data-sourcepos=\"43:1-44:53\">\u2753 <strong data-sourcepos=\"43:3-43:36\">Ile smak\u00f3w jest oferowanych?<br \/>\n<\/strong> \u2705 Ciesz si\u0119 <strong data-sourcepos=\"44:9-44:38\">12 opcji smakowych premium<\/strong> Dla r\u00f3\u017cnorodno\u015bci.<\/p>\n<p>&nbsp;<\/p>\n<h3 id=\"brxe-najhln\" class=\"brxe-heading\">Cz\u0119sto zadawane pytania (FAQ)<\/h3>\n<div id=\"brxe-rajiac\" class=\"brxe-text\">\n<p><strong>P: Jakie metody p\u0142atno\u015bci akceptujecie?<\/strong><br \/>\nOdp.: Akceptujemy PayPal, Stripe, przelewy bankowe (obs\u0142ugiwane SEPA), g\u0142\u00f3wne karty kredytowe (Visa, MasterCard, American Express) i p\u0142atno\u015bci w kryptowalutach.<\/p>\n<p><strong>P: Jak d\u0142ugo trwa przygotowanie zam\u00f3wienia?<\/strong><br \/>\nOdp.: Przygotowanie zam\u00f3wienia zajmuje 1-3 dni robocze.<\/p>\n<p><strong>P: Jaki jest czas wysy\u0142ki?<\/strong><br \/>\nOdp.: Czas wysy\u0142ki wynosi 7-14 dni roboczych, w zale\u017cno\u015bci od Twojej lokalizacji.<\/p>\n<p><strong>P: Jak mog\u0119 \u015bledzi\u0107 moje zam\u00f3wienie?<\/strong><br \/>\nOdp.: Po wysy\u0142ce otrzymasz wiadomo\u015b\u0107 e-mail z potwierdzeniem i numerem przesy\u0142ki umo\u017cliwiaj\u0105cym \u015bledzenie w czasie rzeczywistym.<\/p>\n<p><strong>P: Jaka jest Twoja polityka zwrot\u00f3w?<\/strong><br \/>\nOdp.: Oferujemy 30-dniow\u0105 polityk\u0119 zwrot\u00f3w lub wymiany. .<\/p>\n<p><strong>P: Czy wyst\u0105pi\u0105 jakie\u015b problemy celne?<br \/>\n<\/strong>Obs\u0142ugujemy wszystkie procedury odprawy celnej, aby zapewni\u0107 Ci bezproblemow\u0105 obs\u0142ug\u0119. .<\/p>\n<p><strong>P: Jakie metody wysy\u0142ki s\u0105 stosowane?<\/strong><br \/>\nWsp\u00f3\u0142pracujemy z firmami UPS\/DHL\/FEDEX\/DPD itp. W zale\u017cno\u015bci od kraju dostawy wybierzemy odpowiedni\u0105 opcj\u0119 wysy\u0142ki, tak aby produkty dotar\u0142y do \u200b\u200bPa\u0144stwa najszybciej jak to mo\u017cliwe.<\/p>\n<p><a href=\"https:\/\/pgvape.com\/pl\/czesto-zadawane-pytania\/\">Kliknij tutaj, aby uzyska\u0107 wi\u0119cej cz\u0119sto zadawanych pyta\u0144<\/a><\/p>\n<p>Szanowni klienci, je\u015bli masz jakiekolwiek pytania dotycz\u0105ce zam\u00f3wienia lub przybycia towaru, skontaktuj si\u0119 z naszym dzia\u0142em obs\u0142ugi klienta. Dzi\u0119kuj\u0119!<\/p>\n<h3 data-sourcepos=\"73:1-73:21\"><strong data-sourcepos=\"73:7-73:21\">Skontaktuj si\u0119 z nami<\/strong><\/h3>\n<div id=\"text-2419739398\" class=\"text\">\n<p><strong data-sourcepos=\"75:3-75:12\">E-mail<\/strong>:\u00a0<a href=\"mailto:support@pgvape.com\"><strong>support@pgvape.com<\/strong><\/a><\/p>\n<p><strong data-sourcepos=\"76:3-76:15\">WhatsApp<\/strong>:\u00a0<a href=\"https:\/\/wa.me\/+8618128481258\"><strong>+86 18128481258<\/strong><\/a><br \/>\n<strong>(Odpowied\u017a w ci\u0105gu 24 godzin w dni robocze)<\/strong><\/p>\n<\/div>\n<h3><strong>Dzi\u0119kujemy za wybranie pgvape.com! .<\/strong><\/h3>\n<\/div>","protected":false},"excerpt":{"rendered":"<p><strong data-sourcepos=\"47:5-47:32\">UZY Tornado 20000 Puff\u00f3w<\/strong> \u0141\u0105czy <strong data-sourcepos=\"47:42-47:80\">Wysoka pojemno\u015b\u0107, regulowana nikotyna<\/strong>, I <strong data-sourcepos=\"47:86-47:105\">Smaki premium<\/strong> w A <strong data-sourcepos=\"47:111-47:152\">Kompaktowy, jednorazowy waporyzator z mo\u017cliwo\u015bci\u0105 \u0142adowania<\/strong> Z <strong data-sourcepos=\"47:158-47:173\">Wy\u015bwietlacz LED<\/strong> Dla najwy\u017cszej wygody.<\/p>","protected":false},"featured_media":4581,"comment_status":"open","ping_status":"closed","template":"","meta":{"_seopress_robots_primary_cat":"none","_seopress_titles_title":"%%post_title%% %%sep%% %%sitetitle%%","_seopress_titles_desc":"","_seopress_robots_index":""},"product_brand":[516,371],"product_cat":[84,515,27],"product_tag":[367,90,79,81,259,374],"class_list":{"0":"post-4564","1":"product","2":"type-product","3":"status-publish","4":"has-post-thumbnail","6":"product_brand-disposable-vape","7":"product_brand-uzy-vaoe","8":"product_cat-20k-puffs-vape","9":"product_cat-disposable-vape","10":"product_cat-uzy-vape","11":"product_tag-20k-puffs-vape","12":"product_tag-disposable-vape","13":"product_tag-led-display","14":"product_tag-mouth-to-lung","15":"product_tag-rechargeable","16":"product_tag-uzy-tornado-20000","18":"first","19":"instock","20":"sale","21":"shipping-taxable","22":"purchasable","23":"product-type-variable"},"_links":{"self":[{"href":"https:\/\/pgvape.com\/pl\/wp-json\/wp\/v2\/product\/4564","targetHints":{"allow":["GET"]}}],"collection":[{"href":"https:\/\/pgvape.com\/pl\/wp-json\/wp\/v2\/product"}],"about":[{"href":"https:\/\/pgvape.com\/pl\/wp-json\/wp\/v2\/types\/product"}],"replies":[{"embeddable":true,"href":"https:\/\/pgvape.com\/pl\/wp-json\/wp\/v2\/comments?post=4564"}],"wp:featuredmedia":[{"embeddable":true,"href":"https:\/\/pgvape.com\/pl\/wp-json\/wp\/v2\/media\/4581"}],"wp:attachment":[{"href":"https:\/\/pgvape.com\/pl\/wp-json\/wp\/v2\/media?parent=4564"}],"wp:term":[{"taxonomy":"product_brand","embeddable":true,"href":"https:\/\/pgvape.com\/pl\/wp-json\/wp\/v2\/product_brand?post=4564"},{"taxonomy":"product_cat","embeddable":true,"href":"https:\/\/pgvape.com\/pl\/wp-json\/wp\/v2\/product_cat?post=4564"},{"taxonomy":"product_tag","embeddable":true,"href":"https:\/\/pgvape.com\/pl\/wp-json\/wp\/v2\/product_tag?post=4564"}],"curies":[{"name":"wp","href":"https:\/\/api.w.org\/{rel}","templated":true}]}}