{"id":4531,"date":"2025-10-26T07:05:33","date_gmt":"2025-10-26T07:05:33","guid":{"rendered":"https:\/\/pgvape.com\/?post_type=product&#038;p=4531"},"modified":"2025-12-15T12:24:44","modified_gmt":"2025-12-15T12:24:44","slug":"uzy-bang-digital-15000-15k-zaciagniec-jednorazowy-vape-akumulatorowy-vape-factory-direct","status":"publish","type":"product","link":"https:\/\/pgvape.com\/pl\/produkt\/uzy-bang-digital-15000-15k-zaciagniec-jednorazowy-vape-akumulatorowy-vape-factory-direct\/","title":{"rendered":"UZY Bang Digital 15000 15K Puffs Jednorazowy Vape Akumulator Vape Factory Direct"},"content":{"rendered":"<p><strong>UZY Bang Digital 15000<\/strong>, zaawansowany jednorazowy e-papieros z osza\u0142amiaj\u0105c\u0105 liczb\u0105 15 000 zaci\u0105gni\u0119\u0107 i konfigurowalnymi opcjami nikotyny 0%, 2%, 3% i 5%. .<\/p>\n<p>&nbsp;<\/p>\n<h2><span style=\"font-size: 90%;\">UZY Bang Digital 15000 | 15K Puffs Jednorazowy Vape Specyfikacja produktu<\/span><\/h2>\n<p><strong data-sourcepos=\"6:3-6:30\">15 000 bardzo d\u0142ugich zaci\u0105gni\u0119\u0107<\/strong>\u00a0\u2013 Przed\u0142u\u017cona satysfakcja z wapowania<\/p>\n<p><strong data-sourcepos=\"7:3-7:35\">Konfigurowalne poziomy nikotyny<\/strong>\u00a0\u2013 0%, 2%, 3% lub 5%<\/p>\n<p><strong data-sourcepos=\"8:3-8:24\">Inteligentny wy\u015bwietlacz LED<\/strong>\u00a0\u2013 \u015aledzenie baterii i zaci\u0105gni\u0119\u0107 w czasie rzeczywistym<\/p>\n<p><strong data-sourcepos=\"9:3-9:34\">Akumulator o pojemno\u015bci 850 mAh<\/strong>\u00a0\u2013 Szybkie \u0142adowanie typu C<\/p>\n<p><strong data-sourcepos=\"10:3-10:31\">20 ml wst\u0119pnie nape\u0142nionego e-p\u0142ynu<\/strong>\u00a0\u2013 Nie ma potrzeby uzupe\u0142niania<\/p>\n<p><strong data-sourcepos=\"11:3-11:25\">12 smak\u00f3w premium<\/strong>\u00a0\u2013 Bogate i orze\u017awiaj\u0105ce opcje<\/p>\n<p>&nbsp;<\/p>\n<h3><span style=\"font-size: 90%;\">UZY Bang Digital 15000 | 15K Puffs Jednorazowa lista smak\u00f3w Vape<\/span><\/h3>\n<p><strong data-sourcepos=\"25:4-25:29\">1. Arbuz truskawkowy<\/strong><\/p>\n<p><strong data-sourcepos=\"26:4-26:24\">2.Jagoda na lodzie<\/strong><\/p>\n<p><strong data-sourcepos=\"27:4-27:29\">3.Brzoskwiniowy ananas mango<\/strong><\/p>\n<p><strong data-sourcepos=\"28:4-28:17\">4. L\u00f3d winogronowy<\/strong><\/p>\n<p><strong data-sourcepos=\"29:4-29:22\">5. L\u00f3d arbuzowy<\/strong><\/p>\n<p><strong data-sourcepos=\"30:4-30:17\">6. Brzoskwiniowy l\u00f3d<\/strong><\/p>\n<p><strong data-sourcepos=\"31:4-31:23\">7.Truskawkowe Kiwi<\/strong><\/p>\n<p><strong data-sourcepos=\"32:4-32:27\">8.Malina jagodowa<\/strong><\/p>\n<p><strong data-sourcepos=\"33:4-33:26\">9. Kiwi marakuja<\/strong><\/p>\n<p><strong data-sourcepos=\"34:5-34:16\">10.MR Niebieski<\/strong><\/p>\n<p><strong data-sourcepos=\"35:5-35:25\">11.Potr\u00f3jny l\u00f3d z mango<\/strong><\/p>\n<p><strong data-sourcepos=\"36:5-36:23\">12. Czerwony l\u00f3d energetyczny<br \/>\n<img loading=\"lazy\" decoding=\"async\" class=\"alignnone wp-image-4535 size-full\" src=\"https:\/\/pgvape.com\/wp-content\/uploads\/2025\/10\/pgvape_UZY_Bang_Digital_15000_puffs-2.png\" alt=\"Dwana\u015bcie jasnych, jednorazowych urz\u0105dze\u0144 do waporyzacji o zaokr\u0105glonych prostok\u0105tach, rozmieszczonych w dw\u00f3ch rz\u0119dach na zadymionym tle, ka\u017cde z nich zawiera stylizowan\u0105 ilustracj\u0119 z kresk\u00f3wek, ma\u0142y cyfrowy wy\u015bwietlacz z napisem \u201c95%\u201d i nadrukowane nazwy smak\u00f3w owocowych (jagoda malinowa, l\u00f3d winogronowy, l\u00f3d arbuzowy, l\u00f3d brzoskwiniowy, brzoskwiniowy ananas mango, arbuz truskawkowy, Mr Blue, marakuja kiwi, potr\u00f3jny l\u00f3d mango, jagoda z lodem, czerwony l\u00f3d energetyczny, truskawka .\" width=\"1500\" height=\"930\" srcset=\"https:\/\/pgvape.com\/wp-content\/uploads\/2025\/10\/pgvape_UZY_Bang_Digital_15000_puffs-2.png 1500w, https:\/\/pgvape.com\/wp-content\/uploads\/2025\/10\/pgvape_UZY_Bang_Digital_15000_puffs-2-555x344.png 555w, https:\/\/pgvape.com\/wp-content\/uploads\/2025\/10\/pgvape_UZY_Bang_Digital_15000_puffs-2-595x369.png 595w, https:\/\/pgvape.com\/wp-content\/uploads\/2025\/10\/pgvape_UZY_Bang_Digital_15000_puffs-2-400x248.png 400w, https:\/\/pgvape.com\/wp-content\/uploads\/2025\/10\/pgvape_UZY_Bang_Digital_15000_puffs-2-768x476.png 768w, https:\/\/pgvape.com\/wp-content\/uploads\/2025\/10\/pgvape_UZY_Bang_Digital_15000_puffs-2-18x12.png 18w, https:\/\/pgvape.com\/wp-content\/uploads\/2025\/10\/pgvape_UZY_Bang_Digital_15000_puffs-2-600x372.png 600w, https:\/\/pgvape.com\/wp-content\/uploads\/2025\/10\/pgvape_UZY_Bang_Digital_15000_puffs-2-60x37.png 60w\" sizes=\"auto, (max-width: 1500px) 100vw, 1500px\" \/><br \/>\n<\/strong><\/p>\n<p>&nbsp;<\/p>\n<h3><span style=\"font-size: 90%;\">UZY Bang Digital 15000 | 15K Puffs Jednorazowy Vape <strong>Wideo:<\/strong><\/span><\/h3>\n<p>&nbsp;<\/p>\n<h2>Cz\u0119sto zadawane pytania dotycz\u0105ce UZY Bang Digital 15000 | 15K Puffs Jednorazowy Vape<\/h2>\n<p data-sourcepos=\"49:1-50:47\">\u2753 <strong data-sourcepos=\"49:3-49:35\">Ile zaci\u0105gni\u0119\u0107 to trwa?<\/strong><br \/>\n\u2705 <strong data-sourcepos=\"50:3-50:19\">15 000 zaci\u0105gni\u0119\u0107<\/strong> \u2013 D\u0142ugotrwa\u0142a przyjemno\u015b\u0107.<\/p>\n<p data-sourcepos=\"52:1-53:58\">\u2753 <strong data-sourcepos=\"52:3-52:32\">Czy mog\u0119 \u015bledzi\u0107 \u017cywotno\u015b\u0107 baterii?<\/strong><br \/>\n\u2705 <strong data-sourcepos=\"53:3-53:23\">Tak!<\/strong> pokazuje bateri\u0119 i zu\u017cycie w czasie rzeczywistym.<\/p>\n<p data-sourcepos=\"55:1-56:54\">\u2753 <strong data-sourcepos=\"55:3-55:26\">Czy mo\u017cna go \u0142adowa\u0107?<\/strong><br \/>\n\u2705 <strong data-sourcepos=\"56:3-56:21\">Bateria 850 mAh<\/strong> z <strong data-sourcepos=\"56:27-56:51\">Szybkie \u0142adowanie typu C<\/strong>.<\/p>\n<p data-sourcepos=\"58:1-59:62\">\u2753 <strong data-sourcepos=\"58:3-58:43\">Jakie opcje nikotyny s\u0105 dost\u0119pne?<\/strong><br \/>\n\u2705 <strong data-sourcepos=\"59:3-59:35\">0% (bez karty sieciowej), 2%, 3% lub 5%<\/strong> dla niestandardowej satysfakcji.<\/p>\n<p data-sourcepos=\"61:1-62:53\">\u2753 <strong data-sourcepos=\"61:3-61:30\">Czy aromaty s\u0105 wst\u0119pnie nape\u0142nione?<\/strong><br \/>\n\u2705 <strong data-sourcepos=\"62:3-62:31\">20 ml wst\u0119pnie nape\u0142nionego e-liquidu<\/strong> \u2013 \u017badnych niechlujnych uzupe\u0142nie\u0144.<\/p>\n<p>&nbsp;<\/p>\n<h3>Cz\u0119sto zadawane pytania (FAQ)<\/h3>\n<div id=\"brxe-rajiac\" class=\"brxe-text\">\n<p><strong>P: Jakie metody p\u0142atno\u015bci akceptujecie?<\/strong><br \/>\nOdp.: Akceptujemy PayPal, Stripe, przelewy bankowe (obs\u0142ugiwane SEPA), g\u0142\u00f3wne karty kredytowe (Visa, MasterCard, American Express) i p\u0142atno\u015bci w kryptowalutach.<\/p>\n<p><strong>P: Jak d\u0142ugo trwa przygotowanie zam\u00f3wienia?<\/strong><br \/>\nOdp.: Przygotowanie zam\u00f3wienia zajmuje 1-3 dni robocze.<\/p>\n<p><strong>P: Jaki jest czas wysy\u0142ki?<\/strong><br \/>\nOdp.: Czas wysy\u0142ki wynosi 7-14 dni roboczych, w zale\u017cno\u015bci od Twojej lokalizacji.<\/p>\n<p><strong>P: Jak mog\u0119 \u015bledzi\u0107 moje zam\u00f3wienie?<\/strong><br \/>\nOdp.: Po wysy\u0142ce otrzymasz wiadomo\u015b\u0107 e-mail z potwierdzeniem i numerem przesy\u0142ki umo\u017cliwiaj\u0105cym \u015bledzenie w czasie rzeczywistym.<\/p>\n<p><strong>P: Jaka jest Twoja polityka zwrot\u00f3w?<\/strong><br \/>\nOdp.: Oferujemy 30-dniow\u0105 polityk\u0119 zwrot\u00f3w lub wymiany. .<\/p>\n<p><strong>P: Czy wyst\u0105pi\u0105 jakie\u015b problemy celne?<br \/>\n<\/strong>Obs\u0142ugujemy wszystkie procedury odprawy celnej, aby zapewni\u0107 Ci bezproblemow\u0105 obs\u0142ug\u0119. .<\/p>\n<p><strong>P: Jakie metody wysy\u0142ki s\u0105 stosowane?<\/strong><br \/>\nWsp\u00f3\u0142pracujemy z firmami UPS\/DHL\/FEDEX\/DPD itp. W zale\u017cno\u015bci od kraju dostawy wybierzemy odpowiedni\u0105 opcj\u0119 wysy\u0142ki, tak aby produkty dotar\u0142y do \u200b\u200bPa\u0144stwa najszybciej jak to mo\u017cliwe.<\/p>\n<p><a href=\"https:\/\/pgvape.com\/pl\/czesto-zadawane-pytania\/\">Kliknij tutaj, aby uzyska\u0107 wi\u0119cej cz\u0119sto zadawanych pyta\u0144<\/a><\/p>\n<p>Szanowni klienci, je\u015bli masz jakiekolwiek pytania dotycz\u0105ce zam\u00f3wienia lub przybycia towaru, skontaktuj si\u0119 z naszym dzia\u0142em obs\u0142ugi klienta. Dzi\u0119kuj\u0119!<\/p>\n<h3 data-sourcepos=\"73:1-73:21\"><strong data-sourcepos=\"73:7-73:21\">Skontaktuj si\u0119 z nami<\/strong><\/h3>\n<div id=\"text-2419739398\" class=\"text\">\n<p><strong data-sourcepos=\"75:3-75:12\">E-mail<\/strong>:\u00a0<a href=\"mailto:support@pgvape.com\"><strong>support@pgvape.com<\/strong><\/a><\/p>\n<p><strong data-sourcepos=\"76:3-76:15\">WhatsApp<\/strong>:\u00a0<a href=\"https:\/\/wa.me\/+8618128481258\"><strong>+86 18128481258<\/strong><\/a><br \/>\n<strong>(Odpowied\u017a w ci\u0105gu 24 godzin w dni robocze)<\/strong><\/p>\n<\/div>\n<h3><strong>Dzi\u0119kujemy za wybranie pgvape.com! .<\/strong><\/h3>\n<\/div>","protected":false},"excerpt":{"rendered":"<p>UZY Bang Digital 15000 puffs e-papieros to najbardziej zaawansowany jednorazowy e-papieros na rynku, innowacyjne urz\u0105dzenie z wy\u015bwietlaczem LED, kt\u00f3re dostarcza informacji w czasie rzeczywistym, zapewniaj\u0105c spersonalizowane wra\u017cenia z palenia.<\/p>","protected":false},"featured_media":4550,"comment_status":"open","ping_status":"closed","template":"","meta":{"_seopress_robots_primary_cat":"none","_seopress_titles_title":"%%post_title%% %%sep%% %%sitetitle%%","_seopress_titles_desc":"","_seopress_robots_index":""},"product_brand":[516,371],"product_cat":[113,515,27],"product_tag":[373,79,490,59,259,372],"class_list":{"0":"post-4531","1":"product","2":"type-product","3":"status-publish","4":"has-post-thumbnail","6":"product_brand-disposable-vape","7":"product_brand-uzy-vaoe","8":"product_cat-15k-puffs-vape","9":"product_cat-disposable-vape","10":"product_cat-uzy-vape","11":"product_tag-15k-puffs-vape","12":"product_tag-led-display","13":"product_tag-minimum-2-pieces","14":"product_tag-mouth-to-lung-mtl","15":"product_tag-rechargeable","16":"product_tag-uzy-bang-digital-15000","18":"first","19":"instock","20":"sale","21":"shipping-taxable","22":"purchasable","23":"product-type-variable"},"_links":{"self":[{"href":"https:\/\/pgvape.com\/pl\/wp-json\/wp\/v2\/product\/4531","targetHints":{"allow":["GET"]}}],"collection":[{"href":"https:\/\/pgvape.com\/pl\/wp-json\/wp\/v2\/product"}],"about":[{"href":"https:\/\/pgvape.com\/pl\/wp-json\/wp\/v2\/types\/product"}],"replies":[{"embeddable":true,"href":"https:\/\/pgvape.com\/pl\/wp-json\/wp\/v2\/comments?post=4531"}],"wp:featuredmedia":[{"embeddable":true,"href":"https:\/\/pgvape.com\/pl\/wp-json\/wp\/v2\/media\/4550"}],"wp:attachment":[{"href":"https:\/\/pgvape.com\/pl\/wp-json\/wp\/v2\/media?parent=4531"}],"wp:term":[{"taxonomy":"product_brand","embeddable":true,"href":"https:\/\/pgvape.com\/pl\/wp-json\/wp\/v2\/product_brand?post=4531"},{"taxonomy":"product_cat","embeddable":true,"href":"https:\/\/pgvape.com\/pl\/wp-json\/wp\/v2\/product_cat?post=4531"},{"taxonomy":"product_tag","embeddable":true,"href":"https:\/\/pgvape.com\/pl\/wp-json\/wp\/v2\/product_tag?post=4531"}],"curies":[{"name":"wp","href":"https:\/\/api.w.org\/{rel}","templated":true}]}}