{"id":450,"date":"2025-07-16T08:44:31","date_gmt":"2025-07-16T08:44:31","guid":{"rendered":"https:\/\/pgvape.com\/?post_type=product&#038;p=450"},"modified":"2026-01-20T08:48:41","modified_gmt":"2026-01-20T08:48:41","slug":"bang-de-80000-80-tys-zaciagniec-3-w-1-potrojny-smak-jednorazowy-vape-0-2-3-5-nikotyna-12-smakow-inteligentny-wyswietlacz-led-vape-factory-direct","status":"publish","type":"product","link":"https:\/\/pgvape.com\/pl\/produkt\/bang-de-80000-80-tys-zaciagniec-3-w-1-potrojny-smak-jednorazowy-vape-0-2-3-5-nikotyna-12-smakow-inteligentny-wyswietlacz-led-vape-factory-direct\/","title":{"rendered":"Bang DE 80000 | 80 tys. zaci\u0105gni\u0119\u0107 | Jednorazowy waporyzator 3 w 1 o potr\u00f3jnym smaku | 0% 2% 3% 5% Nikotyna | 12 smak\u00f3w | Inteligentny wy\u015bwietlacz LED | Vape Factory Direct"},"content":{"rendered":"<p><strong>Bang DE 80000 80K Puffs Jednorazowy waporyzator 3 w 1<\/strong> zosta\u0142 zaprojektowany dla waper\u00f3w, kt\u00f3rzy pragn\u0105 r\u00f3\u017cnorodno\u015bci, wygody i niezwyk\u0142ej trwa\u0142o\u015bci. .<\/p>\n<p>&nbsp;<\/p>\n<h2><span style=\"font-size: 90%;\">Bang DE 80000 | 80K Puffs | Jednorazowy Vape 3 w 1 o potr\u00f3jnym smaku Specyfikacja produktu:<\/span><\/h2>\n<p><strong>Pojemno\u015b\u0107 zaci\u0105gni\u0119cia:<\/strong>\u00a0Do 80 000 zaci\u0105gni\u0119\u0107<\/p>\n<p><strong>Pojemno\u015b\u0107 e-cieczy:<\/strong>\u00a0\u0141\u0105cznie 60 ml (20 ml na zbiornik x 3 zbiorniki)<\/p>\n<p><strong>Typ cewki:<\/strong>\u00a0Potr\u00f3jna cewka siatkowa 1,0 \u03a9<\/p>\n<p><strong>Pojemno\u015b\u0107 baterii:<\/strong>\u00a0Akumulator o pojemno\u015bci 650 mAh<\/p>\n<p><strong>Port \u0142adowania:<\/strong>\u00a0Szybkie \u0142adowanie typu C<\/p>\n<p><strong>Opcje nikotyny:<\/strong>\u00a00%, 2%, 3%, 5%<\/p>\n<p><strong>Wy\u015bwietlacz:<\/strong>\u00a0Ekran LED pokazuj\u0105cy stan baterii i e-liquidu<\/p>\n<p><strong>System smakowy:<\/strong>\u00a0System Potr\u00f3jnego Smaku (prze\u0142\u0105czanie pomi\u0119dzy 3 smakami)<\/p>\n<p><strong>Opakowanie:<\/strong>\u00a0Dost\u0119pne w sprzeda\u017cy detalicznej i hurtowej<\/p>\n<p>&nbsp;<\/p>\n<h3><span style=\"font-size: 90%;\">Bang DE 80000 | 80 tys. zaci\u0105gni\u0119\u0107 | Jednorazowy waporyzator o potr\u00f3jnym smaku 3 w 1 Lista smak\u00f3w:<\/span><\/h3>\n<p>1. Arbuz lodowy, Red Bull i truskawkowy kiwi<\/p>\n<p>2. L\u00f3d jagodowy i arbuz truskawkowy i limonka cytrynowa<\/p>\n<p>3. Arbuz jagodowy i marakuja kiwi Gujawa i guma balonowa arbuzowa<\/p>\n<p>4. Czarny smok z lodem i kwa\u015bnym mango, ananasem i red bullem<\/p>\n<p>5. Arbuz truskawkowy i mieszane jagody i brzoskwinia cytrynowa<\/p>\n<p>6. Jagoda Razz i truskawka, banan i ananas, kokos<\/p>\n<p>7. L\u00f3d jagodowy i potr\u00f3jny melon i winogrono jab\u0142kowe<\/p>\n<p>8. Arbuzowy smoczy owoc i mango, brzoskwinia i truskawka, kiwi<\/p>\n<p>9. Jagodowo-malinowo-truskawkowo-waniliowo-coca-cola i mieszane jagody<\/p>\n<p>10. Lody arbuzowe, lody truskawkowe i gujawa z marakuji kiwi<\/p>\n<p>11. Jagodowy Razz, Czarny Smok i Musuj\u0105cy Lod Wi\u015bniowy<\/p>\n<p>12. Wi\u015bniowa Cola z lodem i jagodowym arbuzem i truskawkowym mango<\/p>\n<p><img loading=\"lazy\" decoding=\"async\" class=\"alignnone wp-image-457 size-full\" src=\"https:\/\/pgvape.com\/wp-content\/uploads\/2025\/07\/Bang-DE-80000-80K-Puffs-3-In-1-Triple-Flavor-Disposable-Vape-LED-Display-Vape-Factory-Wholesale-5.png\" alt=\"\" width=\"1500\" height=\"1227\" srcset=\"https:\/\/pgvape.com\/wp-content\/uploads\/2025\/07\/Bang-DE-80000-80K-Puffs-3-In-1-Triple-Flavor-Disposable-Vape-LED-Display-Vape-Factory-Wholesale-5.png 1500w, https:\/\/pgvape.com\/wp-content\/uploads\/2025\/07\/Bang-DE-80000-80K-Puffs-3-In-1-Triple-Flavor-Disposable-Vape-LED-Display-Vape-Factory-Wholesale-5-440x360.png 440w, https:\/\/pgvape.com\/wp-content\/uploads\/2025\/07\/Bang-DE-80000-80K-Puffs-3-In-1-Triple-Flavor-Disposable-Vape-LED-Display-Vape-Factory-Wholesale-5-595x487.png 595w, https:\/\/pgvape.com\/wp-content\/uploads\/2025\/07\/Bang-DE-80000-80K-Puffs-3-In-1-Triple-Flavor-Disposable-Vape-LED-Display-Vape-Factory-Wholesale-5-400x327.png 400w, https:\/\/pgvape.com\/wp-content\/uploads\/2025\/07\/Bang-DE-80000-80K-Puffs-3-In-1-Triple-Flavor-Disposable-Vape-LED-Display-Vape-Factory-Wholesale-5-768x628.png 768w, https:\/\/pgvape.com\/wp-content\/uploads\/2025\/07\/Bang-DE-80000-80K-Puffs-3-In-1-Triple-Flavor-Disposable-Vape-LED-Display-Vape-Factory-Wholesale-5-15x12.png 15w, https:\/\/pgvape.com\/wp-content\/uploads\/2025\/07\/Bang-DE-80000-80K-Puffs-3-In-1-Triple-Flavor-Disposable-Vape-LED-Display-Vape-Factory-Wholesale-5-600x491.png 600w, https:\/\/pgvape.com\/wp-content\/uploads\/2025\/07\/Bang-DE-80000-80K-Puffs-3-In-1-Triple-Flavor-Disposable-Vape-LED-Display-Vape-Factory-Wholesale-5-49x40.png 49w\" sizes=\"auto, (max-width: 1500px) 100vw, 1500px\" \/><\/p>\n<p>&nbsp;<\/p>\n<h3><span style=\"font-size: 90%;\">Bang DE 80000 | 80K Ptysi | Jednorazowy waporyzator 3 w 1 o potr\u00f3jnym smaku <\/span><strong>Wideo<br \/>\n<\/strong><\/h3>\n<p><iframe loading=\"lazy\" title=\"Bang DE 80000 | 80K Ptysi | Jednorazowy Vape 3 w 1 o potr\u00f3jnym smaku | Vape Factory Direct pgvape\" width=\"1020\" height=\"574\" src=\"https:\/\/www.youtube.com\/embed\/HMc9pNSt3Kg?feature=oembed\" frameborder=\"0\" allow=\"accelerometer; autoplay; clipboard-write; encrypted-media; gyroscope; picture-in-picture; web-share\" referrerpolicy=\"strict-origin-when-cross-origin\" allowfullscreen><\/iframe><\/p>\n<p>&nbsp;<\/p>\n<h2><span style=\"font-size: 90%;\">Cz\u0119sto zadawane pytania dotycz\u0105ce Bang DE 80000 | 80K Ptysi | Jednorazowy waporyzator 3 w 1 o potr\u00f3jnym smaku<\/span><\/h2>\n<p dir=\"auto\"><strong>P1: Ile zaci\u0105gni\u0119\u0107 mog\u0119 uzyska\u0107 za pomoc\u0105 Bang DE 80000?<\/strong><br \/>\nA1: Do 80 000 zaci\u0105gni\u0119\u0107 na urz\u0105dzenie.<\/p>\n<p dir=\"auto\"><strong>P2: Jak dzia\u0142a System Potr\u00f3jnego Smaku?<\/strong><br \/>\nA2: Mo\u017cesz \u0142atwo prze\u0142\u0105cza\u0107 si\u0119 pomi\u0119dzy trzema r\u00f3\u017cnymi wbudowanymi smakami w dowolnym momencie, bez konieczno\u015bci zmiany urz\u0105dze\u0144.<\/p>\n<p dir=\"auto\"><strong>P3: Jakie moce nikotyny s\u0105 dost\u0119pne?<\/strong><br \/>\nO3: Urz\u0105dzenie obs\u0142uguje opcje nikotyny 0%, 2%, 3% i 5%.<\/p>\n<p dir=\"auto\"><strong>P4: Czy akumulator mo\u017cna \u0142adowa\u0107?<\/strong><br \/>\nA4: Tak, ma akumulator 650 mAh z szybkim \u0142adowaniem typu C.<\/p>\n<p dir=\"auto\"><strong>P5: Jaka jest pojemno\u015b\u0107 e-liquidu?<\/strong><br \/>\nA5: Urz\u0105dzenie mie\u015bci 60 ml e-liquidu rozdzielonego r\u00f3wnomiernie na trzy 20 ml zbiorniki.<\/p>\n<p dir=\"auto\"><strong>P6: Jak mog\u0119 monitorowa\u0107 poziom baterii i e-p\u0142ynu?<\/strong><br \/>\nA6: Wy\u015bwietlacz LED pokazuje w czasie rzeczywistym stan baterii i poziom e-liquidu.<\/p>\n<p dir=\"auto\"><strong>P7: Czy to urz\u0105dzenie jest przeno\u015bne?<\/strong><br \/>\nA7: Tak, ma eleganck\u0105 i ergonomiczn\u0105 konstrukcj\u0119, idealn\u0105 do codziennego u\u017cytku i podr\u00f3\u017cy.<\/p>\n<h2><span style=\"font-size: 90%;\">\u00a0<\/span><\/h2>\n<h3 id=\"brxe-najhln\" class=\"brxe-heading\">Cz\u0119sto zadawane pytania (FAQ)<\/h3>\n<div id=\"brxe-rajiac\" class=\"brxe-text\">\n<p><strong>P: Jakie metody p\u0142atno\u015bci akceptujecie?<\/strong><br \/>\nOdp.: Akceptujemy PayPal, Stripe, przelewy bankowe (obs\u0142ugiwane SEPA), g\u0142\u00f3wne karty kredytowe (Visa, MasterCard, American Express) i p\u0142atno\u015bci w kryptowalutach.<\/p>\n<p><strong>P: Jak d\u0142ugo trwa przygotowanie zam\u00f3wienia?<\/strong><br \/>\nOdp.: Przygotowanie zam\u00f3wienia zajmuje 1-3 dni robocze.<\/p>\n<p><strong>P: Jaki jest czas wysy\u0142ki?<\/strong><br \/>\nOdp.: Czas wysy\u0142ki wynosi 7-14 dni roboczych, w zale\u017cno\u015bci od Twojej lokalizacji.<\/p>\n<p><strong>P: Jak mog\u0119 \u015bledzi\u0107 moje zam\u00f3wienie?<\/strong><br \/>\nOdp.: Po wysy\u0142ce otrzymasz wiadomo\u015b\u0107 e-mail z potwierdzeniem i numerem przesy\u0142ki umo\u017cliwiaj\u0105cym \u015bledzenie w czasie rzeczywistym.<\/p>\n<p><strong>P: Jaka jest Twoja polityka zwrot\u00f3w?<\/strong><br \/>\nOdp.: Oferujemy 30-dniow\u0105 polityk\u0119 zwrot\u00f3w lub wymiany. .<\/p>\n<p><strong>P: Czy wyst\u0105pi\u0105 jakie\u015b problemy celne?<br \/>\n<\/strong>Obs\u0142ugujemy wszystkie procedury odprawy celnej, aby zapewni\u0107 Ci bezproblemow\u0105 obs\u0142ug\u0119. .<\/p>\n<p><strong>P: Jakie metody wysy\u0142ki s\u0105 stosowane?<\/strong><br \/>\nWsp\u00f3\u0142pracujemy z firmami UPS\/DHL\/FEDEX\/DPD itp. W zale\u017cno\u015bci od kraju dostawy wybierzemy odpowiedni\u0105 opcj\u0119 wysy\u0142ki, tak aby produkty dotar\u0142y do \u200b\u200bPa\u0144stwa najszybciej jak to mo\u017cliwe.<\/p>\n<p><a href=\"https:\/\/pgvape.com\/pl\/czesto-zadawane-pytania\/\"><span style=\"font-size: 100%;\">Kliknij tutaj, aby uzyska\u0107 wi\u0119cej cz\u0119sto zadawanych pyta\u0144<\/span><\/a><\/p>\n<p>Szanowni klienci, je\u015bli masz jakiekolwiek pytania dotycz\u0105ce zam\u00f3wienia lub przybycia towaru, skontaktuj si\u0119 z naszym dzia\u0142em obs\u0142ugi klienta. Dzi\u0119kuj\u0119!<\/p>\n<h3 data-sourcepos=\"73:1-73:21\"><span style=\"font-size: 90%;\"><strong data-sourcepos=\"73:7-73:21\">Skontaktuj si\u0119 z nami<\/strong><\/span><\/h3>\n<div id=\"text-2419739398\" class=\"text\">\n<p><strong data-sourcepos=\"75:3-75:12\">E-mail<\/strong>:\u00a0<a href=\"mailto:support@pgvape.com\"><strong>support@pgvape.com<\/strong><\/a><\/p>\n<p><strong data-sourcepos=\"76:3-76:15\">WhatsApp<\/strong>: <a href=\"https:\/\/wa.me\/+8618128481258\"><strong>+86 18128481258<\/strong><\/a><br \/>\n<strong>(Odpowied\u017a w ci\u0105gu 24 godzin w dni robocze)<\/strong><\/p>\n<\/div>\n<h3><strong><span style=\"font-size: 80%;\">Dzi\u0119kujemy za wybranie pgvape.com! .<\/span><\/strong><\/h3>\n<\/div>","protected":false},"excerpt":{"rendered":"<p dir=\"auto\"><strong>Jednorazowy Vape Bang DE 80000<\/strong> oferuje co\u015b niesamowitego <strong>80 000 zaci\u0105gni\u0119\u0107<\/strong> z <strong>potr\u00f3jny system smakowy<\/strong>, umo\u017cliwiaj\u0105c prze\u0142\u0105czanie pomi\u0119dzy trzema <strong>smaki<\/strong> na jednym urz\u0105dzeniu. <strong>60ml e-p\u0142ynu<\/strong> pojemno\u015b\u0107, potr\u00f3jna cewka mesh, <strong>Akumulator o pojemno\u015bci 650 mAh<\/strong> akumulator i <strong>Wy\u015bwietlacz LED<\/strong>, zapewnia p\u0142ynne, konfigurowalne wra\u017cenia z wapowania przy mocy nikotyny od 0% do 5%.<\/p>","protected":false},"featured_media":453,"comment_status":"open","ping_status":"closed","template":"","meta":{"_seopress_robots_primary_cat":"none","_seopress_titles_title":"","_seopress_titles_desc":"","_seopress_robots_index":""},"product_brand":[42,516],"product_cat":[41,34,515],"product_tag":[46,44,45,43,47],"class_list":{"0":"post-450","1":"product","2":"type-product","3":"status-publish","4":"has-post-thumbnail","6":"product_brand-bang-de-vape","7":"product_brand-disposable-vape","8":"product_cat-80k-puffs-vape","9":"product_cat-bang-de-vape","10":"product_cat-disposable-vape","11":"product_tag-3-in-1","12":"product_tag-80k-puffs","13":"product_tag-80k-vape","14":"product_tag-bang-de-80000","15":"product_tag-triple-flavor","17":"first","18":"instock","19":"sale","20":"shipping-taxable","21":"purchasable","22":"product-type-variable"},"_links":{"self":[{"href":"https:\/\/pgvape.com\/pl\/wp-json\/wp\/v2\/product\/450","targetHints":{"allow":["GET"]}}],"collection":[{"href":"https:\/\/pgvape.com\/pl\/wp-json\/wp\/v2\/product"}],"about":[{"href":"https:\/\/pgvape.com\/pl\/wp-json\/wp\/v2\/types\/product"}],"replies":[{"embeddable":true,"href":"https:\/\/pgvape.com\/pl\/wp-json\/wp\/v2\/comments?post=450"}],"wp:featuredmedia":[{"embeddable":true,"href":"https:\/\/pgvape.com\/pl\/wp-json\/wp\/v2\/media\/453"}],"wp:attachment":[{"href":"https:\/\/pgvape.com\/pl\/wp-json\/wp\/v2\/media?parent=450"}],"wp:term":[{"taxonomy":"product_brand","embeddable":true,"href":"https:\/\/pgvape.com\/pl\/wp-json\/wp\/v2\/product_brand?post=450"},{"taxonomy":"product_cat","embeddable":true,"href":"https:\/\/pgvape.com\/pl\/wp-json\/wp\/v2\/product_cat?post=450"},{"taxonomy":"product_tag","embeddable":true,"href":"https:\/\/pgvape.com\/pl\/wp-json\/wp\/v2\/product_tag?post=450"}],"curies":[{"name":"wp","href":"https:\/\/api.w.org\/{rel}","templated":true}]}}