{"id":4487,"date":"2025-10-25T11:42:30","date_gmt":"2025-10-25T11:42:30","guid":{"rendered":"https:\/\/pgvape.com\/?post_type=product&#038;p=4487"},"modified":"2026-01-14T12:56:55","modified_gmt":"2026-01-14T12:56:55","slug":"bang-legend-150000-150-tys-zaciagniec-6-w-1-smakach-jednorazowe-vape-vape-factory-direct","status":"publish","type":"product","link":"https:\/\/pgvape.com\/pl\/produkt\/bang-legend-150000-150-tys-zaciagniec-6-w-1-smakach-jednorazowe-vape-vape-factory-direct\/","title":{"rendered":"Bang Legend 150000 150k Puffs 6 w 1 Smaki Jednorazowe Vape-Vape Factory Direct"},"content":{"rendered":"<p><strong data-sourcepos=\"4:5-4:47\">Jednorazowy waporyzator Bang Legend 150K Puffs<\/strong> na nowo definiuje wytrzyma\u0142o\u015b\u0107 podczas wapowania <strong data-sourcepos=\"4:80-4:108\">150 000 bardzo d\u0142ugich zaci\u0105gni\u0119\u0107<\/strong> I <strong data-sourcepos=\"4:113-4:141\">Technologia smaku 6 w 1<\/strong>. <strong data-sourcepos=\"4:155-4:177\">system potr\u00f3jny<\/strong>, <strong data-sourcepos=\"4:179-4:197\">Bateria 850 mAh<\/strong>, I <strong data-sourcepos=\"4:203-4:216\">cewka siatkowa<\/strong>, oferuje <strong data-sourcepos=\"4:228-4:257\">Opcje nikotynowe 2%\/3%\/5%<\/strong> I <strong data-sourcepos=\"4:262-4:297\">12 konfigurowalnych profili smakowych<\/strong>. <strong data-sourcepos=\"4:303-4:318\">Wy\u015bwietlacz LED<\/strong> \u015bledzi u\u017cycie podczas <strong data-sourcepos=\"4:338-4:357\">\u0141adowanie typu C<\/strong> zapewnia szybkie do\u0142adowania. <strong data-sourcepos=\"4:400-4:415\">entuzja\u015bci<\/strong> I <strong data-sourcepos=\"4:420-4:433\">detali\u015bci<\/strong> z <strong data-sourcepos=\"4:439-4:460\">Opakowanie 10 sztuk<\/strong>.<\/p>\n<p>&nbsp;<\/p>\n<h2><span style=\"font-size: 100%;\">Bang Legend 150000 | 150k Puffs 6 w 1 Smaki Jednorazowy Vape <strong data-sourcepos=\"6:5-6:27\">Dane techniczne<\/strong><\/span><\/h2>\n<p><strong data-sourcepos=\"7:3-7:17\">Liczba puf\u00f3w<\/strong>:\u00a0<strong data-sourcepos=\"7:19-7:36\">150 000 zaci\u0105gni\u0119\u0107<\/strong><\/p>\n<p><strong data-sourcepos=\"8:3-8:19\">Tryby smakowe<\/strong>:\u00a0<strong data-sourcepos=\"8:21-8:39\">6 kombinacji<\/strong>\u00a0(A\/B\/C\/AB\/AC\/BC)<\/p>\n<p><strong data-sourcepos=\"9:3-9:15\">Nikotyna<\/strong>:\u00a0<strong data-sourcepos=\"9:17-9:33\">2% \/ 3% \/ 5%<\/strong><\/p>\n<p><strong data-sourcepos=\"10:3-10:12\">Czo\u0142gi<\/strong>:\u00a0<strong data-sourcepos=\"10:14-10:36\">System potr\u00f3jny<\/strong><\/p>\n<p><strong data-sourcepos=\"11:3-11:14\">Bateria<\/strong>:\u00a0<strong data-sourcepos=\"11:16-11:39\">Akumulator o pojemno\u015bci 850 mAh<\/strong><\/p>\n<p><strong data-sourcepos=\"12:3-12:11\">Cewka<\/strong>:\u00a0<strong data-sourcepos=\"12:13-12:33\">Cewka siatkowa (0,8 \u03a9)<\/strong><\/p>\n<p><strong data-sourcepos=\"13:3-13:14\">Wy\u015bwietlacz<\/strong>:\u00a0<strong data-sourcepos=\"13:16-13:30\">Ekran LED<\/strong><\/p>\n<p><strong data-sourcepos=\"14:3-14:15\">\u0141adowanie<\/strong>:\u00a0<strong data-sourcepos=\"14:17-14:41\">Szybkie \u0142adowanie typu C<\/strong><\/p>\n<p><strong data-sourcepos=\"15:3-15:16\">Opakowanie<\/strong>:\u00a0<strong data-sourcepos=\"15:18-15:40\">10 sztuk\/pude\u0142ko wystawowe<\/strong><\/p>\n<p>&nbsp;<\/p>\n<h3><span style=\"font-size: 100%;\">Bang Legend 150000 | 150k Puffs 6 w 1 Smaki Jednorazowy Vape <strong data-sourcepos=\"22:5-22:25\">Wyb\u00f3r smaku<\/strong><\/span><\/h3>\n<p><strong>1.l\u00f3d brzoskwiniowy \/ brzoskwinia mango \/ brzoskwinia jagodowa \/ brzoskwinia lodowa mango brzoskwinia \/ brzoskwinia lodowa brzoskwinia jagodowa \/ brzoskwinia mango brzoskwinia jagodowa<\/strong><\/p>\n<p><strong>2. l\u00f3d ananasowy \/ ananas kokosowy \/ kiwi l\u00f3d ananasowy \/ l\u00f3d ananasowy ananas kokosowy \/ l\u00f3d ananasowy kiwi l\u00f3d ananasowy \/ ananas kokosowy kiwi l\u00f3d ananasowy<\/strong><\/p>\n<p><strong>3. l\u00f3d winogronowy \/ guma balonowa winogronowa \/ winogrona malinowe \/ guma balonowa lodowa winogronowa \/ lody winogronowe winogrona malinowe \/ guma balonowa winogronowa winogrona malinowe<\/strong><\/p>\n<p><strong>4. l\u00f3d arbuzowy \/ jagody arbuza \/ arbuz truskawkowy \/ l\u00f3d arbuzowy jagody arbuza \/ l\u00f3d arbuzowy arbuz truskawkowy \/ jagody arbuza arbuz truskawkowy<\/strong><\/p>\n<p><strong>5. l\u00f3d jagodowy \/ jagoda malina \/ jagoda \u017curawina wi\u015bnia \/ l\u00f3d jagoda jagoda malina \/ l\u00f3d jagoda jagoda \u017curawina wi\u015bnia \/ jagoda malina jagoda \u017curawina wi\u015bnia<\/strong><\/p>\n<p><strong>6.banan l\u00f3d\/truskawka banan\/kwas cytrynowy pomara\u0144cza\/banan l\u00f3d truskawka banan\/banan l\u00f3d kwas cytrynowy pomara\u0144cza\/truskawka banan kwas cytrynowy pomara\u0144cza<\/strong><\/p>\n<p><strong>7. l\u00f3d jab\u0142kowy \/ winogrono jab\u0142kowe \/ winogrono jagodowe \/ l\u00f3d jab\u0142kowy winogrono \/ l\u00f3d jab\u0142kowy winogrono jagodowe \/ winogrono jagodowe \/ winogrono jagodowe<\/strong><\/p>\n<p><strong>8. l\u00f3d mango \/ arbuz brzoskwiniowo-mango \/ \u017celek mi\u015b \/ l\u00f3d mango brzoskwiniowo-mango arbuz \/ \u017celek mi\u015b lodowy mango \/ \u017celek mi\u015b brzoskwiniowo-mango arbuzowy<\/strong><\/p>\n<p><strong>9. l\u00f3d wi\u015bniowy \/ mieszanka jag\u00f3d \/ czerwona cola \/ mieszanka jag\u00f3d wi\u015bniowych \/ czerwona cola wi\u015bniowa \/ mieszanka jag\u00f3d czerwona cola<\/strong><\/p>\n<p><strong>10.red bull \/ arbuzowa guma balonowa \/ love 66 \/ red bull arbuzowa guma balonowa \/ red bull love 66 \/ arbuzowa guma balonowa love 66<\/strong><\/p>\n<p><strong>11.l\u00f3d truskawkowy \/ kiwi truskawkowe \/ liczi truskawkowe \/ lody truskawkowe kiwi truskawkowe \/ lody truskawkowe liczi truskawkowe \/ kiwi truskawkowe liczi truskawkowe<\/strong><\/p>\n<p><strong>12.fassionate marakuja \/ limonka z gujawy \/ marakuja cytryna \/ fascynuj\u0105ca marakuja z limonk\u0105 guawa \/ fascynuj\u0105ca marakuja z marakui cytryna \/ gujawa z limonki marakuja cytryna<\/strong><\/p>\n<p><img loading=\"lazy\" decoding=\"async\" class=\"alignnone wp-image-4493 size-full\" src=\"https:\/\/pgvape.com\/wp-content\/uploads\/2025\/10\/pgvape-Bang-Legend-150000-150k-Puffs-6-in-1-Flavors-Disposable-Vape-4.png\" alt=\"Dwana\u015bcie b\u0142yszcz\u0105cych, czarnych urz\u0105dze\u0144 do waporyzacji u\u0142o\u017conych w siatk\u0119, ka\u017cde oznaczone \u017cyw\u0105 neonow\u0105 ilustracj\u0105 ma\u0142py, r\u00f3\u017cnymi kolorami i nazwami smak\u00f3w z motywem owoc\u00f3w, a tak\u017ce ma\u0142ymi ikonami i numerowanymi przewodnikami po kombinacjach smak\u00f3w wydrukowanymi poni\u017cej.\" width=\"1292\" height=\"1500\" srcset=\"https:\/\/pgvape.com\/wp-content\/uploads\/2025\/10\/pgvape-Bang-Legend-150000-150k-Puffs-6-in-1-Flavors-Disposable-Vape-4.png 1292w, https:\/\/pgvape.com\/wp-content\/uploads\/2025\/10\/pgvape-Bang-Legend-150000-150k-Puffs-6-in-1-Flavors-Disposable-Vape-4-310x360.png 310w, https:\/\/pgvape.com\/wp-content\/uploads\/2025\/10\/pgvape-Bang-Legend-150000-150k-Puffs-6-in-1-Flavors-Disposable-Vape-4-595x691.png 595w, https:\/\/pgvape.com\/wp-content\/uploads\/2025\/10\/pgvape-Bang-Legend-150000-150k-Puffs-6-in-1-Flavors-Disposable-Vape-4-345x400.png 345w, https:\/\/pgvape.com\/wp-content\/uploads\/2025\/10\/pgvape-Bang-Legend-150000-150k-Puffs-6-in-1-Flavors-Disposable-Vape-4-768x892.png 768w, https:\/\/pgvape.com\/wp-content\/uploads\/2025\/10\/pgvape-Bang-Legend-150000-150k-Puffs-6-in-1-Flavors-Disposable-Vape-4-10x12.png 10w, https:\/\/pgvape.com\/wp-content\/uploads\/2025\/10\/pgvape-Bang-Legend-150000-150k-Puffs-6-in-1-Flavors-Disposable-Vape-4-600x697.png 600w, https:\/\/pgvape.com\/wp-content\/uploads\/2025\/10\/pgvape-Bang-Legend-150000-150k-Puffs-6-in-1-Flavors-Disposable-Vape-4-34x40.png 34w\" sizes=\"auto, (max-width: 1292px) 100vw, 1292px\" \/><\/p>\n<p>&nbsp;<\/p>\n<h3><span style=\"font-size: 90%;\">Bang Legend 150000 | 150k Puffs 6 w 1 Smaki Jednorazowy Vape <strong>Wideo<\/strong>:<\/span><\/h3>\n<p>&nbsp;<\/p>\n<h2><span style=\"font-size: 100%;\">Cz\u0119sto zadawane pytania dotycz\u0105ce Bang Legend 150000 | 150 tys. Puff\u00f3w 6 w 1 smakach Jednorazowy waporyzator<\/span><\/h2>\n<p data-sourcepos=\"25:1-26:100\">\u2753 <strong data-sourcepos=\"25:3-25:35\">Jak dzia\u0142a smak 6 w 1?<\/strong><br \/>\n\u2705Wymieszaj <strong data-sourcepos=\"26:7-26:26\">dowolne 2-3 smaki<\/strong> z potr\u00f3jnych zbiornik\u00f3w <strong data-sourcepos=\"26:53-26:70\">niestandardowe mieszanki<\/strong> lub ciesz si\u0119 nimi indywidualnie.<\/p>\n<p data-sourcepos=\"28:1-29:88\">\u2753 <strong data-sourcepos=\"28:3-28:31\">Co gwarantuje 150 tys. zaci\u0105gni\u0119\u0107?<\/strong><br \/>\n\u2705 <strong data-sourcepos=\"29:3-29:35\">Zoptymalizowana konstrukcja z trzema zbiornikami<\/strong> + <strong data-sourcepos=\"29:38-29:61\">wydajna cewka siatkowa<\/strong> maksymalizuj zu\u017cycie e-liquidu.<\/p>\n<p data-sourcepos=\"31:1-32:82\">\u2753 <strong data-sourcepos=\"31:3-31:38\">Czy produkcja pary jest imponuj\u0105ca?<\/strong><br \/>\n\u2705 <strong data-sourcepos=\"32:3-32:16\">Cewka siatkowa<\/strong> dostarcza <strong data-sourcepos=\"32:26-32:47\">40% g\u0119stsze chmury<\/strong> z <strong data-sourcepos=\"32:53-32:79\">zerowy kompromis smakowy<\/strong>.<\/p>\n<p data-sourcepos=\"34:1-35:83\">\u2753 <strong data-sourcepos=\"34:3-34:30\">Opakowanie gotowe do sprzeda\u017cy detalicznej?<br \/>\n<\/strong> \u2705 <strong data-sourcepos=\"35:3-35:36\">Przyci\u0105gaj\u0105ce wzrok wy\u015bwietlacze sk\u0142adaj\u0105ce si\u0119 z 10 jednostek<\/strong> z <strong data-sourcepos=\"35:42-35:66\">przewodniki po matrycy smak\u00f3w<\/strong> dla klient\u00f3w.<\/p>\n<p>&nbsp;<\/p>\n<h3 id=\"brxe-najhln\" class=\"brxe-heading\">Cz\u0119sto zadawane pytania (FAQ)<\/h3>\n<div id=\"brxe-rajiac\" class=\"brxe-text\">\n<p><strong>P: Jakie metody p\u0142atno\u015bci akceptujecie?<\/strong><br \/>\nOdp.: Akceptujemy PayPal, Stripe, przelewy bankowe (obs\u0142ugiwane SEPA), g\u0142\u00f3wne karty kredytowe (Visa, MasterCard, American Express) i p\u0142atno\u015bci w kryptowalutach.<\/p>\n<p><strong>P: Jak d\u0142ugo trwa przygotowanie zam\u00f3wienia?<\/strong><br \/>\nOdp.: Przygotowanie zam\u00f3wienia zajmuje 1-3 dni robocze.<\/p>\n<p><strong>P: Jaki jest czas wysy\u0142ki?<\/strong><br \/>\nOdp.: Czas wysy\u0142ki wynosi 7-14 dni roboczych, w zale\u017cno\u015bci od Twojej lokalizacji.<\/p>\n<p><strong>P: Jak mog\u0119 \u015bledzi\u0107 moje zam\u00f3wienie?<\/strong><br \/>\nOdp.: Po wysy\u0142ce otrzymasz wiadomo\u015b\u0107 e-mail z potwierdzeniem i numerem przesy\u0142ki umo\u017cliwiaj\u0105cym \u015bledzenie w czasie rzeczywistym.<\/p>\n<p><strong>P: Jaka jest Twoja polityka zwrot\u00f3w?<\/strong><br \/>\nOdp.: Oferujemy 30-dniow\u0105 polityk\u0119 zwrot\u00f3w lub wymiany. .<\/p>\n<p><strong>P: Czy wyst\u0105pi\u0105 jakie\u015b problemy celne?<br \/>\n<\/strong>Obs\u0142ugujemy wszystkie procedury odprawy celnej, aby zapewni\u0107 Ci bezproblemow\u0105 obs\u0142ug\u0119. .<\/p>\n<p><strong>P: Jakie metody wysy\u0142ki s\u0105 stosowane?<\/strong><br \/>\nWsp\u00f3\u0142pracujemy z firmami UPS\/DHL\/FEDEX\/DPD itp. W zale\u017cno\u015bci od kraju dostawy wybierzemy odpowiedni\u0105 opcj\u0119 wysy\u0142ki, tak aby produkty dotar\u0142y do \u200b\u200bPa\u0144stwa najszybciej jak to mo\u017cliwe.<\/p>\n<p><a href=\"https:\/\/pgvape.com\/pl\/czesto-zadawane-pytania\/\">Kliknij tutaj, aby uzyska\u0107 wi\u0119cej cz\u0119sto zadawanych pyta\u0144<\/a><\/p>\n<p>Szanowni klienci, je\u015bli masz jakiekolwiek pytania dotycz\u0105ce zam\u00f3wienia lub przybycia towaru, skontaktuj si\u0119 z naszym dzia\u0142em obs\u0142ugi klienta. Dzi\u0119kuj\u0119!<\/p>\n<h3 data-sourcepos=\"73:1-73:21\"><strong data-sourcepos=\"73:7-73:21\">Skontaktuj si\u0119 z nami<\/strong><\/h3>\n<div id=\"text-2419739398\" class=\"text\">\n<p><strong data-sourcepos=\"75:3-75:12\">E-mail<\/strong>:\u00a0<a href=\"mailto:support@pgvape.com\"><strong>support@pgvape.com<\/strong><\/a><\/p>\n<p><strong data-sourcepos=\"76:3-76:15\">WhatsApp<\/strong>: <a href=\"https:\/\/wa.me\/+8618128481258\"><strong>+86 18128481258<\/strong><\/a><br \/>\n<strong>(Odpowied\u017a w ci\u0105gu 24 godzin w dni robocze)<\/strong><\/p>\n<\/div>\n<h3><strong>Dzi\u0119kujemy za wybranie pgvape.com! .<\/strong><\/h3>\n<\/div>","protected":false},"excerpt":{"rendered":"<p><strong data-sourcepos=\"38:5-38:25\">Bang Legenda 150 tys<\/strong> wyznacza standardy z <strong data-sourcepos=\"38:50-38:77\">niezr\u00f3wnane 150 000 zaci\u0105gni\u0119\u0107<\/strong>, <strong data-sourcepos=\"38:79-38:106\">elastyczno\u015b\u0107 potr\u00f3jnego zbiornika<\/strong>, I <strong data-sourcepos=\"38:112-38:133\">12 system\u00f3w smakowych<\/strong>. <strong data-sourcepos=\"38:160-38:181\">ekstremalna trwa\u0142o\u015b\u0107<\/strong> I <strong data-sourcepos=\"38:186-38:208\">konfigurowalny smak<\/strong>.<\/p>","protected":false},"featured_media":4491,"comment_status":"open","ping_status":"closed","template":"","meta":{"_seopress_robots_primary_cat":"none","_seopress_titles_title":"%%post_title%% %%sep%% %%sitetitle%%","_seopress_titles_desc":"","_seopress_robots_index":""},"product_brand":[72,516],"product_cat":[368,71,515],"product_tag":[370,253,369,90,59,217],"class_list":{"0":"post-4487","1":"product","2":"type-product","3":"status-publish","4":"has-post-thumbnail","6":"product_brand-bang-legend-vape","7":"product_brand-disposable-vape","8":"product_cat-150k-puffs-vape","9":"product_cat-bang-legend-vape","10":"product_cat-disposable-vape","11":"product_tag-150k-puffs-vape","12":"product_tag-6-in-1-flavors","13":"product_tag-bang-legend-150000","14":"product_tag-disposable-vape","15":"product_tag-mouth-to-lung-mtl","16":"product_tag-smart-display-screen","18":"first","19":"instock","20":"sale","21":"shipping-taxable","22":"purchasable","23":"product-type-variable"},"_links":{"self":[{"href":"https:\/\/pgvape.com\/pl\/wp-json\/wp\/v2\/product\/4487","targetHints":{"allow":["GET"]}}],"collection":[{"href":"https:\/\/pgvape.com\/pl\/wp-json\/wp\/v2\/product"}],"about":[{"href":"https:\/\/pgvape.com\/pl\/wp-json\/wp\/v2\/types\/product"}],"replies":[{"embeddable":true,"href":"https:\/\/pgvape.com\/pl\/wp-json\/wp\/v2\/comments?post=4487"}],"wp:featuredmedia":[{"embeddable":true,"href":"https:\/\/pgvape.com\/pl\/wp-json\/wp\/v2\/media\/4491"}],"wp:attachment":[{"href":"https:\/\/pgvape.com\/pl\/wp-json\/wp\/v2\/media?parent=4487"}],"wp:term":[{"taxonomy":"product_brand","embeddable":true,"href":"https:\/\/pgvape.com\/pl\/wp-json\/wp\/v2\/product_brand?post=4487"},{"taxonomy":"product_cat","embeddable":true,"href":"https:\/\/pgvape.com\/pl\/wp-json\/wp\/v2\/product_cat?post=4487"},{"taxonomy":"product_tag","embeddable":true,"href":"https:\/\/pgvape.com\/pl\/wp-json\/wp\/v2\/product_tag?post=4487"}],"curies":[{"name":"wp","href":"https:\/\/api.w.org\/{rel}","templated":true}]}}