{"id":4434,"date":"2025-10-25T10:26:08","date_gmt":"2025-10-25T10:26:08","guid":{"rendered":"https:\/\/pgvape.com\/?post_type=product&#038;p=4434"},"modified":"2026-01-12T08:37:13","modified_gmt":"2026-01-12T08:37:13","slug":"bang-lider-20000-20-tys-zaciagniec-jednorazowy-vape-0-2-3-5-nikotyna-12-smakow-ladowalny-vape-factory-direct","status":"publish","type":"product","link":"https:\/\/pgvape.com\/pl\/produkt\/bang-lider-20000-20-tys-zaciagniec-jednorazowy-vape-0-2-3-5-nikotyna-12-smakow-ladowalny-vape-factory-direct\/","title":{"rendered":"Bang Leader 20000 | 20K Puffs Jednorazowy Vape | 0% 2% 3% 5% Nikotyna | 12 Smak\u00f3w | Akumulator | Vape Factory Direct"},"content":{"rendered":"<p><strong data-sourcepos=\"4:5-4:48\">Jednorazowy waporyzator Bang Leader 20000 Puffs<\/strong> dostarcza <strong data-sourcepos=\"4:58-4:83\">przed\u0142u\u017con\u0105 satysfakcj\u0119<\/strong> z <strong data-sourcepos=\"4:89-4:105\">20 000 zaci\u0105gni\u0119\u0107<\/strong> I <strong data-sourcepos=\"4:110-4:136\">Pojemno\u015b\u0107 e-liquidu 28 ml<\/strong>. <strong data-sourcepos=\"4:148-4:167\">podw\u00f3jne cewki siatkowe<\/strong> Do <strong data-sourcepos=\"4:172-4:191\">wzmocniony smak<\/strong>, oferuje <strong data-sourcepos=\"4:203-4:235\">0%\/2%\/3%\/5% opcje nikotynowe<\/strong> aby spe\u0142ni\u0107 wszystkie preferencje. <strong data-sourcepos=\"4:265-4:296\">Akumulator o pojemno\u015bci 650 mAh<\/strong> z <strong data-sourcepos=\"4:302-4:321\">\u0141adowanie typu C<\/strong> zapewnia niezawodne dzia\u0142anie. <strong data-sourcepos=\"4:364-4:386\">12 smak\u00f3w premium<\/strong> W <strong data-sourcepos=\"4:390-4:424\">opakowanie gotowe do sprzeda\u017cy detalicznej zawieraj\u0105ce 10 sztuk<\/strong>.<img loading=\"lazy\" decoding=\"async\" class=\"alignnone wp-image-4470 size-full\" src=\"https:\/\/pgvape.com\/wp-content\/uploads\/2025\/10\/pgvape-Bang-Leader-20000-20K-Puffs-Rechargeable-Disposable-Vape-17.png\" alt=\"Reklama przedstawiaj\u0105ca trzy przechylone jednorazowe urz\u0105dzenia do waporyzacji Bang Leader z grafik\u0105 tygrysa i kolorowymi etykietami z gradientem (Blueberry Raspberry, Blueberry Mint, Strawberry Kiwi), pogrubionym tekstem z napisem 20000 PUFFS oraz ikonami informuj\u0105cymi o pojemno\u015bci 28 ml e-liquidu, \u0142adowaniu typu C, baterii 650 mAh i podw\u00f3jnej siatce, na tle wiruj\u0105cego neonu.\" width=\"1422\" height=\"800\" srcset=\"https:\/\/pgvape.com\/wp-content\/uploads\/2025\/10\/pgvape-Bang-Leader-20000-20K-Puffs-Rechargeable-Disposable-Vape-17.png 1422w, https:\/\/pgvape.com\/wp-content\/uploads\/2025\/10\/pgvape-Bang-Leader-20000-20K-Puffs-Rechargeable-Disposable-Vape-17-555x312.png 555w, https:\/\/pgvape.com\/wp-content\/uploads\/2025\/10\/pgvape-Bang-Leader-20000-20K-Puffs-Rechargeable-Disposable-Vape-17-595x335.png 595w, https:\/\/pgvape.com\/wp-content\/uploads\/2025\/10\/pgvape-Bang-Leader-20000-20K-Puffs-Rechargeable-Disposable-Vape-17-400x225.png 400w, https:\/\/pgvape.com\/wp-content\/uploads\/2025\/10\/pgvape-Bang-Leader-20000-20K-Puffs-Rechargeable-Disposable-Vape-17-768x432.png 768w, https:\/\/pgvape.com\/wp-content\/uploads\/2025\/10\/pgvape-Bang-Leader-20000-20K-Puffs-Rechargeable-Disposable-Vape-17-18x10.png 18w, https:\/\/pgvape.com\/wp-content\/uploads\/2025\/10\/pgvape-Bang-Leader-20000-20K-Puffs-Rechargeable-Disposable-Vape-17-600x338.png 600w, https:\/\/pgvape.com\/wp-content\/uploads\/2025\/10\/pgvape-Bang-Leader-20000-20K-Puffs-Rechargeable-Disposable-Vape-17-60x34.png 60w\" sizes=\"auto, (max-width: 1422px) 100vw, 1422px\" \/><\/p>\n<p>&nbsp;<\/p>\n<h2><span style=\"font-size: 90%;\">Bang Leader 20000 | 20K Puff\u00f3w Jednorazowy Vape <strong data-sourcepos=\"6:5-6:27\">Dane techniczne<\/strong><\/span><\/h2>\n<p><strong data-sourcepos=\"7:3-7:17\">Liczba puf\u00f3w<\/strong>:\u00a0<strong data-sourcepos=\"7:19-7:35\">20 000 zaci\u0105gni\u0119\u0107<\/strong><\/p>\n<p><strong data-sourcepos=\"8:3-8:15\">E-ciecz<\/strong>:\u00a0<strong data-sourcepos=\"8:17-8:34\">Pojemno\u015b\u0107 28ml<\/strong><\/p>\n<p><strong data-sourcepos=\"9:3-9:15\">Nikotyna<\/strong>:\u00a0<strong data-sourcepos=\"9:17-9:38\">0% \/ 2% \/ 3% \/ 5%<\/strong><\/p>\n<p><strong data-sourcepos=\"10:3-10:11\">Cewka<\/strong>:\u00a0<strong data-sourcepos=\"10:13-10:32\">Podw\u00f3jne cewki siatkowe<\/strong><\/p>\n<p><strong data-sourcepos=\"11:3-11:14\">Bateria<\/strong>:\u00a0<strong data-sourcepos=\"11:16-11:39\">Akumulator o pojemno\u015bci 650 mAh<\/strong><\/p>\n<p><strong data-sourcepos=\"12:3-12:15\">\u0141adowanie<\/strong>:\u00a0<strong data-sourcepos=\"12:17-12:41\">Szybkie \u0142adowanie typu C<\/strong><\/p>\n<p><strong data-sourcepos=\"13:3-13:13\">Projekt<\/strong>:\u00a0<strong data-sourcepos=\"13:15-13:41\">Lekki i przeno\u015bny<\/strong><\/p>\n<p><strong data-sourcepos=\"14:3-14:14\">Smaki<\/strong>:\u00a0<strong data-sourcepos=\"14:16-14:30\">12 opcji<\/strong><\/p>\n<p><strong data-sourcepos=\"15:3-15:16\">Opakowanie<\/strong>:\u00a0<strong data-sourcepos=\"15:18-15:40\">10 sztuk\/pude\u0142ko wystawowe<\/strong><\/p>\n<p>&nbsp;<\/p>\n<h3><span style=\"font-size: 90%;\">Bang Leader 20000 | 20K Puff\u00f3w Jednorazowy Vape <strong data-sourcepos=\"17:5-17:25\">Wyb\u00f3r smaku<\/strong><\/span><\/h3>\n<p><strong data-sourcepos=\"18:4-18:22\">1.L\u00f3d arbuzowy<\/strong><\/p>\n<p><strong data-sourcepos=\"19:4-19:23\">2.Truskawkowe Kiwi<\/strong><\/p>\n<p><strong data-sourcepos=\"20:4-20:22\">3.L\u00f3d truskawkowy<\/strong><\/p>\n<p><strong data-sourcepos=\"21:4-21:19\">4.Brzoskwinia Mango<\/strong><\/p>\n<p><strong data-sourcepos=\"22:4-22:27\">5.Malina jagodowa<\/strong><\/p>\n<p><strong data-sourcepos=\"23:4-23:22\">6. Jagoda Mi\u0119ta<\/strong><\/p>\n<p><strong data-sourcepos=\"24:4-24:17\">7.Wymieszaj owoce<\/strong><\/p>\n<p><strong data-sourcepos=\"25:4-25:29\">8. Arbuz Truskawkowy<\/strong><\/p>\n<p><strong data-sourcepos=\"26:4-26:17\">9. L\u00f3d winogronowy<\/strong><\/p>\n<p><strong data-sourcepos=\"27:5-27:30\">10. Arbuzowa guma balonowa<\/strong><\/p>\n<p><strong data-sourcepos=\"28:5-28:22\">11.L\u00f3d jagodowy<\/strong><\/p>\n<p><strong data-sourcepos=\"29:5-29:18\">12.Brzoskwiniowy l\u00f3d<br \/>\n<img loading=\"lazy\" decoding=\"async\" class=\"alignnone wp-image-4461 size-full\" src=\"https:\/\/pgvape.com\/wp-content\/uploads\/2025\/10\/pgvape-Bang-Leader-20000-20K-Puffs-Rechargeable-Disposable-Vape-7.png\" alt=\"Baner promocyjny jednorazowych vape\u00f3w BANG Leader 20000 puff\u00f3w przedstawiaj\u0105cy siatk\u0119 ilustrowanych puszek ze smakiem na fioletowo-niebieskim, zadymionym tle oraz neonow\u0105 scen\u0119 po prawej stronie z dwiema du\u017cymi puszkami vape, du\u017cym nag\u0142\u00f3wkiem \u201c20000 Puffs\u201d i ikonami wskazuj\u0105cymi 28 ml, typ C, 650 mAh i podw\u00f3jn\u0105 siatk\u0119.\" width=\"1463\" height=\"800\" srcset=\"https:\/\/pgvape.com\/wp-content\/uploads\/2025\/10\/pgvape-Bang-Leader-20000-20K-Puffs-Rechargeable-Disposable-Vape-7.png 1463w, https:\/\/pgvape.com\/wp-content\/uploads\/2025\/10\/pgvape-Bang-Leader-20000-20K-Puffs-Rechargeable-Disposable-Vape-7-555x303.png 555w, https:\/\/pgvape.com\/wp-content\/uploads\/2025\/10\/pgvape-Bang-Leader-20000-20K-Puffs-Rechargeable-Disposable-Vape-7-595x325.png 595w, https:\/\/pgvape.com\/wp-content\/uploads\/2025\/10\/pgvape-Bang-Leader-20000-20K-Puffs-Rechargeable-Disposable-Vape-7-400x219.png 400w, https:\/\/pgvape.com\/wp-content\/uploads\/2025\/10\/pgvape-Bang-Leader-20000-20K-Puffs-Rechargeable-Disposable-Vape-7-768x420.png 768w, https:\/\/pgvape.com\/wp-content\/uploads\/2025\/10\/pgvape-Bang-Leader-20000-20K-Puffs-Rechargeable-Disposable-Vape-7-18x10.png 18w, https:\/\/pgvape.com\/wp-content\/uploads\/2025\/10\/pgvape-Bang-Leader-20000-20K-Puffs-Rechargeable-Disposable-Vape-7-600x328.png 600w, https:\/\/pgvape.com\/wp-content\/uploads\/2025\/10\/pgvape-Bang-Leader-20000-20K-Puffs-Rechargeable-Disposable-Vape-7-60x33.png 60w\" sizes=\"auto, (max-width: 1463px) 100vw, 1463px\" \/><br \/>\n<\/strong><\/p>\n<p>&nbsp;<\/p>\n<h3><span style=\"font-size: 90%;\">Bang Leader 20000 | 20K Puff\u00f3w Jednorazowy Vape <strong>Wideo<\/strong>:<\/span><\/h3>\n<p>&nbsp;<\/p>\n<h2><span style=\"font-size: 90%;\">Cz\u0119sto zadawane pytania dotycz\u0105ce Bang Leader 20000 | 20K Puff\u00f3w Jednorazowy Vape<\/span><\/h2>\n<p data-sourcepos=\"32:1-33:91\">\u2753 <strong data-sourcepos=\"32:3-32:48\">Co wyr\u00f3\u017cnia jako\u015b\u0107 pary?<\/strong><br \/>\n\u2705 <strong data-sourcepos=\"33:3-33:22\">Podw\u00f3jne cewki siatkowe<\/strong> dostarcza\u0107 <strong data-sourcepos=\"33:31-33:50\">30% wi\u0119cej smaku<\/strong> ni\u017c standardowe jednorazowe opakowania z pojedyncz\u0105 cewk\u0105.<\/p>\n<p data-sourcepos=\"35:1-36:87\">\u2753 <strong data-sourcepos=\"35:3-35:38\">Jak d\u0142ugo wytrzymuje bateria?<\/strong><br \/>\n\u2705 <strong data-sourcepos=\"36:3-36:22\">Pojemno\u015b\u0107 650 mAh<\/strong> obs\u0142uguje <strong data-sourcepos=\"36:32-36:48\">przed\u0142u\u017cone u\u017cytkowanie<\/strong>; <strong data-sourcepos=\"36:69-36:84\">~60 minut<\/strong>.<\/p>\n<p data-sourcepos=\"38:1-39:84\">\u2753 <strong data-sourcepos=\"38:3-38:35\">Czy to nadaje si\u0119 do sprzeda\u017cy detalicznej?<\/strong><br \/>\n\u2705 <strong data-sourcepos=\"39:3-39:28\">Pude\u0142ka ekspozycyjne na 10 sztuk<\/strong> z <strong data-sourcepos=\"39:34-39:59\">jasne oznaczenie smaku<\/strong> zmaksymalizowa\u0107 atrakcyjno\u015b\u0107 na p\u00f3\u0142ce.<\/p>\n<p data-sourcepos=\"41:1-42:97\">\u2753 <strong data-sourcepos=\"41:3-41:29\">Dla kogo jest to idealne rozwi\u0105zanie?<br \/>\n<\/strong> \u2705Idealny dla chc\u0105cych vaper\u00f3w <strong data-sourcepos=\"42:30-42:58\">d\u0142ugotrwa\u0142e dzia\u0142anie<\/strong> bez po\u015bwi\u0119ce\u0144 <strong data-sourcepos=\"42:79-42:94\">ruchliwo\u015b\u0107<\/strong>.<\/p>\n<p>&nbsp;<\/p>\n<h3 id=\"brxe-najhln\" class=\"brxe-heading\">Cz\u0119sto zadawane pytania (FAQ)<\/h3>\n<div id=\"brxe-rajiac\" class=\"brxe-text\">\n<p><strong>P: Jakie metody p\u0142atno\u015bci akceptujecie?<\/strong><br \/>\nOdp.: Akceptujemy PayPal, Stripe, przelewy bankowe (obs\u0142ugiwane SEPA), g\u0142\u00f3wne karty kredytowe (Visa, MasterCard, American Express) i p\u0142atno\u015bci w kryptowalutach.<\/p>\n<p><strong>P: Jak d\u0142ugo trwa przygotowanie zam\u00f3wienia?<\/strong><br \/>\nOdp.: Przygotowanie zam\u00f3wienia zajmuje 1-3 dni robocze.<\/p>\n<p><strong>P: Jaki jest czas wysy\u0142ki?<\/strong><br \/>\nOdp.: Czas wysy\u0142ki wynosi 7-14 dni roboczych, w zale\u017cno\u015bci od Twojej lokalizacji.<\/p>\n<p><strong>P: Jak mog\u0119 \u015bledzi\u0107 moje zam\u00f3wienie?<\/strong><br \/>\nOdp.: Po wysy\u0142ce otrzymasz wiadomo\u015b\u0107 e-mail z potwierdzeniem i numerem przesy\u0142ki umo\u017cliwiaj\u0105cym \u015bledzenie w czasie rzeczywistym.<\/p>\n<p><strong>P: Jaka jest Twoja polityka zwrot\u00f3w?<\/strong><br \/>\nOdp.: Oferujemy 30-dniow\u0105 polityk\u0119 zwrot\u00f3w lub wymiany. .<\/p>\n<p><strong>P: Czy wyst\u0105pi\u0105 jakie\u015b problemy celne?<br \/>\n<\/strong>Obs\u0142ugujemy wszystkie procedury odprawy celnej, aby zapewni\u0107 Ci bezproblemow\u0105 obs\u0142ug\u0119. .<\/p>\n<p><strong>P: Jakie metody wysy\u0142ki s\u0105 stosowane?<\/strong><br \/>\nWsp\u00f3\u0142pracujemy z firmami UPS\/DHL\/FEDEX\/DPD itp. W zale\u017cno\u015bci od kraju dostawy wybierzemy odpowiedni\u0105 opcj\u0119 wysy\u0142ki, tak aby produkty dotar\u0142y do \u200b\u200bPa\u0144stwa najszybciej jak to mo\u017cliwe.<\/p>\n<p><a href=\"https:\/\/pgvape.com\/pl\/czesto-zadawane-pytania\/\">Kliknij tutaj, aby uzyska\u0107 wi\u0119cej cz\u0119sto zadawanych pyta\u0144<\/a><\/p>\n<p>Szanowni klienci, je\u015bli masz jakiekolwiek pytania dotycz\u0105ce zam\u00f3wienia lub przybycia towaru, skontaktuj si\u0119 z naszym dzia\u0142em obs\u0142ugi klienta. Dzi\u0119kuj\u0119!<\/p>\n<h3 data-sourcepos=\"73:1-73:21\"><strong data-sourcepos=\"73:7-73:21\">Skontaktuj si\u0119 z nami<\/strong><\/h3>\n<div id=\"text-2419739398\" class=\"text\">\n<p><strong data-sourcepos=\"75:3-75:12\">E-mail<\/strong>:\u00a0<a href=\"mailto:support@pgvape.com\"><strong>support@pgvape.com<\/strong><\/a><\/p>\n<p><strong data-sourcepos=\"76:3-76:15\">WhatsApp<\/strong>: <a href=\"https:\/\/wa.me\/+8618128481258\"><strong>+86 18128481258<\/strong><\/a><br \/>\n<strong>(Odpowied\u017a w ci\u0105gu 24 godzin w dni robocze)<\/strong><\/p>\n<\/div>\n<h3><strong>Dzi\u0119kujemy za wybranie pgvape.com! .<\/strong><\/h3>\n<\/div>","protected":false},"excerpt":{"rendered":"<p><strong data-sourcepos=\"45:5-45:32\">Bang Leader 20000 zaci\u0105gni\u0119\u0107<\/strong> \u0142\u0105czy <strong data-sourcepos=\"45:42-45:71\">wydajno\u015b\u0107 o du\u017cej pojemno\u015bci<\/strong>, <strong data-sourcepos=\"45:73-45:97\">technologi\u0119 podw\u00f3jnej cewki<\/strong>, I <strong data-sourcepos=\"45:103-45:124\">12 opcji smakowych<\/strong> w <strong data-sourcepos=\"45:130-45:156\">elegancka, przeno\u015bna konstrukcja<\/strong>.<\/p>","protected":false},"featured_media":4455,"comment_status":"open","ping_status":"closed","template":"","meta":{"_seopress_robots_primary_cat":"none","_seopress_titles_title":"%%post_title%% %%sep%% %%sitetitle%%","_seopress_titles_desc":"","_seopress_robots_index":""},"product_brand":[54,516],"product_cat":[84,32,515],"product_tag":[367,366,90,243,59,259],"class_list":{"0":"post-4434","1":"product","2":"type-product","3":"status-publish","4":"has-post-thumbnail","6":"product_brand-bang-leader-vape","7":"product_brand-disposable-vape","8":"product_cat-20k-puffs-vape","9":"product_cat-bang-leader-vape","10":"product_cat-disposable-vape","11":"product_tag-20k-puffs-vape","12":"product_tag-bang-leader-20000","13":"product_tag-disposable-vape","14":"product_tag-dual-mesh","15":"product_tag-mouth-to-lung-mtl","16":"product_tag-rechargeable","18":"first","19":"instock","20":"sale","21":"shipping-taxable","22":"purchasable","23":"product-type-variable","24":"has-default-attributes"},"_links":{"self":[{"href":"https:\/\/pgvape.com\/pl\/wp-json\/wp\/v2\/product\/4434","targetHints":{"allow":["GET"]}}],"collection":[{"href":"https:\/\/pgvape.com\/pl\/wp-json\/wp\/v2\/product"}],"about":[{"href":"https:\/\/pgvape.com\/pl\/wp-json\/wp\/v2\/types\/product"}],"replies":[{"embeddable":true,"href":"https:\/\/pgvape.com\/pl\/wp-json\/wp\/v2\/comments?post=4434"}],"wp:featuredmedia":[{"embeddable":true,"href":"https:\/\/pgvape.com\/pl\/wp-json\/wp\/v2\/media\/4455"}],"wp:attachment":[{"href":"https:\/\/pgvape.com\/pl\/wp-json\/wp\/v2\/media?parent=4434"}],"wp:term":[{"taxonomy":"product_brand","embeddable":true,"href":"https:\/\/pgvape.com\/pl\/wp-json\/wp\/v2\/product_brand?post=4434"},{"taxonomy":"product_cat","embeddable":true,"href":"https:\/\/pgvape.com\/pl\/wp-json\/wp\/v2\/product_cat?post=4434"},{"taxonomy":"product_tag","embeddable":true,"href":"https:\/\/pgvape.com\/pl\/wp-json\/wp\/v2\/product_tag?post=4434"}],"curies":[{"name":"wp","href":"https:\/\/api.w.org\/{rel}","templated":true}]}}