{"id":4392,"date":"2025-10-25T09:24:12","date_gmt":"2025-10-25T09:24:12","guid":{"rendered":"https:\/\/pgvape.com\/?post_type=product&#038;p=4392"},"modified":"2025-12-15T12:27:13","modified_gmt":"2025-12-15T12:27:13","slug":"bang-lider-45000-45k-zaciagniec-podwojne-smaki-jednorazowe-vape-0-2-3-5-nikotyna-podwojna-cewka-z-siatka-wyswietlacz-led-vape-factory-direct","status":"publish","type":"product","link":"https:\/\/pgvape.com\/pl\/produkt\/bang-lider-45000-45k-zaciagniec-podwojne-smaki-jednorazowe-vape-0-2-3-5-nikotyna-podwojna-cewka-z-siatka-wyswietlacz-led-vape-factory-direct\/","title":{"rendered":"Bang Leader 45000 | 45k Puffs Dual Favours Jednorazowy Vape | 0% 2% 3% 5% Nikotyna | Podw\u00f3jna cewka siatkowa | Wy\u015bwietlacz LED | Vape Factory Direct"},"content":{"rendered":"<p><strong data-sourcepos=\"4:5-4:46\">Jednorazowy Vape Bang Leader 45K Puffs<\/strong> dostarcza <strong data-sourcepos=\"4:56-4:88\">przed\u0142u\u017cona satysfakcja z wapowania<\/strong> z <strong data-sourcepos=\"4:94-4:110\">45 000 zaci\u0105gni\u0119\u0107<\/strong> i a <strong data-sourcepos=\"4:117-4:139\">system podw\u00f3jnego smaku<\/strong>. <strong data-sourcepos=\"4:151-4:170\">podw\u00f3jne cewki siatkowe<\/strong> Do <strong data-sourcepos=\"4:175-4:204\">zwi\u0119kszona produkcja pary<\/strong>, oferuje <strong data-sourcepos=\"4:216-4:248\">0%\/2%\/3%\/5% opcje nikotynowe<\/strong> I <strong data-sourcepos=\"4:253-4:287\">12 doskona\u0142ych kombinacji smakowych<\/strong>. <strong data-sourcepos=\"4:293-4:324\">Akumulator o pojemno\u015bci 650 mAh<\/strong> z <strong data-sourcepos=\"4:330-4:349\">\u0141adowanie typu C<\/strong> I <strong data-sourcepos=\"4:354-4:377\">Cyfrowy wy\u015bwietlacz LED<\/strong> zapewnia wygodne, nieprzerwane u\u017cytkowanie. <strong data-sourcepos=\"4:426-4:446\">10 sztuk w pude\u0142ku<\/strong> dla wygody sprzeda\u017cy detalicznej.<br \/>\n<img loading=\"lazy\" decoding=\"async\" class=\"alignnone wp-image-4407 size-full\" src=\"https:\/\/pgvape.com\/wp-content\/uploads\/2025\/10\/pgvape-Bang-Leader-45000-45k-Puffs-Dual-Flavors-Disposable-Vape-11.png\" alt=\"Kolorowa reklama przedstawiaj\u0105ca pi\u0119\u0107 gradientowych urz\u0105dze\u0144 do waporyzacji Bang Leader ze stylizowanymi logo ma\u0142p rozmieszczonymi pod k\u0105tem, du\u017cym tekstem 45000 Puffs i RECHARGEABLE, etykiet\u0105 &#039;DOUBLE FLAVOR&#039; oraz ikonami typu C, baterii 650 mAh i podw\u00f3jnej siatki.\" width=\"1800\" height=\"1004\" srcset=\"https:\/\/pgvape.com\/wp-content\/uploads\/2025\/10\/pgvape-Bang-Leader-45000-45k-Puffs-Dual-Flavors-Disposable-Vape-11.png 1800w, https:\/\/pgvape.com\/wp-content\/uploads\/2025\/10\/pgvape-Bang-Leader-45000-45k-Puffs-Dual-Flavors-Disposable-Vape-11-555x310.png 555w, https:\/\/pgvape.com\/wp-content\/uploads\/2025\/10\/pgvape-Bang-Leader-45000-45k-Puffs-Dual-Flavors-Disposable-Vape-11-595x332.png 595w, https:\/\/pgvape.com\/wp-content\/uploads\/2025\/10\/pgvape-Bang-Leader-45000-45k-Puffs-Dual-Flavors-Disposable-Vape-11-400x223.png 400w, https:\/\/pgvape.com\/wp-content\/uploads\/2025\/10\/pgvape-Bang-Leader-45000-45k-Puffs-Dual-Flavors-Disposable-Vape-11-768x428.png 768w, https:\/\/pgvape.com\/wp-content\/uploads\/2025\/10\/pgvape-Bang-Leader-45000-45k-Puffs-Dual-Flavors-Disposable-Vape-11-1536x857.png 1536w, https:\/\/pgvape.com\/wp-content\/uploads\/2025\/10\/pgvape-Bang-Leader-45000-45k-Puffs-Dual-Flavors-Disposable-Vape-11-18x10.png 18w, https:\/\/pgvape.com\/wp-content\/uploads\/2025\/10\/pgvape-Bang-Leader-45000-45k-Puffs-Dual-Flavors-Disposable-Vape-11-600x335.png 600w, https:\/\/pgvape.com\/wp-content\/uploads\/2025\/10\/pgvape-Bang-Leader-45000-45k-Puffs-Dual-Flavors-Disposable-Vape-11-60x33.png 60w\" sizes=\"auto, (max-width: 1800px) 100vw, 1800px\" \/><\/p>\n<p>&nbsp;<\/p>\n<h2><span style=\"font-size: 90%;\">Bang Leader 45000 | 45k Puffs Jednorazowy Vape o podw\u00f3jnych smakach <strong data-sourcepos=\"6:5-6:27\">Dane techniczne<\/strong><\/span><\/h2>\n<p><strong data-sourcepos=\"7:3-7:17\">Liczba puf\u00f3w<\/strong>:\u00a0<strong data-sourcepos=\"7:19-7:35\">45 000 zaci\u0105gni\u0119\u0107<\/strong><\/p>\n<p><strong data-sourcepos=\"8:3-8:20\">System smakowy<\/strong>:\u00a0<strong data-sourcepos=\"8:22-8:47\">Prze\u0142\u0105czanie dw\u00f3ch smak\u00f3w<\/strong><\/p>\n<p><strong data-sourcepos=\"9:3-9:15\">Nikotyna<\/strong>:\u00a0<strong data-sourcepos=\"9:17-9:38\">0% \/ 2% \/ 3% \/ 5%<\/strong><\/p>\n<p><strong data-sourcepos=\"10:3-10:11\">Cewka<\/strong>:\u00a0<strong data-sourcepos=\"10:13-10:38\">Cewka z podw\u00f3jn\u0105 siatk\u0105 (1,0 \u03a9)<\/strong><\/p>\n<p><strong data-sourcepos=\"11:3-11:14\">Bateria<\/strong>:\u00a0<strong data-sourcepos=\"11:16-11:39\">Akumulator o pojemno\u015bci 650 mAh<\/strong><\/p>\n<p><strong data-sourcepos=\"12:3-12:15\">\u0141adowanie<\/strong>:\u00a0<strong data-sourcepos=\"12:17-12:41\">Szybkie \u0142adowanie typu C<\/strong><\/p>\n<p><strong data-sourcepos=\"13:3-13:14\">Wy\u015bwietlacz<\/strong>:\u00a0<strong data-sourcepos=\"13:16-13:38\">Cyfrowy ekran LED<\/strong><\/p>\n<p><strong data-sourcepos=\"14:3-14:14\">Smaki<\/strong>:\u00a0<strong data-sourcepos=\"14:16-14:38\">12 wybranych opcji<\/strong><\/p>\n<p><strong data-sourcepos=\"15:3-15:16\">Opakowanie<\/strong>:\u00a0<strong data-sourcepos=\"15:18-15:40\">10 sztuk\/pude\u0142ko wystawowe<\/strong><\/p>\n<p>&nbsp;<\/p>\n<h3><span style=\"font-size: 90%;\">Bang Leader 45000 | 45k Puffs Jednorazowy Vape o podw\u00f3jnych smakach <strong data-sourcepos=\"17:5-17:28\">Kombinacje smakowe<\/strong><\/span><\/h3>\n<p><strong>1. L\u00f3d jagodowy i l\u00f3d czarnego smoka<\/strong><\/p>\n<p><strong>2. L\u00f3d jagodowy, truskawka i banan<\/strong><\/p>\n<p><strong>3. Arbuz z jagodami, malinami i brzoskwiniami i mango<\/strong><\/p>\n<p><strong>4. Arbuz jagodowy i mango truskawkowe<\/strong><\/p>\n<p><strong>5.Cola lodowa i wi\u015bniowa \u017curawina<\/strong><\/p>\n<p><strong>6. L\u00f3d ananasowy i potr\u00f3jne mango<\/strong><\/p>\n<p><strong>7. Arbuz Red Bull i Jagodowy<\/strong><\/p>\n<p><strong>8. Cukierki b\u0105belkowe Red Bull i Arbuz<\/strong><\/p>\n<p><strong>9. L\u00f3d truskawkowy, kiwi i brzoskwiniowy<\/strong><\/p>\n<p><strong>10. Truskawkowy arbuz i l\u00f3d winogronowy<\/strong><\/p>\n<p><strong>11. Truskawkowy arbuz i kiwi marakuja Gujawa<\/strong><\/p>\n<p><strong>12.Arbuz lodowy, truskawkowy i mango<\/strong><\/p>\n<p><strong>13. Lody truskawkowe i r\u00f3\u017cowe lody cytrynowe<\/strong><\/p>\n<p><strong>14. Wi\u015bniowa cola i arbuzowa guma balonowa<\/strong><\/p>\n<p><strong>15. L\u00f3d wi\u015bniowy i l\u00f3d \u017curawinowy truskawkowy<\/strong><\/p>\n<p><strong>16. Cytryna, limonka i niebieski Razzle<\/strong><\/p>\n<p><strong>17.Malinowy Mojito Brzoskwiniowy L\u00f3d i Jab\u0142ko-Gruszka<\/strong><\/p>\n<p><strong>18. D\u017cem z lodu z liczi i melona<\/strong><\/p>\n<p><img loading=\"lazy\" decoding=\"async\" class=\"alignnone wp-image-4406 size-full\" src=\"https:\/\/pgvape.com\/wp-content\/uploads\/2025\/10\/pgvape-Bang-Leader-45000-45k-Puffs-Dual-Flavors-Disposable-Vape-10.png\" alt=\"Reklama jednorazowych urz\u0105dze\u0144 do waporyzacji Bang Leader przedstawiaj\u0105ca dwie du\u017ce jednostki w gradientowych kolorach i siatk\u0119 dwunastu mniejszych w jaskrawych kolorach ze stylizowanymi logo zwierz\u0105t, pogrubionym tekstem &#039;45000 zaci\u0105gni\u0119\u0107&#039; i has\u0142em &#039;Nieograniczona moc w d\u0142oni&#039;, a tak\u017ce ikony \u0142adowania typu C, cewka z podw\u00f3jn\u0105 siatk\u0105, ostrze\u017cenie o wieku powy\u017cej 21 lat, recykling i certyfikat CE na rozmytym tle toru wy\u015bcigowego.\" width=\"1800\" height=\"1012\" srcset=\"https:\/\/pgvape.com\/wp-content\/uploads\/2025\/10\/pgvape-Bang-Leader-45000-45k-Puffs-Dual-Flavors-Disposable-Vape-10.png 1800w, https:\/\/pgvape.com\/wp-content\/uploads\/2025\/10\/pgvape-Bang-Leader-45000-45k-Puffs-Dual-Flavors-Disposable-Vape-10-555x312.png 555w, https:\/\/pgvape.com\/wp-content\/uploads\/2025\/10\/pgvape-Bang-Leader-45000-45k-Puffs-Dual-Flavors-Disposable-Vape-10-595x335.png 595w, https:\/\/pgvape.com\/wp-content\/uploads\/2025\/10\/pgvape-Bang-Leader-45000-45k-Puffs-Dual-Flavors-Disposable-Vape-10-400x225.png 400w, https:\/\/pgvape.com\/wp-content\/uploads\/2025\/10\/pgvape-Bang-Leader-45000-45k-Puffs-Dual-Flavors-Disposable-Vape-10-768x432.png 768w, https:\/\/pgvape.com\/wp-content\/uploads\/2025\/10\/pgvape-Bang-Leader-45000-45k-Puffs-Dual-Flavors-Disposable-Vape-10-1536x864.png 1536w, https:\/\/pgvape.com\/wp-content\/uploads\/2025\/10\/pgvape-Bang-Leader-45000-45k-Puffs-Dual-Flavors-Disposable-Vape-10-18x10.png 18w, https:\/\/pgvape.com\/wp-content\/uploads\/2025\/10\/pgvape-Bang-Leader-45000-45k-Puffs-Dual-Flavors-Disposable-Vape-10-600x337.png 600w, https:\/\/pgvape.com\/wp-content\/uploads\/2025\/10\/pgvape-Bang-Leader-45000-45k-Puffs-Dual-Flavors-Disposable-Vape-10-60x34.png 60w\" sizes=\"auto, (max-width: 1800px) 100vw, 1800px\" \/><\/p>\n<p>&nbsp;<\/p>\n<h3><span style=\"font-size: 90%;\">Bang Leader 45000 | 45k Puffs Jednorazowy Vape o podw\u00f3jnych smakach <strong>Wideo<\/strong>:<\/span><\/h3>\n<p>&nbsp;<\/p>\n<h2><span style=\"font-size: 90%;\">Cz\u0119sto zadawane pytania dotycz\u0105ce Bang Leader 45000 | 45k Puffs Dual Favours Jednorazowy waporyzator<\/span><\/h2>\n<p data-sourcepos=\"30:1-31:104\">\u2753 <strong data-sourcepos=\"30:3-30:44\">Jak dzia\u0142a system podw\u00f3jnego smaku?<\/strong><br \/>\n\u2705 Natychmiast prze\u0142\u0105czaj si\u0119 pomi\u0119dzy <strong data-sourcepos=\"31:28-31:52\">dwa r\u00f3\u017cne smaki<\/strong> za pomoc\u0105 prostego naci\u015bni\u0119cia przycisku lub automatycznego obrotu.<\/p>\n<p data-sourcepos=\"33:1-34:91\">\u2753 <strong data-sourcepos=\"33:3-33:40\">Co zapewnia trwa\u0142o\u015b\u0107 zaci\u0105gni\u0119\u0107 45 tys.?<\/strong><br \/>\n\u2705 <strong data-sourcepos=\"34:3-34:37\">Zoptymalizowana technologia podw\u00f3jnej cewki<\/strong> maksymalizuje wydajno\u015b\u0107 e-liquidu <strong data-sourcepos=\"34:72-34:88\">przed\u0142u\u017cone u\u017cytkowanie<\/strong>.<\/p>\n<p data-sourcepos=\"36:1-37:103\">\u2753 <strong data-sourcepos=\"36:3-36:42\">Czy produkcja pary jest imponuj\u0105ca?<\/strong><br \/>\n\u2705 <strong data-sourcepos=\"37:3-37:22\">Podw\u00f3jne cewki siatkowe<\/strong> dostarcza\u0107 <strong data-sourcepos=\"37:31-37:52\">40% g\u0119stsze chmury<\/strong> I <strong data-sourcepos=\"37:57-37:74\">bogatszy smak<\/strong> ni\u017c standardowe jednorazowe.<\/p>\n<p data-sourcepos=\"39:1-40:86\">\u2753 <strong data-sourcepos=\"39:3-39:41\">Jak wygodny jest wy\u015bwietlacz LED?<br \/>\n<\/strong> \u2705 Monitoruj <strong data-sourcepos=\"40:11-40:30\">pozosta\u0142e zaci\u0105gni\u0119cia<\/strong>, <strong data-sourcepos=\"40:32-40:48\">\u017cywotno\u015b\u0107 baterii<\/strong>, I <strong data-sourcepos=\"40:54-40:71\">aktywny smak<\/strong> na pierwszy rzut oka.<\/p>\n<p>&nbsp;<\/p>\n<h3 id=\"brxe-najhln\" class=\"brxe-heading\">Cz\u0119sto zadawane pytania (FAQ)<\/h3>\n<div id=\"brxe-rajiac\" class=\"brxe-text\">\n<p><strong>P: Jakie metody p\u0142atno\u015bci akceptujecie?<\/strong><br \/>\nOdp.: Akceptujemy PayPal, Stripe, przelewy bankowe (obs\u0142ugiwane SEPA), g\u0142\u00f3wne karty kredytowe (Visa, MasterCard, American Express) i p\u0142atno\u015bci w kryptowalutach.<\/p>\n<p><strong>P: Jak d\u0142ugo trwa przygotowanie zam\u00f3wienia?<\/strong><br \/>\nOdp.: Przygotowanie zam\u00f3wienia zajmuje 1-3 dni robocze.<\/p>\n<p><strong>P: Jaki jest czas wysy\u0142ki?<\/strong><br \/>\nOdp.: Czas wysy\u0142ki wynosi 7-14 dni roboczych, w zale\u017cno\u015bci od Twojej lokalizacji.<\/p>\n<p><strong>P: Jak mog\u0119 \u015bledzi\u0107 moje zam\u00f3wienie?<\/strong><br \/>\nOdp.: Po wysy\u0142ce otrzymasz wiadomo\u015b\u0107 e-mail z potwierdzeniem i numerem przesy\u0142ki umo\u017cliwiaj\u0105cym \u015bledzenie w czasie rzeczywistym.<\/p>\n<p><strong>P: Jaka jest Twoja polityka zwrot\u00f3w?<\/strong><br \/>\nOdp.: Oferujemy 30-dniow\u0105 polityk\u0119 zwrot\u00f3w lub wymiany. .<\/p>\n<p><strong>P: Czy wyst\u0105pi\u0105 jakie\u015b problemy celne?<br \/>\n<\/strong>Obs\u0142ugujemy wszystkie procedury odprawy celnej, aby zapewni\u0107 Ci bezproblemow\u0105 obs\u0142ug\u0119. .<\/p>\n<p><strong>P: Jakie metody wysy\u0142ki s\u0105 stosowane?<\/strong><br \/>\nWsp\u00f3\u0142pracujemy z firmami UPS\/DHL\/FEDEX\/DPD itp. W zale\u017cno\u015bci od kraju dostawy wybierzemy odpowiedni\u0105 opcj\u0119 wysy\u0142ki, tak aby produkty dotar\u0142y do \u200b\u200bPa\u0144stwa najszybciej jak to mo\u017cliwe.<\/p>\n<p><a href=\"https:\/\/pgvape.com\/pl\/czesto-zadawane-pytania\/\">Kliknij tutaj, aby uzyska\u0107 wi\u0119cej cz\u0119sto zadawanych pyta\u0144<\/a><\/p>\n<p>Szanowni klienci, je\u015bli masz jakiekolwiek pytania dotycz\u0105ce zam\u00f3wienia lub przybycia towaru, skontaktuj si\u0119 z naszym dzia\u0142em obs\u0142ugi klienta. Dzi\u0119kuj\u0119!<\/p>\n<h3 data-sourcepos=\"73:1-73:21\"><strong data-sourcepos=\"73:7-73:21\">Skontaktuj si\u0119 z nami<\/strong><\/h3>\n<div id=\"text-2419739398\" class=\"text\">\n<p><strong data-sourcepos=\"75:3-75:12\">E-mail<\/strong>:\u00a0<a href=\"mailto:support@pgvape.com\"><strong>support@pgvape.com<\/strong><\/a><\/p>\n<p><strong data-sourcepos=\"76:3-76:15\">WhatsApp<\/strong>:<a href=\"https:\/\/wa.me\/+8618128481258\"><strong> +86 18128481258<\/strong><\/a><br \/>\n<strong>(Odpowied\u017a w ci\u0105gu 24 godzin w dni robocze)<\/strong><\/p>\n<\/div>\n<h3><strong>Dzi\u0119kujemy za wybranie pgvape.com! .<\/strong><\/h3>\n<\/div>","protected":false},"excerpt":{"rendered":"<p>The <strong data-sourcepos=\"43:5-43:30\">Bang Leader 45K zaci\u0105gni\u0119\u0107<\/strong> \u0142\u0105czy <strong data-sourcepos=\"43:40-43:69\">wydajno\u015b\u0107 o du\u017cej pojemno\u015bci<\/strong>, <strong data-sourcepos=\"43:71-43:98\">wszechstronno\u015b\u0107 w dw\u00f3ch smakach<\/strong>, I <strong data-sourcepos=\"43:104-43:131\">technologia cewki premium<\/strong> z <strong data-sourcepos=\"43:137-43:156\">12 par smakowych<\/strong> dla maksymalnej satysfakcji z wapowania.<\/p>","protected":false},"featured_media":4396,"comment_status":"open","ping_status":"closed","template":"","meta":{"_seopress_robots_primary_cat":"none","_seopress_titles_title":"%%post_title%% %%sep%% %%sitetitle%%","_seopress_titles_desc":"","_seopress_robots_index":""},"product_brand":[54,516],"product_cat":[308,32,515],"product_tag":[310,365,90,66,257,79,490],"class_list":{"0":"post-4392","1":"product","2":"type-product","3":"status-publish","4":"has-post-thumbnail","6":"product_brand-bang-leader-vape","7":"product_brand-disposable-vape","8":"product_cat-45k-puffs-vape","9":"product_cat-bang-leader-vape","10":"product_cat-disposable-vape","11":"product_tag-45k-puffs-vape","12":"product_tag-bang-leader-45000","13":"product_tag-disposable-vape","14":"product_tag-dual-flavors","15":"product_tag-dual-mesh-coil","16":"product_tag-led-display","17":"product_tag-minimum-2-pieces","19":"first","20":"instock","21":"sale","22":"shipping-taxable","23":"purchasable","24":"product-type-variable"},"_links":{"self":[{"href":"https:\/\/pgvape.com\/pl\/wp-json\/wp\/v2\/product\/4392","targetHints":{"allow":["GET"]}}],"collection":[{"href":"https:\/\/pgvape.com\/pl\/wp-json\/wp\/v2\/product"}],"about":[{"href":"https:\/\/pgvape.com\/pl\/wp-json\/wp\/v2\/types\/product"}],"replies":[{"embeddable":true,"href":"https:\/\/pgvape.com\/pl\/wp-json\/wp\/v2\/comments?post=4392"}],"wp:featuredmedia":[{"embeddable":true,"href":"https:\/\/pgvape.com\/pl\/wp-json\/wp\/v2\/media\/4396"}],"wp:attachment":[{"href":"https:\/\/pgvape.com\/pl\/wp-json\/wp\/v2\/media?parent=4392"}],"wp:term":[{"taxonomy":"product_brand","embeddable":true,"href":"https:\/\/pgvape.com\/pl\/wp-json\/wp\/v2\/product_brand?post=4392"},{"taxonomy":"product_cat","embeddable":true,"href":"https:\/\/pgvape.com\/pl\/wp-json\/wp\/v2\/product_cat?post=4392"},{"taxonomy":"product_tag","embeddable":true,"href":"https:\/\/pgvape.com\/pl\/wp-json\/wp\/v2\/product_tag?post=4392"}],"curies":[{"name":"wp","href":"https:\/\/api.w.org\/{rel}","templated":true}]}}