{"id":4355,"date":"2025-10-25T08:18:45","date_gmt":"2025-10-25T08:18:45","guid":{"rendered":"https:\/\/pgvape.com\/?post_type=product&#038;p=4355"},"modified":"2026-03-26T08:03:52","modified_gmt":"2026-03-26T08:03:52","slug":"bang-lider-32000-32k-zaciagniec-podwojne-smaki-jednorazowe-vape-0-2-3-5-nikotyna-12-smakow-cewka-z-podwojna-siatka-vape-factory-direct","status":"publish","type":"product","link":"https:\/\/pgvape.com\/pl\/produkt\/bang-lider-32000-32k-zaciagniec-podwojne-smaki-jednorazowe-vape-0-2-3-5-nikotyna-12-smakow-cewka-z-podwojna-siatka-vape-factory-direct\/","title":{"rendered":"Bang Leader 32000 | 32K Puffs Dual Favours Jednorazowy Vape | 0% 2% 3% 5% Nikotyna | 12 smak\u00f3w | Podw\u00f3jna cewka siatkowa | Vape Factory Direct"},"content":{"rendered":"<p><strong data-sourcepos=\"4:5-4:59\">Jednorazowy waporyzator Bang Leader 32K Puffs o podw\u00f3jnych smakach<\/strong> na nowo definiuje wszechstronno\u015b\u0107 <strong data-sourcepos=\"4:87-4:103\">32 000 zaci\u0105gni\u0119\u0107<\/strong> i a <strong data-sourcepos=\"4:110-4:129\">system podw\u00f3jny<\/strong> (28 ml + 28 ml). <strong data-sourcepos=\"4:153-4:172\">podw\u00f3jne cewki siatkowe<\/strong> Do <strong data-sourcepos=\"4:177-4:196\">wzmocniony smak<\/strong>, oferuje <strong data-sourcepos=\"4:208-4:240\">0%\/2%\/3%\/5% opcje nikotynowe<\/strong> I <strong data-sourcepos=\"4:245-4:271\">18 kombinacji smakowych<\/strong>. <strong data-sourcepos=\"4:288-4:317\">mechanizm typu slide-to-switch<\/strong> pozwala na natychmiastow\u0105 zmian\u0119 smaku, podczas gdy <strong data-sourcepos=\"4:359-4:390\">Akumulator o pojemno\u015bci 650 mAh<\/strong> z <strong data-sourcepos=\"4:396-4:415\">\u0141adowanie typu C<\/strong> zapewnia nieprzerwane u\u017cytkowanie. <strong data-sourcepos=\"4:452-4:472\">10 sztuk w pude\u0142ku<\/strong> dla wygody sprzeda\u017cy detalicznej.<\/p>\n<p>&nbsp;<\/p>\n<h2><span style=\"font-size: 90%;\">Bang Leader 32000 | 32K Puffs Jednorazowy Vape o podw\u00f3jnych smakach <strong data-sourcepos=\"6:5-6:27\">Dane techniczne<\/strong><\/span><\/h2>\n<p><strong data-sourcepos=\"7:3-7:17\">Liczba puf\u00f3w<\/strong>:\u00a0<strong data-sourcepos=\"7:19-7:35\">32 000 zaci\u0105gni\u0119\u0107<\/strong><\/p>\n<p><strong data-sourcepos=\"8:3-8:15\">E-ciecz<\/strong>:\u00a0<strong data-sourcepos=\"8:17-8:31\">\u0141\u0105cznie 56 ml<\/strong>\u00a0(28 ml x 2 kapsu\u0142ki)<\/p>\n<p><strong data-sourcepos=\"9:3-9:15\">Nikotyna<\/strong>:\u00a0<strong data-sourcepos=\"9:17-9:38\">0% \/ 2% \/ 3% \/ 5%<\/strong><\/p>\n<p><strong data-sourcepos=\"10:3-10:11\">Cewka<\/strong>:\u00a0<strong data-sourcepos=\"10:13-10:31\">Cewka z podw\u00f3jn\u0105 siatk\u0105<\/strong>\u00a0(1,0 \u03a9)<\/p>\n<p><strong data-sourcepos=\"11:3-11:14\">Bateria<\/strong>:\u00a0<strong data-sourcepos=\"11:16-11:39\">Akumulator o pojemno\u015bci 650 mAh<\/strong><\/p>\n<p><strong data-sourcepos=\"12:3-12:15\">\u0141adowanie<\/strong>:\u00a0<strong data-sourcepos=\"12:17-12:41\">Szybkie \u0142adowanie typu C<\/strong><\/p>\n<p><strong data-sourcepos=\"13:3-13:20\">Prze\u0142\u0105cznik smaku<\/strong>:\u00a0<strong data-sourcepos=\"13:22-13:41\">Mechanizm przesuwny<\/strong><\/p>\n<p><strong data-sourcepos=\"14:3-14:14\">Smaki<\/strong>:\u00a0<strong data-sourcepos=\"14:16-14:35\">18 kombinacji<\/strong><\/p>\n<p><strong data-sourcepos=\"15:3-15:16\">Opakowanie<\/strong>:\u00a0<strong data-sourcepos=\"15:18-15:40\">10 sztuk\/pude\u0142ko wystawowe<\/strong><\/p>\n<p>&nbsp;<\/p>\n<h3><span style=\"font-size: 90%;\">Bang Leader 32000 | 32K Puffs Jednorazowy Vape o podw\u00f3jnych smakach <strong data-start=\"786\" data-end=\"804\" data-is-only-node=\"\">R\u00f3\u017cnorodno\u015b\u0107 smak\u00f3w<\/strong><\/span><\/h3>\n<p>1. Lodowy arbuz i mi\u0119ta jagodowa<\/p>\n<p>2. Lodowy arbuz, truskawka i mango<\/p>\n<p>3. Gujawa z truskawkami, arbuzem i kiwi z marakuji<\/p>\n<p>4. L\u00f3d truskawkowy, arbuzowy i winogronowy<\/p>\n<p>5. Arbuz z jagodami, malinami i brzoskwiniami i mango<\/p>\n<p>6. Arbuz jagodowy i mango truskawkowe<\/p>\n<p>7. L\u00f3d jagodowy i l\u00f3d czarnego smoka<\/p>\n<p>8. L\u00f3d jagodowy, truskawka i banan<\/p>\n<p>9. Arbuz Red Bull i Bor\u00f3wka<\/p>\n<p>10. Cukierki b\u0105belkowe Red Bull i Arbuz<\/p>\n<p>11. L\u00f3d truskawkowy, kiwi i brzoskwiniowy<\/p>\n<p>12.Truskawka Kiwi i Kwa\u015bne Jab\u0142ko Malina<\/p>\n<p>13. Lody bananowe i wi\u015bnia jagodowa<\/p>\n<p>14. L\u00f3d z awokado i limonka cytrynowa<\/p>\n<p>15.Cola lodowa i wi\u015bniowa \u017curawina<\/p>\n<p>16. L\u00f3d ananasowy i potr\u00f3jne mango<\/p>\n<p>17. L\u00f3d z liczi i ananas z mango i brzoskwini<\/p>\n<p>18. Melon spadziowy i malina arbuzowa<\/p>\n<p><img loading=\"lazy\" decoding=\"async\" class=\"alignnone wp-image-4366 size-full\" src=\"https:\/\/pgvape.com\/wp-content\/uploads\/2025\/10\/pgvape-Bang-Leader-32000-32k-Puffs-Dual-Flavors-Disposable-Vape-9.png\" alt=\"Dwana\u015bcie jednorazowych woreczk\u00f3w do vape z gradientem w jaskrawych kolorach, u\u0142o\u017conych w siatk\u0119 3x4, ka\u017cdy oznaczony etykiet\u0105 BANG Leader 32000 zaci\u0105gni\u0119\u0107 i po\u0142\u0105czony z ikonami owoc\u00f3w, lodu lub napoj\u00f3w energetycznych wskazuj\u0105cymi smaki takie jak arbuz, jagoda, truskawka, mango, kiwi, winogrona, banan i Red Bull, na delikatnym r\u00f3\u017cowo-niebieskim, pochmurnym tle.\" width=\"1200\" height=\"1254\" srcset=\"https:\/\/pgvape.com\/wp-content\/uploads\/2025\/10\/pgvape-Bang-Leader-32000-32k-Puffs-Dual-Flavors-Disposable-Vape-9.png 1200w, https:\/\/pgvape.com\/wp-content\/uploads\/2025\/10\/pgvape-Bang-Leader-32000-32k-Puffs-Dual-Flavors-Disposable-Vape-9-344x360.png 344w, https:\/\/pgvape.com\/wp-content\/uploads\/2025\/10\/pgvape-Bang-Leader-32000-32k-Puffs-Dual-Flavors-Disposable-Vape-9-595x622.png 595w, https:\/\/pgvape.com\/wp-content\/uploads\/2025\/10\/pgvape-Bang-Leader-32000-32k-Puffs-Dual-Flavors-Disposable-Vape-9-383x400.png 383w, https:\/\/pgvape.com\/wp-content\/uploads\/2025\/10\/pgvape-Bang-Leader-32000-32k-Puffs-Dual-Flavors-Disposable-Vape-9-768x803.png 768w, https:\/\/pgvape.com\/wp-content\/uploads\/2025\/10\/pgvape-Bang-Leader-32000-32k-Puffs-Dual-Flavors-Disposable-Vape-9-11x12.png 11w, https:\/\/pgvape.com\/wp-content\/uploads\/2025\/10\/pgvape-Bang-Leader-32000-32k-Puffs-Dual-Flavors-Disposable-Vape-9-600x627.png 600w, https:\/\/pgvape.com\/wp-content\/uploads\/2025\/10\/pgvape-Bang-Leader-32000-32k-Puffs-Dual-Flavors-Disposable-Vape-9-38x40.png 38w\" sizes=\"auto, (max-width: 1200px) 100vw, 1200px\" \/><\/p>\n<p>&nbsp;<\/p>\n<h3><span style=\"font-size: 90%;\">Bang Leader 32000 | 32K Puffs Jednorazowy Vape o podw\u00f3jnych smakach <strong>Wideo<\/strong>:<\/span><\/h3>\n<p>&nbsp;<\/p>\n<h2><span style=\"font-size: 90%;\">Cz\u0119sto zadawane pytania dotycz\u0105ce Bang Leader 32000 | 32K Puffs Dual Favours Jednorazowy waporyzator<\/span><\/h2>\n<p data-sourcepos=\"30:1-31:102\">\u2753 <strong data-sourcepos=\"30:3-30:41\">Jak dzia\u0142a mechanizm suwakowy?<\/strong><br \/>\n\u2705 Po prostu <strong data-sourcepos=\"31:10-31:30\">przesu\u0144 w lewo\/prawo<\/strong> aby natychmiast prze\u0142\u0105cza\u0107 si\u0119 pomi\u0119dzy <strong data-sourcepos=\"31:59-31:74\">dwa smaki<\/strong> bez zmiany urz\u0105dze\u0144.<\/p>\n<p data-sourcepos=\"33:1-34:91\">\u2753 <strong data-sourcepos=\"33:3-33:45\">Co sprawia, \u017ce \u200b\u200bjako\u015b\u0107 pary jest doskona\u0142a?<\/strong><br \/>\n\u2705 <strong data-sourcepos=\"34:3-34:22\">Podw\u00f3jne cewki siatkowe<\/strong> dostarcza\u0107 <strong data-sourcepos=\"34:31-34:50\">40% wi\u0119cej smaku<\/strong> ni\u017c standardowe jednorazowe opakowania z pojedyncz\u0105 cewk\u0105.<\/p>\n<p data-sourcepos=\"36:1-37:98\">\u2753 <strong data-sourcepos=\"36:3-36:38\">Jak d\u0142ugo wytrzymuje bateria?<\/strong><br \/>\n\u2705 <strong data-sourcepos=\"37:3-37:21\">Bateria 650 mAh<\/strong> obs\u0142uguje <strong data-sourcepos=\"37:31-37:43\">5-7 dni<\/strong> umiarkowanego u\u017cytkowania; <strong data-sourcepos=\"37:80-37:95\">~60 minut<\/strong>.<\/p>\n<p data-sourcepos=\"39:1-40:99\">\u2753 <strong data-sourcepos=\"39:3-39:38\">Czy jest to odpowiednie dla sprzedawc\u00f3w detalicznych?<\/strong><br \/>\n\u2705 <strong data-sourcepos=\"40:3-40:41\">Przyci\u0105gaj\u0105ce wzrok pude\u0142ka ekspozycyjne na 10 sztuk<\/strong> z <strong data-sourcepos=\"40:47-40:74\">etykietowanie smaku premium<\/strong> zmaksymalizowa\u0107 atrakcyjno\u015b\u0107 na p\u00f3\u0142ce.<\/p>\n<p>&nbsp;<\/p>\n<h3 id=\"brxe-najhln\" class=\"brxe-heading\">Cz\u0119sto zadawane pytania (FAQ)<\/h3>\n<div id=\"brxe-rajiac\" class=\"brxe-text\">\n<p><strong>P: Jakie metody p\u0142atno\u015bci akceptujecie?<\/strong><br \/>\nOdp.: Akceptujemy PayPal, Stripe, przelewy bankowe (obs\u0142ugiwane SEPA), g\u0142\u00f3wne karty kredytowe (Visa, MasterCard, American Express) i p\u0142atno\u015bci w kryptowalutach.<\/p>\n<p><strong>P: Jak d\u0142ugo trwa przygotowanie zam\u00f3wienia?<\/strong><br \/>\nOdp.: Przygotowanie zam\u00f3wienia zajmuje 1-3 dni robocze.<\/p>\n<p><strong>P: Jaki jest czas wysy\u0142ki?<\/strong><br \/>\nOdp.: Czas wysy\u0142ki wynosi 7-14 dni roboczych, w zale\u017cno\u015bci od Twojej lokalizacji.<\/p>\n<p><strong>P: Jak mog\u0119 \u015bledzi\u0107 moje zam\u00f3wienie?<\/strong><br \/>\nOdp.: Po wysy\u0142ce otrzymasz wiadomo\u015b\u0107 e-mail z potwierdzeniem i numerem przesy\u0142ki umo\u017cliwiaj\u0105cym \u015bledzenie w czasie rzeczywistym.<\/p>\n<p><strong>P: Jaka jest Twoja polityka zwrot\u00f3w?<\/strong><br \/>\nOdp.: Oferujemy 30-dniow\u0105 polityk\u0119 zwrot\u00f3w lub wymiany. .<\/p>\n<p><strong>P: Czy wyst\u0105pi\u0105 jakie\u015b problemy celne?<br \/>\n<\/strong>Obs\u0142ugujemy wszystkie procedury odprawy celnej, aby zapewni\u0107 Ci bezproblemow\u0105 obs\u0142ug\u0119. .<\/p>\n<p><strong>P: Jakie metody wysy\u0142ki s\u0105 stosowane?<\/strong><br \/>\nWsp\u00f3\u0142pracujemy z firmami UPS\/DHL\/FEDEX\/DPD itp. W zale\u017cno\u015bci od kraju dostawy wybierzemy odpowiedni\u0105 opcj\u0119 wysy\u0142ki, tak aby produkty dotar\u0142y do \u200b\u200bPa\u0144stwa najszybciej jak to mo\u017cliwe.<\/p>\n<p><a href=\"https:\/\/pgvape.com\/pl\/czesto-zadawane-pytania\/\">Kliknij tutaj, aby uzyska\u0107 wi\u0119cej cz\u0119sto zadawanych pyta\u0144<\/a><\/p>\n<p>Szanowni klienci, je\u015bli masz jakiekolwiek pytania dotycz\u0105ce zam\u00f3wienia lub przybycia towaru, skontaktuj si\u0119 z naszym dzia\u0142em obs\u0142ugi klienta. Dzi\u0119kuj\u0119!<\/p>\n<h3 data-sourcepos=\"73:1-73:21\"><strong data-sourcepos=\"73:7-73:21\">Skontaktuj si\u0119 z nami<\/strong><\/h3>\n<div id=\"text-2419739398\" class=\"text\">\n<p><strong data-sourcepos=\"75:3-75:12\">E-mail<\/strong>:\u00a0<a href=\"mailto:support@pgvape.com\"><strong>support@pgvape.com<\/strong><\/a><\/p>\n<p><strong data-sourcepos=\"76:3-76:15\">WhatsApp<\/strong>: <a href=\"https:\/\/wa.me\/+8618128481258\"><strong>+86 18128481258<\/strong><\/a><br \/>\n<strong>(Odpowied\u017a w ci\u0105gu 24 godzin w dni robocze)<\/strong><\/p>\n<\/div>\n<h3><strong>Dzi\u0119kujemy za wybranie pgvape.com! .<\/strong><\/h3>\n<\/div>","protected":false},"excerpt":{"rendered":"<p><strong data-sourcepos=\"43:5-43:30\">Bang Leader 32K zaci\u0105gni\u0119\u0107<\/strong> \u0142\u0105czy <strong data-sourcepos=\"43:40-43:70\">rozszerzona pojemno\u015b\u0107 dw\u00f3ch kapsu\u0142<\/strong>, <strong data-sourcepos=\"43:72-43:100\">natychmiastowa zmiana smaku<\/strong>, I <strong data-sourcepos=\"43:106-43:139\">doskona\u0142a wydajno\u015b\u0107 cewki siatkowej<\/strong> z <strong data-sourcepos=\"43:145-43:164\">18 par smakowych<\/strong> dla maksymalnej wszechstronno\u015bci waporyzacji.<\/p>","protected":false},"featured_media":4358,"comment_status":"open","ping_status":"closed","template":"","meta":{"_seopress_robots_primary_cat":"none","_seopress_titles_title":"%%post_title%% %%sep%% %%sitetitle%%","_seopress_titles_desc":"","_seopress_robots_index":""},"product_brand":[54,516],"product_cat":[362,32,515],"product_tag":[364,363,90,66,257,81],"class_list":{"0":"post-4355","1":"product","2":"type-product","3":"status-publish","4":"has-post-thumbnail","6":"product_brand-bang-leader-vape","7":"product_brand-disposable-vape","8":"product_cat-32k-puffs-vape","9":"product_cat-bang-leader-vape","10":"product_cat-disposable-vape","11":"product_tag-32k-puffs-vape","12":"product_tag-bang-leader-32000","13":"product_tag-disposable-vape","14":"product_tag-dual-flavors","15":"product_tag-dual-mesh-coil","16":"product_tag-mouth-to-lung","18":"first","19":"instock","20":"sale","21":"shipping-taxable","22":"purchasable","23":"product-type-variable"},"_links":{"self":[{"href":"https:\/\/pgvape.com\/pl\/wp-json\/wp\/v2\/product\/4355","targetHints":{"allow":["GET"]}}],"collection":[{"href":"https:\/\/pgvape.com\/pl\/wp-json\/wp\/v2\/product"}],"about":[{"href":"https:\/\/pgvape.com\/pl\/wp-json\/wp\/v2\/types\/product"}],"replies":[{"embeddable":true,"href":"https:\/\/pgvape.com\/pl\/wp-json\/wp\/v2\/comments?post=4355"}],"wp:featuredmedia":[{"embeddable":true,"href":"https:\/\/pgvape.com\/pl\/wp-json\/wp\/v2\/media\/4358"}],"wp:attachment":[{"href":"https:\/\/pgvape.com\/pl\/wp-json\/wp\/v2\/media?parent=4355"}],"wp:term":[{"taxonomy":"product_brand","embeddable":true,"href":"https:\/\/pgvape.com\/pl\/wp-json\/wp\/v2\/product_brand?post=4355"},{"taxonomy":"product_cat","embeddable":true,"href":"https:\/\/pgvape.com\/pl\/wp-json\/wp\/v2\/product_cat?post=4355"},{"taxonomy":"product_tag","embeddable":true,"href":"https:\/\/pgvape.com\/pl\/wp-json\/wp\/v2\/product_tag?post=4355"}],"curies":[{"name":"wp","href":"https:\/\/api.w.org\/{rel}","templated":true}]}}