{"id":4322,"date":"2025-10-24T14:46:55","date_gmt":"2025-10-24T14:46:55","guid":{"rendered":"https:\/\/pgvape.com\/?post_type=product&#038;p=4322"},"modified":"2026-01-14T12:53:50","modified_gmt":"2026-01-14T12:53:50","slug":"bang-legend-110000-110-tys-zaciagniec-3-w-1-smaki-jednorazowe-vape-vape-factory-direct","status":"publish","type":"product","link":"https:\/\/pgvape.com\/pl\/produkt\/bang-legend-110000-110-tys-zaciagniec-3-w-1-smaki-jednorazowe-vape-vape-factory-direct\/","title":{"rendered":"Bang Legend 110000 110K Puffs 3 w 1 Smaki Jednorazowe Vape-Vape Factory Direct"},"content":{"rendered":"<p><strong data-sourcepos=\"6:5-6:47\">Jednorazowy waporyzator Bang Legend 110K Puffs<\/strong> ustanawia nowy standard dzi\u0119ki <strong data-sourcepos=\"6:73-6:101\">110 000 bardzo d\u0142ugich zaci\u0105gni\u0119\u0107<\/strong> I <strong data-sourcepos=\"6:106-6:134\">technologia potr\u00f3jnego smaku<\/strong> w jednym kompaktowym urz\u0105dzeniu. <strong data-sourcepos=\"6:170-6:188\">Cewka siatkowa 1,0 \u03a9<\/strong> Do <strong data-sourcepos=\"6:193-6:220\">g\u0142adka, aromatyczna para<\/strong>, oferuje <strong data-sourcepos=\"6:232-6:264\">0%\/2%\/3%\/5% opcje nikotynowe<\/strong> aby spe\u0142ni\u0107 wszystkie preferencje. <strong data-sourcepos=\"6:294-6:325\">Akumulator o pojemno\u015bci 600 mAh<\/strong> z <strong data-sourcepos=\"6:331-6:350\">\u0141adowanie typu C<\/strong> I <strong data-sourcepos=\"6:355-6:374\">cyfrowy wy\u015bwietlacz<\/strong> zapewnia wygodne, nieprzerwane wapowanie. <strong data-sourcepos=\"6:429-6:456\">12 trio smakowych premium<\/strong> dla niesko\u0144czonej r\u00f3\u017cnorodno\u015bci.<\/p>\n<p>&nbsp;<\/p>\n<h2><span style=\"font-size: 90%;\">Bang Legend 110000 | 110K Puffs 3 w 1 Smaki Jednorazowy Vape <strong data-sourcepos=\"10:5-10:27\">Dane techniczne<\/strong><\/span><\/h2>\n<p><strong data-sourcepos=\"11:3-11:17\">Liczba puf\u00f3w<\/strong>:\u00a0<strong data-sourcepos=\"11:19-11:36\">110 000 zaci\u0105gni\u0119\u0107<\/strong>\u00a0(Wiod\u0105ca w bran\u017cy wydajno\u015b\u0107)<\/p>\n<p><strong data-sourcepos=\"12:3-12:20\">System smakowy<\/strong>:\u00a0<strong data-sourcepos=\"12:22-12:57\">3 regulowane smaki na urz\u0105dzenie<\/strong><\/p>\n<p><strong data-sourcepos=\"13:3-13:15\">Nikotyna<\/strong>:\u00a0<strong data-sourcepos=\"13:17-13:38\">0% \/ 2% \/ 3% \/ 5%<\/strong><\/p>\n<p><strong data-sourcepos=\"14:3-14:11\">Cewka<\/strong>:\u00a0<strong data-sourcepos=\"14:13-14:31\">Cewka siatkowa 1,0 \u03a9<\/strong>\u00a0(Zoptymalizowany balans smaku\/pary)<\/p>\n<p><strong data-sourcepos=\"15:3-15:14\">Bateria<\/strong>:\u00a0<strong data-sourcepos=\"15:16-15:39\">Akumulator o pojemno\u015bci 600 mAh<\/strong><\/p>\n<p><strong data-sourcepos=\"16:3-16:14\">Wy\u015bwietlacz<\/strong>:\u00a0<strong data-sourcepos=\"16:16-16:34\">Cyfrowy ekran<\/strong>\u00a0(Monitorowanie baterii\/e-liquidu w czasie rzeczywistym)<\/p>\n<p><strong data-sourcepos=\"17:3-17:15\">\u0141adowanie<\/strong>:\u00a0<strong data-sourcepos=\"17:17-17:41\">Szybkie \u0142adowanie typu C<\/strong><\/p>\n<p><strong data-sourcepos=\"18:3-18:13\">Projekt<\/strong>:\u00a0<strong data-sourcepos=\"18:15-18:37\">Kompaktowy i przeno\u015bny<\/strong>\u00a0(Mimo du\u017cej pojemno\u015bci)<\/p>\n<p>&nbsp;<\/p>\n<h3><span style=\"font-size: 90%;\">Bang Legend 110000 | 110K Puffs 3 w 1 Smaki Jednorazowy Vape <strong data-sourcepos=\"22:5-22:25\">Wyb\u00f3r smaku<\/strong><\/span><\/h3>\n<p><strong data-sourcepos=\"36:4-36:53\">1. L\u00f3d arbuzowy \/ Gruszka jab\u0142kowa \/ Nami\u0119tny poca\u0142unek<\/strong><\/p>\n<p><strong data-sourcepos=\"37:4-37:55\">2.L\u00f3d jagodowy \/ Jab\u0142ko kantalupa \/ Romans limonkowy<\/strong><\/p>\n<p><strong data-sourcepos=\"38:4-38:56\">3. Nap\u00f3j energetyzuj\u0105cy \/ Winogrono \/ Mango Brzoskwinia Morela<\/strong><\/p>\n<p><strong data-sourcepos=\"39:4-39:63\">4.Truskawka Mango \/ Jagoda Brzoskwiniowa \/ Jagody Arbuza<\/strong><\/p>\n<p><strong data-sourcepos=\"40:4-40:60\">5.Malina jagodowa \/ \u017belek \/ Pitaja arbuzowa<\/strong><\/p>\n<p><strong data-sourcepos=\"41:4-41:55\">6.Truskawkowe Kiwi \/ Lody Czarnego Smoka \/ Limonka Cytrynowa<\/strong><\/p>\n<p><strong data-sourcepos=\"42:4-42:51\">7. Arbuz jagodowy \/ L\u00f3d winogronowy \/ L\u00f3d Fuji<\/strong><\/p>\n<p><strong data-sourcepos=\"43:4-43:64\">8.Truskawkowy Arbuz \/ Winogrona Je\u017cyna \/ Romans Limonkowy<\/strong><\/p>\n<p><strong data-sourcepos=\"44:4-44:61\">9.Truskawkowy Banan \/ L\u00f3d Brzoskwiniowy \/ Arbuz Kwa\u015bna Brzoskwinia<\/strong><\/p>\n<p><strong data-sourcepos=\"45:5-45:71\">10.Peach Mango Arbuz \/ Wi\u015bniowa Cola \/ Marakuja Kiwi Limonka<\/strong><\/p>\n<p><strong data-sourcepos=\"46:5-46:65\">11.Arbuzowa Guma Balonowa \/ Kiwi Marakuja Gujawa \/ Mamba<\/strong><\/p>\n<p><strong data-sourcepos=\"47:5-47:53\">12.Mieszane Jagody \/ Mango Marakuja \/ Mi\u0142o\u015b\u010766<\/strong><\/p>\n<p><strong data-sourcepos=\"47:5-47:53\"><br \/>\n<img loading=\"lazy\" decoding=\"async\" class=\"alignnone wp-image-4331 size-full\" src=\"https:\/\/pgvape.com\/wp-content\/uploads\/2025\/10\/pgvape-Bang-Legend-110000-110K-Puffs-3-in-1-Flavors-Disposable-Vape-0-2-3-5-Nicotine-12Tastes-LED-Display-Vape-Factory-Direct-7.png\" alt=\"\" width=\"1500\" height=\"1500\" srcset=\"https:\/\/pgvape.com\/wp-content\/uploads\/2025\/10\/pgvape-Bang-Legend-110000-110K-Puffs-3-in-1-Flavors-Disposable-Vape-0-2-3-5-Nicotine-12Tastes-LED-Display-Vape-Factory-Direct-7.png 1500w, https:\/\/pgvape.com\/wp-content\/uploads\/2025\/10\/pgvape-Bang-Legend-110000-110K-Puffs-3-in-1-Flavors-Disposable-Vape-0-2-3-5-Nicotine-12Tastes-LED-Display-Vape-Factory-Direct-7-360x360.png 360w, https:\/\/pgvape.com\/wp-content\/uploads\/2025\/10\/pgvape-Bang-Legend-110000-110K-Puffs-3-in-1-Flavors-Disposable-Vape-0-2-3-5-Nicotine-12Tastes-LED-Display-Vape-Factory-Direct-7-595x595.png 595w, https:\/\/pgvape.com\/wp-content\/uploads\/2025\/10\/pgvape-Bang-Legend-110000-110K-Puffs-3-in-1-Flavors-Disposable-Vape-0-2-3-5-Nicotine-12Tastes-LED-Display-Vape-Factory-Direct-7-400x400.png 400w, https:\/\/pgvape.com\/wp-content\/uploads\/2025\/10\/pgvape-Bang-Legend-110000-110K-Puffs-3-in-1-Flavors-Disposable-Vape-0-2-3-5-Nicotine-12Tastes-LED-Display-Vape-Factory-Direct-7-768x768.png 768w, https:\/\/pgvape.com\/wp-content\/uploads\/2025\/10\/pgvape-Bang-Legend-110000-110K-Puffs-3-in-1-Flavors-Disposable-Vape-0-2-3-5-Nicotine-12Tastes-LED-Display-Vape-Factory-Direct-7-12x12.png 12w, https:\/\/pgvape.com\/wp-content\/uploads\/2025\/10\/pgvape-Bang-Legend-110000-110K-Puffs-3-in-1-Flavors-Disposable-Vape-0-2-3-5-Nicotine-12Tastes-LED-Display-Vape-Factory-Direct-7-300x300.png 300w, https:\/\/pgvape.com\/wp-content\/uploads\/2025\/10\/pgvape-Bang-Legend-110000-110K-Puffs-3-in-1-Flavors-Disposable-Vape-0-2-3-5-Nicotine-12Tastes-LED-Display-Vape-Factory-Direct-7-600x600.png 600w, https:\/\/pgvape.com\/wp-content\/uploads\/2025\/10\/pgvape-Bang-Legend-110000-110K-Puffs-3-in-1-Flavors-Disposable-Vape-0-2-3-5-Nicotine-12Tastes-LED-Display-Vape-Factory-Direct-7-100x100.png 100w, https:\/\/pgvape.com\/wp-content\/uploads\/2025\/10\/pgvape-Bang-Legend-110000-110K-Puffs-3-in-1-Flavors-Disposable-Vape-0-2-3-5-Nicotine-12Tastes-LED-Display-Vape-Factory-Direct-7-40x40.png 40w\" sizes=\"auto, (max-width: 1500px) 100vw, 1500px\" \/><br \/>\n<\/strong><\/p>\n<p>&nbsp;<\/p>\n<h3><span style=\"font-size: 90%;\">Bang Legend 110000 | 110K Puffs 3 w 1 Smaki Jednorazowy Vape <strong>Wideo<\/strong>:<br \/>\n<\/span><\/h3>\n<p>&nbsp;<\/p>\n<h2><span style=\"font-size: 90%;\">Cz\u0119sto zadawane pytania dotycz\u0105ce Bang Legend 110000 | 110K Puffs 3 w 1 Smaki Jednorazowy Vape<\/span><\/h2>\n<p data-sourcepos=\"33:1-34:101\">\u2753 <strong data-sourcepos=\"33:3-33:46\">Jak dzia\u0142a system potr\u00f3jnego smaku?<\/strong><br \/>\n\u2705 Natychmiast obracaj si\u0119 pomi\u0119dzy <strong data-sourcepos=\"34:28-34:44\">Smak A\/B\/C<\/strong> lub wymieszaj je <strong data-sourcepos=\"34:61-34:78\">niestandardowe mieszanki<\/strong> \u2013 wszystko w jednym urz\u0105dzeniu.<\/p>\n<p data-sourcepos=\"36:1-37:113\">\u2753 <strong data-sourcepos=\"36:3-36:41\">Co zapewnia trwa\u0142o\u015b\u0107 zaci\u0105gni\u0119\u0107 110 tys.?<\/strong><br \/>\n\u2705 <strong data-sourcepos=\"37:3-37:31\">Zaawansowana wydajno\u015b\u0107 cewki<\/strong> + <strong data-sourcepos=\"37:34-37:68\">zoptymalizowane zu\u017cycie e-liquidu<\/strong> = <strong data-sourcepos=\"37:71-37:84\">5x d\u0142u\u017cej<\/strong> ni\u017c standardowe jednorazowe.<\/p>\n<p data-sourcepos=\"39:1-40:92\">\u2753 <strong data-sourcepos=\"39:3-39:39\">Czy jako\u015b\u0107 pary jest sta\u0142a?<\/strong><br \/>\n\u2705 <strong data-sourcepos=\"40:3-40:21\">Cewka siatkowa 1,0 \u03a9<\/strong> dostarcza <strong data-sourcepos=\"40:31-40:58\">30% wi\u0119ksza klarowno\u015b\u0107 smaku<\/strong> z <strong data-sourcepos=\"40:64-40:89\">zero spalonego posmaku<\/strong>.<\/p>\n<p data-sourcepos=\"42:1-43:68\">\u2753 <strong data-sourcepos=\"42:3-42:38\">Przeno\u015bny pomimo du\u017cej pojemno\u015bci?<\/strong><br \/>\n\u2705 <strong data-sourcepos=\"43:3-43:23\">Ergonomiczna konstrukcja<\/strong> (XXcm x XXcm) wygodnie mie\u015bci si\u0119 w kieszeniach.<\/p>\n<p>&nbsp;<\/p>\n<h3 id=\"brxe-najhln\" class=\"brxe-heading\">Cz\u0119sto zadawane pytania (FAQ)<\/h3>\n<div id=\"brxe-rajiac\" class=\"brxe-text\">\n<p><strong>P: Jakie metody p\u0142atno\u015bci akceptujecie?<\/strong><br \/>\nOdp.: Akceptujemy PayPal, Stripe, przelewy bankowe (obs\u0142ugiwane SEPA), g\u0142\u00f3wne karty kredytowe (Visa, MasterCard, American Express) i p\u0142atno\u015bci w kryptowalutach.<\/p>\n<p><strong>P: Jak d\u0142ugo trwa przygotowanie zam\u00f3wienia?<\/strong><br \/>\nOdp.: Przygotowanie zam\u00f3wienia zajmuje 1-3 dni robocze.<\/p>\n<p><strong>P: Jaki jest czas wysy\u0142ki?<\/strong><br \/>\nOdp.: Czas wysy\u0142ki wynosi 7-14 dni roboczych, w zale\u017cno\u015bci od Twojej lokalizacji.<\/p>\n<p><strong>P: Jak mog\u0119 \u015bledzi\u0107 moje zam\u00f3wienie?<\/strong><br \/>\nOdp.: Po wysy\u0142ce otrzymasz wiadomo\u015b\u0107 e-mail z potwierdzeniem i numerem przesy\u0142ki umo\u017cliwiaj\u0105cym \u015bledzenie w czasie rzeczywistym.<\/p>\n<p><strong>P: Jaka jest Twoja polityka zwrot\u00f3w?<\/strong><br \/>\nOdp.: Oferujemy 30-dniow\u0105 polityk\u0119 zwrot\u00f3w lub wymiany. .<\/p>\n<p><strong>P: Czy wyst\u0105pi\u0105 jakie\u015b problemy celne?<br \/>\n<\/strong>Obs\u0142ugujemy wszystkie procedury odprawy celnej, aby zapewni\u0107 Ci bezproblemow\u0105 obs\u0142ug\u0119. .<\/p>\n<p><strong>P: Jakie metody wysy\u0142ki s\u0105 stosowane?<\/strong><br \/>\nWsp\u00f3\u0142pracujemy z firmami UPS\/DHL\/FEDEX\/DPD itp. W zale\u017cno\u015bci od kraju dostawy wybierzemy odpowiedni\u0105 opcj\u0119 wysy\u0142ki, tak aby produkty dotar\u0142y do \u200b\u200bPa\u0144stwa najszybciej jak to mo\u017cliwe.<\/p>\n<p><a href=\"https:\/\/pgvape.com\/pl\/czesto-zadawane-pytania\/\">Kliknij tutaj, aby uzyska\u0107 wi\u0119cej cz\u0119sto zadawanych pyta\u0144<\/a><\/p>\n<p>Szanowni klienci, je\u015bli masz jakiekolwiek pytania dotycz\u0105ce zam\u00f3wienia lub przybycia towaru, skontaktuj si\u0119 z naszym dzia\u0142em obs\u0142ugi klienta. Dzi\u0119kuj\u0119!<\/p>\n<h3 data-sourcepos=\"73:1-73:21\"><strong data-sourcepos=\"73:7-73:21\">Skontaktuj si\u0119 z nami<\/strong><\/h3>\n<div id=\"text-2419739398\" class=\"text\">\n<p><strong data-sourcepos=\"75:3-75:12\">E-mail<\/strong>:\u00a0<a href=\"mailto:support@pgvape.com\"><strong>support@pgvape.com<\/strong><\/a><\/p>\n<p><strong data-sourcepos=\"76:3-76:15\">WhatsApp<\/strong>: <a href=\"https:\/\/wa.me\/+8618128481258\"><strong>+86 18128481258<\/strong><\/a><br \/>\n<strong>(Odpowied\u017a w ci\u0105gu 24 godzin w dni robocze)<\/strong><\/p>\n<\/div>\n<h3><strong>Dzi\u0119kujemy za wybranie pgvape.com! .<\/strong><\/h3>\n<\/div>","protected":false},"excerpt":{"rendered":"<p><strong data-sourcepos=\"48:5-48:25\">Bang Legend 110 tys<\/strong> \u0142\u0105czy <strong data-sourcepos=\"48:35-48:62\">niezr\u00f3wnane 110 000 zaci\u0105gni\u0119\u0107<\/strong>, <strong data-sourcepos=\"48:64-48:93\">wszechstronno\u015b\u0107 potr\u00f3jnego smaku<\/strong>, I <strong data-sourcepos=\"48:99-48:132\">doskona\u0142a wydajno\u015b\u0107 cewki siatkowej<\/strong> w przeno\u015bnej konstrukcji. <strong data-sourcepos=\"48:155-48:174\">12 trio smakowych<\/strong> I <strong data-sourcepos=\"48:179-48:208\">wiele opcji nikotynowych<\/strong> zaspokoi\u0107 potrzeby wszystkich vaper\u00f3w.<\/p>","protected":false},"featured_media":4342,"comment_status":"open","ping_status":"closed","template":"","meta":{"_seopress_robots_primary_cat":"none","_seopress_titles_title":"%%post_title%% %%sep%% %%sitetitle%%","_seopress_titles_desc":"","_seopress_robots_index":""},"product_brand":[72,516],"product_cat":[119,71,515],"product_tag":[361,24,360,90,79,204],"class_list":{"0":"post-4322","1":"product","2":"type-product","3":"status-publish","4":"has-post-thumbnail","6":"product_brand-bang-legend-vape","7":"product_brand-disposable-vape","8":"product_cat-110k-puffs-vape","9":"product_cat-bang-legend-vape","10":"product_cat-disposable-vape","11":"product_tag-110k-puffs-vape","12":"product_tag-3-in-1-flavors","13":"product_tag-bang-legend-110000","14":"product_tag-disposable-vape","15":"product_tag-led-display","16":"product_tag-vape-factory-direct","18":"first","19":"instock","20":"sale","21":"shipping-taxable","22":"purchasable","23":"product-type-variable"},"_links":{"self":[{"href":"https:\/\/pgvape.com\/pl\/wp-json\/wp\/v2\/product\/4322","targetHints":{"allow":["GET"]}}],"collection":[{"href":"https:\/\/pgvape.com\/pl\/wp-json\/wp\/v2\/product"}],"about":[{"href":"https:\/\/pgvape.com\/pl\/wp-json\/wp\/v2\/types\/product"}],"replies":[{"embeddable":true,"href":"https:\/\/pgvape.com\/pl\/wp-json\/wp\/v2\/comments?post=4322"}],"wp:featuredmedia":[{"embeddable":true,"href":"https:\/\/pgvape.com\/pl\/wp-json\/wp\/v2\/media\/4342"}],"wp:attachment":[{"href":"https:\/\/pgvape.com\/pl\/wp-json\/wp\/v2\/media?parent=4322"}],"wp:term":[{"taxonomy":"product_brand","embeddable":true,"href":"https:\/\/pgvape.com\/pl\/wp-json\/wp\/v2\/product_brand?post=4322"},{"taxonomy":"product_cat","embeddable":true,"href":"https:\/\/pgvape.com\/pl\/wp-json\/wp\/v2\/product_cat?post=4322"},{"taxonomy":"product_tag","embeddable":true,"href":"https:\/\/pgvape.com\/pl\/wp-json\/wp\/v2\/product_tag?post=4322"}],"curies":[{"name":"wp","href":"https:\/\/api.w.org\/{rel}","templated":true}]}}