{"id":4268,"date":"2025-10-24T13:22:59","date_gmt":"2025-10-24T13:22:59","guid":{"rendered":"https:\/\/pgvape.com\/?post_type=product&#038;p=4268"},"modified":"2025-12-15T12:30:15","modified_gmt":"2025-12-15T12:30:15","slug":"bang-lider-triple-85000-85k-zaciagniec-3-w-1-smaki-jednorazowe-vape-0-2-3-5-nikotyna-15-smakow-wyswietlacz-led-ekran-vape-factory-direct","status":"publish","type":"product","link":"https:\/\/pgvape.com\/pl\/produkt\/bang-lider-triple-85000-85k-zaciagniec-3-w-1-smaki-jednorazowe-vape-0-2-3-5-nikotyna-15-smakow-wyswietlacz-led-ekran-vape-factory-direct\/","title":{"rendered":"Bang Leader Triple 85000 | 85k Ptysi 3 w 1 Smaki Jednorazowy Vape | 0% 2% 3% 5% Nikotyna | 15 Smak\u00f3w | Ekran LED | Vape Factory Direct"},"content":{"rendered":"<p><strong data-sourcepos=\"4:5-4:53\">Jednorazowy waporyzator Bang Leader Triple 85K Puffs<\/strong> na nowo definiuje wszechstronno\u015b\u0107 waporyzacji <strong data-sourcepos=\"4:88-4:115\">85 000 bardzo d\u0142ugich zaci\u0105gni\u0119\u0107<\/strong> I <strong data-sourcepos=\"4:120-4:144\">3 regulowane smaki<\/strong> w jednym urz\u0105dzeniu. <strong data-sourcepos=\"4:174-4:192\">Bateria 850 mAh<\/strong> I <strong data-sourcepos=\"4:197-4:223\">potr\u00f3jne cewki siatkowe 1,0 \u03a9<\/strong>, dostarcza <strong data-sourcepos=\"4:237-4:264\">bogaty, sp\u00f3jny smak<\/strong> I <strong data-sourcepos=\"4:269-4:295\">g\u0119sta produkcja pary<\/strong>. <strong data-sourcepos=\"4:309-4:340\">Moc nikotyny 2%\/3%\/5%<\/strong> I <strong data-sourcepos=\"4:345-4:379\">15 doskona\u0142ych kombinacji smakowych<\/strong>, wszystkie wy\u015bwietlane na <strong data-sourcepos=\"4:400-4:420\">wyra\u017any ekran LED<\/strong> z <strong data-sourcepos=\"4:426-4:450\">Szybkie \u0142adowanie typu C<\/strong> wygoda. <strong data-sourcepos=\"4:473-4:493\">10 sztuk w pude\u0142ku<\/strong> do sprzeda\u017cy detalicznej\/hurtowej.<img loading=\"lazy\" decoding=\"async\" class=\"alignnone wp-image-4277 size-full\" src=\"https:\/\/pgvape.com\/wp-content\/uploads\/2025\/10\/pgvape-Bang-Leader-Triple-85000-85k-Puffs-Disposable-Vape-7.png\" alt=\"\" width=\"1500\" height=\"843\" srcset=\"https:\/\/pgvape.com\/wp-content\/uploads\/2025\/10\/pgvape-Bang-Leader-Triple-85000-85k-Puffs-Disposable-Vape-7.png 1500w, https:\/\/pgvape.com\/wp-content\/uploads\/2025\/10\/pgvape-Bang-Leader-Triple-85000-85k-Puffs-Disposable-Vape-7-555x312.png 555w, https:\/\/pgvape.com\/wp-content\/uploads\/2025\/10\/pgvape-Bang-Leader-Triple-85000-85k-Puffs-Disposable-Vape-7-595x334.png 595w, https:\/\/pgvape.com\/wp-content\/uploads\/2025\/10\/pgvape-Bang-Leader-Triple-85000-85k-Puffs-Disposable-Vape-7-400x225.png 400w, https:\/\/pgvape.com\/wp-content\/uploads\/2025\/10\/pgvape-Bang-Leader-Triple-85000-85k-Puffs-Disposable-Vape-7-768x432.png 768w, https:\/\/pgvape.com\/wp-content\/uploads\/2025\/10\/pgvape-Bang-Leader-Triple-85000-85k-Puffs-Disposable-Vape-7-18x10.png 18w, https:\/\/pgvape.com\/wp-content\/uploads\/2025\/10\/pgvape-Bang-Leader-Triple-85000-85k-Puffs-Disposable-Vape-7-600x337.png 600w, https:\/\/pgvape.com\/wp-content\/uploads\/2025\/10\/pgvape-Bang-Leader-Triple-85000-85k-Puffs-Disposable-Vape-7-60x34.png 60w\" sizes=\"auto, (max-width: 1500px) 100vw, 1500px\" \/><\/p>\n<p>&nbsp;<\/p>\n<h2><span style=\"font-size: 90%;\">Bang Leader Triple 85000 | 85k Puffs 3 w 1 Smaki Jednorazowy Vape <strong data-sourcepos=\"6:5-6:27\">Dane techniczne<\/strong><\/span><\/h2>\n<p><strong data-sourcepos=\"7:3-7:17\">Liczba puf\u00f3w<\/strong>:\u00a0<strong data-sourcepos=\"7:19-7:35\">85 000 zaci\u0105gni\u0119\u0107<\/strong><\/p>\n<p><strong data-sourcepos=\"8:3-8:20\">System smakowy<\/strong>:\u00a0<strong data-sourcepos=\"8:22-8:57\">3 regulowane smaki na urz\u0105dzenie<\/strong><\/p>\n<p><strong data-sourcepos=\"9:3-9:15\">Nikotyna<\/strong>:\u00a0<strong data-sourcepos=\"9:17-9:33\">2% \/ 3% \/ 5%<\/strong><\/p>\n<p><strong data-sourcepos=\"10:3-10:14\">Bateria<\/strong>:\u00a0<strong data-sourcepos=\"10:16-10:39\">Akumulator o pojemno\u015bci 850 mAh<\/strong><\/p>\n<p><strong data-sourcepos=\"11:3-11:11\">Cewka<\/strong>:\u00a0<strong data-sourcepos=\"11:13-11:39\">Potr\u00f3jne cewki siatkowe 1,0 \u03a9<\/strong><\/p>\n<p><strong data-sourcepos=\"12:3-12:14\">Wy\u015bwietlacz<\/strong>:\u00a0<strong data-sourcepos=\"12:16-12:48\">Wska\u017anik LED baterii\/smaku<\/strong><\/p>\n<p><strong data-sourcepos=\"13:3-13:15\">\u0141adowanie<\/strong>:\u00a0<strong data-sourcepos=\"13:17-13:32\">Port typu C<\/strong><\/p>\n<p><strong data-sourcepos=\"14:3-14:16\">Opakowanie<\/strong>:\u00a0<strong data-sourcepos=\"14:18-14:40\">10 sztuk\/pude\u0142ko wystawowe<\/strong><\/p>\n<p>&nbsp;<\/p>\n<h3><span style=\"font-size: 90%;\">Bang Leader Triple 85000 | 85k Puffs 3 w 1 Smaki Jednorazowy Vape <strong data-sourcepos=\"16:5-16:28\">Kombinacje smakowe<\/strong><\/span><\/h3>\n<p><strong data-sourcepos=\"17:4-17:57\">1. L\u00f3d winogronowy | Truskawkowy Kiwi | Gujawa z marakuji<\/strong><\/p>\n<p><strong data-sourcepos=\"18:4-18:61\">2. L\u00f3d truskawkowy | Cytrynowo-pomara\u0144czowa | Guma balonowa arbuzowa<\/strong><\/p>\n<p><strong data-sourcepos=\"19:4-19:50\">3.L\u00f3d arbuzowy | Mango Brzoskwinia | Soda pomara\u0144czowa<\/strong><\/p>\n<p><strong data-sourcepos=\"20:4-20:59\">4. L\u00f3d Ananasowy | Truskawkowy Red Bull | Mieszane Jagody<\/strong><\/p>\n<p><strong data-sourcepos=\"21:4-21:62\">5.Red Bull | Jagodowy Arbuz | Lody Truskawkowe<\/strong><\/p>\n<p><strong data-sourcepos=\"22:4-22:46\">6. L\u00f3d koksowy | Jab\u0142ko Brzoskwiniowe | R\u00f3\u017cowa Lemoniada<\/strong><\/p>\n<p><strong data-sourcepos=\"23:4-23:55\">7.Banan L\u00f3d | Truskawkowy Arbuz | \u017belek Nied\u017awied\u017a<\/strong><\/p>\n<p><strong data-sourcepos=\"24:4-24:48\">8.L\u00f3d jagodowy | Blue Raz | Pachn\u0105ca Gruszka<\/strong><\/p>\n<p><strong data-sourcepos=\"25:4-25:56\">9. Mieszanka Owocowa | Brzoskwinia Mojito | Jagoda Malina<\/strong><\/p>\n<p><strong data-sourcepos=\"26:5-26:54\">10. L\u00f3d Czarnego Smoka | Pianka | Letni sen<br \/>\n<img loading=\"lazy\" decoding=\"async\" class=\"alignnone wp-image-4288 size-full\" src=\"https:\/\/pgvape.com\/wp-content\/uploads\/2025\/10\/pgvape-Bang-Leader-Triple-85000-85k-Puffs-Disposable-Vape-18.png\" alt=\"\" width=\"1106\" height=\"1500\" srcset=\"https:\/\/pgvape.com\/wp-content\/uploads\/2025\/10\/pgvape-Bang-Leader-Triple-85000-85k-Puffs-Disposable-Vape-18.png 1106w, https:\/\/pgvape.com\/wp-content\/uploads\/2025\/10\/pgvape-Bang-Leader-Triple-85000-85k-Puffs-Disposable-Vape-18-265x360.png 265w, https:\/\/pgvape.com\/wp-content\/uploads\/2025\/10\/pgvape-Bang-Leader-Triple-85000-85k-Puffs-Disposable-Vape-18-595x807.png 595w, https:\/\/pgvape.com\/wp-content\/uploads\/2025\/10\/pgvape-Bang-Leader-Triple-85000-85k-Puffs-Disposable-Vape-18-295x400.png 295w, https:\/\/pgvape.com\/wp-content\/uploads\/2025\/10\/pgvape-Bang-Leader-Triple-85000-85k-Puffs-Disposable-Vape-18-768x1042.png 768w, https:\/\/pgvape.com\/wp-content\/uploads\/2025\/10\/pgvape-Bang-Leader-Triple-85000-85k-Puffs-Disposable-Vape-18-9x12.png 9w, https:\/\/pgvape.com\/wp-content\/uploads\/2025\/10\/pgvape-Bang-Leader-Triple-85000-85k-Puffs-Disposable-Vape-18-600x814.png 600w, https:\/\/pgvape.com\/wp-content\/uploads\/2025\/10\/pgvape-Bang-Leader-Triple-85000-85k-Puffs-Disposable-Vape-18-29x40.png 29w\" sizes=\"auto, (max-width: 1106px) 100vw, 1106px\" \/><br \/>\n<\/strong><\/p>\n<p>&nbsp;<\/p>\n<h3><span style=\"font-size: 90%;\">Bang Leader Triple 85000 | 85k Puffs 3 w 1 Smaki Jednorazowy Vape <strong>Wideo<\/strong>:<\/span><\/h3>\n<p>&nbsp;<\/p>\n<h2><span style=\"font-size: 90%;\">Cz\u0119sto zadawane pytania dotycz\u0105ce Bang Leader Triple 85000 | 85k Puffs 3 w 1 Smaki Jednorazowy Vape<\/span><\/h2>\n<p data-sourcepos=\"29:1-30:94\">\u2753 <strong data-sourcepos=\"29:3-29:46\">Jak dzia\u0142a system potr\u00f3jnego smaku?<\/strong><br \/>\n\u2705 <strong data-sourcepos=\"30:3-30:31\">Zmieniaj si\u0119 pomi\u0119dzy 3 smakami<\/strong> natychmiast lub ciesz si\u0119 mieszanymi profilami <strong data-sourcepos=\"30:70-30:91\">spersonalizowane wapowanie<\/strong>.<\/p>\n<p data-sourcepos=\"32:1-33:95\">\u2753 <strong data-sourcepos=\"32:3-32:45\">Co gwarantuje d\u0142ugotrwa\u0142e dzia\u0142anie?<\/strong><br \/>\n\u2705 <strong data-sourcepos=\"33:3-33:31\">Zoptymalizowana bateria 850 mAh<\/strong> + <strong data-sourcepos=\"33:34-33:60\">wydajne potr\u00f3jne cewki<\/strong> wyolbrzymia\u0107 <strong data-sourcepos=\"33:70-33:92\">Potencja\u0142 zaci\u0105gni\u0119cia 85 tys<\/strong>.<\/p>\n<p data-sourcepos=\"35:1-36:81\">\u2753 <strong data-sourcepos=\"35:3-35:36\">Czy jako\u015b\u0107 pary jest premium?<br \/>\n<\/strong> \u2705 <strong data-sourcepos=\"36:3-36:24\">Cewki z potr\u00f3jn\u0105 siatk\u0105<\/strong> dostarcza\u0107 <strong data-sourcepos=\"36:33-36:52\">30% wi\u0119cej smaku<\/strong> ni\u017c standardowe jednorazowe.<\/p>\n<p data-sourcepos=\"38:1-39:87\">\u2753 <strong data-sourcepos=\"38:3-38:30\">Opakowanie gotowe do sprzeda\u017cy detalicznej?<\/strong><br \/>\n\u2705 <strong data-sourcepos=\"39:3-39:28\">Pude\u0142ka ekspozycyjne na 10 sztuk<\/strong> z <strong data-sourcepos=\"39:34-39:66\">przyci\u0105gaj\u0105ce wzrok oznakowanie smakowe<\/strong> na p\u00f3\u0142ki sklepowe.<\/p>\n<p>&nbsp;<\/p>\n<h3 id=\"brxe-najhln\" class=\"brxe-heading\">Cz\u0119sto zadawane pytania (FAQ)<\/h3>\n<div id=\"brxe-rajiac\" class=\"brxe-text\">\n<p><strong>P: Jakie metody p\u0142atno\u015bci akceptujecie?<\/strong><br \/>\nOdp.: Akceptujemy PayPal, Stripe, przelewy bankowe (obs\u0142ugiwane SEPA), g\u0142\u00f3wne karty kredytowe (Visa, MasterCard, American Express) i p\u0142atno\u015bci w kryptowalutach.<\/p>\n<p><strong>P: Jak d\u0142ugo trwa przygotowanie zam\u00f3wienia?<\/strong><br \/>\nOdp.: Przygotowanie zam\u00f3wienia zajmuje 1-3 dni robocze.<\/p>\n<p><strong>P: Jaki jest czas wysy\u0142ki?<\/strong><br \/>\nOdp.: Czas wysy\u0142ki wynosi 7-14 dni roboczych, w zale\u017cno\u015bci od Twojej lokalizacji.<\/p>\n<p><strong>P: Jak mog\u0119 \u015bledzi\u0107 moje zam\u00f3wienie?<\/strong><br \/>\nOdp.: Po wysy\u0142ce otrzymasz wiadomo\u015b\u0107 e-mail z potwierdzeniem i numerem przesy\u0142ki umo\u017cliwiaj\u0105cym \u015bledzenie w czasie rzeczywistym.<\/p>\n<p><strong>P: Jaka jest Twoja polityka zwrot\u00f3w?<\/strong><br \/>\nOdp.: Oferujemy 30-dniow\u0105 polityk\u0119 zwrot\u00f3w lub wymiany. .<\/p>\n<p><strong>P: Czy wyst\u0105pi\u0105 jakie\u015b problemy celne?<br \/>\n<\/strong>Obs\u0142ugujemy wszystkie procedury odprawy celnej, aby zapewni\u0107 Ci bezproblemow\u0105 obs\u0142ug\u0119. .<\/p>\n<p><strong>P: Jakie metody wysy\u0142ki s\u0105 stosowane?<\/strong><br \/>\nWsp\u00f3\u0142pracujemy z firmami UPS\/DHL\/FEDEX\/DPD itp. W zale\u017cno\u015bci od kraju dostawy wybierzemy odpowiedni\u0105 opcj\u0119 wysy\u0142ki, tak aby produkty dotar\u0142y do \u200b\u200bPa\u0144stwa najszybciej jak to mo\u017cliwe.<\/p>\n<p><a href=\"https:\/\/pgvape.com\/pl\/czesto-zadawane-pytania\/\">Kliknij tutaj, aby uzyska\u0107 wi\u0119cej cz\u0119sto zadawanych pyta\u0144<\/a><\/p>\n<p>Szanowni klienci, je\u015bli masz jakiekolwiek pytania dotycz\u0105ce zam\u00f3wienia lub przybycia towaru, skontaktuj si\u0119 z naszym dzia\u0142em obs\u0142ugi klienta. Dzi\u0119kuj\u0119!<\/p>\n<h3 data-sourcepos=\"73:1-73:21\"><strong data-sourcepos=\"73:7-73:21\">Skontaktuj si\u0119 z nami<\/strong><\/h3>\n<div id=\"text-2419739398\" class=\"text\">\n<p><strong data-sourcepos=\"75:3-75:12\">E-mail<\/strong>:\u00a0<a href=\"mailto:support@pgvape.com\"><strong>support@pgvape.com<\/strong><\/a><\/p>\n<p><strong data-sourcepos=\"76:3-76:15\">WhatsApp<\/strong>: <a href=\"https:\/\/wa.me\/+8618128481258\"><strong>+86 18128481258<\/strong><\/a><br \/>\n<strong>(Odpowied\u017a w ci\u0105gu 24 godzin w dni robocze)<\/strong><\/p>\n<\/div>\n<h3><strong>Dzi\u0119kujemy za wybranie pgvape.com! .<\/strong><\/h3>\n<\/div>","protected":false},"excerpt":{"rendered":"<p><strong data-sourcepos=\"47:5-47:31\">Bang Leader Triple 85 tys<\/strong> \u0142\u0105czy <strong data-sourcepos=\"47:41-47:67\">niezr\u00f3wnane 85 000 zaci\u0105gni\u0119\u0107<\/strong>, <strong data-sourcepos=\"47:69-47:93\">Elastyczno\u015b\u0107 w trzech smakach<\/strong>, I <strong data-sourcepos=\"47:99-47:132\">doskona\u0142a wydajno\u015b\u0107 cewki siatkowej<\/strong> w jednym eleganckim jednorazowym. <strong data-sourcepos=\"47:158-47:177\">15 trio smakowych<\/strong> I <strong data-sourcepos=\"47:182-47:211\">wiele opcji nikotynowych<\/strong> zaspokoi\u0107 wszystkie preferencje.<\/p>","protected":false},"featured_media":4271,"comment_status":"open","ping_status":"closed","template":"","meta":{"_seopress_robots_primary_cat":"none","_seopress_titles_title":"%%post_title%% %%sep%% %%sitetitle%%","_seopress_titles_desc":"","_seopress_robots_index":""},"product_brand":[54,516],"product_cat":[20,32,515],"product_tag":[24,357,356,90,358,81,359],"class_list":{"0":"post-4268","1":"product","2":"type-product","3":"status-publish","4":"has-post-thumbnail","6":"product_brand-bang-leader-vape","7":"product_brand-disposable-vape","8":"product_cat-85k-puffs-vape","9":"product_cat-bang-leader-vape","10":"product_cat-disposable-vape","11":"product_tag-3-in-1-flavors","12":"product_tag-85k-puffs-vape","13":"product_tag-bang-leader-triple-85000","14":"product_tag-disposable-vape","15":"product_tag-led-display-screen","16":"product_tag-mouth-to-lung","17":"product_tag-triple-mesh","19":"first","20":"instock","21":"sale","22":"shipping-taxable","23":"purchasable","24":"product-type-variable"},"_links":{"self":[{"href":"https:\/\/pgvape.com\/pl\/wp-json\/wp\/v2\/product\/4268","targetHints":{"allow":["GET"]}}],"collection":[{"href":"https:\/\/pgvape.com\/pl\/wp-json\/wp\/v2\/product"}],"about":[{"href":"https:\/\/pgvape.com\/pl\/wp-json\/wp\/v2\/types\/product"}],"replies":[{"embeddable":true,"href":"https:\/\/pgvape.com\/pl\/wp-json\/wp\/v2\/comments?post=4268"}],"wp:featuredmedia":[{"embeddable":true,"href":"https:\/\/pgvape.com\/pl\/wp-json\/wp\/v2\/media\/4271"}],"wp:attachment":[{"href":"https:\/\/pgvape.com\/pl\/wp-json\/wp\/v2\/media?parent=4268"}],"wp:term":[{"taxonomy":"product_brand","embeddable":true,"href":"https:\/\/pgvape.com\/pl\/wp-json\/wp\/v2\/product_brand?post=4268"},{"taxonomy":"product_cat","embeddable":true,"href":"https:\/\/pgvape.com\/pl\/wp-json\/wp\/v2\/product_cat?post=4268"},{"taxonomy":"product_tag","embeddable":true,"href":"https:\/\/pgvape.com\/pl\/wp-json\/wp\/v2\/product_tag?post=4268"}],"curies":[{"name":"wp","href":"https:\/\/api.w.org\/{rel}","templated":true}]}}