{"id":4231,"date":"2025-10-24T11:37:09","date_gmt":"2025-10-24T11:37:09","guid":{"rendered":"https:\/\/pgvape.com\/?post_type=product&#038;p=4231"},"modified":"2026-03-19T16:04:09","modified_gmt":"2026-03-19T16:04:09","slug":"quady-120000-120k-zaciagniec-shisha-zestaw-do-fajki-wodnej-jednorazowe-vape-vape-factory-direct","status":"publish","type":"product","link":"https:\/\/pgvape.com\/pl\/produkt\/quady-120000-120k-zaciagniec-shisha-zestaw-do-fajki-wodnej-jednorazowe-vape-vape-factory-direct\/","title":{"rendered":"ATVS 120000 120K Puffs Shisha Zestaw do fajki wodnej Jednorazowe Vape-Vape Factory Direct"},"content":{"rendered":"<p><strong data-sourcepos=\"6:5-6:56\">Jednorazowy waporyzator ATVS 120K Puffs DTL z g\u0142\u00f3wk\u0105 do fajki wodnej<\/strong> na nowo definiuje waporyzacj\u0119 o wysokiej wydajno\u015bci <strong data-sourcepos=\"6:96-6:124\">120 000 bardzo d\u0142ugich zaci\u0105gni\u0119\u0107<\/strong> I <strong data-sourcepos=\"6:129-6:155\">Pojemno\u015b\u0107 e-liquidu 50 ml<\/strong>. <strong data-sourcepos=\"6:201-6:219\">Cewka siatkowa 0,2 \u03a9<\/strong> Do <strong data-sourcepos=\"6:224-6:242\">intensywny smak<\/strong>, <strong data-sourcepos=\"6:244-6:276\">Akumulator o pojemno\u015bci 2200 mAh<\/strong>, I <strong data-sourcepos=\"6:282-6:296\">Projekt DTL<\/strong> Do <strong data-sourcepos=\"6:301-6:329\">masowa produkcja pary<\/strong>. <strong data-sourcepos=\"6:335-6:358\">Zaw\u00f3r obrotowy 360\u00b0<\/strong> I <strong data-sourcepos=\"6:363-6:385\">regulowany przep\u0142yw powietrza<\/strong> w\u0142\u0105czy\u0107 niestandardowe losowanie, podczas gdy <strong data-sourcepos=\"6:421-6:437\">O\u015bwietlenie RGB<\/strong> I <strong data-sourcepos=\"6:442-6:457\">Wy\u015bwietlacz LED<\/strong> dodaj futurystyczny styl. <strong data-sourcepos=\"6:492-6:514\">10 smak\u00f3w premium<\/strong> dla najlepszego do\u015bwiadczenia wapowania.<\/p>\n<p>&nbsp;<\/p>\n<h2><span style=\"font-size: 90%;\">ATVS 120000 | 120K Puffs Shisha Zestaw do fajki wodnej Jednorazowy Vape <strong data-sourcepos=\"10:5-10:31\">Specyfikacje produktu<\/strong><\/span><\/h2>\n<p><strong data-sourcepos=\"11:3-11:17\">Liczba puf\u00f3w<\/strong>:\u00a0<strong data-sourcepos=\"11:19-11:36\">120 000 zaci\u0105gni\u0119\u0107<\/strong><\/p>\n<p><strong data-sourcepos=\"12:3-12:15\">E-ciecz<\/strong>:\u00a0<strong data-sourcepos=\"12:17-12:34\">Pojemno\u015b\u0107 50ml<\/strong><\/p>\n<p><strong data-sourcepos=\"13:3-13:15\">Nikotyna<\/strong>:\u00a0<strong data-sourcepos=\"13:17-13:37\">S\u00f3l nikotynowa 5%<\/strong><\/p>\n<p><strong data-sourcepos=\"14:3-14:11\">Cewka<\/strong>:\u00a0<strong data-sourcepos=\"14:13-14:31\">Cewka siatkowa 0,2 \u03a9<\/strong><\/p>\n<p><strong data-sourcepos=\"15:3-15:14\">Bateria<\/strong>:\u00a0<strong data-sourcepos=\"15:16-15:40\">Akumulator o pojemno\u015bci 2200 mAh<\/strong><\/p>\n<p><strong data-sourcepos=\"16:3-16:15\">\u0141adowanie<\/strong>:\u00a0<strong data-sourcepos=\"16:17-16:41\">Szybkie \u0142adowanie typu C<\/strong><\/p>\n<p><strong data-sourcepos=\"17:3-17:14\">Przep\u0142yw powietrza<\/strong>:\u00a0<strong data-sourcepos=\"17:16-17:36\">W pe\u0142ni regulowany<\/strong><\/p>\n<p><strong data-sourcepos=\"18:3-18:12\">Zaw\u00f3r<\/strong>:\u00a0<strong data-sourcepos=\"18:14-18:39\">Sterowanie obrotowe 360\u00b0<\/strong><\/p>\n<p><strong data-sourcepos=\"19:3-19:13\">\u015alepia<\/strong>:\u00a0<strong data-sourcepos=\"19:15-19:45\">O\u015bwietlenie RGB + wy\u015bwietlacz LED<\/strong><\/p>\n<p><strong data-sourcepos=\"20:3-20:13\">Projekt<\/strong>:\u00a0<strong data-sourcepos=\"20:15-20:30\">Koncentruje si\u0119 na DTL<\/strong><\/p>\n<p><strong data-sourcepos=\"21:3-21:14\">Smaki<\/strong>:\u00a0<strong data-sourcepos=\"21:16-21:30\">10 opcji<\/strong><\/p>\n<p>&nbsp;<\/p>\n<h3><span style=\"font-size: 90%;\">ATVS 120000 | 120K Puffs Shisha Zestaw do fajki wodnej Jednorazowy Vape <strong data-sourcepos=\"25:5-25:25\">Wyb\u00f3r smaku<\/strong><\/span><\/h3>\n<p><strong data-sourcepos=\"26:4-26:16\">1. Bujny l\u00f3d<\/strong><\/p>\n<p><strong data-sourcepos=\"27:4-27:22\">2.L\u00f3d je\u017cynowy<\/strong><\/p>\n<p><strong data-sourcepos=\"28:4-28:26\">3. Niebieska lemoniada Razz<\/strong><\/p>\n<p><strong data-sourcepos=\"29:4-29:21\">4.Podw\u00f3jne jab\u0142ka<\/strong><\/p>\n<p><strong data-sourcepos=\"30:4-30:18\">5. Cytrynowo-mi\u0119towa<\/strong><\/p>\n<p><strong data-sourcepos=\"31:4-31:17\">6. L\u00f3d z mango<\/strong><\/p>\n<p><strong data-sourcepos=\"32:4-32:17\">7. Brzoskwiniowy l\u00f3d<\/strong><\/p>\n<p><strong data-sourcepos=\"33:4-33:21\">8.L\u00f3d jagodowy<\/strong><\/p>\n<p><strong data-sourcepos=\"34:4-34:17\">9. L\u00f3d winogronowy<\/strong><\/p>\n<p><strong data-sourcepos=\"35:5-35:19\">10.Wi\u015bniowy l\u00f3d<\/strong><\/p>\n<p><img loading=\"lazy\" decoding=\"async\" class=\"alignnone wp-image-4246 size-full\" src=\"https:\/\/pgvape.com\/wp-content\/uploads\/2025\/10\/pgvape-ATVS-120000-120K-Puffs-Shisha-Hookah-Kit-Disposable-Vape-13.png\" alt=\"\" width=\"1200\" height=\"1000\" srcset=\"https:\/\/pgvape.com\/wp-content\/uploads\/2025\/10\/pgvape-ATVS-120000-120K-Puffs-Shisha-Hookah-Kit-Disposable-Vape-13.png 1200w, https:\/\/pgvape.com\/wp-content\/uploads\/2025\/10\/pgvape-ATVS-120000-120K-Puffs-Shisha-Hookah-Kit-Disposable-Vape-13-432x360.png 432w, https:\/\/pgvape.com\/wp-content\/uploads\/2025\/10\/pgvape-ATVS-120000-120K-Puffs-Shisha-Hookah-Kit-Disposable-Vape-13-595x496.png 595w, https:\/\/pgvape.com\/wp-content\/uploads\/2025\/10\/pgvape-ATVS-120000-120K-Puffs-Shisha-Hookah-Kit-Disposable-Vape-13-400x333.png 400w, https:\/\/pgvape.com\/wp-content\/uploads\/2025\/10\/pgvape-ATVS-120000-120K-Puffs-Shisha-Hookah-Kit-Disposable-Vape-13-768x640.png 768w, https:\/\/pgvape.com\/wp-content\/uploads\/2025\/10\/pgvape-ATVS-120000-120K-Puffs-Shisha-Hookah-Kit-Disposable-Vape-13-14x12.png 14w, https:\/\/pgvape.com\/wp-content\/uploads\/2025\/10\/pgvape-ATVS-120000-120K-Puffs-Shisha-Hookah-Kit-Disposable-Vape-13-600x500.png 600w, https:\/\/pgvape.com\/wp-content\/uploads\/2025\/10\/pgvape-ATVS-120000-120K-Puffs-Shisha-Hookah-Kit-Disposable-Vape-13-48x40.png 48w\" sizes=\"auto, (max-width: 1200px) 100vw, 1200px\" \/><\/p>\n<p>&nbsp;<\/p>\n<h3><span style=\"font-size: 90%;\">ATVS 120000 | 120K Puffs Shisha Zestaw do fajki wodnej Jednorazowy Vape <strong>Wideo<\/strong>:<\/span><\/h3>\n<p>&nbsp;<\/p>\n<h2><span style=\"font-size: 90%;\">Cz\u0119sto zadawane pytania na temat ATVS 120000 | 120K Puffs Shisha Zestaw do fajki wodnej Jednorazowy Vape<\/span><\/h2>\n<p data-sourcepos=\"40:1-41:115\">\u2753 <strong data-sourcepos=\"40:3-40:52\">Co sprawia, \u017ce \u200b\u200bten waporyzator jest idealny do gonienia chmur?<\/strong><br \/>\n\u2705 <strong data-sourcepos=\"41:3-41:21\">Cewka siatkowa 0,2 \u03a9<\/strong> + <strong data-sourcepos=\"41:24-41:38\">Projekt DTL<\/strong> wytwarza\u0107 <strong data-sourcepos=\"41:47-41:64\">g\u0119stsze chmury<\/strong> I <strong data-sourcepos=\"41:69-41:86\">bogatszy smak<\/strong> ni\u017c standardowe jednorazowe.<\/p>\n<p data-sourcepos=\"43:1-44:97\">\u2753 <strong data-sourcepos=\"43:3-43:38\">Jak d\u0142ugo wytrzymuje bateria?<br \/>\n<\/strong> \u2705 <strong data-sourcepos=\"44:3-44:22\">Bateria 2200 mAh<\/strong> obs\u0142uguje <strong data-sourcepos=\"44:32-44:53\">dni intensywnego u\u017cytkowania<\/strong>; <strong data-sourcepos=\"44:55-44:65\">Typ C<\/strong> \u0142aduje si\u0119 <strong data-sourcepos=\"44:79-44:94\">~90 minut<\/strong>.<\/p>\n<p data-sourcepos=\"46:1-47:104\">\u2753 <strong data-sourcepos=\"46:3-46:35\">Czy mog\u0119 dostosowa\u0107 przep\u0142yw powietrza?<br \/>\n<\/strong> \u2705 <strong data-sourcepos=\"47:3-47:26\">Zaw\u00f3r obrotowy 360\u00b0<\/strong> I <strong data-sourcepos=\"47:31-47:53\">regulowany przep\u0142yw powietrza<\/strong> pozwalaj\u0105 doskonali\u0107 sw\u00f3j styl rysowania (ciasny lub przewiewny).<\/p>\n<p data-sourcepos=\"49:1-50:70\">\u2753 <strong data-sourcepos=\"49:3-49:43\">Czy pojemno\u015b\u0107 e-liquidu jest wystarczaj\u0105ca?<br \/>\n<\/strong> \u2705 <strong data-sourcepos=\"50:3-50:21\">Zbiornik 50ml<\/strong> zapewnia <strong data-sourcepos=\"50:30-50:51\">d\u0142u\u017csze sesje<\/strong> bez uzupe\u0142nie\u0144.<\/p>\n<p data-sourcepos=\"52:1-53:86\">\u2753 <strong data-sourcepos=\"52:3-52:38\">Co jest wyj\u0105tkowego w tym projekcie?<br \/>\n<\/strong> \u2705 <strong data-sourcepos=\"53:3-53:19\">O\u015bwietlenie RGB<\/strong> + <strong data-sourcepos=\"53:22-53:37\">Wy\u015bwietlacz LED<\/strong> po\u0142\u0105cz styl z monitorowaniem u\u017cytkowania w czasie rzeczywistym.<\/p>\n<p>&nbsp;<\/p>\n<h3 id=\"brxe-najhln\" class=\"brxe-heading\">Cz\u0119sto zadawane pytania (FAQ)<\/h3>\n<div id=\"brxe-rajiac\" class=\"brxe-text\">\n<p><strong>P: Jakie metody p\u0142atno\u015bci akceptujecie?<\/strong><br \/>\nOdp.: Akceptujemy PayPal, Stripe, przelewy bankowe (obs\u0142ugiwane SEPA), g\u0142\u00f3wne karty kredytowe (Visa, MasterCard, American Express) i p\u0142atno\u015bci w kryptowalutach.<\/p>\n<p><strong>P: Jak d\u0142ugo trwa przygotowanie zam\u00f3wienia?<\/strong><br \/>\nOdp.: Przygotowanie zam\u00f3wienia zajmuje 1-3 dni robocze.<\/p>\n<p><strong>P: Jaki jest czas wysy\u0142ki?<\/strong><br \/>\nOdp.: Czas wysy\u0142ki wynosi 7-14 dni roboczych, w zale\u017cno\u015bci od Twojej lokalizacji.<\/p>\n<p><strong>P: Jak mog\u0119 \u015bledzi\u0107 moje zam\u00f3wienie?<\/strong><br \/>\nOdp.: Po wysy\u0142ce otrzymasz wiadomo\u015b\u0107 e-mail z potwierdzeniem i numerem przesy\u0142ki umo\u017cliwiaj\u0105cym \u015bledzenie w czasie rzeczywistym.<\/p>\n<p><strong>P: Jaka jest Twoja polityka zwrot\u00f3w?<\/strong><br \/>\nOdp.: Oferujemy 30-dniow\u0105 polityk\u0119 zwrot\u00f3w lub wymiany. .<\/p>\n<p><strong>P: Czy wyst\u0105pi\u0105 jakie\u015b problemy celne?<br \/>\n<\/strong>Obs\u0142ugujemy wszystkie procedury odprawy celnej, aby zapewni\u0107 Ci bezproblemow\u0105 obs\u0142ug\u0119. .<\/p>\n<p><strong>P: Jakie metody wysy\u0142ki s\u0105 stosowane?<\/strong><br \/>\nWsp\u00f3\u0142pracujemy z firmami UPS\/DHL\/FEDEX\/DPD itp. W zale\u017cno\u015bci od kraju dostawy wybierzemy odpowiedni\u0105 opcj\u0119 wysy\u0142ki, tak aby produkty dotar\u0142y do \u200b\u200bPa\u0144stwa najszybciej jak to mo\u017cliwe.<\/p>\n<p><a href=\"https:\/\/pgvape.com\/pl\/czesto-zadawane-pytania\/\">Kliknij tutaj, aby uzyska\u0107 wi\u0119cej cz\u0119sto zadawanych pyta\u0144<\/a><\/p>\n<p>Szanowni klienci, je\u015bli masz jakiekolwiek pytania dotycz\u0105ce zam\u00f3wienia lub przybycia towaru, skontaktuj si\u0119 z naszym dzia\u0142em obs\u0142ugi klienta. Dzi\u0119kuj\u0119!<\/p>\n<h3 data-sourcepos=\"73:1-73:21\"><strong data-sourcepos=\"73:7-73:21\">Skontaktuj si\u0119 z nami<\/strong><\/h3>\n<div id=\"text-2419739398\" class=\"text\">\n<p><strong data-sourcepos=\"75:3-75:12\">E-mail<\/strong>:\u00a0<a href=\"mailto:support@pgvape.com\"><strong>support@pgvape.com<\/strong><\/a><\/p>\n<p><strong data-sourcepos=\"76:3-76:15\">WhatsApp<\/strong>: <a href=\"https:\/\/wa.me\/+8618128481258\"><strong>+86 18128481258<\/strong><\/a><br \/>\n<strong>(Odpowied\u017a w ci\u0105gu 24 godzin w dni robocze)<\/strong><\/p>\n<\/div>\n<h3><strong>Dzi\u0119kujemy za wybranie pgvape.com! .<\/strong><\/h3>\n<\/div>","protected":false},"excerpt":{"rendered":"<p><strong data-sourcepos=\"58:5-58:24\">Zaci\u0105gni\u0119cia ATVS 120K<\/strong> \u0142\u0105czy si\u0119 <strong data-sourcepos=\"58:32-58:59\">wydajno\u015b\u0107 przypominaj\u0105ca fajk\u0119 wodn\u0105<\/strong> z wygod\u0105 jednorazowego u\u017cytku. <strong data-sourcepos=\"58:89-58:106\">Pojemno\u015b\u0107 50ml<\/strong>, <strong data-sourcepos=\"58:108-58:127\">Bateria 2200 mAh<\/strong>, I <strong data-sourcepos=\"58:133-58:151\">Cewka siatkowa 0,2 \u03a9<\/strong> dostarcza\u0107 <strong data-sourcepos=\"58:160-58:190\">niezr\u00f3wnana produkcja w chmurze<\/strong>, chwila <strong data-sourcepos=\"58:198-58:212\">10 smak\u00f3w<\/strong> zaspokoi\u0107 wszystkie preferencje.<\/p>","protected":false},"featured_media":4245,"comment_status":"open","ping_status":"closed","template":"","meta":{"_seopress_robots_primary_cat":"none","_seopress_titles_title":"%%post_title%% %%sep%% %%sitetitle%%","_seopress_titles_desc":"","_seopress_robots_index":""},"product_brand":[261,516],"product_cat":[69,260,515],"product_tag":[354,353,67,90,355,60],"class_list":{"0":"post-4231","1":"product","2":"type-product","3":"status-publish","4":"has-post-thumbnail","6":"product_brand-atvs-vape","7":"product_brand-disposable-vape","8":"product_cat-120k-puffs-vape","9":"product_cat-atvs-vape","10":"product_cat-disposable-vape","11":"product_tag-120k-puffs-vape","12":"product_tag-atvs-120000","13":"product_tag-direct-to-lung-dtl","14":"product_tag-disposable-vape","15":"product_tag-shisha-hookah-kit","16":"product_tag-smart-screen-display","18":"first","19":"instock","20":"sale","21":"shipping-taxable","22":"purchasable","23":"product-type-variable"},"_links":{"self":[{"href":"https:\/\/pgvape.com\/pl\/wp-json\/wp\/v2\/product\/4231","targetHints":{"allow":["GET"]}}],"collection":[{"href":"https:\/\/pgvape.com\/pl\/wp-json\/wp\/v2\/product"}],"about":[{"href":"https:\/\/pgvape.com\/pl\/wp-json\/wp\/v2\/types\/product"}],"replies":[{"embeddable":true,"href":"https:\/\/pgvape.com\/pl\/wp-json\/wp\/v2\/comments?post=4231"}],"wp:featuredmedia":[{"embeddable":true,"href":"https:\/\/pgvape.com\/pl\/wp-json\/wp\/v2\/media\/4245"}],"wp:attachment":[{"href":"https:\/\/pgvape.com\/pl\/wp-json\/wp\/v2\/media?parent=4231"}],"wp:term":[{"taxonomy":"product_brand","embeddable":true,"href":"https:\/\/pgvape.com\/pl\/wp-json\/wp\/v2\/product_brand?post=4231"},{"taxonomy":"product_cat","embeddable":true,"href":"https:\/\/pgvape.com\/pl\/wp-json\/wp\/v2\/product_cat?post=4231"},{"taxonomy":"product_tag","embeddable":true,"href":"https:\/\/pgvape.com\/pl\/wp-json\/wp\/v2\/product_tag?post=4231"}],"curies":[{"name":"wp","href":"https:\/\/api.w.org\/{rel}","templated":true}]}}