{"id":4206,"date":"2025-10-24T10:26:52","date_gmt":"2025-10-24T10:26:52","guid":{"rendered":"https:\/\/pgvape.com\/?post_type=product&#038;p=4206"},"modified":"2026-01-27T11:34:35","modified_gmt":"2026-01-27T11:34:35","slug":"bang-king-25000-25k-zaciagniec-podwojny-magazyn-jednorazowe-vape-typu-c-ladowanie-vape-bezposrednio-z-fabryki","status":"publish","type":"product","link":"https:\/\/pgvape.com\/pl\/produkt\/bang-king-25000-25k-zaciagniec-podwojny-magazyn-jednorazowe-vape-typu-c-ladowanie-vape-bezposrednio-z-fabryki\/","title":{"rendered":"Bang King 25000 25K Puffs Double Warehouse Jednorazowy Vape Type-C Recharge Vape Factory Direct"},"content":{"rendered":"<p><strong data-sourcepos=\"4:5-4:67\">Jednorazowy pojemnik na e-papierosa Bang King 25000 Puffs Double Warehouse<\/strong> dostarcza <strong data-sourcepos=\"4:77-4:109\">przed\u0142u\u017cona satysfakcja z wapowania<\/strong> z jego <strong data-sourcepos=\"4:119-4:138\">system podw\u00f3jny<\/strong> I <strong data-sourcepos=\"4:143-4:167\">Pojemno\u015b\u0107 25 000 zaci\u0105gni\u0119\u0107<\/strong>. <strong data-sourcepos=\"4:179-4:220\">dwa nape\u0142nione kapsu\u0142ki o pojemno\u015bci 23 ml (\u0142\u0105cznie 46 ml)<\/strong>, <strong data-sourcepos=\"4:222-4:242\">Cewka siatkowa 1,0 oma<\/strong>, I <strong data-sourcepos=\"4:248-4:279\">Akumulator o pojemno\u015bci 650 mAh<\/strong>, oferuje <strong data-sourcepos=\"4:291-4:323\">0%\/2%\/3%\/5% opcje nikotynowe<\/strong> do spersonalizowanego wapowania. <strong data-sourcepos=\"4:351-4:375\">Port \u0142adowania typu C<\/strong> zapewnia wygodne do\u0142adowania.<\/p>\n<p>&nbsp;<\/p>\n<h2><span style=\"font-size: 90%;\">Bang King 25000 | 25K Puffs Double Warehouse Jednorazowy Vape Specyfikacja produktu<\/span><\/h2>\n<p><strong data-sourcepos=\"7:3-7:17\">Liczba zaci\u0105gni\u0119\u0107<\/strong>: 25 000 zaci\u0105gni\u0119\u0107<\/p>\n<p><strong data-sourcepos=\"8:3-8:24\">Pojemno\u015b\u0107 e-cieczy<\/strong>: 46 ml (23 ml x 2 kapsu\u0142ki)<\/p>\n<p><strong data-sourcepos=\"9:3-9:11\">Cewka<\/strong>: Cewka siatkowa 1,0 oma<\/p>\n<p><strong data-sourcepos=\"10:3-10:25\">Mocne strony nikotyny<\/strong>: 0%\/2%\/3%\/5%<\/p>\n<p><strong data-sourcepos=\"11:3-11:14\">Bateria<\/strong>: Akumulator 650 mAh<\/p>\n<p><strong data-sourcepos=\"12:3-12:15\">\u0141adowanie<\/strong>: Port typu C<\/p>\n<p><strong data-sourcepos=\"13:3-13:17\">System kapsu\u0142<\/strong>: Podw\u00f3jne, wst\u0119pnie nape\u0142nione kapsu\u0142ki<\/p>\n<p><strong data-sourcepos=\"14:3-14:21\">Opcje smakowe<\/strong>: 12 odmian<\/p>\n<p>&nbsp;<\/p>\n<h3><span style=\"font-size: 90%;\">Bang King 25000 | 25K Puffs Double Warehouse Jednorazowy wyb\u00f3r smak\u00f3w Vape<\/span><\/h3>\n<p><strong data-sourcepos=\"17:4-17:21\">1. Niebieski Razz L\u00f3d<\/strong><\/p>\n<p><strong data-sourcepos=\"18:4-18:23\">2. Soczysty l\u00f3d brzoskwiniowy<\/strong><\/p>\n<p><strong data-sourcepos=\"19:4-19:29\">3. Arbuz Truskawkowy<\/strong><\/p>\n<p><strong data-sourcepos=\"20:4-20:22\">4. L\u00f3d arbuzowy<\/strong><\/p>\n<p><strong data-sourcepos=\"21:4-21:25\">5.Truskawkowy Banan<\/strong><\/p>\n<p><strong data-sourcepos=\"22:4-22:22\">6. Kwa\u015bny l\u00f3d jab\u0142kowy<\/strong><\/p>\n<p><strong data-sourcepos=\"23:4-23:24\">7. Potr\u00f3jny l\u00f3d jagodowy<\/strong><\/p>\n<p><strong data-sourcepos=\"24:4-24:22\">8. Owoce tropikalne<\/strong><\/p>\n<p><strong data-sourcepos=\"25:4-25:19\">9.Wi\u015bniowa Bomba<\/strong><\/p>\n<p><strong data-sourcepos=\"26:5-26:18\">10. L\u00f3d winogronowy<\/strong><\/p>\n<p><strong data-sourcepos=\"27:5-27:20\">11.Brzoskwiniowe Mango<\/strong><\/p>\n<p><strong data-sourcepos=\"28:5-28:25\">12.Truskawkowe Mango<\/strong><\/p>\n<p>&nbsp;<\/p>\n<p><img loading=\"lazy\" decoding=\"async\" class=\"alignnone wp-image-4211 size-full\" src=\"https:\/\/pgvape.com\/wp-content\/uploads\/2025\/10\/pgvape-Bang-King-25000-Puffs-Double-Warehouse-Disposable-Vape-3.png\" alt=\"\" width=\"1200\" height=\"773\" srcset=\"https:\/\/pgvape.com\/wp-content\/uploads\/2025\/10\/pgvape-Bang-King-25000-Puffs-Double-Warehouse-Disposable-Vape-3.png 1200w, https:\/\/pgvape.com\/wp-content\/uploads\/2025\/10\/pgvape-Bang-King-25000-Puffs-Double-Warehouse-Disposable-Vape-3-555x358.png 555w, https:\/\/pgvape.com\/wp-content\/uploads\/2025\/10\/pgvape-Bang-King-25000-Puffs-Double-Warehouse-Disposable-Vape-3-595x383.png 595w, https:\/\/pgvape.com\/wp-content\/uploads\/2025\/10\/pgvape-Bang-King-25000-Puffs-Double-Warehouse-Disposable-Vape-3-400x258.png 400w, https:\/\/pgvape.com\/wp-content\/uploads\/2025\/10\/pgvape-Bang-King-25000-Puffs-Double-Warehouse-Disposable-Vape-3-768x495.png 768w, https:\/\/pgvape.com\/wp-content\/uploads\/2025\/10\/pgvape-Bang-King-25000-Puffs-Double-Warehouse-Disposable-Vape-3-18x12.png 18w, https:\/\/pgvape.com\/wp-content\/uploads\/2025\/10\/pgvape-Bang-King-25000-Puffs-Double-Warehouse-Disposable-Vape-3-600x387.png 600w, https:\/\/pgvape.com\/wp-content\/uploads\/2025\/10\/pgvape-Bang-King-25000-Puffs-Double-Warehouse-Disposable-Vape-3-60x40.png 60w\" sizes=\"auto, (max-width: 1200px) 100vw, 1200px\" \/><\/p>\n<p>&nbsp;<\/p>\n<h3><span style=\"font-size: 90%;\">Bang King 25000 | 25K Puffs Double Warehouse Jednorazowe wideo:<\/span><\/h3>\n<p>&nbsp;<\/p>\n<h2><span style=\"font-size: 90%;\">Cz\u0119sto zadawane pytania dotycz\u0105ce Bang King 25000 | 25K Puffs Double Warehouse Jednorazowy waporyzator<\/span><\/h2>\n<p data-sourcepos=\"31:1-32:87\">\u2753 <strong data-sourcepos=\"31:3-31:41\">Jak dzia\u0142a system z dwoma kapsu\u0142ami?<\/strong><br \/>\n\u2705 Funkcje <strong data-sourcepos=\"32:12-32:40\">dwie nape\u0142nione kapsu\u0142ki o pojemno\u015bci 23 ml<\/strong> Do <strong data-sourcepos=\"32:45-32:61\">przed\u0142u\u017cone u\u017cytkowanie<\/strong> I <strong data-sourcepos=\"32:66-32:84\">odmiana smaku<\/strong>.<\/p>\n<p data-sourcepos=\"34:1-35:74\">\u2753 <strong data-sourcepos=\"34:3-34:48\">Co wyr\u00f3\u017cnia jako\u015b\u0107 pary?<\/strong><br \/>\n\u2705 <strong data-sourcepos=\"35:3-35:23\">Cewka siatkowa 1,0 oma<\/strong> dostarcza <strong data-sourcepos=\"35:33-35:71\">p\u0142ynna, aromatyczna produkcja pary<\/strong>.<\/p>\n<p data-sourcepos=\"37:1-38:75\">\u2753 <strong data-sourcepos=\"37:3-37:38\">Jak d\u0142ugo wytrzymuje bateria?<\/strong><br \/>\n\u2705 <strong data-sourcepos=\"38:3-38:34\">Akumulator o pojemno\u015bci 650 mAh<\/strong> obs\u0142uguje <strong data-sourcepos=\"38:44-38:72\">przed\u0142u\u017cone sesje wapowania<\/strong>.<\/p>\n<p data-sourcepos=\"40:1-41:66\">\u2753 <strong data-sourcepos=\"40:3-40:28\">Czy \u0142adowanie jest \u0142atwe?<\/strong><br \/>\n\u2705 <strong data-sourcepos=\"41:3-41:22\">\u0141adowanie typu C<\/strong> zapewnia <strong data-sourcepos=\"41:32-41:63\">szybkie i wygodne do\u0142adowania<\/strong>.<\/p>\n<p data-sourcepos=\"43:1-44:52\">\u2753 <strong data-sourcepos=\"43:3-43:43\">Jakie opcje nikotyny s\u0105 dost\u0119pne?<br \/>\n<\/strong> \u2705 Wybierz z <strong data-sourcepos=\"44:15-44:49\">0%\/2%\/3%\/5% moc nikotyny<\/strong>.<\/p>\n<p>&nbsp;<\/p>\n<h3 id=\"brxe-najhln\" class=\"brxe-heading\">Cz\u0119sto zadawane pytania (FAQ)<\/h3>\n<div id=\"brxe-rajiac\" class=\"brxe-text\">\n<p><strong>P: Jakie metody p\u0142atno\u015bci akceptujecie?<\/strong><br \/>\nOdp.: Akceptujemy PayPal, Stripe, przelewy bankowe (obs\u0142ugiwane SEPA), g\u0142\u00f3wne karty kredytowe (Visa, MasterCard, American Express) i p\u0142atno\u015bci w kryptowalutach.<\/p>\n<p><strong>P: Jak d\u0142ugo trwa przygotowanie zam\u00f3wienia?<\/strong><br \/>\nOdp.: Przygotowanie zam\u00f3wienia zajmuje 1-3 dni robocze.<\/p>\n<p><strong>P: Jaki jest czas wysy\u0142ki?<\/strong><br \/>\nOdp.: Czas wysy\u0142ki wynosi 7-14 dni roboczych, w zale\u017cno\u015bci od Twojej lokalizacji.<\/p>\n<p><strong>P: Jak mog\u0119 \u015bledzi\u0107 moje zam\u00f3wienie?<\/strong><br \/>\nOdp.: Po wysy\u0142ce otrzymasz wiadomo\u015b\u0107 e-mail z potwierdzeniem i numerem przesy\u0142ki umo\u017cliwiaj\u0105cym \u015bledzenie w czasie rzeczywistym.<\/p>\n<p><strong>P: Jaka jest Twoja polityka zwrot\u00f3w?<\/strong><br \/>\nOdp.: Oferujemy 30-dniow\u0105 polityk\u0119 zwrot\u00f3w lub wymiany. .<\/p>\n<p><strong>P: Czy wyst\u0105pi\u0105 jakie\u015b problemy celne?<br \/>\n<\/strong>Obs\u0142ugujemy wszystkie procedury odprawy celnej, aby zapewni\u0107 Ci bezproblemow\u0105 obs\u0142ug\u0119. .<\/p>\n<p><strong>P: Jakie metody wysy\u0142ki s\u0105 stosowane?<\/strong><br \/>\nWsp\u00f3\u0142pracujemy z firmami UPS\/DHL\/FEDEX\/DPD itp. W zale\u017cno\u015bci od kraju dostawy wybierzemy odpowiedni\u0105 opcj\u0119 wysy\u0142ki, tak aby produkty dotar\u0142y do \u200b\u200bPa\u0144stwa najszybciej jak to mo\u017cliwe.<\/p>\n<p><a href=\"https:\/\/pgvape.com\/pl\/czesto-zadawane-pytania\/\">Kliknij tutaj, aby uzyska\u0107 wi\u0119cej cz\u0119sto zadawanych pyta\u0144<\/a><\/p>\n<p>Szanowni klienci, je\u015bli masz jakiekolwiek pytania dotycz\u0105ce zam\u00f3wienia lub przybycia towaru, skontaktuj si\u0119 z naszym dzia\u0142em obs\u0142ugi klienta. Dzi\u0119kuj\u0119!<\/p>\n<h3 data-sourcepos=\"73:1-73:21\"><strong data-sourcepos=\"73:7-73:21\">Skontaktuj si\u0119 z nami<\/strong><\/h3>\n<div id=\"text-2419739398\" class=\"text\">\n<p><strong data-sourcepos=\"75:3-75:12\">E-mail<\/strong>:\u00a0<a href=\"mailto:support@pgvape.com\"><strong>support@pgvape.com<\/strong><\/a><\/p>\n<p><strong data-sourcepos=\"76:3-76:15\">WhatsApp<\/strong>: <a href=\"https:\/\/wa.me\/+8618128481258\"><strong>+86 18128481258<\/strong><\/a><br \/>\n<strong>(Odpowied\u017a w ci\u0105gu 24 godzin w dni robocze)<\/strong><\/p>\n<\/div>\n<h3><strong>Dzi\u0119kujemy za wybranie pgvape.com! .<\/strong><\/h3>\n<\/div>","protected":false},"excerpt":{"rendered":"<p><strong data-sourcepos=\"47:5-47:30\">Bang King 25000 zaci\u0105gni\u0119\u0107<\/strong> oferty <strong data-sourcepos=\"47:38-47:62\">wygoda w postaci dw\u00f3ch kapsu\u0142<\/strong>, <strong data-sourcepos=\"47:64-47:90\">zwi\u0119kszona pojemno\u015b\u0107 46 ml<\/strong>, I <strong data-sourcepos=\"47:96-47:120\">technologia cewek siatkowych<\/strong> z <strong data-sourcepos=\"47:126-47:147\">12 opcji smakowych<\/strong> dla satysfakcjonuj\u0105cego do\u015bwiadczenia wapowania.<\/p>","protected":false},"featured_media":4209,"comment_status":"open","ping_status":"closed","template":"","meta":{"_seopress_robots_primary_cat":"none","_seopress_titles_title":"%%post_title%% %%sep%% %%sitetitle%%","_seopress_titles_desc":"","_seopress_robots_index":""},"product_brand":[19,516],"product_cat":[94,18,515],"product_tag":[351,350,90,322,352,81],"class_list":{"0":"post-4206","1":"product","2":"type-product","3":"status-publish","4":"has-post-thumbnail","6":"product_brand-bang-king-vape","7":"product_brand-disposable-vape","8":"product_cat-25k-puffs-vape","9":"product_cat-bang-king-vape","10":"product_cat-disposable-vape","11":"product_tag-25k-puffs-vape","12":"product_tag-bang-king-25000","13":"product_tag-disposable-vape","14":"product_tag-double-warehouse","15":"product_tag-dual-pod","16":"product_tag-mouth-to-lung","18":"first","19":"instock","20":"sale","21":"shipping-taxable","22":"purchasable","23":"product-type-variable"},"_links":{"self":[{"href":"https:\/\/pgvape.com\/pl\/wp-json\/wp\/v2\/product\/4206","targetHints":{"allow":["GET"]}}],"collection":[{"href":"https:\/\/pgvape.com\/pl\/wp-json\/wp\/v2\/product"}],"about":[{"href":"https:\/\/pgvape.com\/pl\/wp-json\/wp\/v2\/types\/product"}],"replies":[{"embeddable":true,"href":"https:\/\/pgvape.com\/pl\/wp-json\/wp\/v2\/comments?post=4206"}],"wp:featuredmedia":[{"embeddable":true,"href":"https:\/\/pgvape.com\/pl\/wp-json\/wp\/v2\/media\/4209"}],"wp:attachment":[{"href":"https:\/\/pgvape.com\/pl\/wp-json\/wp\/v2\/media?parent=4206"}],"wp:term":[{"taxonomy":"product_brand","embeddable":true,"href":"https:\/\/pgvape.com\/pl\/wp-json\/wp\/v2\/product_brand?post=4206"},{"taxonomy":"product_cat","embeddable":true,"href":"https:\/\/pgvape.com\/pl\/wp-json\/wp\/v2\/product_cat?post=4206"},{"taxonomy":"product_tag","embeddable":true,"href":"https:\/\/pgvape.com\/pl\/wp-json\/wp\/v2\/product_tag?post=4206"}],"curies":[{"name":"wp","href":"https:\/\/api.w.org\/{rel}","templated":true}]}}