{"id":4144,"date":"2025-10-24T07:21:17","date_gmt":"2025-10-24T07:21:17","guid":{"rendered":"https:\/\/pgvape.com\/?post_type=product&#038;p=4144"},"modified":"2026-01-27T11:50:07","modified_gmt":"2026-01-27T11:50:07","slug":"bang-king-30000-pro-30k-puffs-jednorazowy-vape-z-podwojna-siatka-bezposrednio-z-fabryki","status":"publish","type":"product","link":"https:\/\/pgvape.com\/pl\/produkt\/bang-king-30000-pro-30k-puffs-jednorazowy-vape-z-podwojna-siatka-bezposrednio-z-fabryki\/","title":{"rendered":"Bang King 30000 PRO 30K Puffs Jednorazowy Vape z podw\u00f3jn\u0105 siatk\u0105 Factory Direct"},"content":{"rendered":"<p><strong data-sourcepos=\"6:5-6:44\">Jednorazowy Vape Bang King 30000 PRO<\/strong> Dostarcza <strong data-sourcepos=\"6:54-6:70\">30 000 zaci\u0105gni\u0119\u0107<\/strong> Z <strong data-sourcepos=\"6:74-6:104\">Czysty, nieprzerwany smak<\/strong> Przez Nie <strong data-sourcepos=\"6:117-6:143\">Pojemno\u015b\u0107 36 ml e-p\u0142ynu<\/strong> I <strong data-sourcepos=\"6:148-6:172\">System jednego smaku<\/strong>. <strong data-sourcepos=\"6:215-6:245\">Sta\u0142a intensywno\u015b\u0107 smaku<\/strong> Od pierwszego do ostatniego zaci\u0105gni\u0119cia. <strong data-sourcepos=\"6:285-6:308\">Wydajna cewka siatkowa<\/strong> I <strong data-sourcepos=\"6:313-6:337\">D\u0142ugotrwa\u0142a bateria<\/strong>, To idealny wyb\u00f3r dla wymagaj\u0105cych waper\u00f3w <strong data-sourcepos=\"6:383-6:423\">Autentyczne, trwa\u0142e profile smakowe<\/strong>.<\/p>\n<p>&nbsp;<\/p>\n<h2><span style=\"font-size: 90%;\">Bang King 30000 PRO | 30K Puffs Jednorazowy Vape <strong data-sourcepos=\"10:5-10:31\">Specyfikacje produktu<\/strong><\/span><\/h2>\n<p><strong data-sourcepos=\"11:3-11:17\">Liczba puf\u00f3w<\/strong>:\u00a0<strong data-sourcepos=\"11:19-11:35\">30 000 zaci\u0105gni\u0119\u0107<\/strong><\/p>\n<p><strong data-sourcepos=\"12:3-12:24\">Pojemno\u015b\u0107 e-cieczy<\/strong>:\u00a0<strong data-sourcepos=\"12:26-12:46\">Pojedynczy zbiornik o pojemno\u015bci 36 ml<\/strong><\/p>\n<p><strong data-sourcepos=\"13:3-13:20\">System smakowy<\/strong>:\u00a0<strong data-sourcepos=\"13:22-13:49\">Dedykowany pojedynczy smak<\/strong><\/p>\n<p><strong data-sourcepos=\"14:3-14:22\">Technologia cewki<\/strong>:\u00a0<strong data-sourcepos=\"14:24-14:37\">Cewka siatkowa<\/strong><\/p>\n<p><strong data-sourcepos=\"15:3-15:14\">Bateria<\/strong>:\u00a0<strong data-sourcepos=\"15:16-15:46\">Akumulator o du\u017cej pojemno\u015bci<\/strong><\/p>\n<p><strong data-sourcepos=\"16:3-16:24\">Si\u0142a nikotyny<\/strong>:\u00a0<strong data-sourcepos=\"16:26-16:39\">5% (50 mg)<\/strong><\/p>\n<p><strong data-sourcepos=\"17:3-17:15\">\u0141adowanie<\/strong>:\u00a0<strong data-sourcepos=\"17:17-17:41\">Szybkie \u0142adowanie typu C<\/strong><\/p>\n<p><strong data-sourcepos=\"18:3-18:14\">Pakiet<\/strong>:\u00a0<strong data-sourcepos=\"18:16-18:38\">10 sztuk\/pude\u0142ko wystawowe<\/strong><\/p>\n<p>&nbsp;<\/p>\n<h3><span style=\"font-size: 90%;\">Bang King 30000 PRO | 30K Puffs Jednorazowy Vape <strong data-sourcepos=\"22:5-22:20\">Lista smak\u00f3w<\/strong><\/span><\/h3>\n<p><strong data-sourcepos=\"23:4-23:18\">1.Arbuz<\/strong>\u00a0\u2013 Klasyczne Soczyste Orze\u017awienie<\/p>\n<p><strong data-sourcepos=\"24:4-24:27\">2.Malina jagodowa<\/strong>\u00a0\u2013 Pikantno-s\u0142odka fuzja jag\u00f3d<\/p>\n<p><strong data-sourcepos=\"25:4-25:23\">3.Truskawkowe Kiwi<\/strong>\u00a0\u2013 Harmonia owoc\u00f3w tropikalnych<\/p>\n<p><strong data-sourcepos=\"26:4-26:29\">4. Arbuz Truskawkowy<\/strong>\u00a0\u2013 Podw\u00f3jna s\u0142odycz<\/p>\n<p><strong data-sourcepos=\"27:4-27:22\">5.Mi\u0119towy niebieski Razz<\/strong>\u00a0\u2013 Ch\u0142odny Podmuch Jag\u00f3d<\/p>\n<p><strong data-sourcepos=\"28:4-28:21\">6.L\u00f3d jagodowy<\/strong>\u00a0\u2013 Uczucie mro\u017conych jag\u00f3d<\/p>\n<p><strong data-sourcepos=\"29:4-29:20\">7.Potr\u00f3jna jagoda<\/strong>\u00a0\u2013 Tr\u00f3jwarstwowa mieszanka jagodowa<\/p>\n<p><strong data-sourcepos=\"30:4-30:18\">8.\u015awie\u017ca mi\u0119ta<\/strong>\u00a0\u2013 Wyra\u017ana czysto\u015b\u0107 ch\u0142odzenia<\/p>\n<p><strong data-sourcepos=\"31:4-31:25\">9.Wi\u015bnia arbuzowa<\/strong>\u00a0\u2013 Soczysta mieszanka czerwonych owoc\u00f3w<\/p>\n<p><strong data-sourcepos=\"32:5-32:25\">10. Winogrono truskawkowe<\/strong>\u00a0\u2013 Po\u0142\u0105czenie s\u0142odkiej winoro\u015bli<\/p>\n<p><strong data-sourcepos=\"33:5-33:32\">11.Malinowy czarny blask<\/strong>\u00a0\u2013 Tajemnicza Tarta Twist<\/p>\n<p><strong data-sourcepos=\"34:5-34:25\">12.Wi\u015bnia jagodowa<\/strong>\u00a0\u2013 Idealna r\u00f3wnowaga jag\u00f3d<\/p>\n<p><img loading=\"lazy\" decoding=\"async\" class=\"alignnone wp-image-4147 size-full\" src=\"https:\/\/pgvape.com\/wp-content\/uploads\/2025\/10\/Bang_King_30000Puffs_Pro_Banner.png\" alt=\"Dwana\u015bcie kolorowych jednorazowych urz\u0105dze\u0144 do waporyzacji Bang King 30K Pro z czarnymi ustnikami i \u015brodkowymi czarnymi panelami z logo, u\u0142o\u017conych w dw\u00f3ch rz\u0119dach pod du\u017cym nag\u0142\u00f3wkiem &quot;30000 Puffs&quot;.\" width=\"1200\" height=\"1048\" srcset=\"https:\/\/pgvape.com\/wp-content\/uploads\/2025\/10\/Bang_King_30000Puffs_Pro_Banner.png 1200w, https:\/\/pgvape.com\/wp-content\/uploads\/2025\/10\/Bang_King_30000Puffs_Pro_Banner-412x360.png 412w, https:\/\/pgvape.com\/wp-content\/uploads\/2025\/10\/Bang_King_30000Puffs_Pro_Banner-595x520.png 595w, https:\/\/pgvape.com\/wp-content\/uploads\/2025\/10\/Bang_King_30000Puffs_Pro_Banner-400x349.png 400w, https:\/\/pgvape.com\/wp-content\/uploads\/2025\/10\/Bang_King_30000Puffs_Pro_Banner-768x671.png 768w, https:\/\/pgvape.com\/wp-content\/uploads\/2025\/10\/Bang_King_30000Puffs_Pro_Banner-14x12.png 14w, https:\/\/pgvape.com\/wp-content\/uploads\/2025\/10\/Bang_King_30000Puffs_Pro_Banner-600x524.png 600w, https:\/\/pgvape.com\/wp-content\/uploads\/2025\/10\/Bang_King_30000Puffs_Pro_Banner-46x40.png 46w\" sizes=\"auto, (max-width: 1200px) 100vw, 1200px\" \/><\/p>\n<p>&nbsp;<\/p>\n<h3><span style=\"font-size: 90%;\">Bang King 30000 PRO | 30K Puffs Jednorazowe wideo:<\/span><\/h3>\n<p>&nbsp;<\/p>\n<h2><span style=\"font-size: 90%;\">Cz\u0119sto zadawane pytania dotycz\u0105ce Bang King 30000 PRO | Jednorazowy waporyzator 30K Puffs<\/span><\/h2>\n<p data-sourcepos=\"39:1-40:97\">\u2753 <strong data-sourcepos=\"39:3-39:39\">Dlaczego warto wybra\u0107 system o jednym smaku?<\/strong><br \/>\n\u2705 <strong data-sourcepos=\"40:3-40:27\">\u017badnych kompromis\u00f3w w smaku<\/strong> \u2013 Ciesz si\u0119 ulubionym smakiem z pe\u0142n\u0105 intensywno\u015bci\u0105 <strong data-sourcepos=\"40:79-40:95\">30 000 zaci\u0105gni\u0119\u0107<\/strong><\/p>\n<p data-sourcepos=\"42:1-43:80\">\u2753 <strong data-sourcepos=\"42:3-42:31\">Jaka jest jako\u015b\u0107 pary?<\/strong><br \/>\n\u2705 <strong data-sourcepos=\"43:3-43:16\">Cewka siatkowa<\/strong> Dostarcza <strong data-sourcepos=\"43:26-43:52\">30% Wi\u0119ksza czysto\u015b\u0107 smaku<\/strong> Ni\u017c standardowe artyku\u0142y jednorazowe<\/p>\n<p data-sourcepos=\"45:1-46:76\">\u2753 <strong data-sourcepos=\"45:3-45:38\">Jak d\u0142ugo wytrzymuje bateria?<\/strong><br \/>\n\u2705 <strong data-sourcepos=\"46:3-46:29\">Zoptymalizowany system zasilania<\/strong> Dopasowuje pojemno\u015b\u0107 e-liquidu do pe\u0142nego wykorzystania<\/p>\n<p data-sourcepos=\"48:1-49:64\">\u2753 <strong data-sourcepos=\"48:3-48:32\">Czy smak jest sp\u00f3jny?<\/strong><br \/>\n\u2705 <strong data-sourcepos=\"49:3-49:24\">Zunifikowany zbiornik o pojemno\u015bci 36 ml<\/strong> Zapobiega degradacji smaku w miar\u0119 up\u0142ywu czasu<\/p>\n<p data-sourcepos=\"51:1-52:58\">\u2753 <strong data-sourcepos=\"51:3-51:43\">Jaka moc nikotyny jest dost\u0119pna?<\/strong><br \/>\n\u2705 <strong data-sourcepos=\"52:3-52:30\">5% (50mg) S\u00f3l nikotynowa<\/strong> Dla satysfakcjonuj\u0105cego uderzenia w gard\u0142o<\/p>\n<p>&nbsp;<\/p>\n<h3 id=\"brxe-najhln\" class=\"brxe-heading\">Cz\u0119sto zadawane pytania (FAQ)<\/h3>\n<div id=\"brxe-rajiac\" class=\"brxe-text\">\n<p><strong>P: Jakie metody p\u0142atno\u015bci akceptujecie?<\/strong><br \/>\nOdp.: Akceptujemy PayPal, Stripe, przelewy bankowe (obs\u0142ugiwane SEPA), g\u0142\u00f3wne karty kredytowe (Visa, MasterCard, American Express) i p\u0142atno\u015bci w kryptowalutach.<\/p>\n<p><strong>P: Jak d\u0142ugo trwa przygotowanie zam\u00f3wienia?<\/strong><br \/>\nOdp.: Przygotowanie zam\u00f3wienia zajmuje 1-3 dni robocze.<\/p>\n<p><strong>P: Jaki jest czas wysy\u0142ki?<\/strong><br \/>\nOdp.: Czas wysy\u0142ki wynosi 7-14 dni roboczych, w zale\u017cno\u015bci od Twojej lokalizacji.<\/p>\n<p><strong>P: Jak mog\u0119 \u015bledzi\u0107 moje zam\u00f3wienie?<\/strong><br \/>\nOdp.: Po wysy\u0142ce otrzymasz wiadomo\u015b\u0107 e-mail z potwierdzeniem i numerem przesy\u0142ki umo\u017cliwiaj\u0105cym \u015bledzenie w czasie rzeczywistym.<\/p>\n<p><strong>P: Jaka jest Twoja polityka zwrot\u00f3w?<\/strong><br \/>\nOdp.: Oferujemy 30-dniow\u0105 polityk\u0119 zwrot\u00f3w lub wymiany. .<\/p>\n<p><strong>P: Czy wyst\u0105pi\u0105 jakie\u015b problemy celne?<br \/>\n<\/strong>Obs\u0142ugujemy wszystkie procedury odprawy celnej, aby zapewni\u0107 Ci bezproblemow\u0105 obs\u0142ug\u0119. .<\/p>\n<p><strong>P: Jakie metody wysy\u0142ki s\u0105 stosowane?<\/strong><br \/>\nWsp\u00f3\u0142pracujemy z firmami UPS\/DHL\/FEDEX\/DPD itp. W zale\u017cno\u015bci od kraju dostawy wybierzemy odpowiedni\u0105 opcj\u0119 wysy\u0142ki, tak aby produkty dotar\u0142y do \u200b\u200bPa\u0144stwa najszybciej jak to mo\u017cliwe.<\/p>\n<p><a href=\"https:\/\/pgvape.com\/pl\/czesto-zadawane-pytania\/\">Kliknij tutaj, aby uzyska\u0107 wi\u0119cej cz\u0119sto zadawanych pyta\u0144<\/a><\/p>\n<p>Szanowni klienci, je\u015bli masz jakiekolwiek pytania dotycz\u0105ce zam\u00f3wienia lub przybycia towaru, skontaktuj si\u0119 z naszym dzia\u0142em obs\u0142ugi klienta. Dzi\u0119kuj\u0119!<\/p>\n<h3 data-sourcepos=\"73:1-73:21\"><strong data-sourcepos=\"73:7-73:21\">Skontaktuj si\u0119 z nami<\/strong><\/h3>\n<div id=\"text-2419739398\" class=\"text\">\n<p><strong data-sourcepos=\"75:3-75:12\">E-mail<\/strong>:\u00a0<a href=\"mailto:support@pgvape.com\"><strong>support@pgvape.com<\/strong><\/a><\/p>\n<p><strong data-sourcepos=\"76:3-76:15\">WhatsApp<\/strong>: <a href=\"https:\/\/wa.me\/+8618128481258\"><strong>+86 18128481258<\/strong><\/a><br \/>\n<strong>(Odpowied\u017a w ci\u0105gu 24 godzin w dni robocze)<\/strong><\/p>\n<\/div>\n<h3><strong>Dzi\u0119kujemy za wybranie pgvape.com! .<\/strong><\/h3>\n<\/div>","protected":false},"excerpt":{"rendered":"<p><strong data-sourcepos=\"57:5-57:28\">Bang King 30000PRO<\/strong> Oferty <strong data-sourcepos=\"57:36-57:52\">30 000 zaci\u0105gni\u0119\u0107<\/strong> Z <strong data-sourcepos=\"57:56-57:78\">Czysty, pojedynczy smak<\/strong> Przez Nie <strong data-sourcepos=\"57:91-57:108\">Pojemno\u015b\u0107 36 ml<\/strong> I <strong data-sourcepos=\"57:113-57:137\">Technologia cewki siatkowej<\/strong>. <strong data-sourcepos=\"57:169-57:216\">Sp\u00f3jne, nieprzerwane doznania smakowe<\/strong>.<\/p>","protected":false},"featured_media":4159,"comment_status":"open","ping_status":"closed","template":"","meta":{"_seopress_robots_primary_cat":"none","_seopress_titles_title":"%%post_title%% %%sep%% %%sitetitle%%","_seopress_titles_desc":"","_seopress_robots_index":""},"product_brand":[19,516],"product_cat":[35,18,515],"product_tag":[38,134,347,90,243],"class_list":{"0":"post-4144","1":"product","2":"type-product","3":"status-publish","4":"has-post-thumbnail","6":"product_brand-bang-king-vape","7":"product_brand-disposable-vape","8":"product_cat-30k-puffs-vape","9":"product_cat-bang-king-vape","10":"product_cat-disposable-vape","11":"product_tag-30k-puffs","12":"product_tag-30k-vape","13":"product_tag-bang-king-30000-pro","14":"product_tag-disposable-vape","15":"product_tag-dual-mesh","17":"first","18":"instock","19":"sale","20":"shipping-taxable","21":"purchasable","22":"product-type-variable"},"_links":{"self":[{"href":"https:\/\/pgvape.com\/pl\/wp-json\/wp\/v2\/product\/4144","targetHints":{"allow":["GET"]}}],"collection":[{"href":"https:\/\/pgvape.com\/pl\/wp-json\/wp\/v2\/product"}],"about":[{"href":"https:\/\/pgvape.com\/pl\/wp-json\/wp\/v2\/types\/product"}],"replies":[{"embeddable":true,"href":"https:\/\/pgvape.com\/pl\/wp-json\/wp\/v2\/comments?post=4144"}],"wp:featuredmedia":[{"embeddable":true,"href":"https:\/\/pgvape.com\/pl\/wp-json\/wp\/v2\/media\/4159"}],"wp:attachment":[{"href":"https:\/\/pgvape.com\/pl\/wp-json\/wp\/v2\/media?parent=4144"}],"wp:term":[{"taxonomy":"product_brand","embeddable":true,"href":"https:\/\/pgvape.com\/pl\/wp-json\/wp\/v2\/product_brand?post=4144"},{"taxonomy":"product_cat","embeddable":true,"href":"https:\/\/pgvape.com\/pl\/wp-json\/wp\/v2\/product_cat?post=4144"},{"taxonomy":"product_tag","embeddable":true,"href":"https:\/\/pgvape.com\/pl\/wp-json\/wp\/v2\/product_tag?post=4144"}],"curies":[{"name":"wp","href":"https:\/\/api.w.org\/{rel}","templated":true}]}}