{"id":4111,"date":"2025-10-23T13:13:05","date_gmt":"2025-10-23T13:13:05","guid":{"rendered":"https:\/\/pgvape.com\/?post_type=product&#038;p=4111"},"modified":"2026-01-27T11:52:38","modified_gmt":"2026-01-27T11:52:38","slug":"uor-120000-120-tys-zaciagniec-4-w-1-smakach-jednorazowe-vape-vape-factory-direct","status":"publish","type":"product","link":"https:\/\/pgvape.com\/pl\/produkt\/uor-120000-120-tys-zaciagniec-4-w-1-smakach-jednorazowe-vape-vape-factory-direct\/","title":{"rendered":"UOR 120000 120 tys. Ptysi 4 w 1 Smaki Jednorazowe Vape-Vape Factory Direct"},"content":{"rendered":"<p><strong data-sourcepos=\"6:5-6:46\">UOR 120000 120K Puffs Jednorazowy Vape<\/strong> na nowo definiuje wapowanie <strong data-sourcepos=\"6:69-6:97\">120 000 bardzo d\u0142ugich zaci\u0105gni\u0119\u0107<\/strong> I <strong data-sourcepos=\"6:102-6:126\">4 regulowane smaki<\/strong> w jednym urz\u0105dzeniu. <strong data-sourcepos=\"6:154-6:180\">Pojemno\u015b\u0107 e-liquidu 64 ml<\/strong> (zbiorniki 16 ml\u00d74) i <strong data-sourcepos=\"6:200-6:231\">Akumulator o pojemno\u015bci 650 mAh<\/strong>, dostarcza <strong data-sourcepos=\"6:245-6:267\">bogata, g\u0142adka para<\/strong> poprzez swoje <strong data-sourcepos=\"6:276-6:289\">cewka siatkowa<\/strong> technologia. <strong data-sourcepos=\"6:306-6:321\">Wy\u015bwietlacz LED<\/strong> \u015bledzi \u017cywotno\u015b\u0107 i wykorzystanie baterii, podczas gdy <strong data-sourcepos=\"6:359-6:383\">Szybkie \u0142adowanie typu C<\/strong> zapewnia szybkie do\u0142adowania. <strong data-sourcepos=\"6:421-6:451\">10 kwartet\u00f3w smakowych premium<\/strong> z <strong data-sourcepos=\"6:457-6:478\">nikotyna 2% lub 5%<\/strong> opcje dostosowanej do indywidualnych potrzeb.<img loading=\"lazy\" decoding=\"async\" class=\"alignnone wp-image-4115 size-full\" src=\"https:\/\/pgvape.com\/wp-content\/uploads\/2025\/10\/pgvape-UOR-120000-120k-Puffs-4-in-1-Flavors-Disposable-Vape-2.png\" alt=\"Zestaw kolorowych, prostok\u0105tnych urz\u0105dze\u0144 do waporyzacji z etykietami z rysunkowymi ma\u0142pami i jasnymi, wielokolorowymi czapkami rozmieszczonymi na pastelowych platformach na jaskrawo \u017c\u00f3\u0142tym tle, kt\u00f3rym towarzysz\u0105 pogrubione teksty &#039;120K&#039; i &#039;4w1&#039; oraz ma\u0142e ikony produkt\u00f3w po lewej stronie.\" width=\"1500\" height=\"750\" srcset=\"https:\/\/pgvape.com\/wp-content\/uploads\/2025\/10\/pgvape-UOR-120000-120k-Puffs-4-in-1-Flavors-Disposable-Vape-2.png 1500w, https:\/\/pgvape.com\/wp-content\/uploads\/2025\/10\/pgvape-UOR-120000-120k-Puffs-4-in-1-Flavors-Disposable-Vape-2-555x278.png 555w, https:\/\/pgvape.com\/wp-content\/uploads\/2025\/10\/pgvape-UOR-120000-120k-Puffs-4-in-1-Flavors-Disposable-Vape-2-595x298.png 595w, https:\/\/pgvape.com\/wp-content\/uploads\/2025\/10\/pgvape-UOR-120000-120k-Puffs-4-in-1-Flavors-Disposable-Vape-2-400x200.png 400w, https:\/\/pgvape.com\/wp-content\/uploads\/2025\/10\/pgvape-UOR-120000-120k-Puffs-4-in-1-Flavors-Disposable-Vape-2-768x384.png 768w, https:\/\/pgvape.com\/wp-content\/uploads\/2025\/10\/pgvape-UOR-120000-120k-Puffs-4-in-1-Flavors-Disposable-Vape-2-18x9.png 18w, https:\/\/pgvape.com\/wp-content\/uploads\/2025\/10\/pgvape-UOR-120000-120k-Puffs-4-in-1-Flavors-Disposable-Vape-2-600x300.png 600w, https:\/\/pgvape.com\/wp-content\/uploads\/2025\/10\/pgvape-UOR-120000-120k-Puffs-4-in-1-Flavors-Disposable-Vape-2-60x30.png 60w\" sizes=\"auto, (max-width: 1500px) 100vw, 1500px\" \/><\/p>\n<p>&nbsp;<\/p>\n<h2><span style=\"font-size: 90%;\">UOR 120000 | 120 tys. Puff\u00f3w 4 w 1 Smaki Jednorazowy Vape <strong data-sourcepos=\"10:5-10:31\">Specyfikacje produktu<\/strong><\/span><\/h2>\n<p><strong data-sourcepos=\"11:3-11:17\">Liczba zaci\u0105gni\u0119\u0107<\/strong>:\u00a0<strong data-sourcepos=\"11:19-11:36\">120 000 zaci\u0105gni\u0119\u0107<\/strong><\/p>\n<p><strong data-sourcepos=\"12:3-12:15\">E-ciecz<\/strong>:\u00a0<strong data-sourcepos=\"12:17-12:48\">16 ml \u00d7 4 zbiorniki (\u0142\u0105cznie 64 ml)<\/strong><\/p>\n<p><strong data-sourcepos=\"13:3-13:15\">Nikotyna<\/strong>:\u00a0<strong data-sourcepos=\"13:17-13:28\">2% \/ 5%<\/strong><\/p>\n<p><strong data-sourcepos=\"14:3-14:14\">Bateria<\/strong>:\u00a0<strong data-sourcepos=\"14:16-14:39\">Akumulator o pojemno\u015bci 650 mAh<\/strong><\/p>\n<p><strong data-sourcepos=\"15:3-15:11\">Cewka<\/strong>:\u00a0<strong data-sourcepos=\"15:13-15:26\">Cewka siatkowa<\/strong><\/p>\n<p><strong data-sourcepos=\"16:3-16:15\">\u0141adowanie<\/strong>:\u00a0<strong data-sourcepos=\"16:17-16:41\">Szybkie \u0142adowanie typu C<\/strong><\/p>\n<p><strong data-sourcepos=\"17:3-17:14\">Wy\u015bwietlacz<\/strong>:\u00a0<strong data-sourcepos=\"17:16-17:30\">Ekran LED<\/strong>\u00a0(bateria\/liczba zaci\u0105gni\u0119\u0107\/tryb smakowy)<\/p>\n<p><strong data-sourcepos=\"18:3-18:19\">Tryby smakowe<\/strong>:\u00a0<strong data-sourcepos=\"18:21-18:45\">4 regulowane smaki<\/strong><\/p>\n<p><strong data-sourcepos=\"19:3-19:16\">Opakowanie<\/strong>:\u00a0<strong data-sourcepos=\"19:18-19:32\">10 szt.\/opakowanie<\/strong><\/p>\n<p>&nbsp;<\/p>\n<h3><span style=\"font-size: 90%;\">UOR 120000 | 120 tys. Puff\u00f3w 4 w 1 Smaki Jednorazowy Vape <strong data-sourcepos=\"23:5-23:24\">Kwartety smakowe<\/strong><\/span><\/h3>\n<p><strong data-sourcepos=\"24:4-24:100\">1. L\u00f3d arbuzowy \/ Jagodowo-mi\u0119towy \/ Fuji Jab\u0142kowy l\u00f3d \/ Limonkowo-mi\u0119towy \/ Fuji Jab\u0142kowy l\u00f3d \/ Limonkowy romans<\/strong><\/p>\n<p><strong data-sourcepos=\"25:4-25:78\">2.L\u00f3d arbuzowy \/ Wi\u015bnia jagodowa \/ Czas letni \/ Ananas z kwa\u015bnego mango<\/strong><\/p>\n<p><strong data-sourcepos=\"27:4-27:69\">3. L\u00f3d jagodowy \/ l\u00f3d brzoskwiniowy \/ t\u0119czowy cukierek \/ cytrynowa kwa\u015bna pomara\u0144cza<\/strong><\/p>\n<p><strong data-sourcepos=\"28:4-28:75\">4.L\u00f3d jagodowy \/ Arbuz brzoskwiniowo-mango \/ Poca\u0142unek nami\u0119tno\u015bci \/ Melonowe jab\u0142ko<\/strong><\/p>\n<p><strong data-sourcepos=\"29:4-29:83\">5.Malina jagodowa \/ Mieszanka jag\u00f3d \/ Wi\u015bnia kalifornijska \/ Mango z marakuji<\/strong><\/p>\n<p><strong data-sourcepos=\"30:4-30:70\">6.Malina jagodowa \/ L\u00f3d winogronowy \/ L\u00f3d jagodowy \/ Melon aloesowo-mango<\/strong><\/p>\n<p><strong data-sourcepos=\"31:4-31:79\">7. Nap\u00f3j energetyczny \/ Arbuz jagodowy \/ Kwa\u015bne jab\u0142ko Malina \/ \u017belek Mi\u015b<\/strong><\/p>\n<p><strong data-sourcepos=\"32:4-32:71\">8.Truskawkowe Mango \/ Guma Balonowa Arbuzowa \/ Czerwone Mojito \/ Mi\u0142o\u015b\u0107 66<\/strong><\/p>\n<p><strong data-sourcepos=\"33:4-33:74\">9. Arbuz truskawkowy \/ Czarny l\u00f3d \/ Potr\u00f3jny melon \/ Winogrono \u017curawinowe<\/strong><\/p>\n<p><strong data-sourcepos=\"34:5-34:93\">10.Truskawkowy Arbuz \/ Kiwi Marakuja Gujawa \/ L\u00f3d Mango \/ Arbuz Kwa\u015bna Brzoskwinia<img loading=\"lazy\" decoding=\"async\" class=\"alignnone wp-image-4118 size-full\" src=\"https:\/\/pgvape.com\/wp-content\/uploads\/2025\/10\/pgvape-UOR-120000-120k-Puffs-4-in-1-Flavors-Disposable-Vape-5.png\" alt=\"\" width=\"1500\" height=\"1217\" srcset=\"https:\/\/pgvape.com\/wp-content\/uploads\/2025\/10\/pgvape-UOR-120000-120k-Puffs-4-in-1-Flavors-Disposable-Vape-5.png 1500w, https:\/\/pgvape.com\/wp-content\/uploads\/2025\/10\/pgvape-UOR-120000-120k-Puffs-4-in-1-Flavors-Disposable-Vape-5-444x360.png 444w, https:\/\/pgvape.com\/wp-content\/uploads\/2025\/10\/pgvape-UOR-120000-120k-Puffs-4-in-1-Flavors-Disposable-Vape-5-595x483.png 595w, https:\/\/pgvape.com\/wp-content\/uploads\/2025\/10\/pgvape-UOR-120000-120k-Puffs-4-in-1-Flavors-Disposable-Vape-5-400x325.png 400w, https:\/\/pgvape.com\/wp-content\/uploads\/2025\/10\/pgvape-UOR-120000-120k-Puffs-4-in-1-Flavors-Disposable-Vape-5-768x623.png 768w, https:\/\/pgvape.com\/wp-content\/uploads\/2025\/10\/pgvape-UOR-120000-120k-Puffs-4-in-1-Flavors-Disposable-Vape-5-15x12.png 15w, https:\/\/pgvape.com\/wp-content\/uploads\/2025\/10\/pgvape-UOR-120000-120k-Puffs-4-in-1-Flavors-Disposable-Vape-5-600x487.png 600w, https:\/\/pgvape.com\/wp-content\/uploads\/2025\/10\/pgvape-UOR-120000-120k-Puffs-4-in-1-Flavors-Disposable-Vape-5-49x40.png 49w\" sizes=\"auto, (max-width: 1500px) 100vw, 1500px\" \/><\/strong><\/p>\n<p>&nbsp;<\/p>\n<h3><span style=\"font-size: 90%;\">UOR 120000 | 120 tys. zaci\u0105gni\u0119\u0107 4 w 1 smakach Jednorazowe wideo Vape:<br \/>\n<\/span><\/h3>\n<p><iframe loading=\"lazy\" title=\"UOR 120000 | 120 tys. zaci\u0105gni\u0119\u0107 4 w 1 smaki Jednorazowy Vape | 10 smak\u00f3w | Z wy\u015bwietlaczem LED pgvape\" width=\"563\" height=\"1000\" src=\"https:\/\/www.youtube.com\/embed\/VymLw_XwTJ8?feature=oembed\" frameborder=\"0\" allow=\"accelerometer; autoplay; clipboard-write; encrypted-media; gyroscope; picture-in-picture; web-share\" referrerpolicy=\"strict-origin-when-cross-origin\" allowfullscreen><\/iframe><\/p>\n<p>&nbsp;<\/p>\n<h2><span style=\"font-size: 90%;\">Cz\u0119sto zadawane pytania dotycz\u0105ce UOR 120000 | 120 tys. puszek Jednorazowy waporyzator o smakach 4 w 1<\/span><\/h2>\n<p data-sourcepos=\"39:1-40:94\">\u2753 <strong data-sourcepos=\"39:3-39:41\">Jak dzia\u0142a system 4 smak\u00f3w?<\/strong><br \/>\n\u2705 Obr\u00f3\u0107 si\u0119 <strong data-sourcepos=\"40:18-40:41\">cztery gotowe smaki<\/strong> za pomoc\u0105 prostego naci\u015bni\u0119cia przycisku lub automatycznego prze\u0142\u0105czania.<\/p>\n<p data-sourcepos=\"42:1-43:95\">\u2753 <strong data-sourcepos=\"42:3-42:34\">Co zapewnia jako\u015b\u0107 pary?<\/strong><br \/>\n\u2705 <strong data-sourcepos=\"43:7-43:20\">cewka siatkowa<\/strong> zapewnia <strong data-sourcepos=\"43:30-43:49\">30% wi\u0119cej smaku<\/strong> I <strong data-sourcepos=\"43:54-43:72\">g\u0142adsze rysunki<\/strong> ni\u017c standardowe cewki.<\/p>\n<p data-sourcepos=\"45:1-46:90\">\u2753 <strong data-sourcepos=\"45:3-45:38\">Jak d\u0142ugo wytrzymuje bateria?<\/strong><br \/>\n\u2705 <strong data-sourcepos=\"46:3-46:21\">Bateria 650 mAh<\/strong> obs\u0142uguje <strong data-sourcepos=\"46:31-46:46\">dni u\u017cytkowania<\/strong>; <strong data-sourcepos=\"46:48-46:58\">Typ C<\/strong> \u0142aduje si\u0119 <strong data-sourcepos=\"46:72-46:87\">~50 minut<\/strong>.<\/p>\n<p data-sourcepos=\"48:1-49:87\">\u2753 <strong data-sourcepos=\"48:3-48:36\">Czy jest odpowiedni dla sprzedawc\u00f3w detalicznych?<\/strong><br \/>\n\u2705 <strong data-sourcepos=\"49:3-49:25\">Opakowanie 10 sztuk<\/strong> I <strong data-sourcepos=\"49:30-49:49\">du\u017ca liczba zaci\u0105gni\u0119\u0107<\/strong> sprawiaj\u0105, \u017ce idealnie nadaje si\u0119 do sprzeda\u017cy detalicznej\/hurtowej.<\/p>\n<p data-sourcepos=\"51:1-52:92\">\u2753 <strong data-sourcepos=\"51:3-51:25\">Czy mog\u0119 \u015bledzi\u0107 wykorzystanie?<br \/>\n<\/strong> \u2705 <strong data-sourcepos=\"52:7-52:22\">Wy\u015bwietlacz LED<\/strong> wida\u0107 <strong data-sourcepos=\"52:29-52:50\">bateria czasu rzeczywistego<\/strong>, <strong data-sourcepos=\"52:52-52:66\">liczba zaci\u0105gni\u0119\u0107<\/strong>, I <strong data-sourcepos=\"52:72-52:89\">aktywny smak<\/strong>.<\/p>\n<p>&nbsp;<\/p>\n<h3 id=\"brxe-najhln\" class=\"brxe-heading\">Cz\u0119sto zadawane pytania (FAQ)<\/h3>\n<div id=\"brxe-rajiac\" class=\"brxe-text\">\n<p><strong>P: Jakie metody p\u0142atno\u015bci akceptujecie?<\/strong><br \/>\nOdp.: Akceptujemy PayPal, Stripe, przelewy bankowe (obs\u0142ugiwane SEPA), g\u0142\u00f3wne karty kredytowe (Visa, MasterCard, American Express) i p\u0142atno\u015bci w kryptowalutach.<\/p>\n<p><strong>P: Jak d\u0142ugo trwa przygotowanie zam\u00f3wienia?<\/strong><br \/>\nOdp.: Przygotowanie zam\u00f3wienia zajmuje 1-3 dni robocze.<\/p>\n<p><strong>P: Jaki jest czas wysy\u0142ki?<\/strong><br \/>\nOdp.: Czas wysy\u0142ki wynosi 7-14 dni roboczych, w zale\u017cno\u015bci od Twojej lokalizacji.<\/p>\n<p><strong>P: Jak mog\u0119 \u015bledzi\u0107 moje zam\u00f3wienie?<\/strong><br \/>\nOdp.: Po wysy\u0142ce otrzymasz wiadomo\u015b\u0107 e-mail z potwierdzeniem i numerem przesy\u0142ki umo\u017cliwiaj\u0105cym \u015bledzenie w czasie rzeczywistym.<\/p>\n<p><strong>P: Jaka jest Twoja polityka zwrot\u00f3w?<\/strong><br \/>\nOdp.: Oferujemy 30-dniow\u0105 polityk\u0119 zwrot\u00f3w lub wymiany. .<\/p>\n<p><strong>P: Czy wyst\u0105pi\u0105 jakie\u015b problemy celne?<br \/>\n<\/strong>Obs\u0142ugujemy wszystkie procedury odprawy celnej, aby zapewni\u0107 Ci bezproblemow\u0105 obs\u0142ug\u0119. .<\/p>\n<p><strong>P: Jakie metody wysy\u0142ki s\u0105 stosowane?<\/strong><br \/>\nWsp\u00f3\u0142pracujemy z firmami UPS\/DHL\/FEDEX\/DPD itp. W zale\u017cno\u015bci od kraju dostawy wybierzemy odpowiedni\u0105 opcj\u0119 wysy\u0142ki, tak aby produkty dotar\u0142y do \u200b\u200bPa\u0144stwa najszybciej jak to mo\u017cliwe.<\/p>\n<p><a href=\"https:\/\/pgvape.com\/pl\/czesto-zadawane-pytania\/\">Kliknij tutaj, aby uzyska\u0107 wi\u0119cej cz\u0119sto zadawanych pyta\u0144<\/a><\/p>\n<p>Szanowni klienci, je\u015bli masz jakiekolwiek pytania dotycz\u0105ce zam\u00f3wienia lub przybycia towaru, skontaktuj si\u0119 z naszym dzia\u0142em obs\u0142ugi klienta. Dzi\u0119kuj\u0119!<\/p>\n<h3 data-sourcepos=\"73:1-73:21\"><strong data-sourcepos=\"73:7-73:21\">Skontaktuj si\u0119 z nami<\/strong><\/h3>\n<div id=\"text-2419739398\" class=\"text\">\n<p><strong data-sourcepos=\"75:3-75:12\">E-mail<\/strong>:\u00a0<a href=\"mailto:support@pgvape.com\"><strong>support@pgvape.com<\/strong><\/a><\/p>\n<p><strong data-sourcepos=\"76:3-76:15\">WhatsApp<\/strong>: <a href=\"https:\/\/wa.me\/+8618128481258\"><strong>+86 18128481258<\/strong><\/a><br \/>\n<strong>(Odpowied\u017a w ci\u0105gu 24 godzin w dni robocze)<\/strong><\/p>\n<\/div>\n<h3><strong>Dzi\u0119kujemy za wybranie pgvape.com! .<\/strong><\/h3>\n<\/div>","protected":false},"excerpt":{"rendered":"<p>Z <strong data-sourcepos=\"57:6-57:20\">120 tys. zaci\u0105gni\u0119\u0107<\/strong>, <strong data-sourcepos=\"57:22-57:46\">Elastyczno\u015b\u0107 w 4 smakach<\/strong>, I <strong data-sourcepos=\"57:52-57:69\">Pojemno\u015b\u0107 64 ml<\/strong>, , <strong data-sourcepos=\"57:75-57:89\">UOR 120000<\/strong> dominuje na rynku jednorazowych produkt\u00f3w premium. <strong data-sourcepos=\"57:131-57:149\">10 zestaw\u00f3w smakowych<\/strong> I <strong data-sourcepos=\"57:154-57:176\">inteligentne \u015bledzenie LED<\/strong> oferuj\u0105 niezr\u00f3wnan\u0105 r\u00f3\u017cnorodno\u015b\u0107.<\/p>","protected":false},"featured_media":4120,"comment_status":"open","ping_status":"closed","template":"","meta":{"_seopress_robots_primary_cat":"none","_seopress_titles_title":"%%post_title%% %%sep%% %%sitetitle%%","_seopress_titles_desc":"","_seopress_robots_index":""},"product_brand":[516,345],"product_cat":[69,515,344],"product_tag":[75,82,53,90,490,59,346,220],"class_list":{"0":"post-4111","1":"product","2":"type-product","3":"status-publish","4":"has-post-thumbnail","6":"product_brand-disposable-vape","7":"product_brand-uor-vape","8":"product_cat-120k-puffs-vape","9":"product_cat-disposable-vape","10":"product_cat-uor-vape","11":"product_tag-120k-puffs","12":"product_tag-120k-vape","13":"product_tag-4-in-1-flavors","14":"product_tag-disposable-vape","15":"product_tag-minimum-2-pieces","16":"product_tag-mouth-to-lung-mtl","17":"product_tag-uor-120000","18":"product_tag-with-led-display","20":"first","21":"instock","22":"sale","23":"shipping-taxable","24":"purchasable","25":"product-type-variable"},"_links":{"self":[{"href":"https:\/\/pgvape.com\/pl\/wp-json\/wp\/v2\/product\/4111","targetHints":{"allow":["GET"]}}],"collection":[{"href":"https:\/\/pgvape.com\/pl\/wp-json\/wp\/v2\/product"}],"about":[{"href":"https:\/\/pgvape.com\/pl\/wp-json\/wp\/v2\/types\/product"}],"replies":[{"embeddable":true,"href":"https:\/\/pgvape.com\/pl\/wp-json\/wp\/v2\/comments?post=4111"}],"wp:featuredmedia":[{"embeddable":true,"href":"https:\/\/pgvape.com\/pl\/wp-json\/wp\/v2\/media\/4120"}],"wp:attachment":[{"href":"https:\/\/pgvape.com\/pl\/wp-json\/wp\/v2\/media?parent=4111"}],"wp:term":[{"taxonomy":"product_brand","embeddable":true,"href":"https:\/\/pgvape.com\/pl\/wp-json\/wp\/v2\/product_brand?post=4111"},{"taxonomy":"product_cat","embeddable":true,"href":"https:\/\/pgvape.com\/pl\/wp-json\/wp\/v2\/product_cat?post=4111"},{"taxonomy":"product_tag","embeddable":true,"href":"https:\/\/pgvape.com\/pl\/wp-json\/wp\/v2\/product_tag?post=4111"}],"curies":[{"name":"wp","href":"https:\/\/api.w.org\/{rel}","templated":true}]}}