{"id":409,"date":"2025-07-15T12:40:11","date_gmt":"2025-07-15T12:40:11","guid":{"rendered":"https:\/\/pgvape.com\/?post_type=product&#038;p=409"},"modified":"2026-02-02T08:42:55","modified_gmt":"2026-02-02T08:42:55","slug":"bang-30000-pro-30k-ptysiow-o-podwojnym-smaku-jednorazowy-wyswietlacz-lcd-vape-hurtownia","status":"publish","type":"product","link":"https:\/\/pgvape.com\/pl\/produkt\/bang-30000-pro-30k-ptysiow-o-podwojnym-smaku-jednorazowy-wyswietlacz-lcd-vape-hurtownia\/","title":{"rendered":"Bang 30000 PRO | 30K zaci\u0105gni\u0119\u0107 jednorazowy Vape o podw\u00f3jnym smaku | wy\u015bwietlacz LCD | hurtownia fabryczna"},"content":{"rendered":"<div style=\"width: 1020px;\" class=\"wp-video\"><video class=\"wp-video-shortcode\" id=\"video-409-1\" width=\"1020\" height=\"574\" preload=\"auto\" controls=\"controls\"><source type=\"video\/mp4\" src=\"https:\/\/pgvape.com\/wp-content\/uploads\/2025\/07\/Bang-30000-PRO-30K-Puffs-Dual-Flavor-Disposable-Vape-LCD-Display-Factory-Wholesale.mp4?_=1\" \/><a href=\"https:\/\/pgvape.com\/wp-content\/uploads\/2025\/07\/Bang-30000-PRO-30K-Puffs-Dual-Flavor-Disposable-Vape-LCD-Display-Factory-Wholesale.mp4\">https:\/\/pgvape.com\/wp-content\/uploads\/2025\/07\/Bang-30000-PRO-30K-Puffs-Dual-Flavor-Disposable-Vape-LCD-Display-Factory-Wholesale.mp4<\/a><\/video><\/div>\n<p><strong><br \/>\nJednorazowy waporyzator Bang 30k Puffs PRO o podw\u00f3jnym smaku<\/strong> Pen przeznaczony jest dla waper\u00f3w poszukuj\u0105cych wyj\u0105tkowej wydajno\u015bci i r\u00f3\u017cnorodno\u015bci smak\u00f3w. <strong>30 000 zaci\u0105gni\u0119\u0107<\/strong> i du\u017cy <strong>36ml e-p\u0142ynu<\/strong> pojemno\u015b\u0107, gwarantuje d\u0142ugotrwa\u0142\u0105 satysfakcj\u0119.<strong>0%, 2%, 3%, 5%<\/strong>) zgodnie z Twoimi preferencjami.<\/p>\n<p>&nbsp;<\/p>\n<h2><span style=\"font-size: 90%;\">Bang 30000 PRO | 30K Puffs Jednorazowy Vape o podw\u00f3jnym smaku \u2013 Specyfikacja produktu:<br \/>\n<\/span><\/h2>\n<p><strong>D\u0142ugotrwa\u0142a wydajno\u015b\u0107:<\/strong>\u00a0Ciesz si\u0119 nawet 30 000 zaci\u0105gni\u0119\u0107, ograniczaj\u0105c potrzeb\u0119 cz\u0119stych wymian.<\/p>\n<p><strong>Du\u017ca pojemno\u015b\u0107 e-cieczy:<\/strong>\u00a0Wyposa\u017cony w zbiornik o pojemno\u015bci 36 ml zapewniaj\u0105cy nieprzerwan\u0105 przyjemno\u015b\u0107 wapowania.<\/p>\n<p><strong>Opcje nikotyny:<\/strong>\u00a0Wybierz jedn\u0105 z r\u00f3\u017cnych mocy (0%, 2%, 3%, 5%), aby dopasowa\u0107 si\u0119 do po\u017c\u0105danych wra\u017ce\u0144.<\/p>\n<p><strong>Bateria 550 mAh:<\/strong>\u00a0Zasilanie urz\u0105dzenia przez ca\u0142y dzie\u0144, aby zapewni\u0107 nieprzerwane u\u017cytkowanie.<\/p>\n<p><strong>System podw\u00f3jnego smaku:<\/strong>\u00a0P\u0142ynnie prze\u0142\u0105czaj si\u0119 mi\u0119dzy dwoma smakami, aby uzyska\u0107 dynamiczn\u0105 i spersonalizowan\u0105 podr\u00f3\u017c vapingu.<\/p>\n<p>&nbsp;<\/p>\n<h3><span style=\"font-size: 90%;\">Bang 30000 PRO | 30K Ptysi\u00f3w Jednorazowy Vape o podw\u00f3jnym smaku Lista smak\u00f3w:<\/span><\/h3>\n<p><span style=\"font-size: 90%;\">1. Arbuz i jagoda mi\u0119ta<\/span><\/p>\n<p><span style=\"font-size: 90%;\">2. Kwa\u015bne jab\u0142ko i jagoda, malina<\/span><\/p>\n<p><span style=\"font-size: 90%;\">3.Red Bull i truskawkowe mango<\/span><\/p>\n<p><span style=\"font-size: 90%;\">4. Winogronowy l\u00f3d i weso\u0142a cola<\/span><\/p>\n<p><span style=\"font-size: 90%;\">5. Arbuz lodowy brzoskwiniowo-truskawkowy<\/span><\/p>\n<p><span style=\"font-size: 90%;\">6.Kochaj 66 i truskawkowe kiwi<\/span><\/p>\n<p><span style=\"font-size: 90%;\">7. Liczi z winogron Sakura i truskawki<\/span><\/p>\n<p><span style=\"font-size: 90%;\">8. Mieszanka lod\u00f3w owocowych i jagodowych<\/span><\/p>\n<p><span style=\"font-size: 90%;\">9. Czarny smok i banan truskawkowy<\/span><\/p>\n<p><span style=\"font-size: 90%;\">10.L\u00f3d mango-brzoskwinia i banan<\/span><\/p>\n<p><span style=\"font-size: 90%;\">11. Granat z podw\u00f3jnym jab\u0142kiem i kiwi, marakuja<\/span><\/p>\n<p><span style=\"font-size: 90%;\">12. L\u00f3d mi\u0119towy i potr\u00f3jna jagoda<\/span><\/p>\n<p><span style=\"font-size: 90%;\">13. Boom, wi\u015bnia, \u017curawina i arbuz<\/span><\/p>\n<p><span style=\"font-size: 90%;\">14. Po\u0142\u0105czenie lodu i b\u0142\u0119kitu ananasa<\/span><\/p>\n<p><span style=\"font-size: 90%;\">15. Fioletowy l\u00f3d deszczowo-truskawkowo-malinowy<\/span><\/p>\n<p><span style=\"font-size: 90%;\">16.Czarny Dargon Ice i Mango Ananasowa Brzoskwinia<\/span><\/p>\n<p>&nbsp;<\/p>\n<h2><span style=\"font-size: 90%;\">Cz\u0119sto zadawane pytania dotycz\u0105ce Bang 30000 PRO | 30K Puffs Jednorazowy waporyzator o podw\u00f3jnym smaku<\/span><\/h2>\n<p dir=\"auto\"><strong>P1: Ile zaci\u0105gni\u0119\u0107 oferuje Bang 30k PRO?<\/strong><br \/>\nA1: Oferuje do 30 000 zaci\u0105gni\u0119\u0107 na urz\u0105dzenie.<\/p>\n<p dir=\"auto\"><strong>P2: Jakie smaki mog\u0119 wybra\u0107?<\/strong><br \/>\nA2: Bang 30k PRO oferuje 16 podw\u00f3jnych kombinacji smakowych, zapewniaj\u0105cych r\u00f3\u017cnorodne smaki do odkrycia.<\/p>\n<p dir=\"auto\"><strong>P3: Czy mog\u0119 prze\u0142\u0105cza\u0107 si\u0119 mi\u0119dzy dwoma smakami na tym samym urz\u0105dzeniu?<\/strong><br \/>\nOdpowied\u017a 3: Tak, urz\u0105dzenie posiada system podw\u00f3jnego smaku, umo\u017cliwiaj\u0105cy \u0142atwe prze\u0142\u0105czanie pomi\u0119dzy dwoma wbudowanymi smakami.<\/p>\n<p dir=\"auto\"><strong>P4: Jakie moce nikotyny s\u0105 dost\u0119pne?<\/strong><br \/>\nA4: Urz\u0105dzenie jest dost\u0119pne w wersjach nikotynowych 0%, 2%, 3% i 5%.<\/p>\n<p dir=\"auto\"><strong>P5: Jak d\u0142ugo wytrzymuje bateria?<\/strong><br \/>\nOdpowied\u017a 5: Urz\u0105dzenie posiada bateri\u0119 550 mAh, kt\u00f3ra zapewnia d\u0142ugotrwa\u0142\u0105 prac\u0119 przez ca\u0142y dzie\u0144.<\/p>\n<p dir=\"auto\"><strong>P6: Jak du\u017ca jest pojemno\u015b\u0107 e-liquidu?<\/strong><br \/>\nOdpowied\u017a 6: Bang 30k PRO ma du\u017cy zbiornik na e-liquid o pojemno\u015bci 36 ml, co pozwala na d\u0142u\u017csze sesje wapowania.<\/p>\n<p dir=\"auto\"><strong>P7: Czy do\u015bwiadczenie wapowania mo\u017cna dostosowa\u0107?<\/strong><br \/>\nOdpowied\u017a7: Tak, urz\u0105dzenie oferuje konfigurowalny poziom nikotyny i funkcj\u0119 podw\u00f3jnego smaku, zapewniaj\u0105c\u0105 spersonalizowane wra\u017cenia z wapowania.<\/p>\n<p>&nbsp;<\/p>\n<h3 id=\"brxe-najhln\" class=\"brxe-heading\">Cz\u0119sto zadawane pytania (FAQ)<\/h3>\n<div id=\"brxe-rajiac\" class=\"brxe-text\">\n<p><strong>P: Jakie metody p\u0142atno\u015bci akceptujecie?<\/strong><br \/>\nOdp.: Akceptujemy PayPal, Stripe, przelewy bankowe (obs\u0142ugiwane SEPA), g\u0142\u00f3wne karty kredytowe (Visa, MasterCard, American Express) i p\u0142atno\u015bci w kryptowalutach.<\/p>\n<p><strong>P: Jak d\u0142ugo trwa przygotowanie zam\u00f3wienia?<\/strong><br \/>\nOdp.: Przygotowanie zam\u00f3wienia zajmuje 1-3 dni robocze.<\/p>\n<p><strong>P: Jaki jest czas wysy\u0142ki?<\/strong><br \/>\nOdp.: Czas wysy\u0142ki wynosi 7-14 dni roboczych, w zale\u017cno\u015bci od Twojej lokalizacji.<\/p>\n<p><strong>P: Jak mog\u0119 \u015bledzi\u0107 moje zam\u00f3wienie?<\/strong><br \/>\nOdp.: Po wysy\u0142ce otrzymasz wiadomo\u015b\u0107 e-mail z potwierdzeniem i numerem przesy\u0142ki umo\u017cliwiaj\u0105cym \u015bledzenie w czasie rzeczywistym.<\/p>\n<p><strong>P: Jaka jest Twoja polityka zwrot\u00f3w?<\/strong><br \/>\nOdp.: Oferujemy 30-dniow\u0105 polityk\u0119 zwrot\u00f3w lub wymiany. .<\/p>\n<p><strong>P: Czy wyst\u0105pi\u0105 jakie\u015b problemy celne?<br \/>\n<\/strong>Obs\u0142ugujemy wszystkie procedury odprawy celnej, aby zapewni\u0107 Ci bezproblemow\u0105 obs\u0142ug\u0119. .<\/p>\n<p><strong>P: Jakie metody wysy\u0142ki s\u0105 stosowane?<\/strong><br \/>\nWsp\u00f3\u0142pracujemy z firmami UPS\/DHL\/FEDEX\/DPD itp. W zale\u017cno\u015bci od kraju dostawy wybierzemy odpowiedni\u0105 opcj\u0119 wysy\u0142ki, tak aby produkty dotar\u0142y do \u200b\u200bPa\u0144stwa najszybciej jak to mo\u017cliwe.<\/p>\n<p><a href=\"https:\/\/pgvape.com\/pl\/czesto-zadawane-pytania\/\"><span style=\"font-size: 100%;\">Kliknij tutaj, aby uzyska\u0107 wi\u0119cej cz\u0119sto zadawanych pyta\u0144<\/span><\/a><\/p>\n<p>Szanowni klienci, je\u015bli masz jakiekolwiek pytania dotycz\u0105ce zam\u00f3wienia lub przybycia towaru, skontaktuj si\u0119 z naszym dzia\u0142em obs\u0142ugi klienta. Dzi\u0119kuj\u0119!<\/p>\n<h3 data-sourcepos=\"73:1-73:21\"><span style=\"font-size: 90%;\"><strong data-sourcepos=\"73:7-73:21\">Skontaktuj si\u0119 z nami<\/strong><\/span><\/h3>\n<div id=\"text-2419739398\" class=\"text\">\n<p><strong data-sourcepos=\"75:3-75:12\">E-mail<\/strong>:\u00a0<a href=\"mailto:support@pgvape.com\"><strong>support@pgvape.com<\/strong><\/a><\/p>\n<p><strong data-sourcepos=\"76:3-76:15\">WhatsApp<\/strong>: <a href=\"https:\/\/wa.me\/+8618128481258\"><strong>+86 18128481258<\/strong><\/a><br \/>\n<strong>(Odpowied\u017a w ci\u0105gu 24 godzin w dni robocze)<\/strong><\/p>\n<\/div>\n<h3><strong><span style=\"font-size: 80%;\">Dzi\u0119kujemy za wybranie pgvape.com! .<\/span><\/strong><\/h3>\n<\/div>","protected":false},"excerpt":{"rendered":"<p><strong>Jednorazowy waporyzator Bang 30k PRO Dual Flavour<\/strong> Pi\u00f3ro zapewnia do <strong>30 000 zaci\u0105gni\u0119\u0107<\/strong> z <strong>36ml e-p\u0142ynu<\/strong> pojemno\u015b\u0107. <strong>podw\u00f3jny smak<\/strong> opcji i regulowanej mocy nikotyny, jest to najlepszy wyb\u00f3r zapewniaj\u0105cy konfigurowalne i d\u0142ugotrwa\u0142e wra\u017cenia z wapowania.<\/p>","protected":false},"featured_media":430,"comment_status":"open","ping_status":"closed","template":"","meta":{"_seopress_robots_primary_cat":"none","_seopress_titles_title":"","_seopress_titles_desc":"","_seopress_robots_index":""},"product_brand":[36,516],"product_cat":[35,25,515],"product_tag":[38,37,39],"class_list":{"0":"post-409","1":"product","2":"type-product","3":"status-publish","4":"has-post-thumbnail","6":"product_brand-bang-vape","7":"product_brand-disposable-vape","8":"product_cat-30k-puffs-vape","9":"product_cat-bang-vape","10":"product_cat-disposable-vape","11":"product_tag-30k-puffs","12":"product_tag-bang-30000-pro","13":"product_tag-dual-flavor","15":"first","16":"instock","17":"sale","18":"shipping-taxable","19":"purchasable","20":"product-type-variable"},"_links":{"self":[{"href":"https:\/\/pgvape.com\/pl\/wp-json\/wp\/v2\/product\/409","targetHints":{"allow":["GET"]}}],"collection":[{"href":"https:\/\/pgvape.com\/pl\/wp-json\/wp\/v2\/product"}],"about":[{"href":"https:\/\/pgvape.com\/pl\/wp-json\/wp\/v2\/types\/product"}],"replies":[{"embeddable":true,"href":"https:\/\/pgvape.com\/pl\/wp-json\/wp\/v2\/comments?post=409"}],"wp:featuredmedia":[{"embeddable":true,"href":"https:\/\/pgvape.com\/pl\/wp-json\/wp\/v2\/media\/430"}],"wp:attachment":[{"href":"https:\/\/pgvape.com\/pl\/wp-json\/wp\/v2\/media?parent=409"}],"wp:term":[{"taxonomy":"product_brand","embeddable":true,"href":"https:\/\/pgvape.com\/pl\/wp-json\/wp\/v2\/product_brand?post=409"},{"taxonomy":"product_cat","embeddable":true,"href":"https:\/\/pgvape.com\/pl\/wp-json\/wp\/v2\/product_cat?post=409"},{"taxonomy":"product_tag","embeddable":true,"href":"https:\/\/pgvape.com\/pl\/wp-json\/wp\/v2\/product_tag?post=409"}],"curies":[{"name":"wp","href":"https:\/\/api.w.org\/{rel}","templated":true}]}}