{"id":4080,"date":"2025-10-23T11:19:31","date_gmt":"2025-10-23T11:19:31","guid":{"rendered":"https:\/\/pgvape.com\/?post_type=product&#038;p=4080"},"modified":"2026-03-27T11:37:28","modified_gmt":"2026-03-27T11:37:28","slug":"bang-king-tornado-35000-35k-zaciagniec-jednorazowy-vape-0-2-3-5-nikotyna-12-smakow-wyswietlacz-led-vape-factory-direct","status":"publish","type":"product","link":"https:\/\/pgvape.com\/pl\/produkt\/bang-king-tornado-35000-35k-zaciagniec-jednorazowy-vape-0-2-3-5-nikotyna-12-smakow-wyswietlacz-led-vape-factory-direct\/","title":{"rendered":"Bang King Tornado 35000 | 35K Puffs Jednorazowy Vape | 0% 2% 3% 5% Nikotyna | 12 Smak\u00f3w | Wy\u015bwietlacz LED | Vape Factory Direct"},"content":{"rendered":"<p><strong data-sourcepos=\"6:5-6:54\">Jednorazowy Vape Bang King Tornado 35000 Puffs<\/strong> dostarcza <strong data-sourcepos=\"6:64-6:88\">rozszerzona wydajno\u015b\u0107<\/strong> z jego <strong data-sourcepos=\"6:98-6:114\">35 000 zaci\u0105gni\u0119\u0107<\/strong> pojemno\u015b\u0107 i <strong data-sourcepos=\"6:128-6:145\">23 ml e-p\u0142ynu<\/strong> zbiornik. <strong data-sourcepos=\"6:169-6:187\">Cewka siatkowa 0,6 \u03a9<\/strong> Do <strong data-sourcepos=\"6:192-6:207\">bogaty smak<\/strong> I <strong data-sourcepos=\"6:212-6:228\">g\u0142adka para<\/strong>, jest zasilany przez <strong data-sourcepos=\"6:249-6:280\">Akumulator o pojemno\u015bci 850 mAh<\/strong> z <strong data-sourcepos=\"6:286-6:310\">Szybkie \u0142adowanie typu C<\/strong>. <strong data-sourcepos=\"6:316-6:331\">Wy\u015bwietlacz LED<\/strong> pokazuje w czasie rzeczywistym poziom baterii i e-liquidu, podczas gdy <strong data-sourcepos=\"6:383-6:411\">ochrona przed suchymi oparzeniami<\/strong> zapewnia bezpiecze\u0144stwo. <strong data-sourcepos=\"6:441-6:463\">12 smak\u00f3w premium<\/strong> I <strong data-sourcepos=\"6:468-6:500\">0%\/2%\/3%\/5% opcje nikotynowe<\/strong>, jest idealny dla waper\u00f3w poszukuj\u0105cych d\u0142ugowieczno\u015bci i jako\u015bci.<\/p>\n<p>&nbsp;<\/p>\n<h2><span style=\"font-size: 90%;\">Bang King Tornado 35000 | 35K Puffs Jednorazowy Vape <strong data-sourcepos=\"10:5-10:31\">Specyfikacje produktu<\/strong><\/span><\/h2>\n<p><strong data-sourcepos=\"11:3-11:17\">Liczba zaci\u0105gni\u0119\u0107<\/strong>:\u00a0<strong data-sourcepos=\"11:19-11:35\">35 000 zaci\u0105gni\u0119\u0107<\/strong><\/p>\n<p><strong data-sourcepos=\"12:3-12:24\">Pojemno\u015b\u0107 e-cieczy<\/strong>:\u00a0<strong data-sourcepos=\"12:26-12:34\">23 ml<\/strong><\/p>\n<p><strong data-sourcepos=\"13:3-13:11\">Cewka<\/strong>:\u00a0<strong data-sourcepos=\"13:13-13:31\">Cewka siatkowa 0,6 \u03a9<\/strong><\/p>\n<p><strong data-sourcepos=\"14:3-14:14\">Bateria<\/strong>:\u00a0<strong data-sourcepos=\"14:16-14:39\">Akumulator o pojemno\u015bci 850 mAh<\/strong><\/p>\n<p><strong data-sourcepos=\"15:3-15:15\">\u0141adowanie<\/strong>:\u00a0<strong data-sourcepos=\"15:17-15:41\">Szybkie \u0142adowanie typu C<\/strong><\/p>\n<p><strong data-sourcepos=\"16:3-16:14\">Wy\u015bwietlacz<\/strong>:\u00a0<strong data-sourcepos=\"16:16-16:30\">Ekran LED<\/strong><\/p>\n<p><strong data-sourcepos=\"17:3-17:13\">Bezpiecze\u0144stwo<\/strong>:\u00a0<strong data-sourcepos=\"17:15-17:43\">Ochrona przed suchymi oparzeniami<\/strong><\/p>\n<p><strong data-sourcepos=\"18:3-18:23\">Opcje nikotynowe<\/strong>:\u00a0<strong data-sourcepos=\"18:25-18:40\">0%\/2%\/3%\/5%<\/strong><\/p>\n<p><strong data-sourcepos=\"19:3-19:14\">Smaki<\/strong>:\u00a0<strong data-sourcepos=\"19:16-19:30\">12 opcji<\/strong><\/p>\n<p><strong data-sourcepos=\"20:3-20:16\">Opakowanie<\/strong>:\u00a0<strong data-sourcepos=\"20:18-20:32\">10 szt.\/opakowanie<\/strong><\/p>\n<p>&nbsp;<\/p>\n<h3><span style=\"font-size: 90%;\">Bang King Tornado 35000 | 35K Puffs Jednorazowy Vape <strong data-sourcepos=\"24:5-24:20\">Lista smak\u00f3w<\/strong><\/span><\/h3>\n<p><strong data-sourcepos=\"25:4-25:24\">1. Truskawkowe Mango<\/strong><\/p>\n<p><strong data-sourcepos=\"26:4-26:14\">2. Mi\u0142o\u015b\u010766<\/strong><\/p>\n<p><strong data-sourcepos=\"27:4-27:21\">3. Niebieski Razz L\u00f3d<\/strong><\/p>\n<p><strong data-sourcepos=\"28:4-28:29\">4. Arbuz Truskawkowy<\/strong><\/p>\n<p><strong data-sourcepos=\"29:4-29:18\">5. Cytrynowo-mi\u0119towa<\/strong><\/p>\n<p><strong data-sourcepos=\"30:4-30:20\">6.Podw\u00f3jne jab\u0142ko<\/strong><\/p>\n<p><strong data-sourcepos=\"31:4-31:20\">7. Nap\u00f3j energetyczny<\/strong><\/p>\n<p><strong data-sourcepos=\"33:4-33:17\">8. Brzoskwiniowy l\u00f3d<\/strong><\/p>\n<p><strong data-sourcepos=\"34:4-34:23\">9.Truskawkowe Kiwi<\/strong><\/p>\n<p><strong data-sourcepos=\"35:5-35:18\">10. L\u00f3d winogronowy<\/strong><\/p>\n<p><strong data-sourcepos=\"36:5-36:22\">11.L\u00f3d jagodowy<\/strong><\/p>\n<p><strong data-sourcepos=\"37:5-37:19\">12.Arbuz<br \/>\n<img loading=\"lazy\" decoding=\"async\" class=\"alignnone wp-image-4097 size-full\" src=\"https:\/\/pgvape.com\/wp-content\/uploads\/2025\/10\/pgvape-Bang-King-Tornado-35000-35K-Puffs-Disposable-Vape-15.png\" alt=\"\" width=\"1200\" height=\"930\" srcset=\"https:\/\/pgvape.com\/wp-content\/uploads\/2025\/10\/pgvape-Bang-King-Tornado-35000-35K-Puffs-Disposable-Vape-15.png 1200w, https:\/\/pgvape.com\/wp-content\/uploads\/2025\/10\/pgvape-Bang-King-Tornado-35000-35K-Puffs-Disposable-Vape-15-465x360.png 465w, https:\/\/pgvape.com\/wp-content\/uploads\/2025\/10\/pgvape-Bang-King-Tornado-35000-35K-Puffs-Disposable-Vape-15-595x461.png 595w, https:\/\/pgvape.com\/wp-content\/uploads\/2025\/10\/pgvape-Bang-King-Tornado-35000-35K-Puffs-Disposable-Vape-15-400x310.png 400w, https:\/\/pgvape.com\/wp-content\/uploads\/2025\/10\/pgvape-Bang-King-Tornado-35000-35K-Puffs-Disposable-Vape-15-768x595.png 768w, https:\/\/pgvape.com\/wp-content\/uploads\/2025\/10\/pgvape-Bang-King-Tornado-35000-35K-Puffs-Disposable-Vape-15-15x12.png 15w, https:\/\/pgvape.com\/wp-content\/uploads\/2025\/10\/pgvape-Bang-King-Tornado-35000-35K-Puffs-Disposable-Vape-15-600x465.png 600w, https:\/\/pgvape.com\/wp-content\/uploads\/2025\/10\/pgvape-Bang-King-Tornado-35000-35K-Puffs-Disposable-Vape-15-52x40.png 52w\" sizes=\"auto, (max-width: 1200px) 100vw, 1200px\" \/><\/strong><\/p>\n<p>&nbsp;<\/p>\n<h3><span style=\"font-size: 90%;\">Bang King Tornado 35000 | 35K Puffs Jednorazowe wideo:<\/span><\/h3>\n<p>&nbsp;<\/p>\n<h2><span style=\"font-size: 90%;\">Cz\u0119sto zadawane pytania dotycz\u0105ce Bang King Tornado 35000 | 35K Puffs Jednorazowy waporyzator<\/span><\/h2>\n<p data-sourcepos=\"42:1-43:57\">\u2753 <strong data-sourcepos=\"42:3-42:29\">Jak d\u0142ugo to trwa?<\/strong><br \/>\n\u2705 <strong data-sourcepos=\"43:3-43:25\">Do 35 000 zaci\u0105gni\u0119\u0107<\/strong> na d\u0142u\u017csze sesje wapowania.<\/p>\n<p data-sourcepos=\"45:1-46:50\">\u2753 <strong data-sourcepos=\"45:3-45:43\">Jakie opcje nikotyny s\u0105 dost\u0119pne?<\/strong><br \/>\n\u2705 <strong data-sourcepos=\"46:3-46:27\">0%\/2%\/3%\/5% nikotyna<\/strong> dost\u0119pne mocne strony.<\/p>\n<p data-sourcepos=\"48:1-49:69\">\u2753 <strong data-sourcepos=\"48:3-48:32\">Jaka jest jako\u015b\u0107 pary?<\/strong><br \/>\n\u2705 <strong data-sourcepos=\"49:3-49:21\">Cewka siatkowa 0,6 \u03a9<\/strong> zapewnia <strong data-sourcepos=\"49:30-49:46\">g\u0142adka para<\/strong> I <strong data-sourcepos=\"49:51-49:66\">bogaty smak<\/strong>.<\/p>\n<p data-sourcepos=\"51:1-52:41\">\u2753 <strong data-sourcepos=\"51:3-51:38\">Ile mie\u015bci si\u0119 w nim e-liquidu?<\/strong><br \/>\n\u2705 <strong data-sourcepos=\"52:3-52:20\">Pojemno\u015b\u0107 23 ml<\/strong> minimalizuje uzupe\u0142nianie.<\/p>\n<p data-sourcepos=\"54:1-55:54\">\u2753 <strong data-sourcepos=\"54:3-54:26\">Czy mo\u017cna go \u0142adowa\u0107?<\/strong><br \/>\n\u2705 <strong data-sourcepos=\"55:3-55:21\">Bateria 850 mAh<\/strong> z <strong data-sourcepos=\"55:27-55:51\">Szybkie \u0142adowanie typu C<\/strong>.<\/p>\n<p data-sourcepos=\"57:1-58:43\">\u2753 <strong data-sourcepos=\"57:3-57:25\">Czy jest bezpieczny w u\u017cyciu?<\/strong><br \/>\n\u2705 <strong data-sourcepos=\"58:3-58:31\">Ochrona przed suchymi oparzeniami<\/strong> do\u0142\u0105czony.<\/p>\n<p data-sourcepos=\"60:1-61:44\">\u2753 <strong data-sourcepos=\"60:3-60:49\">Czy mog\u0119 monitorowa\u0107 poziom baterii i e-p\u0142ynu?<br \/>\n<\/strong> \u2705 <strong data-sourcepos=\"61:3-61:18\">Wy\u015bwietlacz LED<\/strong> pokazuje stan w czasie rzeczywistym.<\/p>\n<p data-sourcepos=\"63:1-64:43\">\u2753 <strong data-sourcepos=\"63:3-63:38\">Ile smak\u00f3w jest dost\u0119pnych?<br \/>\n<\/strong> \u2705 <strong data-sourcepos=\"64:3-64:25\">12 smak\u00f3w premium<\/strong> do wyboru.<\/p>\n<p>&nbsp;<\/p>\n<h3 id=\"brxe-najhln\" class=\"brxe-heading\">Cz\u0119sto zadawane pytania (FAQ)<\/h3>\n<div id=\"brxe-rajiac\" class=\"brxe-text\">\n<p><strong>P: Jakie metody p\u0142atno\u015bci akceptujecie?<\/strong><br \/>\nOdp.: Akceptujemy PayPal, Stripe, przelewy bankowe (obs\u0142ugiwane SEPA), g\u0142\u00f3wne karty kredytowe (Visa, MasterCard, American Express) i p\u0142atno\u015bci w kryptowalutach.<\/p>\n<p><strong>P: Jak d\u0142ugo trwa przygotowanie zam\u00f3wienia?<\/strong><br \/>\nOdp.: Przygotowanie zam\u00f3wienia zajmuje 1-3 dni robocze.<\/p>\n<p><strong>P: Jaki jest czas wysy\u0142ki?<\/strong><br \/>\nOdp.: Czas wysy\u0142ki wynosi 7-14 dni roboczych, w zale\u017cno\u015bci od Twojej lokalizacji.<\/p>\n<p><strong>P: Jak mog\u0119 \u015bledzi\u0107 moje zam\u00f3wienie?<\/strong><br \/>\nOdp.: Po wysy\u0142ce otrzymasz wiadomo\u015b\u0107 e-mail z potwierdzeniem i numerem przesy\u0142ki umo\u017cliwiaj\u0105cym \u015bledzenie w czasie rzeczywistym.<\/p>\n<p><strong>P: Jaka jest Twoja polityka zwrot\u00f3w?<\/strong><br \/>\nOdp.: Oferujemy 30-dniow\u0105 polityk\u0119 zwrot\u00f3w lub wymiany. .<\/p>\n<p><strong>P: Czy wyst\u0105pi\u0105 jakie\u015b problemy celne?<br \/>\n<\/strong>Obs\u0142ugujemy wszystkie procedury odprawy celnej, aby zapewni\u0107 Ci bezproblemow\u0105 obs\u0142ug\u0119. .<\/p>\n<p><strong>P: Jakie metody wysy\u0142ki s\u0105 stosowane?<\/strong><br \/>\nWsp\u00f3\u0142pracujemy z firmami UPS\/DHL\/FEDEX\/DPD itp. W zale\u017cno\u015bci od kraju dostawy wybierzemy odpowiedni\u0105 opcj\u0119 wysy\u0142ki, tak aby produkty dotar\u0142y do \u200b\u200bPa\u0144stwa najszybciej jak to mo\u017cliwe.<\/p>\n<p><a href=\"https:\/\/pgvape.com\/pl\/czesto-zadawane-pytania\/\">Kliknij tutaj, aby uzyska\u0107 wi\u0119cej cz\u0119sto zadawanych pyta\u0144<\/a><\/p>\n<p>Szanowni klienci, je\u015bli masz jakiekolwiek pytania dotycz\u0105ce zam\u00f3wienia lub przybycia towaru, skontaktuj si\u0119 z naszym dzia\u0142em obs\u0142ugi klienta. Dzi\u0119kuj\u0119!<\/p>\n<h3 data-sourcepos=\"73:1-73:21\"><strong data-sourcepos=\"73:7-73:21\">Skontaktuj si\u0119 z nami<\/strong><\/h3>\n<div id=\"text-2419739398\" class=\"text\">\n<p><strong data-sourcepos=\"75:3-75:12\">E-mail<\/strong>:\u00a0<a href=\"mailto:support@pgvape.com\"><strong>support@pgvape.com<\/strong><\/a><\/p>\n<p><strong data-sourcepos=\"76:3-76:15\">WhatsApp<\/strong>: <a href=\"https:\/\/wa.me\/+8618128481258\"><strong>+86 18128481258<\/strong><\/a><br \/>\n<strong>(Odpowied\u017a w ci\u0105gu 24 godzin w dni robocze)<\/strong><\/p>\n<\/div>\n<h3><strong>Dzi\u0119kujemy za wybranie pgvape.com! .<\/strong><\/h3>\n<\/div>\n<p>&nbsp;<\/p>","protected":false},"excerpt":{"rendered":"<p><strong data-sourcepos=\"69:5-69:54\">Jednorazowy Vape Bang King Tornado 35000 Puffs<\/strong> oferty <strong data-sourcepos=\"69:62-69:78\">35 000 zaci\u0105gni\u0119\u0107<\/strong>, <strong data-sourcepos=\"69:80-69:98\">Cewka siatkowa 0,6 \u03a9<\/strong>, I <strong data-sourcepos=\"69:104-69:130\">Pojemno\u015b\u0107 e-liquidu 23 ml<\/strong>. <strong data-sourcepos=\"69:137-69:151\">12 smak\u00f3w<\/strong>, wiele <strong data-sourcepos=\"69:162-69:182\">opcje nikotynowe<\/strong>, I <strong data-sourcepos=\"69:188-69:207\">\u0141adowanie typu C<\/strong>, zapewnia najwy\u017csz\u0105 wydajno\u015b\u0107.<\/p>","protected":false},"featured_media":4095,"comment_status":"open","ping_status":"closed","template":"","meta":{"_seopress_robots_primary_cat":"none","_seopress_titles_title":"%%post_title%% %%sep%% %%sitetitle%%","_seopress_titles_desc":"","_seopress_robots_index":""},"product_brand":[19,516],"product_cat":[197,18,515],"product_tag":[342,334,90,343,341,204],"class_list":{"0":"post-4080","1":"product","2":"type-product","3":"status-publish","4":"has-post-thumbnail","6":"product_brand-bang-king-vape","7":"product_brand-disposable-vape","8":"product_cat-35k-puffs-vape","9":"product_cat-bang-king-vape","10":"product_cat-disposable-vape","11":"product_tag-35k-puffs-vape","12":"product_tag-bang-king","13":"product_tag-disposable-vape","14":"product_tag-led-display-reliable","15":"product_tag-tornado-35000","16":"product_tag-vape-factory-direct","18":"first","19":"outofstock","20":"sale","21":"shipping-taxable","22":"purchasable","23":"product-type-variable"},"_links":{"self":[{"href":"https:\/\/pgvape.com\/pl\/wp-json\/wp\/v2\/product\/4080","targetHints":{"allow":["GET"]}}],"collection":[{"href":"https:\/\/pgvape.com\/pl\/wp-json\/wp\/v2\/product"}],"about":[{"href":"https:\/\/pgvape.com\/pl\/wp-json\/wp\/v2\/types\/product"}],"replies":[{"embeddable":true,"href":"https:\/\/pgvape.com\/pl\/wp-json\/wp\/v2\/comments?post=4080"}],"wp:featuredmedia":[{"embeddable":true,"href":"https:\/\/pgvape.com\/pl\/wp-json\/wp\/v2\/media\/4095"}],"wp:attachment":[{"href":"https:\/\/pgvape.com\/pl\/wp-json\/wp\/v2\/media?parent=4080"}],"wp:term":[{"taxonomy":"product_brand","embeddable":true,"href":"https:\/\/pgvape.com\/pl\/wp-json\/wp\/v2\/product_brand?post=4080"},{"taxonomy":"product_cat","embeddable":true,"href":"https:\/\/pgvape.com\/pl\/wp-json\/wp\/v2\/product_cat?post=4080"},{"taxonomy":"product_tag","embeddable":true,"href":"https:\/\/pgvape.com\/pl\/wp-json\/wp\/v2\/product_tag?post=4080"}],"curies":[{"name":"wp","href":"https:\/\/api.w.org\/{rel}","templated":true}]}}