{"id":4036,"date":"2025-10-23T09:52:14","date_gmt":"2025-10-23T09:52:14","guid":{"rendered":"https:\/\/pgvape.com\/?post_type=product&#038;p=4036"},"modified":"2026-01-27T08:45:49","modified_gmt":"2026-01-27T08:45:49","slug":"bang-king-50000-50k-puffs-jednorazowy-vape-o-podwojnym-smaku-z-kontrola-przeplywu-powietrza-vape-factory-direct","status":"publish","type":"product","link":"https:\/\/pgvape.com\/pl\/produkt\/bang-king-50000-50k-puffs-jednorazowy-vape-o-podwojnym-smaku-z-kontrola-przeplywu-powietrza-vape-factory-direct\/","title":{"rendered":"Bang King 50000 50K Puffs Jednorazowy waporyzator o podw\u00f3jnym smaku z kontrol\u0105 przep\u0142ywu powietrza Vape Factory Direct"},"content":{"rendered":"<p><strong data-sourcepos=\"6:5-6:44\">Jednorazowy waporyzator Bang King 50K Puffs<\/strong> dominuje z <strong data-sourcepos=\"6:60-6:87\">50 000 bardzo d\u0142ugich zaci\u0105gni\u0119\u0107<\/strong>, A <strong data-sourcepos=\"6:91-6:125\">ogromna pojemno\u015b\u0107 e-liquidu o pojemno\u015bci 50 ml<\/strong>, I <strong data-sourcepos=\"6:131-6:158\">elastyczno\u015b\u0107 w dw\u00f3ch smakach<\/strong>. <strong data-sourcepos=\"6:173-6:191\">Cewka siatkowa 1,0 \u03a9<\/strong> I <strong data-sourcepos=\"6:196-6:227\">Akumulator o pojemno\u015bci 850 mAh<\/strong>, dostarcza <strong data-sourcepos=\"6:241-6:269\">g\u0142adkie, aromatyczne chmury<\/strong> z <strong data-sourcepos=\"6:275-6:307\">0%\/2%\/3%\/5% opcje nikotynowe<\/strong>. <strong data-sourcepos=\"6:334-6:356\">regulowany przep\u0142yw powietrza<\/strong>, monitoruj poziomy za pomoc\u0105 <strong data-sourcepos=\"6:381-6:398\">inteligentny wy\u015bwietlacz<\/strong>, i szybko \u0142aduj <strong data-sourcepos=\"6:426-6:445\">\u0141adowanie typu C<\/strong>. <strong data-sourcepos=\"6:459-6:486\">12 par smak\u00f3w premium<\/strong>, zapakowane <strong data-sourcepos=\"6:497-6:518\">10 sztuk w pude\u0142ku<\/strong> dla doskona\u0142o\u015bci w handlu detalicznym i hurtowym.<\/p>\n<p>&nbsp;<\/p>\n<h2><span style=\"font-size: 90%;\">Bang King 50000 | 50K Puffs Jednorazowy waporyzator o podw\u00f3jnym smaku <strong data-sourcepos=\"10:5-10:27\">Dane techniczne<\/strong><\/span><\/h2>\n<p><strong data-sourcepos=\"11:3-11:18\">Liczba zaci\u0105gni\u0119\u0107:<\/strong>\u00a0<strong data-sourcepos=\"11:19-11:35\">50 000 zaci\u0105gni\u0119\u0107<\/strong>\u00a0(Niezr\u00f3wnana trwa\u0142o\u015b\u0107)<\/p>\n<p><strong data-sourcepos=\"12:3-12:16\">Nikotyna:<\/strong>\u00a0<strong data-sourcepos=\"12:17-12:38\">0% \/ 2% \/ 3% \/ 5%<\/strong>\u00a0(Dostosowana intensywno\u015b\u0107)<\/p>\n<p><strong data-sourcepos=\"13:3-13:21\">System smakowy:<\/strong>\u00a0<strong data-sourcepos=\"13:22-13:38\">Podw\u00f3jne smaki<\/strong>\u00a0(Zamie\u0144 lub wymieszaj smaki)<\/p>\n<p><strong data-sourcepos=\"14:3-14:16\">E-p\u0142yn:<\/strong>\u00a0<strong data-sourcepos=\"14:17-14:34\">Pojemno\u015b\u0107 50 ml<\/strong>\u00a0(Mniej uzupe\u0142nie\u0144)<\/p>\n<p><strong data-sourcepos=\"15:3-15:12\">Cewka:<\/strong>\u00a0<strong data-sourcepos=\"15:13-15:26\">Siatka 1,0 \u03a9<\/strong>\u00a0(30% wi\u0119cej smaku w por\u00f3wnaniu ze standardowymi cewkami)<\/p>\n<p><strong data-sourcepos=\"16:3-16:15\">Bateria:<\/strong>\u00a0<strong data-sourcepos=\"16:16-16:39\">Akumulator 850 mAh<\/strong>\u00a0+\u00a0<strong data-sourcepos=\"16:42-16:66\">Szybkie \u0142adowanie typu C<\/strong><\/p>\n<p><strong data-sourcepos=\"17:3-17:15\">Przep\u0142yw powietrza:<\/strong>\u00a0<strong data-sourcepos=\"17:16-17:30\">Nastawny<\/strong>\u00a0(dostosowanie MTL\/DTL)<\/p>\n<p><strong data-sourcepos=\"18:3-18:15\">Wy\u015bwietlacz:<\/strong>\u00a0<strong data-sourcepos=\"18:16-18:40\">Monitorowanie w czasie rzeczywistym<\/strong>\u00a0(Poziomy baterii i e-p\u0142ynu)<\/p>\n<p><strong data-sourcepos=\"19:3-19:17\">Opakowanie:<\/strong>\u00a0<strong data-sourcepos=\"19:18-19:32\">10 sztuk\/pude\u0142ko<\/strong>\u00a0(Gotowy do sprzeda\u017cy detalicznej)<\/p>\n<p>&nbsp;<\/p>\n<h3><span style=\"font-size: 90%;\">Bang King 50000 | 50K Puffs Jednorazowy waporyzator o podw\u00f3jnym smaku <strong data-sourcepos=\"23:5-23:28\">Duety smakowe<\/strong><\/span><\/h3>\n<p><strong data-sourcepos=\"24:4-24:39\">1.L\u00f3d arbuzowy | Jagodowo-mi\u0119towy<\/strong><\/p>\n<p><strong data-sourcepos=\"25:4-25:41\">2.L\u00f3d arbuzowy | Wi\u015bnia jagodowa<\/strong><\/p>\n<p><strong data-sourcepos=\"26:4-26:46\">3. L\u00f3d jagodowy | Arbuz brzoskwiniowo-mango<\/strong><\/p>\n<p><strong data-sourcepos=\"27:4-27:33\">4.L\u00f3d jagodowy | L\u00f3d brzoskwiniowy<\/strong><\/p>\n<p><strong data-sourcepos=\"28:4-28:41\">5.Jagoda Malina | Mieszanka Jag\u00f3d<\/strong><\/p>\n<p><strong data-sourcepos=\"29:4-29:39\">6.Jagoda Malina | L\u00f3d winogronowy<\/strong><\/p>\n<p><strong data-sourcepos=\"30:4-30:36\">7.Red Bull | Truskawkowy Banan<\/strong><\/p>\n<p><strong data-sourcepos=\"31:4-31:39\">8.Red Bull | Arbuz jagodowy<\/strong><\/p>\n<p><strong data-sourcepos=\"32:4-32:48\">9.Truskawkowa Mango | Arbuzowa Guma Balonowa<\/strong><\/p>\n<p><strong data-sourcepos=\"33:5-33:43\">10.Truskawkowe Mango | Truskawkowe Kiwi<\/strong><\/p>\n<p><strong data-sourcepos=\"34:5-34:49\">11.Truskawkowy Arbuz | Czarny Smok L\u00f3d<\/strong><\/p>\n<p><strong data-sourcepos=\"35:5-35:57\">12.Truskawkowy Arbuz | Kiwi Marakuja Gujawa<img loading=\"lazy\" decoding=\"async\" class=\"alignnone wp-image-4044 size-full\" src=\"https:\/\/pgvape.com\/wp-content\/uploads\/2025\/10\/pgvape-Bang-King-50000-50K-Puffs-Double-Flavor-Disposable-Vape-12Tastes-with-Airflow-Control-Vape-Factory-Direct-6.png\" alt=\"Siatka kolorowych prostok\u0105tnych jednorazowych urz\u0105dze\u0144 do waporyzacji u\u0142o\u017conych w rz\u0119dach, ka\u017cde z jasn\u0105, gradientow\u0105 g\u00f3r\u0105, czarn\u0105 doln\u0105 cz\u0119\u015bci\u0105, ikon\u0105 maskotki z kresk\u00f3wek i etykietami z napisem DANG KING, DUAL FLAVOR i 50K.\" width=\"1200\" height=\"767\" srcset=\"https:\/\/pgvape.com\/wp-content\/uploads\/2025\/10\/pgvape-Bang-King-50000-50K-Puffs-Double-Flavor-Disposable-Vape-12Tastes-with-Airflow-Control-Vape-Factory-Direct-6.png 1200w, https:\/\/pgvape.com\/wp-content\/uploads\/2025\/10\/pgvape-Bang-King-50000-50K-Puffs-Double-Flavor-Disposable-Vape-12Tastes-with-Airflow-Control-Vape-Factory-Direct-6-555x355.png 555w, https:\/\/pgvape.com\/wp-content\/uploads\/2025\/10\/pgvape-Bang-King-50000-50K-Puffs-Double-Flavor-Disposable-Vape-12Tastes-with-Airflow-Control-Vape-Factory-Direct-6-595x380.png 595w, https:\/\/pgvape.com\/wp-content\/uploads\/2025\/10\/pgvape-Bang-King-50000-50K-Puffs-Double-Flavor-Disposable-Vape-12Tastes-with-Airflow-Control-Vape-Factory-Direct-6-400x256.png 400w, https:\/\/pgvape.com\/wp-content\/uploads\/2025\/10\/pgvape-Bang-King-50000-50K-Puffs-Double-Flavor-Disposable-Vape-12Tastes-with-Airflow-Control-Vape-Factory-Direct-6-768x491.png 768w, https:\/\/pgvape.com\/wp-content\/uploads\/2025\/10\/pgvape-Bang-King-50000-50K-Puffs-Double-Flavor-Disposable-Vape-12Tastes-with-Airflow-Control-Vape-Factory-Direct-6-18x12.png 18w, https:\/\/pgvape.com\/wp-content\/uploads\/2025\/10\/pgvape-Bang-King-50000-50K-Puffs-Double-Flavor-Disposable-Vape-12Tastes-with-Airflow-Control-Vape-Factory-Direct-6-600x384.png 600w, https:\/\/pgvape.com\/wp-content\/uploads\/2025\/10\/pgvape-Bang-King-50000-50K-Puffs-Double-Flavor-Disposable-Vape-12Tastes-with-Airflow-Control-Vape-Factory-Direct-6-60x38.png 60w\" sizes=\"auto, (max-width: 1200px) 100vw, 1200px\" \/><\/strong><\/p>\n<p>&nbsp;<\/p>\n<h3><span style=\"font-size: 90%;\">Bang King 50000 | 50K Puffs Double Flavour Jednorazowe wideo:<\/span><\/h3>\n<p>&nbsp;<\/p>\n<h2><span style=\"font-size: 90%;\">Cz\u0119sto zadawane pytania dotycz\u0105ce Bang King 50000 | 50K Puffs Jednorazowy waporyzator o podw\u00f3jnym smaku<\/span><\/h2>\n<p data-sourcepos=\"40:1-41:111\">\u2753 <strong data-sourcepos=\"40:3-40:43\">Jak dzia\u0142a prze\u0142\u0105czanie dw\u00f3ch smak\u00f3w?<\/strong><br \/>\n\u2705 Natychmiastowe prze\u0142\u0105czanie pomi\u0119dzy <strong data-sourcepos=\"41:28-41:40\">Smak A<\/strong> I <strong data-sourcepos=\"41:45-41:57\">Smak B<\/strong>\u2014 lub ciesz si\u0119 <strong data-sourcepos=\"41:67-41:90\">oba jednocze\u015bnie<\/strong> dla wyj\u0105tkowych mieszanek.<\/p>\n<p data-sourcepos=\"43:1-44:116\">\u2753 <strong data-sourcepos=\"43:3-43:40\">Co sprawia, \u017ce \u200b\u200bpara jest wyj\u0105tkowa?<\/strong><br \/>\n\u2705 <strong data-sourcepos=\"44:3-44:21\">Cewka siatkowa 1,0 \u03a9<\/strong> + <strong data-sourcepos=\"44:24-44:46\">regulowany przep\u0142yw powietrza<\/strong> = <strong data-sourcepos=\"44:49-44:67\">grubsze chmury<\/strong> I <strong data-sourcepos=\"44:72-44:89\">bogatszy smak<\/strong> (ciasny MTL lub przewiewny DTL).<\/p>\n<p data-sourcepos=\"46:1-47:103\">\u2753 <strong data-sourcepos=\"46:3-46:38\">Jak d\u0142ugo wytrzymuje bateria?<br \/>\n<\/strong> \u2705 <strong data-sourcepos=\"47:3-47:21\">Bateria 850 mAh<\/strong> obs\u0142uguje <strong data-sourcepos=\"47:31-47:43\">3-4 dni<\/strong> umiarkowanego u\u017cytkowania; <strong data-sourcepos=\"47:61-47:71\">Typ C<\/strong> \u0142aduje si\u0119 <strong data-sourcepos=\"47:85-47:100\">~50 minut<\/strong>.<\/p>\n<p data-sourcepos=\"49:1-50:98\">\u2753 <strong data-sourcepos=\"49:3-49:27\">Dla kogo jest idealny?<br \/>\n<\/strong> \u2705 <strong data-sourcepos=\"50:3-50:20\">\u0141owcy chmur<\/strong> brakuj\u0105cy <strong data-sourcepos=\"50:29-50:47\">odmiana smaku<\/strong> + <strong data-sourcepos=\"50:50-50:63\">detali\u015bci<\/strong> poszukuj\u0105cych wysokomar\u017cowych artyku\u0142\u00f3w jednorazowego u\u017cytku.<\/p>\n<p>&nbsp;<\/p>\n<h3 id=\"brxe-najhln\" class=\"brxe-heading\">Cz\u0119sto zadawane pytania (FAQ)<\/h3>\n<div id=\"brxe-rajiac\" class=\"brxe-text\">\n<p><strong>P: Jakie metody p\u0142atno\u015bci akceptujecie?<\/strong><br \/>\nOdp.: Akceptujemy PayPal, Stripe, przelewy bankowe (obs\u0142ugiwane SEPA), g\u0142\u00f3wne karty kredytowe (Visa, MasterCard, American Express) i p\u0142atno\u015bci w kryptowalutach.<\/p>\n<p><strong>P: Jak d\u0142ugo trwa przygotowanie zam\u00f3wienia?<\/strong><br \/>\nOdp.: Przygotowanie zam\u00f3wienia zajmuje 1-3 dni robocze.<\/p>\n<p><strong>P: Jaki jest czas wysy\u0142ki?<\/strong><br \/>\nOdp.: Czas wysy\u0142ki wynosi 7-14 dni roboczych, w zale\u017cno\u015bci od Twojej lokalizacji.<\/p>\n<p><strong>P: Jak mog\u0119 \u015bledzi\u0107 moje zam\u00f3wienie?<\/strong><br \/>\nOdp.: Po wysy\u0142ce otrzymasz wiadomo\u015b\u0107 e-mail z potwierdzeniem i numerem przesy\u0142ki umo\u017cliwiaj\u0105cym \u015bledzenie w czasie rzeczywistym.<\/p>\n<p><strong>P: Jaka jest Twoja polityka zwrot\u00f3w?<\/strong><br \/>\nOdp.: Oferujemy 30-dniow\u0105 polityk\u0119 zwrot\u00f3w lub wymiany. .<\/p>\n<p><strong>P: Czy wyst\u0105pi\u0105 jakie\u015b problemy celne?<br \/>\n<\/strong>Obs\u0142ugujemy wszystkie procedury odprawy celnej, aby zapewni\u0107 Ci bezproblemow\u0105 obs\u0142ug\u0119. .<\/p>\n<p><strong>P: Jakie metody wysy\u0142ki s\u0105 stosowane?<\/strong><br \/>\nWsp\u00f3\u0142pracujemy z firmami UPS\/DHL\/FEDEX\/DPD itp. W zale\u017cno\u015bci od kraju dostawy wybierzemy odpowiedni\u0105 opcj\u0119 wysy\u0142ki, tak aby produkty dotar\u0142y do \u200b\u200bPa\u0144stwa najszybciej jak to mo\u017cliwe.<\/p>\n<p><a href=\"https:\/\/pgvape.com\/pl\/czesto-zadawane-pytania\/\">Kliknij tutaj, aby uzyska\u0107 wi\u0119cej cz\u0119sto zadawanych pyta\u0144<\/a><\/p>\n<p>Szanowni klienci, je\u015bli masz jakiekolwiek pytania dotycz\u0105ce zam\u00f3wienia lub przybycia towaru, skontaktuj si\u0119 z naszym dzia\u0142em obs\u0142ugi klienta. Dzi\u0119kuj\u0119!<\/p>\n<h3 data-sourcepos=\"73:1-73:21\"><strong data-sourcepos=\"73:7-73:21\">Skontaktuj si\u0119 z nami<\/strong><\/h3>\n<div id=\"text-2419739398\" class=\"text\">\n<p><strong data-sourcepos=\"75:3-75:12\">E-mail<\/strong>:\u00a0<a href=\"mailto:support@pgvape.com\"><strong>support@pgvape.com<\/strong><\/a><\/p>\n<p><strong data-sourcepos=\"76:3-76:15\">WhatsApp<\/strong>: <a href=\"https:\/\/wa.me\/+8618128481258\"><strong>+86 18128481258<\/strong><\/a><br \/>\n<strong>(Odpowied\u017a w ci\u0105gu 24 godzin w dni robocze)<\/strong><\/p>\n<\/div>\n<h3><strong>Dzi\u0119kujemy za wybranie pgvape.com! .<\/strong><\/h3>\n<\/div>\n<div id=\"brxe-rajiac\" class=\"brxe-text\">\n<h3><\/h3>\n<\/div>","protected":false},"excerpt":{"rendered":"<p><strong data-sourcepos=\"55:73-55:90\">Bang King 50 tys<\/strong><strong data-sourcepos=\"55:73-55:90\">Bang King 50 tys <\/strong>Z <strong data-sourcepos=\"55:6-55:19\">50 tys. zaci\u0105gni\u0119\u0107<\/strong>, <strong data-sourcepos=\"55:21-55:44\">wolno\u015b\u0107 dw\u00f3ch smak\u00f3w<\/strong>, I <strong data-sourcepos=\"55:50-55:67\">Pojemno\u015b\u0107 50ml<\/strong>, wyr\u00f3\u017cnia si\u0119 wydajno\u015bci\u0105 i wygod\u0105. <strong data-sourcepos=\"55:130-55:149\">12 par smakowych<\/strong> I <strong data-sourcepos=\"55:154-55:172\">inteligentne funkcje<\/strong> sprawiaj\u0105, \u017ce jest to wyb\u00f3r najwy\u017cszej klasy.<\/p>","protected":false},"featured_media":4039,"comment_status":"open","ping_status":"closed","template":"","meta":{"_seopress_robots_primary_cat":"none","_seopress_titles_title":"%%post_title%% %%sep%% %%sitetitle%%","_seopress_titles_desc":"","_seopress_robots_index":""},"product_brand":[19,516],"product_cat":[61,18,515],"product_tag":[64,65,338,90,339,204,340],"class_list":{"0":"post-4036","1":"product","2":"type-product","3":"status-publish","4":"has-post-thumbnail","6":"product_brand-bang-king-vape","7":"product_brand-disposable-vape","8":"product_cat-50k-puffs-vape","9":"product_cat-bang-king-vape","10":"product_cat-disposable-vape","11":"product_tag-50k-puffs","12":"product_tag-50k-vape","13":"product_tag-bang-king-50000","14":"product_tag-disposable-vape","15":"product_tag-double-flavor","16":"product_tag-vape-factory-direct","17":"product_tag-with-airflow-contro","19":"first","20":"instock","21":"sale","22":"shipping-taxable","23":"purchasable","24":"product-type-variable"},"_links":{"self":[{"href":"https:\/\/pgvape.com\/pl\/wp-json\/wp\/v2\/product\/4036","targetHints":{"allow":["GET"]}}],"collection":[{"href":"https:\/\/pgvape.com\/pl\/wp-json\/wp\/v2\/product"}],"about":[{"href":"https:\/\/pgvape.com\/pl\/wp-json\/wp\/v2\/types\/product"}],"replies":[{"embeddable":true,"href":"https:\/\/pgvape.com\/pl\/wp-json\/wp\/v2\/comments?post=4036"}],"wp:featuredmedia":[{"embeddable":true,"href":"https:\/\/pgvape.com\/pl\/wp-json\/wp\/v2\/media\/4039"}],"wp:attachment":[{"href":"https:\/\/pgvape.com\/pl\/wp-json\/wp\/v2\/media?parent=4036"}],"wp:term":[{"taxonomy":"product_brand","embeddable":true,"href":"https:\/\/pgvape.com\/pl\/wp-json\/wp\/v2\/product_brand?post=4036"},{"taxonomy":"product_cat","embeddable":true,"href":"https:\/\/pgvape.com\/pl\/wp-json\/wp\/v2\/product_cat?post=4036"},{"taxonomy":"product_tag","embeddable":true,"href":"https:\/\/pgvape.com\/pl\/wp-json\/wp\/v2\/product_tag?post=4036"}],"curies":[{"name":"wp","href":"https:\/\/api.w.org\/{rel}","templated":true}]}}