{"id":3988,"date":"2025-10-23T08:35:06","date_gmt":"2025-10-23T08:35:06","guid":{"rendered":"https:\/\/pgvape.com\/?post_type=product&#038;p=3988"},"modified":"2025-12-15T12:39:43","modified_gmt":"2025-12-15T12:39:43","slug":"bang-king-triple-45000-45-tys-zaciagniec-3-w-1-smaki-jednorazowy-vape-wielokrotnego-ladowania-vape-factory-direct","status":"publish","type":"product","link":"https:\/\/pgvape.com\/pl\/produkt\/bang-king-triple-45000-45-tys-zaciagniec-3-w-1-smaki-jednorazowy-vape-wielokrotnego-ladowania-vape-factory-direct\/","title":{"rendered":"Bang King Triple 45000 45K Puffs 3 w 1 Smaki Jednorazowy Vape Akumulator Vape Factory Direct"},"content":{"rendered":"<p><strong data-sourcepos=\"6:5-6:53\">Jednorazowy waporyzator Bang King Triple 45000 Puffs<\/strong> na nowo definiuje wszechstronno\u015b\u0107 <strong data-sourcepos=\"6:81-6:103\">3 obrotowe smaki<\/strong>, <strong data-sourcepos=\"6:105-6:132\">45 000 bardzo d\u0142ugich zaci\u0105gni\u0119\u0107<\/strong>, oraz <strong data-sourcepos=\"6:140-6:166\">Pojemno\u015b\u0107 e-liquidu 45 ml<\/strong> (15 ml\u00d73). <strong data-sourcepos=\"6:188-6:214\">potr\u00f3jne cewki siatkowe 1,0 \u03a9<\/strong> i a <strong data-sourcepos=\"6:221-6:252\">Akumulator o pojemno\u015bci 650 mAh<\/strong>, dostarcza <strong data-sourcepos=\"6:266-6:288\">bogata, g\u0142adka para<\/strong> z <strong data-sourcepos=\"6:294-6:326\">0%\/2%\/3%\/5% opcje nikotynowe<\/strong>. <strong data-sourcepos=\"6:332-6:366\">innowacyjny obrotowy ustnik<\/strong> umo\u017cliwia natychmiastow\u0105 zmian\u0119 smaku, podczas gdy <strong data-sourcepos=\"6:407-6:431\">Szybkie \u0142adowanie typu C<\/strong> zapewnia minimalne przestoje. <strong data-sourcepos=\"6:470-6:497\">10 tri\u00f3w smakowych premium<\/strong>, zapakowane <strong data-sourcepos=\"6:508-6:529\">10 sztuk w pude\u0142ku<\/strong> dla doskona\u0142o\u015bci w handlu detalicznym.<\/p>\n<p>&nbsp;<\/p>\n<h2><span style=\"font-size: 90%;\">Bang King Triple 45000 | 45K Puffs 3 w 1 Smaki Jednorazowy Vape <strong data-sourcepos=\"10:5-10:27\">Dane techniczne<\/strong><\/span><\/h2>\n<p><strong data-sourcepos=\"11:3-11:18\">Liczba zaci\u0105gni\u0119\u0107:<\/strong>\u00a0<strong data-sourcepos=\"11:19-11:35\">45 000 zaci\u0105gni\u0119\u0107<\/strong>\u00a0(Rozszerzona wydajno\u015b\u0107)<\/p>\n<p><strong data-sourcepos=\"12:3-12:16\">Nikotyna:<\/strong>\u00a0<strong data-sourcepos=\"12:17-12:38\">0% \/ 2% \/ 3% \/ 5%<\/strong>\u00a0(Dostosowana intensywno\u015b\u0107)<\/p>\n<p><strong data-sourcepos=\"13:3-13:21\">System smakowy:<\/strong><\/p>\n<p><strong data-sourcepos=\"14:5-14:27\">3 rotacyjne smaki<\/strong>\u00a0(Prze\u0142\u0105czaj p\u0142ynnie za pomoc\u0105 obrotowego ustnika)<\/p>\n<p><strong data-sourcepos=\"15:5-15:28\">Ca\u0142kowita pojemno\u015b\u0107 45 ml<\/strong>\u00a0(15 ml\u00d73 oddzielne zbiorniki)<\/p>\n<p><strong data-sourcepos=\"16:3-16:12\">Cewka:<\/strong>\u00a0<strong data-sourcepos=\"16:13-16:33\">Potr\u00f3jna siatka 1,0 \u03a9<\/strong>\u00a0(35% wi\u0119cej smaku w por\u00f3wnaniu z pojedynczymi cewkami)<\/p>\n<p><strong data-sourcepos=\"17:3-17:15\">Bateria:<\/strong>\u00a0<strong data-sourcepos=\"17:16-17:39\">Akumulator 650 mAh<\/strong>\u00a0+\u00a0<strong data-sourcepos=\"17:42-17:61\">\u0141adowanie typu C<\/strong><\/p>\n<p><strong data-sourcepos=\"18:3-18:14\">Projekt:<\/strong>\u00a0<strong data-sourcepos=\"18:15-18:38\">Obs\u0142uga bez u\u017cycia przycisku<\/strong>\u00a0(Aktywowane wdechem)<\/p>\n<p><strong data-sourcepos=\"19:3-19:17\">Opakowanie:<\/strong>\u00a0<strong data-sourcepos=\"19:18-19:32\">10 sztuk\/pude\u0142ko<\/strong>\u00a0(Gotowy do sprzeda\u017cy detalicznej)<\/p>\n<p>&nbsp;<\/p>\n<h3><span style=\"font-size: 90%;\">Bang King Triple 45000 | 45K Puffs 3 w 1 Smaki Jednorazowy Vape <strong data-sourcepos=\"23:5-23:29\">Tria smakowe<\/strong><\/span><\/h3>\n<p><strong data-sourcepos=\"24:4-24:47\">1.Arbuz | Red Bull | Truskawka Kiwi<\/strong><\/p>\n<p><strong data-sourcepos=\"25:4-25:58\">2. Cytryna Limonka | Truskawka Arbuz | Jagoda L\u00f3d<\/strong><\/p>\n<p><strong data-sourcepos=\"26:4-26:64\">3.Truskawka Banan | Malina Arbuz | R\u00f3\u017cowa Lemoniada<\/strong><\/p>\n<p><strong data-sourcepos=\"27:4-27:57\">4.Truskawka Kiwi | Kwa\u015bne Mango Ananas | Red Bull<\/strong><\/p>\n<p><strong data-sourcepos=\"28:4-28:60\">5. Owoc tropikalny | Truskawka Arbuz | Cytryna Brzoskwinia<\/strong><\/p>\n<p><strong data-sourcepos=\"29:4-29:57\">6.Ananas Kokos | Truskawka Banan | Niebieski Razz<\/strong><\/p>\n<p><strong data-sourcepos=\"30:4-30:66\">7.Truskawka Malina | Potr\u00f3jny Melon | Kwa\u015bne Mango Ananas<\/strong><\/p>\n<p><strong data-sourcepos=\"31:4-31:60\">8.Malinowy Arbuz | Mango Brzoskwiniowy | Truskawkowy Kiwi<\/strong><\/p>\n<p><strong data-sourcepos=\"32:4-32:66\">9. Koks truskawkowo-waniliowy | Jagodowo-Malinowy | Cytrynowo-Limonkowy<\/strong><\/p>\n<p><strong data-sourcepos=\"33:5-33:57\">10.Arbuz | Lody Truskawkowe | Potr\u00f3jny Melon<\/strong><\/p>\n<p><strong data-sourcepos=\"33:5-33:57\"><br \/>\n<img loading=\"lazy\" decoding=\"async\" class=\"alignnone wp-image-3993 size-full\" src=\"https:\/\/pgvape.com\/wp-content\/uploads\/2025\/10\/pgvape-Bang-King-Triple-45000-45K-Puffs-3-in-1-Flavors-Disposable-Vape-Factory-Direct-3.png\" alt=\"\" width=\"886\" height=\"1200\" srcset=\"https:\/\/pgvape.com\/wp-content\/uploads\/2025\/10\/pgvape-Bang-King-Triple-45000-45K-Puffs-3-in-1-Flavors-Disposable-Vape-Factory-Direct-3.png 886w, https:\/\/pgvape.com\/wp-content\/uploads\/2025\/10\/pgvape-Bang-King-Triple-45000-45K-Puffs-3-in-1-Flavors-Disposable-Vape-Factory-Direct-3-266x360.png 266w, https:\/\/pgvape.com\/wp-content\/uploads\/2025\/10\/pgvape-Bang-King-Triple-45000-45K-Puffs-3-in-1-Flavors-Disposable-Vape-Factory-Direct-3-595x806.png 595w, https:\/\/pgvape.com\/wp-content\/uploads\/2025\/10\/pgvape-Bang-King-Triple-45000-45K-Puffs-3-in-1-Flavors-Disposable-Vape-Factory-Direct-3-295x400.png 295w, https:\/\/pgvape.com\/wp-content\/uploads\/2025\/10\/pgvape-Bang-King-Triple-45000-45K-Puffs-3-in-1-Flavors-Disposable-Vape-Factory-Direct-3-768x1040.png 768w, https:\/\/pgvape.com\/wp-content\/uploads\/2025\/10\/pgvape-Bang-King-Triple-45000-45K-Puffs-3-in-1-Flavors-Disposable-Vape-Factory-Direct-3-9x12.png 9w, https:\/\/pgvape.com\/wp-content\/uploads\/2025\/10\/pgvape-Bang-King-Triple-45000-45K-Puffs-3-in-1-Flavors-Disposable-Vape-Factory-Direct-3-600x813.png 600w, https:\/\/pgvape.com\/wp-content\/uploads\/2025\/10\/pgvape-Bang-King-Triple-45000-45K-Puffs-3-in-1-Flavors-Disposable-Vape-Factory-Direct-3-30x40.png 30w\" sizes=\"auto, (max-width: 886px) 100vw, 886px\" \/><\/strong><\/p>\n<p>&nbsp;<\/p>\n<h3><span style=\"font-size: 90%;\">Bang King Triple 45000 | 45K Puffs 3 w 1 Smaki Jednorazowe wideo Vape:<\/span><\/h3>\n<p>&nbsp;<\/p>\n<h2><span style=\"font-size: 90%;\">Cz\u0119sto zadawane pytania dotycz\u0105ce Bang King Triple 45000 | 45K Puffs 3 w 1 Smaki Jednorazowy Vape<\/span><\/h2>\n<p data-sourcepos=\"38:1-39:110\">\u2753 <strong data-sourcepos=\"38:3-38:48\">Jak dzia\u0142a obrotowy system smakowy?<\/strong><br \/>\n\u2705 Po prostu <strong data-sourcepos=\"39:10-39:34\">przekr\u0119ci\u0107 ustnik<\/strong> na zmian\u0119 <strong data-sourcepos=\"39:56-39:77\">Smak A, B lub C<\/strong>\u2014 nie s\u0105 potrzebne \u017cadne przyciski ani ustawienia.<\/p>\n<p data-sourcepos=\"41:1-42:92\">\u2753 <strong data-sourcepos=\"41:3-41:42\">Co zapewnia najwy\u017csz\u0105 jako\u015b\u0107 pary?<\/strong><br \/>\n\u2705 <strong data-sourcepos=\"42:3-42:24\">Cewki z potr\u00f3jn\u0105 siatk\u0105<\/strong> dostarcza\u0107 <strong data-sourcepos=\"42:33-42:51\">grubsze chmury<\/strong> I <strong data-sourcepos=\"42:56-42:73\">g\u0142\u0119bszy smak<\/strong> z ka\u017cdym zaci\u0105gni\u0119ciem.<\/p>\n<p data-sourcepos=\"44:1-45:69\">\u2753 <strong data-sourcepos=\"44:3-44:32\">Czy mog\u0119 wapowa\u0107 bez nikotyny?<\/strong><br \/>\n\u2705 Tak! <strong data-sourcepos=\"45:12-45:34\">Opcja nikotynowa 0%<\/strong> dostarcza czyste, aromatyczne chmury.<\/p>\n<p data-sourcepos=\"47:1-48:79\">\u2753 <strong data-sourcepos=\"47:3-47:31\">Jak szybko si\u0119 \u0142aduje?<\/strong><br \/>\n\u2705 <strong data-sourcepos=\"48:3-48:18\">Port typu C<\/strong> w pe\u0142ni \u0142aduje <strong data-sourcepos=\"48:39-48:57\">Bateria 650 mAh<\/strong> W <strong data-sourcepos=\"48:61-48:76\">~45 minut<\/strong>.<\/p>\n<p data-sourcepos=\"50:1-51:103\">\u2753 <strong data-sourcepos=\"50:3-50:29\">Dla kogo jest idealny?<br \/>\n<\/strong> \u2705 <strong data-sourcepos=\"51:3-51:23\">Odkrywcy smak\u00f3w<\/strong> I <strong data-sourcepos=\"51:28-51:41\">detali\u015bci<\/strong> poszukuj\u0105cych wysokowydajnych wyrob\u00f3w jednorazowego u\u017cytku z potencja\u0142em zysku.<\/p>\n<p>&nbsp;<\/p>\n<h3 id=\"brxe-najhln\" class=\"brxe-heading\">Cz\u0119sto zadawane pytania (FAQ)<\/h3>\n<div id=\"brxe-rajiac\" class=\"brxe-text\">\n<p><strong>P: Jakie metody p\u0142atno\u015bci akceptujecie?<\/strong><br \/>\nOdp.: Akceptujemy PayPal, Stripe, przelewy bankowe (obs\u0142ugiwane SEPA), g\u0142\u00f3wne karty kredytowe (Visa, MasterCard, American Express) i p\u0142atno\u015bci w kryptowalutach.<\/p>\n<p><strong>P: Jak d\u0142ugo trwa przygotowanie zam\u00f3wienia?<\/strong><br \/>\nOdp.: Przygotowanie zam\u00f3wienia zajmuje 1-3 dni robocze.<\/p>\n<p><strong>P: Jaki jest czas wysy\u0142ki?<\/strong><br \/>\nOdp.: Czas wysy\u0142ki wynosi 7-14 dni roboczych, w zale\u017cno\u015bci od Twojej lokalizacji.<\/p>\n<p><strong>P: Jak mog\u0119 \u015bledzi\u0107 moje zam\u00f3wienie?<\/strong><br \/>\nOdp.: Po wysy\u0142ce otrzymasz wiadomo\u015b\u0107 e-mail z potwierdzeniem i numerem przesy\u0142ki umo\u017cliwiaj\u0105cym \u015bledzenie w czasie rzeczywistym.<\/p>\n<p><strong>P: Jaka jest Twoja polityka zwrot\u00f3w?<\/strong><br \/>\nOdp.: Oferujemy 30-dniow\u0105 polityk\u0119 zwrot\u00f3w lub wymiany. .<\/p>\n<p><strong>P: Czy wyst\u0105pi\u0105 jakie\u015b problemy celne?<br \/>\n<\/strong>Obs\u0142ugujemy wszystkie procedury odprawy celnej, aby zapewni\u0107 Ci bezproblemow\u0105 obs\u0142ug\u0119. .<\/p>\n<p><strong>P: Jakie metody wysy\u0142ki s\u0105 stosowane?<\/strong><br \/>\nWsp\u00f3\u0142pracujemy z firmami UPS\/DHL\/FEDEX\/DPD itp. W zale\u017cno\u015bci od kraju dostawy wybierzemy odpowiedni\u0105 opcj\u0119 wysy\u0142ki, tak aby produkty dotar\u0142y do \u200b\u200bPa\u0144stwa najszybciej jak to mo\u017cliwe.<\/p>\n<p><a href=\"https:\/\/pgvape.com\/pl\/czesto-zadawane-pytania\/\">Kliknij tutaj, aby uzyska\u0107 wi\u0119cej cz\u0119sto zadawanych pyta\u0144<\/a><\/p>\n<p>Szanowni klienci, je\u015bli masz jakiekolwiek pytania dotycz\u0105ce zam\u00f3wienia lub przybycia towaru, skontaktuj si\u0119 z naszym dzia\u0142em obs\u0142ugi klienta. Dzi\u0119kuj\u0119!<\/p>\n<h3 data-sourcepos=\"73:1-73:21\"><strong data-sourcepos=\"73:7-73:21\">Skontaktuj si\u0119 z nami<\/strong><\/h3>\n<div id=\"text-2419739398\" class=\"text\">\n<p><strong data-sourcepos=\"75:3-75:12\">E-mail<\/strong>:\u00a0<a href=\"mailto:support@pgvape.com\"><strong>support@pgvape.com<\/strong><\/a><\/p>\n<p><strong data-sourcepos=\"76:3-76:15\">WhatsApp<\/strong>: <a href=\"https:\/\/wa.me\/+8618128481258\"><strong>+86 18128481258<\/strong><\/a><br \/>\n<strong>(Odpowied\u017a w ci\u0105gu 24 godzin w dni robocze)<\/strong><\/p>\n<\/div>\n<h3><strong>Dzi\u0119kujemy za wybranie pgvape.com! .<\/strong><\/h3>\n<\/div>\n<p>&nbsp;<\/p>","protected":false},"excerpt":{"rendered":"<p><strong data-sourcepos=\"56:82-56:106\">Bang King Triple 45 tys <\/strong>Z <strong data-sourcepos=\"56:6-56:19\">45 tys. zaci\u0105gni\u0119\u0107<\/strong>, <strong data-sourcepos=\"56:21-56:53\">Technologia 3-rotacyjnych smak\u00f3w<\/strong>, I <strong data-sourcepos=\"56:59-56:76\">Pojemno\u015b\u0107 45ml<\/strong>, wyznacza standardy dla jednorazowych wyrob\u00f3w premium. <strong data-sourcepos=\"56:150-56:169\">10 trio smakowych<\/strong> I <strong data-sourcepos=\"56:174-56:199\">bezproblemowa obs\u0142uga<\/strong> oferuj\u0105 niesko\u0144czon\u0105 r\u00f3\u017cnorodno\u015b\u0107.<\/p>","protected":false},"featured_media":4005,"comment_status":"open","ping_status":"closed","template":"","meta":{"_seopress_robots_primary_cat":"none","_seopress_titles_title":"%%post_title%% %%sep%% %%sitetitle%%","_seopress_titles_desc":"","_seopress_robots_index":""},"product_brand":[19,516],"product_cat":[308,18,515],"product_tag":[24,335,336,337,327,90,259,204],"class_list":{"0":"post-3988","1":"product","2":"type-product","3":"status-publish","4":"has-post-thumbnail","6":"product_brand-bang-king-vape","7":"product_brand-disposable-vape","8":"product_cat-45k-puffs-vape","9":"product_cat-bang-king-vape","10":"product_cat-disposable-vape","11":"product_tag-3-in-1-flavors","12":"product_tag-335","13":"product_tag-45k-puffs","14":"product_tag-45k-vape","15":"product_tag-bang-king-triple","16":"product_tag-disposable-vape","17":"product_tag-rechargeable","18":"product_tag-vape-factory-direct","20":"first","21":"outofstock","22":"sale","23":"shipping-taxable","24":"purchasable","25":"product-type-variable"},"_links":{"self":[{"href":"https:\/\/pgvape.com\/pl\/wp-json\/wp\/v2\/product\/3988","targetHints":{"allow":["GET"]}}],"collection":[{"href":"https:\/\/pgvape.com\/pl\/wp-json\/wp\/v2\/product"}],"about":[{"href":"https:\/\/pgvape.com\/pl\/wp-json\/wp\/v2\/types\/product"}],"replies":[{"embeddable":true,"href":"https:\/\/pgvape.com\/pl\/wp-json\/wp\/v2\/comments?post=3988"}],"wp:featuredmedia":[{"embeddable":true,"href":"https:\/\/pgvape.com\/pl\/wp-json\/wp\/v2\/media\/4005"}],"wp:attachment":[{"href":"https:\/\/pgvape.com\/pl\/wp-json\/wp\/v2\/media?parent=3988"}],"wp:term":[{"taxonomy":"product_brand","embeddable":true,"href":"https:\/\/pgvape.com\/pl\/wp-json\/wp\/v2\/product_brand?post=3988"},{"taxonomy":"product_cat","embeddable":true,"href":"https:\/\/pgvape.com\/pl\/wp-json\/wp\/v2\/product_cat?post=3988"},{"taxonomy":"product_tag","embeddable":true,"href":"https:\/\/pgvape.com\/pl\/wp-json\/wp\/v2\/product_tag?post=3988"}],"curies":[{"name":"wp","href":"https:\/\/api.w.org\/{rel}","templated":true}]}}