{"id":3957,"date":"2025-10-23T07:04:58","date_gmt":"2025-10-23T07:04:58","guid":{"rendered":"https:\/\/pgvape.com\/?post_type=product&#038;p=3957"},"modified":"2025-12-15T12:40:00","modified_gmt":"2025-12-15T12:40:00","slug":"bang-king-40000-40k-zaciagniec-jednorazowy-vape-regulowany-przeplyw-powietrza-0-2-3-5-nikotyna-12-smakow-z-wyswietlaczem-led-vape-factory-direct","status":"publish","type":"product","link":"https:\/\/pgvape.com\/pl\/produkt\/bang-king-40000-40k-zaciagniec-jednorazowy-vape-regulowany-przeplyw-powietrza-0-2-3-5-nikotyna-12-smakow-z-wyswietlaczem-led-vape-factory-direct\/","title":{"rendered":"Bang King 40000 | 40k Puffs Jednorazowy Vape | Regulowany przep\u0142yw powietrza | 0% 2% 3% 5% Nikotyna | 12 Smak\u00f3w | Z Wy\u015bwietlaczem LED | Vape Factory Direct"},"content":{"rendered":"<p><strong data-sourcepos=\"6:5-6:50\">Jednorazowy d\u0142ugopis Vape Bang King 40000 Puffs<\/strong> \u0142\u0105czy <strong data-sourcepos=\"6:60-6:84\">rozszerzona wydajno\u015b\u0107<\/strong> z <strong data-sourcepos=\"6:90-6:115\">personalizacja premium<\/strong>, dostarczanie <strong data-sourcepos=\"6:128-6:151\">40 000 g\u0142adkich zaci\u0105gni\u0119\u0107<\/strong> poprzez <strong data-sourcepos=\"6:158-6:176\">Cewka siatkowa 1,0 \u03a9<\/strong> I <strong data-sourcepos=\"6:181-6:203\">regulowany przep\u0142yw powietrza<\/strong>. <strong data-sourcepos=\"6:217-6:248\">Moc nikotyny 2%\/3%\/5%<\/strong> I <strong data-sourcepos=\"6:253-6:275\">12 wyrafinowanych smak\u00f3w<\/strong>, wszystkie zasilane przez <strong data-sourcepos=\"6:294-6:326\">Akumulator o pojemno\u015bci 1000 mAh<\/strong> z <strong data-sourcepos=\"6:332-6:356\">Szybkie \u0142adowanie typu C<\/strong>. <strong data-sourcepos=\"6:362-6:389\">elegancka, jednorazowa konstrukcja<\/strong> nie wymaga konserwacji, natomiast <strong data-sourcepos=\"6:425-6:440\">Wy\u015bwietlacz LED<\/strong> zapewnia \u0142atwe monitorowanie. <strong data-sourcepos=\"6:481-6:501\">10 sztuk w pude\u0142ku<\/strong>, jest idealny dla sprzedawc\u00f3w detalicznych i waper\u00f3w poszukuj\u0105cych wygody i doskona\u0142o\u015bci smaku.<\/p>\n<p>&nbsp;<\/p>\n<h2><span style=\"font-size: 90%;\">Jednorazowy Vape Bang King 40000 40k Puffs <strong data-sourcepos=\"10:5-10:27\">Dane techniczne<\/strong><\/span><\/h2>\n<p><strong data-sourcepos=\"11:3-11:18\">Liczba zaci\u0105gni\u0119\u0107:<\/strong>\u00a0<strong data-sourcepos=\"11:19-11:35\">40 000 zaci\u0105gni\u0119\u0107<\/strong>\u00a0(D\u0142ugotrwa\u0142e u\u017cytkowanie)<\/p>\n<p><strong data-sourcepos=\"12:3-12:16\">Nikotyna:<\/strong>\u00a0<strong data-sourcepos=\"12:17-12:33\">2% \/ 3% \/ 5%<\/strong>\u00a0(Zr\u00f3wnowa\u017cone do mocnego uderzenia w gard\u0142o)<\/p>\n<p><strong data-sourcepos=\"13:3-13:22\">Cewka i przep\u0142yw powietrza:<\/strong>\u00a0<strong data-sourcepos=\"13:23-13:41\">Cewka siatkowa 1,0 \u03a9<\/strong>\u00a0+\u00a0<strong data-sourcepos=\"13:44-13:66\">Regulowany przep\u0142yw powietrza<\/strong>\u00a0(G\u0142adkie, aromatyczne rysunki)<\/p>\n<p><strong data-sourcepos=\"14:3-14:15\">Bateria:<\/strong>\u00a0<strong data-sourcepos=\"14:16-14:40\">Akumulator 1000 mAh<\/strong>\u00a0(Moc na ca\u0142y dzie\u0144)<\/p>\n<p><strong data-sourcepos=\"15:3-15:16\">\u0141adowanie:<\/strong>\u00a0<strong data-sourcepos=\"15:17-15:41\">Szybkie \u0142adowanie typu C<\/strong>\u00a0(~60 min pe\u0142nego \u0142adowania)<\/p>\n<p><strong data-sourcepos=\"16:3-16:14\">Projekt:<\/strong>\u00a0<strong data-sourcepos=\"16:15-16:29\">Jednorazowe<\/strong>\u00a0(Bez ponownego nape\u0142niania\/konserwacji)<\/p>\n<p><strong data-sourcepos=\"17:3-17:15\">Wy\u015bwietlacz:<\/strong>\u00a0<strong data-sourcepos=\"17:16-17:33\">Wska\u017anik LED<\/strong>\u00a0(Monitorowanie baterii)<\/p>\n<p><strong data-sourcepos=\"18:3-18:17\">Opakowanie:<\/strong>\u00a0<strong data-sourcepos=\"18:18-18:32\">10 sztuk\/pude\u0142ko<\/strong>\u00a0(Gotowo\u015b\u0107 do sprzeda\u017cy detalicznej\/hurtowej)<\/p>\n<p>&nbsp;<\/p>\n<h3><span style=\"font-size: 90%;\">Jednorazowy Vape Bang King 40000 40k Puffs <strong data-sourcepos=\"22:5-22:25\">Wyb\u00f3r smaku<\/strong><\/span><\/h3>\n<p><strong data-sourcepos=\"23:4-23:18\">1.Arbuz<\/strong><\/p>\n<p><strong data-sourcepos=\"24:4-24:29\">2. Arbuz truskawkowy<\/strong><\/p>\n<p><strong data-sourcepos=\"25:4-25:21\">3.L\u00f3d jagodowy<\/strong><\/p>\n<p><strong data-sourcepos=\"26:4-26:27\">4.Malina jagodowa<\/strong><\/p>\n<p><strong data-sourcepos=\"27:4-27:22\">5.L\u00f3d truskawkowy<\/strong><\/p>\n<p><strong data-sourcepos=\"28:4-28:23\">6.Truskawkowe Kiwi<\/strong><\/p>\n<p><strong data-sourcepos=\"29:4-29:30\">7. Arbuz Mango Brzoskwiniowy<\/strong><\/p>\n<p><strong data-sourcepos=\"30:4-30:38\">8.Kiwi Marakuja Granat<\/strong><\/p>\n<p><strong data-sourcepos=\"31:4-31:17\">9. Brzoskwiniowy l\u00f3d<\/strong><\/p>\n<p><strong data-sourcepos=\"32:5-32:22\">10. Mieszane jagody<\/strong><\/p>\n<p><strong data-sourcepos=\"33:5-33:24\">11. Winogrono jagodowe<\/strong><\/p>\n<p><strong data-sourcepos=\"34:5-34:29\">12.Arbuzowa guma balonowa<\/strong><\/p>\n<p><strong data-sourcepos=\"34:5-34:29\"><br \/>\n<img loading=\"lazy\" decoding=\"async\" class=\"alignnone wp-image-3965 size-full\" src=\"https:\/\/pgvape.com\/wp-content\/uploads\/2025\/10\/Bang-King-40000-40k-Puffs-Disposable-Vape-Tornado-Series-12Tastes-With-LED-Display-Vape-Factory-Direct-6.png\" alt=\"Dwana\u015bcie kolorowych jednorazowych urz\u0105dze\u0144 do waporyzacji &#039;Bang King&#039; u\u0142o\u017conych w dw\u00f3ch rz\u0119dach po sze\u015b\u0107, ka\u017cde z gradientowym t\u0142em, logo w kszta\u0142cie korony i unikaln\u0105 rysunkow\u0105 ma\u0142p\u0105 w r\u00f3\u017cnych kapeluszach lub akcesoriach, oznaczonych smakami takimi jak arbuz, truskawkowy arbuz, jagodowy l\u00f3d, jagodowo-malinowy, truskawkowy l\u00f3d, truskawkowy kiwi, mango-brzoskwiniowy arbuz, kiwi marakuja, granat, brzoskwiniowy l\u00f3d, mieszane jagody, jagodowe winogrona i .\" width=\"685\" height=\"1000\" srcset=\"https:\/\/pgvape.com\/wp-content\/uploads\/2025\/10\/Bang-King-40000-40k-Puffs-Disposable-Vape-Tornado-Series-12Tastes-With-LED-Display-Vape-Factory-Direct-6.png 685w, https:\/\/pgvape.com\/wp-content\/uploads\/2025\/10\/Bang-King-40000-40k-Puffs-Disposable-Vape-Tornado-Series-12Tastes-With-LED-Display-Vape-Factory-Direct-6-247x360.png 247w, https:\/\/pgvape.com\/wp-content\/uploads\/2025\/10\/Bang-King-40000-40k-Puffs-Disposable-Vape-Tornado-Series-12Tastes-With-LED-Display-Vape-Factory-Direct-6-595x869.png 595w, https:\/\/pgvape.com\/wp-content\/uploads\/2025\/10\/Bang-King-40000-40k-Puffs-Disposable-Vape-Tornado-Series-12Tastes-With-LED-Display-Vape-Factory-Direct-6-274x400.png 274w, https:\/\/pgvape.com\/wp-content\/uploads\/2025\/10\/Bang-King-40000-40k-Puffs-Disposable-Vape-Tornado-Series-12Tastes-With-LED-Display-Vape-Factory-Direct-6-8x12.png 8w, https:\/\/pgvape.com\/wp-content\/uploads\/2025\/10\/Bang-King-40000-40k-Puffs-Disposable-Vape-Tornado-Series-12Tastes-With-LED-Display-Vape-Factory-Direct-6-600x876.png 600w, https:\/\/pgvape.com\/wp-content\/uploads\/2025\/10\/Bang-King-40000-40k-Puffs-Disposable-Vape-Tornado-Series-12Tastes-With-LED-Display-Vape-Factory-Direct-6-27x40.png 27w\" sizes=\"auto, (max-width: 685px) 100vw, 685px\" \/><\/strong><\/p>\n<p>&nbsp;<\/p>\n<h3><span style=\"font-size: 90%;\">Bang King 40000 40k Puffs Jednorazowe wideo Vape:<\/span><\/h3>\n<p>&nbsp;<\/p>\n<h2><span style=\"font-size: 90%;\">Cz\u0119sto zadawane pytania dotycz\u0105ce jednorazowego waporyzatora Bang King 40000 40k Puffs<\/span><\/h2>\n<p data-sourcepos=\"39:1-40:106\">\u2753 <strong data-sourcepos=\"39:3-39:50\">W jaki spos\u00f3b regulowany przep\u0142yw powietrza poprawia waporyzacj\u0119?<\/strong><br \/>\n\u2705Dokr\u0119\u0107 na <strong data-sourcepos=\"40:15-40:35\">ograniczone losowania<\/strong> lub poluzowa\u0107 <strong data-sourcepos=\"40:50-40:77\">zwiewne, obszerne chmury<\/strong>\u2014 dostosuj swoje do\u015bwiadczenie.<\/p>\n<p data-sourcepos=\"42:1-43:105\">\u2753 <strong data-sourcepos=\"42:3-42:40\">Czy jako\u015b\u0107 smaku jest sta\u0142a?<\/strong><br \/>\n\u2705 <strong data-sourcepos=\"43:3-43:21\">Cewka siatkowa 1,0 \u03a9<\/strong> zapewnia <strong data-sourcepos=\"43:30-43:56\">30% wi\u0119ksza czysto\u015b\u0107 smaku<\/strong> w por\u00f3wnaniu ze standardowymi cewkami, z <strong data-sourcepos=\"43:82-43:102\">zero spalonego smaku<\/strong>.<\/p>\n<p data-sourcepos=\"45:1-46:101\">\u2753 <strong data-sourcepos=\"45:3-45:38\">Jak d\u0142ugo wytrzymuje bateria?<\/strong><br \/>\n\u2705 <strong data-sourcepos=\"46:3-46:23\">Pojemno\u015b\u0107 1000 mAh<\/strong> obs\u0142uguje <strong data-sourcepos=\"46:33-46:45\">3-4 dni<\/strong> umiarkowanego u\u017cytkowania; <strong data-sourcepos=\"46:63-46:73\">Typ C<\/strong> \u0142aduje si\u0119 <strong data-sourcepos=\"46:87-46:98\">~1 godzina<\/strong>.<\/p>\n<p data-sourcepos=\"48:1-49:110\">\u2753 <strong data-sourcepos=\"48:3-48:27\">Dla kogo jest idealny?<br \/>\n<\/strong> \u2705 <strong data-sourcepos=\"49:3-49:23\">Waperzy w podr\u00f3\u017cy<\/strong> brakuj\u0105cy <strong data-sourcepos=\"49:32-49:59\">bezproblemowe dzia\u0142anie<\/strong> + <strong data-sourcepos=\"49:62-49:75\">detali\u015bci<\/strong> poszukuj\u0105cych wysokomar\u017cowych artyku\u0142\u00f3w jednorazowego u\u017cytku.<\/p>\n<p>&nbsp;<\/p>\n<h3 id=\"brxe-najhln\" class=\"brxe-heading\">Cz\u0119sto zadawane pytania (FAQ)<\/h3>\n<div id=\"brxe-rajiac\" class=\"brxe-text\">\n<p><strong>P: Jakie metody p\u0142atno\u015bci akceptujecie?<\/strong><br \/>\nOdp.: Akceptujemy PayPal, Stripe, przelewy bankowe (obs\u0142ugiwane SEPA), g\u0142\u00f3wne karty kredytowe (Visa, MasterCard, American Express) i p\u0142atno\u015bci w kryptowalutach.<\/p>\n<p><strong>P: Jak d\u0142ugo trwa przygotowanie zam\u00f3wienia?<\/strong><br \/>\nOdp.: Przygotowanie zam\u00f3wienia zajmuje 1-3 dni robocze.<\/p>\n<p><strong>P: Jaki jest czas wysy\u0142ki?<\/strong><br \/>\nOdp.: Czas wysy\u0142ki wynosi 7-14 dni roboczych, w zale\u017cno\u015bci od Twojej lokalizacji.<\/p>\n<p><strong>P: Jak mog\u0119 \u015bledzi\u0107 moje zam\u00f3wienie?<\/strong><br \/>\nOdp.: Po wysy\u0142ce otrzymasz wiadomo\u015b\u0107 e-mail z potwierdzeniem i numerem przesy\u0142ki umo\u017cliwiaj\u0105cym \u015bledzenie w czasie rzeczywistym.<\/p>\n<p><strong>P: Jaka jest Twoja polityka zwrot\u00f3w?<\/strong><br \/>\nOdp.: Oferujemy 30-dniow\u0105 polityk\u0119 zwrot\u00f3w lub wymiany. .<\/p>\n<p><strong>P: Czy wyst\u0105pi\u0105 jakie\u015b problemy celne?<br \/>\n<\/strong>Obs\u0142ugujemy wszystkie procedury odprawy celnej, aby zapewni\u0107 Ci bezproblemow\u0105 obs\u0142ug\u0119. .<\/p>\n<p><strong>P: Jakie metody wysy\u0142ki s\u0105 stosowane?<\/strong><br \/>\nWsp\u00f3\u0142pracujemy z firmami UPS\/DHL\/FEDEX\/DPD itp. W zale\u017cno\u015bci od kraju dostawy wybierzemy odpowiedni\u0105 opcj\u0119 wysy\u0142ki, tak aby produkty dotar\u0142y do \u200b\u200bPa\u0144stwa najszybciej jak to mo\u017cliwe.<\/p>\n<p><a href=\"https:\/\/pgvape.com\/pl\/czesto-zadawane-pytania\/\">Kliknij tutaj, aby uzyska\u0107 wi\u0119cej cz\u0119sto zadawanych pyta\u0144<\/a><\/p>\n<p>Szanowni klienci, je\u015bli masz jakiekolwiek pytania dotycz\u0105ce zam\u00f3wienia lub przybycia towaru, skontaktuj si\u0119 z naszym dzia\u0142em obs\u0142ugi klienta. Dzi\u0119kuj\u0119!<\/p>\n<h3 data-sourcepos=\"73:1-73:21\"><strong data-sourcepos=\"73:7-73:21\">Skontaktuj si\u0119 z nami<\/strong><\/h3>\n<div id=\"text-2419739398\" class=\"text\">\n<p><strong data-sourcepos=\"75:3-75:12\">E-mail<\/strong>:\u00a0<a href=\"mailto:support@pgvape.com\"><strong>support@pgvape.com<\/strong><\/a><\/p>\n<p><strong data-sourcepos=\"76:3-76:15\">WhatsApp<\/strong>: <a href=\"https:\/\/wa.me\/+8618128481258\"><strong>+86 18128481258<\/strong><\/a><br \/>\n<strong>(Odpowied\u017a w ci\u0105gu 24 godzin w dni robocze)<\/strong><\/p>\n<\/div>\n<h3><strong>Dzi\u0119kujemy za wybranie pgvape.com! .<\/strong><\/h3>\n<\/div>\n<p>&nbsp;<\/p>","protected":false},"excerpt":{"rendered":"<p>Z <strong data-sourcepos=\"54:6-54:19\">40 tys. zaci\u0105gni\u0119\u0107<\/strong>, <strong data-sourcepos=\"54:21-54:43\">regulowany przep\u0142yw powietrza<\/strong>, I <strong data-sourcepos=\"54:49-54:63\">12 smak\u00f3w<\/strong>, , <strong data-sourcepos=\"54:69-54:86\">Bang King 40 tys<\/strong> wyr\u00f3\u017cnia si\u0119 smakiem i wygod\u0105. <strong data-sourcepos=\"54:121-54:143\">Opakowanie 10 sztuk<\/strong> zapewnia atrakcyjno\u015b\u0107 detaliczn\u0105.<\/p>","protected":false},"featured_media":3975,"comment_status":"open","ping_status":"closed","template":"","meta":{"_seopress_robots_primary_cat":"none","_seopress_titles_title":"%%post_title%% %%sep%% %%sitetitle%%","_seopress_titles_desc":"","_seopress_robots_index":""},"product_brand":[19,516],"product_cat":[103,18,515],"product_tag":[256,106,107,135,334,90,204,220],"class_list":{"0":"post-3957","1":"product","2":"type-product","3":"status-publish","4":"has-post-thumbnail","6":"product_brand-bang-king-vape","7":"product_brand-disposable-vape","8":"product_cat-40k-puffs-vape","9":"product_cat-bang-king-vape","10":"product_cat-disposable-vape","11":"product_tag-256","12":"product_tag-40k-puffs","13":"product_tag-40k-vape","14":"product_tag-adjustable-airflow","15":"product_tag-bang-king","16":"product_tag-disposable-vape","17":"product_tag-vape-factory-direct","18":"product_tag-with-led-display","20":"first","21":"instock","22":"sale","23":"shipping-taxable","24":"purchasable","25":"product-type-variable"},"_links":{"self":[{"href":"https:\/\/pgvape.com\/pl\/wp-json\/wp\/v2\/product\/3957","targetHints":{"allow":["GET"]}}],"collection":[{"href":"https:\/\/pgvape.com\/pl\/wp-json\/wp\/v2\/product"}],"about":[{"href":"https:\/\/pgvape.com\/pl\/wp-json\/wp\/v2\/types\/product"}],"replies":[{"embeddable":true,"href":"https:\/\/pgvape.com\/pl\/wp-json\/wp\/v2\/comments?post=3957"}],"wp:featuredmedia":[{"embeddable":true,"href":"https:\/\/pgvape.com\/pl\/wp-json\/wp\/v2\/media\/3975"}],"wp:attachment":[{"href":"https:\/\/pgvape.com\/pl\/wp-json\/wp\/v2\/media?parent=3957"}],"wp:term":[{"taxonomy":"product_brand","embeddable":true,"href":"https:\/\/pgvape.com\/pl\/wp-json\/wp\/v2\/product_brand?post=3957"},{"taxonomy":"product_cat","embeddable":true,"href":"https:\/\/pgvape.com\/pl\/wp-json\/wp\/v2\/product_cat?post=3957"},{"taxonomy":"product_tag","embeddable":true,"href":"https:\/\/pgvape.com\/pl\/wp-json\/wp\/v2\/product_tag?post=3957"}],"curies":[{"name":"wp","href":"https:\/\/api.w.org\/{rel}","templated":true}]}}