{"id":3889,"date":"2025-10-21T07:44:06","date_gmt":"2025-10-21T07:44:06","guid":{"rendered":"https:\/\/pgvape.com\/?post_type=product&#038;p=3889"},"modified":"2026-01-27T11:54:38","modified_gmt":"2026-01-27T11:54:38","slug":"bang-king-twins-50000-50-tys-zaciagniec-podwojne-smaki-jednorazowy-vape-2-3-5-nikotyna-12-smakow-z-podwojna-siatka-vape-factory-direct","status":"publish","type":"product","link":"https:\/\/pgvape.com\/pl\/produkt\/bang-king-twins-50000-50-tys-zaciagniec-podwojne-smaki-jednorazowy-vape-2-3-5-nikotyna-12-smakow-z-podwojna-siatka-vape-factory-direct\/","title":{"rendered":"Bang King Twins 50000 | 50K Puffs Dual Favours Jednorazowy Vape | 2% 3% 5% Nikotyna | 12 Smak\u00f3w | Z Podw\u00f3jn\u0105 Siatk\u0105 | Vape Factory Direct"},"content":{"rendered":"<p><strong data-sourcepos=\"4:5-4:34\">Bang King Twins 50 tys. zaci\u0105gni\u0119\u0107<\/strong> Jest premium <strong data-sourcepos=\"4:48-4:86\">Jednorazowe urz\u0105dzenie Vape o podw\u00f3jnym smaku<\/strong> Zaprojektowany do d\u0142ugotrwa\u0142ego u\u017cytkowania. <strong data-sourcepos=\"4:138-4:164\">Mechanizm prze\u0142\u0105cznika suwakowego<\/strong>, Umo\u017cliwia natychmiastowe prze\u0142\u0105czanie pomi\u0119dzy dwoma r\u00f3\u017cnymi smakami. <strong data-sourcepos=\"4:242-4:258\">50 000 zaci\u0105gni\u0119\u0107<\/strong> Pojemno\u015b\u0107 I <strong data-sourcepos=\"4:272-4:297\">Przechowywanie e-p\u0142ynu o pojemno\u015bci 56 ml<\/strong>, Obs\u0142ugiwane przez <strong data-sourcepos=\"4:310-4:334\">Podw\u00f3jne cewki siatkowe 1,0 \u03a9<\/strong>, Zapewnia sta\u0142\u0105, aromatyczn\u0105 produkcj\u0119 pary. <strong data-sourcepos=\"4:392-4:423\">Akumulator 650 mAh<\/strong> Z <strong data-sourcepos=\"4:429-4:453\">Szybkie \u0142adowanie typu C<\/strong> I <strong data-sourcepos=\"4:458-4:483\">Inteligentny wy\u015bwietlacz cyfrowy<\/strong> Zapewnia wygodn\u0105 i d\u0142ugotrwa\u0142\u0105 wydajno\u015b\u0107<\/p>\n<p>&nbsp;<\/p>\n<h2><span style=\"font-size: 90%;\">Bang King Twins 50000 | 50K Puffs Jednorazowy Vape o podw\u00f3jnych smakach <strong data-sourcepos=\"6:5-6:31\">Specyfikacje produktu<\/strong><\/span><\/h2>\n<p><strong data-sourcepos=\"7:3-7:18\">Typ urz\u0105dzenia<\/strong>:\u00a0<strong data-sourcepos=\"7:20-7:51\">Jednorazowy Vape o podw\u00f3jnym smaku<\/strong><\/p>\n<p><strong data-sourcepos=\"8:3-8:17\">Liczba puf\u00f3w<\/strong>:\u00a0<strong data-sourcepos=\"8:19-8:36\">\u224850 000 zaci\u0105gni\u0119\u0107<\/strong><\/p>\n<p><strong data-sourcepos=\"9:3-9:24\">Pojemno\u015b\u0107 e-cieczy<\/strong>:\u00a0<strong data-sourcepos=\"9:26-9:49\">2\u00d728 ml (\u0142\u0105cznie 56 ml)<\/strong><\/p>\n<p><strong data-sourcepos=\"10:3-10:23\">Opcje nikotynowe<\/strong>:\u00a0<strong data-sourcepos=\"10:25-10:51\">S\u00f3l nikotynowa 2%\/3%\/5%<\/strong><\/p>\n<p><strong data-sourcepos=\"11:3-11:18\">System cewek<\/strong>:\u00a0<strong data-sourcepos=\"11:20-11:44\">Podw\u00f3jne cewki siatkowe 1,0 \u03a9<\/strong><\/p>\n<p><strong data-sourcepos=\"12:3-12:14\">Bateria<\/strong>:\u00a0<strong data-sourcepos=\"12:16-12:39\">Akumulator 650 mAh<\/strong><\/p>\n<p><strong data-sourcepos=\"13:3-13:15\">\u0141adowanie<\/strong>:\u00a0<strong data-sourcepos=\"13:17-13:45\">Szybkie \u0142adowanie przez USB typu C<\/strong><\/p>\n<p><strong data-sourcepos=\"14:3-14:14\">Wy\u015bwietlacz<\/strong>:\u00a0<strong data-sourcepos=\"14:16-14:40\">Inteligentny ekran cyfrowy<\/strong><\/p>\n<p><strong data-sourcepos=\"15:3-15:14\">Pakiet<\/strong>:\u00a0<strong data-sourcepos=\"15:16-15:34\">10 urz\u0105dze\u0144\/pude\u0142ko<\/strong><\/p>\n<p>&nbsp;<\/p>\n<h3><span style=\"font-size: 90%;\">Bang King Twins 50000 | 50K Puffs Jednorazowy Vape o podw\u00f3jnych smakach <strong data-sourcepos=\"17:5-17:20\">Lista smak\u00f3w<\/strong><\/span><\/h3>\n<p><strong data-sourcepos=\"18:4-18:37\">1. Mi\u0142o\u015b\u0107 66 i marakuja cytrynowa<\/strong><\/p>\n<p><strong data-sourcepos=\"19:4-19:45\">2.Brzoskwiniowa truskawka gujawa i winogrona Sakura<\/strong><\/p>\n<p><strong data-sourcepos=\"20:4-20:38\">3.Truskawkowy Banan i Heisenberg<\/strong><\/p>\n<p><strong data-sourcepos=\"21:4-21:40\">4. Niebieski Razz Ice i Niebieski Razz Wi\u015bnia<\/strong><\/p>\n<p><strong data-sourcepos=\"22:4-22:52\">5. Lody truskawkowo-arbuzowo-truskawkowe<\/strong><\/p>\n<p><strong data-sourcepos=\"23:4-23:47\">6. Arbuz L\u00f3d i Arbuz Hubba Bubba<\/strong><\/p>\n<p><strong data-sourcepos=\"24:4-24:35\">7. Podw\u00f3jna limonka i lodowy aloes<\/strong><\/p>\n<p><strong data-sourcepos=\"25:4-25:35\">8.Wymieszaj Jagody i Truskawk\u0119 Kiwi<\/strong><\/p>\n<p><strong data-sourcepos=\"26:4-26:36\">9.Super fajny liczi i r\u00f3\u017cowy m\u0119\u017cczyzna<\/strong><\/p>\n<p><strong data-sourcepos=\"27:5-27:43\">10. Sok z lodu brzoskwiniowego i truskawkowego mango<\/strong><\/p>\n<p><strong data-sourcepos=\"28:5-28:41\">11. Kr\u0119gle z Col\u0105 Cytrynowo-Truskawkow\u0105<\/strong><\/p>\n<p><strong data-sourcepos=\"29:5-29:50\">12.Peach Mango Arbuz i Niebieski Razz<img loading=\"lazy\" decoding=\"async\" class=\"alignnone wp-image-3893 size-full\" src=\"https:\/\/pgvape.com\/wp-content\/uploads\/2025\/10\/Bang-King-Twins-50000-Puffs-Flavors_\u526f\u672c.png\" alt=\"Dwana\u015bcie czarnych jednorazowych urz\u0105dze\u0144 do waporyzacji u\u0142o\u017conych w dw\u00f3ch rz\u0119dach na niebieskim, gradientowym tle, ka\u017cde z kolorow\u0105 ilustracj\u0105 czaszki, brandingiem &#039;BANGKING TWINS&#039;, wyra\u017an\u0105 etykiet\u0105 &#039;5000&#039; i ma\u0142ymi nazwami smak\u00f3w wydrukowanymi poni\u017cej.\" width=\"1920\" height=\"1201\" srcset=\"https:\/\/pgvape.com\/wp-content\/uploads\/2025\/10\/Bang-King-Twins-50000-Puffs-Flavors_\u526f\u672c.png 1920w, https:\/\/pgvape.com\/wp-content\/uploads\/2025\/10\/Bang-King-Twins-50000-Puffs-Flavors_\u526f\u672c-555x347.png 555w, https:\/\/pgvape.com\/wp-content\/uploads\/2025\/10\/Bang-King-Twins-50000-Puffs-Flavors_\u526f\u672c-595x372.png 595w, https:\/\/pgvape.com\/wp-content\/uploads\/2025\/10\/Bang-King-Twins-50000-Puffs-Flavors_\u526f\u672c-400x250.png 400w, https:\/\/pgvape.com\/wp-content\/uploads\/2025\/10\/Bang-King-Twins-50000-Puffs-Flavors_\u526f\u672c-768x480.png 768w, https:\/\/pgvape.com\/wp-content\/uploads\/2025\/10\/Bang-King-Twins-50000-Puffs-Flavors_\u526f\u672c-1536x961.png 1536w, https:\/\/pgvape.com\/wp-content\/uploads\/2025\/10\/Bang-King-Twins-50000-Puffs-Flavors_\u526f\u672c-18x12.png 18w, https:\/\/pgvape.com\/wp-content\/uploads\/2025\/10\/Bang-King-Twins-50000-Puffs-Flavors_\u526f\u672c-600x375.png 600w, https:\/\/pgvape.com\/wp-content\/uploads\/2025\/10\/Bang-King-Twins-50000-Puffs-Flavors_\u526f\u672c-60x38.png 60w\" sizes=\"auto, (max-width: 1920px) 100vw, 1920px\" \/><br \/>\n<\/strong><\/p>\n<p>&nbsp;<\/p>\n<h2>Cz\u0119sto zadawane pytania dotycz\u0105ce Bang King Twins 50000 | 50K Puffs Dual Favours Jednorazowy waporyzator<\/h2>\n<p data-sourcepos=\"32:1-33:96\">\u2753 <strong data-sourcepos=\"32:3-32:44\">\u201cJak dzia\u0142a zmiana smaku?\u201d<\/strong><br \/>\n\u2705 <strong data-sourcepos=\"33:3-33:96\">\u201cOpatentowany prze\u0142\u0105cznik suwakowy umo\u017cliwia natychmiastowe prze\u0142\u0105czanie pomi\u0119dzy dwiema oddzielnymi komorami smakowymi.\u201d<\/strong><\/p>\n<p data-sourcepos=\"35:1-36:108\">\u2753 <strong data-sourcepos=\"35:3-35:44\">\u201cCo sprawia, \u017ce \u200b\u200bto urz\u0105dzenie dzia\u0142a d\u0142u\u017cej?\u201d<\/strong><br \/>\n\u2705 <strong data-sourcepos=\"36:3-36:108\">\u201cOgromna pojemno\u015b\u0107 56 ml e-liquidu w po\u0142\u0105czeniu z wydajnymi cewkami z podw\u00f3jn\u0105 siatk\u0105 zapewnia d\u0142u\u017csze u\u017cytkowanie\u201d.\u201d<\/strong><\/p>\n<p data-sourcepos=\"38:1-39:85\">\u2753 <strong data-sourcepos=\"38:3-38:41\">\u201cCzy bateri\u0119 mo\u017cna wymieni\u0107 przez u\u017cytkownika?\u201d<\/strong><br \/>\n\u2705 <strong data-sourcepos=\"39:3-39:85\">\u201cNie, zintegrowan\u0105 bateri\u0119 650 mAh mo\u017cna \u0142adowa\u0107 za pomoc\u0105 do\u0142\u0105czonego kabla typu C.\u201d<\/strong><\/p>\n<p data-sourcepos=\"41:1-42:97\">\u2753 <strong data-sourcepos=\"41:3-41:42\">\u201cJak dok\u0142adny jest licznik zaci\u0105gni\u0119\u0107?\u201d<br \/>\n<\/strong> \u2705 <strong data-sourcepos=\"42:3-42:97\">\u201cInteligentny chip zapewnia monitorowanie w czasie rzeczywistym pozosta\u0142ych zaci\u0105gni\u0119\u0107 w oparciu o wzorce u\u017cytkowania.\u201d<\/strong><\/p>\n<p>&nbsp;<\/p>\n<h3 id=\"brxe-najhln\" class=\"brxe-heading\">Cz\u0119sto zadawane pytania (FAQ)<\/h3>\n<div id=\"brxe-rajiac\" class=\"brxe-text\">\n<p><strong>P: Jakie metody p\u0142atno\u015bci akceptujecie?<\/strong><br \/>\nOdp.: Akceptujemy PayPal, Stripe, przelewy bankowe (obs\u0142ugiwane SEPA), g\u0142\u00f3wne karty kredytowe (Visa, MasterCard, American Express) i p\u0142atno\u015bci w kryptowalutach.<\/p>\n<p><strong>P: Jak d\u0142ugo trwa przygotowanie zam\u00f3wienia?<\/strong><br \/>\nOdp.: Przygotowanie zam\u00f3wienia zajmuje 1-3 dni robocze.<\/p>\n<p><strong>P: Jaki jest czas wysy\u0142ki?<\/strong><br \/>\nOdp.: Czas wysy\u0142ki wynosi 7-14 dni roboczych, w zale\u017cno\u015bci od Twojej lokalizacji.<\/p>\n<p><strong>P: Jak mog\u0119 \u015bledzi\u0107 moje zam\u00f3wienie?<\/strong><br \/>\nOdp.: Po wysy\u0142ce otrzymasz wiadomo\u015b\u0107 e-mail z potwierdzeniem i numerem przesy\u0142ki umo\u017cliwiaj\u0105cym \u015bledzenie w czasie rzeczywistym.<\/p>\n<p><strong>P: Jaka jest Twoja polityka zwrot\u00f3w?<\/strong><br \/>\nOdp.: Oferujemy 30-dniow\u0105 polityk\u0119 zwrot\u00f3w lub wymiany. .<\/p>\n<p><strong>P: Czy wyst\u0105pi\u0105 jakie\u015b problemy celne?<br \/>\n<\/strong>Obs\u0142ugujemy wszystkie procedury odprawy celnej, aby zapewni\u0107 Ci bezproblemow\u0105 obs\u0142ug\u0119. .<\/p>\n<p><strong>P: Jakie metody wysy\u0142ki s\u0105 stosowane?<\/strong><br \/>\nWsp\u00f3\u0142pracujemy z firmami UPS\/DHL\/FEDEX\/DPD itp. W zale\u017cno\u015bci od kraju dostawy wybierzemy odpowiedni\u0105 opcj\u0119 wysy\u0142ki, tak aby produkty dotar\u0142y do \u200b\u200bPa\u0144stwa najszybciej jak to mo\u017cliwe.<\/p>\n<p><a href=\"https:\/\/pgvape.com\/pl\/czesto-zadawane-pytania\/\">Kliknij tutaj, aby uzyska\u0107 wi\u0119cej cz\u0119sto zadawanych pyta\u0144<\/a><\/p>\n<p>Szanowni klienci, je\u015bli masz jakiekolwiek pytania dotycz\u0105ce zam\u00f3wienia lub przybycia towaru, skontaktuj si\u0119 z naszym dzia\u0142em obs\u0142ugi klienta. Dzi\u0119kuj\u0119!<\/p>\n<h3 data-sourcepos=\"73:1-73:21\"><strong data-sourcepos=\"73:7-73:21\">Skontaktuj si\u0119 z nami<\/strong><\/h3>\n<div id=\"text-2419739398\" class=\"text\">\n<p><strong data-sourcepos=\"75:3-75:12\">E-mail<\/strong>:\u00a0<a href=\"mailto:support@pgvape.com\"><strong>support@pgvape.com<\/strong><\/a><\/p>\n<p><strong data-sourcepos=\"76:3-76:15\">WhatsApp<\/strong>: <a href=\"https:\/\/wa.me\/+8618128481258\"><strong>+86 18128481258<\/strong><\/a><br \/>\n<strong>(Odpowied\u017a w ci\u0105gu 24 godzin w dni robocze)<\/strong><\/p>\n<\/div>\n<h3><strong>Dzi\u0119kujemy za wybranie pgvape.com! .<br \/>\n<\/strong><\/h3>\n<\/div>","protected":false},"excerpt":{"rendered":"<p><strong data-sourcepos=\"45:1-45:194\">\u201cBang King Twins 50K \u2013 najlepszy jednorazowy waporyzator o dw\u00f3ch smakach, oferuj\u0105cy 50 000 zaci\u0105gni\u0119\u0107, pojemno\u015b\u0107 56 ml, inteligentny wy\u015bwietlacz i najwy\u017cszej jako\u015bci technologi\u0119 cewki siatkowej zapewniaj\u0105c\u0105 niezr\u00f3wnany smak i wydajno\u015b\u0107.\u201d<\/strong><\/p>","protected":false},"featured_media":3910,"comment_status":"open","ping_status":"closed","template":"","meta":{"_seopress_robots_primary_cat":"none","_seopress_titles_title":"%%post_title%% %%sep%% %%sitetitle%%","_seopress_titles_desc":"","_seopress_robots_index":""},"product_brand":[19,516],"product_cat":[61,18,515],"product_tag":[64,65,332,90,66,204,333],"class_list":{"0":"post-3889","1":"product","2":"type-product","3":"status-publish","4":"has-post-thumbnail","6":"product_brand-bang-king-vape","7":"product_brand-disposable-vape","8":"product_cat-50k-puffs-vape","9":"product_cat-bang-king-vape","10":"product_cat-disposable-vape","11":"product_tag-50k-puffs","12":"product_tag-50k-vape","13":"product_tag-bang-king-twins-50000","14":"product_tag-disposable-vape","15":"product_tag-dual-flavors","16":"product_tag-vape-factory-direct","17":"product_tag-with-dual-mesh","19":"first","20":"instock","21":"sale","22":"shipping-taxable","23":"purchasable","24":"product-type-variable"},"_links":{"self":[{"href":"https:\/\/pgvape.com\/pl\/wp-json\/wp\/v2\/product\/3889","targetHints":{"allow":["GET"]}}],"collection":[{"href":"https:\/\/pgvape.com\/pl\/wp-json\/wp\/v2\/product"}],"about":[{"href":"https:\/\/pgvape.com\/pl\/wp-json\/wp\/v2\/types\/product"}],"replies":[{"embeddable":true,"href":"https:\/\/pgvape.com\/pl\/wp-json\/wp\/v2\/comments?post=3889"}],"wp:featuredmedia":[{"embeddable":true,"href":"https:\/\/pgvape.com\/pl\/wp-json\/wp\/v2\/media\/3910"}],"wp:attachment":[{"href":"https:\/\/pgvape.com\/pl\/wp-json\/wp\/v2\/media?parent=3889"}],"wp:term":[{"taxonomy":"product_brand","embeddable":true,"href":"https:\/\/pgvape.com\/pl\/wp-json\/wp\/v2\/product_brand?post=3889"},{"taxonomy":"product_cat","embeddable":true,"href":"https:\/\/pgvape.com\/pl\/wp-json\/wp\/v2\/product_cat?post=3889"},{"taxonomy":"product_tag","embeddable":true,"href":"https:\/\/pgvape.com\/pl\/wp-json\/wp\/v2\/product_tag?post=3889"}],"curies":[{"name":"wp","href":"https:\/\/api.w.org\/{rel}","templated":true}]}}