{"id":3834,"date":"2025-10-21T06:12:55","date_gmt":"2025-10-21T06:12:55","guid":{"rendered":"https:\/\/pgvape.com\/?post_type=product&#038;p=3834"},"modified":"2026-01-27T11:56:04","modified_gmt":"2026-01-27T11:56:04","slug":"bang-king-crystal-30000-30k-zaciagniec-jednorazowe-vape-clean-premium-i-stylowe-vape-factory-direct","status":"publish","type":"product","link":"https:\/\/pgvape.com\/pl\/produkt\/bang-king-crystal-30000-30k-zaciagniec-jednorazowe-vape-clean-premium-i-stylowe-vape-factory-direct\/","title":{"rendered":"Bang King Crystal 30000 30k Puffs Jednorazowy Vape Clean Premium i stylowy Vape Factory Direct"},"content":{"rendered":"<div class=\"auto-hide-last-sibling-br paragraph-JOTKXA paragraph-element br-paragraph-space\"><strong data-sourcepos=\"4:5-4:54\">Jednorazowy Vape Bang King Crystal 30000 Puffs<\/strong> \u0141\u0105czy wysok\u0105 wydajno\u015b\u0107 z d\u0142ugotrwa\u0142\u0105 przyjemno\u015bci\u0105. <strong data-sourcepos=\"4:122-4:143\">Wysokiej jako\u015bci cewka siatkowa<\/strong> To urz\u0105dzenie oferuje g\u0142adk\u0105, aromatyczn\u0105 par\u0119 <strong data-sourcepos=\"4:192-4:214\">Do 30 000 zaci\u0105gni\u0119\u0107<\/strong> Od jego hojno\u015bci <strong data-sourcepos=\"4:233-4:254\">Pojemno\u015b\u0107 e-cieczy<\/strong>. <strong data-sourcepos=\"4:261-4:299\">Opcje mocy nikotyny 2%\/3%\/5%<\/strong> i A <strong data-sourcepos=\"4:306-4:337\">Akumulator 650 mAh<\/strong> Wspieraj\u0105cy <strong data-sourcepos=\"4:349-4:373\">Szybkie \u0142adowanie typu C<\/strong>, Jest przeznaczony na ca\u0142y dzie\u0144 <strong data-sourcepos=\"4:401-4:424\">Satysfakcja z wapowania<\/strong>. <strong data-sourcepos=\"4:439-4:461\">12 smak\u00f3w premium<\/strong>, Pakowane <strong data-sourcepos=\"4:472-4:486\">10 sztuk\/pud\u0142o<\/strong> Dla potrzeb detalicznych lub hurtowych.<img loading=\"lazy\" decoding=\"async\" class=\"alignnone wp-image-3859 size-full\" style=\"color: #555555; font-size: 14.4px;\" src=\"https:\/\/pgvape.com\/wp-content\/uploads\/2025\/10\/pgvape-Bang-King-Crystal-30000-30k-Puffs-Disposable-Vape-3.png\" alt=\"Trzy jednorazowe urz\u0105dzenia do waporyzacji Bang King Totem Beast z kolorowymi ilustracjami zwierz\u0105t (sowa, wilk, smok) pokazanymi na czarno-z\u0142otym tle z du\u017cym tekstem &#039;300 PUFFS&#039; i ikonami wskazuj\u0105cymi cewk\u0119 siatkow\u0105, \u0142adowanie typu C i pojemno\u015b\u0107 650 mAh.\" width=\"1500\" height=\"786\" srcset=\"https:\/\/pgvape.com\/wp-content\/uploads\/2025\/10\/pgvape-Bang-King-Crystal-30000-30k-Puffs-Disposable-Vape-3.png 1500w, https:\/\/pgvape.com\/wp-content\/uploads\/2025\/10\/pgvape-Bang-King-Crystal-30000-30k-Puffs-Disposable-Vape-3-555x291.png 555w, https:\/\/pgvape.com\/wp-content\/uploads\/2025\/10\/pgvape-Bang-King-Crystal-30000-30k-Puffs-Disposable-Vape-3-595x312.png 595w, https:\/\/pgvape.com\/wp-content\/uploads\/2025\/10\/pgvape-Bang-King-Crystal-30000-30k-Puffs-Disposable-Vape-3-400x210.png 400w, https:\/\/pgvape.com\/wp-content\/uploads\/2025\/10\/pgvape-Bang-King-Crystal-30000-30k-Puffs-Disposable-Vape-3-768x402.png 768w, https:\/\/pgvape.com\/wp-content\/uploads\/2025\/10\/pgvape-Bang-King-Crystal-30000-30k-Puffs-Disposable-Vape-3-18x9.png 18w, https:\/\/pgvape.com\/wp-content\/uploads\/2025\/10\/pgvape-Bang-King-Crystal-30000-30k-Puffs-Disposable-Vape-3-600x314.png 600w, https:\/\/pgvape.com\/wp-content\/uploads\/2025\/10\/pgvape-Bang-King-Crystal-30000-30k-Puffs-Disposable-Vape-3-60x31.png 60w\" sizes=\"auto, (max-width: 1500px) 100vw, 1500px\" \/><\/div>\n<div class=\"auto-hide-last-sibling-br paragraph-JOTKXA paragraph-element br-paragraph-space\"><\/div>\n<h2><span style=\"font-size: 90%;\">\u00a0<\/span><\/h2>\n<h3><span style=\"font-size: 90%;\">\u00a0Dane techniczne jednorazowego waporyzatora Bang King Crystal 30000 | 30k Puffs<\/span><\/h3>\n<p><strong>Nazwa produktu<\/strong>: Bang King Crystal 30000 zaci\u0105gni\u0119\u0107 jednorazowego u\u017cytku\u00a0<strong>WAPE<\/strong><\/p>\n<p><strong>Liczba PUFF<\/strong>: Do 30 000\u00a0<strong>PUFY<\/strong><\/p>\n<p><strong>Typ cewki<\/strong>:\u00a0<strong>CEWKA Siatkowa<\/strong>\u00a0(r\u00f3wnomierne ogrzewanie, g\u0142adka para)<\/p>\n<p><strong>Pojemno\u015b\u0107 baterii<\/strong>: Akumulator 650 mAh\u00a0<strong>BATERIA<\/strong><\/p>\n<p><strong>Port \u0142adowania<\/strong>:\u00a0<strong>Szybkie \u0142adowanie typu C<\/strong>\u00a0(uniwersalna kompatybilno\u015b\u0107)<\/p>\n<p><strong>NIKOTYNA Mocne strony<\/strong>: 2% \/ 3% \/ 5%<\/p>\n<p><strong>Opcje SMAK\u00d3W<\/strong>: 12 premium\u00a0<strong>SMAKI<\/strong><\/p>\n<p><strong>Opakowanie<\/strong>: 10 sztuk w pude\u0142ku<\/p>\n<p><strong>U\u017cytkownicy docelowi<\/strong>: Zwyk\u0142y\u00a0<strong>WAPARY<\/strong>, do\u015bwiadczony\u00a0<strong>WAPARY<\/strong>, sprzedawcy detaliczni, nabywcy hurtowi<\/p>\n<h2><span style=\"font-size: 90%;\">\u00a0<\/span><\/h2>\n<h3><span style=\"font-size: 90%;\">Bang King Crystal 30000 | 30 tys. puszek Jednorazowa lista smak\u00f3w Vape<\/span><\/h3>\n<p>1. Arbuz truskawkowy<\/p>\n<p>2. Niebieski Razz L\u00f3d<\/p>\n<p>3. Potr\u00f3jny l\u00f3d jagodowy<\/p>\n<p>4.Brzoskwiniowy l\u00f3d<\/p>\n<p>5.Brzoskwiniowe Mango<\/p>\n<p>6.Podw\u00f3jne jab\u0142ko<\/p>\n<p>7.Truskawkowe Kiwi<\/p>\n<p>8. Aloes winogronowy<\/p>\n<p>9. Owoce tropikalne<\/p>\n<p>10.Truskawkowy Banan<\/p>\n<p>11.Kiwi Gujawa z marakuji<\/p>\n<p>12. L\u00f3d Czarnego Smoka<img loading=\"lazy\" decoding=\"async\" class=\"alignnone wp-image-3863 size-full\" src=\"https:\/\/pgvape.com\/wp-content\/uploads\/2025\/10\/pgvape-Bang-King-Crystal-30000-30k-Puffs-Disposable-Vape-7.png\" alt=\"\" width=\"1800\" height=\"1210\" srcset=\"https:\/\/pgvape.com\/wp-content\/uploads\/2025\/10\/pgvape-Bang-King-Crystal-30000-30k-Puffs-Disposable-Vape-7.png 1800w, https:\/\/pgvape.com\/wp-content\/uploads\/2025\/10\/pgvape-Bang-King-Crystal-30000-30k-Puffs-Disposable-Vape-7-536x360.png 536w, https:\/\/pgvape.com\/wp-content\/uploads\/2025\/10\/pgvape-Bang-King-Crystal-30000-30k-Puffs-Disposable-Vape-7-595x400.png 595w, https:\/\/pgvape.com\/wp-content\/uploads\/2025\/10\/pgvape-Bang-King-Crystal-30000-30k-Puffs-Disposable-Vape-7-400x269.png 400w, https:\/\/pgvape.com\/wp-content\/uploads\/2025\/10\/pgvape-Bang-King-Crystal-30000-30k-Puffs-Disposable-Vape-7-768x516.png 768w, https:\/\/pgvape.com\/wp-content\/uploads\/2025\/10\/pgvape-Bang-King-Crystal-30000-30k-Puffs-Disposable-Vape-7-1536x1033.png 1536w, https:\/\/pgvape.com\/wp-content\/uploads\/2025\/10\/pgvape-Bang-King-Crystal-30000-30k-Puffs-Disposable-Vape-7-18x12.png 18w, https:\/\/pgvape.com\/wp-content\/uploads\/2025\/10\/pgvape-Bang-King-Crystal-30000-30k-Puffs-Disposable-Vape-7-600x403.png 600w, https:\/\/pgvape.com\/wp-content\/uploads\/2025\/10\/pgvape-Bang-King-Crystal-30000-30k-Puffs-Disposable-Vape-7-60x40.png 60w\" sizes=\"auto, (max-width: 1800px) 100vw, 1800px\" \/><\/p>\n<h2><span style=\"font-size: 90%;\">\u00a0<\/span><\/h2>\n<h3><span style=\"font-size: 90%;\">Bang King Crystal 30000 | 30k Puffs Jednorazowe wideo:<br \/>\n<iframe loading=\"lazy\" title=\"Bang King Kryszta\u0142 30000 |\" width=\"1020\" height=\"574\" src=\"https:\/\/www.youtube.com\/embed\/vJrJNuhD_kE?feature=oembed\" frameborder=\"0\" allow=\"accelerometer; autoplay; clipboard-write; encrypted-media; gyroscope; picture-in-picture; web-share\" referrerpolicy=\"strict-origin-when-cross-origin\" allowfullscreen><\/iframe><br \/>\n<\/span><\/h3>\n<p>&nbsp;<\/p>\n<h2 class=\"header-vfC6AV auto-hide-last-sibling-br\">Cz\u0119sto zadawane pytania dotycz\u0105ce Bang King Crystal 30000 | 30k Puffs Jednorazowy waporyzator<\/h2>\n<p data-sourcepos=\"30:1-31:99\">\u2753 <strong data-sourcepos=\"30:3-30:42\">\u201cCo sprawia, \u017ce \u200b\u200bcewka Mesh jest wyj\u0105tkowa?<br \/>\n\u201c<\/strong>\u2705 <strong data-sourcepos=\"31:3-31:97\">\u201cZaawansowana cewka siatkowa zapewnia r\u00f3wnomierne ogrzewanie, g\u0142adsz\u0105 par\u0119 i bogatszy smak\u201d.\u201d<\/strong><\/p>\n<p data-sourcepos=\"33:1-34:92\">\u2753 <strong data-sourcepos=\"33:3-33:40\">\u201cJak d\u0142ugo wytrzymuje bateria?<br \/>\n\u201c<\/strong>\u2705 <strong data-sourcepos=\"34:3-34:90\">\u201cAkumulator 650 mAh zapewnia energi\u0119 na ca\u0142y dzie\u0144 i mo\u017cna go \u0142adowa\u0107 za pomoc\u0105 szybkiego \u0142adowania typu C.\u201d<\/strong><\/p>\n<p data-sourcepos=\"36:1-37:90\">\u2753 <strong data-sourcepos=\"36:3-36:49\">\u201cCzy to nadaje si\u0119 do zakupu hurtowego?<br \/>\n\u201c<\/strong> \u2705 <strong data-sourcepos=\"37:3-37:88\">\u201cTak, wygodne 10-pakowe pude\u0142ko jest idealne zar\u00f3wno do sprzeda\u017cy detalicznej, jak i dystrybucji masowej.\u201d<\/strong><\/p>\n<p data-sourcepos=\"39:1-40:88\">\u2753 <strong data-sourcepos=\"39:3-39:44\">\u201cJakie poziomy nikotyny s\u0105 dost\u0119pne?<br \/>\n\u201c<\/strong> \u2705 <strong data-sourcepos=\"40:3-40:86\">\u201cWybierz spo\u015br\u00f3d 2% (lekki), 3% (\u015bredni) lub 5% (silny), aby dopasowa\u0107 go do swoich preferencji.\u201d<\/strong><\/p>\n<h2><span style=\"font-size: 90%;\">\u00a0<\/span><\/h2>\n<h3 id=\"brxe-najhln\" class=\"brxe-heading\">Cz\u0119sto zadawane pytania (FAQ)<\/h3>\n<div id=\"brxe-rajiac\" class=\"brxe-text\">\n<p><strong>P: Jakie metody p\u0142atno\u015bci akceptujecie?<\/strong><br \/>\nOdp.: Akceptujemy PayPal, Stripe, przelewy bankowe (obs\u0142ugiwane SEPA), g\u0142\u00f3wne karty kredytowe (Visa, MasterCard, American Express) i p\u0142atno\u015bci w kryptowalutach.<\/p>\n<p><strong>P: Jak d\u0142ugo trwa przygotowanie zam\u00f3wienia?<\/strong><br \/>\nOdp.: Przygotowanie zam\u00f3wienia zajmuje 1-3 dni robocze.<\/p>\n<p><strong>P: Jaki jest czas wysy\u0142ki?<\/strong><br \/>\nOdp.: Czas wysy\u0142ki wynosi 7-14 dni roboczych, w zale\u017cno\u015bci od Twojej lokalizacji.<\/p>\n<p><strong>P: Jak mog\u0119 \u015bledzi\u0107 moje zam\u00f3wienie?<\/strong><br \/>\nOdp.: Po wysy\u0142ce otrzymasz wiadomo\u015b\u0107 e-mail z potwierdzeniem i numerem przesy\u0142ki umo\u017cliwiaj\u0105cym \u015bledzenie w czasie rzeczywistym.<\/p>\n<p><strong>P: Jaka jest Twoja polityka zwrot\u00f3w?<\/strong><br \/>\nOdp.: Oferujemy 30-dniow\u0105 polityk\u0119 zwrot\u00f3w lub wymiany. .<\/p>\n<p><strong>P: Czy wyst\u0105pi\u0105 jakie\u015b problemy celne?<br \/>\n<\/strong>Obs\u0142ugujemy wszystkie procedury odprawy celnej, aby zapewni\u0107 Ci bezproblemow\u0105 obs\u0142ug\u0119. .<\/p>\n<p><strong>P: Jakie metody wysy\u0142ki s\u0105 stosowane?<\/strong><br \/>\nWsp\u00f3\u0142pracujemy z firmami UPS\/DHL\/FEDEX\/DPD itp. W zale\u017cno\u015bci od kraju dostawy wybierzemy odpowiedni\u0105 opcj\u0119 wysy\u0142ki, tak aby produkty dotar\u0142y do \u200b\u200bPa\u0144stwa najszybciej jak to mo\u017cliwe.<\/p>\n<p><a href=\"https:\/\/pgvape.com\/pl\/czesto-zadawane-pytania\/\"><span style=\"font-size: 100%;\">Kliknij tutaj, aby uzyska\u0107 wi\u0119cej cz\u0119sto zadawanych pyta\u0144<\/span><\/a><\/p>\n<p>Szanowni klienci, je\u015bli masz jakiekolwiek pytania dotycz\u0105ce zam\u00f3wienia lub przybycia towaru, skontaktuj si\u0119 z naszym dzia\u0142em obs\u0142ugi klienta. Dzi\u0119kuj\u0119!<\/p>\n<h3 data-sourcepos=\"73:1-73:21\"><span style=\"font-size: 90%;\"><strong data-sourcepos=\"73:7-73:21\">Skontaktuj si\u0119 z nami<\/strong><\/span><\/h3>\n<div id=\"text-2419739398\" class=\"text\">\n<p><strong data-sourcepos=\"75:3-75:12\">E-mail<\/strong>:\u00a0<a href=\"mailto:support@pgvape.com\"><strong>support@pgvape.com<\/strong><\/a><\/p>\n<p><strong data-sourcepos=\"76:3-76:15\">WhatsApp<\/strong>: <a href=\"https:\/\/wa.me\/+8618128481258\"><strong>+86 18128481258<\/strong><\/a><br \/>\n<strong>(Odpowied\u017a w ci\u0105gu 24 godzin w dni robocze)<\/strong><\/p>\n<\/div>\n<h3><strong><span style=\"font-size: 80%;\">Dzi\u0119kujemy za wybranie pgvape.com! .<\/span><\/strong><\/h3>\n<\/div>\n<div class=\"auto-hide-last-sibling-br paragraph-JOTKXA paragraph-element br-paragraph-space\"><\/div>","protected":false},"excerpt":{"rendered":"<p><strong data-sourcepos=\"43:1-43:200\">\u201cBang King Crystal 30K \u2013 jednorazowy waporyzator o du\u017cej pojemno\u015bci, wyposa\u017cony w 30 000 zaci\u0105gni\u0119\u0107, technologi\u0119 Mesh Coil i 12 najwy\u017cszej jako\u015bci smak\u00f3w, zasilany akumulatorem 650 mAh z szybkim \u0142adowaniem typu C.\u201d<\/strong><\/p>","protected":false},"featured_media":3874,"comment_status":"open","ping_status":"closed","template":"","meta":{"_seopress_robots_primary_cat":"none","_seopress_titles_title":"%%post_title%% %%sep%% %%sitetitle%%","_seopress_titles_desc":"","_seopress_robots_index":""},"product_brand":[19,516],"product_cat":[35,18,515],"product_tag":[38,134,330,331,90,204],"class_list":{"0":"post-3834","1":"product","2":"type-product","3":"status-publish","4":"has-post-thumbnail","6":"product_brand-bang-king-vape","7":"product_brand-disposable-vape","8":"product_cat-30k-puffs-vape","9":"product_cat-bang-king-vape","10":"product_cat-disposable-vape","11":"product_tag-30k-puffs","12":"product_tag-30k-vape","13":"product_tag-bang-king-crystal","14":"product_tag-clean-premium-and-stylish","15":"product_tag-disposable-vape","16":"product_tag-vape-factory-direct","18":"first","19":"instock","20":"sale","21":"shipping-taxable","22":"purchasable","23":"product-type-variable"},"_links":{"self":[{"href":"https:\/\/pgvape.com\/pl\/wp-json\/wp\/v2\/product\/3834","targetHints":{"allow":["GET"]}}],"collection":[{"href":"https:\/\/pgvape.com\/pl\/wp-json\/wp\/v2\/product"}],"about":[{"href":"https:\/\/pgvape.com\/pl\/wp-json\/wp\/v2\/types\/product"}],"replies":[{"embeddable":true,"href":"https:\/\/pgvape.com\/pl\/wp-json\/wp\/v2\/comments?post=3834"}],"wp:featuredmedia":[{"embeddable":true,"href":"https:\/\/pgvape.com\/pl\/wp-json\/wp\/v2\/media\/3874"}],"wp:attachment":[{"href":"https:\/\/pgvape.com\/pl\/wp-json\/wp\/v2\/media?parent=3834"}],"wp:term":[{"taxonomy":"product_brand","embeddable":true,"href":"https:\/\/pgvape.com\/pl\/wp-json\/wp\/v2\/product_brand?post=3834"},{"taxonomy":"product_cat","embeddable":true,"href":"https:\/\/pgvape.com\/pl\/wp-json\/wp\/v2\/product_cat?post=3834"},{"taxonomy":"product_tag","embeddable":true,"href":"https:\/\/pgvape.com\/pl\/wp-json\/wp\/v2\/product_tag?post=3834"}],"curies":[{"name":"wp","href":"https:\/\/api.w.org\/{rel}","templated":true}]}}