{"id":3793,"date":"2025-10-19T11:10:45","date_gmt":"2025-10-19T11:10:45","guid":{"rendered":"https:\/\/pgvape.com\/?post_type=product&#038;p=3793"},"modified":"2026-01-24T07:40:10","modified_gmt":"2026-01-24T07:40:10","slug":"bang-king-triple-75000-75k-zaciagniec-3-w-1-smaki-jednorazowe-vape-0-2-3-5-nikotyna-16-smakow-inteligentny-wyswietlacz-led-vape-factory-direct","status":"publish","type":"product","link":"https:\/\/pgvape.com\/pl\/produkt\/bang-king-triple-75000-75k-zaciagniec-3-w-1-smaki-jednorazowe-vape-0-2-3-5-nikotyna-16-smakow-inteligentny-wyswietlacz-led-vape-factory-direct\/","title":{"rendered":"Bang King Triple 75000 | 75K Puffs 3 w 1 Smaki Jednorazowy Vape | 0% 2% 3% 5% Nikotyna | 16 Smak\u00f3w | Inteligentny wy\u015bwietlacz LED | Vape Factory Direct"},"content":{"rendered":"<div class=\"auto-hide-last-sibling-br paragraph-JOTKXA paragraph-element br-paragraph-space\">\n<p><strong data-sourcepos=\"6:5-6:53\">Jednorazowy waporyzator Bang King Triple 75000 Puffs<\/strong> rewolucjonizuje wapowanie dzi\u0119ki swojemu <strong data-sourcepos=\"6:85-6:109\">System smakowy 3 w 1<\/strong>, dostarczanie <strong data-sourcepos=\"6:122-6:138\">75 000 zaci\u0105gni\u0119\u0107<\/strong> z imponuj\u0105cego <strong data-sourcepos=\"6:158-6:184\">Pojemno\u015b\u0107 e-liquidu 45 ml<\/strong>. <strong data-sourcepos=\"6:199-6:230\">Akumulator o pojemno\u015bci 650 mAh<\/strong> I <strong data-sourcepos=\"6:235-6:261\">potr\u00f3jne cewki siatkowe 1,0 \u03a9<\/strong>, produkuje <strong data-sourcepos=\"6:275-6:297\">bogata, g\u0142adka para<\/strong> z <strong data-sourcepos=\"6:303-6:335\">0%\/2%\/3%\/5% opcje nikotynowe<\/strong>. <strong data-sourcepos=\"6:341-6:356\">Wy\u015bwietlacz LED<\/strong> zapewnia monitorowanie w czasie rzeczywistym, podczas gdy <strong data-sourcepos=\"6:394-6:418\">Szybkie \u0142adowanie typu C<\/strong> zapewnia wygod\u0119. <strong data-sourcepos=\"6:449-6:469\">10 sztuk w pude\u0142ku<\/strong>, jest dost\u0119pny w <strong data-sourcepos=\"6:489-6:516\">16 trio smakowych premium<\/strong> zadowoli\u0107 ka\u017cde podniebienie.<\/p>\n<p><span style=\"font-size: 90%;\">\u00a0<\/span><\/p>\n<\/div>\n<h3><span style=\"font-size: 90%;\">Bang King Triple 75000 75K Puffs 3 w 1 Smaki Jednorazowy Vape Dane techniczne<\/span><\/h3>\n<p><strong data-sourcepos=\"11:3-11:18\">Liczba zaci\u0105gni\u0119\u0107:<\/strong>\u00a0<strong data-sourcepos=\"11:19-11:35\">75 000 zaci\u0105gni\u0119\u0107<\/strong><span class=\"CustomP_animated_char__m3r9w\">\u00a0<\/span><span class=\"CustomP_animated_char__m3r9w\">(<\/span><span class=\"CustomP_animated_char__m3r9w\">Rozszerzony<\/span><span class=\"CustomP_animated_char__m3r9w\">\u00a0<\/span><span class=\"CustomP_animated_char__m3r9w\">wydajno\u015b\u0107<\/span><span class=\"CustomP_animated_char__m3r9w\">)<\/span><\/p>\n<p><strong data-sourcepos=\"12:3-12:16\">Nikotyna:<\/strong>\u00a0<strong data-sourcepos=\"12:17-12:38\">0% \/ 2% \/ 3% \/ 5%<\/strong><span class=\"CustomP_animated_char__m3r9w\">\u00a0<\/span><span class=\"CustomP_animated_char__m3r9w\">(<\/span><span class=\"CustomP_animated_char__m3r9w\">Spersonalizowane<\/span><span class=\"CustomP_animated_char__m3r9w\">\u00a0<\/span><span class=\"CustomP_animated_char__m3r9w\">wytrzyma\u0142o\u015b\u0107<\/span><span class=\"CustomP_animated_char__m3r9w\">)<\/span><\/p>\n<p><strong data-sourcepos=\"13:3-13:21\">System smakowy:<\/strong><\/p>\n<p><strong data-sourcepos=\"14:5-14:29\">3 regulowane smaki<\/strong><span class=\"CustomP_animated_char__m3r9w\">\u00a0<\/span><span class=\"CustomP_animated_char__m3r9w\">(<\/span><span class=\"CustomP_animated_char__m3r9w\">Natychmiastowy<\/span><span class=\"CustomP_animated_char__m3r9w\">\u00a0<\/span><span class=\"CustomP_animated_char__m3r9w\">prze\u0142\u0105czanie<\/span><span class=\"CustomP_animated_char__m3r9w\">)<\/span><\/p>\n<p><strong data-sourcepos=\"15:5-15:28\">Ca\u0142kowita pojemno\u015b\u0107 45 ml<\/strong><span class=\"CustomP_animated_char__m3r9w\">\u00a0<\/span><span class=\"CustomP_animated_char__m3r9w\">(<\/span><span class=\"CustomP_animated_char__m3r9w\">15ml<\/span><span class=\"CustomP_animated_char__m3r9w\">\u00d7<\/span><span class=\"CustomP_animated_char__m3r9w\">3<\/span><span class=\"CustomP_animated_char__m3r9w\">\u00a0<\/span><span class=\"CustomP_animated_char__m3r9w\">czo\u0142gi<\/span><span class=\"CustomP_animated_char__m3r9w\">)<\/span><\/p>\n<p><strong data-sourcepos=\"16:3-16:12\">Cewka:<\/strong>\u00a0<strong data-sourcepos=\"16:13-16:33\">Potr\u00f3jna siatka 1,0 \u03a9<\/strong><span class=\"CustomP_animated_char__m3r9w\">\u00a0<\/span><span class=\"CustomP_animated_char__m3r9w\">(<\/span><span class=\"CustomP_animated_char__m3r9w\">35<\/span><span class=\"CustomP_animated_char__m3r9w\">%<\/span><span class=\"CustomP_animated_char__m3r9w\">\u00a0<\/span><span class=\"CustomP_animated_char__m3r9w\">wi\u0119cej<\/span><span class=\"CustomP_animated_char__m3r9w\">\u00a0<\/span><span class=\"CustomP_animated_char__m3r9w\">smak<\/span><span class=\"CustomP_animated_char__m3r9w\">\u00a0<\/span><span class=\"CustomP_animated_char__m3r9w\">vs<\/span><span class=\"CustomP_animated_char__m3r9w\">.<\/span><span class=\"CustomP_animated_char__m3r9w\">\u00a0<\/span><span class=\"CustomP_animated_char__m3r9w\">pojedynczy<\/span><span class=\"CustomP_animated_char__m3r9w\">\u00a0<\/span><span class=\"CustomP_animated_char__m3r9w\">cewki<\/span><span class=\"CustomP_animated_char__m3r9w\">)<\/span><\/p>\n<p><strong data-sourcepos=\"17:3-17:15\">Bateria:<\/strong><span class=\"CustomP_animated_char__m3r9w\">\u00a0<\/span><span class=\"CustomP_animated_char__m3r9w\">cewki<\/span><span class=\"CustomP_animated_char__m3r9w\">)<\/span><\/p>\n<p><strong data-sourcepos=\"18:3-18:15\">Bateria:<\/strong>\u00a0<strong data-sourcepos=\"18:16-18:39\">Akumulator 650 mAh<\/strong><span class=\"CustomP_animated_char__m3r9w\">\u00a0<\/span><span class=\"CustomP_animated_char__m3r9w\">+<\/span><span class=\"CustomP_animated_char__m3r9w\">\u00a0<\/span><strong data-sourcepos=\"18:42-18:61\">\u0141adowanie typu C<\/strong><\/p>\n<p><strong data-sourcepos=\"19:3-19:15\">Wy\u015bwietlacz:<\/strong>\u00a0<strong data-sourcepos=\"19:16-19:30\">Ekran LED<\/strong><span class=\"CustomP_animated_char__m3r9w\">\u00a0<\/span><span class=\"CustomP_animated_char__m3r9w\">(<\/span><span class=\"CustomP_animated_char__m3r9w\">Bateria<\/span><span class=\"CustomP_animated_char__m3r9w\">\u00a0<\/span><span class=\"CustomP_animated_char__m3r9w\">&amp;<\/span><span class=\"CustomP_animated_char__m3r9w\">\u00a0<\/span><span class=\"CustomP_animated_char__m3r9w\">mi<\/span><span class=\"CustomP_animated_char__m3r9w\">\u2013<\/span><span class=\"CustomP_animated_char__m3r9w\">p\u0142yn<\/span><span class=\"CustomP_animated_char__m3r9w\">\u00a0<\/span><span class=\"CustomP_animated_char__m3r9w\">monitorowanie<\/span><span class=\"CustomP_animated_char__m3r9w\">)<\/span><\/p>\n<p><strong data-sourcepos=\"20:3-20:17\">Opakowanie:<\/strong>\u00a0<strong data-sourcepos=\"20:18-20:32\">10 sztuk\/pude\u0142ko<\/strong><span class=\"CustomP_animated_char__m3r9w\">\u00a0<\/span><span class=\"CustomP_animated_char__m3r9w\">(<\/span><span class=\"CustomP_animated_char__m3r9w\">Sprzeda\u017c detaliczna<\/span><span class=\"CustomP_animated_char__m3r9w\">\u2013<\/span><span class=\"CustomP_animated_char__m3r9w\">gotowy<\/span><span class=\"CustomP_animated_char__m3r9w\">)<\/span><\/p>\n<h2><span style=\"font-size: 90%;\">\u00a0<\/span><\/h2>\n<h3><span style=\"font-size: 90%;\">Bang King Triple 75000 75K Puffs 3 w 1 Smaki Jednorazowa lista smak\u00f3w Vape<\/span><\/h3>\n<p>1.Arbuz \/ Red Bull \/ Truskawka Kiwi<\/p>\n<p>2.Limonka cytrynowa \/ Arbuz truskawkowy \/ L\u00f3d jagodowy<\/p>\n<p>3.Truskawkowy Banan \/ Malinowy Arbuz \/ R\u00f3\u017cowa Lemoniada<\/p>\n<p>4.Niebieska Razz Wi\u015bnia \/ Cool Mint \/ Peach Mango<\/p>\n<p>5. Owoc tropikalny \/ Arbuz truskawkowy \/ Brzoskwinia cytrynowa<\/p>\n<p>6.Ananas Kokos \/ Truskawka Banan \/ Niebieski Razz<\/p>\n<p>7. Arbuz Truskawkowy \/ Potr\u00f3jny Melon \/ L\u00f3d Truskawkowy<\/p>\n<p>8. Mieszanka Owoc\u00f3w \/ Brzoskwinia Mango \/ L\u00f3d Winogronowy<\/p>\n<p>9. Koks truskawkowo-waniliowy \/ l\u00f3d brzoskwiniowy \/ l\u00f3d czarnego smoka<\/p>\n<p>10. Lush Ice \/ Kiwi Gujawa z marakuji \/ S\u0142omiane mango<\/p>\n<p>11. Arbuz Truskawkowy \/ Arbuz \/ Niebieski Razz Ice<\/p>\n<p>12.Lemoniada Jagodowa \/ Red Bull Truskawkowy \/ Pompa Truskawkowa<\/p>\n<p>13.Podw\u00f3jne Jab\u0142ko \/ Fuzja Owocowa \/ L\u00f3d Ananasowy<\/p>\n<p>14.Cola Ice \/ Mr Blue \/ Cherry Cola<\/p>\n<p>15. P\u0105czek truskawkowy \/ L\u00f3d bananowy \/ Mi\u0142o\u015b\u010766<\/p>\n<p>16. Herbata mro\u017cona L\u00f3d cytrynowy \/ Mango na lodzie \/ L\u00f3d liczi<img loading=\"lazy\" decoding=\"async\" class=\"alignnone wp-image-3800 size-full\" src=\"https:\/\/pgvape.com\/wp-content\/uploads\/2025\/10\/Bang-King-75000-Puffs-Flavors.png\" alt=\"Reklama przedstawiaj\u0105ca 16 kolorowych jednorazowych urz\u0105dze\u0144 do waporyzacji rozmieszczonych w dw\u00f3ch rz\u0119dach, ka\u017cdy z unikaln\u0105 ilustracj\u0105 kresk\u00f3wkowej ma\u0142py i etykiet\u0105 smaku na jasnym gradientowym tle z ikonami produkt\u00f3w i du\u017cym nag\u0142\u00f3wkiem &quot;16 smak\u00f3w&quot;.\" width=\"1500\" height=\"1500\" srcset=\"https:\/\/pgvape.com\/wp-content\/uploads\/2025\/10\/Bang-King-75000-Puffs-Flavors.png 1500w, https:\/\/pgvape.com\/wp-content\/uploads\/2025\/10\/Bang-King-75000-Puffs-Flavors-360x360.png 360w, https:\/\/pgvape.com\/wp-content\/uploads\/2025\/10\/Bang-King-75000-Puffs-Flavors-595x595.png 595w, https:\/\/pgvape.com\/wp-content\/uploads\/2025\/10\/Bang-King-75000-Puffs-Flavors-400x400.png 400w, https:\/\/pgvape.com\/wp-content\/uploads\/2025\/10\/Bang-King-75000-Puffs-Flavors-768x768.png 768w, https:\/\/pgvape.com\/wp-content\/uploads\/2025\/10\/Bang-King-75000-Puffs-Flavors-12x12.png 12w, https:\/\/pgvape.com\/wp-content\/uploads\/2025\/10\/Bang-King-75000-Puffs-Flavors-300x300.png 300w, https:\/\/pgvape.com\/wp-content\/uploads\/2025\/10\/Bang-King-75000-Puffs-Flavors-600x600.png 600w, https:\/\/pgvape.com\/wp-content\/uploads\/2025\/10\/Bang-King-75000-Puffs-Flavors-100x100.png 100w, https:\/\/pgvape.com\/wp-content\/uploads\/2025\/10\/Bang-King-75000-Puffs-Flavors-40x40.png 40w\" sizes=\"auto, (max-width: 1500px) 100vw, 1500px\" \/><\/p>\n<p>&nbsp;<\/p>\n<p>&nbsp;<\/p>\n<h2 class=\"header-vfC6AV auto-hide-last-sibling-br\">Cz\u0119sto zadawane pytania dotycz\u0105ce Bang King Triple 75000 75K Puffs Jednorazowy waporyzator o smaku 3 w 1<\/h2>\n<p data-sourcepos=\"37:1-38:111\">\u2753 <strong data-sourcepos=\"37:3-37:41\">Jak dzia\u0142a system 3 smak\u00f3w?<\/strong><br \/>\n\u2705 Prze\u0142\u0105cz pomi\u0119dzy <strong data-sourcepos=\"38:18-38:34\">Smak A\/B\/C<\/strong> lub wymieszaj je (np., <em data-sourcepos=\"38:54-38:82\">Red Bull + Truskawkowe Kiwi<\/em>) z prost\u0105 regulacj\u0105.<\/p>\n<p data-sourcepos=\"40:1-41:91\">\u2753 <strong data-sourcepos=\"40:3-40:48\">Co wyr\u00f3\u017cnia jako\u015b\u0107 pary?<br \/>\n<\/strong> \u2705 <strong data-sourcepos=\"41:3-41:24\">Cewki z potr\u00f3jn\u0105 siatk\u0105<\/strong> dostarcza\u0107 <strong data-sourcepos=\"41:33-41:51\">grubsze chmury<\/strong> I <strong data-sourcepos=\"41:56-41:73\">g\u0142\u0119bszy smak<\/strong> z ka\u017cdym zaci\u0105gni\u0119ciem.<\/p>\n<p data-sourcepos=\"43:1-44:69\">\u2753 <strong data-sourcepos=\"43:3-43:41\">Czy dost\u0119pne jest wapowanie bez nikotyny?<\/strong><br \/>\n\u2705 Tak! <strong data-sourcepos=\"44:12-44:34\">Opcja nikotynowa 0%<\/strong> dostarcza czyste, aromatyczne chmury.<\/p>\n<p data-sourcepos=\"46:1-47:79\">\u2753 <strong data-sourcepos=\"46:3-46:34\">Jak wygodne jest \u0142adowanie?<\/strong><br \/>\n\u2705 <strong data-sourcepos=\"47:3-47:18\">Port typu C<\/strong> w pe\u0142ni \u0142aduje <strong data-sourcepos=\"47:39-47:57\">Bateria 650 mAh<\/strong> W <strong data-sourcepos=\"47:61-47:76\">~45 minut<\/strong>.<\/p>\n<p data-sourcepos=\"49:1-50:105\">\u2753 <strong data-sourcepos=\"49:3-49:29\">Dla kogo jest idealny?<br \/>\n<\/strong> \u2705 <strong data-sourcepos=\"50:3-50:25\">Mi\u0142o\u015bnicy smak\u00f3w<\/strong> I <strong data-sourcepos=\"50:30-50:43\">detali\u015bci<\/strong> poszukuj\u0105cych wysokowydajnych wyrob\u00f3w jednorazowego u\u017cytku z potencja\u0142em zysku.<\/p>\n<p><span style=\"font-size: 90%;\">\u00a0<\/span><\/p>\n<h3 id=\"brxe-najhln\" class=\"brxe-heading\">Cz\u0119sto zadawane pytania (FAQ)<\/h3>\n<div id=\"brxe-rajiac\" class=\"brxe-text\">\n<p><strong>P: Jakie metody p\u0142atno\u015bci akceptujecie?<\/strong><br \/>\nOdp.: Akceptujemy PayPal, Stripe, przelewy bankowe (obs\u0142ugiwane SEPA), g\u0142\u00f3wne karty kredytowe (Visa, MasterCard, American Express) i p\u0142atno\u015bci w kryptowalutach.<\/p>\n<p><strong>P: Jak d\u0142ugo trwa przygotowanie zam\u00f3wienia?<\/strong><br \/>\nOdp.: Przygotowanie zam\u00f3wienia zajmuje 1-3 dni robocze.<\/p>\n<p><strong>P: Jaki jest czas wysy\u0142ki?<\/strong><br \/>\nOdp.: Czas wysy\u0142ki wynosi 7-14 dni roboczych, w zale\u017cno\u015bci od Twojej lokalizacji.<\/p>\n<p><strong>P: Jak mog\u0119 \u015bledzi\u0107 moje zam\u00f3wienie?<\/strong><br \/>\nOdp.: Po wysy\u0142ce otrzymasz wiadomo\u015b\u0107 e-mail z potwierdzeniem i numerem przesy\u0142ki umo\u017cliwiaj\u0105cym \u015bledzenie w czasie rzeczywistym.<\/p>\n<p><strong>P: Jaka jest Twoja polityka zwrot\u00f3w?<\/strong><br \/>\nOdp.: Oferujemy 30-dniow\u0105 polityk\u0119 zwrot\u00f3w lub wymiany. .<\/p>\n<p><strong>P: Czy wyst\u0105pi\u0105 jakie\u015b problemy celne?<br \/>\n<\/strong>Obs\u0142ugujemy wszystkie procedury odprawy celnej, aby zapewni\u0107 Ci bezproblemow\u0105 obs\u0142ug\u0119. .<\/p>\n<p><strong>P: Jakie metody wysy\u0142ki s\u0105 stosowane?<\/strong><br \/>\nWsp\u00f3\u0142pracujemy z firmami UPS\/DHL\/FEDEX\/DPD itp. W zale\u017cno\u015bci od kraju dostawy wybierzemy odpowiedni\u0105 opcj\u0119 wysy\u0142ki, tak aby produkty dotar\u0142y do \u200b\u200bPa\u0144stwa najszybciej jak to mo\u017cliwe.<\/p>\n<p><a href=\"https:\/\/pgvape.com\/pl\/czesto-zadawane-pytania\/\"><span style=\"font-size: 100%;\">Kliknij tutaj, aby uzyska\u0107 wi\u0119cej cz\u0119sto zadawanych pyta\u0144<\/span><\/a><\/p>\n<p>Szanowni klienci, je\u015bli masz jakiekolwiek pytania dotycz\u0105ce zam\u00f3wienia lub przybycia towaru, skontaktuj si\u0119 z naszym dzia\u0142em obs\u0142ugi klienta. Dzi\u0119kuj\u0119!<\/p>\n<h3 data-sourcepos=\"73:1-73:21\"><span style=\"font-size: 90%;\"><strong data-sourcepos=\"73:7-73:21\">Skontaktuj si\u0119 z nami<\/strong><\/span><\/h3>\n<div id=\"text-2419739398\" class=\"text\">\n<p><strong data-sourcepos=\"75:3-75:12\">E-mail<\/strong>:\u00a0<a href=\"mailto:support@pgvape.com\"><strong>support@pgvape.com<\/strong><\/a><\/p>\n<p><strong data-sourcepos=\"76:3-76:15\">WhatsApp<\/strong>: <a href=\"https:\/\/wa.me\/+8618128481258\"><strong>+86 18128481258<\/strong><\/a><br \/>\n<strong>(Odpowied\u017a w ci\u0105gu 24 godzin w dni robocze)<\/strong><\/p>\n<\/div>\n<h3><strong><span style=\"font-size: 80%;\">Dzi\u0119kujemy za wybranie pgvape.com! .<\/span><\/strong><\/h3>\n<\/div>","protected":false},"excerpt":{"rendered":"<p>Z <strong data-sourcepos=\"55:6-55:19\">75 tys. zaci\u0105gni\u0119\u0107<\/strong>, <strong data-sourcepos=\"55:21-55:45\">Wszechstronno\u015b\u0107 3 smak\u00f3w<\/strong>, I <strong data-sourcepos=\"55:51-55:68\">Pojemno\u015b\u0107 45ml<\/strong>, , <strong data-sourcepos=\"55:74-55:98\">Bang King Triple 75 tys<\/strong> wyznacza standardy dla jednorazowych wyrob\u00f3w premium. <strong data-sourcepos=\"55:142-55:161\">16 trio smakowych<\/strong> I <strong data-sourcepos=\"55:166-55:184\">inteligentne \u015bledzenie<\/strong> oferuj\u0105 niesko\u0144czon\u0105 r\u00f3\u017cnorodno\u015b\u0107.<\/p>","protected":false},"featured_media":3813,"comment_status":"open","ping_status":"closed","template":"","meta":{"_seopress_robots_primary_cat":"none","_seopress_titles_title":"%%post_title%% %%sep%% %%sitetitle%%","_seopress_titles_desc":"","_seopress_robots_index":""},"product_brand":[19,516],"product_cat":[326,18,515],"product_tag":[24,328,329,327,90,143],"class_list":{"0":"post-3793","1":"product","2":"type-product","3":"status-publish","4":"has-post-thumbnail","6":"product_brand-bang-king-vape","7":"product_brand-disposable-vape","8":"product_cat-75k-puffs-vape","9":"product_cat-bang-king-vape","10":"product_cat-disposable-vape","11":"product_tag-3-in-1-flavors","12":"product_tag-75k-puffs","13":"product_tag-75k-vape","14":"product_tag-bang-king-triple","15":"product_tag-disposable-vape","16":"product_tag-smart-led-display","18":"first","19":"outofstock","20":"sale","21":"shipping-taxable","22":"purchasable","23":"product-type-variable"},"_links":{"self":[{"href":"https:\/\/pgvape.com\/pl\/wp-json\/wp\/v2\/product\/3793","targetHints":{"allow":["GET"]}}],"collection":[{"href":"https:\/\/pgvape.com\/pl\/wp-json\/wp\/v2\/product"}],"about":[{"href":"https:\/\/pgvape.com\/pl\/wp-json\/wp\/v2\/types\/product"}],"replies":[{"embeddable":true,"href":"https:\/\/pgvape.com\/pl\/wp-json\/wp\/v2\/comments?post=3793"}],"wp:featuredmedia":[{"embeddable":true,"href":"https:\/\/pgvape.com\/pl\/wp-json\/wp\/v2\/media\/3813"}],"wp:attachment":[{"href":"https:\/\/pgvape.com\/pl\/wp-json\/wp\/v2\/media?parent=3793"}],"wp:term":[{"taxonomy":"product_brand","embeddable":true,"href":"https:\/\/pgvape.com\/pl\/wp-json\/wp\/v2\/product_brand?post=3793"},{"taxonomy":"product_cat","embeddable":true,"href":"https:\/\/pgvape.com\/pl\/wp-json\/wp\/v2\/product_cat?post=3793"},{"taxonomy":"product_tag","embeddable":true,"href":"https:\/\/pgvape.com\/pl\/wp-json\/wp\/v2\/product_tag?post=3793"}],"curies":[{"name":"wp","href":"https:\/\/api.w.org\/{rel}","templated":true}]}}