{"id":3706,"date":"2025-10-19T07:07:42","date_gmt":"2025-10-19T07:07:42","guid":{"rendered":"https:\/\/pgvape.com\/?post_type=product&#038;p=3706"},"modified":"2026-03-05T14:33:37","modified_gmt":"2026-03-05T14:33:37","slug":"mr-goodie-uwake-30000-30k-zaciagniec-nos-usta-jednorazowe-vape-vape-factory-direct","status":"publish","type":"product","link":"https:\/\/pgvape.com\/pl\/produkt\/mr-goodie-uwake-30000-30k-zaciagniec-nos-usta-jednorazowe-vape-vape-factory-direct\/","title":{"rendered":"Mr.Goodie UWAKE 30000 30k Puffs Jednorazowe waporyzatory do nosa i ust Factory Direct"},"content":{"rendered":"<div class=\"auto-hide-last-sibling-br paragraph-JOTKXA paragraph-element br-paragraph-space\">\n<p><strong data-sourcepos=\"6:1-6:27\">Pan Goodie UWAKE 30000<\/strong> Rewolucjonizuje <strong data-sourcepos=\"6:43-6:53\">Wapowanie<\/strong> Z <strong data-sourcepos=\"6:63-6:99\">Pierwszy na \u015bwiecie system podw\u00f3jnego wdechu<\/strong> (<strong data-sourcepos=\"6:101-6:118\">Nos i usta<\/strong>). <strong data-sourcepos=\"6:132-6:148\">30 000 zaci\u0105gni\u0119\u0107<\/strong>, <strong data-sourcepos=\"6:150-6:174\">Podw\u00f3jne cewki siatkowe 1,1 \u03a9<\/strong>, I <strong data-sourcepos=\"6:180-6:206\">Pojemno\u015b\u0107 23 ml e-p\u0142ynu<\/strong> Dla intensywnego smaku i d\u0142u\u017cszych sesji. <strong data-sourcepos=\"6:256-6:282\">S\u00f3l nikotynowa 2% lub 5%<\/strong>, wspierany przez A <strong data-sourcepos=\"6:296-6:327\">Akumulator 550 mAh<\/strong>, <strong data-sourcepos=\"6:329-6:353\">Szybkie \u0142adowanie typu C<\/strong>, I <strong data-sourcepos=\"6:359-6:386\">Inteligentne monitorowanie ekranu<\/strong>. .<\/p>\n<p>&nbsp;<\/p>\n<\/div>\n<h2><span style=\"font-size: 90%;\">Mr.Goodie UWAKE 30000 | 30k Puffs Jednorazowy waporyzator do nosa i ust Dane techniczne<\/span><\/h2>\n<p><strong data-sourcepos=\"11:3-11:17\">Inhalacja<\/strong>:\u00a0<strong data-sourcepos=\"11:19-11:34\">System podw\u00f3jny<\/strong>\u00a0(<strong data-sourcepos=\"11:36-11:53\">Nos i usta<\/strong>)<\/p>\n<p><strong data-sourcepos=\"12:3-12:17\">Liczba puf\u00f3w<\/strong>:\u00a0<strong data-sourcepos=\"12:19-12:35\">30 000 zaci\u0105gni\u0119\u0107<\/strong><\/p>\n<p><strong data-sourcepos=\"13:3-13:15\">Nikotyna<\/strong>:\u00a0<strong data-sourcepos=\"13:17-13:42\">S\u00f3l nikotynowa 2% \/ 5%<\/strong><\/p>\n<p><strong data-sourcepos=\"14:3-14:11\">Cewka<\/strong>:\u00a0<strong data-sourcepos=\"14:13-14:37\">Podw\u00f3jne cewki siatkowe 1,1 \u03a9<\/strong><\/p>\n<p><strong data-sourcepos=\"15:3-15:15\">E-ciecz<\/strong>:\u00a0<strong data-sourcepos=\"15:17-15:44\">Wst\u0119pnie nape\u0142niona pojemno\u015b\u0107 23 ml<\/strong><\/p>\n<p><strong data-sourcepos=\"16:3-16:14\">Bateria<\/strong>:\u00a0<strong data-sourcepos=\"16:16-16:39\">Akumulator 550 mAh<\/strong><\/p>\n<p><strong data-sourcepos=\"17:3-17:15\">\u0141adowanie<\/strong>:\u00a0<strong data-sourcepos=\"17:17-17:37\">Szybki port typu C<\/strong><\/p>\n<p><strong data-sourcepos=\"18:3-18:14\">Wy\u015bwietlacz<\/strong>:\u00a0<strong data-sourcepos=\"18:16-18:32\">Inteligentny ekran<\/strong>\u00a0(Poziomy baterii\/p\u0142ynu E)<\/p>\n<p><strong data-sourcepos=\"19:3-19:14\">Pakiet<\/strong>:\u00a0<strong data-sourcepos=\"19:16-19:33\">5 urz\u0105dze\u0144\/pude\u0142ko<\/strong><\/p>\n<h3 id=\"brxe-najhln\" class=\"brxe-heading\"><img loading=\"lazy\" decoding=\"async\" class=\"alignnone wp-image-3725 size-full\" style=\"color: #555555; font-size: 14.4px;\" src=\"https:\/\/pgvape.com\/wp-content\/uploads\/2025\/10\/pgvape-Mr.Goodie-UWAKE-30000-30k-Puffs-Nasal-Mouth-Disposable-Vape-17.png\" alt=\"\" width=\"1920\" height=\"1080\" srcset=\"https:\/\/pgvape.com\/wp-content\/uploads\/2025\/10\/pgvape-Mr.Goodie-UWAKE-30000-30k-Puffs-Nasal-Mouth-Disposable-Vape-17.png 1920w, https:\/\/pgvape.com\/wp-content\/uploads\/2025\/10\/pgvape-Mr.Goodie-UWAKE-30000-30k-Puffs-Nasal-Mouth-Disposable-Vape-17-555x312.png 555w, https:\/\/pgvape.com\/wp-content\/uploads\/2025\/10\/pgvape-Mr.Goodie-UWAKE-30000-30k-Puffs-Nasal-Mouth-Disposable-Vape-17-595x335.png 595w, https:\/\/pgvape.com\/wp-content\/uploads\/2025\/10\/pgvape-Mr.Goodie-UWAKE-30000-30k-Puffs-Nasal-Mouth-Disposable-Vape-17-400x225.png 400w, https:\/\/pgvape.com\/wp-content\/uploads\/2025\/10\/pgvape-Mr.Goodie-UWAKE-30000-30k-Puffs-Nasal-Mouth-Disposable-Vape-17-768x432.png 768w, https:\/\/pgvape.com\/wp-content\/uploads\/2025\/10\/pgvape-Mr.Goodie-UWAKE-30000-30k-Puffs-Nasal-Mouth-Disposable-Vape-17-1536x864.png 1536w, https:\/\/pgvape.com\/wp-content\/uploads\/2025\/10\/pgvape-Mr.Goodie-UWAKE-30000-30k-Puffs-Nasal-Mouth-Disposable-Vape-17-18x10.png 18w, https:\/\/pgvape.com\/wp-content\/uploads\/2025\/10\/pgvape-Mr.Goodie-UWAKE-30000-30k-Puffs-Nasal-Mouth-Disposable-Vape-17-600x338.png 600w, https:\/\/pgvape.com\/wp-content\/uploads\/2025\/10\/pgvape-Mr.Goodie-UWAKE-30000-30k-Puffs-Nasal-Mouth-Disposable-Vape-17-60x34.png 60w\" sizes=\"auto, (max-width: 1920px) 100vw, 1920px\" \/><\/h3>\n<h3><span style=\"font-size: 90%;\">Mr.Goodie UWAKE 30000 | 30k Ptysi\u00f3w Jednorazowa lista smak\u00f3w do nosa i ust<\/span><\/h3>\n<p>1. L\u00f3d kokosowy<\/p>\n<p>2. Krem waniliowy<\/p>\n<p>3.Podw\u00f3jne jab\u0142ko<\/p>\n<p>4.Awokado Osmantus<\/p>\n<p>5.Latte<\/p>\n<p>6. R\u00f3\u017ca ja\u015bminowa<\/p>\n<p>7. R\u00f3\u017ca liczi<\/p>\n<p>8.L\u00f3d Melonowy<\/p>\n<p>9. L\u00f3d truskawkowy<\/p>\n<p>10. Li\u015b\u0107 mi\u0119ty<\/p>\n<p>11. L\u00f3d Sakura z bia\u0142ej brzoskwini<\/p>\n<p>12.L\u00f3d bananowy<img loading=\"lazy\" decoding=\"async\" class=\"alignnone wp-image-3726 size-full\" src=\"https:\/\/pgvape.com\/wp-content\/uploads\/2025\/10\/pgvape-Mr.Goodie-UWAKE-30000-30k-Puffs-Nasal-Mouth-Disposable-Vape-18.png\" alt=\"\" width=\"1920\" height=\"1267\" srcset=\"https:\/\/pgvape.com\/wp-content\/uploads\/2025\/10\/pgvape-Mr.Goodie-UWAKE-30000-30k-Puffs-Nasal-Mouth-Disposable-Vape-18.png 1920w, https:\/\/pgvape.com\/wp-content\/uploads\/2025\/10\/pgvape-Mr.Goodie-UWAKE-30000-30k-Puffs-Nasal-Mouth-Disposable-Vape-18-546x360.png 546w, https:\/\/pgvape.com\/wp-content\/uploads\/2025\/10\/pgvape-Mr.Goodie-UWAKE-30000-30k-Puffs-Nasal-Mouth-Disposable-Vape-18-595x393.png 595w, https:\/\/pgvape.com\/wp-content\/uploads\/2025\/10\/pgvape-Mr.Goodie-UWAKE-30000-30k-Puffs-Nasal-Mouth-Disposable-Vape-18-400x264.png 400w, https:\/\/pgvape.com\/wp-content\/uploads\/2025\/10\/pgvape-Mr.Goodie-UWAKE-30000-30k-Puffs-Nasal-Mouth-Disposable-Vape-18-768x507.png 768w, https:\/\/pgvape.com\/wp-content\/uploads\/2025\/10\/pgvape-Mr.Goodie-UWAKE-30000-30k-Puffs-Nasal-Mouth-Disposable-Vape-18-1536x1014.png 1536w, https:\/\/pgvape.com\/wp-content\/uploads\/2025\/10\/pgvape-Mr.Goodie-UWAKE-30000-30k-Puffs-Nasal-Mouth-Disposable-Vape-18-18x12.png 18w, https:\/\/pgvape.com\/wp-content\/uploads\/2025\/10\/pgvape-Mr.Goodie-UWAKE-30000-30k-Puffs-Nasal-Mouth-Disposable-Vape-18-600x396.png 600w, https:\/\/pgvape.com\/wp-content\/uploads\/2025\/10\/pgvape-Mr.Goodie-UWAKE-30000-30k-Puffs-Nasal-Mouth-Disposable-Vape-18-60x40.png 60w\" sizes=\"auto, (max-width: 1920px) 100vw, 1920px\" \/><\/p>\n<h2 class=\"header-vfC6AV auto-hide-last-sibling-br\"><\/h2>\n<h3><span style=\"font-size: 90%;\">Mr.Goodie UWAKE 30000 | 30k Puffs Jednorazowy Vape do nosa i ust:<\/span><\/h3>\n<h3 id=\"brxe-najhln\" class=\"brxe-heading\"><\/h3>\n<h2 class=\"header-vfC6AV auto-hide-last-sibling-br\">Cz\u0119sto zadawane pytania na temat Mr.Goodie UWAKE 30000 | 30k Puffs Jednorazowy waporyzator do nosa i ust<\/h2>\n<p data-sourcepos=\"40:1-41:128\">\u2753 <strong data-sourcepos=\"40:3-40:50\">\u201cJak dzia\u0142a system podw\u00f3jnego wdechu?<br \/>\n\u201c<\/strong> \u2705 <strong data-sourcepos=\"41:3-41:126\">\u201cWaporyzuj tradycyjnie przez usta lub u\u017cywaj inhalacji przez nos, aby przyspieszy\u0107 wch\u0142anianie nikotyny i uzyska\u0107 wyj\u0105tkowe doznania\u201d.\u201d<\/strong><\/p>\n<p data-sourcepos=\"43:1-44:101\">\u2753 <strong data-sourcepos=\"43:3-43:47\">\u201cCo sprawia, \u017ce \u200b\u200bpodw\u00f3jne cewki s\u0105 wyj\u0105tkowe?<br \/>\n\u201c<\/strong> \u2705 <strong data-sourcepos=\"44:3-44:99\">\u201cPodw\u00f3jne cewki siatkowe 1,1 \u03a9 zapewniaj\u0105 bogatszy smak i g\u0142adsz\u0105 par\u0119 z obu zbiornik\u00f3w.\u201d<\/strong><\/p>\n<p data-sourcepos=\"46:1-47:98\">\u2753 <strong data-sourcepos=\"46:3-46:44\">\u201cJak d\u0142ugo wytrzymuje bateria?<br \/>\n\u201c<\/strong> \u2705 <strong data-sourcepos=\"47:3-47:96\">\u201cAkumulator 550 mAh wytrzymuje ca\u0142y dzie\u0144; \u0142adowanie typu C pozwala na uzupe\u0142nienie energii w 30 minut.\u201d<\/strong><\/p>\n<p data-sourcepos=\"49:1-50:89\">\u2753 <strong data-sourcepos=\"49:3-49:41\">\u201cCzy mog\u0119 \u015bledzi\u0107 poziomy e-liquidu?<br \/>\n\u201c<\/strong> \u2705 <strong data-sourcepos=\"50:3-50:87\">\u201cTak, inteligentny ekran pokazuje w czasie rzeczywistym stan e-liquidu i baterii.\u201d<\/strong><\/p>\n<p data-sourcepos=\"52:1-53:94\">\u2753 <strong data-sourcepos=\"52:3-52:49\">\u201cCzy dost\u0119pne s\u0105 opcje zawieraj\u0105ce wysok\u0105 nikotyn\u0119?<br \/>\n\u201c<\/strong> \u2705 <strong data-sourcepos=\"53:3-53:92\">\u201cWybierz s\u00f3l nikotynow\u0105 2% (umiarkowana) lub 5% (silna), aby uzyska\u0107 niestandardow\u0105 intensywno\u015b\u0107\u201d.\u201d<\/strong><\/p>\n<p>&nbsp;<\/p>\n<h3 id=\"brxe-najhln\" class=\"brxe-heading\">Cz\u0119sto zadawane pytania (FAQ)<\/h3>\n<div id=\"brxe-rajiac\" class=\"brxe-text\">\n<p><strong>P: Jakie metody p\u0142atno\u015bci akceptujecie?<\/strong><br \/>\nOdp.: Akceptujemy PayPal, Stripe, przelewy bankowe (obs\u0142ugiwane SEPA), g\u0142\u00f3wne karty kredytowe (Visa, MasterCard, American Express) i p\u0142atno\u015bci w kryptowalutach.<\/p>\n<p><strong>P: Jak d\u0142ugo trwa przygotowanie zam\u00f3wienia?<\/strong><br \/>\nOdp.: Przygotowanie zam\u00f3wienia zajmuje 1-3 dni robocze.<\/p>\n<p><strong>P: Jaki jest czas wysy\u0142ki?<\/strong><br \/>\nOdp.: Czas wysy\u0142ki wynosi 7-14 dni roboczych, w zale\u017cno\u015bci od Twojej lokalizacji.<\/p>\n<p><strong>P: Jak mog\u0119 \u015bledzi\u0107 moje zam\u00f3wienie?<\/strong><br \/>\nOdp.: Po wysy\u0142ce otrzymasz wiadomo\u015b\u0107 e-mail z potwierdzeniem i numerem przesy\u0142ki umo\u017cliwiaj\u0105cym \u015bledzenie w czasie rzeczywistym.<\/p>\n<p><strong>P: Jaka jest Twoja polityka zwrot\u00f3w?<\/strong><br \/>\nOdp.: Oferujemy 30-dniow\u0105 polityk\u0119 zwrot\u00f3w lub wymiany. .<\/p>\n<p><strong>P: Czy wyst\u0105pi\u0105 jakie\u015b problemy celne?<br \/>\n<\/strong>Obs\u0142ugujemy wszystkie procedury odprawy celnej, aby zapewni\u0107 Ci bezproblemow\u0105 obs\u0142ug\u0119. .<\/p>\n<p><strong>P: Jakie metody wysy\u0142ki s\u0105 stosowane?<\/strong><br \/>\nWsp\u00f3\u0142pracujemy z firmami UPS\/DHL\/FEDEX\/DPD itp. W zale\u017cno\u015bci od kraju dostawy wybierzemy odpowiedni\u0105 opcj\u0119 wysy\u0142ki, tak aby produkty dotar\u0142y do \u200b\u200bPa\u0144stwa najszybciej jak to mo\u017cliwe.<\/p>\n<p><a href=\"https:\/\/pgvape.com\/pl\/czesto-zadawane-pytania\/\">Kliknij tutaj, aby uzyska\u0107 wi\u0119cej cz\u0119sto zadawanych pyta\u0144<\/a><\/p>\n<p>Szanowni klienci, je\u015bli masz jakiekolwiek pytania dotycz\u0105ce zam\u00f3wienia lub przybycia towaru, skontaktuj si\u0119 z naszym dzia\u0142em obs\u0142ugi klienta. Dzi\u0119kuj\u0119!<\/p>\n<h3 data-sourcepos=\"73:1-73:21\"><strong data-sourcepos=\"73:7-73:21\">Skontaktuj si\u0119 z nami<\/strong><\/h3>\n<div id=\"text-2419739398\" class=\"text\">\n<p><strong data-sourcepos=\"75:3-75:12\">E-mail<\/strong>:\u00a0<a href=\"mailto:support@pgvape.com\"><strong>support@pgvape.com<\/strong><\/a><\/p>\n<p><strong data-sourcepos=\"76:3-76:15\">WhatsApp<\/strong>: <a href=\"https:\/\/wa.me\/+8618128481258\"><strong>+86 18128481258<\/strong><\/a><br \/>\n<strong>(Odpowied\u017a w ci\u0105gu 24 godzin w dni robocze)<\/strong><\/p>\n<\/div>\n<h3><strong>Dzi\u0119kujemy za wybranie pgvape.com! .<\/strong><\/h3>\n<\/div>","protected":false},"excerpt":{"rendered":"<p><strong data-sourcepos=\"58:1-58:191\">\u201cMr. Goodie UWAKE 30000: Pierwszy na \u015bwiecie jednorazowy waporyzator z podw\u00f3jnym wdechem, zapewniaj\u0105cy 30 000 zaci\u0105gni\u0119\u0107, podw\u00f3jn\u0105 cewk\u0105 siatkow\u0105, inteligentnym wy\u015bwietlaczem i 12 smakami \u2013 zasilany bateri\u0105 550 mAh.\u201d<\/strong><\/p>","protected":false},"featured_media":3709,"comment_status":"open","ping_status":"closed","template":"","meta":{"_seopress_robots_primary_cat":"none","_seopress_titles_title":"%%post_title%% %%sep%% %%sitetitle%%","_seopress_titles_desc":"","_seopress_robots_index":""},"product_brand":[516,311],"product_cat":[35,515,312],"product_tag":[38,134,90,323,324,136,204],"class_list":{"0":"post-3706","1":"product","2":"type-product","3":"status-publish","4":"has-post-thumbnail","6":"product_brand-disposable-vape","7":"product_brand-mr-goodie-vape","8":"product_cat-30k-puffs-vape","9":"product_cat-disposable-vape","10":"product_cat-mr-goodie-vape","11":"product_tag-30k-puffs","12":"product_tag-30k-vape","13":"product_tag-disposable-vape","14":"product_tag-mr-goodie-uwake","15":"product_tag-nasal-mouth","16":"product_tag-smart-screen","17":"product_tag-vape-factory-direct","19":"first","20":"outofstock","21":"sale","22":"shipping-taxable","23":"purchasable","24":"product-type-variable"},"_links":{"self":[{"href":"https:\/\/pgvape.com\/pl\/wp-json\/wp\/v2\/product\/3706","targetHints":{"allow":["GET"]}}],"collection":[{"href":"https:\/\/pgvape.com\/pl\/wp-json\/wp\/v2\/product"}],"about":[{"href":"https:\/\/pgvape.com\/pl\/wp-json\/wp\/v2\/types\/product"}],"replies":[{"embeddable":true,"href":"https:\/\/pgvape.com\/pl\/wp-json\/wp\/v2\/comments?post=3706"}],"wp:featuredmedia":[{"embeddable":true,"href":"https:\/\/pgvape.com\/pl\/wp-json\/wp\/v2\/media\/3709"}],"wp:attachment":[{"href":"https:\/\/pgvape.com\/pl\/wp-json\/wp\/v2\/media?parent=3706"}],"wp:term":[{"taxonomy":"product_brand","embeddable":true,"href":"https:\/\/pgvape.com\/pl\/wp-json\/wp\/v2\/product_brand?post=3706"},{"taxonomy":"product_cat","embeddable":true,"href":"https:\/\/pgvape.com\/pl\/wp-json\/wp\/v2\/product_cat?post=3706"},{"taxonomy":"product_tag","embeddable":true,"href":"https:\/\/pgvape.com\/pl\/wp-json\/wp\/v2\/product_tag?post=3706"}],"curies":[{"name":"wp","href":"https:\/\/api.w.org\/{rel}","templated":true}]}}