{"id":3657,"date":"2025-10-18T12:41:58","date_gmt":"2025-10-18T12:41:58","guid":{"rendered":"https:\/\/pgvape.com\/?post_type=product&#038;p=3657"},"modified":"2026-03-24T03:16:17","modified_gmt":"2026-03-24T03:16:17","slug":"mr-goodie-20000-20-tys-zaciagniec-podwojny-magazyn-jednorazowy-vape-akumulatorowy-vape-factory-direct","status":"publish","type":"product","link":"https:\/\/pgvape.com\/pl\/produkt\/mr-goodie-20000-20-tys-zaciagniec-podwojny-magazyn-jednorazowy-vape-akumulatorowy-vape-factory-direct\/","title":{"rendered":"Mr.Goodie 20000 20K Puffs Double Warehouse Jednorazowy Vape Akumulator Vape Factory Direct"},"content":{"rendered":"<div class=\"auto-hide-last-sibling-br paragraph-JOTKXA paragraph-element br-paragraph-space\">\n<p><strong data-sourcepos=\"4:5-4:67\">Jednorazowy pojemnik na vape Mr.Goodie 20000 Puffs Double Warehouse<\/strong> Dostarcza <strong data-sourcepos=\"4:77-4:99\">Niezr\u00f3wnana pojemno\u015b\u0107<\/strong> Z <strong data-sourcepos=\"4:105-4:133\">40 ml wst\u0119pnie nape\u0142nionego e-p\u0142ynu<\/strong> (20ml\u00d72) I <strong data-sourcepos=\"4:147-4:174\">20 000 bardzo d\u0142ugich zaci\u0105gni\u0119\u0107<\/strong>. <strong data-sourcepos=\"4:188-4:206\">Cewka siatkowa 1,0 \u03a9<\/strong> Dla bogatego smaku i <strong data-sourcepos=\"4:227-4:258\">Akumulator 650 mAh<\/strong> Z <strong data-sourcepos=\"4:264-4:283\">\u0141adowanie typu C<\/strong>, Zosta\u0142 zaprojektowany z my\u015bl\u0105 o zwi\u0119kszonej wydajno\u015bci. <strong data-sourcepos=\"4:334-4:360\">S\u00f3l nikotynowa 2% lub 5%<\/strong> Przez <strong data-sourcepos=\"4:368-4:390\">12 smak\u00f3w premium<\/strong> Dla indywidualnej satysfakcji.<\/p>\n<p>&nbsp;<\/p>\n<h2><span style=\"font-size: 90%; color: #333333;\">Dane techniczne jednorazowego waporyzatora Mr.Goodie 20000 20K Puffs Double Warehouse<\/span><\/h2>\n<\/div>\n<p><strong data-sourcepos=\"9:3-9:17\">Liczba puf\u00f3w<\/strong>:\u00a0<strong data-sourcepos=\"9:19-9:35\">20 000 zaci\u0105gni\u0119\u0107<\/strong><\/p>\n<p><strong data-sourcepos=\"10:3-10:15\">E-ciecz<\/strong>:\u00a0<strong data-sourcepos=\"10:17-10:42\">40 ml (podw\u00f3jne kapsu\u0142ki 20 ml)<\/strong><\/p>\n<p><strong data-sourcepos=\"11:3-11:15\">Nikotyna<\/strong>:\u00a0<strong data-sourcepos=\"11:17-11:42\">S\u00f3l nikotynowa 2% \/ 5%<\/strong><\/p>\n<p><strong data-sourcepos=\"12:3-12:11\">Cewka<\/strong>:\u00a0<strong data-sourcepos=\"12:13-12:31\">Cewka siatkowa 1,0 \u03a9<\/strong><\/p>\n<p><strong data-sourcepos=\"13:3-13:14\">Bateria<\/strong>:\u00a0<strong data-sourcepos=\"13:16-13:39\">Akumulator 650 mAh<\/strong><\/p>\n<p><strong data-sourcepos=\"14:3-14:15\">\u0141adowanie<\/strong>:\u00a0<strong data-sourcepos=\"14:17-14:37\">Szybki port typu C<\/strong><\/p>\n<p><strong data-sourcepos=\"15:3-15:14\">Pakiet<\/strong>:\u00a0<strong data-sourcepos=\"15:16-15:59\">1 kapsu\u0142a + 2 pojemniki TPU + kabel typu C<\/strong><\/p>\n<p>&nbsp;<\/p>\n<h3><span style=\"font-size: 90%;\">Mr.Goodie 20000 20K Puffs Double Warehouse Jednorazowa lista smak\u00f3w Vape<\/span><\/h3>\n<p>1. W\u0142\u00f3cznia Mint<\/p>\n<p>2. Cytrynowa t\u0119cza<\/p>\n<p>3. Nied\u017awied\u017a cukierkowy<\/p>\n<p>4.Mro\u017cony arbuz<\/p>\n<p>5. Soczysta brzoskwinia<\/p>\n<p>6. Fioletowe winogrona<\/p>\n<p>7. Spad\u017a mi\u0119towa<\/p>\n<p>8.Truskawkowe Kiwi<\/p>\n<p>9. Jab\u0142ko Fuji<\/p>\n<p>10.Truskawkowy Banan<\/p>\n<p>11.Niebieski Razz<\/p>\n<p>12.Lody Truskawkowe<img loading=\"lazy\" decoding=\"async\" class=\"alignnone wp-image-3689 size-full\" src=\"https:\/\/pgvape.com\/wp-content\/uploads\/2025\/10\/Mr.Goodie-20000-20K-Puffs-Double-Warehouse-Disposable-VapeMr.Goodie-20000-20K-Puffs-Double-Warehouse-Disposable-Vape-3_\u526f\u672c.png\" alt=\"Osiem kolorowych jednorazowych saszetek do waporyzacji u\u0142o\u017conych w dw\u00f3ch rz\u0119dach po cztery, ka\u017cda z zaokr\u0105glon\u0105 bia\u0142\u0105 g\u00f3r\u0105, logo u\u015bmiechni\u0119tego psa i etykiet\u0105 &quot;mr.goodie 20,000 1 dodatkowa kapsu\u0142ka&quot;; .\" width=\"1500\" height=\"1500\" srcset=\"https:\/\/pgvape.com\/wp-content\/uploads\/2025\/10\/Mr.Goodie-20000-20K-Puffs-Double-Warehouse-Disposable-VapeMr.Goodie-20000-20K-Puffs-Double-Warehouse-Disposable-Vape-3_\u526f\u672c.png 1500w, https:\/\/pgvape.com\/wp-content\/uploads\/2025\/10\/Mr.Goodie-20000-20K-Puffs-Double-Warehouse-Disposable-VapeMr.Goodie-20000-20K-Puffs-Double-Warehouse-Disposable-Vape-3_\u526f\u672c-360x360.png 360w, https:\/\/pgvape.com\/wp-content\/uploads\/2025\/10\/Mr.Goodie-20000-20K-Puffs-Double-Warehouse-Disposable-VapeMr.Goodie-20000-20K-Puffs-Double-Warehouse-Disposable-Vape-3_\u526f\u672c-595x595.png 595w, https:\/\/pgvape.com\/wp-content\/uploads\/2025\/10\/Mr.Goodie-20000-20K-Puffs-Double-Warehouse-Disposable-VapeMr.Goodie-20000-20K-Puffs-Double-Warehouse-Disposable-Vape-3_\u526f\u672c-400x400.png 400w, https:\/\/pgvape.com\/wp-content\/uploads\/2025\/10\/Mr.Goodie-20000-20K-Puffs-Double-Warehouse-Disposable-VapeMr.Goodie-20000-20K-Puffs-Double-Warehouse-Disposable-Vape-3_\u526f\u672c-768x768.png 768w, https:\/\/pgvape.com\/wp-content\/uploads\/2025\/10\/Mr.Goodie-20000-20K-Puffs-Double-Warehouse-Disposable-VapeMr.Goodie-20000-20K-Puffs-Double-Warehouse-Disposable-Vape-3_\u526f\u672c-12x12.png 12w, https:\/\/pgvape.com\/wp-content\/uploads\/2025\/10\/Mr.Goodie-20000-20K-Puffs-Double-Warehouse-Disposable-VapeMr.Goodie-20000-20K-Puffs-Double-Warehouse-Disposable-Vape-3_\u526f\u672c-300x300.png 300w, https:\/\/pgvape.com\/wp-content\/uploads\/2025\/10\/Mr.Goodie-20000-20K-Puffs-Double-Warehouse-Disposable-VapeMr.Goodie-20000-20K-Puffs-Double-Warehouse-Disposable-Vape-3_\u526f\u672c-600x600.png 600w, https:\/\/pgvape.com\/wp-content\/uploads\/2025\/10\/Mr.Goodie-20000-20K-Puffs-Double-Warehouse-Disposable-VapeMr.Goodie-20000-20K-Puffs-Double-Warehouse-Disposable-Vape-3_\u526f\u672c-100x100.png 100w, https:\/\/pgvape.com\/wp-content\/uploads\/2025\/10\/Mr.Goodie-20000-20K-Puffs-Double-Warehouse-Disposable-VapeMr.Goodie-20000-20K-Puffs-Double-Warehouse-Disposable-Vape-3_\u526f\u672c-40x40.png 40w\" sizes=\"auto, (max-width: 1500px) 100vw, 1500px\" \/><\/p>\n<p>&nbsp;<\/p>\n<h3 class=\"brxe-heading\"><span style=\"font-size: 90%;\">Mr.Goodie 20000 20K Puffs Double Warehouse Jednorazowe wideo Vape:<\/span><\/h3>\n<h2 class=\"auto-hide-last-sibling-br paragraph-JOTKXA paragraph-element br-paragraph-space\"><span style=\"font-size: 90%;\"><span style=\"color: #333333;\">Cz\u0119sto zadawane pytania dotycz\u0105ce <\/span>Mr.Goodie 20000 20K Puffs Double Warehouse Jednorazowy Vape<\/span><\/h2>\n<p data-sourcepos=\"36:1-37:108\">\u2753 <strong data-sourcepos=\"36:3-36:55\">\u201cJak dzia\u0142a projekt podw\u00f3jnego magazynu?<br \/>\n\u201c<\/strong> \u2705 <strong data-sourcepos=\"37:3-37:106\">\u201cDwie kapsu\u0142ki o pojemno\u015bci 20 ml zapewniaj\u0105 \u0142\u0105cznie 40 ml p\u0142ynu E, eliminuj\u0105c cz\u0119ste uzupe\u0142nianie w przypadku d\u0142ugotrwa\u0142ego u\u017cytkowania.\u201d<\/strong><\/p>\n<p data-sourcepos=\"39:1-40:110\">\u2753 <strong data-sourcepos=\"39:3-39:47\">\u201cCo sprawia, \u017ce \u200b\u200bcewka siatkowa jest lepsza?<br \/>\n\u201c<\/strong> \u2705 <strong data-sourcepos=\"40:3-40:108\">\u201cCewka siatkowa o rezystancji 1,0 \u03a9 zapewnia r\u00f3wnomierne ogrzewanie, g\u0119stsz\u0105 par\u0119 i zwi\u0119kszon\u0105 klarowno\u015b\u0107 smaku\u201d.\u201d<\/strong><\/p>\n<p data-sourcepos=\"42:1-43:112\">\u2753 <strong data-sourcepos=\"42:3-42:37\">\u201cCzy bateria wytrzyma d\u0142ugo?<br \/>\n\u201c<\/strong> \u2705 <strong data-sourcepos=\"43:3-43:110\">\u201cBateria 650 mAh umo\u017cliwia wapowanie przez ca\u0142y dzie\u0144; \u0142adowanie typu C przywraca energi\u0119 w 30 minut.\u201d<\/strong><\/p>\n<p data-sourcepos=\"45:1-46:101\">\u2753 <strong data-sourcepos=\"45:3-45:44\">\u201cCzy istniej\u0105 opcje niskonikotynowe?<br \/>\n\u201c<\/strong> \u2705 <strong data-sourcepos=\"46:3-46:99\">\u201cTak! Wybierz s\u00f3l nikotynow\u0105 2% (\u0142agodna) lub 5% (silna), aby uzyska\u0107 spersonalizowan\u0105 intensywno\u015b\u0107.\u201d<\/strong><\/p>\n<p data-sourcepos=\"48:1-49:87\">\u2753 <strong data-sourcepos=\"48:3-48:40\">\u201cCo zawiera pakiet?<br \/>\n\u201c<\/strong> \u2705 <strong data-sourcepos=\"49:3-49:85\">\u201c1 wst\u0119pnie nape\u0142niona kapsu\u0142a, 2 pojemniki z TPU i kabel typu C do natychmiastowego u\u017cycia\u201d.\u201d<\/strong><\/p>\n<p>&nbsp;<\/p>\n<h3 id=\"brxe-najhln\" class=\"brxe-heading\">Cz\u0119sto zadawane pytania (FAQ)<\/h3>\n<div id=\"brxe-rajiac\" class=\"brxe-text\">\n<p><strong>P: Jakie metody p\u0142atno\u015bci akceptujecie?<\/strong><br \/>\nOdp.: Akceptujemy PayPal, Stripe, przelewy bankowe (obs\u0142ugiwane SEPA), g\u0142\u00f3wne karty kredytowe (Visa, MasterCard, American Express) i p\u0142atno\u015bci w kryptowalutach.<\/p>\n<p><strong>P: Jak d\u0142ugo trwa przygotowanie zam\u00f3wienia?<\/strong><br \/>\nOdp.: Przygotowanie zam\u00f3wienia zajmuje 1-3 dni robocze.<\/p>\n<p><strong>P: Jaki jest czas wysy\u0142ki?<\/strong><br \/>\nOdp.: Czas wysy\u0142ki wynosi 7-14 dni roboczych, w zale\u017cno\u015bci od Twojej lokalizacji.<\/p>\n<p><strong>P: Jak mog\u0119 \u015bledzi\u0107 moje zam\u00f3wienie?<\/strong><br \/>\nOdp.: Po wysy\u0142ce otrzymasz wiadomo\u015b\u0107 e-mail z potwierdzeniem i numerem przesy\u0142ki umo\u017cliwiaj\u0105cym \u015bledzenie w czasie rzeczywistym.<\/p>\n<p><strong>P: Jaka jest Twoja polityka zwrot\u00f3w?<\/strong><br \/>\nOdp.: Oferujemy 30-dniow\u0105 polityk\u0119 zwrot\u00f3w lub wymiany. .<\/p>\n<p><strong>P: Czy wyst\u0105pi\u0105 jakie\u015b problemy celne?<br \/>\n<\/strong>Obs\u0142ugujemy wszystkie procedury odprawy celnej, aby zapewni\u0107 Ci bezproblemow\u0105 obs\u0142ug\u0119. .<\/p>\n<p><strong>P: Jakie metody wysy\u0142ki s\u0105 stosowane?<\/strong><br \/>\nWsp\u00f3\u0142pracujemy z firmami UPS\/DHL\/FEDEX\/DPD itp. W zale\u017cno\u015bci od kraju dostawy wybierzemy odpowiedni\u0105 opcj\u0119 wysy\u0142ki, tak aby produkty dotar\u0142y do \u200b\u200bPa\u0144stwa najszybciej jak to mo\u017cliwe.<\/p>\n<p><a href=\"https:\/\/pgvape.com\/pl\/czesto-zadawane-pytania\/\">Kliknij tutaj, aby uzyska\u0107 wi\u0119cej cz\u0119sto zadawanych pyta\u0144<\/a><\/p>\n<p>Szanowni klienci, je\u015bli masz jakiekolwiek pytania dotycz\u0105ce zam\u00f3wienia lub przybycia towaru, skontaktuj si\u0119 z naszym dzia\u0142em obs\u0142ugi klienta. Dzi\u0119kuj\u0119!<\/p>\n<h3 data-sourcepos=\"73:1-73:21\"><strong data-sourcepos=\"73:7-73:21\">Skontaktuj si\u0119 z nami<\/strong><\/h3>\n<div id=\"text-2419739398\" class=\"text\">\n<p><strong data-sourcepos=\"75:3-75:12\">E-mail<\/strong>:\u00a0<a href=\"mailto:support@pgvape.com\"><strong>support@pgvape.com<\/strong><\/a><\/p>\n<p><strong data-sourcepos=\"76:3-76:15\">WhatsApp<\/strong>: <a href=\"https:\/\/wa.me\/+8618128481258\"><strong>+86 18128481258<\/strong><\/a><br \/>\n<strong>(Odpowied\u017a w ci\u0105gu 24 godzin w dni robocze)<\/strong><\/p>\n<\/div>\n<h3><strong>Dzi\u0119kujemy za wybranie pgvape.com! .<\/strong><\/h3>\n<\/div>","protected":false},"excerpt":{"rendered":"<p><strong data-sourcepos=\"54:1-54:186\">\u201cMr.Goodie 20000: Jednorazowa kapsu\u0142ka Double Warehouse z 40 ml e-liquidu, 20 000 zaci\u0105gni\u0119\u0107, cewk\u0105 z siatk\u0105 1,0 \u03a9 i 12 smakami \u2013 zasilana akumulatorem 650 mAh.\u201d<\/strong><\/p>","protected":false},"featured_media":3683,"comment_status":"open","ping_status":"closed","template":"","meta":{"_seopress_robots_primary_cat":"none","_seopress_titles_title":"%%post_title%% %%sep%% %%sitetitle%%","_seopress_titles_desc":"","_seopress_robots_index":""},"product_brand":[516,311],"product_cat":[84,515,312],"product_tag":[88,89,90,322,321,259],"class_list":{"0":"post-3657","1":"product","2":"type-product","3":"status-publish","4":"has-post-thumbnail","6":"product_brand-disposable-vape","7":"product_brand-mr-goodie-vape","8":"product_cat-20k-puffs-vape","9":"product_cat-disposable-vape","10":"product_cat-mr-goodie-vape","11":"product_tag-20k-puffs","12":"product_tag-20k-vape","13":"product_tag-disposable-vape","14":"product_tag-double-warehouse","15":"product_tag-mr-goodie-20000","16":"product_tag-rechargeable","18":"first","19":"instock","20":"sale","21":"shipping-taxable","22":"purchasable","23":"product-type-variable"},"_links":{"self":[{"href":"https:\/\/pgvape.com\/pl\/wp-json\/wp\/v2\/product\/3657","targetHints":{"allow":["GET"]}}],"collection":[{"href":"https:\/\/pgvape.com\/pl\/wp-json\/wp\/v2\/product"}],"about":[{"href":"https:\/\/pgvape.com\/pl\/wp-json\/wp\/v2\/types\/product"}],"replies":[{"embeddable":true,"href":"https:\/\/pgvape.com\/pl\/wp-json\/wp\/v2\/comments?post=3657"}],"wp:featuredmedia":[{"embeddable":true,"href":"https:\/\/pgvape.com\/pl\/wp-json\/wp\/v2\/media\/3683"}],"wp:attachment":[{"href":"https:\/\/pgvape.com\/pl\/wp-json\/wp\/v2\/media?parent=3657"}],"wp:term":[{"taxonomy":"product_brand","embeddable":true,"href":"https:\/\/pgvape.com\/pl\/wp-json\/wp\/v2\/product_brand?post=3657"},{"taxonomy":"product_cat","embeddable":true,"href":"https:\/\/pgvape.com\/pl\/wp-json\/wp\/v2\/product_cat?post=3657"},{"taxonomy":"product_tag","embeddable":true,"href":"https:\/\/pgvape.com\/pl\/wp-json\/wp\/v2\/product_tag?post=3657"}],"curies":[{"name":"wp","href":"https:\/\/api.w.org\/{rel}","templated":true}]}}