{"id":362,"date":"2025-07-15T06:16:26","date_gmt":"2025-07-15T06:16:26","guid":{"rendered":"https:\/\/pgvape.com\/?post_type=product&#038;p=362"},"modified":"2026-01-24T07:39:54","modified_gmt":"2026-01-24T07:39:54","slug":"bang-king-triple-85000-85k-puffow-jednorazowe-vape-3-w-1-smaki-fabryka-hurtowo","status":"publish","type":"product","link":"https:\/\/pgvape.com\/pl\/produkt\/bang-king-triple-85000-85k-puffow-jednorazowe-vape-3-w-1-smaki-fabryka-hurtowo\/","title":{"rendered":"Bang King Triple 85000 | 85K Puffs 3 w 1 Smaki Jednorazowy Vape | 0%, 2%, 3%, 5% Nikotyna | 16 Smak\u00f3w | Inteligentny wy\u015bwietlacz LED | Vape Factory Direct"},"content":{"rendered":"<p><strong><em>Bang King Triple 85 tys<\/em>\u00a0<\/strong>to produkt z najwy\u017cszej p\u00f3\u0142ki <strong>jednorazowy waporyzator<\/strong> kt\u00f3ry oferuje bogate i wszechstronne do\u015bwiadczenie wapowania. <strong>Smak 3 w 1<\/strong> system kapsu\u0142ek, pozwalaj\u0105cy cieszy\u0107 si\u0119 trzema r\u00f3\u017cnymi smakami o \u0142\u0105cznej pojemno\u015bci e-liquidu wynosz\u0105cej 63 ml (3 kapsu\u0142ki po 21 ml). <strong>85 000 zaci\u0105gni\u0119\u0107<\/strong> i 850 mAh <strong>akumulator<\/strong> baterii, zapewnia d\u0142ugotrwa\u0142\u0105, aromatyczn\u0105 par\u0119.<strong>0%, 2%, 3%, 5%<\/strong>). <strong>Bang King Triple 85 tys<\/strong> zapewnia najwy\u017cszej jako\u015bci, bezproblemowe wapowanie.<\/p>\n<p>&nbsp;<\/p>\n<h2><span style=\"font-size: 90%;\">Jednorazowy Vape Bang King Triple 85K Puffs-Specyfikacja produktu:<\/span><\/h2>\n<p><strong data-sourcepos=\"11:3-11:18\">Liczba zaci\u0105gni\u0119\u0107:<\/strong>\u00a0<strong data-sourcepos=\"11:19-11:35\">85 000 zaci\u0105gni\u0119\u0107<\/strong>\u00a0(Wiod\u0105ca w bran\u017cy trwa\u0142o\u015b\u0107)<\/p>\n<p><strong data-sourcepos=\"12:3-12:16\">Nikotyna:<\/strong>\u00a0<strong data-sourcepos=\"12:17-12:38\">0% \/ 2% \/ 3% \/ 5%<\/strong>\u00a0(Od zera do silnego trafienia)<\/p>\n<p><strong data-sourcepos=\"13:3-13:21\">System smakowy:<\/strong><strong data-sourcepos=\"14:5-14:29\">3 regulowane smaki<\/strong>\u00a0(Zmieniaj lub mieszaj smaki natychmiast)<\/p>\n<p><strong data-sourcepos=\"15:5-15:28\">Ca\u0142kowita pojemno\u015b\u0107 63 ml<\/strong>\u00a0(21 ml x 3 oddzielne zbiorniki)<\/p>\n<p><strong data-sourcepos=\"16:3-16:12\">Cewka:<\/strong>\u00a0<strong data-sourcepos=\"16:13-16:33\">Potr\u00f3jna siatka 1,0 \u03a9<\/strong>\u00a0(40% wi\u0119ksza intensywno\u015b\u0107 smaku w por\u00f3wnaniu z pojedynczymi grza\u0142kami)<\/p>\n<p><strong data-sourcepos=\"17:3-17:15\">Bateria:<\/strong>\u00a0<strong data-sourcepos=\"17:16-17:39\">Akumulator 600 mAh<\/strong>\u00a0+\u00a0<strong data-sourcepos=\"17:42-17:61\">\u0141adowanie typu C<\/strong><\/p>\n<p><strong data-sourcepos=\"18:3-18:15\">Wy\u015bwietlacz:<\/strong>\u00a0<strong data-sourcepos=\"18:16-18:30\">Ekran LED<\/strong>\u00a0(Monitorowanie baterii i e-liquidu w czasie rzeczywistym)<\/p>\n<p><strong data-sourcepos=\"19:3-19:17\">Opakowanie:<\/strong>\u00a0<strong data-sourcepos=\"19:18-19:32\">10 sztuk\/pude\u0142ko<\/strong>\u00a0(Gotowy do sprzeda\u017cy detalicznej)<\/p>\n<p>&nbsp;<\/p>\n<h3><span style=\"font-size: 90%;\">Lista jednorazowych smak\u00f3w Vape Bang King Triple 85K Puffs:<br \/>\n<\/span><\/h3>\n<p>1. Arbuz lodowy, Red Bull i truskawkowy kiwi<\/p>\n<p>2. Truskawkowa cola waniliowa i l\u00f3d Black Dragon oraz l\u00f3d brzoskwiniowy<\/p>\n<p>3. L\u00f3d jagodowy, limonka i arbuz truskawkowy<\/p>\n<p>4.Kiwi Gujawa z marakuji, bujny l\u00f3d i s\u0142omkowe mango<\/p>\n<p>5. Truskawkowy Banan i R\u00f3\u017cowa Lemoniada i Malinowy Arbuz<\/p>\n<p>6. Niebieski Razz Ice &amp; Truskawkowy Arbuz i Arbuz L\u00f3d<\/p>\n<p>7.Brzoskwiniowe mango i niebieska wi\u015bnia Razz oraz ch\u0142odna mi\u0119ta<\/p>\n<p>8.Lemoniada jagodowa i truskawkowa Pompka Red Bull i truskawkowa<\/p>\n<p>9. Owoce tropikalne, brzoskwinia cytrynowa i arbuz truskawkowy<\/p>\n<p>10. Podw\u00f3jne jab\u0142ko i ananas, l\u00f3d i owocowa fuzja<\/p>\n<p>11.Ananasowy kokos i niebieski Razz i truskawkowy banan<\/p>\n<p>12.Cola lodowa i wi\u015bniowa Cola i Mr Blue<\/p>\n<p>13.Truskawkowy arbuz i potr\u00f3jny melon i l\u00f3d truskawkowy<\/p>\n<p>14. P\u0105czek truskawkowy i mi\u0142o\u015b\u0107 66 oraz l\u00f3d bananowy<\/p>\n<p>15. Mieszane jagody, brzoskwinie i lody winogronowe z mango<\/p>\n<p>16. Herbata mro\u017cona, l\u00f3d cytrynowy, l\u00f3d liczi i mango na lodzie<\/p>\n<h3><span style=\"font-size: 90%;\"><img loading=\"lazy\" decoding=\"async\" class=\"alignnone wp-image-367 size-full\" src=\"https:\/\/pgvape.com\/wp-content\/uploads\/2025\/07\/Bang-King-Triple-85000-85K-Puffs-Disposable-Vape-3-in-1-Triple-Flavors-Factory-Wholesale-3.png\" alt=\"\" width=\"1000\" height=\"1000\" srcset=\"https:\/\/pgvape.com\/wp-content\/uploads\/2025\/07\/Bang-King-Triple-85000-85K-Puffs-Disposable-Vape-3-in-1-Triple-Flavors-Factory-Wholesale-3.png 1000w, https:\/\/pgvape.com\/wp-content\/uploads\/2025\/07\/Bang-King-Triple-85000-85K-Puffs-Disposable-Vape-3-in-1-Triple-Flavors-Factory-Wholesale-3-360x360.png 360w, https:\/\/pgvape.com\/wp-content\/uploads\/2025\/07\/Bang-King-Triple-85000-85K-Puffs-Disposable-Vape-3-in-1-Triple-Flavors-Factory-Wholesale-3-595x595.png 595w, https:\/\/pgvape.com\/wp-content\/uploads\/2025\/07\/Bang-King-Triple-85000-85K-Puffs-Disposable-Vape-3-in-1-Triple-Flavors-Factory-Wholesale-3-400x400.png 400w, https:\/\/pgvape.com\/wp-content\/uploads\/2025\/07\/Bang-King-Triple-85000-85K-Puffs-Disposable-Vape-3-in-1-Triple-Flavors-Factory-Wholesale-3-768x768.png 768w, https:\/\/pgvape.com\/wp-content\/uploads\/2025\/07\/Bang-King-Triple-85000-85K-Puffs-Disposable-Vape-3-in-1-Triple-Flavors-Factory-Wholesale-3-12x12.png 12w, https:\/\/pgvape.com\/wp-content\/uploads\/2025\/07\/Bang-King-Triple-85000-85K-Puffs-Disposable-Vape-3-in-1-Triple-Flavors-Factory-Wholesale-3-300x300.png 300w, https:\/\/pgvape.com\/wp-content\/uploads\/2025\/07\/Bang-King-Triple-85000-85K-Puffs-Disposable-Vape-3-in-1-Triple-Flavors-Factory-Wholesale-3-600x600.png 600w, https:\/\/pgvape.com\/wp-content\/uploads\/2025\/07\/Bang-King-Triple-85000-85K-Puffs-Disposable-Vape-3-in-1-Triple-Flavors-Factory-Wholesale-3-100x100.png 100w, https:\/\/pgvape.com\/wp-content\/uploads\/2025\/07\/Bang-King-Triple-85000-85K-Puffs-Disposable-Vape-3-in-1-Triple-Flavors-Factory-Wholesale-3-32x32.png 32w, https:\/\/pgvape.com\/wp-content\/uploads\/2025\/07\/Bang-King-Triple-85000-85K-Puffs-Disposable-Vape-3-in-1-Triple-Flavors-Factory-Wholesale-3-40x40.png 40w\" sizes=\"auto, (max-width: 1000px) 100vw, 1000px\" \/><\/span><\/h3>\n<p>&nbsp;<\/p>\n<h2><span style=\"font-size: 90%;\">Jednorazowy Vape Bang King Triple 85K Puffs <\/span><strong>Wideo<\/strong><span style=\"font-size: 90%;\">:<br \/>\n<\/span><\/h2>\n<p><iframe loading=\"lazy\" title=\"Bang King Triple 85000 Puffs 3 w 1 Smaki Jednorazowe Vape 16 Smak\u00f3w Vape Factory Direct pgvape\" width=\"563\" height=\"1000\" src=\"https:\/\/www.youtube.com\/embed\/oSY7ZXI6jNQ?feature=oembed\" frameborder=\"0\" allow=\"accelerometer; autoplay; clipboard-write; encrypted-media; gyroscope; picture-in-picture; web-share\" referrerpolicy=\"strict-origin-when-cross-origin\" allowfullscreen><\/iframe><\/p>\n<p>&nbsp;<\/p>\n<h2><span style=\"font-size: 90%;\">Cz\u0119sto zadawane pytania dotycz\u0105ce jednorazowego waporyzatora 3 w 1 Bang King Triple 85K<br \/>\n<\/span><\/h2>\n<p data-sourcepos=\"36:1-37:124\">\u2753 <strong data-sourcepos=\"36:3-36:41\">Jak dzia\u0142a system 3 smak\u00f3w?<\/strong><br \/>\n\u2705 Natychmiastowe prze\u0142\u0105czanie pomi\u0119dzy <strong data-sourcepos=\"37:28-37:40\">Smak A<\/strong>, <strong data-sourcepos=\"37:42-37:47\">B<\/strong>, Lub <strong data-sourcepos=\"37:52-37:57\">C<\/strong>\u2014 lub ciesz si\u0119 <strong data-sourcepos=\"37:67-37:84\">niestandardowe mieszanki<\/strong> (np., <em data-sourcepos=\"37:92-37:120\">Red Bull + Truskawkowe Kiwi<\/em>).<\/p>\n<p data-sourcepos=\"39:1-40:92\">\u2753 <strong data-sourcepos=\"39:3-39:42\">Co zapewnia najwy\u017csz\u0105 jako\u015b\u0107 pary?<br \/>\n<\/strong> \u2705 <strong data-sourcepos=\"40:3-40:24\">Cewki z potr\u00f3jn\u0105 siatk\u0105<\/strong> dostarcza\u0107 <strong data-sourcepos=\"40:33-40:51\">grubsze chmury<\/strong> I <strong data-sourcepos=\"40:56-40:73\">g\u0142\u0119bszy smak<\/strong> z ka\u017cdym zaci\u0105gni\u0119ciem.<\/p>\n<p data-sourcepos=\"42:1-43:59\">\u2753 <strong data-sourcepos=\"42:3-42:32\">Czy mog\u0119 wapowa\u0107 bez nikotyny?<\/strong><br \/>\n\u2705 Tak! <strong data-sourcepos=\"43:8-43:30\">Opcja nikotynowa 0%<\/strong> dla czystej przyjemno\u015bci smaku.<\/p>\n<p data-sourcepos=\"45:1-46:71\">\u2753 <strong data-sourcepos=\"45:3-45:31\">Jak szybko si\u0119 \u0142aduje?<\/strong><br \/>\n\u2705 <strong data-sourcepos=\"46:3-46:18\">Port typu C<\/strong> tankuje <strong data-sourcepos=\"46:31-46:49\">Bateria 600 mAh<\/strong> W <strong data-sourcepos=\"46:53-46:68\">~50 minut<\/strong>.<\/p>\n<p data-sourcepos=\"48:1-49:89\">\u2753 <strong data-sourcepos=\"48:3-48:27\">Dla kogo jest idealny?<br \/>\n<\/strong> \u2705 <strong data-sourcepos=\"49:3-49:23\">Odkrywcy smak\u00f3w<\/strong> + <strong data-sourcepos=\"49:26-49:39\">detali\u015bci<\/strong> poszukuj\u0105cych materia\u0142\u00f3w jednorazowego u\u017cytku o du\u017cej pojemno\u015bci i wysokich mar\u017cach.<\/p>\n<p><span style=\"font-size: 90%;\">\u00a0<\/span><\/p>\n<h3 id=\"brxe-najhln\" class=\"brxe-heading\">Cz\u0119sto zadawane pytania (FAQ)<\/h3>\n<div id=\"brxe-rajiac\" class=\"brxe-text\">\n<p><strong>P: Jakie metody p\u0142atno\u015bci akceptujecie?<\/strong><br \/>\nOdp.: Akceptujemy PayPal, Stripe, przelewy bankowe (obs\u0142ugiwane SEPA), g\u0142\u00f3wne karty kredytowe (Visa, MasterCard, American Express) i p\u0142atno\u015bci w kryptowalutach.<\/p>\n<p><strong>P: Jak d\u0142ugo trwa przygotowanie zam\u00f3wienia?<\/strong><br \/>\nOdp.: Przygotowanie zam\u00f3wienia zajmuje 1-3 dni robocze.<\/p>\n<p><strong>P: Jaki jest czas wysy\u0142ki?<\/strong><br \/>\nOdp.: Czas wysy\u0142ki wynosi 7-14 dni roboczych, w zale\u017cno\u015bci od Twojej lokalizacji.<\/p>\n<p><strong>P: Jak mog\u0119 \u015bledzi\u0107 moje zam\u00f3wienie?<\/strong><br \/>\nOdp.: Po wysy\u0142ce otrzymasz wiadomo\u015b\u0107 e-mail z potwierdzeniem i numerem przesy\u0142ki umo\u017cliwiaj\u0105cym \u015bledzenie w czasie rzeczywistym.<\/p>\n<p><strong>P: Jaka jest Twoja polityka zwrot\u00f3w?<\/strong><br \/>\nOdp.: Oferujemy 30-dniow\u0105 polityk\u0119 zwrot\u00f3w lub wymiany. .<\/p>\n<p><strong>P: Czy wyst\u0105pi\u0105 jakie\u015b problemy celne?<br \/>\n<\/strong>Obs\u0142ugujemy wszystkie procedury odprawy celnej, aby zapewni\u0107 Ci bezproblemow\u0105 obs\u0142ug\u0119. .<\/p>\n<p><strong>P: Jakie metody wysy\u0142ki s\u0105 stosowane?<\/strong><br \/>\nWsp\u00f3\u0142pracujemy z firmami UPS\/DHL\/FEDEX\/DPD itp. W zale\u017cno\u015bci od kraju dostawy wybierzemy odpowiedni\u0105 opcj\u0119 wysy\u0142ki, tak aby produkty dotar\u0142y do \u200b\u200bPa\u0144stwa najszybciej jak to mo\u017cliwe.<\/p>\n<p><a href=\"https:\/\/pgvape.com\/pl\/czesto-zadawane-pytania\/\"><span style=\"font-size: 100%;\">Kliknij tutaj, aby uzyska\u0107 wi\u0119cej cz\u0119sto zadawanych pyta\u0144<\/span><\/a><\/p>\n<p>Szanowni klienci, je\u015bli masz jakiekolwiek pytania dotycz\u0105ce zam\u00f3wienia lub przybycia towaru, skontaktuj si\u0119 z naszym dzia\u0142em obs\u0142ugi klienta. Dzi\u0119kuj\u0119!<\/p>\n<h3 data-sourcepos=\"73:1-73:21\"><span style=\"font-size: 90%;\"><strong data-sourcepos=\"73:7-73:21\">Skontaktuj si\u0119 z nami<\/strong><\/span><\/h3>\n<div id=\"text-2419739398\" class=\"text\">\n<p><strong data-sourcepos=\"75:3-75:12\">E-mail<\/strong>:\u00a0<a href=\"mailto:support@pgvape.com\"><strong>support@pgvape.com<\/strong><\/a><\/p>\n<p><strong data-sourcepos=\"76:3-76:15\">WhatsApp<\/strong>: <a href=\"https:\/\/wa.me\/+8618128481258\"><strong>+86 18128481258<\/strong><\/a><br \/>\n<strong>(Odpowied\u017a w ci\u0105gu 24 godzin w dni robocze)<\/strong><\/p>\n<\/div>\n<h3><strong><span style=\"font-size: 80%;\">Dzi\u0119kujemy za wybranie pgvape.com! .<\/span><\/strong><\/h3>\n<\/div>","protected":false},"excerpt":{"rendered":"<p><strong>Bang King Triple 85 tys<\/strong> jest akumulatorem <strong>jednorazowy waporyzator<\/strong> to oferuje <strong>85 000 zaci\u0105gni\u0119\u0107<\/strong>, 3 regulowane smaki i <strong>16 ekscytuj\u0105cych smak\u00f3w<\/strong> kombinacje. <strong>Wy\u015bwietlacz LED<\/strong>, oraz \u0142adowanie typu C, zapewniaj\u0105ce wyj\u0105tkowe wra\u017cenia z wapowania.<\/p>","protected":false},"featured_media":365,"comment_status":"open","ping_status":"closed","template":"","meta":{"_seopress_robots_primary_cat":"none","_seopress_titles_title":"","_seopress_titles_desc":"","_seopress_robots_index":""},"product_brand":[19,516],"product_cat":[20,18,515],"product_tag":[24,21,22,23,490],"class_list":{"0":"post-362","1":"product","2":"type-product","3":"status-publish","4":"has-post-thumbnail","6":"product_brand-bang-king-vape","7":"product_brand-disposable-vape","8":"product_cat-85k-puffs-vape","9":"product_cat-bang-king-vape","10":"product_cat-disposable-vape","11":"product_tag-3-in-1-flavors","12":"product_tag-85k-puffs","13":"product_tag-85k-vape","14":"product_tag-bang-king-triple-85k","15":"product_tag-minimum-2-pieces","17":"first","18":"outofstock","19":"sale","20":"shipping-taxable","21":"purchasable","22":"product-type-variable","23":"has-default-attributes"},"_links":{"self":[{"href":"https:\/\/pgvape.com\/pl\/wp-json\/wp\/v2\/product\/362","targetHints":{"allow":["GET"]}}],"collection":[{"href":"https:\/\/pgvape.com\/pl\/wp-json\/wp\/v2\/product"}],"about":[{"href":"https:\/\/pgvape.com\/pl\/wp-json\/wp\/v2\/types\/product"}],"replies":[{"embeddable":true,"href":"https:\/\/pgvape.com\/pl\/wp-json\/wp\/v2\/comments?post=362"}],"wp:featuredmedia":[{"embeddable":true,"href":"https:\/\/pgvape.com\/pl\/wp-json\/wp\/v2\/media\/365"}],"wp:attachment":[{"href":"https:\/\/pgvape.com\/pl\/wp-json\/wp\/v2\/media?parent=362"}],"wp:term":[{"taxonomy":"product_brand","embeddable":true,"href":"https:\/\/pgvape.com\/pl\/wp-json\/wp\/v2\/product_brand?post=362"},{"taxonomy":"product_cat","embeddable":true,"href":"https:\/\/pgvape.com\/pl\/wp-json\/wp\/v2\/product_cat?post=362"},{"taxonomy":"product_tag","embeddable":true,"href":"https:\/\/pgvape.com\/pl\/wp-json\/wp\/v2\/product_tag?post=362"}],"curies":[{"name":"wp","href":"https:\/\/api.w.org\/{rel}","templated":true}]}}