{"id":3618,"date":"2025-10-18T10:11:10","date_gmt":"2025-10-18T10:11:10","guid":{"rendered":"https:\/\/pgvape.com\/?post_type=product&#038;p=3618"},"modified":"2026-03-05T14:33:53","modified_gmt":"2026-03-05T14:33:53","slug":"mr-goodie-podwojny-tryb-king-50000-50k-zaciagniec-jednorazowe-vape-regulowany-przeplyw-powietrza-pelnoekranowy-wyswietlacz-led-vape-factory-direct","status":"publish","type":"product","link":"https:\/\/pgvape.com\/pl\/produkt\/mr-goodie-podwojny-tryb-king-50000-50k-zaciagniec-jednorazowe-vape-regulowany-przeplyw-powietrza-pelnoekranowy-wyswietlacz-led-vape-factory-direct\/","title":{"rendered":"Goodie podw\u00f3jny tryb King 50000 50K zaci\u0105gni\u0119\u0107 jednorazowy Vape regulowany przep\u0142yw powietrza pe\u0142noekranowy wy\u015bwietlacz LED Vape Factory Direct"},"content":{"rendered":"<div class=\"auto-hide-last-sibling-br paragraph-JOTKXA paragraph-element br-paragraph-space\"><strong data-sourcepos=\"4:5-4:61\">Jednorazowy Vape Mr.Goodie Dual Mode King 50000 Puffs<\/strong> Na nowo definiuje wszechstronno\u015b\u0107 <strong data-sourcepos=\"4:89-4:119\">Prze\u0142\u0105czane tryby ECO\/BOOST<\/strong> (Zaci\u0105gni\u0119cia 50 tys.\/25 tys.) I <strong data-sourcepos=\"4:140-4:157\">Sterowanie dotykowe<\/strong>. <strong data-sourcepos=\"4:171-4:189\">Podw\u00f3jna cewka siatkowa<\/strong>, <strong data-sourcepos=\"4:191-4:217\">Pojemno\u015b\u0107 40 ml e-p\u0142ynu<\/strong>, I <strong data-sourcepos=\"4:223-4:255\">Akumulator 1000 mAh<\/strong>, Zapewnia niezr\u00f3wnan\u0105 wydajno\u015b\u0107. <strong data-sourcepos=\"4:323-4:345\">Regulowany przep\u0142yw powietrza<\/strong> I monitoruj u\u017cycie za po\u015brednictwem <strong data-sourcepos=\"4:368-4:395\">Pe\u0142noekranowy wy\u015bwietlacz LED<\/strong>. <strong data-sourcepos=\"4:410-4:433\">S\u00f3l nikotynowa 2%\/5%<\/strong> I <strong data-sourcepos=\"4:438-4:460\">10 smak\u00f3w premium<\/strong> Dla satysfakcji szytej na miar\u0119.<\/div>\n<p>&nbsp;<\/p>\n<h2><span style=\"font-size: 90%;\">Dane techniczne jednorazowego waporyzatora Mr.Goodie Dual Mode King 50000 50K Puffs<\/span><\/h2>\n<p><strong data-sourcepos=\"9:3-9:17\">Tryby zaci\u0105gni\u0119cia<\/strong>:\u00a0<strong data-sourcepos=\"9:19-9:64\">ECO (50 000 zaci\u0105gni\u0119\u0107) \/ WZMOCNIENIE (25 000 zaci\u0105gni\u0119\u0107)<\/strong><\/p>\n<p><strong data-sourcepos=\"10:3-10:15\">Nikotyna<\/strong>:\u00a0<strong data-sourcepos=\"10:17-10:42\">S\u00f3l nikotynowa 2% \/ 5%<\/strong><\/p>\n<p><strong data-sourcepos=\"11:3-11:11\">Cewka<\/strong>:\u00a0<strong data-sourcepos=\"11:13-11:32\">Podw\u00f3jne cewki siatkowe<\/strong><\/p>\n<p><strong data-sourcepos=\"12:3-12:15\">E-ciecz<\/strong>:\u00a0<strong data-sourcepos=\"12:17-12:44\">Wst\u0119pnie nape\u0142niona pojemno\u015b\u0107 40 ml<\/strong><\/p>\n<p><strong data-sourcepos=\"13:3-13:14\">Bateria<\/strong>:\u00a0<strong data-sourcepos=\"13:16-13:40\">Akumulator 1000 mAh<\/strong><\/p>\n<p><strong data-sourcepos=\"14:3-14:15\">\u0141adowanie<\/strong>:\u00a0<strong data-sourcepos=\"14:17-14:41\">Szybkie \u0142adowanie typu C<\/strong><\/p>\n<p><strong data-sourcepos=\"15:3-15:14\">Wy\u015bwietlacz<\/strong>:\u00a0<strong data-sourcepos=\"15:16-15:61\">Pe\u0142noekranowa dioda LED (liczba zaci\u0105gni\u0119\u0107\/bateria\/tryb)<\/strong><\/p>\n<p><strong data-sourcepos=\"16:3-16:14\">Przep\u0142yw powietrza<\/strong>:\u00a0<strong data-sourcepos=\"16:16-16:38\">Regulowana kontrola<\/strong><\/p>\n<p>&nbsp;<\/p>\n<h3><span style=\"font-size: 90%;\">Mr.Goodie Dual Mode King 50000 50K Puffs Jednorazowa lista smak\u00f3w Vape<\/span><\/h3>\n<p>1.Truskawkowy koktajl mleczny<\/p>\n<p>2.Niebieski Razz<\/p>\n<p>3. L\u00f3d arbuzowy<\/p>\n<p>4. Cynamon jab\u0142kowy<\/p>\n<p>5. Zielony l\u00f3d cytrynowy<\/p>\n<p>6. L\u00f3d ananasowy z mango<\/p>\n<p>7. Soczysty l\u00f3d brzoskwiniowy<\/p>\n<p>8. Waniliowa marakuja<\/p>\n<p>9.Krwawo-pomara\u0144czowy l\u00f3d<\/p>\n<p>10. Mi\u0142o\u015b\u0107 66<\/p>\n<p>&nbsp;<\/p>\n<h3><span style=\"font-size: 90%;\">Mr.Goodie Dual Mode King 50000 50K Puffs Jednorazowe wideo Vape:<br \/>\n<iframe loading=\"lazy\" title=\"Mr.Goodie Dual Mode King 50K Puffs Jednorazowy Vape | Regulowany przep\u0142yw powietrza |Vape Factory Direct pgvape\" width=\"1020\" height=\"574\" src=\"https:\/\/www.youtube.com\/embed\/j3D2ewBjWaU?feature=oembed\" frameborder=\"0\" allow=\"accelerometer; autoplay; clipboard-write; encrypted-media; gyroscope; picture-in-picture; web-share\" referrerpolicy=\"strict-origin-when-cross-origin\" allowfullscreen><\/iframe><br \/>\n<\/span><\/h3>\n<h3 id=\"brxe-najhln\" class=\"brxe-heading\"><\/h3>\n<h2 class=\"header-vfC6AV auto-hide-last-sibling-br\">Cz\u0119sto zadawane pytania na temat jednorazowego waporyzatora Mr.Goodie Dual Mode King 50000 50K Puffs<\/h2>\n<p data-sourcepos=\"35:1-36:115\">\u2753 <strong data-sourcepos=\"35:3-35:50\">\u201cW jaki spos\u00f3b podw\u00f3jne tryby usprawniaj\u0105 wapowanie?<br \/>\n\u201c<\/strong> \u2705 <strong data-sourcepos=\"36:3-36:113\">\u201cTryb ECO maksymalizuje trwa\u0142o\u015b\u0107 (50 tys. zaci\u0105gni\u0119\u0107), podczas gdy tryb BOOST intensyfikuje smak\/par\u0119 (25 tys. zaci\u0105gni\u0119\u0107).\u201d<\/strong><\/p>\n<p data-sourcepos=\"38:1-39:76\">\u2753 <strong data-sourcepos=\"38:3-38:52\">\u201cCo jest specjalnego w sterowaniu dotykowym?<br \/>\n\u201c<\/strong> \u2705 <strong data-sourcepos=\"39:3-39:74\">\u201cNatychmiastowe prze\u0142\u0105czanie tryb\u00f3w jednym dotkni\u0119ciem \u2014 bez przycisk\u00f3w i skomplikowanych ustawie\u0144\u201d.\u201d<\/strong><\/p>\n<p data-sourcepos=\"41:1-42:105\">\u2753 <strong data-sourcepos=\"41:3-41:47\">\u201cCzy cewka siatkowa poprawia smak?<br \/>\n\u201c<\/strong> \u2705 <strong data-sourcepos=\"42:3-42:103\">\u201cPodw\u00f3jne cewki siatkowe zapewniaj\u0105 szybsze nagrzewanie 20% i bogatszy smak w por\u00f3wnaniu ze standardowymi cewkami\u201d.\u201d<\/strong><\/p>\n<p data-sourcepos=\"44:1-45:113\">\u2753 <strong data-sourcepos=\"44:3-44:44\">\u201cJak d\u0142ugo wytrzymuje bateria?<br \/>\n\u201c<\/strong> \u2705 <strong data-sourcepos=\"45:3-45:111\">\u201cAkumulator 1000 mAh wytrzymuje ponad 48 godzin w trybie ECO; \u0142adowanie typu C pozwala na uzupe\u0142nienie energii w 45 minut.\u201d<\/strong><\/p>\n<p data-sourcepos=\"47:1-48:111\">\u2753 <strong data-sourcepos=\"47:3-47:40\">\u201cCzy mog\u0119 regulowa\u0107 g\u0119sto\u015b\u0107 pary?<br \/>\n\u201c<\/strong> \u2705<strong data-sourcepos=\"48:3-48:109\">\u201cTak! Pier\u015bcie\u0144 kontroli przep\u0142ywu powietrza dostosowuje szczelno\u015b\u0107 naci\u0105gu od ograniczonego MTL do przewiewnego DTL. \u201d<\/strong><\/p>\n<p>&nbsp;<\/p>\n<h3 id=\"brxe-najhln\" class=\"brxe-heading\">Cz\u0119sto zadawane pytania (FAQ)<\/h3>\n<div id=\"brxe-rajiac\" class=\"brxe-text\">\n<p><strong>P: Jakie metody p\u0142atno\u015bci akceptujecie?<\/strong><br \/>\nOdp.: Akceptujemy PayPal, Stripe, przelewy bankowe (obs\u0142ugiwane SEPA), g\u0142\u00f3wne karty kredytowe (Visa, MasterCard, American Express) i p\u0142atno\u015bci w kryptowalutach.<\/p>\n<p><strong>P: Jak d\u0142ugo trwa przygotowanie zam\u00f3wienia?<\/strong><br \/>\nOdp.: Przygotowanie zam\u00f3wienia zajmuje 1-3 dni robocze.<\/p>\n<p><strong>P: Jaki jest czas wysy\u0142ki?<\/strong><br \/>\nOdp.: Czas wysy\u0142ki wynosi 7-14 dni roboczych, w zale\u017cno\u015bci od Twojej lokalizacji.<\/p>\n<p><strong>P: Jak mog\u0119 \u015bledzi\u0107 moje zam\u00f3wienie?<\/strong><br \/>\nOdp.: Po wysy\u0142ce otrzymasz wiadomo\u015b\u0107 e-mail z potwierdzeniem i numerem przesy\u0142ki umo\u017cliwiaj\u0105cym \u015bledzenie w czasie rzeczywistym.<\/p>\n<p><strong>P: Jaka jest Twoja polityka zwrot\u00f3w?<\/strong><br \/>\nOdp.: Oferujemy 30-dniow\u0105 polityk\u0119 zwrot\u00f3w lub wymiany. .<\/p>\n<p><strong>P: Czy wyst\u0105pi\u0105 jakie\u015b problemy celne?<br \/>\n<\/strong>Obs\u0142ugujemy wszystkie procedury odprawy celnej, aby zapewni\u0107 Ci bezproblemow\u0105 obs\u0142ug\u0119. .<\/p>\n<p><strong>P: Jakie metody wysy\u0142ki s\u0105 stosowane?<\/strong><br \/>\nWsp\u00f3\u0142pracujemy z firmami UPS\/DHL\/FEDEX\/DPD itp. W zale\u017cno\u015bci od kraju dostawy wybierzemy odpowiedni\u0105 opcj\u0119 wysy\u0142ki, tak aby produkty dotar\u0142y do \u200b\u200bPa\u0144stwa najszybciej jak to mo\u017cliwe.<\/p>\n<p><a href=\"https:\/\/pgvape.com\/pl\/czesto-zadawane-pytania\/\">Kliknij tutaj, aby uzyska\u0107 wi\u0119cej cz\u0119sto zadawanych pyta\u0144<\/a><\/p>\n<p>Szanowni klienci, je\u015bli masz jakiekolwiek pytania dotycz\u0105ce zam\u00f3wienia lub przybycia towaru, skontaktuj si\u0119 z naszym dzia\u0142em obs\u0142ugi klienta. Dzi\u0119kuj\u0119!<\/p>\n<h3 data-sourcepos=\"73:1-73:21\"><strong data-sourcepos=\"73:7-73:21\">Skontaktuj si\u0119 z nami<\/strong><\/h3>\n<div id=\"text-2419739398\" class=\"text\">\n<p><strong data-sourcepos=\"75:3-75:12\">E-mail<\/strong>:\u00a0<a href=\"mailto:support@pgvape.com\"><strong>support@pgvape.com<\/strong><\/a><\/p>\n<p><strong data-sourcepos=\"76:3-76:15\">WhatsApp<\/strong>: <a href=\"https:\/\/wa.me\/+8618128481258\"><strong>+86 18128481258<\/strong><\/a><br \/>\n<strong>(Odpowied\u017a w ci\u0105gu 24 godzin w dni robocze)<\/strong><\/p>\n<\/div>\n<h3><strong>Dzi\u0119kujemy za wybranie pgvape.com! .<\/strong><\/h3>\n<\/div>","protected":false},"excerpt":{"rendered":"<p><strong data-sourcepos=\"53:1-53:222\">\u201cMr.Goodie Dual Mode King 50000: Najlepszy jednorazowy waporyzator 2 w 1 z trybami ECO\/BOOST, podw\u00f3jn\u0105 cewk\u0105 siatkow\u0105, pojemno\u015bci\u0105 40 ml i 10 smakami \u2013 zasilany bateri\u0105 1000 mAh z \u0142adowaniem typu C.\u201d<\/strong><\/p>","protected":false},"featured_media":3631,"comment_status":"open","ping_status":"closed","template":"","meta":{"_seopress_robots_primary_cat":"none","_seopress_titles_title":"%%post_title%% %%sep%% %%sitetitle%%","_seopress_titles_desc":"","_seopress_robots_index":""},"product_brand":[516,311],"product_cat":[61,515,312],"product_tag":[318,135,90,320,319,313,204],"class_list":{"0":"post-3618","1":"product","2":"type-product","3":"status-publish","4":"has-post-thumbnail","6":"product_brand-disposable-vape","7":"product_brand-mr-goodie-vape","8":"product_cat-50k-puffs-vape","9":"product_cat-disposable-vape","10":"product_cat-mr-goodie-vape","11":"product_tag-50k-puffs-vape","12":"product_tag-adjustable-airflow","13":"product_tag-disposable-vape","14":"product_tag-dual-mode-king","15":"product_tag-full-screen-led-display","16":"product_tag-mr-goodie","17":"product_tag-vape-factory-direct","19":"first","20":"outofstock","21":"sale","22":"shipping-taxable","23":"purchasable","24":"product-type-variable"},"_links":{"self":[{"href":"https:\/\/pgvape.com\/pl\/wp-json\/wp\/v2\/product\/3618","targetHints":{"allow":["GET"]}}],"collection":[{"href":"https:\/\/pgvape.com\/pl\/wp-json\/wp\/v2\/product"}],"about":[{"href":"https:\/\/pgvape.com\/pl\/wp-json\/wp\/v2\/types\/product"}],"replies":[{"embeddable":true,"href":"https:\/\/pgvape.com\/pl\/wp-json\/wp\/v2\/comments?post=3618"}],"wp:featuredmedia":[{"embeddable":true,"href":"https:\/\/pgvape.com\/pl\/wp-json\/wp\/v2\/media\/3631"}],"wp:attachment":[{"href":"https:\/\/pgvape.com\/pl\/wp-json\/wp\/v2\/media?parent=3618"}],"wp:term":[{"taxonomy":"product_brand","embeddable":true,"href":"https:\/\/pgvape.com\/pl\/wp-json\/wp\/v2\/product_brand?post=3618"},{"taxonomy":"product_cat","embeddable":true,"href":"https:\/\/pgvape.com\/pl\/wp-json\/wp\/v2\/product_cat?post=3618"},{"taxonomy":"product_tag","embeddable":true,"href":"https:\/\/pgvape.com\/pl\/wp-json\/wp\/v2\/product_tag?post=3618"}],"curies":[{"name":"wp","href":"https:\/\/api.w.org\/{rel}","templated":true}]}}