{"id":3387,"date":"2025-10-13T13:49:03","date_gmt":"2025-10-13T13:49:03","guid":{"rendered":"https:\/\/pgvape.com\/?post_type=product&#038;p=3387"},"modified":"2026-01-27T10:30:47","modified_gmt":"2026-01-27T10:30:47","slug":"zooy-twins-35000-35-tys-zaciagniec-podwojne-smaki-jednorazowe-vape-vape-factory-direct","status":"publish","type":"product","link":"https:\/\/pgvape.com\/pl\/produkt\/zooy-twins-35000-35-tys-zaciagniec-podwojne-smaki-jednorazowe-vape-vape-factory-direct\/","title":{"rendered":"ZOOY TWINS 35000 35K Puffs Podw\u00f3jne smaki Jednorazowe Vape-Vape Factory Direct"},"content":{"rendered":"<p class=\"auto-hide-last-sibling-br paragraph-JOTKXA paragraph-element br-paragraph-space\"><strong data-sourcepos=\"4:5-4:47\">Jednorazowy waporyzator ZOOY TWINS 35000 Puffs<\/strong> Dostarcza <strong data-sourcepos=\"4:57-4:83\">Innowacja o dw\u00f3ch smakach<\/strong> Z <strong data-sourcepos=\"4:89-4:116\">35 000 bardzo d\u0142ugich zaci\u0105gni\u0119\u0107<\/strong>. <strong data-sourcepos=\"4:130-4:154\">Inteligentny ekran cyfrowy<\/strong>, <strong data-sourcepos=\"4:156-4:176\">Cewka z podw\u00f3jn\u0105 siatk\u0105<\/strong>, I <strong data-sourcepos=\"4:182-4:213\">Akumulator 650 mAh<\/strong>, Oferuje niezr\u00f3wnan\u0105 wszechstronno\u015b\u0107. <strong data-sourcepos=\"4:260-4:284\">0%\/2%\/3%\/5% Nikotyna<\/strong> Mocne strony <strong data-sourcepos=\"4:302-4:328\">10 kombinacji smakowych<\/strong>, Wszystko Zapakowane <strong data-sourcepos=\"4:343-4:357\">10 sztuk\/paczka<\/strong> Dla maksymalnej wygody. <strong data-sourcepos=\"4:394-4:421\">Prze\u0142\u0105czanie smak\u00f3w 2 w 1<\/strong> I najwy\u017csza wydajno\u015b\u0107 w jednym eleganckim urz\u0105dzeniu<\/p>\n<p>&nbsp;<\/p>\n<h2 id=\"brxe-najhln\" class=\"brxe-heading\"><span style=\"font-size: 90%; color: #333333;\">ZOOY TWINS 35000 | 35K Puffs Dual Favours Jednorazowy waporyzator Dane techniczne<\/span><\/h2>\n<p><strong data-sourcepos=\"9:3-9:17\">Liczba puf\u00f3w<\/strong>:\u00a0<strong data-sourcepos=\"9:19-9:35\">35 000 zaci\u0105gni\u0119\u0107<\/strong><\/p>\n<p><strong data-sourcepos=\"10:3-10:15\">Nikotyna<\/strong>:\u00a0<strong data-sourcepos=\"10:17-10:40\">Opcje 0%\/2%\/3%\/5%<\/strong><\/p>\n<p><strong data-sourcepos=\"11:3-11:11\">Cewka<\/strong>:\u00a0<strong data-sourcepos=\"11:13-11:44\">Technologia podw\u00f3jnej siatki cewki<\/strong><\/p>\n<p><strong data-sourcepos=\"12:3-12:14\">Bateria<\/strong>:\u00a0<strong data-sourcepos=\"12:16-12:39\">Akumulator 650 mAh<\/strong><\/p>\n<p><strong data-sourcepos=\"13:3-13:14\">Wy\u015bwietlacz<\/strong>:\u00a0<strong data-sourcepos=\"13:16-13:40\">Inteligentny ekran cyfrowy<\/strong><\/p>\n<p><strong data-sourcepos=\"14:3-14:20\">System smakowy<\/strong>:\u00a0<strong data-sourcepos=\"14:22-14:45\">Podw\u00f3jne smaki 2 w 1<\/strong><\/p>\n<p><strong data-sourcepos=\"15:3-15:14\">Pakiet<\/strong>:\u00a0<strong data-sourcepos=\"15:16-15:34\">10 urz\u0105dze\u0144\/pude\u0142ko<\/strong><\/p>\n<p>&nbsp;<\/p>\n<h3><span style=\"font-size: 90%;\">ZOOY TWINS 35000 | 35K Puffs Podw\u00f3jne smaki Jednorazowa lista smak\u00f3w Vape<\/span><\/h3>\n<p>1. L\u00f3d truskawkowy i r\u00f3\u017cowa lemoniada<\/p>\n<p>2. Mi\u0142o\u015b\u0107 66 i truskawka Red Bull<\/p>\n<p>3. L\u00f3d jagodowy i owoce winogron<\/p>\n<p>4.Truskawkowe kiwi i mieszane jagody<\/p>\n<p>5. Arbuz z brzoskwiniowym mango i lodem z czarnego smoka<\/p>\n<p>6.Niebieski Razz Cytryna i Truskawkowy Banan<\/p>\n<p>7. L\u00f3d arbuzowy i l\u00f3d typu cola<\/p>\n<p>8. Truskawkowy arbuz i limonka cytrynowa<\/p>\n<p>9. Pan Niebieski i Mango L\u00f3d<\/p>\n<p>10.Brzoskwiniowy l\u00f3d i malinowy arbuz<img loading=\"lazy\" decoding=\"async\" class=\"alignnone wp-image-3401 size-full\" src=\"https:\/\/pgvape.com\/wp-content\/uploads\/2025\/10\/pgvape-ZOOY-TWINS-35000-35K-Puffs-Dual-Flavors-Disposable-Vape-0-2-3-5-Nicotine-10Tastes-Smart-Screen-Vape-Factory-Direct-11.png\" alt=\"Dwa rz\u0119dy pi\u0119ciu kolorowych jednorazowych urz\u0105dze\u0144 do waporyzacji Zooy Twins 35K o podw\u00f3jnym smaku, z \u017cebrowanymi korpusami i czarnymi ustnikami, ka\u017cdy z pionowym czarnym panelem marki i cyfrowym wy\u015bwietlaczem na bia\u0142ym tle.\" width=\"1500\" height=\"1500\" srcset=\"https:\/\/pgvape.com\/wp-content\/uploads\/2025\/10\/pgvape-ZOOY-TWINS-35000-35K-Puffs-Dual-Flavors-Disposable-Vape-0-2-3-5-Nicotine-10Tastes-Smart-Screen-Vape-Factory-Direct-11.png 1500w, https:\/\/pgvape.com\/wp-content\/uploads\/2025\/10\/pgvape-ZOOY-TWINS-35000-35K-Puffs-Dual-Flavors-Disposable-Vape-0-2-3-5-Nicotine-10Tastes-Smart-Screen-Vape-Factory-Direct-11-360x360.png 360w, https:\/\/pgvape.com\/wp-content\/uploads\/2025\/10\/pgvape-ZOOY-TWINS-35000-35K-Puffs-Dual-Flavors-Disposable-Vape-0-2-3-5-Nicotine-10Tastes-Smart-Screen-Vape-Factory-Direct-11-595x595.png 595w, https:\/\/pgvape.com\/wp-content\/uploads\/2025\/10\/pgvape-ZOOY-TWINS-35000-35K-Puffs-Dual-Flavors-Disposable-Vape-0-2-3-5-Nicotine-10Tastes-Smart-Screen-Vape-Factory-Direct-11-400x400.png 400w, https:\/\/pgvape.com\/wp-content\/uploads\/2025\/10\/pgvape-ZOOY-TWINS-35000-35K-Puffs-Dual-Flavors-Disposable-Vape-0-2-3-5-Nicotine-10Tastes-Smart-Screen-Vape-Factory-Direct-11-768x768.png 768w, https:\/\/pgvape.com\/wp-content\/uploads\/2025\/10\/pgvape-ZOOY-TWINS-35000-35K-Puffs-Dual-Flavors-Disposable-Vape-0-2-3-5-Nicotine-10Tastes-Smart-Screen-Vape-Factory-Direct-11-12x12.png 12w, https:\/\/pgvape.com\/wp-content\/uploads\/2025\/10\/pgvape-ZOOY-TWINS-35000-35K-Puffs-Dual-Flavors-Disposable-Vape-0-2-3-5-Nicotine-10Tastes-Smart-Screen-Vape-Factory-Direct-11-300x300.png 300w, https:\/\/pgvape.com\/wp-content\/uploads\/2025\/10\/pgvape-ZOOY-TWINS-35000-35K-Puffs-Dual-Flavors-Disposable-Vape-0-2-3-5-Nicotine-10Tastes-Smart-Screen-Vape-Factory-Direct-11-600x600.png 600w, https:\/\/pgvape.com\/wp-content\/uploads\/2025\/10\/pgvape-ZOOY-TWINS-35000-35K-Puffs-Dual-Flavors-Disposable-Vape-0-2-3-5-Nicotine-10Tastes-Smart-Screen-Vape-Factory-Direct-11-100x100.png 100w, https:\/\/pgvape.com\/wp-content\/uploads\/2025\/10\/pgvape-ZOOY-TWINS-35000-35K-Puffs-Dual-Flavors-Disposable-Vape-0-2-3-5-Nicotine-10Tastes-Smart-Screen-Vape-Factory-Direct-11-40x40.png 40w\" sizes=\"auto, (max-width: 1500px) 100vw, 1500px\" \/><\/p>\n<h3><span style=\"font-size: 90%;\">ZOOY TWINS 35000 35K Puffs Jednorazowy Vape o podw\u00f3jnych smakach\u00a0<strong>Wideo:<br \/>\n<iframe loading=\"lazy\" title=\"ZOOY TWINS 35000 35K Ptysie Podw\u00f3jne Smaki Jednorazowe Vape pgvape\" width=\"1020\" height=\"574\" src=\"https:\/\/www.youtube.com\/embed\/f3Tcxv9ih5E?feature=oembed\" frameborder=\"0\" allow=\"accelerometer; autoplay; clipboard-write; encrypted-media; gyroscope; picture-in-picture; web-share\" referrerpolicy=\"strict-origin-when-cross-origin\" allowfullscreen><\/iframe><br \/>\n<\/strong><\/span><\/h3>\n<p>&nbsp;<\/p>\n<h2 class=\"header-vfC6AV auto-hide-last-sibling-br\">Cz\u0119sto zadawane pytania dotycz\u0105ce ZOOY TWINS 35000 | 35K Puffs Dual Favours Jednorazowy waporyzator<\/h2>\n<p data-sourcepos=\"34:1-35:110\">\u2753 <strong data-sourcepos=\"34:3-34:52\">\u201cJak dzia\u0142a system smakowy 2 w 1?<br \/>\n\u201c<\/strong> \u2705 <strong data-sourcepos=\"35:3-35:110\">\u201cB\u0142yskawicznie prze\u0142\u0105czaj si\u0119 mi\u0119dzy dwoma smakami premium za pomoc\u0105 prostej regulacji \u2013 bez konieczno\u015bci zmiany urz\u0105dzenia\u201d.\u201d<\/strong><\/p>\n<p data-sourcepos=\"37:1-38:121\">\u2753 <strong data-sourcepos=\"37:3-37:55\">\u201cCo jest specjalnego w cewce z podw\u00f3jn\u0105 siatk\u0105?<br \/>\n\u201c<\/strong> \u2705 <strong data-sourcepos=\"38:3-38:121\">\u201cTechnologia podw\u00f3jnej cewki zwi\u0119ksza klarowno\u015b\u0107 smaku dzi\u0119ki 40% i zapewnia g\u0142adsz\u0105 par\u0119 ni\u017c standardowe grza\u0142ki\u201d.\u201d<\/strong><\/p>\n<p data-sourcepos=\"40:1-41:110\">\u2753 <strong data-sourcepos=\"40:3-40:53\">\u201cCzy bateria nadaje si\u0119 do ca\u0142odziennego u\u017cytkowania?<br \/>\n\u201c<\/strong> \u2705 <strong data-sourcepos=\"41:3-41:110\">\u201cAkumulator 650 mAh zapewnia wi\u0119ksz\u0105 wydajno\u015b\u0107 i mo\u017cna go \u0142adowa\u0107 przez uniwersalny port typu C.\u201d<\/strong><\/p>\n<p data-sourcepos=\"43:1-44:122\">\u2753 <strong data-sourcepos=\"43:3-43:50\">\u201cKto czerpie korzy\u015bci z opcji nikotynowej 0%?<br \/>\n\u201c<\/strong> \u2705 <strong data-sourcepos=\"44:3-44:122\">\u201cIdealny dla poszukiwaczy smak\u00f3w lub os\u00f3b przechodz\u0105cych na wapowanie bez nikotyny bez po\u015bwi\u0119cania do\u015bwiadczenia\u201d.\u201d<\/strong><\/p>\n<p data-sourcepos=\"46:1-47:111\">\u2753 <strong data-sourcepos=\"46:3-46:39\">\u201cDlaczego wybra\u0107 opakowanie 10 szt.?<br \/>\n\u201c<\/strong> \u2705 <strong data-sourcepos=\"47:3-47:111\">\u201cIdealny dla sprzedawc\u00f3w detalicznych i cz\u0119stych waper\u00f3w \u2013 zapewnia sta\u0142\u0105 poda\u017c i lepsz\u0105 warto\u015b\u0107 na jednostk\u0119.\u201d<\/strong><\/p>\n<p>&nbsp;<\/p>\n<h3 id=\"brxe-najhln\" class=\"brxe-heading\">Cz\u0119sto zadawane pytania (FAQ)<\/h3>\n<div id=\"brxe-rajiac\" class=\"brxe-text\">\n<p><strong>P: Jakie metody p\u0142atno\u015bci akceptujecie?<\/strong><br \/>\nOdp.: Akceptujemy PayPal, Stripe, przelewy bankowe (obs\u0142ugiwane SEPA), g\u0142\u00f3wne karty kredytowe (Visa, MasterCard, American Express) i p\u0142atno\u015bci w kryptowalutach.<\/p>\n<p><strong>P: Jak d\u0142ugo trwa przygotowanie zam\u00f3wienia?<\/strong><br \/>\nOdp.: Przygotowanie zam\u00f3wienia zajmuje 1-3 dni robocze.<\/p>\n<p><strong>P: Jaki jest czas wysy\u0142ki?<\/strong><br \/>\nOdp.: Czas wysy\u0142ki wynosi 7-14 dni roboczych, w zale\u017cno\u015bci od Twojej lokalizacji.<\/p>\n<p><strong>P: Jak mog\u0119 \u015bledzi\u0107 moje zam\u00f3wienie?<\/strong><br \/>\nOdp.: Po wysy\u0142ce otrzymasz wiadomo\u015b\u0107 e-mail z potwierdzeniem i numerem przesy\u0142ki umo\u017cliwiaj\u0105cym \u015bledzenie w czasie rzeczywistym.<\/p>\n<p><strong>P: Jaka jest Twoja polityka zwrot\u00f3w?<\/strong><br \/>\nOdp.: Oferujemy 30-dniow\u0105 polityk\u0119 zwrot\u00f3w lub wymiany. .<\/p>\n<p><strong>P: Czy wyst\u0105pi\u0105 jakie\u015b problemy celne?<br \/>\n<\/strong>Obs\u0142ugujemy wszystkie procedury odprawy celnej, aby zapewni\u0107 Ci bezproblemow\u0105 obs\u0142ug\u0119. .<\/p>\n<p><strong>P: Jakie metody wysy\u0142ki s\u0105 stosowane?<\/strong><br \/>\nWsp\u00f3\u0142pracujemy z firmami UPS\/DHL\/FEDEX\/DPD itp. W zale\u017cno\u015bci od kraju dostawy wybierzemy odpowiedni\u0105 opcj\u0119 wysy\u0142ki, tak aby produkty dotar\u0142y do \u200b\u200bPa\u0144stwa najszybciej jak to mo\u017cliwe.<\/p>\n<p><a href=\"https:\/\/pgvape.com\/pl\/czesto-zadawane-pytania\/\">Kliknij tutaj, aby uzyska\u0107 wi\u0119cej cz\u0119sto zadawanych pyta\u0144<\/a><\/p>\n<p>Szanowni klienci, je\u015bli masz jakiekolwiek pytania dotycz\u0105ce zam\u00f3wienia lub przybycia towaru, skontaktuj si\u0119 z naszym dzia\u0142em obs\u0142ugi klienta. Dzi\u0119kuj\u0119!<\/p>\n<h3 data-sourcepos=\"73:1-73:21\"><strong data-sourcepos=\"73:7-73:21\">Skontaktuj si\u0119 z nami<\/strong><\/h3>\n<div id=\"text-2419739398\" class=\"text\">\n<p><strong data-sourcepos=\"75:3-75:12\">E-mail<\/strong>:\u00a0<a href=\"mailto:support@pgvape.com\"><strong>support@pgvape.com<\/strong><\/a><\/p>\n<p><strong data-sourcepos=\"76:3-76:15\">WhatsApp<\/strong>: <a href=\"https:\/\/wa.me\/+8618128481258\"><strong>+86 18128481258<\/strong><\/a><br \/>\n<strong>(Odpowied\u017a w ci\u0105gu 24 godzin w dni robocze)<\/strong><\/p>\n<\/div>\n<h3><strong>Dzi\u0119kujemy za wybranie pgvape.com! .<\/strong><\/h3>\n<\/div>","protected":false},"excerpt":{"rendered":"<p><strong data-sourcepos=\"52:1-52:205\">\u201cZOOY TWINS 35000: Najlepszy jednorazowy waporyzator o dw\u00f3ch smakach, wyposa\u017cony w 35 000 zaci\u0105gni\u0119\u0107, inteligentny wy\u015bwietlacz, podw\u00f3jn\u0105 cewk\u0119 siatkow\u0105 i 10 par smak\u00f3w \u2013 dost\u0119pny w wersjach nikotynowych 0%-5%.\u201d<\/strong><\/p>","protected":false},"featured_media":3403,"comment_status":"open","ping_status":"closed","template":"","meta":{"_seopress_robots_primary_cat":"none","_seopress_titles_title":"%%post_title%% %%sep%% %%sitetitle%%","_seopress_titles_desc":"","_seopress_robots_index":""},"product_brand":[516,291],"product_cat":[197,515,290],"product_tag":[199,200,90,66,136,307],"class_list":{"0":"post-3387","1":"product","2":"type-product","3":"status-publish","4":"has-post-thumbnail","6":"product_brand-disposable-vape","7":"product_brand-zooy-vape","8":"product_cat-35k-puffs-vape","9":"product_cat-disposable-vape","10":"product_cat-zooy-vape","11":"product_tag-35k-puffs","12":"product_tag-35k-vape","13":"product_tag-disposable-vape","14":"product_tag-dual-flavors","15":"product_tag-smart-screen","16":"product_tag-zooy-twins-35000","18":"first","19":"instock","20":"sale","21":"shipping-taxable","22":"purchasable","23":"product-type-variable"},"_links":{"self":[{"href":"https:\/\/pgvape.com\/pl\/wp-json\/wp\/v2\/product\/3387","targetHints":{"allow":["GET"]}}],"collection":[{"href":"https:\/\/pgvape.com\/pl\/wp-json\/wp\/v2\/product"}],"about":[{"href":"https:\/\/pgvape.com\/pl\/wp-json\/wp\/v2\/types\/product"}],"replies":[{"embeddable":true,"href":"https:\/\/pgvape.com\/pl\/wp-json\/wp\/v2\/comments?post=3387"}],"wp:featuredmedia":[{"embeddable":true,"href":"https:\/\/pgvape.com\/pl\/wp-json\/wp\/v2\/media\/3403"}],"wp:attachment":[{"href":"https:\/\/pgvape.com\/pl\/wp-json\/wp\/v2\/media?parent=3387"}],"wp:term":[{"taxonomy":"product_brand","embeddable":true,"href":"https:\/\/pgvape.com\/pl\/wp-json\/wp\/v2\/product_brand?post=3387"},{"taxonomy":"product_cat","embeddable":true,"href":"https:\/\/pgvape.com\/pl\/wp-json\/wp\/v2\/product_cat?post=3387"},{"taxonomy":"product_tag","embeddable":true,"href":"https:\/\/pgvape.com\/pl\/wp-json\/wp\/v2\/product_tag?post=3387"}],"curies":[{"name":"wp","href":"https:\/\/api.w.org\/{rel}","templated":true}]}}