{"id":3328,"date":"2025-10-13T11:16:01","date_gmt":"2025-10-13T11:16:01","guid":{"rendered":"https:\/\/pgvape.com\/?post_type=product&#038;p=3328"},"modified":"2025-12-15T12:49:35","modified_gmt":"2025-12-15T12:49:35","slug":"zooy-shisha-25000-25-tys-zaciagniec-jednorazowy-vape-regulowany-przeplyw-powietrza-animowany-ekran-vape-factory-direct","status":"publish","type":"product","link":"https:\/\/pgvape.com\/pl\/produkt\/zooy-shisha-25000-25-tys-zaciagniec-jednorazowy-vape-regulowany-przeplyw-powietrza-animowany-ekran-vape-factory-direct\/","title":{"rendered":"ZOOY SHISHA 25000 25K Puffs Jednorazowy Vape Przep\u0142yw powietrza Regulowany animowany ekran Vape Factory Direct"},"content":{"rendered":"<div class=\"auto-hide-last-sibling-br paragraph-JOTKXA paragraph-element br-paragraph-space\"><strong data-sourcepos=\"4:5-4:46\">Jednorazowy waporyzator ZOOY SHISHA 25K Puffs<\/strong><span class=\"CustomP_animated_char__m3r9w\">\u00a0<\/span><span class=\"CustomP_animated_char__m3r9w\">\u0141\u0105czy<\/span><span class=\"CustomP_animated_char__m3r9w\">\u00a0<\/span><strong data-sourcepos=\"4:56-4:80\">Rozszerzona wydajno\u015b\u0107<\/strong><span class=\"CustomP_animated_char__m3r9w\">\u00a0<\/span><span class=\"CustomP_animated_char__m3r9w\">Z<\/span><span class=\"CustomP_animated_char__m3r9w\">\u00a0<\/span><strong data-sourcepos=\"4:86-4:111\">Personalizacja premium<\/strong><span class=\"CustomP_animated_char__m3r9w\">.<\/span><span class=\"CustomP_animated_char__m3r9w\">\u00a0<\/span><span class=\"CustomP_animated_char__m3r9w\">Zawiera<\/span><span class=\"CustomP_animated_char__m3r9w\">\u00a0<\/span><strong data-sourcepos=\"4:123-4:139\">25 000 zaci\u0105gni\u0119\u0107<\/strong>, <strong data-sourcepos=\"4:141-4:167\">Pojemno\u015b\u0107 28 ml e-p\u0142ynu<\/strong>, I <strong data-sourcepos=\"4:173-4:191\">Cewka siatkowa 0,5 \u03a9<\/strong>, Dostarcza <strong data-sourcepos=\"4:205-4:220\">Bogaty smak<\/strong> I <strong data-sourcepos=\"4:225-4:241\">G\u0142adka para<\/strong>. <strong data-sourcepos=\"4:255-4:279\">0%\/2%\/3%\/5% Nikotyna<\/strong> Opcje z <strong data-sourcepos=\"4:293-4:315\">Regulowany przep\u0142yw powietrza<\/strong> Dla <strong data-sourcepos=\"4:320-4:331\">MTL\/DTL<\/strong> Elastyczno\u015b\u0107. <strong data-sourcepos=\"4:349-4:368\">Animowany ekran<\/strong>, <strong data-sourcepos=\"4:370-4:401\">Akumulator 650 mAh<\/strong>, I <strong data-sourcepos=\"4:407-4:426\">\u0141adowanie typu C<\/strong> Zapewnij wygodne i d\u0142ugotrwa\u0142e u\u017cytkowanie. <strong data-sourcepos=\"4:473-4:490\">Os\u0142ona przeciwpy\u0142owa<\/strong> I <strong data-sourcepos=\"4:495-4:517\">10 smak\u00f3w premium<\/strong><span class=\"CustomP_animated_char__m3r9w\">\u00a0<\/span><span class=\"CustomP_animated_char__m3r9w\">Dla<\/span><span class=\"CustomP_animated_char__m3r9w\">\u00a0<\/span><span class=\"CustomP_animated_char__m3r9w\">A<\/span><span class=\"CustomP_animated_char__m3r9w\">\u00a0<\/span><span class=\"CustomP_animated_char__m3r9w\">Znakomity<\/span><span class=\"CustomP_animated_char__m3r9w\">\u00a0<\/span><span class=\"CustomP_animated_char__m3r9w\">Wapowanie<\/span><span class=\"CustomP_animated_char__m3r9w\">\u00a0<\/span><span class=\"CustomP_animated_char__m3r9w\">Do\u015bwiadczenie<\/span><span class=\"CustomP_animated_char__m3r9w\">.<\/span><span style=\"color: #555555; font-size: 14.4px;\">\u00a0<\/span><\/div>\n<p>&nbsp;<\/p>\n<h3><span style=\"font-size: 90%;\">ZOOY SHISHA 25000 | 25K Puff\u00f3w Jednorazowe specyfikacje<\/span><\/h3>\n<p><strong data-sourcepos=\"9:3-9:17\">Liczba puf\u00f3w<\/strong>:\u00a0<strong data-sourcepos=\"9:19-9:35\">25 000 zaci\u0105gni\u0119\u0107<\/strong><\/p>\n<p><strong data-sourcepos=\"10:3-10:15\">Nikotyna<\/strong>:\u00a0<strong data-sourcepos=\"10:17-10:46\">Opcje 0% \/ 2% \/ 3% \/ 5%<\/strong><\/p>\n<p><strong data-sourcepos=\"11:3-11:15\">E-ciecz<\/strong>:\u00a0<strong data-sourcepos=\"11:17-11:44\">Wst\u0119pnie nape\u0142niona pojemno\u015b\u0107 28 ml<\/strong><\/p>\n<p><strong data-sourcepos=\"12:3-12:11\">Cewka<\/strong>:\u00a0<strong data-sourcepos=\"12:13-12:31\">Cewka siatkowa 0,5 \u03a9<\/strong><\/p>\n<p><strong data-sourcepos=\"13:3-13:14\">Bateria<\/strong>:\u00a0<strong data-sourcepos=\"13:16-13:39\">Akumulator 650 mAh<\/strong><\/p>\n<p><strong data-sourcepos=\"14:3-14:15\">\u0141adowanie<\/strong>:\u00a0<strong data-sourcepos=\"14:17-14:41\">Szybkie \u0142adowanie typu C<\/strong><\/p>\n<p><strong data-sourcepos=\"15:3-15:14\">Wy\u015bwietlacz<\/strong>:\u00a0<strong data-sourcepos=\"15:16-15:41\">Animowany inteligentny ekran<\/strong><\/p>\n<p><strong data-sourcepos=\"16:3-16:14\">Przep\u0142yw powietrza<\/strong>:\u00a0<strong data-sourcepos=\"16:16-16:40\">Regulowany (MTL\/DTL)<\/strong><\/p>\n<p><strong data-sourcepos=\"17:3-17:14\">Pakiet<\/strong>:\u00a0<strong data-sourcepos=\"17:16-17:42\">Zawiera os\u0142on\u0119 przeciwpy\u0142ow\u0105<\/strong><\/p>\n<p>&nbsp;<\/p>\n<h3><span style=\"font-size: 90%;\">ZOOY SHISHA 25000 | 25 tys. puszek Jednorazowa lista smak\u00f3w Vape<\/span><\/h3>\n<p>1.L\u00f3d truskawkowy<\/p>\n<p>2. L\u00f3d bananowy<\/p>\n<p>3. Mi\u0142o\u015b\u0107 777<\/p>\n<p>4.L\u00f3d z mango<\/p>\n<p>5. R\u00f3\u017cowa lemoniada<\/p>\n<p>6. Arbuz Truskawkowy<\/p>\n<p>7.L\u00f3d truskawkowo-malinowy<\/p>\n<p>8.L\u00f3d jagodowy<\/p>\n<p>9. L\u00f3d arbuzowy<\/p>\n<p>10. Mieszane jagody<img loading=\"lazy\" decoding=\"async\" class=\"alignnone wp-image-3346 size-full\" src=\"https:\/\/pgvape.com\/wp-content\/uploads\/2025\/10\/pgvape-ZOOY-SHISHA-25000-25K-Puffs-Disposable-Vape-Airflow-Ajustable-with-Animated-Screen-Vape-Factory-Direct-16.png\" alt=\"Zestaw czarnych, cylindrycznych jednorazowych urz\u0105dze\u0144 do waporyzacji z p\u00f3\u0142przezroczystym spodem, ma\u0142ymi cyfrowymi ekranami, kolorowymi nakr\u0119canymi nakr\u0119tkami przeciwkurzowymi i dopasowanymi p\u0119tlami do noszenia, prezentowanymi w wielu wariantach kolorystycznych na okr\u0105g\u0142ych podium, z logo ZOOY, ikonami funkcji i du\u017cym tekstem &quot;2500 zaci\u0105gni\u0119\u0107&quot; w tle.\" width=\"1500\" height=\"1478\" srcset=\"https:\/\/pgvape.com\/wp-content\/uploads\/2025\/10\/pgvape-ZOOY-SHISHA-25000-25K-Puffs-Disposable-Vape-Airflow-Ajustable-with-Animated-Screen-Vape-Factory-Direct-16.png 1500w, https:\/\/pgvape.com\/wp-content\/uploads\/2025\/10\/pgvape-ZOOY-SHISHA-25000-25K-Puffs-Disposable-Vape-Airflow-Ajustable-with-Animated-Screen-Vape-Factory-Direct-16-365x360.png 365w, https:\/\/pgvape.com\/wp-content\/uploads\/2025\/10\/pgvape-ZOOY-SHISHA-25000-25K-Puffs-Disposable-Vape-Airflow-Ajustable-with-Animated-Screen-Vape-Factory-Direct-16-595x586.png 595w, https:\/\/pgvape.com\/wp-content\/uploads\/2025\/10\/pgvape-ZOOY-SHISHA-25000-25K-Puffs-Disposable-Vape-Airflow-Ajustable-with-Animated-Screen-Vape-Factory-Direct-16-400x394.png 400w, https:\/\/pgvape.com\/wp-content\/uploads\/2025\/10\/pgvape-ZOOY-SHISHA-25000-25K-Puffs-Disposable-Vape-Airflow-Ajustable-with-Animated-Screen-Vape-Factory-Direct-16-768x757.png 768w, https:\/\/pgvape.com\/wp-content\/uploads\/2025\/10\/pgvape-ZOOY-SHISHA-25000-25K-Puffs-Disposable-Vape-Airflow-Ajustable-with-Animated-Screen-Vape-Factory-Direct-16-12x12.png 12w, https:\/\/pgvape.com\/wp-content\/uploads\/2025\/10\/pgvape-ZOOY-SHISHA-25000-25K-Puffs-Disposable-Vape-Airflow-Ajustable-with-Animated-Screen-Vape-Factory-Direct-16-600x591.png 600w, https:\/\/pgvape.com\/wp-content\/uploads\/2025\/10\/pgvape-ZOOY-SHISHA-25000-25K-Puffs-Disposable-Vape-Airflow-Ajustable-with-Animated-Screen-Vape-Factory-Direct-16-100x100.png 100w, https:\/\/pgvape.com\/wp-content\/uploads\/2025\/10\/pgvape-ZOOY-SHISHA-25000-25K-Puffs-Disposable-Vape-Airflow-Ajustable-with-Animated-Screen-Vape-Factory-Direct-16-41x40.png 41w\" sizes=\"auto, (max-width: 1500px) 100vw, 1500px\" \/><\/p>\n<h3><span style=\"font-size: 90%;\">ZOOY SHISHA 25000 25K Puffs Jednorazowe wideo Vape<strong>:<\/strong><\/span><\/h3>\n<p>&nbsp;<\/p>\n<h2 class=\"header-vfC6AV auto-hide-last-sibling-br\">Cz\u0119sto zadawane pytania dotycz\u0105ce ZOOY SHISHA 25000 | 25K Puff\u00f3w Jednorazowy Vape<\/h2>\n<p data-sourcepos=\"36:1-37:117\">\u2753 <strong data-sourcepos=\"36:3-36:56\">\u201cW jaki spos\u00f3b cewka siatkowa 0,5 \u03a9 poprawia smak?<br \/>\n\u201c<\/strong> \u2705 <strong data-sourcepos=\"37:3-37:115\">\u201cPrecyzyjna cewka siatkowa zapewnia 30% wi\u0119ksz\u0105 powierzchni\u0119 dla bogatszego smaku i g\u0119stszych chmur\u201d.\u201d<\/strong><\/p>\n<p data-sourcepos=\"39:1-40:116\">\u2753 <strong data-sourcepos=\"39:3-39:54\">\u201cCo jest specjalnego w animowanym ekranie?<br \/>\n\u201c<\/strong> \u2705 <strong data-sourcepos=\"40:3-40:114\">\u201cWy\u015bwietla liczb\u0119 zaci\u0105gni\u0119\u0107 w czasie rzeczywistym, czas pracy baterii i \u017cyw\u0105 grafik\u0119, zapewniaj\u0105c wci\u0105gaj\u0105ce wra\u017cenia\u201d.\u201d<\/strong><\/p>\n<p data-sourcepos=\"42:1-43:116\">\u2753 <strong data-sourcepos=\"42:3-42:49\">\u201cCzy mog\u0119 tego u\u017cywa\u0107 zar\u00f3wno w przypadku MTL, jak i DTL?<br \/>\n\u201c<\/strong> \u2705 <strong data-sourcepos=\"43:3-43:114\">\u201cTak! Regulowany przep\u0142yw powietrza umo\u017cliwia natychmiastowe prze\u0142\u0105czanie pomi\u0119dzy ciasnymi poci\u0105gni\u0119ciami MTL a przewiewnymi chmurami DTL.\u201d<\/strong><\/p>\n<p data-sourcepos=\"45:1-46:108\">\u2753 <strong data-sourcepos=\"45:3-45:58\">\u201cCzy pojemno\u015b\u0107 28 ml jest wystarczaj\u0105ca dla ci\u0119\u017ckich waper\u00f3w?<br \/>\n\u201c<\/strong> \u2705 <strong data-sourcepos=\"46:3-46:106\">\u201cW po\u0142\u0105czeniu z 25 000 zaci\u0105gni\u0119\u0107 jest przeznaczony do d\u0142ugotrwa\u0142ego u\u017cytkowania bez cz\u0119stych wymian.\u201d<\/strong><\/p>\n<p data-sourcepos=\"48:1-49:97\">\u2753 <strong data-sourcepos=\"48:3-48:43\">\u201cDlaczego warto wybra\u0107 opcj\u0119 nikotynow\u0105 0%?<br \/>\n\u201c<\/strong> \u2705 <strong data-sourcepos=\"49:3-49:95\">\u201cIdealny do waporyzacji skoncentrowanej na smaku lub stopniowo ograniczaj\u0105cej spo\u017cycie nikotyny.\u201d<\/strong><\/p>\n<p>&nbsp;<\/p>\n<h3 id=\"brxe-najhln\" class=\"brxe-heading\">Cz\u0119sto zadawane pytania (FAQ)<\/h3>\n<div id=\"brxe-rajiac\" class=\"brxe-text\">\n<p><strong>P: Jakie metody p\u0142atno\u015bci akceptujecie?<\/strong><br \/>\nOdp.: Akceptujemy PayPal, Stripe, przelewy bankowe (obs\u0142ugiwane SEPA), g\u0142\u00f3wne karty kredytowe (Visa, MasterCard, American Express) i p\u0142atno\u015bci w kryptowalutach.<\/p>\n<p><strong>P: Jak d\u0142ugo trwa przygotowanie zam\u00f3wienia?<\/strong><br \/>\nOdp.: Przygotowanie zam\u00f3wienia zajmuje 1-3 dni robocze.<\/p>\n<p><strong>P: Jaki jest czas wysy\u0142ki?<\/strong><br \/>\nOdp.: Czas wysy\u0142ki wynosi 7-14 dni roboczych, w zale\u017cno\u015bci od Twojej lokalizacji.<\/p>\n<p><strong>P: Jak mog\u0119 \u015bledzi\u0107 moje zam\u00f3wienie?<\/strong><br \/>\nOdp.: Po wysy\u0142ce otrzymasz wiadomo\u015b\u0107 e-mail z potwierdzeniem i numerem przesy\u0142ki umo\u017cliwiaj\u0105cym \u015bledzenie w czasie rzeczywistym.<\/p>\n<p><strong>P: Jaka jest Twoja polityka zwrot\u00f3w?<\/strong><br \/>\nOdp.: Oferujemy 30-dniow\u0105 polityk\u0119 zwrot\u00f3w lub wymiany. .<\/p>\n<p><strong>P: Czy wyst\u0105pi\u0105 jakie\u015b problemy celne?<br \/>\n<\/strong>Obs\u0142ugujemy wszystkie procedury odprawy celnej, aby zapewni\u0107 Ci bezproblemow\u0105 obs\u0142ug\u0119. .<\/p>\n<p><strong>P: Jakie metody wysy\u0142ki s\u0105 stosowane?<\/strong><br \/>\nWsp\u00f3\u0142pracujemy z firmami UPS\/DHL\/FEDEX\/DPD itp. W zale\u017cno\u015bci od kraju dostawy wybierzemy odpowiedni\u0105 opcj\u0119 wysy\u0142ki, tak aby produkty dotar\u0142y do \u200b\u200bPa\u0144stwa najszybciej jak to mo\u017cliwe.<\/p>\n<p><a href=\"https:\/\/pgvape.com\/pl\/czesto-zadawane-pytania\/\">Kliknij tutaj, aby uzyska\u0107 wi\u0119cej cz\u0119sto zadawanych pyta\u0144<\/a><\/p>\n<p>Szanowni klienci, je\u015bli masz jakiekolwiek pytania dotycz\u0105ce zam\u00f3wienia lub przybycia towaru, skontaktuj si\u0119 z naszym dzia\u0142em obs\u0142ugi klienta. Dzi\u0119kuj\u0119!<\/p>\n<h3 data-sourcepos=\"73:1-73:21\"><strong data-sourcepos=\"73:7-73:21\">Skontaktuj si\u0119 z nami<\/strong><\/h3>\n<div id=\"text-2419739398\" class=\"text\">\n<p><strong data-sourcepos=\"75:3-75:12\">E-mail<\/strong>:\u00a0<a href=\"mailto:support@pgvape.com\"><strong>support@pgvape.com<\/strong><\/a><\/p>\n<p><strong data-sourcepos=\"76:3-76:15\">WhatsApp<\/strong>: <a href=\"https:\/\/wa.me\/+8618128481258\"><strong>+86 18128481258<\/strong><\/a><br \/>\n<strong>(Odpowied\u017a w ci\u0105gu 24 godzin w dni robocze)<\/strong><\/p>\n<\/div>\n<h3><strong>Dzi\u0119kujemy za wybranie pgvape.com! .<\/strong><\/h3>\n<\/div>","protected":false},"excerpt":{"rendered":"<p><strong data-sourcepos=\"54:1-54:213\">\u201cZOOY SHISHA 25K: Najdoskonalszy konfigurowalny jednorazowy waporyzator z 25 000 zaci\u0105gni\u0119\u0107, cewk\u0105 siatkow\u0105 0,5 \u03a9, regulowanym przep\u0142ywem powietrza i 10 smakami \u2013 zasilany bateri\u0105 650 mAh z \u0142adowaniem typu C.\u201d<\/strong><\/p>","protected":false},"featured_media":3332,"comment_status":"open","ping_status":"closed","template":"","meta":{"_seopress_robots_primary_cat":"none","_seopress_titles_title":"%%post_title%% %%sep%% %%sitetitle%%","_seopress_titles_desc":"","_seopress_robots_index":""},"product_brand":[516,291],"product_cat":[94,515,290],"product_tag":[96,101,300,301,90,299],"class_list":{"0":"post-3328","1":"product","2":"type-product","3":"status-publish","4":"has-post-thumbnail","6":"product_brand-disposable-vape","7":"product_brand-zooy-vape","8":"product_cat-25k-puffs-vape","9":"product_cat-disposable-vape","10":"product_cat-zooy-vape","11":"product_tag-25k-puffs","12":"product_tag-25k-vape","13":"product_tag-airflow-ajustable","14":"product_tag-animated-screen","15":"product_tag-disposable-vape","16":"product_tag-zooy-shisha-25000","18":"first","19":"instock","20":"sale","21":"shipping-taxable","22":"purchasable","23":"product-type-variable"},"_links":{"self":[{"href":"https:\/\/pgvape.com\/pl\/wp-json\/wp\/v2\/product\/3328","targetHints":{"allow":["GET"]}}],"collection":[{"href":"https:\/\/pgvape.com\/pl\/wp-json\/wp\/v2\/product"}],"about":[{"href":"https:\/\/pgvape.com\/pl\/wp-json\/wp\/v2\/types\/product"}],"replies":[{"embeddable":true,"href":"https:\/\/pgvape.com\/pl\/wp-json\/wp\/v2\/comments?post=3328"}],"wp:featuredmedia":[{"embeddable":true,"href":"https:\/\/pgvape.com\/pl\/wp-json\/wp\/v2\/media\/3332"}],"wp:attachment":[{"href":"https:\/\/pgvape.com\/pl\/wp-json\/wp\/v2\/media?parent=3328"}],"wp:term":[{"taxonomy":"product_brand","embeddable":true,"href":"https:\/\/pgvape.com\/pl\/wp-json\/wp\/v2\/product_brand?post=3328"},{"taxonomy":"product_cat","embeddable":true,"href":"https:\/\/pgvape.com\/pl\/wp-json\/wp\/v2\/product_cat?post=3328"},{"taxonomy":"product_tag","embeddable":true,"href":"https:\/\/pgvape.com\/pl\/wp-json\/wp\/v2\/product_tag?post=3328"}],"curies":[{"name":"wp","href":"https:\/\/api.w.org\/{rel}","templated":true}]}}