{"id":3296,"date":"2025-10-13T10:23:31","date_gmt":"2025-10-13T10:23:31","guid":{"rendered":"https:\/\/pgvape.com\/?post_type=product&#038;p=3296"},"modified":"2025-12-15T12:49:53","modified_gmt":"2025-12-15T12:49:53","slug":"zooy-firzen-35000-35k-zaciagniec-jednorazowy-vape-regulowany-nikotyna-nicice-control-3-kolory-lgb-light-vape-factory-direct","status":"publish","type":"product","link":"https:\/\/pgvape.com\/pl\/produkt\/zooy-firzen-35000-35k-zaciagniec-jednorazowy-vape-regulowany-nikotyna-nicice-control-3-kolory-lgb-light-vape-factory-direct\/","title":{"rendered":"ZOOY FIRZEN 35000 35k Puffs Jednorazowy Vape Regulowany Nikotyna Nic &amp; Ice Control 3 Kolory LGB Light Vape Factory Direct"},"content":{"rendered":"<div class=\"auto-hide-last-sibling-br paragraph-JOTKXA paragraph-element br-paragraph-space\"><strong data-sourcepos=\"4:5-4:48\">ZOOY FIRZEN 35000 Puffs Disposable Vape<\/strong> Delivers <strong data-sourcepos=\"4:58-4:84\">Ultimate Customization<\/strong> With <strong data-sourcepos=\"4:90-4:120\">NIC&amp;ICE Control Technology<\/strong> For Adjustable <strong data-sourcepos=\"4:136-4:157\">Nicotine Strength<\/strong> And <strong data-sourcepos=\"4:162-4:180\">Cooling Levels<\/strong>. Featuring A <strong data-sourcepos=\"4:194-4:222\">1.0+1.0 Double Mesh Coil<\/strong>, <strong data-sourcepos=\"4:224-4:255\">550mAh Rechargeable Battery<\/strong>, And <strong data-sourcepos=\"4:261-4:285\">Type-C Fast Charging<\/strong>, It Offers <strong data-sourcepos=\"4:297-4:324\">35,000 Ultra-Long Puffs<\/strong>. Enhanced By <strong data-sourcepos=\"4:338-4:362\">3-Color LGB Lighting<\/strong> And <strong data-sourcepos=\"4:367-4:389\">10 Premium Flavors<\/strong>, This Device Combines <strong data-sourcepos=\"4:412-4:427\">Performance<\/strong> With <strong data-sourcepos=\"4:433-4:442\">Style<\/strong> For An Unforgettable Vaping Experience.<\/div>\n<p>&nbsp;<\/p>\n<h2><span style=\"font-size: 90%;\">ZOOY FIRZEN 35000 | 35k Puffs Disposable Vape Specifications<\/span><\/h2>\n<p><strong data-sourcepos=\"9:3-9:17\">Puff Count<\/strong>:\u00a0<strong data-sourcepos=\"9:19-9:35\">35,000 Puffs<\/strong><\/p>\n<p><strong data-sourcepos=\"10:3-10:15\">Nicotine<\/strong>:\u00a0<strong data-sourcepos=\"10:17-10:47\">Adjustable NIC&amp;ICE Control<\/strong><\/p>\n<p><strong data-sourcepos=\"11:3-11:11\">Coil<\/strong>:\u00a0<strong data-sourcepos=\"11:13-11:44\">1.0\u03a9 + 1.0\u03a9 Dual Mesh Coils<\/strong><\/p>\n<p><strong data-sourcepos=\"12:3-12:14\">Battery<\/strong>:\u00a0<strong data-sourcepos=\"12:16-12:39\">550mAh Rechargeable<\/strong><\/p>\n<p><strong data-sourcepos=\"13:3-13:15\">Charging<\/strong>:\u00a0<strong data-sourcepos=\"13:17-13:41\">Type-C Fast Charging<\/strong><\/p>\n<p><strong data-sourcepos=\"14:3-14:15\">Lighting<\/strong>:\u00a0<strong data-sourcepos=\"14:17-14:43\">3-Color LGB LED System<\/strong><\/p>\n<p><strong data-sourcepos=\"15:3-15:15\">E-Liquid<\/strong>:\u00a0<strong data-sourcepos=\"15:17-15:44\">High-Capacity Reservoir<\/strong><\/p>\n<p>&nbsp;<\/p>\n<h3><span style=\"font-size: 90%;\">ZOOY FIRZEN 35000 | 35k Puffs Disposable Vape Flavor List<\/span><\/h3>\n<p>1.Watermelon Ice<\/p>\n<p>2.Aloe Grape<\/p>\n<p>3.Strawberry Banana<\/p>\n<p>4.Strawberry Raspberry Kiwi<\/p>\n<p>5.Blueberry Raspberry Lemonade<\/p>\n<p>6.Pineapple Coconut<\/p>\n<p>7.Menthol<\/p>\n<p>8.Strawberry Watermelon<\/p>\n<p>9.Mixed Berry<\/p>\n<p>10.Blackberry Cranberry<img loading=\"lazy\" decoding=\"async\" class=\"alignnone wp-image-3307 size-full\" src=\"https:\/\/pgvape.com\/wp-content\/uploads\/2025\/10\/pgvape-ZOOY-FIRZEN-35000-35k-Puffs-NicIce-Control-Disposable-Vape-3-Gears-Adjustable-Ice-Control-Vape-Factory-Direct-8.png\" alt=\"Two rows of five white rectangular disposable vape devices, each topped with a different colored rounded cap and showing a bold ZOOY logo, a '35000' label and a small fruit illustration indicating fruit- and mint-flavored varieties (pineapple coconut, mixed berry, menthol, strawberry watermelon, blueberry raspberry lemonade, blackberry cranberry, watermelon ice, strawberry banana, strawberry raspberry kiwi, aloe grape).\" width=\"1500\" height=\"1500\" srcset=\"https:\/\/pgvape.com\/wp-content\/uploads\/2025\/10\/pgvape-ZOOY-FIRZEN-35000-35k-Puffs-NicIce-Control-Disposable-Vape-3-Gears-Adjustable-Ice-Control-Vape-Factory-Direct-8.png 1500w, https:\/\/pgvape.com\/wp-content\/uploads\/2025\/10\/pgvape-ZOOY-FIRZEN-35000-35k-Puffs-NicIce-Control-Disposable-Vape-3-Gears-Adjustable-Ice-Control-Vape-Factory-Direct-8-360x360.png 360w, https:\/\/pgvape.com\/wp-content\/uploads\/2025\/10\/pgvape-ZOOY-FIRZEN-35000-35k-Puffs-NicIce-Control-Disposable-Vape-3-Gears-Adjustable-Ice-Control-Vape-Factory-Direct-8-595x595.png 595w, https:\/\/pgvape.com\/wp-content\/uploads\/2025\/10\/pgvape-ZOOY-FIRZEN-35000-35k-Puffs-NicIce-Control-Disposable-Vape-3-Gears-Adjustable-Ice-Control-Vape-Factory-Direct-8-400x400.png 400w, https:\/\/pgvape.com\/wp-content\/uploads\/2025\/10\/pgvape-ZOOY-FIRZEN-35000-35k-Puffs-NicIce-Control-Disposable-Vape-3-Gears-Adjustable-Ice-Control-Vape-Factory-Direct-8-768x768.png 768w, https:\/\/pgvape.com\/wp-content\/uploads\/2025\/10\/pgvape-ZOOY-FIRZEN-35000-35k-Puffs-NicIce-Control-Disposable-Vape-3-Gears-Adjustable-Ice-Control-Vape-Factory-Direct-8-12x12.png 12w, https:\/\/pgvape.com\/wp-content\/uploads\/2025\/10\/pgvape-ZOOY-FIRZEN-35000-35k-Puffs-NicIce-Control-Disposable-Vape-3-Gears-Adjustable-Ice-Control-Vape-Factory-Direct-8-300x300.png 300w, https:\/\/pgvape.com\/wp-content\/uploads\/2025\/10\/pgvape-ZOOY-FIRZEN-35000-35k-Puffs-NicIce-Control-Disposable-Vape-3-Gears-Adjustable-Ice-Control-Vape-Factory-Direct-8-600x600.png 600w, https:\/\/pgvape.com\/wp-content\/uploads\/2025\/10\/pgvape-ZOOY-FIRZEN-35000-35k-Puffs-NicIce-Control-Disposable-Vape-3-Gears-Adjustable-Ice-Control-Vape-Factory-Direct-8-100x100.png 100w, https:\/\/pgvape.com\/wp-content\/uploads\/2025\/10\/pgvape-ZOOY-FIRZEN-35000-35k-Puffs-NicIce-Control-Disposable-Vape-3-Gears-Adjustable-Ice-Control-Vape-Factory-Direct-8-40x40.png 40w\" sizes=\"auto, (max-width: 1500px) 100vw, 1500px\" \/><\/p>\n<p>&nbsp;<\/p>\n<h3><span style=\"font-size: 90%;\">ZOOY FIRZEN 35000 35k Puffs Nic&amp;Ice Control Disposable Vape Video<strong>\uff1a<\/strong><\/span><\/h3>\n<p>&nbsp;<\/p>\n<h2 class=\"header-vfC6AV auto-hide-last-sibling-br\">FAQs About ZOOY FIRZEN 35000 | 35k Puffs Disposable Vape<\/h2>\n<div class=\"inter-jQQQ8P\">\n<div class=\"container-PrUkKo\">\n<div class=\"item-hGGxLi\">\n<div class=\"container-arOxqB chrome70-container\">\n<div class=\"inner-FyM8gE inner-item-f8P6nx\" data-target-id=\"message-box-target-id\" data-testid=\"union_message\">\n<div class=\"message-block-container-aFugD6\" data-testid=\"message-block-container\" data-ui-version=\"samantha\">\n<div class=\"flex flex-row w-full w-full max-w-full s-font-base text-s-color-text-secondary p-0 rounded-s-radius-s bg-transparent group data-[attr=select-mode]:-mt-10 data-[attr=select-mode]:py-10 data-[attr=select-mode]:px-16 data-[attr=select-mode]:sm:p-10 data-[attr=select-mode]:hover:bg-s-color-bg-base data-[attr=select-mode]:hover:rounded-s-radius-xs data-[attr=select-mode]:has-[:checked]:bg-s-color-bg-trans data-[attr=select-mode]:has-[:checked]:rounded-s-radius-xs data-[attr=select-mode]:pointer-events-none\" data-testid=\"receive_message\">\n<div class=\"flex flex-col flex-grow max-w-full min-w-0\">\n<div class=\"flex flex-row w-full\" data-testid=\"message_content\" data-message-id=\"24410348416343810\">\n<div class=\"w-full\" data-plugin-identifier=\"Symbol(infra:receive-message-box:text)\">\n<div class=\"container-ZYIsnH flow-markdown-body mdbox-theme-next theme-samantha-Nbr9UN\" dir=\"ltr\" data-testid=\"message_text_content\" data-show-indicator=\"false\">\n<p data-sourcepos=\"34:1-35:132\">\u2753 <strong data-sourcepos=\"34:3-34:43\">&#8220;How Does NIC&amp;ICE Control Work?&#8221;<\/strong><br \/>\n\u2705 <strong data-sourcepos=\"35:3-35:130\">&#8220;Independently Adjust Nicotine Potency (2%-5%) And Menthol Cooling Via Intuitive Dial For Personalized Throat Hit.&#8221;<\/strong><\/p>\n<p data-sourcepos=\"37:1-38:113\">\u2753 <strong data-sourcepos=\"37:3-37:54\">&#8220;What\u2019s Special About The Dual Mesh Coils?&#8221;<br \/>\n<\/strong> \u2705 <strong data-sourcepos=\"38:3-38:111\">&#8220;Parallel 1.0\u03a9 Coils Provide 40% Faster Heating And Richer Flavor Than Single-Coil Designs.&#8221;<\/strong><\/p>\n<p data-sourcepos=\"40:1-41:124\">\u2753 <strong data-sourcepos=\"40:3-40:46\">&#8220;Is The 550mAh Battery Sufficient?&#8221;<br \/>\n<\/strong> \u2705 <strong data-sourcepos=\"41:3-41:122\">&#8220;Optimized For Efficiency\u2014Lasts All Day In Regular Use; Type-C Charging Restores Full Power In 35 Minutes.&#8221;<\/strong><\/p>\n<p data-sourcepos=\"43:1-44:112\">\u2753 <strong data-sourcepos=\"43:3-43:48\">&#8220;What Makes The LGB Lighting Unique?&#8221;<\/strong><br \/>\n\u2705 <strong data-sourcepos=\"44:3-44:110\">&#8220;Dynamic 3-Color LEDs Pulse With Use, Adding Visual Flair While Indicating Battery Status.&#8221;<\/strong><\/p>\n<p data-sourcepos=\"46:1-47:121\">\u2753 <strong data-sourcepos=\"46:3-46:42\">&#8220;Are The Flavors ICE-Enhanced?&#8221;<\/strong><br \/>\n\u2705 <strong data-sourcepos=\"47:3-47:119\">&#8220;All 10 Flavors Feature Adjustable Cooling\u2014From Subtle Chill To Intense Freeze Via NIC&amp;ICE Control.&#8221;<\/strong><\/p>\n<p>&nbsp;<\/p>\n<h3 id=\"brxe-najhln\" class=\"brxe-heading\">Frequently Asked Questions (FAQ)<\/h3>\n<div id=\"brxe-rajiac\" class=\"brxe-text\">\n<p><strong>Q: What payment methods do you accept?<\/strong><br \/>\nA: We accept PayPal, Stripe, bank transfers (SEPA supported), major credit cards (Visa, MasterCard, American Express), and cryptocurrency payments.<\/p>\n<p><strong>Q: How long does order preparation take?<\/strong><br \/>\nA: Order preparation takes 1-3 business days.<\/p>\n<p><strong>Q: What is the shipping time?<\/strong><br \/>\nA: Shipping time is 7-14 business days, depending on your location.<\/p>\n<p><strong>Q: How can I track my order?<\/strong><br \/>\nA: After shipping, you will receive a confirmation email with a tracking number for real-time tracking.<\/p>\n<p><strong>Q: What is your return policy?<\/strong><br \/>\nA: We offer a 30-day return policy for refunds or exchanges. Items must be in their original condition.<\/p>\n<p><strong>Q: Will there be any customs issues?<br \/>\n<\/strong>We handle all customs clearance procedures to ensure a hassle-free experience for you. There will be no taxes or fees, and we guarantee that 100% of our products will clear customs without any problems.<\/p>\n<p><strong>Q: What shipping methods are used?<\/strong><br \/>\nWe cooperate with UPS\/DHL\/FEDEX\/DPD, etc. We will choose the appropriate shipping option depending on the country of delivery to ensure that you receive your products as quickly as possible.<\/p>\n<p><a href=\"https:\/\/pgvape.com\/faqs\/\">Click here for more FAQ<\/a><\/p>\n<p>Dear customers, If you have any questions about your order or the arrival of goods, please contact our customer service .Thank you!<\/p>\n<h3 data-sourcepos=\"73:1-73:21\"><strong data-sourcepos=\"73:7-73:21\">Contact Us<\/strong><\/h3>\n<div id=\"text-2419739398\" class=\"text\">\n<p><strong data-sourcepos=\"75:3-75:12\">Email<\/strong>:\u00a0<a href=\"mailto:support@pgvape.com\"><strong>support@pgvape.com<\/strong><\/a><\/p>\n<p><strong data-sourcepos=\"76:3-76:15\">WhatsApp<\/strong>: <a href=\"https:\/\/wa.me\/+8618128481258\"><strong>+86 18128481258<\/strong><\/a><br \/>\n<strong>(Response within 24 hours on business days)<\/strong><\/p>\n<\/div>\n<h3><strong>Thank you for choosing pgvape.com! We value your trust and are committed to providing you with a smooth, safe, and satisfactory shopping experience.<\/strong><\/h3>\n<\/div>\n<\/div>\n<\/div>\n<\/div>\n<\/div>\n<\/div>\n<\/div>\n<\/div>\n<\/div>\n<\/div>\n<\/div>\n<\/div>\n","protected":false},"excerpt":{"rendered":"<p><strong data-sourcepos=\"52:1-52:230\">\u201cZOOY FIRZEN 35000: Konfigurowalny jednorazowy waporyzator ze sterowaniem NIC&amp;ICE, podw\u00f3jn\u0105 cewk\u0105 siatkow\u0105, zaci\u0105gni\u0119ciami 35 tys. i 10 smakami \u2013 wzmocniony bateri\u0105 550 mAh, \u0142adowaniem typu C i \u017cywym 3-kolorowym o\u015bwietleniem.\u201d<\/strong><\/p>","protected":false},"featured_media":3315,"comment_status":"open","ping_status":"closed","template":"","meta":{"_seopress_robots_primary_cat":"none","_seopress_titles_title":"%%post_title%% %%sep%% %%sitetitle%%","_seopress_titles_desc":"","_seopress_robots_index":""},"product_brand":[516,291],"product_cat":[197,515,290],"product_tag":[298,199,200,296,90,297,295],"class_list":{"0":"post-3296","1":"product","2":"type-product","3":"status-publish","4":"has-post-thumbnail","6":"product_brand-disposable-vape","7":"product_brand-zooy-vape","8":"product_cat-35k-puffs-vape","9":"product_cat-disposable-vape","10":"product_cat-zooy-vape","11":"product_tag-3-colors-lgb-light","12":"product_tag-35k-puffs","13":"product_tag-35k-vape","14":"product_tag-adjustable-nicotine","15":"product_tag-disposable-vape","16":"product_tag-nicice-control","17":"product_tag-zooy-firzen-35000","19":"first","20":"instock","21":"sale","22":"shipping-taxable","23":"purchasable","24":"product-type-variable"},"_links":{"self":[{"href":"https:\/\/pgvape.com\/pl\/wp-json\/wp\/v2\/product\/3296","targetHints":{"allow":["GET"]}}],"collection":[{"href":"https:\/\/pgvape.com\/pl\/wp-json\/wp\/v2\/product"}],"about":[{"href":"https:\/\/pgvape.com\/pl\/wp-json\/wp\/v2\/types\/product"}],"replies":[{"embeddable":true,"href":"https:\/\/pgvape.com\/pl\/wp-json\/wp\/v2\/comments?post=3296"}],"wp:featuredmedia":[{"embeddable":true,"href":"https:\/\/pgvape.com\/pl\/wp-json\/wp\/v2\/media\/3315"}],"wp:attachment":[{"href":"https:\/\/pgvape.com\/pl\/wp-json\/wp\/v2\/media?parent=3296"}],"wp:term":[{"taxonomy":"product_brand","embeddable":true,"href":"https:\/\/pgvape.com\/pl\/wp-json\/wp\/v2\/product_brand?post=3296"},{"taxonomy":"product_cat","embeddable":true,"href":"https:\/\/pgvape.com\/pl\/wp-json\/wp\/v2\/product_cat?post=3296"},{"taxonomy":"product_tag","embeddable":true,"href":"https:\/\/pgvape.com\/pl\/wp-json\/wp\/v2\/product_tag?post=3296"}],"curies":[{"name":"wp","href":"https:\/\/api.w.org\/{rel}","templated":true}]}}