{"id":3263,"date":"2025-10-13T09:18:02","date_gmt":"2025-10-13T09:18:02","guid":{"rendered":"https:\/\/pgvape.com\/?post_type=product&#038;p=3263"},"modified":"2025-12-15T12:50:22","modified_gmt":"2025-12-15T12:50:22","slug":"zooy-blaze-25000-25k-zaciagniec-jednorazowy-vape-przeplyw-powietrza-regulowany-wyswietlacz-pelnoekranowy-vape-factory-direct","status":"publish","type":"product","link":"https:\/\/pgvape.com\/pl\/produkt\/zooy-blaze-25000-25k-zaciagniec-jednorazowy-vape-przeplyw-powietrza-regulowany-wyswietlacz-pelnoekranowy-vape-factory-direct\/","title":{"rendered":"ZOOY BlAZE 25000 25K Puffs Jednorazowy Vape Przep\u0142yw powietrza i moc Regulowany wy\u015bwietlacz pe\u0142noekranowy Vape Factory Direct"},"content":{"rendered":"<div class=\"auto-hide-last-sibling-br paragraph-JOTKXA paragraph-element br-paragraph-space\"><strong data-sourcepos=\"4:5-4:47\">Jednorazowy waporyzator ZOOY BLAZE 25000 Puffs<\/strong> Oferty <strong data-sourcepos=\"4:55-4:81\">Ostateczna personalizacja<\/strong> Z <strong data-sourcepos=\"4:87-4:109\">Regulowany przep\u0142yw powietrza<\/strong>, <strong data-sourcepos=\"4:111-4:136\">Zmienna moc wyj\u015bciowa<\/strong>, I <strong data-sourcepos=\"4:142-4:161\">Podw\u00f3jne cewki siatkowe<\/strong>. <strong data-sourcepos=\"4:175-4:206\">Akumulator 650 mAh<\/strong>, <strong data-sourcepos=\"4:208-4:232\">Szybkie \u0142adowanie typu C<\/strong>, I <strong data-sourcepos=\"4:238-4:261\">Wy\u015bwietlanie pe\u0142noekranowe<\/strong>, Dostarcza <strong data-sourcepos=\"4:275-4:302\">25 000 bardzo d\u0142ugich zaci\u0105gni\u0119\u0107<\/strong>. <strong data-sourcepos=\"4:316-4:338\">10 smak\u00f3w premium<\/strong> W <strong data-sourcepos=\"4:342-4:363\">2%\/3%\/5% Nikotyna<\/strong> Dla dostosowanego do\u015bwiadczenia Vaping.<\/div>\n<p>&nbsp;<\/p>\n<h3><span style=\"font-size: 90%;\">ZOOY BlAZE 25000 | 25K Puffs Jednorazowe specyfikacje<\/span><\/h3>\n<p><strong data-sourcepos=\"9:3-9:17\">Liczba puf\u00f3w<\/strong>:\u00a0<strong data-sourcepos=\"9:19-9:35\">25 000 zaci\u0105gni\u0119\u0107<\/strong><\/p>\n<p><strong data-sourcepos=\"10:3-10:15\">Nikotyna<\/strong>:\u00a0<strong data-sourcepos=\"10:17-10:41\">Opcje 2% \/ 3% \/ 5%<\/strong><\/p>\n<p><strong data-sourcepos=\"11:3-11:11\">Cewka<\/strong>:\u00a0<strong data-sourcepos=\"11:13-11:46\">Podw\u00f3jne cewki siatkowe (1,0 \u03a9 + 1,2 \u03a9)<\/strong><\/p>\n<p><strong data-sourcepos=\"12:3-12:14\">Bateria<\/strong>:\u00a0<strong data-sourcepos=\"12:16-12:39\">Akumulator 650 mAh<\/strong><\/p>\n<p><strong data-sourcepos=\"13:3-13:15\">\u0141adowanie<\/strong>:\u00a0<strong data-sourcepos=\"13:17-13:41\">Szybkie \u0142adowanie typu C<\/strong><\/p>\n<p><strong data-sourcepos=\"14:3-14:14\">Wy\u015bwietlacz<\/strong>:\u00a0<strong data-sourcepos=\"14:16-14:35\">Pe\u0142ny ekran LED<\/strong><\/p>\n<p><strong data-sourcepos=\"15:3-15:18\">Korekty<\/strong>:\u00a0<strong data-sourcepos=\"15:20-15:47\">Kontrola przep\u0142ywu powietrza i mocy<\/strong><\/p>\n<p>&nbsp;<\/p>\n<h3><span style=\"font-size: 90%;\">ZOOY BlAZE 25000 | 25 tys. puszek Jednorazowa lista smak\u00f3w Vape<\/span><\/h3>\n<p><strong>1.L\u00f3d arbuzowy<\/strong><\/p>\n<p><strong>2.L\u00f3d jagodowy<\/strong><\/p>\n<p><strong>3.Truskawkowe Kiwi<\/strong><\/p>\n<p><strong>4. Winogrono Cytryna<\/strong><\/p>\n<p><strong>5.Brzoskwinia jab\u0142kowa<\/strong><\/p>\n<p><strong>6. Niebieska lemoniada Razz<\/strong><\/p>\n<p><strong>7. Arbuz Truskawkowy<\/strong><\/p>\n<p><strong>8.Je\u017cyna Wi\u015bniowa Cytryna<\/strong><\/p>\n<p><strong>9. Mieszane jagody<\/strong><\/p>\n<p><strong>10.Niebieska mi\u0119ta<\/strong>\u00a0(Jagoda Mi\u0119towa)<br \/>\n<img loading=\"lazy\" decoding=\"async\" class=\"alignnone wp-image-3284 size-full\" src=\"https:\/\/pgvape.com\/wp-content\/uploads\/2025\/10\/pgvape-ZOOY-BlAZE-25000-25K-Puffs-Disposable-Vape-Adjustable-Airflow-Adjustable-Power-Full-Screen-Display-Vape-Factory-Direct-18.png\" alt=\"Jedena\u015bcie kolorowych urz\u0105dze\u0144 do waporyzacji w kszta\u0142cie kapsu\u0142ek, rozmieszczonych w dw\u00f3ch rz\u0119dach na bia\u0142ym tle, ka\u017cde z czarnym owalnym wy\u015bwietlaczem cyfrowym przedstawiaj\u0105cym wielokolorowe pier\u015bcienie wska\u017anik\u00f3w i ma\u0142e ikony, oznaczone pod spodem nazwami smak\u00f3w w j\u0119zyku angielskim i chi\u0144skim, takimi jak Watermelon Ice, Blueberry Ice, Strawberry Kiwi, Grape Juice, Apple Peach, Cool Mint, Mixed Berry, Blackberry Cherry Lemon, Strawberry Watermelon i Blue Razz Lemonade.\" width=\"1000\" height=\"1000\" srcset=\"https:\/\/pgvape.com\/wp-content\/uploads\/2025\/10\/pgvape-ZOOY-BlAZE-25000-25K-Puffs-Disposable-Vape-Adjustable-Airflow-Adjustable-Power-Full-Screen-Display-Vape-Factory-Direct-18.png 1000w, https:\/\/pgvape.com\/wp-content\/uploads\/2025\/10\/pgvape-ZOOY-BlAZE-25000-25K-Puffs-Disposable-Vape-Adjustable-Airflow-Adjustable-Power-Full-Screen-Display-Vape-Factory-Direct-18-360x360.png 360w, https:\/\/pgvape.com\/wp-content\/uploads\/2025\/10\/pgvape-ZOOY-BlAZE-25000-25K-Puffs-Disposable-Vape-Adjustable-Airflow-Adjustable-Power-Full-Screen-Display-Vape-Factory-Direct-18-595x595.png 595w, https:\/\/pgvape.com\/wp-content\/uploads\/2025\/10\/pgvape-ZOOY-BlAZE-25000-25K-Puffs-Disposable-Vape-Adjustable-Airflow-Adjustable-Power-Full-Screen-Display-Vape-Factory-Direct-18-400x400.png 400w, https:\/\/pgvape.com\/wp-content\/uploads\/2025\/10\/pgvape-ZOOY-BlAZE-25000-25K-Puffs-Disposable-Vape-Adjustable-Airflow-Adjustable-Power-Full-Screen-Display-Vape-Factory-Direct-18-768x768.png 768w, https:\/\/pgvape.com\/wp-content\/uploads\/2025\/10\/pgvape-ZOOY-BlAZE-25000-25K-Puffs-Disposable-Vape-Adjustable-Airflow-Adjustable-Power-Full-Screen-Display-Vape-Factory-Direct-18-12x12.png 12w, https:\/\/pgvape.com\/wp-content\/uploads\/2025\/10\/pgvape-ZOOY-BlAZE-25000-25K-Puffs-Disposable-Vape-Adjustable-Airflow-Adjustable-Power-Full-Screen-Display-Vape-Factory-Direct-18-300x300.png 300w, https:\/\/pgvape.com\/wp-content\/uploads\/2025\/10\/pgvape-ZOOY-BlAZE-25000-25K-Puffs-Disposable-Vape-Adjustable-Airflow-Adjustable-Power-Full-Screen-Display-Vape-Factory-Direct-18-600x600.png 600w, https:\/\/pgvape.com\/wp-content\/uploads\/2025\/10\/pgvape-ZOOY-BlAZE-25000-25K-Puffs-Disposable-Vape-Adjustable-Airflow-Adjustable-Power-Full-Screen-Display-Vape-Factory-Direct-18-100x100.png 100w, https:\/\/pgvape.com\/wp-content\/uploads\/2025\/10\/pgvape-ZOOY-BlAZE-25000-25K-Puffs-Disposable-Vape-Adjustable-Airflow-Adjustable-Power-Full-Screen-Display-Vape-Factory-Direct-18-40x40.png 40w\" sizes=\"auto, (max-width: 1000px) 100vw, 1000px\" \/><\/p>\n<h3><span style=\"font-size: 90%;\">ZOOY BlAZE 25000 25K Puffs Jednorazowe wideo Vape<strong>:<\/strong><\/span><\/h3>\n<p>&nbsp;<\/p>\n<h2 class=\"header-vfC6AV auto-hide-last-sibling-br\">Cz\u0119sto zadawane pytania dotycz\u0105ce ZOOY BlAZE 25000 | 25K Puffs Jednorazowy waporyzator<\/h2>\n<p data-sourcepos=\"34:1-35:94\">\u2753 <strong data-sourcepos=\"34:3-34:50\">Co sprawia, \u017ce \u200b\u200bZOOY BLAZE 25000 jest wyj\u0105tkowy?<br \/>\n<\/strong> \u2705 <strong data-sourcepos=\"35:3-35:25\">Regulowany przep\u0142yw powietrza<\/strong>, <strong data-sourcepos=\"35:27-35:44\">Kontrola mocy<\/strong>, I <strong data-sourcepos=\"35:50-35:69\">Podw\u00f3jne cewki siatkowe<\/strong> Do niestandardowego wapowania.<\/p>\n<p data-sourcepos=\"37:1-38:45\">\u2753 <strong data-sourcepos=\"37:3-37:38\">Ile zaci\u0105gni\u0119\u0107 zapewnia?<br \/>\n<\/strong> \u2705 <strong data-sourcepos=\"38:3-38:25\">Do 25 000 zaci\u0105gni\u0119\u0107<\/strong> Do przed\u0142u\u017conego u\u017cytku.<\/p>\n<p data-sourcepos=\"40:1-41:58\">\u2753 <strong data-sourcepos=\"40:3-40:35\">Czy akumulator mo\u017cna \u0142adowa\u0107?<\/strong><br \/>\n\u2705 <strong data-sourcepos=\"41:3-41:10\">Tak<\/strong>, <strong data-sourcepos=\"41:12-41:30\">Bateria 650 mAh<\/strong> Z <strong data-sourcepos=\"41:36-41:55\">\u0141adowanie typu C<\/strong>.<\/p>\n<p data-sourcepos=\"43:1-44:54\">\u2753 <strong data-sourcepos=\"43:3-43:43\">Jakie opcje nikotyny s\u0105 dost\u0119pne?<br \/>\n<\/strong> \u2705 <strong data-sourcepos=\"44:3-44:9\">2%<\/strong>, <strong data-sourcepos=\"44:11-44:17\">3%<\/strong>, I <strong data-sourcepos=\"44:23-44:43\">S\u00f3l nikotynowa 5%<\/strong> Opcje.<\/p>\n<p data-sourcepos=\"46:1-47:75\">\u2753 <strong data-sourcepos=\"46:3-46:37\">Czy ma ekran?<br \/>\n<\/strong> \u2705 <strong data-sourcepos=\"47:3-47:22\">Pe\u0142ny ekran LED<\/strong> Wida\u0107 <strong data-sourcepos=\"47:29-47:40\">Bateria<\/strong>, <strong data-sourcepos=\"47:42-47:54\">E-ciecz<\/strong>, I <strong data-sourcepos=\"47:60-47:72\">Ustawienia<\/strong>.<\/p>\n<p>&nbsp;<\/p>\n<h3 id=\"brxe-najhln\" class=\"brxe-heading\">Cz\u0119sto zadawane pytania (FAQ)<\/h3>\n<div id=\"brxe-rajiac\" class=\"brxe-text\">\n<p><strong>P: Jakie metody p\u0142atno\u015bci akceptujecie?<\/strong><br \/>\nOdp.: Akceptujemy PayPal, Stripe, przelewy bankowe (obs\u0142ugiwane SEPA), g\u0142\u00f3wne karty kredytowe (Visa, MasterCard, American Express) i p\u0142atno\u015bci w kryptowalutach.<\/p>\n<p><strong>P: Jak d\u0142ugo trwa przygotowanie zam\u00f3wienia?<\/strong><br \/>\nOdp.: Przygotowanie zam\u00f3wienia zajmuje 1-3 dni robocze.<\/p>\n<p><strong>P: Jaki jest czas wysy\u0142ki?<\/strong><br \/>\nOdp.: Czas wysy\u0142ki wynosi 7-14 dni roboczych, w zale\u017cno\u015bci od Twojej lokalizacji.<\/p>\n<p><strong>P: Jak mog\u0119 \u015bledzi\u0107 moje zam\u00f3wienie?<\/strong><br \/>\nOdp.: Po wysy\u0142ce otrzymasz wiadomo\u015b\u0107 e-mail z potwierdzeniem i numerem przesy\u0142ki umo\u017cliwiaj\u0105cym \u015bledzenie w czasie rzeczywistym.<\/p>\n<p><strong>P: Jaka jest Twoja polityka zwrot\u00f3w?<\/strong><br \/>\nOdp.: Oferujemy 30-dniow\u0105 polityk\u0119 zwrot\u00f3w lub wymiany. .<\/p>\n<p><strong>P: Czy wyst\u0105pi\u0105 jakie\u015b problemy celne?<br \/>\n<\/strong>Obs\u0142ugujemy wszystkie procedury odprawy celnej, aby zapewni\u0107 Ci bezproblemow\u0105 obs\u0142ug\u0119. .<\/p>\n<p><strong>P: Jakie metody wysy\u0142ki s\u0105 stosowane?<\/strong><br \/>\nWsp\u00f3\u0142pracujemy z firmami UPS\/DHL\/FEDEX\/DPD itp. W zale\u017cno\u015bci od kraju dostawy wybierzemy odpowiedni\u0105 opcj\u0119 wysy\u0142ki, tak aby produkty dotar\u0142y do \u200b\u200bPa\u0144stwa najszybciej jak to mo\u017cliwe.<\/p>\n<p><a href=\"https:\/\/pgvape.com\/pl\/czesto-zadawane-pytania\/\">Kliknij tutaj, aby uzyska\u0107 wi\u0119cej cz\u0119sto zadawanych pyta\u0144<\/a><\/p>\n<p>Szanowni klienci, je\u015bli masz jakiekolwiek pytania dotycz\u0105ce zam\u00f3wienia lub przybycia towaru, skontaktuj si\u0119 z naszym dzia\u0142em obs\u0142ugi klienta. Dzi\u0119kuj\u0119!<\/p>\n<h3 data-sourcepos=\"73:1-73:21\"><strong data-sourcepos=\"73:7-73:21\">Skontaktuj si\u0119 z nami<\/strong><\/h3>\n<div id=\"text-2419739398\" class=\"text\">\n<p><strong data-sourcepos=\"75:3-75:12\">E-mail<\/strong>:\u00a0<a href=\"mailto:support@pgvape.com\"><strong>support@pgvape.com<\/strong><\/a><\/p>\n<p><strong data-sourcepos=\"76:3-76:15\">WhatsApp<\/strong>: <a href=\"https:\/\/wa.me\/+8618128481258\"><strong>+86 18128481258<\/strong><\/a><br \/>\n<strong>(Odpowied\u017a w ci\u0105gu 24 godzin w dni robocze)<\/strong><\/p>\n<\/div>\n<h3><strong>Dzi\u0119kujemy za wybranie pgvape.com! .<\/strong><\/h3>\n<\/div>","protected":false},"excerpt":{"rendered":"<p><strong data-sourcepos=\"52:1-52:216\">\u201cZOOY BLAZE 25000: Najdoskonalszy konfigurowalny jednorazowy waporyzator z 25 tys. zaci\u0105gni\u0119\u0107, podw\u00f3jn\u0105 cewk\u0105 siatkow\u0105, regulowanym przep\u0142ywem powietrza\/moc\u0105 i 10 smakami \u2013 zasilany bateri\u0105 650 mAh z \u0142adowaniem typu C.\u201d<\/strong><\/p>","protected":false},"featured_media":3267,"comment_status":"open","ping_status":"closed","template":"","meta":{"_seopress_robots_primary_cat":"none","_seopress_titles_title":"%%post_title%% %%sep%% %%sitetitle%%","_seopress_titles_desc":"","_seopress_robots_index":""},"product_brand":[516,291],"product_cat":[94,515,290],"product_tag":[96,101,293,90,294,292],"class_list":{"0":"post-3263","1":"product","2":"type-product","3":"status-publish","4":"has-post-thumbnail","6":"product_brand-disposable-vape","7":"product_brand-zooy-vape","8":"product_cat-25k-puffs-vape","9":"product_cat-disposable-vape","10":"product_cat-zooy-vape","11":"product_tag-25k-puffs","12":"product_tag-25k-vape","13":"product_tag-airflowpower-ajustable","14":"product_tag-disposable-vape","15":"product_tag-full-screen-display","16":"product_tag-zooy-blaze-25000","18":"first","19":"instock","20":"sale","21":"shipping-taxable","22":"purchasable","23":"product-type-variable"},"_links":{"self":[{"href":"https:\/\/pgvape.com\/pl\/wp-json\/wp\/v2\/product\/3263","targetHints":{"allow":["GET"]}}],"collection":[{"href":"https:\/\/pgvape.com\/pl\/wp-json\/wp\/v2\/product"}],"about":[{"href":"https:\/\/pgvape.com\/pl\/wp-json\/wp\/v2\/types\/product"}],"replies":[{"embeddable":true,"href":"https:\/\/pgvape.com\/pl\/wp-json\/wp\/v2\/comments?post=3263"}],"wp:featuredmedia":[{"embeddable":true,"href":"https:\/\/pgvape.com\/pl\/wp-json\/wp\/v2\/media\/3267"}],"wp:attachment":[{"href":"https:\/\/pgvape.com\/pl\/wp-json\/wp\/v2\/media?parent=3263"}],"wp:term":[{"taxonomy":"product_brand","embeddable":true,"href":"https:\/\/pgvape.com\/pl\/wp-json\/wp\/v2\/product_brand?post=3263"},{"taxonomy":"product_cat","embeddable":true,"href":"https:\/\/pgvape.com\/pl\/wp-json\/wp\/v2\/product_cat?post=3263"},{"taxonomy":"product_tag","embeddable":true,"href":"https:\/\/pgvape.com\/pl\/wp-json\/wp\/v2\/product_tag?post=3263"}],"curies":[{"name":"wp","href":"https:\/\/api.w.org\/{rel}","templated":true}]}}