{"id":3230,"date":"2025-10-12T14:16:18","date_gmt":"2025-10-12T14:16:18","guid":{"rendered":"https:\/\/pgvape.com\/?post_type=product&#038;p=3230"},"modified":"2026-01-27T10:32:50","modified_gmt":"2026-01-27T10:32:50","slug":"okso-shisha-max-40000-40k-zaciagniec-jednorazowy-vape-0-2-3-5-nikotyna-10-smakow-z-wyswietlaczem-led-vape-factory-direct","status":"publish","type":"product","link":"https:\/\/pgvape.com\/pl\/produkt\/okso-shisha-max-40000-40k-zaciagniec-jednorazowy-vape-0-2-3-5-nikotyna-10-smakow-z-wyswietlaczem-led-vape-factory-direct\/","title":{"rendered":"OKSO Shisha Max 40000 | 40K Puffs Jednorazowy Vape | 0% 2% 3% 5% Nikotyna | 10 smak\u00f3w | Z wy\u015bwietlaczem LED | Vape Factory Direct"},"content":{"rendered":"<p><strong data-sourcepos=\"4:5-4:50\">Jednorazowy waporyzator OKSO Shisha Max 40K Puffs<\/strong> Dostarcza <strong data-sourcepos=\"4:60-4:84\">Rozszerzona wydajno\u015b\u0107<\/strong> Z <strong data-sourcepos=\"4:90-4:117\">40 000 bardzo d\u0142ugich zaci\u0105gni\u0119\u0107<\/strong> I <strong data-sourcepos=\"4:122-4:148\">Pojemno\u015b\u0107 36 ml e-p\u0142ynu<\/strong>. <strong data-sourcepos=\"4:164-4:195\">Akumulator 800 mAh<\/strong> I <strong data-sourcepos=\"4:200-4:218\">Cewka siatkowa 0,6 \u03a9<\/strong>, Zapewnia <strong data-sourcepos=\"4:231-4:247\">G\u0142adka para<\/strong> I <strong data-sourcepos=\"4:252-4:267\">Bogaty smak<\/strong>. <strong data-sourcepos=\"4:286-4:308\">Regulowany przep\u0142yw powietrza<\/strong>, <strong data-sourcepos=\"4:310-4:327\">Kontrola mocy<\/strong>, <strong data-sourcepos=\"4:329-4:344\">Wy\u015bwietlacz LED<\/strong>, I <strong data-sourcepos=\"4:350-4:371\">Zabezpieczenie przed dzie\u0107mi<\/strong>. <strong data-sourcepos=\"4:386-4:408\">10 smak\u00f3w premium<\/strong> I <strong data-sourcepos=\"4:413-4:434\">2%\/3%\/5% Nikotyna<\/strong> Opcje, pakowane <strong data-sourcepos=\"4:453-4:466\">10 sztuk\/pud\u0142o<\/strong> Do sprzeda\u017cy detalicznej\/hurtowej<\/p>\n<p>&nbsp;<\/p>\n<h2><span style=\"font-size: 90%;\">OKSO Shisha Max 40000 | 40K Puffs Jednorazowe dane techniczne<\/span><\/h2>\n<p><strong data-sourcepos=\"9:3-9:17\">Liczba puf\u00f3w<\/strong>:\u00a0<strong data-sourcepos=\"9:19-9:35\">40 000 zaci\u0105gni\u0119\u0107<\/strong><\/p>\n<p><strong data-sourcepos=\"10:3-10:15\">Nikotyna<\/strong>:\u00a0<strong data-sourcepos=\"10:17-10:41\">Opcje 2% \/ 3% \/ 5%<\/strong><\/p>\n<p><strong data-sourcepos=\"11:3-11:15\">E-ciecz<\/strong>:\u00a0<strong data-sourcepos=\"11:17-11:34\">Pojemno\u015b\u0107 36 ml<\/strong><\/p>\n<p><strong data-sourcepos=\"12:3-12:11\">Cewka<\/strong>:\u00a0<strong data-sourcepos=\"12:13-12:31\">Cewka siatkowa 0,6 \u03a9<\/strong><\/p>\n<p><strong data-sourcepos=\"13:3-13:14\">Bateria<\/strong>:\u00a0<strong data-sourcepos=\"13:16-13:39\">Akumulator 800 mAh<\/strong><\/p>\n<p><strong data-sourcepos=\"14:3-14:15\">\u0141adowanie<\/strong>:\u00a0<strong data-sourcepos=\"14:17-14:41\">Szybkie \u0142adowanie typu C<\/strong><\/p>\n<p><strong data-sourcepos=\"15:3-15:14\">Wy\u015bwietlacz<\/strong>:\u00a0<strong data-sourcepos=\"15:16-15:49\">Ekran LED (Bateria\/E-Liquid)<\/strong><\/p>\n<p><strong data-sourcepos=\"16:3-16:13\">Bezpiecze\u0144stwo<\/strong>:\u00a0<strong data-sourcepos=\"16:15-16:37\">Funkcja blokady rodzicielskiej<\/strong><\/p>\n<p><strong data-sourcepos=\"17:3-17:14\">Pakiet<\/strong>:\u00a0<strong data-sourcepos=\"17:16-17:34\">10 urz\u0105dze\u0144\/pude\u0142ko<br \/>\n<\/strong><\/p>\n<p>&nbsp;<\/p>\n<h3><span style=\"font-size: 90%;\">OKSO Shisha Max 40000 | 40 tys. puszek Jednorazowa lista smak\u00f3w Vape<\/span><\/h3>\n<p>1. Dwa jab\u0142ka<\/p>\n<p>2.Mi\u0119ta winogronowa<\/p>\n<p>3. Wi\u015bniowa Fiesta<\/p>\n<p>4.Brzoskwiniowy l\u00f3d<\/p>\n<p>5. Magiczna mi\u0142o\u015b\u0107<\/p>\n<p>6. Poncz truskawkowy<\/p>\n<p>7. Niebieski Razz L\u00f3d<\/p>\n<p>8. Bujny l\u00f3d<\/p>\n<p>9. Arbuz Truskawkowy<\/p>\n<p>10.Jagoda Mi\u0119ta<img loading=\"lazy\" decoding=\"async\" class=\"alignnone wp-image-3243 size-full\" src=\"https:\/\/pgvape.com\/wp-content\/uploads\/2025\/10\/pgvape-OKSO-Shisha-Max-40000-40K-Puffs-Disposable-Vape-With-LED-Display-Airflow-Adjustable-Vape-Factory-Direct-10.png\" alt=\"Baner promocyjny jednorazowego vape OKSO Shisha z du\u017cym tekstem \u201c40000 PUFFS\u201d, kolorowymi cylindrycznymi urz\u0105dzeniami z wy\u015bwietlaczem LED w dw\u00f3ch rz\u0119dach z nazwami smak\u00f3w, pude\u0142kami produkt\u00f3w i najwa\u017cniejszymi specyfikacjami (p\u0142yn e-liquid 36 ml, bateria 800 mAh, cewka z siatk\u0105 0,6 \u03a9, akumulator typu C).\" width=\"2000\" height=\"1000\" srcset=\"https:\/\/pgvape.com\/wp-content\/uploads\/2025\/10\/pgvape-OKSO-Shisha-Max-40000-40K-Puffs-Disposable-Vape-With-LED-Display-Airflow-Adjustable-Vape-Factory-Direct-10.png 2000w, https:\/\/pgvape.com\/wp-content\/uploads\/2025\/10\/pgvape-OKSO-Shisha-Max-40000-40K-Puffs-Disposable-Vape-With-LED-Display-Airflow-Adjustable-Vape-Factory-Direct-10-555x278.png 555w, https:\/\/pgvape.com\/wp-content\/uploads\/2025\/10\/pgvape-OKSO-Shisha-Max-40000-40K-Puffs-Disposable-Vape-With-LED-Display-Airflow-Adjustable-Vape-Factory-Direct-10-595x298.png 595w, https:\/\/pgvape.com\/wp-content\/uploads\/2025\/10\/pgvape-OKSO-Shisha-Max-40000-40K-Puffs-Disposable-Vape-With-LED-Display-Airflow-Adjustable-Vape-Factory-Direct-10-400x200.png 400w, https:\/\/pgvape.com\/wp-content\/uploads\/2025\/10\/pgvape-OKSO-Shisha-Max-40000-40K-Puffs-Disposable-Vape-With-LED-Display-Airflow-Adjustable-Vape-Factory-Direct-10-768x384.png 768w, https:\/\/pgvape.com\/wp-content\/uploads\/2025\/10\/pgvape-OKSO-Shisha-Max-40000-40K-Puffs-Disposable-Vape-With-LED-Display-Airflow-Adjustable-Vape-Factory-Direct-10-1536x768.png 1536w, https:\/\/pgvape.com\/wp-content\/uploads\/2025\/10\/pgvape-OKSO-Shisha-Max-40000-40K-Puffs-Disposable-Vape-With-LED-Display-Airflow-Adjustable-Vape-Factory-Direct-10-18x9.png 18w, https:\/\/pgvape.com\/wp-content\/uploads\/2025\/10\/pgvape-OKSO-Shisha-Max-40000-40K-Puffs-Disposable-Vape-With-LED-Display-Airflow-Adjustable-Vape-Factory-Direct-10-600x300.png 600w, https:\/\/pgvape.com\/wp-content\/uploads\/2025\/10\/pgvape-OKSO-Shisha-Max-40000-40K-Puffs-Disposable-Vape-With-LED-Display-Airflow-Adjustable-Vape-Factory-Direct-10-60x30.png 60w\" sizes=\"auto, (max-width: 2000px) 100vw, 2000px\" \/><\/p>\n<h3><\/h3>\n<h3><span style=\"font-size: 90%;\">OKSO Shisha Max 40000 40K Puffs Jednorazowy Vape\u00a0<strong>Wideo:<\/strong><\/span><\/h3>\n<p>&nbsp;<\/p>\n<h2 class=\"header-vfC6AV auto-hide-last-sibling-br\">Cz\u0119sto zadawane pytania dotycz\u0105ce OKSO Shisha Max 40000 | 40K Puffs Jednorazowy Vape<\/h2>\n<p data-sourcepos=\"36:1-37:88\">\u2753 <strong data-sourcepos=\"36:3-36:56\">Co wyr\u00f3\u017cnia OKSO Shisha Max 40K?<br \/>\n<\/strong> \u2705 <strong data-sourcepos=\"37:3-37:86\">Wiod\u0105ce w bran\u017cy 40 000 zaci\u0105gni\u0119\u0107 o pojemno\u015bci 36 ml zapewniaj\u0105cej maksymaln\u0105 trwa\u0142o\u015b\u0107.<\/strong><\/p>\n<p data-sourcepos=\"39:1-40:100\">\u2753 <strong data-sourcepos=\"39:3-39:54\">W jaki spos\u00f3b cewka siatkowa zwi\u0119ksza wydajno\u015b\u0107?<br \/>\n<\/strong> \u2705 <strong data-sourcepos=\"40:3-40:21\">Cewka siatkowa 0,6 \u03a9<\/strong> Zapewnia <strong data-sourcepos=\"40:31-40:53\">20% Szybsze ogrzewanie<\/strong> I <strong data-sourcepos=\"40:58-40:75\">G\u0119stszy smak<\/strong> Ni\u017c standardowe cewki.**<\/p>\n<p data-sourcepos=\"42:1-43:97\">\u2753 <strong data-sourcepos=\"42:3-42:35\">Czy urz\u0105dzenie jest przyjazne dla u\u017cytkownika?<\/strong><br \/>\n\u2705 <strong data-sourcepos=\"43:3-43:95\">Tak! .<\/strong><\/p>\n<p data-sourcepos=\"45:1-46:87\">\u2753 <strong data-sourcepos=\"45:3-45:37\">Czy mog\u0119 dostosowa\u0107 produkcj\u0119 pary?<\/strong><br \/>\n\u2705 <strong data-sourcepos=\"46:3-46:85\">W pe\u0142ni konfigurowalny dzi\u0119ki regulowanym ustawieniom przep\u0142ywu powietrza i kontroli mocy.<\/strong><\/p>\n<p data-sourcepos=\"48:1-49:103\">\u2753 <strong data-sourcepos=\"48:3-48:37\">Dlaczego warto wybra\u0107 opakowanie 10 szt.?<br \/>\n<\/strong> \u2705 <strong data-sourcepos=\"49:3-49:101\">Idealny dla sprzedawc\u00f3w detalicznych i cz\u0119stych waper\u00f3w \u2013 zapewnia dost\u0119pno\u015b\u0107 zapas\u00f3w i lepsz\u0105 warto\u015b\u0107.<\/strong><\/p>\n<p>&nbsp;<\/p>\n<h3 id=\"brxe-najhln\" class=\"brxe-heading\">Cz\u0119sto zadawane pytania (FAQ)<\/h3>\n<div id=\"brxe-rajiac\" class=\"brxe-text\">\n<p><strong>P: Jakie metody p\u0142atno\u015bci akceptujecie?<\/strong><br \/>\nOdp.: Akceptujemy PayPal, Stripe, przelewy bankowe (obs\u0142ugiwane SEPA), g\u0142\u00f3wne karty kredytowe (Visa, MasterCard, American Express) i p\u0142atno\u015bci w kryptowalutach.<\/p>\n<p><strong>P: Jak d\u0142ugo trwa przygotowanie zam\u00f3wienia?<\/strong><br \/>\nOdp.: Przygotowanie zam\u00f3wienia zajmuje 1-3 dni robocze.<\/p>\n<p><strong>P: Jaki jest czas wysy\u0142ki?<\/strong><br \/>\nOdp.: Czas wysy\u0142ki wynosi 7-14 dni roboczych, w zale\u017cno\u015bci od Twojej lokalizacji.<\/p>\n<p><strong>P: Jak mog\u0119 \u015bledzi\u0107 moje zam\u00f3wienie?<\/strong><br \/>\nOdp.: Po wysy\u0142ce otrzymasz wiadomo\u015b\u0107 e-mail z potwierdzeniem i numerem przesy\u0142ki umo\u017cliwiaj\u0105cym \u015bledzenie w czasie rzeczywistym.<\/p>\n<p><strong>P: Jaka jest Twoja polityka zwrot\u00f3w?<\/strong><br \/>\nOdp.: Oferujemy 30-dniow\u0105 polityk\u0119 zwrot\u00f3w lub wymiany. .<\/p>\n<p><strong>P: Czy wyst\u0105pi\u0105 jakie\u015b problemy celne?<br \/>\n<\/strong>Obs\u0142ugujemy wszystkie procedury odprawy celnej, aby zapewni\u0107 Ci bezproblemow\u0105 obs\u0142ug\u0119. .<\/p>\n<p><strong>P: Jakie metody wysy\u0142ki s\u0105 stosowane?<\/strong><br \/>\nWsp\u00f3\u0142pracujemy z firmami UPS\/DHL\/FEDEX\/DPD itp. W zale\u017cno\u015bci od kraju dostawy wybierzemy odpowiedni\u0105 opcj\u0119 wysy\u0142ki, tak aby produkty dotar\u0142y do \u200b\u200bPa\u0144stwa najszybciej jak to mo\u017cliwe.<\/p>\n<p><a href=\"https:\/\/pgvape.com\/pl\/czesto-zadawane-pytania\/\">Kliknij tutaj, aby uzyska\u0107 wi\u0119cej cz\u0119sto zadawanych pyta\u0144<\/a><\/p>\n<p>Szanowni klienci, je\u015bli masz jakiekolwiek pytania dotycz\u0105ce zam\u00f3wienia lub przybycia towaru, skontaktuj si\u0119 z naszym dzia\u0142em obs\u0142ugi klienta. Dzi\u0119kuj\u0119!<\/p>\n<h3 data-sourcepos=\"73:1-73:21\"><strong data-sourcepos=\"73:7-73:21\">Skontaktuj si\u0119 z nami<\/strong><\/h3>\n<div id=\"text-2419739398\" class=\"text\">\n<p><strong data-sourcepos=\"75:3-75:12\">E-mail<\/strong>:\u00a0<a href=\"mailto:support@pgvape.com\"><strong>support@pgvape.com<\/strong><\/a><\/p>\n<p><strong data-sourcepos=\"76:3-76:15\">WhatsApp<\/strong>: <a href=\"https:\/\/wa.me\/+8618128481258\"><strong>+86 18128481258<\/strong><\/a><br \/>\n<strong>(Odpowied\u017a w ci\u0105gu 24 godzin w dni robocze)<\/strong><\/p>\n<\/div>\n<h3><strong>Dzi\u0119kujemy za wybranie pgvape.com! .<\/strong><\/h3>\n<\/div>","protected":false},"excerpt":{"rendered":"<p><strong>OKSO Shisha Max 40K Puffs Jednorazowy VAPE na nowo definiuje spersonalizowane wapowanie w stylu fajki wodnej<\/strong>\u00a0z nawet 40 tys\u00a0<strong>PUFY<\/strong>, 36 ml\u00a0<strong>E-P\u0141YN<\/strong>\u00a0pojemno\u015b\u0107 i akumulator o pojemno\u015bci 800 mAh\u00a0<strong>BATERIA<\/strong>.\u00a0<strong>CEWKA siatkowa<\/strong>\u00a0(zapewnia g\u0142adko\u015b\u0107\u00a0<strong>PARA<\/strong>\u00a0i odwa\u017cne\u00a0<strong>SMAK<\/strong>), sterowanie z podw\u00f3jn\u0105 regulacj\u0105 (przep\u0142yw powietrza + moc), przejrzysto\u015b\u0107\u00a0<strong>Wy\u015bwietlacz LED<\/strong>\u00a0(w czasie rzeczywistym\u00a0<strong>BATERIA<\/strong>\/<strong>E-P\u0141YN<\/strong>\u00a0\u015bledzenie), szybkie \u0142adowanie typu C, zabezpieczenie przed dzie\u0107mi, 2%\/3%\/5%\u00a0<strong>NIKOTYNA<\/strong>\u00a0mocne strony i 10 wybranych\u00a0<strong>SMAKI<\/strong>\u2014 \u0142\u0105cz\u0105c w sobie d\u0142ugotrwa\u0142\u0105 wydajno\u015b\u0107, mo\u017cliwo\u015bci dostosowania i bezpiecze\u0144stwo zar\u00f3wno dla zwyk\u0142ych u\u017cytkownik\u00f3w, jak i klient\u00f3w biznesowych.<\/p>","protected":false},"featured_media":3234,"comment_status":"open","ping_status":"closed","template":"","meta":{"_seopress_robots_primary_cat":"none","_seopress_titles_title":"%%post_title%% %%sep%% %%sitetitle%%","_seopress_titles_desc":"","_seopress_robots_index":""},"product_brand":[516,282],"product_cat":[103,515,281],"product_tag":[106,107,90,289,220],"class_list":{"0":"post-3230","1":"product","2":"type-product","3":"status-publish","4":"has-post-thumbnail","6":"product_brand-disposable-vape","7":"product_brand-okso-vape","8":"product_cat-40k-puffs-vape","9":"product_cat-disposable-vape","10":"product_cat-okso-vape","11":"product_tag-40k-puffs","12":"product_tag-40k-vape","13":"product_tag-disposable-vape","14":"product_tag-okso-shisha-max-40000","15":"product_tag-with-led-display","17":"first","18":"instock","19":"sale","20":"shipping-taxable","21":"purchasable","22":"product-type-variable"},"_links":{"self":[{"href":"https:\/\/pgvape.com\/pl\/wp-json\/wp\/v2\/product\/3230","targetHints":{"allow":["GET"]}}],"collection":[{"href":"https:\/\/pgvape.com\/pl\/wp-json\/wp\/v2\/product"}],"about":[{"href":"https:\/\/pgvape.com\/pl\/wp-json\/wp\/v2\/types\/product"}],"replies":[{"embeddable":true,"href":"https:\/\/pgvape.com\/pl\/wp-json\/wp\/v2\/comments?post=3230"}],"wp:featuredmedia":[{"embeddable":true,"href":"https:\/\/pgvape.com\/pl\/wp-json\/wp\/v2\/media\/3234"}],"wp:attachment":[{"href":"https:\/\/pgvape.com\/pl\/wp-json\/wp\/v2\/media?parent=3230"}],"wp:term":[{"taxonomy":"product_brand","embeddable":true,"href":"https:\/\/pgvape.com\/pl\/wp-json\/wp\/v2\/product_brand?post=3230"},{"taxonomy":"product_cat","embeddable":true,"href":"https:\/\/pgvape.com\/pl\/wp-json\/wp\/v2\/product_cat?post=3230"},{"taxonomy":"product_tag","embeddable":true,"href":"https:\/\/pgvape.com\/pl\/wp-json\/wp\/v2\/product_tag?post=3230"}],"curies":[{"name":"wp","href":"https:\/\/api.w.org\/{rel}","templated":true}]}}