{"id":3166,"date":"2025-10-12T11:05:13","date_gmt":"2025-10-12T11:05:13","guid":{"rendered":"https:\/\/pgvape.com\/?post_type=product&#038;p=3166"},"modified":"2026-01-27T10:35:51","modified_gmt":"2026-01-27T10:35:51","slug":"okso-magiczne-lustro-50000-50k-zaciagniec-jednorazowe-vape-0-2-3-5-nikotyna-10-smakow-wyswietlacz-led-lustro-projekt-vape-factory-direct","status":"publish","type":"product","link":"https:\/\/pgvape.com\/pl\/produkt\/okso-magiczne-lustro-50000-50k-zaciagniec-jednorazowe-vape-0-2-3-5-nikotyna-10-smakow-wyswietlacz-led-lustro-projekt-vape-factory-direct\/","title":{"rendered":"OKSO Magic Mirror 50000 | 50K Puffs Jednorazowy Vape | 0% 2% 3% 5% Nikotyna | 10 Smak\u00f3w | Wy\u015bwietlacz LED Projekt lustra | Vape Factory Direct"},"content":{"rendered":"<p><strong data-sourcepos=\"4:5-4:54\">Jednorazowy waporyzator OKSO Magic Mirror 50000 Puffs<\/strong> Dostarcza <strong data-sourcepos=\"4:64-4:91\">Wyj\u0105tkowa wydajno\u015b\u0107<\/strong> Z <strong data-sourcepos=\"4:97-4:124\">50 000 bardzo d\u0142ugich zaci\u0105gni\u0119\u0107<\/strong> I <strong data-sourcepos=\"4:129-4:155\">Pojemno\u015b\u0107 40 ml e-p\u0142ynu<\/strong>. <strong data-sourcepos=\"4:171-4:202\">Akumulator 850 mAh<\/strong> I <strong data-sourcepos=\"4:207-4:236\">Technologia podw\u00f3jnej cewki siatkowej<\/strong><span class=\"CustomP_animated_char__m3r9w\">,<\/span><span class=\"CustomP_animated_char__m3r9w\">\u00a0<\/span><span class=\"CustomP_animated_char__m3r9w\">To<\/span><span class=\"CustomP_animated_char__m3r9w\">\u00a0<\/span><span class=\"CustomP_animated_char__m3r9w\">Oferty<\/span><span class=\"CustomP_animated_char__m3r9w\">\u00a0<\/span><strong data-sourcepos=\"4:248-4:266\">Intensywny smak<\/strong> I <strong data-sourcepos=\"4:271-4:297\">Produkcja g\u0119stej pary<\/strong><span class=\"CustomP_animated_char__m3r9w\">.<\/span><span class=\"CustomP_animated_char__m3r9w\">\u00a0<\/span><span class=\"CustomP_animated_char__m3r9w\">Cechy<\/span><span class=\"CustomP_animated_char__m3r9w\">\u00a0<\/span><span class=\"CustomP_animated_char__m3r9w\">W\u0142\u0105cza\u0107<\/span><span class=\"CustomP_animated_char__m3r9w\">\u00a0<\/span><strong data-sourcepos=\"4:316-4:333\">Projekt lustra<\/strong>, <strong data-sourcepos=\"4:335-4:355\">O\u015bwietlenie LED RGB<\/strong><span class=\"CustomP_animated_char__m3r9w\">,<\/span><span class=\"CustomP_animated_char__m3r9w\">\u00a0<\/span><strong data-sourcepos=\"4:357-4:374\">Inteligentny wy\u015bwietlacz<\/strong>, I <strong data-sourcepos=\"4:380-4:401\">Zabezpieczenie przed dzie\u0107mi<\/strong>. <strong data-sourcepos=\"4:416-4:438\">10 smak\u00f3w premium<\/strong> I <strong data-sourcepos=\"4:443-4:475\">0%\/2%\/3%\/5% Opcje nikotynowe<\/strong>, Pakowane <strong data-sourcepos=\"4:486-4:499\">10 sztuk\/pud\u0142o<\/strong><span class=\"CustomP_animated_char__m3r9w\">\u00a0<\/span><span class=\"CustomP_animated_char__m3r9w\">Dla<\/span><span class=\"CustomP_animated_char__m3r9w\">\u00a0<\/span><span class=\"CustomP_animated_char__m3r9w\">Sprzeda\u017c detaliczna<\/span><span class=\"CustomP_animated_char__m3r9w\">\/<\/span><span class=\"CustomP_animated_char__m3r9w\">Wh<\/span><span class=\"CustomP_animated_char__m3r9w\">wyprzeda\u017c<\/span><span class=\"CustomP_animated_char__m3r9w\">.<\/span><\/p>\n<h2><span style=\"font-size: 90%;\"><br \/>\nOKSO Magic Mirror 50000 | 50K Puffs Jednorazowe dane techniczne<\/span><\/h2>\n<p><strong data-sourcepos=\"9:3-9:17\">Liczba puf\u00f3w<\/strong>:\u00a0<strong data-sourcepos=\"9:19-9:35\">50 000 zaci\u0105gni\u0119\u0107<\/strong><\/p>\n<p><strong data-sourcepos=\"10:3-10:15\">Nikotyna<\/strong>:\u00a0<strong data-sourcepos=\"10:17-10:46\">Opcje 0% \/ 2% \/ 3% \/ 5%<\/strong><\/p>\n<p><strong data-sourcepos=\"11:3-11:15\">E-ciecz<\/strong>:\u00a0<strong data-sourcepos=\"11:17-11:34\">Pojemno\u015b\u0107 40 ml<\/strong><\/p>\n<p><strong data-sourcepos=\"12:3-12:11\">Cewka<\/strong>:\u00a0<strong data-sourcepos=\"12:13-12:31\">Podw\u00f3jna cewka siatkowa<\/strong><\/p>\n<p><strong data-sourcepos=\"13:3-13:14\">Bateria<\/strong>:\u00a0<strong data-sourcepos=\"13:16-13:39\">Akumulator 850 mAh<\/strong><\/p>\n<p><strong data-sourcepos=\"14:3-14:15\">\u0141adowanie<\/strong>:\u00a0<strong data-sourcepos=\"14:17-14:41\">Szybkie \u0142adowanie typu C<\/strong><\/p>\n<p><strong data-sourcepos=\"15:3-15:23\">-C Szybkie \u0142adowanie<\/strong><\/p>\n<p><strong data-sourcepos=\"16:3-16:14\">Wy\u015bwietlacz<\/strong>:\u00a0<strong data-sourcepos=\"16:16-16:49\">Ekran LED (Bateria\/E-Liquid)<\/strong><\/p>\n<p><strong data-sourcepos=\"17:3-17:15\">O\u015bwietlenie<\/strong>:\u00a0<strong data-sourcepos=\"17:17-17:35\">System LED RGB<\/strong><\/p>\n<p><strong data-sourcepos=\"18:3-18:13\">Bezpiecze\u0144stwo<\/strong>:\u00a0<strong data-sourcepos=\"18:15-18:37\">Funkcja blokady rodzicielskiej<\/strong><\/p>\n<p><strong data-sourcepos=\"19:3-19:14\">Pakiet<\/strong>:\u00a0<strong data-sourcepos=\"19:16-19:34\">10 urz\u0105dze\u0144\/pude\u0142ko<\/strong><\/p>\n<h3><span style=\"font-size: 90%;\"><br \/>\nOKSO Magic Mirror 50000 | 50 tys. puszek Jednorazowa lista smak\u00f3w Vape<\/span><\/h3>\n<p>1. Niebieski Razz L\u00f3d<\/p>\n<p>2. Bujny l\u00f3d<\/p>\n<p>3.L\u00f3d truskawkowy<\/p>\n<p>4. L\u00f3d winogronowy<\/p>\n<p>5. Mi\u0142o\u015b\u0107 66<\/p>\n<p>6.Pani Killa<\/p>\n<p>7. L\u00f3d mi\u0119towy<\/p>\n<p>8. Arbuz Truskawkowy<\/p>\n<p>9. Kiwi marakuja<\/p>\n<p>10. Mieszane jagody<img loading=\"lazy\" decoding=\"async\" class=\"alignnone wp-image-3183 size-full\" src=\"https:\/\/pgvape.com\/wp-content\/uploads\/2025\/10\/pgvape-OKSO-Magic-Mirror-50000-50K-Puffs-Disposable-Vape-Vape-Factory-Direct-14.png\" alt=\"Kolorowa reklama vape OKSO \u201cMagic Mirror\u201d przedstawiaj\u0105ca rz\u0119dy prostok\u0105tnych urz\u0105dze\u0144 w neonowych oprawach z grafik\u0105 postaci i nazwami smak\u00f3w, dwa powi\u0119kszone urz\u0105dzenia i zielon\u0105 jednostk\u0119 po prawej stronie, plakietk\u0119 500 PUFFS oraz ikony podw\u00f3jnej cewki siatkowej, \u0142adowania Type-C, baterii 850 mAh i 40 ml e-liquidu, a wszystko to na tle gwia\u017adzistego kosmosu z planetami.\" width=\"2000\" height=\"1000\" srcset=\"https:\/\/pgvape.com\/wp-content\/uploads\/2025\/10\/pgvape-OKSO-Magic-Mirror-50000-50K-Puffs-Disposable-Vape-Vape-Factory-Direct-14.png 2000w, https:\/\/pgvape.com\/wp-content\/uploads\/2025\/10\/pgvape-OKSO-Magic-Mirror-50000-50K-Puffs-Disposable-Vape-Vape-Factory-Direct-14-555x278.png 555w, https:\/\/pgvape.com\/wp-content\/uploads\/2025\/10\/pgvape-OKSO-Magic-Mirror-50000-50K-Puffs-Disposable-Vape-Vape-Factory-Direct-14-595x298.png 595w, https:\/\/pgvape.com\/wp-content\/uploads\/2025\/10\/pgvape-OKSO-Magic-Mirror-50000-50K-Puffs-Disposable-Vape-Vape-Factory-Direct-14-400x200.png 400w, https:\/\/pgvape.com\/wp-content\/uploads\/2025\/10\/pgvape-OKSO-Magic-Mirror-50000-50K-Puffs-Disposable-Vape-Vape-Factory-Direct-14-768x384.png 768w, https:\/\/pgvape.com\/wp-content\/uploads\/2025\/10\/pgvape-OKSO-Magic-Mirror-50000-50K-Puffs-Disposable-Vape-Vape-Factory-Direct-14-1536x768.png 1536w, https:\/\/pgvape.com\/wp-content\/uploads\/2025\/10\/pgvape-OKSO-Magic-Mirror-50000-50K-Puffs-Disposable-Vape-Vape-Factory-Direct-14-18x9.png 18w, https:\/\/pgvape.com\/wp-content\/uploads\/2025\/10\/pgvape-OKSO-Magic-Mirror-50000-50K-Puffs-Disposable-Vape-Vape-Factory-Direct-14-600x300.png 600w, https:\/\/pgvape.com\/wp-content\/uploads\/2025\/10\/pgvape-OKSO-Magic-Mirror-50000-50K-Puffs-Disposable-Vape-Vape-Factory-Direct-14-60x30.png 60w\" sizes=\"auto, (max-width: 2000px) 100vw, 2000px\" \/><\/p>\n<h3><span style=\"font-size: 90%;\"><br \/>\nOKSO Magic Mirror 50000 50K Puffs Jednorazowy Vape\u00a0<strong>Wideo:<\/strong><\/span><\/h3>\n<p><iframe loading=\"lazy\" title=\"OKSO Magic Mirror 50K Puffs Jednorazowy wy\u015bwietlacz LED Vape Lustro Design | Vape Factory Direct pgvape\" width=\"563\" height=\"1000\" src=\"https:\/\/www.youtube.com\/embed\/orYkYUE5zmo?feature=oembed\" frameborder=\"0\" allow=\"accelerometer; autoplay; clipboard-write; encrypted-media; gyroscope; picture-in-picture; web-share\" referrerpolicy=\"strict-origin-when-cross-origin\" allowfullscreen><\/iframe><\/p>\n<p>&nbsp;<\/p>\n<h2 class=\"header-vfC6AV auto-hide-last-sibling-br\">Cz\u0119sto zadawane pytania dotycz\u0105ce OKSO Magic Mirror 50000 | 50K Puffs Jednorazowy waporyzator<\/h2>\n<p data-sourcepos=\"39:1-40:88\">\u2753 <strong data-sourcepos=\"39:3-39:57\">Co sprawia, \u017ce \u200b\u200bOKSO Magic Mirror 50000 jest wyj\u0105tkowe?<\/strong><br \/>\n\u2705 <strong data-sourcepos=\"40:3-40:86\">Wiod\u0105ce w bran\u017cy 50 000 zaci\u0105gni\u0119\u0107 o pojemno\u015bci 40 ml zapewniaj\u0105ce maksymaln\u0105 trwa\u0142o\u015b\u0107.<\/strong><\/p>\n<p data-sourcepos=\"42:1-43:100\">\u2753 <strong data-sourcepos=\"42:3-42:59\">W jaki spos\u00f3b cewka z podw\u00f3jn\u0105 siatk\u0105 zwi\u0119ksza wydajno\u015b\u0107?<\/strong><br \/>\n\u2705 <strong data-sourcepos=\"43:3-43:22\">Podw\u00f3jne cewki 0,8 \u03a9<\/strong> Dostarcza\u0107 <strong data-sourcepos=\"43:31-43:53\">30% Szybsze ogrzewanie<\/strong> I <strong data-sourcepos=\"43:58-43:75\">Bogatszy smak<\/strong> Ni\u017c standardowe cewki.**<\/p>\n<p data-sourcepos=\"45:1-46:108\">\u2753 <strong data-sourcepos=\"45:3-45:35\">Czy urz\u0105dzenie jest przyjazne dla u\u017cytkownika?<\/strong><br \/>\n\u2705 <strong data-sourcepos=\"46:3-46:106\">Tak! .<\/strong><\/p>\n<p data-sourcepos=\"48:1-49:105\">\u2753 <strong data-sourcepos=\"48:3-48:40\">Czy bateria mo\u017ce wytrzyma\u0107 ca\u0142y dzie\u0144?<\/strong><br \/>\n\u2705 <strong data-sourcepos=\"49:3-49:22\">Pojemno\u015b\u0107 850 mAh<\/strong> Zapewnia <strong data-sourcepos=\"49:32-49:44\">2-3 dni<\/strong> U\u017cyteczny; <strong data-sourcepos=\"49:53-49:72\">\u0141adowanie typu C<\/strong> Szybko przywraca pe\u0142n\u0105 moc.**<\/p>\n<p data-sourcepos=\"51:1-52:91\">\u2753 <strong data-sourcepos=\"51:3-51:37\">Dlaczego warto wybra\u0107 opakowanie 10 szt.?<\/strong><br \/>\n\u2705 <strong data-sourcepos=\"52:3-52:89\">Idealny dla sprzedawc\u00f3w detalicznych \u2013 produkt o wysokim popycie i doskona\u0142ym potencjale zysku.<\/strong><\/p>\n<p>&nbsp;<\/p>\n<h3 id=\"brxe-najhln\" class=\"brxe-heading\">Cz\u0119sto zadawane pytania (FAQ)<\/h3>\n<div id=\"brxe-rajiac\" class=\"brxe-text\">\n<p><strong>P: Jakie metody p\u0142atno\u015bci akceptujecie?<\/strong><br \/>\nOdp.: Akceptujemy PayPal, Stripe, przelewy bankowe (obs\u0142ugiwane SEPA), g\u0142\u00f3wne karty kredytowe (Visa, MasterCard, American Express) i p\u0142atno\u015bci w kryptowalutach.<\/p>\n<p><strong>P: Jak d\u0142ugo trwa przygotowanie zam\u00f3wienia?<\/strong><br \/>\nOdp.: Przygotowanie zam\u00f3wienia zajmuje 1-3 dni robocze.<\/p>\n<p><strong>P: Jaki jest czas wysy\u0142ki?<\/strong><br \/>\nOdp.: Czas wysy\u0142ki wynosi 7-14 dni roboczych, w zale\u017cno\u015bci od Twojej lokalizacji.<\/p>\n<p><strong>P: Jak mog\u0119 \u015bledzi\u0107 moje zam\u00f3wienie?<\/strong><br \/>\nOdp.: Po wysy\u0142ce otrzymasz wiadomo\u015b\u0107 e-mail z potwierdzeniem i numerem przesy\u0142ki umo\u017cliwiaj\u0105cym \u015bledzenie w czasie rzeczywistym.<\/p>\n<p><strong>P: Jaka jest Twoja polityka zwrot\u00f3w?<\/strong><br \/>\nOdp.: Oferujemy 30-dniow\u0105 polityk\u0119 zwrot\u00f3w lub wymiany. .<\/p>\n<p><strong>P: Czy wyst\u0105pi\u0105 jakie\u015b problemy celne?<br \/>\n<\/strong>Obs\u0142ugujemy wszystkie procedury odprawy celnej, aby zapewni\u0107 Ci bezproblemow\u0105 obs\u0142ug\u0119. .<\/p>\n<p><strong>P: Jakie metody wysy\u0142ki s\u0105 stosowane?<\/strong><br \/>\nWsp\u00f3\u0142pracujemy z firmami UPS\/DHL\/FEDEX\/DPD itp. W zale\u017cno\u015bci od kraju dostawy wybierzemy odpowiedni\u0105 opcj\u0119 wysy\u0142ki, tak aby produkty dotar\u0142y do \u200b\u200bPa\u0144stwa najszybciej jak to mo\u017cliwe.<\/p>\n<p><a href=\"https:\/\/pgvape.com\/pl\/czesto-zadawane-pytania\/\">Kliknij tutaj, aby uzyska\u0107 wi\u0119cej cz\u0119sto zadawanych pyta\u0144<\/a><\/p>\n<p>Szanowni klienci, je\u015bli masz jakiekolwiek pytania dotycz\u0105ce zam\u00f3wienia lub przybycia towaru, skontaktuj si\u0119 z naszym dzia\u0142em obs\u0142ugi klienta. Dzi\u0119kuj\u0119!<\/p>\n<h3 data-sourcepos=\"73:1-73:21\"><strong data-sourcepos=\"73:7-73:21\">Skontaktuj si\u0119 z nami<\/strong><\/h3>\n<div id=\"text-2419739398\" class=\"text\">\n<p><strong data-sourcepos=\"75:3-75:12\">E-mail<\/strong>:\u00a0<a href=\"mailto:support@pgvape.com\"><strong>support@pgvape.com<\/strong><\/a><\/p>\n<p><strong data-sourcepos=\"76:3-76:15\">WhatsApp<\/strong>: <a href=\"https:\/\/wa.me\/+8618128481258\"><strong>+86 18128481258<\/strong><\/a><br \/>\n<strong>(Odpowied\u017a w ci\u0105gu 24 godzin w dni robocze)<\/strong><\/p>\n<\/div>\n<h3><strong>Dzi\u0119kujemy za wybranie pgvape.com! .<\/strong><\/h3>\n<\/div>","protected":false},"excerpt":{"rendered":"<p><strong data-sourcepos=\"57:1-57:218\">\u201cOKSO Magic Mirror 50000: Najwy\u017cszej jako\u015bci jednorazowy waporyzator premium z 50 tys. zaci\u0105gni\u0119\u0107, podw\u00f3jn\u0105 cewk\u0105 siatkow\u0105, pojemno\u015bci\u0105 40 ml i 10 smakami \u2013 z lustrzanym wzorem, o\u015bwietleniem RGB i zabezpieczeniem przed dzie\u0107mi.\u201d<\/strong><\/p>","protected":false},"featured_media":3182,"comment_status":"open","ping_status":"closed","template":"","meta":{"_seopress_robots_primary_cat":"none","_seopress_titles_title":"%%post_title%% %%sep%% %%sitetitle%%","_seopress_titles_desc":"","_seopress_robots_index":""},"product_brand":[516,282],"product_cat":[61,515,281],"product_tag":[64,65,90,79,287,285,286],"class_list":{"0":"post-3166","1":"product","2":"type-product","3":"status-publish","4":"has-post-thumbnail","6":"product_brand-disposable-vape","7":"product_brand-okso-vape","8":"product_cat-50k-puffs-vape","9":"product_cat-disposable-vape","10":"product_cat-okso-vape","11":"product_tag-50k-puffs","12":"product_tag-50k-vape","13":"product_tag-disposable-vape","14":"product_tag-led-display","15":"product_tag-mirror-design","16":"product_tag-okso-magic-mirror-50000","17":"product_tag-okso-magic-mirror-vape","19":"first","20":"instock","21":"sale","22":"shipping-taxable","23":"purchasable","24":"product-type-variable"},"_links":{"self":[{"href":"https:\/\/pgvape.com\/pl\/wp-json\/wp\/v2\/product\/3166","targetHints":{"allow":["GET"]}}],"collection":[{"href":"https:\/\/pgvape.com\/pl\/wp-json\/wp\/v2\/product"}],"about":[{"href":"https:\/\/pgvape.com\/pl\/wp-json\/wp\/v2\/types\/product"}],"replies":[{"embeddable":true,"href":"https:\/\/pgvape.com\/pl\/wp-json\/wp\/v2\/comments?post=3166"}],"wp:featuredmedia":[{"embeddable":true,"href":"https:\/\/pgvape.com\/pl\/wp-json\/wp\/v2\/media\/3182"}],"wp:attachment":[{"href":"https:\/\/pgvape.com\/pl\/wp-json\/wp\/v2\/media?parent=3166"}],"wp:term":[{"taxonomy":"product_brand","embeddable":true,"href":"https:\/\/pgvape.com\/pl\/wp-json\/wp\/v2\/product_brand?post=3166"},{"taxonomy":"product_cat","embeddable":true,"href":"https:\/\/pgvape.com\/pl\/wp-json\/wp\/v2\/product_cat?post=3166"},{"taxonomy":"product_tag","embeddable":true,"href":"https:\/\/pgvape.com\/pl\/wp-json\/wp\/v2\/product_tag?post=3166"}],"curies":[{"name":"wp","href":"https:\/\/api.w.org\/{rel}","templated":true}]}}