{"id":3133,"date":"2025-10-12T10:10:50","date_gmt":"2025-10-12T10:10:50","guid":{"rendered":"https:\/\/pgvape.com\/?post_type=product&#038;p=3133"},"modified":"2026-01-27T10:37:02","modified_gmt":"2026-01-27T10:37:02","slug":"okso-double-fact-60000-60-tys-zaciagniec-jednorazowych-vape-vape-bezposrednio-z-fabryki","status":"publish","type":"product","link":"https:\/\/pgvape.com\/pl\/produkt\/okso-double-fact-60000-60-tys-zaciagniec-jednorazowych-vape-vape-bezposrednio-z-fabryki\/","title":{"rendered":"OKSO Double Flavour 60000 60K Puffs Jednorazowe Vape-Vape Factory Direct"},"content":{"rendered":"<div class=\"auto-hide-last-sibling-br paragraph-JOTKXA paragraph-element br-paragraph-space\"><\/div>\n<p><strong data-sourcepos=\"4:5-4:55\">Jednorazowy waporyzator OKSO Double Flavour 60000 Puffs<\/strong> Na nowo definiuje d\u0142ugowieczno\u015b\u0107 <strong data-sourcepos=\"4:81-4:108\">60 000 bardzo d\u0142ugich zaci\u0105gni\u0119\u0107<\/strong> I <strong data-sourcepos=\"4:113-4:152\">Pojemno\u015b\u0107 50 ml dwukomorowej cieczy E<\/strong> (25 ml + 25 ml). <strong data-sourcepos=\"4:177-4:201\">Podw\u00f3jne cewki siatkowe 0,8 \u03a9<\/strong> i A <strong data-sourcepos=\"4:208-4:239\">Akumulator 650 mAh<\/strong>, Dostarcza <strong data-sourcepos=\"4:253-4:283\">Bogate prze\u0142\u0105czanie dw\u00f3ch smak\u00f3w<\/strong> Z <strong data-sourcepos=\"4:289-4:315\">Produkcja g\u0119stej pary<\/strong>. <strong data-sourcepos=\"4:334-4:358\">Szybkie \u0142adowanie typu C<\/strong>, <strong data-sourcepos=\"4:360-4:375\">Wy\u015bwietlacz LED<\/strong>, I <strong data-sourcepos=\"4:381-4:410\">Opcje nikotyny 2%\/3%\/5%<\/strong>. <strong data-sourcepos=\"4:421-4:434\">10 sztuk\/pud\u0142o<\/strong> Z <strong data-sourcepos=\"4:440-4:466\">20 kombinacji smakowych<\/strong> Dla najwy\u017cszej r\u00f3\u017cnorodno\u015bci.<\/p>\n<p>&nbsp;<\/p>\n<h2><span style=\"font-size: 90%;\">OKSO Double Flavour 60000 | 60K Puffs Jednorazowe dane techniczne<\/span><\/h2>\n<p><strong data-sourcepos=\"9:3-9:17\">Liczba puf\u00f3w<\/strong>:\u00a0<strong data-sourcepos=\"9:19-9:35\">60 000 zaci\u0105gni\u0119\u0107<\/strong><\/p>\n<p><strong data-sourcepos=\"10:3-10:15\">Nikotyna<\/strong>:\u00a0<strong data-sourcepos=\"10:17-10:41\">Opcje 2% \/ 3% \/ 5%<\/strong><\/p>\n<p><strong data-sourcepos=\"11:3-11:15\">E-ciecz<\/strong>:\u00a0<strong data-sourcepos=\"11:17-11:51\">50 mL (25 mL+25 mL Podw\u00f3jne Komory)<\/strong><\/p>\n<p><strong data-sourcepos=\"12:3-12:11\">Cewka<\/strong>:\u00a0<strong data-sourcepos=\"12:13-12:37\">Podw\u00f3jne cewki siatkowe 0,8 \u03a9<\/strong><\/p>\n<p><strong data-sourcepos=\"13:3-13:14\">Bateria<\/strong>:\u00a0<strong data-sourcepos=\"13:16-13:39\">Akumulator 650 mAh<\/strong><\/p>\n<p><strong data-sourcepos=\"14:3-14:15\">\u0141adowanie<\/strong>:\u00a0<strong data-sourcepos=\"14:17-14:41\">Szybkie \u0142adowanie typu C<\/strong><\/p>\n<p><strong data-sourcepos=\"15:3-15:14\">Wy\u015bwietlacz<\/strong>:\u00a0<strong data-sourcepos=\"15:16-15:52\">Ekran LED (tryb baterii\/smaku)<\/strong><\/p>\n<p><strong data-sourcepos=\"16:3-16:20\">System smakowy<\/strong>:\u00a0<strong data-sourcepos=\"16:22-16:47\">Prze\u0142\u0105czanie dw\u00f3ch smak\u00f3w<\/strong><\/p>\n<p><strong data-sourcepos=\"17:3-17:14\">Pakiet<\/strong>:\u00a0<strong data-sourcepos=\"17:16-17:34\">10 urz\u0105dze\u0144\/pude\u0142ko<\/strong><\/p>\n<p>&nbsp;<\/p>\n<h3><span style=\"font-size: 90%;\">OKSO Double Flavour 60000 | 60 tys. puszek Jednorazowa lista smak\u00f3w Vape<\/span><\/h3>\n<p>1.Niebieski Razz i mi\u0142o\u015b\u0107 66<\/p>\n<p>2. Gujawa z truskawkami, wi\u015bniami i kiwi z marakuji<\/p>\n<p>3. Arbuzowa guma balonowa i mieszanka owoc\u00f3w<\/p>\n<p>4. Piesta truskawkowo-bananowo-wi\u015bniowa<\/p>\n<p>5. Arbuz lodowy i brzoskwiniowe mango<\/p>\n<p>6. Niebieska lemoniada Razz i brzoskwinia jab\u0142kowa<\/p>\n<p>7. Czerwony l\u00f3d energetyczny i l\u00f3d winogronowy<\/p>\n<p>8. Arbuz truskawkowy i dwa jab\u0142ka<\/p>\n<p>9.Niebieska Razz Wi\u015bniowa \u017burawina i Mi\u0119ta<\/p>\n<p>10.L\u00f3d jagodowy i czarna porzeczka<\/p>\n<p><img loading=\"lazy\" decoding=\"async\" class=\"alignnone wp-image-3151 size-full\" src=\"https:\/\/pgvape.com\/wp-content\/uploads\/2025\/10\/pgvape-OKSO-Double-Flavor-60K-Puffs-Disposable-Vape-Vape-Factory-Direct-15.png\" alt=\"Kolorowy wy\u015bwietlacz jednorazowych urz\u0105dze\u0144 do waporyzacji Okso Double Flavour z rysunkami ma\u0142p i etykietami smakowymi, wyr\u00f3\u017cnionymi specyfikacjami produktu (60 000 zaci\u0105gni\u0119\u0107, ekran LED, zbiornik na olej 2 \u00d7 25 ml, bateria 650 mAh, 50 ml e-liquidu) na stylizowanym tle przestrzeni i planety.\" width=\"2000\" height=\"1000\" srcset=\"https:\/\/pgvape.com\/wp-content\/uploads\/2025\/10\/pgvape-OKSO-Double-Flavor-60K-Puffs-Disposable-Vape-Vape-Factory-Direct-15.png 2000w, https:\/\/pgvape.com\/wp-content\/uploads\/2025\/10\/pgvape-OKSO-Double-Flavor-60K-Puffs-Disposable-Vape-Vape-Factory-Direct-15-555x278.png 555w, https:\/\/pgvape.com\/wp-content\/uploads\/2025\/10\/pgvape-OKSO-Double-Flavor-60K-Puffs-Disposable-Vape-Vape-Factory-Direct-15-595x298.png 595w, https:\/\/pgvape.com\/wp-content\/uploads\/2025\/10\/pgvape-OKSO-Double-Flavor-60K-Puffs-Disposable-Vape-Vape-Factory-Direct-15-400x200.png 400w, https:\/\/pgvape.com\/wp-content\/uploads\/2025\/10\/pgvape-OKSO-Double-Flavor-60K-Puffs-Disposable-Vape-Vape-Factory-Direct-15-768x384.png 768w, https:\/\/pgvape.com\/wp-content\/uploads\/2025\/10\/pgvape-OKSO-Double-Flavor-60K-Puffs-Disposable-Vape-Vape-Factory-Direct-15-1536x768.png 1536w, https:\/\/pgvape.com\/wp-content\/uploads\/2025\/10\/pgvape-OKSO-Double-Flavor-60K-Puffs-Disposable-Vape-Vape-Factory-Direct-15-18x9.png 18w, https:\/\/pgvape.com\/wp-content\/uploads\/2025\/10\/pgvape-OKSO-Double-Flavor-60K-Puffs-Disposable-Vape-Vape-Factory-Direct-15-600x300.png 600w, https:\/\/pgvape.com\/wp-content\/uploads\/2025\/10\/pgvape-OKSO-Double-Flavor-60K-Puffs-Disposable-Vape-Vape-Factory-Direct-15-60x30.png 60w\" sizes=\"auto, (max-width: 2000px) 100vw, 2000px\" \/><\/p>\n<p>&nbsp;<\/p>\n<h2 class=\"header-vfC6AV auto-hide-last-sibling-br\">Cz\u0119sto zadawane pytania dotycz\u0105ce OKSO Double Flavour 60000 | 60K Puffs Jednorazowy waporyzator<\/h2>\n<p data-sourcepos=\"38:1-39:85\">\u2753 <strong data-sourcepos=\"38:3-38:55\">Co sprawia, \u017ce \u200b\u200bliczba 60 000 zaci\u0105gni\u0119\u0107 jest niezwyk\u0142a?<br \/>\n<\/strong>\u2705 <strong data-sourcepos=\"39:3-39:32\">Wiod\u0105ca w bran\u017cy pojemno\u015b\u0107<\/strong> \u2013 Trwa <strong data-sourcepos=\"39:41-39:56\">4-5 razy d\u0142u\u017cej<\/strong> Ni\u017c standardowe artyku\u0142y jednorazowe.<\/p>\n<p data-sourcepos=\"41:1-42:85\">\u2753 <strong data-sourcepos=\"41:3-41:48\">Jak dzia\u0142a system podw\u00f3jnego smaku?<\/strong><br \/>\n\u2705 <strong data-sourcepos=\"42:3-42:83\">B\u0142yskawicznie prze\u0142\u0105czaj si\u0119 pomi\u0119dzy dwoma smakami premium za pomoc\u0105 prostego naci\u015bni\u0119cia przycisku.<\/strong><\/p>\n<p data-sourcepos=\"44:1-45:101\">\u2753 <strong data-sourcepos=\"44:3-44:45\">Czy cewki z podw\u00f3jn\u0105 siatk\u0105 s\u0105 skuteczne?<br \/>\n<\/strong> \u2705 <strong data-sourcepos=\"45:3-45:99\">Tak! .<\/strong><\/p>\n<p data-sourcepos=\"47:1-48:99\">\u2753 <strong data-sourcepos=\"47:3-47:44\">Czy bateria 650 mAh wystarczy?<\/strong><br \/>\n\u2705 <strong data-sourcepos=\"48:3-48:31\">Zoptymalizowany pod k\u0105tem wydajno\u015bci<\/strong> \u2013 Trwa <strong data-sourcepos=\"48:40-48:51\">Ponad 2 dni<\/strong> Za op\u0142at\u0105 z <strong data-sourcepos=\"48:68-48:94\">Szybkie \u0142adowanie typu C<\/strong>.**<\/p>\n<p data-sourcepos=\"50:1-51:82\">\u2753 <strong data-sourcepos=\"50:3-50:42\">Dlaczego warto wybra\u0107 konstrukcj\u0119 dwukomorow\u0105?<br \/>\n<\/strong> \u2705 <strong data-sourcepos=\"51:3-51:29\">Zapobiega mieszaniu smak\u00f3w<\/strong> Podczas oferowania <strong data-sourcepos=\"51:45-51:77\">Rozszerzona ca\u0142kowita pojemno\u015b\u0107 50 ml<\/strong>.**<\/p>\n<p>&nbsp;<\/p>\n<h3 id=\"brxe-najhln\" class=\"brxe-heading\">Cz\u0119sto zadawane pytania (FAQ)<\/h3>\n<div id=\"brxe-rajiac\" class=\"brxe-text\">\n<p><strong>P: Jakie metody p\u0142atno\u015bci akceptujecie?<\/strong><br \/>\nOdp.: Akceptujemy PayPal, Stripe, przelewy bankowe (obs\u0142ugiwane SEPA), g\u0142\u00f3wne karty kredytowe (Visa, MasterCard, American Express) i p\u0142atno\u015bci w kryptowalutach.<\/p>\n<p><strong>P: Jak d\u0142ugo trwa przygotowanie zam\u00f3wienia?<\/strong><br \/>\nOdp.: Przygotowanie zam\u00f3wienia zajmuje 1-3 dni robocze.<\/p>\n<p><strong>P: Jaki jest czas wysy\u0142ki?<\/strong><br \/>\nOdp.: Czas wysy\u0142ki wynosi 7-14 dni roboczych, w zale\u017cno\u015bci od Twojej lokalizacji.<\/p>\n<p><strong>P: Jak mog\u0119 \u015bledzi\u0107 moje zam\u00f3wienie?<\/strong><br \/>\nOdp.: Po wysy\u0142ce otrzymasz wiadomo\u015b\u0107 e-mail z potwierdzeniem i numerem przesy\u0142ki umo\u017cliwiaj\u0105cym \u015bledzenie w czasie rzeczywistym.<\/p>\n<p><strong>P: Jaka jest Twoja polityka zwrot\u00f3w?<\/strong><br \/>\nOdp.: Oferujemy 30-dniow\u0105 polityk\u0119 zwrot\u00f3w lub wymiany. .<\/p>\n<p><strong>P: Czy wyst\u0105pi\u0105 jakie\u015b problemy celne?<br \/>\n<\/strong>Obs\u0142ugujemy wszystkie procedury odprawy celnej, aby zapewni\u0107 Ci bezproblemow\u0105 obs\u0142ug\u0119. .<\/p>\n<p><strong>P: Jakie metody wysy\u0142ki s\u0105 stosowane?<\/strong><br \/>\nWsp\u00f3\u0142pracujemy z firmami UPS\/DHL\/FEDEX\/DPD itp. W zale\u017cno\u015bci od kraju dostawy wybierzemy odpowiedni\u0105 opcj\u0119 wysy\u0142ki, tak aby produkty dotar\u0142y do \u200b\u200bPa\u0144stwa najszybciej jak to mo\u017cliwe.<\/p>\n<p><a href=\"https:\/\/pgvape.com\/pl\/czesto-zadawane-pytania\/\">Kliknij tutaj, aby uzyska\u0107 wi\u0119cej cz\u0119sto zadawanych pyta\u0144<\/a><\/p>\n<p>Szanowni klienci, je\u015bli masz jakiekolwiek pytania dotycz\u0105ce zam\u00f3wienia lub przybycia towaru, skontaktuj si\u0119 z naszym dzia\u0142em obs\u0142ugi klienta. Dzi\u0119kuj\u0119!<\/p>\n<h3 data-sourcepos=\"73:1-73:21\"><strong data-sourcepos=\"73:7-73:21\">Skontaktuj si\u0119 z nami<\/strong><\/h3>\n<div id=\"text-2419739398\" class=\"text\">\n<p><strong data-sourcepos=\"75:3-75:12\">E-mail<\/strong>:\u00a0<a href=\"mailto:support@pgvape.com\"><strong>support@pgvape.com<\/strong><\/a><\/p>\n<p><strong data-sourcepos=\"76:3-76:15\">WhatsApp<\/strong>: <a href=\"https:\/\/wa.me\/+8618128481258\"><strong>+86 18128481258<\/strong><\/a><br \/>\n<strong>(Odpowied\u017a w ci\u0105gu 24 godzin w dni robocze)<\/strong><\/p>\n<\/div>\n<h3><strong>Dzi\u0119kujemy za wybranie pgvape.com! .<\/strong><\/h3>\n<\/div>","protected":false},"excerpt":{"rendered":"<p><strong data-sourcepos=\"56:1-56:217\">\u201cOKSO Double Flavour 60000: Najlepszy jednorazowy waporyzator o podw\u00f3jnym smaku, z 60 tys. zaci\u0105gni\u0119\u0107, pojemno\u015bci\u0105 50 ml, podw\u00f3jn\u0105 cewk\u0105 siatkow\u0105 i 20 kombinacjami smak\u00f3w \u2013 zasilany bateri\u0105 650 mAh z \u0142adowaniem typu C.\u201d<\/strong><\/p>","protected":false},"featured_media":3152,"comment_status":"open","ping_status":"closed","template":"","meta":{"_seopress_robots_primary_cat":"none","_seopress_titles_title":"%%post_title%% %%sep%% %%sitetitle%%","_seopress_titles_desc":"","_seopress_robots_index":""},"product_brand":[516,282],"product_cat":[48,515,281],"product_tag":[51,52,90,284,283],"class_list":{"0":"post-3133","1":"product","2":"type-product","3":"status-publish","4":"has-post-thumbnail","6":"product_brand-disposable-vape","7":"product_brand-okso-vape","8":"product_cat-60k-puffs-vape","9":"product_cat-disposable-vape","10":"product_cat-okso-vape","11":"product_tag-60k-puffs","12":"product_tag-60k-vape","13":"product_tag-disposable-vape","14":"product_tag-led-screen","15":"product_tag-okso-double-flavor","17":"first","18":"instock","19":"sale","20":"shipping-taxable","21":"purchasable","22":"product-type-variable"},"_links":{"self":[{"href":"https:\/\/pgvape.com\/pl\/wp-json\/wp\/v2\/product\/3133","targetHints":{"allow":["GET"]}}],"collection":[{"href":"https:\/\/pgvape.com\/pl\/wp-json\/wp\/v2\/product"}],"about":[{"href":"https:\/\/pgvape.com\/pl\/wp-json\/wp\/v2\/types\/product"}],"replies":[{"embeddable":true,"href":"https:\/\/pgvape.com\/pl\/wp-json\/wp\/v2\/comments?post=3133"}],"wp:featuredmedia":[{"embeddable":true,"href":"https:\/\/pgvape.com\/pl\/wp-json\/wp\/v2\/media\/3152"}],"wp:attachment":[{"href":"https:\/\/pgvape.com\/pl\/wp-json\/wp\/v2\/media?parent=3133"}],"wp:term":[{"taxonomy":"product_brand","embeddable":true,"href":"https:\/\/pgvape.com\/pl\/wp-json\/wp\/v2\/product_brand?post=3133"},{"taxonomy":"product_cat","embeddable":true,"href":"https:\/\/pgvape.com\/pl\/wp-json\/wp\/v2\/product_cat?post=3133"},{"taxonomy":"product_tag","embeddable":true,"href":"https:\/\/pgvape.com\/pl\/wp-json\/wp\/v2\/product_tag?post=3133"}],"curies":[{"name":"wp","href":"https:\/\/api.w.org\/{rel}","templated":true}]}}