{"id":3102,"date":"2025-10-12T08:48:34","date_gmt":"2025-10-12T08:48:34","guid":{"rendered":"https:\/\/pgvape.com\/?post_type=product&#038;p=3102"},"modified":"2026-01-27T10:38:05","modified_gmt":"2026-01-27T10:38:05","slug":"fihp-60000-60-tys-zaciagniec-3-w-1-smaki-jednorazowy-vape-potrojne-smaki-inteligentny-wyswietlacz-led-vape-factory-direct","status":"publish","type":"product","link":"https:\/\/pgvape.com\/pl\/produkt\/fihp-60000-60-tys-zaciagniec-3-w-1-smaki-jednorazowy-vape-potrojne-smaki-inteligentny-wyswietlacz-led-vape-factory-direct\/","title":{"rendered":"FIHP 60000 60K Puffs 3 w 1 Smaki Jednorazowe Vape Potr\u00f3jne Smaki Inteligentny wy\u015bwietlacz LED-Vape Factory Direct"},"content":{"rendered":"<div class=\"auto-hide-last-sibling-br paragraph-JOTKXA paragraph-element br-paragraph-space\">\n<p><strong data-sourcepos=\"2:5-2:42\">Jednorazowy waporyzator 3 w 1 FIHP 60000<\/strong> Rewolucjonizuje Vaping <strong data-sourcepos=\"2:70-2:108\">Technologia potr\u00f3jnego prze\u0142\u0105czania smak\u00f3w<\/strong>, Dostarczanie <strong data-sourcepos=\"2:121-2:148\">60 000 bardzo d\u0142ugich zaci\u0105gni\u0119\u0107<\/strong> I <strong data-sourcepos=\"2:153-2:179\">Pojemno\u015b\u0107 54 ml e-p\u0142ynu<\/strong>. <strong data-sourcepos=\"2:194-2:225\">Akumulator 650 mAh<\/strong> I <strong data-sourcepos=\"2:230-2:255\">System cewek z podw\u00f3jn\u0105 siatk\u0105<\/strong>, Zapewnia <strong data-sourcepos=\"2:268-2:283\">Bogaty smak<\/strong> I <strong data-sourcepos=\"2:288-2:315\">P\u0142ynna produkcja pary<\/strong>. <strong data-sourcepos=\"2:334-2:358\">Szybkie \u0142adowanie typu C<\/strong>, <strong data-sourcepos=\"2:360-2:381\">Inteligentny wy\u015bwietlacz LED<\/strong>, I <strong data-sourcepos=\"2:387-2:413\">Opcje nikotyny 2%\/5%<\/strong><\/p>\n<\/div>\n<p>&nbsp;<\/p>\n<h2><span style=\"font-size: 90%;\">FIHP 60000 | 60K Ptysi 3 w 1 Smaki Jednorazowy Vape Dane techniczne<\/span><\/h2>\n<p><strong data-sourcepos=\"7:3-7:17\">Liczba puf\u00f3w<\/strong>:\u00a0<strong data-sourcepos=\"7:19-7:35\">60 000 zaci\u0105gni\u0119\u0107<\/strong><\/p>\n<p><strong data-sourcepos=\"8:3-8:15\">Nikotyna<\/strong>:\u00a0<strong data-sourcepos=\"8:17-8:36\">Opcje 2% \/ 5%<\/strong><\/p>\n<p><strong data-sourcepos=\"9:3-9:15\">E-ciecz<\/strong>:\u00a0<strong data-sourcepos=\"9:17-9:34\">Pojemno\u015b\u0107 54 ml<\/strong><\/p>\n<p><strong data-sourcepos=\"10:3-10:11\">Cewka<\/strong>:\u00a0<strong data-sourcepos=\"10:13-10:31\">Podw\u00f3jna cewka siatkowa<\/strong><\/p>\n<p><strong data-sourcepos=\"11:3-11:14\">Bateria<\/strong>:\u00a0<strong data-sourcepos=\"11:16-11:39\">Akumulator 650 mAh<\/strong><\/p>\n<p><strong data-sourcepos=\"12:3-12:15\">\u0141adowanie<\/strong>:\u00a0<strong data-sourcepos=\"12:17-12:41\">Szybkie \u0142adowanie typu C<\/strong><\/p>\n<p><strong data-sourcepos=\"13:3-13:14\">Wy\u015bwietlacz<\/strong>:\u00a0<strong data-sourcepos=\"13:16-13:49\">Ekran LED (Bateria\/E-Liquid)<\/strong><\/p>\n<p><strong data-sourcepos=\"14:3-14:20\">System smakowy<\/strong>:\u00a0<strong data-sourcepos=\"14:22-14:49\">Potr\u00f3jna zmiana smaku<\/strong><\/p>\n<p>&nbsp;<\/p>\n<h3><span style=\"font-size: 90%;\">FIHP 60000 | 60 tys. puszek 3 w 1 smaki Jednorazowa lista smak\u00f3w Vape<\/span><\/h3>\n<p>1. Arbuz lodowy, Red Bull i truskawkowy kiwi<\/p>\n<p>2. Cytryna, limonka i truskawka, arbuz i l\u00f3d jagodowy<\/p>\n<p>3.Truskawkowy Banan &amp; Podw\u00f3jne Jab\u0142ko i Arbuz Malinowy<\/p>\n<p>4.Truskawkowe Kiwi i Kwa\u015bne Mango Ananas i Red Bull<\/p>\n<p>5. Owoce tropikalne i truskawka, arbuz i brzoskwinia cytrynowa<\/p>\n<p>6.Ananasowy kokos i niebieski Razz i truskawkowy banan<\/p>\n<p>7.Truskawka Malina &amp; Potr\u00f3jny Melon &amp; Ananas Kwa\u015bnego Mango<\/p>\n<p>8. Mieszanka jag\u00f3d i malin, arbuza i brzoskwini mango<\/p>\n<p>9. Jagoda, malina i truskawka, wanilia i limonka<\/p>\n<p>10. Arbuz lodowy, brzoskwiniowa jagoda i potr\u00f3jny melon<\/p>\n<p>&nbsp;<\/p>\n<h3><span style=\"font-size: 90%;\">FIHP 60000 | 60K Puffs 3 w 1 Smaki Jednorazowe wideo Vape:<\/span><\/h3>\n<p><iframe loading=\"lazy\" title=\"FIHP 60K Ptysie 3 w 1 Smaki Jednorazowe Vape Potr\u00f3jne smaki Inteligentny wy\u015bwietlacz LED Factory Direct pgvape\" width=\"1020\" height=\"574\" src=\"https:\/\/www.youtube.com\/embed\/SpQXk8e9uk0?feature=oembed\" frameborder=\"0\" allow=\"accelerometer; autoplay; clipboard-write; encrypted-media; gyroscope; picture-in-picture; web-share\" referrerpolicy=\"strict-origin-when-cross-origin\" allowfullscreen><\/iframe><\/p>\n<p>&nbsp;<\/p>\n<h2 class=\"header-vfC6AV auto-hide-last-sibling-br\">Cz\u0119sto zadawane pytania dotycz\u0105ce FIHP 60000 | 60K Puffs Jednorazowy waporyzator o smakach 3 w 1<\/h2>\n<p data-sourcepos=\"33:1-34:78\">\u2753 <strong data-sourcepos=\"33:3-33:44\">Co sprawia, \u017ce \u200b\u200bFIHP 60000 jest wyj\u0105tkowy?<\/strong><br \/>\n\u2705 <strong data-sourcepos=\"34:3-34:27\">System potr\u00f3jnego smaku<\/strong> Pozwala <strong data-sourcepos=\"34:35-34:61\">Trzy r\u00f3\u017cne smaki<\/strong> W jednym urz\u0105dzeniu.<\/p>\n<p data-sourcepos=\"36:1-37:83\">\u2753 <strong data-sourcepos=\"36:3-36:42\">Jak d\u0142ugo wytrzymuje bateria?<\/strong><br \/>\n\u2705 <strong data-sourcepos=\"37:3-37:21\">Bateria 650 mAh<\/strong> Zapewnia <strong data-sourcepos=\"37:31-37:43\">2-3 dni<\/strong> Do u\u017cytku z <strong data-sourcepos=\"37:56-37:80\">Szybkie \u0142adowanie typu C<\/strong>.<\/p>\n<p data-sourcepos=\"39:1-40:74\">\u2753 <strong data-sourcepos=\"39:3-39:45\">Czy ma monitorowanie w czasie rzeczywistym?<\/strong><br \/>\n\u2705 <strong data-sourcepos=\"40:3-40:23\">Tak!<\/strong> Wida\u0107 <strong data-sourcepos=\"40:30-40:47\">Poziom baterii<\/strong> I <strong data-sourcepos=\"40:52-40:71\">Stan e-p\u0142ynu<\/strong>.<\/p>\n<p data-sourcepos=\"42:1-43:75\">\u2753 <strong data-sourcepos=\"42:3-42:41\">Czy jako\u015b\u0107 pary uleg\u0142a poprawie?<br \/>\n<\/strong>\u2705 <strong data-sourcepos=\"43:3-43:22\">Podw\u00f3jne cewki siatkowe<\/strong> Dostarcza\u0107 <strong data-sourcepos=\"43:31-43:48\">\u0141agodniejsze hity<\/strong> I <strong data-sourcepos=\"43:53-43:72\">40% Wi\u0119cej smaku<\/strong>.<\/p>\n<p data-sourcepos=\"45:1-46:78\">\u2753 <strong data-sourcepos=\"45:3-45:36\">Dlaczego warto wybra\u0107 pojemno\u015b\u0107 54 ml?<\/strong><br \/>\n\u2705 <strong data-sourcepos=\"46:3-46:34\">Rozszerzony zbiornik na e-liquid<\/strong> Zapewnia <strong data-sourcepos=\"46:43-46:59\">Tygodnie u\u017cytkowania<\/strong> Bez uzupe\u0142nie\u0144.<\/p>\n<p>&nbsp;<\/p>\n<h3 id=\"brxe-najhln\" class=\"brxe-heading\">Cz\u0119sto zadawane pytania (FAQ)<\/h3>\n<div id=\"brxe-rajiac\" class=\"brxe-text\">\n<p><strong>P: Jakie metody p\u0142atno\u015bci akceptujecie?<\/strong><br \/>\nOdp.: Akceptujemy PayPal, Stripe, przelewy bankowe (obs\u0142ugiwane SEPA), g\u0142\u00f3wne karty kredytowe (Visa, MasterCard, American Express) i p\u0142atno\u015bci w kryptowalutach.<\/p>\n<p><strong>P: Jak d\u0142ugo trwa przygotowanie zam\u00f3wienia?<\/strong><br \/>\nOdp.: Przygotowanie zam\u00f3wienia zajmuje 1-3 dni robocze.<\/p>\n<p><strong>P: Jaki jest czas wysy\u0142ki?<\/strong><br \/>\nOdp.: Czas wysy\u0142ki wynosi 7-14 dni roboczych, w zale\u017cno\u015bci od Twojej lokalizacji.<\/p>\n<p><strong>P: Jak mog\u0119 \u015bledzi\u0107 moje zam\u00f3wienie?<\/strong><br \/>\nOdp.: Po wysy\u0142ce otrzymasz wiadomo\u015b\u0107 e-mail z potwierdzeniem i numerem przesy\u0142ki umo\u017cliwiaj\u0105cym \u015bledzenie w czasie rzeczywistym.<\/p>\n<p><strong>P: Jaka jest Twoja polityka zwrot\u00f3w?<\/strong><br \/>\nOdp.: Oferujemy 30-dniow\u0105 polityk\u0119 zwrot\u00f3w lub wymiany. .<\/p>\n<p><strong>P: Czy wyst\u0105pi\u0105 jakie\u015b problemy celne?<br \/>\n<\/strong>Obs\u0142ugujemy wszystkie procedury odprawy celnej, aby zapewni\u0107 Ci bezproblemow\u0105 obs\u0142ug\u0119. .<\/p>\n<p><strong>P: Jakie metody wysy\u0142ki s\u0105 stosowane?<\/strong><br \/>\nWsp\u00f3\u0142pracujemy z firmami UPS\/DHL\/FEDEX\/DPD itp. W zale\u017cno\u015bci od kraju dostawy wybierzemy odpowiedni\u0105 opcj\u0119 wysy\u0142ki, tak aby produkty dotar\u0142y do \u200b\u200bPa\u0144stwa najszybciej jak to mo\u017cliwe.<\/p>\n<p><a href=\"https:\/\/pgvape.com\/pl\/czesto-zadawane-pytania\/\">Kliknij tutaj, aby uzyska\u0107 wi\u0119cej cz\u0119sto zadawanych pyta\u0144<\/a><\/p>\n<p>Szanowni klienci, je\u015bli masz jakiekolwiek pytania dotycz\u0105ce zam\u00f3wienia lub przybycia towaru, skontaktuj si\u0119 z naszym dzia\u0142em obs\u0142ugi klienta. Dzi\u0119kuj\u0119!<\/p>\n<h3 data-sourcepos=\"73:1-73:21\"><strong data-sourcepos=\"73:7-73:21\">Skontaktuj si\u0119 z nami<\/strong><\/h3>\n<div id=\"text-2419739398\" class=\"text\">\n<p><strong data-sourcepos=\"75:3-75:12\">E-mail<\/strong>:\u00a0<a href=\"mailto:support@pgvape.com\"><strong>support@pgvape.com<\/strong><\/a><\/p>\n<p><strong data-sourcepos=\"76:3-76:15\">WhatsApp<\/strong>: <a href=\"https:\/\/wa.me\/+8618128481258\"><strong>+86 18128481258<\/strong><\/a><br \/>\n<strong>(Odpowied\u017a w ci\u0105gu 24 godzin w dni robocze)<\/strong><\/p>\n<\/div>\n<h3><strong>Dzi\u0119kujemy za wybranie pgvape.com! .<\/strong><\/h3>\n<\/div>","protected":false},"excerpt":{"rendered":"<p><strong data-sourcepos=\"51:1-51:220\">\u201cFIHP 60000 3-IN-1: Najlepszy jednorazowy waporyzator o wielu smakach, z 60 tys. zaci\u0105gni\u0119\u0107, systemem potr\u00f3jnego smaku i pojemno\u015bci\u0105 54 ml \u2013 zasilany bateri\u0105 650 mAh i podw\u00f3jn\u0105 cewk\u0105 siatkow\u0105 zapewniaj\u0105c\u0105 bogat\u0105, g\u0142adk\u0105 par\u0119.\u201d<\/strong><\/p>","protected":false},"featured_media":3107,"comment_status":"open","ping_status":"closed","template":"","meta":{"_seopress_robots_primary_cat":"none","_seopress_titles_title":"%%post_title%% %%sep%% %%sitetitle%%","_seopress_titles_desc":"","_seopress_robots_index":""},"product_brand":[516,275],"product_cat":[48,515,274],"product_tag":[24,51,52,90,279,277,143,280],"class_list":{"0":"post-3102","1":"product","2":"type-product","3":"status-publish","4":"has-post-thumbnail","6":"product_brand-disposable-vape","7":"product_brand-fihp-vape","8":"product_cat-60k-puffs-vape","9":"product_cat-disposable-vape","10":"product_cat-fihp-vape","11":"product_tag-3-in-1-flavors","12":"product_tag-60k-puffs","13":"product_tag-60k-vape","14":"product_tag-disposable-vape","15":"product_tag-fihp-60000","16":"product_tag-fihp-vape","17":"product_tag-smart-led-display","18":"product_tag-triple-flavors","20":"first","21":"instock","22":"sale","23":"shipping-taxable","24":"purchasable","25":"product-type-variable"},"_links":{"self":[{"href":"https:\/\/pgvape.com\/pl\/wp-json\/wp\/v2\/product\/3102","targetHints":{"allow":["GET"]}}],"collection":[{"href":"https:\/\/pgvape.com\/pl\/wp-json\/wp\/v2\/product"}],"about":[{"href":"https:\/\/pgvape.com\/pl\/wp-json\/wp\/v2\/types\/product"}],"replies":[{"embeddable":true,"href":"https:\/\/pgvape.com\/pl\/wp-json\/wp\/v2\/comments?post=3102"}],"wp:featuredmedia":[{"embeddable":true,"href":"https:\/\/pgvape.com\/pl\/wp-json\/wp\/v2\/media\/3107"}],"wp:attachment":[{"href":"https:\/\/pgvape.com\/pl\/wp-json\/wp\/v2\/media?parent=3102"}],"wp:term":[{"taxonomy":"product_brand","embeddable":true,"href":"https:\/\/pgvape.com\/pl\/wp-json\/wp\/v2\/product_brand?post=3102"},{"taxonomy":"product_cat","embeddable":true,"href":"https:\/\/pgvape.com\/pl\/wp-json\/wp\/v2\/product_cat?post=3102"},{"taxonomy":"product_tag","embeddable":true,"href":"https:\/\/pgvape.com\/pl\/wp-json\/wp\/v2\/product_tag?post=3102"}],"curies":[{"name":"wp","href":"https:\/\/api.w.org\/{rel}","templated":true}]}}