{"id":3066,"date":"2025-10-12T07:06:17","date_gmt":"2025-10-12T07:06:17","guid":{"rendered":"https:\/\/pgvape.com\/?post_type=product&#038;p=3066"},"modified":"2026-01-27T10:38:59","modified_gmt":"2026-01-27T10:38:59","slug":"fihp-40000-40k-zaciagniec-podwojne-smaki-jednorazowy-vape-inteligentny-wyswietlacz-led-vape-factory-direct","status":"publish","type":"product","link":"https:\/\/pgvape.com\/pl\/produkt\/fihp-40000-40k-zaciagniec-podwojne-smaki-jednorazowy-vape-inteligentny-wyswietlacz-led-vape-factory-direct\/","title":{"rendered":"FIHP 40000 40K Puffs Podw\u00f3jne smaki Jednorazowy inteligentny wy\u015bwietlacz LED Vape Vape Factory Direct"},"content":{"rendered":"<div class=\"auto-hide-last-sibling-br paragraph-JOTKXA paragraph-element br-paragraph-space\"><strong data-sourcepos=\"2:5-2:41\">Jednorazowy waporyzator FIHP 40000 Puffs<\/strong> Dostarcza <strong data-sourcepos=\"2:51-2:75\">Pot\u0119\u017cna wydajno\u015b\u0107<\/strong> Z <strong data-sourcepos=\"2:81-2:108\">40 000 bardzo d\u0142ugich zaci\u0105gni\u0119\u0107<\/strong> I <strong data-sourcepos=\"2:113-2:139\">Pojemno\u015b\u0107 36 ml e-p\u0142ynu<\/strong>. <strong data-sourcepos=\"2:151-2:170\">Podw\u00f3jne cewki siatkowe<\/strong>, Produkuje <strong data-sourcepos=\"2:184-2:199\">Bogaty smak<\/strong> I <strong data-sourcepos=\"2:204-2:220\">G\u0119ste chmury<\/strong>. <strong data-sourcepos=\"2:226-2:257\">Akumulator 850 mAh<\/strong> Z <strong data-sourcepos=\"2:263-2:287\">Szybkie \u0142adowanie typu C<\/strong> Zapewnia <strong data-sourcepos=\"2:296-2:312\">Rozszerzone u\u017cytkowanie<\/strong>, Podczas gdy <strong data-sourcepos=\"2:324-2:345\">Inteligentny wy\u015bwietlacz LED<\/strong> Zapewnia <strong data-sourcepos=\"2:355-2:379\">Monitorowanie w czasie rzeczywistym<\/strong>. <strong data-sourcepos=\"2:387-2:410\">Opcje podw\u00f3jnego smaku<\/strong> Przez <strong data-sourcepos=\"2:418-2:440\">12 smak\u00f3w premium<\/strong> Dla A <strong data-sourcepos=\"2:447-2:481\">Konfigurowalne do\u015bwiadczenie wapowania<\/strong>.<\/div>\n<p>&nbsp;<\/p>\n<h2><span style=\"font-size: 90%;\">FIHP 40000 | 40K Puffs Double Favours Jednorazowy waporyzator Dane techniczne<\/span><\/h2>\n<p><strong data-sourcepos=\"7:3-7:17\">Liczba puf\u00f3w<\/strong>:\u00a0<strong data-sourcepos=\"7:19-7:35\">40 000 zaci\u0105gni\u0119\u0107<\/strong><\/p>\n<p><strong data-sourcepos=\"8:3-8:15\">Nikotyna<\/strong>:\u00a0<strong data-sourcepos=\"8:17-8:36\">Opcje 2% \/ 5%<\/strong><\/p>\n<p><strong data-sourcepos=\"9:3-9:15\">E-ciecz<\/strong>:\u00a0<strong data-sourcepos=\"9:17-9:34\">Pojemno\u015b\u0107 36 ml<\/strong><\/p>\n<p><strong data-sourcepos=\"10:3-10:11\">Cewka<\/strong>:\u00a0<strong data-sourcepos=\"10:13-10:31\">Podw\u00f3jna cewka siatkowa<\/strong><\/p>\n<p><strong data-sourcepos=\"11:3-11:14\">Bateria<\/strong>:\u00a0<strong data-sourcepos=\"11:16-11:39\">Akumulator 850 mAh<\/strong><\/p>\n<p><strong data-sourcepos=\"12:3-12:15\">\u0141adowanie<\/strong>:\u00a0<strong data-sourcepos=\"12:17-12:41\">Szybkie \u0142adowanie typu C<\/strong><\/p>\n<p><strong data-sourcepos=\"13:3-13:14\">Wy\u015bwietlacz<\/strong>:\u00a0<strong data-sourcepos=\"13:16-13:49\">Ekran LED (Bateria\/E-Liquid)<\/strong><\/p>\n<p><strong data-sourcepos=\"14:3-14:20\">System smakowy<\/strong>:\u00a0<strong data-sourcepos=\"14:22-14:44\">Opcja podw\u00f3jnego smaku<\/strong><\/p>\n<h3><span style=\"font-size: 90%;\"><br \/>\nFIHP 40000 | 40 tys. Ptysi\u00f3w Podw\u00f3jne smaki Jednorazowa lista smak\u00f3w Vape<\/span><\/h3>\n<p>1. L\u00f3d cytrynowo-limonkowy i arbuzowy<\/p>\n<p>2. L\u00f3d winogronowy i kiwi truskawkowe<\/p>\n<p>3.Ananas, kokos i truskawka, banan<\/p>\n<p>4. Arbuz z pomara\u0144czowym mango i lodem Red Bull<\/p>\n<p>5. L\u00f3d jagodowy i musowana wi\u015bnia<\/p>\n<p>6. Brzoskwiniowy l\u00f3d i mieszane jagody<\/p>\n<p>7.Podw\u00f3jne jab\u0142ko Ice i mi\u0142o\u015b\u0107 666<\/p>\n<p>8. Truskawka Malina Wi\u015bnia i L\u00f3d Truskawkowy<\/p>\n<p>9. Niebieska lemoniada Razz i l\u00f3d wi\u015bniowo-colowy<\/p>\n<p>10.Brzoskwiniowo-mango-ananasowy i wi\u015bniowy l\u00f3d<\/p>\n<p>11. Gujawa z lodem czarnego smoka i kiwi z marakuji<\/p>\n<p>12. Kwa\u015bne jab\u0142ko, malina i truskawka, wi\u015bnia<img loading=\"lazy\" decoding=\"async\" class=\"alignnone wp-image-3074 size-full\" src=\"https:\/\/pgvape.com\/wp-content\/uploads\/2025\/10\/pgvape-FIHP-40000-40K-Puffs-Double-Flavors-Disposable-Flavor-Vape-2-5-Nicotine-12Tastes-Vape-Factory-Direct-5.png\" alt=\"Ekspozycja kolorowych jednorazowych urz\u0105dze\u0144 do waporyzacji FiHP w pastelowych prostok\u0105tnych obudowach, przedstawiaj\u0105cych postacie z kresk\u00f3wek i nazwy smak\u00f3w, u\u0142o\u017cone w rz\u0119dach pod logo FiHP oraz nag\u0142\u00f3wek &#039;40000 zaci\u0105gni\u0119\u0107 o podw\u00f3jnym smaku&#039; z ikonami specyfikacji.\" width=\"1200\" height=\"1821\" srcset=\"https:\/\/pgvape.com\/wp-content\/uploads\/2025\/10\/pgvape-FIHP-40000-40K-Puffs-Double-Flavors-Disposable-Flavor-Vape-2-5-Nicotine-12Tastes-Vape-Factory-Direct-5.png 1200w, https:\/\/pgvape.com\/wp-content\/uploads\/2025\/10\/pgvape-FIHP-40000-40K-Puffs-Double-Flavors-Disposable-Flavor-Vape-2-5-Nicotine-12Tastes-Vape-Factory-Direct-5-237x360.png 237w, https:\/\/pgvape.com\/wp-content\/uploads\/2025\/10\/pgvape-FIHP-40000-40K-Puffs-Double-Flavors-Disposable-Flavor-Vape-2-5-Nicotine-12Tastes-Vape-Factory-Direct-5-595x903.png 595w, https:\/\/pgvape.com\/wp-content\/uploads\/2025\/10\/pgvape-FIHP-40000-40K-Puffs-Double-Flavors-Disposable-Flavor-Vape-2-5-Nicotine-12Tastes-Vape-Factory-Direct-5-264x400.png 264w, https:\/\/pgvape.com\/wp-content\/uploads\/2025\/10\/pgvape-FIHP-40000-40K-Puffs-Double-Flavors-Disposable-Flavor-Vape-2-5-Nicotine-12Tastes-Vape-Factory-Direct-5-768x1165.png 768w, https:\/\/pgvape.com\/wp-content\/uploads\/2025\/10\/pgvape-FIHP-40000-40K-Puffs-Double-Flavors-Disposable-Flavor-Vape-2-5-Nicotine-12Tastes-Vape-Factory-Direct-5-1012x1536.png 1012w, https:\/\/pgvape.com\/wp-content\/uploads\/2025\/10\/pgvape-FIHP-40000-40K-Puffs-Double-Flavors-Disposable-Flavor-Vape-2-5-Nicotine-12Tastes-Vape-Factory-Direct-5-8x12.png 8w, https:\/\/pgvape.com\/wp-content\/uploads\/2025\/10\/pgvape-FIHP-40000-40K-Puffs-Double-Flavors-Disposable-Flavor-Vape-2-5-Nicotine-12Tastes-Vape-Factory-Direct-5-600x911.png 600w, https:\/\/pgvape.com\/wp-content\/uploads\/2025\/10\/pgvape-FIHP-40000-40K-Puffs-Double-Flavors-Disposable-Flavor-Vape-2-5-Nicotine-12Tastes-Vape-Factory-Direct-5-26x40.png 26w\" sizes=\"auto, (max-width: 1200px) 100vw, 1200px\" \/><\/p>\n<h3><span style=\"font-size: 90%;\">FIHP 40000 | 40K Puffs Double Favours Jednorazowe wideo Vape:<\/span><\/h3>\n<p><iframe loading=\"lazy\" title=\"FIHP 40000 | 40K Puffs Podw\u00f3jne Smaki Jednorazowy Vape Inteligentny Wy\u015bwietlacz LED | Vape Factory Direct pgvape\" width=\"1020\" height=\"574\" src=\"https:\/\/www.youtube.com\/embed\/InCy8mERutM?feature=oembed\" frameborder=\"0\" allow=\"accelerometer; autoplay; clipboard-write; encrypted-media; gyroscope; picture-in-picture; web-share\" referrerpolicy=\"strict-origin-when-cross-origin\" allowfullscreen><\/iframe><\/p>\n<p>&nbsp;<\/p>\n<h2 class=\"header-vfC6AV auto-hide-last-sibling-br\">Cz\u0119sto zadawane pytania dotycz\u0105ce FIHP 40000 | 40K Puffs Double Favours Jednorazowy waporyzator<\/h2>\n<p data-sourcepos=\"35:1-36:78\">\u2753 <strong data-sourcepos=\"35:3-35:47\">Co wyr\u00f3\u017cnia FIHP 40000?<\/strong><br \/>\n\u2705 <strong data-sourcepos=\"36:3-36:19\">40 000 zaci\u0105gni\u0119\u0107<\/strong> I <strong data-sourcepos=\"36:24-36:46\">System podw\u00f3jnego smaku<\/strong> Dla <strong data-sourcepos=\"36:51-36:75\">D\u0142ugotrwa\u0142a odmiana<\/strong>.<\/p>\n<p data-sourcepos=\"38:1-39:81\">\u2753 <strong data-sourcepos=\"38:3-38:54\">W jaki spos\u00f3b cewka z podw\u00f3jn\u0105 siatk\u0105 poprawia waporyzacj\u0119?<\/strong><br \/>\n\u2705 <strong data-sourcepos=\"39:3-39:17\">Podw\u00f3jne cewki<\/strong> Dostarcza\u0107 <strong data-sourcepos=\"39:26-39:44\">P\u0142ynniejsze rysowanie<\/strong> I <strong data-sourcepos=\"39:49-39:78\">30% Wi\u0119ksza intensywno\u015b\u0107 smaku<\/strong>.<\/p>\n<p data-sourcepos=\"41:1-42:82\">\u2753 <strong data-sourcepos=\"41:3-41:39\">Czy bateria jest trwa\u0142a?<\/strong><br \/>\n\u2705 <strong data-sourcepos=\"42:3-42:22\">Pojemno\u015b\u0107 850 mAh<\/strong> Oferty <strong data-sourcepos=\"42:30-42:42\">2-3 dni<\/strong> Do u\u017cytku z <strong data-sourcepos=\"42:55-42:79\">Szybkie \u0142adowanie typu C<\/strong>.<\/p>\n<p data-sourcepos=\"44:1-45:83\">\u2753 <strong data-sourcepos=\"44:3-44:39\">Czy mog\u0119 \u015bledzi\u0107 poziomy e-liquidu?<\/strong><br \/>\n\u2705 <strong data-sourcepos=\"45:3-45:29\">Tak!<\/strong> Wida\u0107 <strong data-sourcepos=\"45:36-45:57\">Bateria czasu rzeczywistego<\/strong> I <strong data-sourcepos=\"45:62-45:80\">Stan e-soku<\/strong>.<\/p>\n<p data-sourcepos=\"47:1-48:72\">\u2753 <strong data-sourcepos=\"47:3-47:41\">Dlaczego warto wybra\u0107 opcj\u0119 podw\u00f3jnego smaku?<\/strong><br \/>\n\u2705 <strong data-sourcepos=\"48:3-48:28\">Zmie\u0144 lub wymieszaj smaki<\/strong> Dla A <strong data-sourcepos=\"48:35-48:69\">Spersonalizowane do\u015bwiadczenie wapowania<\/strong>.<\/p>\n<p>&nbsp;<\/p>\n<h3 id=\"brxe-najhln\" class=\"brxe-heading\">Cz\u0119sto zadawane pytania (FAQ)<\/h3>\n<div id=\"brxe-rajiac\" class=\"brxe-text\">\n<p><strong>P: Jakie metody p\u0142atno\u015bci akceptujecie?<\/strong><br \/>\nOdp.: Akceptujemy PayPal, Stripe, przelewy bankowe (obs\u0142ugiwane SEPA), g\u0142\u00f3wne karty kredytowe (Visa, MasterCard, American Express) i p\u0142atno\u015bci w kryptowalutach.<\/p>\n<p><strong>P: Jak d\u0142ugo trwa przygotowanie zam\u00f3wienia?<\/strong><br \/>\nOdp.: Przygotowanie zam\u00f3wienia zajmuje 1-3 dni robocze.<\/p>\n<p><strong>P: Jaki jest czas wysy\u0142ki?<\/strong><br \/>\nOdp.: Czas wysy\u0142ki wynosi 7-14 dni roboczych, w zale\u017cno\u015bci od Twojej lokalizacji.<\/p>\n<p><strong>P: Jak mog\u0119 \u015bledzi\u0107 moje zam\u00f3wienie?<\/strong><br \/>\nOdp.: Po wysy\u0142ce otrzymasz wiadomo\u015b\u0107 e-mail z potwierdzeniem i numerem przesy\u0142ki umo\u017cliwiaj\u0105cym \u015bledzenie w czasie rzeczywistym.<\/p>\n<p><strong>P: Jaka jest Twoja polityka zwrot\u00f3w?<\/strong><br \/>\nOdp.: Oferujemy 30-dniow\u0105 polityk\u0119 zwrot\u00f3w lub wymiany. .<\/p>\n<p><strong>P: Czy wyst\u0105pi\u0105 jakie\u015b problemy celne?<br \/>\n<\/strong>Obs\u0142ugujemy wszystkie procedury odprawy celnej, aby zapewni\u0107 Ci bezproblemow\u0105 obs\u0142ug\u0119. .<\/p>\n<p><strong>P: Jakie metody wysy\u0142ki s\u0105 stosowane?<\/strong><br \/>\nWsp\u00f3\u0142pracujemy z firmami UPS\/DHL\/FEDEX\/DPD itp. W zale\u017cno\u015bci od kraju dostawy wybierzemy odpowiedni\u0105 opcj\u0119 wysy\u0142ki, tak aby produkty dotar\u0142y do \u200b\u200bPa\u0144stwa najszybciej jak to mo\u017cliwe.<\/p>\n<p><a href=\"https:\/\/pgvape.com\/pl\/czesto-zadawane-pytania\/\">Kliknij tutaj, aby uzyska\u0107 wi\u0119cej cz\u0119sto zadawanych pyta\u0144<\/a><\/p>\n<p>Szanowni klienci, je\u015bli masz jakiekolwiek pytania dotycz\u0105ce zam\u00f3wienia lub przybycia towaru, skontaktuj si\u0119 z naszym dzia\u0142em obs\u0142ugi klienta. Dzi\u0119kuj\u0119!<\/p>\n<h3 data-sourcepos=\"73:1-73:21\"><strong data-sourcepos=\"73:7-73:21\">Skontaktuj si\u0119 z nami<\/strong><\/h3>\n<div id=\"text-2419739398\" class=\"text\">\n<p><strong data-sourcepos=\"75:3-75:12\">E-mail<\/strong>:\u00a0<a href=\"mailto:support@pgvape.com\"><strong>support@pgvape.com<\/strong><\/a><\/p>\n<p><strong data-sourcepos=\"76:3-76:15\">WhatsApp<\/strong>: <a href=\"https:\/\/wa.me\/+8618128481258\"><strong>+86 18128481258<\/strong><\/a><br \/>\n<strong>(Odpowied\u017a w ci\u0105gu 24 godzin w dni robocze)<\/strong><\/p>\n<\/div>\n<h3><strong>Dzi\u0119kujemy za wybranie pgvape.com! .<\/strong><\/h3>\n<\/div>","protected":false},"excerpt":{"rendered":"<p><strong data-sourcepos=\"53:1-53:212\">\u201cFIHP 40000: Najlepszy jednorazowy waporyzator o dw\u00f3ch smakach, zapewniaj\u0105cy 40 tys. zaci\u0105gni\u0119\u0107, pojemno\u015b\u0107 36 ml i 12 smak\u00f3w premium \u2013 zasilany bateri\u0105 850 mAh i podw\u00f3jn\u0105 cewk\u0105 siatkow\u0105 dla bogatych, g\u0142adkich chmur.\u201d<\/strong><\/p>","protected":false},"featured_media":3070,"comment_status":"open","ping_status":"closed","template":"","meta":{"_seopress_robots_primary_cat":"none","_seopress_titles_title":"%%post_title%% %%sep%% %%sitetitle%%","_seopress_titles_desc":"","_seopress_robots_index":""},"product_brand":[516,275],"product_cat":[103,515,274],"product_tag":[106,107,90,278,276,277,143],"class_list":{"0":"post-3066","1":"product","2":"type-product","3":"status-publish","4":"has-post-thumbnail","6":"product_brand-disposable-vape","7":"product_brand-fihp-vape","8":"product_cat-40k-puffs-vape","9":"product_cat-disposable-vape","10":"product_cat-fihp-vape","11":"product_tag-40k-puffs","12":"product_tag-40k-vape","13":"product_tag-disposable-vape","14":"product_tag-double-flavors","15":"product_tag-fihp-40000","16":"product_tag-fihp-vape","17":"product_tag-smart-led-display","19":"first","20":"instock","21":"sale","22":"shipping-taxable","23":"purchasable","24":"product-type-variable"},"_links":{"self":[{"href":"https:\/\/pgvape.com\/pl\/wp-json\/wp\/v2\/product\/3066","targetHints":{"allow":["GET"]}}],"collection":[{"href":"https:\/\/pgvape.com\/pl\/wp-json\/wp\/v2\/product"}],"about":[{"href":"https:\/\/pgvape.com\/pl\/wp-json\/wp\/v2\/types\/product"}],"replies":[{"embeddable":true,"href":"https:\/\/pgvape.com\/pl\/wp-json\/wp\/v2\/comments?post=3066"}],"wp:featuredmedia":[{"embeddable":true,"href":"https:\/\/pgvape.com\/pl\/wp-json\/wp\/v2\/media\/3070"}],"wp:attachment":[{"href":"https:\/\/pgvape.com\/pl\/wp-json\/wp\/v2\/media?parent=3066"}],"wp:term":[{"taxonomy":"product_brand","embeddable":true,"href":"https:\/\/pgvape.com\/pl\/wp-json\/wp\/v2\/product_brand?post=3066"},{"taxonomy":"product_cat","embeddable":true,"href":"https:\/\/pgvape.com\/pl\/wp-json\/wp\/v2\/product_cat?post=3066"},{"taxonomy":"product_tag","embeddable":true,"href":"https:\/\/pgvape.com\/pl\/wp-json\/wp\/v2\/product_tag?post=3066"}],"curies":[{"name":"wp","href":"https:\/\/api.w.org\/{rel}","templated":true}]}}