{"id":3041,"date":"2025-10-11T14:14:39","date_gmt":"2025-10-11T14:14:39","guid":{"rendered":"https:\/\/pgvape.com\/?post_type=product&#038;p=3041"},"modified":"2026-01-27T10:40:13","modified_gmt":"2026-01-27T10:40:13","slug":"quady-okret-wojenny-60000-60-tys-zaciagniec-4-w-1-smaki-jednorazowy-vape-4-regulowane-smaki-5-nikotyny-6-smakow-z-wyswietlaczem-ekranowym-vape-factory-direct","status":"publish","type":"product","link":"https:\/\/pgvape.com\/pl\/produkt\/quady-okret-wojenny-60000-60-tys-zaciagniec-4-w-1-smaki-jednorazowy-vape-4-regulowane-smaki-5-nikotyny-6-smakow-z-wyswietlaczem-ekranowym-vape-factory-direct\/","title":{"rendered":"ATVS Warship 60000 | 60 tys. Puff\u00f3w 4 w 1 Smaki Jednorazowy Vape | 4 regulowane smaki | 5% Nikotyna | 6 Smak\u00f3w| Z wy\u015bwietlaczem ekranowym | Vape Factory Direct"},"content":{"rendered":"<div class=\"auto-hide-last-sibling-br paragraph-JOTKXA paragraph-element br-paragraph-space\"><strong data-sourcepos=\"2:5-2:49\">Jednorazowy Vape ATVS WARSHIP 60000 Puffs<\/strong> Dostarcza <strong data-sourcepos=\"2:59-2:83\">Najwy\u017csza wszechstronno\u015b\u0107<\/strong> Z <strong data-sourcepos=\"2:89-2:116\">4 smaki w jednym urz\u0105dzeniu<\/strong> I <strong data-sourcepos=\"2:121-2:148\">60 000 bardzo d\u0142ugich zaci\u0105gni\u0119\u0107<\/strong>. <strong data-sourcepos=\"2:161-2:185\">Poczw\u00f3rne cewki siatkowe 1,0 \u03a9<\/strong> I <strong data-sourcepos=\"2:190-2:214\">5% Si\u0142a nikotyny<\/strong>, Produkuje <strong data-sourcepos=\"2:228-2:243\">G\u0119sta para<\/strong> I <strong data-sourcepos=\"2:248-2:266\">Intensywny smak<\/strong>. <strong data-sourcepos=\"2:285-2:309\">Inteligentny ekran<\/strong>, <strong data-sourcepos=\"2:311-2:335\">Szybkie \u0142adowanie typu C<\/strong>, I <strong data-sourcepos=\"2:341-2:367\">Pojemno\u015b\u0107 36 ml e-p\u0142ynu<\/strong>. <strong data-sourcepos=\"2:378-2:390\">6 sztuk\/pud\u0142o<\/strong> Z <strong data-sourcepos=\"2:396-2:429\">6 doskona\u0142ych kombinacji smakowych<\/strong><span class=\"CustomP_animated_char__m3r9w\">\u00a0<\/span><span class=\"CustomP_animated_char__m3r9w\">Dla<\/span><span class=\"CustomP_animated_char__m3r9w\">\u00a0<\/span><span class=\"CustomP_animated_char__m3r9w\">Sprzeda\u017c detaliczna<\/span><span class=\"CustomP_animated_char__m3r9w\">\/<\/span><span class=\"CustomP_animated_char__m3r9w\">Wh<\/span><span class=\"CustomP_animated_char__m3r9w\">wyprzeda\u017c<\/span><span class=\"CustomP_animated_char__m3r9w\">.<\/span><\/div>\n<p>&nbsp;<\/p>\n<h2><span style=\"font-size: 90%;\">ATVS Warship 60000 | 60k Puffs 4 w 1 Smaki Jednorazowy Vape Dane techniczne<\/span><\/h2>\n<p><strong data-sourcepos=\"7:3-7:17\">Liczba puf\u00f3w<\/strong>:\u00a0<strong data-sourcepos=\"7:19-7:35\">60 000 zaci\u0105gni\u0119\u0107<\/strong><\/p>\n<p><strong data-sourcepos=\"8:3-8:15\">Nikotyna<\/strong>:\u00a0<strong data-sourcepos=\"8:17-8:32\">Si\u0142a 5%<\/strong><\/p>\n<p><strong data-sourcepos=\"9:3-9:15\">E-ciecz<\/strong>:\u00a0<strong data-sourcepos=\"9:17-9:34\">Pojemno\u015b\u0107 36 ml<\/strong><\/p>\n<p><strong data-sourcepos=\"10:3-10:11\">Cewka<\/strong>:\u00a0<strong data-sourcepos=\"10:13-10:34\">Cewki siatkowe 1,0 \u03a9\u00d74<\/strong><\/p>\n<p><strong data-sourcepos=\"11:3-11:14\">Bateria<\/strong>:\u00a0<strong data-sourcepos=\"11:16-11:39\">Akumulator 650 mAh<\/strong><\/p>\n<p><strong data-sourcepos=\"12:3-12:15\">\u0141adowanie<\/strong>:\u00a0<strong data-sourcepos=\"12:17-12:41\">Szybkie \u0142adowanie typu C<\/strong><\/p>\n<p><strong data-sourcepos=\"13:3-13:14\">Wy\u015bwietlacz<\/strong>:\u00a0<strong data-sourcepos=\"13:16-13:51\">Inteligentny ekran (bateria\/p\u0142yn elektroniczny)<\/strong><\/p>\n<p><strong data-sourcepos=\"14:3-14:20\">System smakowy<\/strong>:\u00a0<strong data-sourcepos=\"14:22-14:51\">Regulowane smaki 4 w 1<\/strong><\/p>\n<p><strong data-sourcepos=\"15:3-15:14\">Pakiet<\/strong>:\u00a0<strong data-sourcepos=\"15:16-15:33\">6 urz\u0105dze\u0144\/pude\u0142ko<\/strong><\/p>\n<p>&nbsp;<\/p>\n<h3><span style=\"font-size: 90%;\">ATVS Warship 60000 | 60 tys. zaci\u0105gni\u0119\u0107 4 w 1 smaki Jednorazowa lista smak\u00f3w Vape<\/span><\/h3>\n<p>1.L\u00f3d cytrynowo-mi\u0119towy i truskawkowy, l\u00f3d jagodowy i arbuz truskawkowy<\/p>\n<p>2. L\u00f3d Cola i l\u00f3d winogronowy i brzoskwiniowy i l\u00f3d arbuzowy<\/p>\n<p>3.Blue Razz Ice &amp; Rainbow Sugar &amp; Ananas Mango &amp; Blueberry Raspberry Cherry<\/p>\n<p>4.Gesuj\u0105ca Wi\u015bniowa Cola i Mieszanka Jag\u00f3d i Truskawek, Kiwi i Arbuzowa Guma Balonowa<\/p>\n<p>5. L\u00f3d jab\u0142kowy i l\u00f3d z gujawy, l\u00f3d z mango i l\u00f3d kantalupowy<\/p>\n<p>6. Lody bananowe, Red Bull, Mieszanka Owoc\u00f3w i Limonka Cytrynowa<br \/>\n<img loading=\"lazy\" decoding=\"async\" class=\"alignnone wp-image-3054 size-full\" src=\"https:\/\/pgvape.com\/wp-content\/uploads\/2025\/10\/pgvape-ATVS-WARSHIP-60000-60k-Puffs-4-in-1-Flavors-Disposable-Vape-With-Screen-Display-Vape-Factory-Direct-11.png\" alt=\"Grafika promocyjna zatytu\u0142owana &quot;JEDNO URZ\u0104DZENIE CZTERY SMAK\u00d3W&quot; przedstawiaj\u0105ca sze\u015b\u0107 kolorowych, cylindrycznych urz\u0105dze\u0144 do waporyzacji u\u0142o\u017conych w siatk\u0119 3x2, ka\u017cde w po\u0142\u0105czeniu z ma\u0142ymi ilustracjami owoc\u00f3w i napoj\u00f3w oraz list\u0105 nazw smak\u00f3w, takich jak mi\u0119ta cytrynowa, l\u00f3d truskawkowy, jagoda, l\u00f3d jab\u0142kowy, mango, cola, brzoskwinia, arbuz, mieszanka jag\u00f3d, l\u00f3d bananowy i ananasowo-mango.\" width=\"1000\" height=\"677\" srcset=\"https:\/\/pgvape.com\/wp-content\/uploads\/2025\/10\/pgvape-ATVS-WARSHIP-60000-60k-Puffs-4-in-1-Flavors-Disposable-Vape-With-Screen-Display-Vape-Factory-Direct-11.png 1000w, https:\/\/pgvape.com\/wp-content\/uploads\/2025\/10\/pgvape-ATVS-WARSHIP-60000-60k-Puffs-4-in-1-Flavors-Disposable-Vape-With-Screen-Display-Vape-Factory-Direct-11-532x360.png 532w, https:\/\/pgvape.com\/wp-content\/uploads\/2025\/10\/pgvape-ATVS-WARSHIP-60000-60k-Puffs-4-in-1-Flavors-Disposable-Vape-With-Screen-Display-Vape-Factory-Direct-11-595x403.png 595w, https:\/\/pgvape.com\/wp-content\/uploads\/2025\/10\/pgvape-ATVS-WARSHIP-60000-60k-Puffs-4-in-1-Flavors-Disposable-Vape-With-Screen-Display-Vape-Factory-Direct-11-400x271.png 400w, https:\/\/pgvape.com\/wp-content\/uploads\/2025\/10\/pgvape-ATVS-WARSHIP-60000-60k-Puffs-4-in-1-Flavors-Disposable-Vape-With-Screen-Display-Vape-Factory-Direct-11-768x520.png 768w, https:\/\/pgvape.com\/wp-content\/uploads\/2025\/10\/pgvape-ATVS-WARSHIP-60000-60k-Puffs-4-in-1-Flavors-Disposable-Vape-With-Screen-Display-Vape-Factory-Direct-11-18x12.png 18w, https:\/\/pgvape.com\/wp-content\/uploads\/2025\/10\/pgvape-ATVS-WARSHIP-60000-60k-Puffs-4-in-1-Flavors-Disposable-Vape-With-Screen-Display-Vape-Factory-Direct-11-600x406.png 600w, https:\/\/pgvape.com\/wp-content\/uploads\/2025\/10\/pgvape-ATVS-WARSHIP-60000-60k-Puffs-4-in-1-Flavors-Disposable-Vape-With-Screen-Display-Vape-Factory-Direct-11-60x40.png 60w\" sizes=\"auto, (max-width: 1000px) 100vw, 1000px\" \/><\/p>\n<p>&nbsp;<\/p>\n<h3><span style=\"font-size: 90%;\">ATVS Warship 60000 | 60 tys. zaci\u0105gni\u0119\u0107 4 w 1 smaki Jednorazowe wideo Vape:<\/span><\/h3>\n<p><iframe loading=\"lazy\" title=\"ATVS Warship 60k Puffs 4 w 1 smaki jednorazowy Vape | 4 regulowane smaki | ekran wy\u015bwietlacza pgvape\" width=\"563\" height=\"1000\" src=\"https:\/\/www.youtube.com\/embed\/_5U7mH9pKws?feature=oembed\" frameborder=\"0\" allow=\"accelerometer; autoplay; clipboard-write; encrypted-media; gyroscope; picture-in-picture; web-share\" referrerpolicy=\"strict-origin-when-cross-origin\" allowfullscreen><\/iframe><\/p>\n<p>&nbsp;<\/p>\n<h2 class=\"header-vfC6AV auto-hide-last-sibling-br\">Cz\u0119sto zadawane pytania na temat ATVS Warship 60000 | 60k Puffs 4 w 1 Smaki Jednorazowy Vape<\/h2>\n<p data-sourcepos=\"30:1-31:85\">\u2753 <strong data-sourcepos=\"30:3-30:52\">Co sprawia, \u017ce \u200b\u200bliczba 60 000 zaci\u0105gni\u0119\u0107 jest wyj\u0105tkowa?<\/strong><br \/>\n\u2705 <strong data-sourcepos=\"31:3-31:32\">Wiod\u0105ca w bran\u017cy pojemno\u015b\u0107<\/strong> \u2013 Trwa <strong data-sourcepos=\"31:41-31:56\">4-5 razy d\u0142u\u017cej<\/strong> Ni\u017c standardowe artyku\u0142y jednorazowe.<\/p>\n<p data-sourcepos=\"33:1-34:87\">\u2753 <strong data-sourcepos=\"33:3-33:50\">Jak dzia\u0142a system smakowy 4 w 1?<br \/>\n<\/strong> \u2705 <strong data-sourcepos=\"34:3-34:85\">B\u0142yskawicznie prze\u0142\u0105czaj si\u0119 pomi\u0119dzy czterema smakami premium za pomoc\u0105 prostych przycisk\u00f3w.<\/strong><\/p>\n<p data-sourcepos=\"36:1-37:77\">\u2753 <strong data-sourcepos=\"36:3-36:41\">Czy nikotyna 5% jest zbyt silna?<\/strong><br \/>\n\u2705 <strong data-sourcepos=\"37:3-37:75\">Idealny dla do\u015bwiadczonych waper\u00f3w poszukuj\u0105cych pot\u0119\u017cnych cios\u00f3w w gard\u0142o.<\/strong><\/p>\n<p data-sourcepos=\"39:1-40:83\">\u2753 <strong data-sourcepos=\"39:3-39:42\">Czy mog\u0119 monitorowa\u0107 statystyki u\u017cytkowania?<\/strong><br \/>\n\u2705 <strong data-sourcepos=\"40:3-40:19\">Inteligentny ekran<\/strong> Wida\u0107 <strong data-sourcepos=\"40:26-40:55\">Poziomy e-p\u0142ynu w czasie rzeczywistym<\/strong> I <strong data-sourcepos=\"40:60-40:78\">Stan baterii<\/strong>.**<\/p>\n<p data-sourcepos=\"42:1-43:84\">\u2753 <strong data-sourcepos=\"42:3-42:38\">Dlaczego warto wybra\u0107 cewki Quad Mesh?<\/strong><br \/>\n\u2705 <strong data-sourcepos=\"43:3-43:22\">Cztery cewki 1,0 \u03a9<\/strong> Zapewni\u0107 <strong data-sourcepos=\"43:30-43:46\">Nawet ogrzewanie<\/strong> I <strong data-sourcepos=\"43:51-43:79\">Ulepszone dostarczanie smaku<\/strong>.**<\/p>\n<p>&nbsp;<\/p>\n<h3 id=\"brxe-najhln\" class=\"brxe-heading\">Cz\u0119sto zadawane pytania (FAQ)<\/h3>\n<div id=\"brxe-rajiac\" class=\"brxe-text\">\n<p><strong>P: Jakie metody p\u0142atno\u015bci akceptujecie?<\/strong><br \/>\nOdp.: Akceptujemy PayPal, Stripe, przelewy bankowe (obs\u0142ugiwane SEPA), g\u0142\u00f3wne karty kredytowe (Visa, MasterCard, American Express) i p\u0142atno\u015bci w kryptowalutach.<\/p>\n<p><strong>P: Jak d\u0142ugo trwa przygotowanie zam\u00f3wienia?<\/strong><br \/>\nOdp.: Przygotowanie zam\u00f3wienia zajmuje 1-3 dni robocze.<\/p>\n<p><strong>P: Jaki jest czas wysy\u0142ki?<\/strong><br \/>\nOdp.: Czas wysy\u0142ki wynosi 7-14 dni roboczych, w zale\u017cno\u015bci od Twojej lokalizacji.<\/p>\n<p><strong>P: Jak mog\u0119 \u015bledzi\u0107 moje zam\u00f3wienie?<\/strong><br \/>\nOdp.: Po wysy\u0142ce otrzymasz wiadomo\u015b\u0107 e-mail z potwierdzeniem i numerem przesy\u0142ki umo\u017cliwiaj\u0105cym \u015bledzenie w czasie rzeczywistym.<\/p>\n<p><strong>P: Jaka jest Twoja polityka zwrot\u00f3w?<\/strong><br \/>\nOdp.: Oferujemy 30-dniow\u0105 polityk\u0119 zwrot\u00f3w lub wymiany. .<\/p>\n<p><strong>P: Czy wyst\u0105pi\u0105 jakie\u015b problemy celne?<br \/>\n<\/strong>Obs\u0142ugujemy wszystkie procedury odprawy celnej, aby zapewni\u0107 Ci bezproblemow\u0105 obs\u0142ug\u0119. .<\/p>\n<p><strong>P: Jakie metody wysy\u0142ki s\u0105 stosowane?<\/strong><br \/>\nWsp\u00f3\u0142pracujemy z firmami UPS\/DHL\/FEDEX\/DPD itp. W zale\u017cno\u015bci od kraju dostawy wybierzemy odpowiedni\u0105 opcj\u0119 wysy\u0142ki, tak aby produkty dotar\u0142y do \u200b\u200bPa\u0144stwa najszybciej jak to mo\u017cliwe.<\/p>\n<p><a href=\"https:\/\/pgvape.com\/pl\/czesto-zadawane-pytania\/\">Kliknij tutaj, aby uzyska\u0107 wi\u0119cej cz\u0119sto zadawanych pyta\u0144<\/a><\/p>\n<p>Szanowni klienci, je\u015bli masz jakiekolwiek pytania dotycz\u0105ce zam\u00f3wienia lub przybycia towaru, skontaktuj si\u0119 z naszym dzia\u0142em obs\u0142ugi klienta. Dzi\u0119kuj\u0119!<\/p>\n<h3 data-sourcepos=\"73:1-73:21\"><strong data-sourcepos=\"73:7-73:21\">Skontaktuj si\u0119 z nami<\/strong><\/h3>\n<div id=\"text-2419739398\" class=\"text\">\n<p><strong data-sourcepos=\"75:3-75:12\">E-mail<\/strong>:\u00a0<a href=\"mailto:support@pgvape.com\"><strong>support@pgvape.com<\/strong><\/a><\/p>\n<p><strong data-sourcepos=\"76:3-76:15\">WhatsApp<\/strong>: <a href=\"https:\/\/wa.me\/+8618128481258\"><strong>+86 18128481258<\/strong><\/a><br \/>\n<strong>(Odpowied\u017a w ci\u0105gu 24 godzin w dni robocze)<\/strong><\/p>\n<\/div>\n<h3><strong>Dzi\u0119kujemy za wybranie pgvape.com! .<\/strong><\/h3>\n<\/div>","protected":false},"excerpt":{"rendered":"<p><strong data-sourcepos=\"48:1-48:235\">\u201cATVS WARSHIP 60000: Najlepszy jednorazowy waporyzator smakowy 4 w 1 z 60 tys. zaci\u0105gni\u0119\u0107, pojemno\u015bci\u0105 36 ml i 6 kombinacjami smak\u00f3w \u2013 wyposa\u017cony w inteligentny ekran, \u0142adowanie typu C i nikotyn\u0119 5% dla intensywnej satysfakcji.\u201d<\/strong><\/p>","protected":false},"featured_media":3056,"comment_status":"open","ping_status":"closed","template":"","meta":{"_seopress_robots_primary_cat":"none","_seopress_titles_title":"%%post_title%% %%sep%% %%sitetitle%%","_seopress_titles_desc":"","_seopress_robots_index":""},"product_brand":[261,516],"product_cat":[48,260,515],"product_tag":[158,53,51,52,272,269,90,273],"class_list":{"0":"post-3041","1":"product","2":"type-product","3":"status-publish","4":"has-post-thumbnail","6":"product_brand-atvs-vape","7":"product_brand-disposable-vape","8":"product_cat-60k-puffs-vape","9":"product_cat-atvs-vape","10":"product_cat-disposable-vape","11":"product_tag-4-adjustable-flavors","12":"product_tag-4-in-1-flavors","13":"product_tag-60k-puffs","14":"product_tag-60k-vape","15":"product_tag-atvs-warship-60000","16":"product_tag-atvs-warship-vape","17":"product_tag-disposable-vape","18":"product_tag-with-screen-display","20":"first","21":"instock","22":"sale","23":"shipping-taxable","24":"purchasable","25":"product-type-variable"},"_links":{"self":[{"href":"https:\/\/pgvape.com\/pl\/wp-json\/wp\/v2\/product\/3041","targetHints":{"allow":["GET"]}}],"collection":[{"href":"https:\/\/pgvape.com\/pl\/wp-json\/wp\/v2\/product"}],"about":[{"href":"https:\/\/pgvape.com\/pl\/wp-json\/wp\/v2\/types\/product"}],"replies":[{"embeddable":true,"href":"https:\/\/pgvape.com\/pl\/wp-json\/wp\/v2\/comments?post=3041"}],"wp:featuredmedia":[{"embeddable":true,"href":"https:\/\/pgvape.com\/pl\/wp-json\/wp\/v2\/media\/3056"}],"wp:attachment":[{"href":"https:\/\/pgvape.com\/pl\/wp-json\/wp\/v2\/media?parent=3041"}],"wp:term":[{"taxonomy":"product_brand","embeddable":true,"href":"https:\/\/pgvape.com\/pl\/wp-json\/wp\/v2\/product_brand?post=3041"},{"taxonomy":"product_cat","embeddable":true,"href":"https:\/\/pgvape.com\/pl\/wp-json\/wp\/v2\/product_cat?post=3041"},{"taxonomy":"product_tag","embeddable":true,"href":"https:\/\/pgvape.com\/pl\/wp-json\/wp\/v2\/product_tag?post=3041"}],"curies":[{"name":"wp","href":"https:\/\/api.w.org\/{rel}","templated":true}]}}