{"id":3001,"date":"2025-10-11T12:53:42","date_gmt":"2025-10-11T12:53:42","guid":{"rendered":"https:\/\/pgvape.com\/?post_type=product&#038;p=3001"},"modified":"2026-01-27T10:41:05","modified_gmt":"2026-01-27T10:41:05","slug":"atv-warship-18000-18k-zaciagniec-jednorazowy-waporyzator-z-podwojna-cewka-cesh-vape-factory-direct","status":"publish","type":"product","link":"https:\/\/pgvape.com\/pl\/produkt\/atv-warship-18000-18k-zaciagniec-jednorazowy-waporyzator-z-podwojna-cewka-cesh-vape-factory-direct\/","title":{"rendered":"ATVS WARSHIP 18000 18k Puffs Jednorazowy Vape z podw\u00f3jn\u0105 cewk\u0105 Cesh Vape Factory Direct"},"content":{"rendered":"<div class=\"auto-hide-last-sibling-br paragraph-JOTKXA paragraph-element br-paragraph-space\"><strong data-sourcepos=\"2:5-2:49\">ATVS WARSHIP 18000 Puffs Jednorazowy Vape<\/strong> \u0141\u0105czy <strong data-sourcepos=\"2:59-2:83\">Rozszerzona wydajno\u015b\u0107<\/strong> Z <strong data-sourcepos=\"2:89-2:105\">18 000 zaci\u0105gni\u0119\u0107<\/strong> I <strong data-sourcepos=\"2:110-2:136\">Pojemno\u015b\u0107 25 ml e-p\u0142ynu<\/strong>. <strong data-sourcepos=\"2:150-2:173\">Podw\u00f3jna cewka siatkowa 0,9 \u03a9<\/strong>, Dostarcza <strong data-sourcepos=\"2:187-2:202\">Bogaty smak<\/strong> I <strong data-sourcepos=\"2:207-2:222\">G\u0119sta para<\/strong>. <strong data-sourcepos=\"2:228-2:259\">Akumulator 750 mAh<\/strong> Z <strong data-sourcepos=\"2:265-2:289\">Szybkie \u0142adowanie typu C<\/strong> Zapewnia <strong data-sourcepos=\"2:298-2:318\">Minimalny czas przestoju<\/strong>, Podczas gdy <strong data-sourcepos=\"2:330-2:347\">Inteligentny wy\u015bwietlacz<\/strong> Utwory <strong data-sourcepos=\"2:355-2:369\">Liczba puf\u00f3w<\/strong>, <strong data-sourcepos=\"2:371-2:387\">\u017bywotno\u015b\u0107 baterii<\/strong>, I <strong data-sourcepos=\"2:393-2:412\">Poziomy e-p\u0142ynu<\/strong>. <strong data-sourcepos=\"2:427-2:452\">16 orze\u017awiaj\u0105cych smak\u00f3w<\/strong>, Jest idealny dla <strong data-sourcepos=\"2:471-2:504\">Przypadkowi i do\u015bwiadczeni waperzy<\/strong>.<\/div>\n<p>&nbsp;<\/p>\n<h2><span style=\"font-size: 90%;\">ATVS WARSHIP 18000 | 18k Puffs Jednorazowe specyfikacje<\/span><\/h2>\n<p><strong data-sourcepos=\"7:3-7:17\">Liczba puf\u00f3w<\/strong>:\u00a0<strong data-sourcepos=\"7:19-7:35\">18 000 zaci\u0105gni\u0119\u0107<\/strong><\/p>\n<p><strong data-sourcepos=\"8:3-8:15\">Nikotyna<\/strong>:\u00a0<strong data-sourcepos=\"8:17-8:36\">Opcje 2% \/ 5%<\/strong><\/p>\n<p><strong data-sourcepos=\"9:3-9:15\">E-ciecz<\/strong>:\u00a0<strong data-sourcepos=\"9:17-9:34\">Pojemno\u015b\u0107 25 ml<\/strong><\/p>\n<p><strong data-sourcepos=\"10:3-10:11\">Cewka<\/strong>:\u00a0<strong data-sourcepos=\"10:13-10:31\">Podw\u00f3jna siatka 0,9 \u03a9<\/strong><\/p>\n<p><strong data-sourcepos=\"11:3-11:14\">Bateria<\/strong>:\u00a0<strong data-sourcepos=\"11:16-11:39\">Akumulator 750 mAh<\/strong><\/p>\n<p><strong data-sourcepos=\"12:3-12:15\">\u0141adowanie<\/strong>:\u00a0<strong data-sourcepos=\"12:17-12:41\">Szybkie \u0142adowanie typu C<\/strong><\/p>\n<p><strong data-sourcepos=\"13:3-13:14\">Wy\u015bwietlacz<\/strong>:\u00a0<strong data-sourcepos=\"13:16-13:70\">Monitorowanie w czasie rzeczywistym (liczba zaci\u0105gni\u0119\u0107\/bateria\/p\u0142yn E)<\/strong><\/p>\n<p><strong data-sourcepos=\"14:3-14:14\">Pakiet<\/strong>:\u00a0<strong data-sourcepos=\"14:16-14:34\">10 urz\u0105dze\u0144\/pude\u0142ko<\/strong><\/p>\n<h3><span style=\"font-size: 90%;\"><br \/>\nATVS WARSHIP 18000 | 18k Puffs Jednorazowa lista smak\u00f3w Vape<\/span><\/h3>\n<p><strong data-sourcepos=\"19:4-19:17\">1. L\u00f3d z mango<\/strong><\/p>\n<p><strong data-sourcepos=\"20:4-20:17\">2. L\u00f3d winogronowy<\/strong><\/p>\n<p><strong data-sourcepos=\"21:4-21:17\">3.Brzoskwiniowy l\u00f3d<\/strong><\/p>\n<p><strong data-sourcepos=\"22:4-22:17\">4. L\u00f3d z gujawy<\/strong><\/p>\n<p><strong data-sourcepos=\"23:4-23:17\">5. L\u00f3d jab\u0142kowy<\/strong><\/p>\n<p><strong data-sourcepos=\"24:4-24:22\">6. L\u00f3d arbuzowy<\/strong><\/p>\n<p><strong data-sourcepos=\"25:4-25:29\">7. Arbuz Truskawkowy<\/strong><\/p>\n<p><strong data-sourcepos=\"26:4-26:22\">8. L\u00f3d Truskawkowy<\/strong><\/p>\n<p><strong data-sourcepos=\"27:4-27:18\">9. L\u00f3d liczi<\/strong><\/p>\n<p><strong data-sourcepos=\"28:5-28:17\">10. L\u00f3d Taro<\/strong><\/p>\n<p><strong data-sourcepos=\"29:5-29:22\">11.L\u00f3d jagodowy<\/strong><\/p>\n<p><strong data-sourcepos=\"30:5-30:17\">12. L\u00f3d z Col\u0105<\/strong><\/p>\n<p><strong data-sourcepos=\"31:5-31:20\">13. Mieszane owoce<\/strong><\/p>\n<p><strong data-sourcepos=\"32:5-32:13\">14.Mi\u0119ta<\/strong><\/p>\n<p><strong data-sourcepos=\"33:5-33:20\">15. Soda pomara\u0144czowa<\/strong><\/p>\n<p><strong data-sourcepos=\"34:5-34:19\">16. L\u00f3d bananowy<\/strong><\/p>\n<h3><span style=\"font-size: 90%;\"><br \/>\nATVS WARSHIP 18000 18k Puffs Jednorazowy Vape\u00a0<strong>Wideo:<\/strong><\/span><\/h3>\n<p>&nbsp;<\/p>\n<h2 class=\"header-vfC6AV auto-hide-last-sibling-br\">Cz\u0119sto zadawane pytania na temat ATVS WARSHIP 18000 | 18k Puffs Jednorazowy Vape<\/h2>\n<p data-sourcepos=\"39:1-40:87\">\u2753 <strong data-sourcepos=\"39:3-39:54\">Co wyr\u00f3\u017cnia liczb\u0119 18 000 zaci\u0105gni\u0119\u0107?<\/strong><br \/>\n\u2705 <strong data-sourcepos=\"40:3-40:25\">Zr\u00f3wnowa\u017cona trwa\u0142o\u015b\u0107<\/strong> \u2013 Idealny dla <strong data-sourcepos=\"40:38-40:54\">Tygodnie u\u017cytkowania<\/strong> Bez cz\u0119stych wymian.<\/p>\n<p data-sourcepos=\"42:1-43:81\">\u2753 <strong data-sourcepos=\"42:3-42:54\">W jaki spos\u00f3b cewka z podw\u00f3jn\u0105 siatk\u0105 poprawia waporyzacj\u0119?<\/strong><br \/>\n\u2705 <strong data-sourcepos=\"43:3-43:17\">Cewki 0,9 \u03a9<\/strong> Dostarcza\u0107 <strong data-sourcepos=\"43:26-43:44\">P\u0142ynniejsze rysowanie<\/strong> I <strong data-sourcepos=\"43:49-43:78\">20% Wi\u0119ksza intensywno\u015b\u0107 smaku<\/strong>.<\/p>\n<p data-sourcepos=\"45:1-46:75\">\u2753 <strong data-sourcepos=\"45:3-45:43\">Czy bateria 750 mAh jest wydajna?<\/strong><br \/>\n\u2705 <strong data-sourcepos=\"46:3-46:11\">Tak!<\/strong> Trwa <strong data-sourcepos=\"46:18-46:29\">Ponad 2 dni<\/strong> Za op\u0142at\u0105 z <strong data-sourcepos=\"46:46-46:72\">Szybkie \u0142adowanie typu C<\/strong>.<\/p>\n<p data-sourcepos=\"48:1-49:72\">\u2753 <strong data-sourcepos=\"48:3-48:51\">Czy mog\u0119 \u015bledzi\u0107 liczb\u0119 zaci\u0105gni\u0119\u0107 i e-liquidu?<\/strong><br \/>\n\u2705 <strong data-sourcepos=\"49:3-49:20\">Inteligentny wy\u015bwietlacz<\/strong> Wida\u0107 <strong data-sourcepos=\"49:27-49:48\">Wszystkie wska\u017aniki u\u017cytkowania<\/strong> Pe\u0142na kontrola.<\/p>\n<p data-sourcepos=\"51:1-52:75\">\u2753 <strong data-sourcepos=\"51:3-51:40\">Dlaczego warto wybra\u0107 16 opcji smakowych?<br \/>\n<\/strong> \u2705 <strong data-sourcepos=\"52:3-52:36\">R\u00f3\u017cnorodne profile lodowe i owocowe<\/strong> Zaspokoi\u0107 <strong data-sourcepos=\"52:46-52:72\">Ka\u017cda preferencja smakowa<\/strong>.<\/p>\n<p>&nbsp;<\/p>\n<h3 id=\"brxe-najhln\" class=\"brxe-heading\">Cz\u0119sto zadawane pytania (FAQ)<\/h3>\n<div id=\"brxe-rajiac\" class=\"brxe-text\">\n<p><strong>P: Jakie metody p\u0142atno\u015bci akceptujecie?<\/strong><br \/>\nOdp.: Akceptujemy PayPal, Stripe, przelewy bankowe (obs\u0142ugiwane SEPA), g\u0142\u00f3wne karty kredytowe (Visa, MasterCard, American Express) i p\u0142atno\u015bci w kryptowalutach.<\/p>\n<p><strong>P: Jak d\u0142ugo trwa przygotowanie zam\u00f3wienia?<\/strong><br \/>\nOdp.: Przygotowanie zam\u00f3wienia zajmuje 1-3 dni robocze.<\/p>\n<p><strong>P: Jaki jest czas wysy\u0142ki?<\/strong><br \/>\nOdp.: Czas wysy\u0142ki wynosi 7-14 dni roboczych, w zale\u017cno\u015bci od Twojej lokalizacji.<\/p>\n<p><strong>P: Jak mog\u0119 \u015bledzi\u0107 moje zam\u00f3wienie?<\/strong><br \/>\nOdp.: Po wysy\u0142ce otrzymasz wiadomo\u015b\u0107 e-mail z potwierdzeniem i numerem przesy\u0142ki umo\u017cliwiaj\u0105cym \u015bledzenie w czasie rzeczywistym.<\/p>\n<p><strong>P: Jaka jest Twoja polityka zwrot\u00f3w?<\/strong><br \/>\nOdp.: Oferujemy 30-dniow\u0105 polityk\u0119 zwrot\u00f3w lub wymiany. .<\/p>\n<p><strong>P: Czy wyst\u0105pi\u0105 jakie\u015b problemy celne?<br \/>\n<\/strong>Obs\u0142ugujemy wszystkie procedury odprawy celnej, aby zapewni\u0107 Ci bezproblemow\u0105 obs\u0142ug\u0119. .<\/p>\n<p><strong>P: Jakie metody wysy\u0142ki s\u0105 stosowane?<\/strong><br \/>\nWsp\u00f3\u0142pracujemy z firmami UPS\/DHL\/FEDEX\/DPD itp. W zale\u017cno\u015bci od kraju dostawy wybierzemy odpowiedni\u0105 opcj\u0119 wysy\u0142ki, tak aby produkty dotar\u0142y do \u200b\u200bPa\u0144stwa najszybciej jak to mo\u017cliwe.<\/p>\n<p><a href=\"https:\/\/pgvape.com\/pl\/czesto-zadawane-pytania\/\">Kliknij tutaj, aby uzyska\u0107 wi\u0119cej cz\u0119sto zadawanych pyta\u0144<\/a><\/p>\n<p>Szanowni klienci, je\u015bli masz jakiekolwiek pytania dotycz\u0105ce zam\u00f3wienia lub przybycia towaru, skontaktuj si\u0119 z naszym dzia\u0142em obs\u0142ugi klienta. Dzi\u0119kuj\u0119!<\/p>\n<h3 data-sourcepos=\"73:1-73:21\"><strong data-sourcepos=\"73:7-73:21\">Skontaktuj si\u0119 z nami<\/strong><\/h3>\n<div id=\"text-2419739398\" class=\"text\">\n<p><strong data-sourcepos=\"75:3-75:12\">E-mail<\/strong>:\u00a0<a href=\"mailto:support@pgvape.com\"><strong>support@pgvape.com<\/strong><\/a><\/p>\n<p><strong data-sourcepos=\"76:3-76:15\">WhatsApp<\/strong>: <a href=\"https:\/\/wa.me\/+8618128481258\"><strong>+86 18128481258<\/strong><\/a><br \/>\n<strong>(Odpowied\u017a w ci\u0105gu 24 godzin w dni robocze)<\/strong><\/p>\n<\/div>\n<h3><strong>Dzi\u0119kujemy za wybranie pgvape.com! .<\/strong><\/h3>\n<\/div>","protected":false},"excerpt":{"rendered":"<p><strong data-sourcepos=\"57:1-57:232\">\u201cATVS WARSHIP 18000: Jednorazowy waporyzator o du\u017cej pojemno\u015bci z 18 tys. zaci\u0105gni\u0119\u0107, 25 ml e-liquidu i 16 smakach \u2013 wyposa\u017cony w podw\u00f3jn\u0105 cewk\u0119 siatkow\u0105, inteligentny wy\u015bwietlacz i \u0142adowanie typu C zapewniaj\u0105ce nieprzerwan\u0105 satysfakcj\u0119.\u201d<\/strong><\/p>","protected":false},"featured_media":3005,"comment_status":"open","ping_status":"closed","template":"","meta":{"_seopress_robots_primary_cat":"none","_seopress_titles_title":"%%post_title%% %%sep%% %%sitetitle%%","_seopress_titles_desc":"","_seopress_robots_index":""},"product_brand":[261,516],"product_cat":[236,260,515],"product_tag":[238,239,270,269,90,79,271],"class_list":{"0":"post-3001","1":"product","2":"type-product","3":"status-publish","4":"has-post-thumbnail","6":"product_brand-atvs-vape","7":"product_brand-disposable-vape","8":"product_cat-18k-puffs-vape","9":"product_cat-atvs-vape","10":"product_cat-disposable-vape","11":"product_tag-18k-puffs","12":"product_tag-18k-vape","13":"product_tag-atvs-warship-18000","14":"product_tag-atvs-warship-vape","15":"product_tag-disposable-vape","16":"product_tag-led-display","17":"product_tag-with-dual-cesh-coil","19":"first","20":"instock","21":"sale","22":"shipping-taxable","23":"purchasable","24":"product-type-variable"},"_links":{"self":[{"href":"https:\/\/pgvape.com\/pl\/wp-json\/wp\/v2\/product\/3001","targetHints":{"allow":["GET"]}}],"collection":[{"href":"https:\/\/pgvape.com\/pl\/wp-json\/wp\/v2\/product"}],"about":[{"href":"https:\/\/pgvape.com\/pl\/wp-json\/wp\/v2\/types\/product"}],"replies":[{"embeddable":true,"href":"https:\/\/pgvape.com\/pl\/wp-json\/wp\/v2\/comments?post=3001"}],"wp:featuredmedia":[{"embeddable":true,"href":"https:\/\/pgvape.com\/pl\/wp-json\/wp\/v2\/media\/3005"}],"wp:attachment":[{"href":"https:\/\/pgvape.com\/pl\/wp-json\/wp\/v2\/media?parent=3001"}],"wp:term":[{"taxonomy":"product_brand","embeddable":true,"href":"https:\/\/pgvape.com\/pl\/wp-json\/wp\/v2\/product_brand?post=3001"},{"taxonomy":"product_cat","embeddable":true,"href":"https:\/\/pgvape.com\/pl\/wp-json\/wp\/v2\/product_cat?post=3001"},{"taxonomy":"product_tag","embeddable":true,"href":"https:\/\/pgvape.com\/pl\/wp-json\/wp\/v2\/product_tag?post=3001"}],"curies":[{"name":"wp","href":"https:\/\/api.w.org\/{rel}","templated":true}]}}