{"id":2963,"date":"2025-10-11T11:48:34","date_gmt":"2025-10-11T11:48:34","guid":{"rendered":"https:\/\/pgvape.com\/?post_type=product&#038;p=2963"},"modified":"2026-01-27T10:41:38","modified_gmt":"2026-01-27T10:41:38","slug":"atv-30000-30k-zaciagniec-jednorazowy-vape-dtl-mtl-z-regulowanym-przeplywem-powietrza-vape-factory-direct","status":"publish","type":"product","link":"https:\/\/pgvape.com\/pl\/produkt\/atv-30000-30k-zaciagniec-jednorazowy-vape-dtl-mtl-z-regulowanym-przeplywem-powietrza-vape-factory-direct\/","title":{"rendered":"ATVS 30000 30K Puffs Jednorazowy Vape DTL\/MTL z regulowanym przep\u0142ywem powietrza Vape Factory Direct"},"content":{"rendered":"<div class=\"auto-hide-last-sibling-br paragraph-JOTKXA paragraph-element br-paragraph-space\"><strong data-sourcepos=\"2:5-2:49\">Jednorazowy waporyzator ATVS 30000 Puffs DTL\/MTL<\/strong> Dostarcza <strong data-sourcepos=\"2:59-2:84\">Niezr\u00f3wnana wszechstronno\u015b\u0107<\/strong> Z <strong data-sourcepos=\"2:90-2:117\">30 000 bardzo d\u0142ugich zaci\u0105gni\u0119\u0107<\/strong> I <strong data-sourcepos=\"2:122-2:141\">Wysoka moc wyj\u015bciowa 40 W<\/strong>. <strong data-sourcepos=\"2:153-2:175\">Regulowany przep\u0142yw powietrza<\/strong> Dla <strong data-sourcepos=\"2:180-2:198\">Style DTL\/MTL<\/strong>, <strong data-sourcepos=\"2:200-2:218\">Podw\u00f3jna cewka siatkowa<\/strong>, I <strong data-sourcepos=\"2:224-2:256\">Akumulator 1000 mAh<\/strong>, Produkuje <strong data-sourcepos=\"2:270-2:286\">G\u0142adka para<\/strong> I <strong data-sourcepos=\"2:291-2:306\">Bogaty smak<\/strong>. <strong data-sourcepos=\"2:312-2:332\">Inteligentny ekran LCD<\/strong> Utwory <strong data-sourcepos=\"2:340-2:351\">Bateria<\/strong>, <strong data-sourcepos=\"2:353-2:364\">Moc<\/strong>, I <strong data-sourcepos=\"2:370-2:389\">Poziomy e-p\u0142ynu<\/strong>, Chwila <strong data-sourcepos=\"2:397-2:421\">Szybkie \u0142adowanie typu C<\/strong> Zapewnia szybkie do\u0142adowania. <strong data-sourcepos=\"2:460-2:482\">14 smak\u00f3w premium<\/strong> Z <strong data-sourcepos=\"2:488-2:514\">Opcje nikotyny 2%\/5%<\/strong>.<\/div>\n<p>&nbsp;<\/p>\n<h2><span style=\"font-size: 90%;\">ATVS 30000 | 30K Puffs Jednorazowe specyfikacje<\/span><\/h2>\n<p><strong data-sourcepos=\"7:3-7:17\">Liczba puf\u00f3w<\/strong>:\u00a0<strong data-sourcepos=\"7:19-7:35\">30 000 zaci\u0105gni\u0119\u0107<\/strong><\/p>\n<p><strong data-sourcepos=\"8:3-8:15\">Nikotyna<\/strong>:\u00a0<strong data-sourcepos=\"8:17-8:36\">Opcje 2% \/ 5%<\/strong><\/p>\n<p><strong data-sourcepos=\"9:3-9:15\">E-ciecz<\/strong>:\u00a0<strong data-sourcepos=\"9:17-9:34\">Pojemno\u015b\u0107 30 ml<\/strong><\/p>\n<p><strong data-sourcepos=\"10:3-10:14\">Bateria<\/strong>:\u00a0<strong data-sourcepos=\"10:16-10:40\">Akumulator 1000 mAh<\/strong><\/p>\n<p><strong data-sourcepos=\"11:3-11:13\">Wyj\u015bcie<\/strong>:\u00a0<strong data-sourcepos=\"11:15-11:33\">Wysoka moc 40 W<\/strong><\/p>\n<p><strong data-sourcepos=\"12:3-12:17\">Op\u00f3r<\/strong>:\u00a0<strong data-sourcepos=\"12:19-12:55\">0,4 \u03a9 \/ 0,8 \u03a9 (regulowana DTL\/MTL)<\/strong><\/p>\n<p><strong data-sourcepos=\"13:3-13:11\">Cewka<\/strong>:\u00a0<strong data-sourcepos=\"13:13-13:31\">Podw\u00f3jna cewka siatkowa<\/strong><\/p>\n<p><strong data-sourcepos=\"14:3-14:15\">\u0141adowanie<\/strong>:\u00a0<strong data-sourcepos=\"14:17-14:41\">Szybkie \u0142adowanie typu C<\/strong><\/p>\n<p><strong data-sourcepos=\"15:3-15:14\">Wy\u015bwietlacz<\/strong>:\u00a0<strong data-sourcepos=\"15:16-15:57\">Ekran LCD (bateria\/moc\/e-liquid)<\/strong><\/p>\n<p><strong data-sourcepos=\"16:3-16:14\">Przep\u0142yw powietrza<\/strong>:\u00a0<strong data-sourcepos=\"16:16-16:46\">Regulowane (tryby DTL\/MTL)<\/strong><\/p>\n<p><strong data-sourcepos=\"17:3-17:14\">Pakiet<\/strong>:\u00a0<strong data-sourcepos=\"17:16-17:35\">Jednostka indywidualna<\/strong><\/p>\n<h3><span style=\"font-size: 90%;\"><br \/>\nATVS 30000 | 30 tys. puszek Jednorazowa lista smak\u00f3w Vape<\/span><\/h3>\n<p>1. L\u00f3d ananasowy<\/p>\n<p>2.L\u00f3d z mango<\/p>\n<p>3. L\u00f3d bananowy<\/p>\n<p>4. Mieszane owoce<\/p>\n<p>5.L\u00f3d jagodowy<\/p>\n<p>6. L\u00f3d z gujawy<\/p>\n<p>7.Jakult<\/p>\n<p>8. L\u00f3d arbuzowy<\/p>\n<p>9. L\u00f3d liczi<\/p>\n<p>10. L\u00f3d mi\u0119towy<\/p>\n<p>11. L\u00f3d z Col\u0105<\/p>\n<p>12. L\u00f3d winogronowy<\/p>\n<p>13.L\u00f3d truskawkowy<\/p>\n<p>14. Arbuz truskawkowy<img loading=\"lazy\" decoding=\"async\" class=\"alignnone wp-image-2985 size-full\" src=\"https:\/\/pgvape.com\/wp-content\/uploads\/2025\/10\/pgvape-ATVS-30000-30K-Puffs-DTLMTL-Disposable-Vape-Adjustable-Airflow-Vape-Factory-Direct-19.png\" alt=\"Siatka kolorowych kart produkt\u00f3w pod nag\u0142\u00f3wkiem R\u00f3\u017cne smaki do wyboru, przedstawiaj\u0105ca dwa rz\u0119dy oznaczonych pude\u0142ek ze smakami \u2013 l\u00f3d ananasowy, l\u00f3d mango, l\u00f3d bananowy, owoce mieszane, l\u00f3d jagodowy, l\u00f3d z gujawy, jakult, l\u00f3d arbuzowy, l\u00f3d liczi, l\u00f3d mi\u0119towy, l\u00f3d cola, l\u00f3d winogronowy, l\u00f3d truskawkowy i arbuz truskawkowy \u2013 ka\u017cda karta zawiera ma\u0142y prostok\u0105tny obraz urz\u0105dzenia i pasuj\u0105ce ilustracje owoc\u00f3w.\" width=\"2000\" height=\"885\" srcset=\"https:\/\/pgvape.com\/wp-content\/uploads\/2025\/10\/pgvape-ATVS-30000-30K-Puffs-DTLMTL-Disposable-Vape-Adjustable-Airflow-Vape-Factory-Direct-19.png 2000w, https:\/\/pgvape.com\/wp-content\/uploads\/2025\/10\/pgvape-ATVS-30000-30K-Puffs-DTLMTL-Disposable-Vape-Adjustable-Airflow-Vape-Factory-Direct-19-555x246.png 555w, https:\/\/pgvape.com\/wp-content\/uploads\/2025\/10\/pgvape-ATVS-30000-30K-Puffs-DTLMTL-Disposable-Vape-Adjustable-Airflow-Vape-Factory-Direct-19-595x263.png 595w, https:\/\/pgvape.com\/wp-content\/uploads\/2025\/10\/pgvape-ATVS-30000-30K-Puffs-DTLMTL-Disposable-Vape-Adjustable-Airflow-Vape-Factory-Direct-19-400x177.png 400w, https:\/\/pgvape.com\/wp-content\/uploads\/2025\/10\/pgvape-ATVS-30000-30K-Puffs-DTLMTL-Disposable-Vape-Adjustable-Airflow-Vape-Factory-Direct-19-768x340.png 768w, https:\/\/pgvape.com\/wp-content\/uploads\/2025\/10\/pgvape-ATVS-30000-30K-Puffs-DTLMTL-Disposable-Vape-Adjustable-Airflow-Vape-Factory-Direct-19-1536x680.png 1536w, https:\/\/pgvape.com\/wp-content\/uploads\/2025\/10\/pgvape-ATVS-30000-30K-Puffs-DTLMTL-Disposable-Vape-Adjustable-Airflow-Vape-Factory-Direct-19-18x8.png 18w, https:\/\/pgvape.com\/wp-content\/uploads\/2025\/10\/pgvape-ATVS-30000-30K-Puffs-DTLMTL-Disposable-Vape-Adjustable-Airflow-Vape-Factory-Direct-19-600x266.png 600w, https:\/\/pgvape.com\/wp-content\/uploads\/2025\/10\/pgvape-ATVS-30000-30K-Puffs-DTLMTL-Disposable-Vape-Adjustable-Airflow-Vape-Factory-Direct-19-60x27.png 60w\" sizes=\"auto, (max-width: 2000px) 100vw, 2000px\" \/><\/p>\n<h3><span style=\"font-size: 20.16px;\">ATVS 30000 30K Puffs DTL\/MTL Jednorazowe wideo Vape<\/span><strong style=\"font-size: 20.16px;\">:<\/strong><\/h3>\n<p><iframe loading=\"lazy\" title=\"ATVS 30K Puffs Jednorazowy Vape DTL\/MTL Regulowany przep\u0142yw powietrza Inteligentny ekran Vape Factory Direct pgvape\" width=\"1020\" height=\"574\" src=\"https:\/\/www.youtube.com\/embed\/y_aTjoXEX3E?feature=oembed\" frameborder=\"0\" allow=\"accelerometer; autoplay; clipboard-write; encrypted-media; gyroscope; picture-in-picture; web-share\" referrerpolicy=\"strict-origin-when-cross-origin\" allowfullscreen><\/iframe><\/p>\n<p>&nbsp;<\/p>\n<h2 class=\"header-vfC6AV auto-hide-last-sibling-br\">Cz\u0119sto zadawane pytania dotycz\u0105ce ATVS 30000 | 30K Puffs Jednorazowy Vape<\/h2>\n<p data-sourcepos=\"40:1-41:116\">\u2753 <strong data-sourcepos=\"40:3-40:48\">Co sprawia, \u017ce \u200b\u200bprojekt DTL\/MTL jest wyj\u0105tkowy?<\/strong><br \/>\n\u2705 <strong data-sourcepos=\"41:3-41:25\">Regulowany przep\u0142yw powietrza<\/strong> I <strong data-sourcepos=\"41:30-41:61\">Podw\u00f3jny op\u00f3r (0,4 \u03a9\/0,8 \u03a9)<\/strong> Wsparcie <strong data-sourcepos=\"41:70-41:106\">Zar\u00f3wno bezpo\u015brednie p\u0142uca, jak i usta-p\u0142uca<\/strong> Style.<\/p>\n<p data-sourcepos=\"43:1-44:107\">\u2753 <strong data-sourcepos=\"43:3-43:50\">W jaki spos\u00f3b moc wyj\u015bciowa 40 W poprawia waporyzacj\u0119?<\/strong><br \/>\n\u2705 <strong data-sourcepos=\"44:3-44:19\">Wy\u017csza Moc<\/strong> Dostarcza <strong data-sourcepos=\"44:29-44:46\">G\u0119stsze chmury<\/strong> I <strong data-sourcepos=\"44:51-44:75\">Mocniejsze uderzenia w gard\u0142o<\/strong> Dla <strong data-sourcepos=\"44:80-44:104\">Intensywna satysfakcja<\/strong>.<\/p>\n<p data-sourcepos=\"46:1-47:97\">\u2753 <strong data-sourcepos=\"46:3-46:47\">Czy bateria 1000 mAh jest trwa\u0142a?<\/strong><br \/>\n\u2705 <strong data-sourcepos=\"47:3-47:11\">Tak!<\/strong> Zapewnia <strong data-sourcepos=\"47:21-47:33\">2-3 dni<\/strong> Do u\u017cytku z <strong data-sourcepos=\"47:46-47:70\">Szybkie \u0142adowanie typu C<\/strong> Do szybkiego uzupe\u0142nienia.<\/p>\n<p data-sourcepos=\"49:1-50:73\">\u2753 <strong data-sourcepos=\"49:3-49:50\">Czy mog\u0119 monitorowa\u0107 moc i e-liquid?<\/strong><br \/>\n\u2705 <strong data-sourcepos=\"50:3-50:17\">Ekran LCD<\/strong> Wy\u015bwietla <strong data-sourcepos=\"50:27-50:46\">Statystyki w czasie rzeczywistym<\/strong> Dla <strong data-sourcepos=\"50:51-50:70\">Precyzyjna kontrola<\/strong>.<\/p>\n<p data-sourcepos=\"52:1-53:81\">\u2753 <strong data-sourcepos=\"52:3-52:38\">Dlaczego warto wybra\u0107 cewki z podw\u00f3jn\u0105 siatk\u0105?<\/strong><br \/>\n\u2705 <strong data-sourcepos=\"53:3-53:30\">Zwi\u0119kszona klarowno\u015b\u0107 smaku<\/strong> I <strong data-sourcepos=\"53:35-53:53\">G\u0142adsza para<\/strong> W por\u00f3wnaniu do pojedynczych cewek.<\/p>\n<p data-sourcepos=\"55:1-56:85\">\u2753 <strong data-sourcepos=\"55:3-55:43\">Czy 14 smak\u00f3w jest lodowych czy s\u0142odkich?<\/strong><br \/>\n\u2705 <strong data-sourcepos=\"56:3-56:12\">Obydwa!<\/strong> Zawiera <strong data-sourcepos=\"56:22-56:32\">Owocowy<\/strong>, <strong data-sourcepos=\"56:34-56:45\">Mentol<\/strong>, I <strong data-sourcepos=\"56:51-56:82\">Unikalne mieszanki (jak Yakult)<\/strong>.<\/p>\n<p>&nbsp;<\/p>\n<h3 id=\"brxe-najhln\" class=\"brxe-heading\">Cz\u0119sto zadawane pytania (FAQ)<\/h3>\n<div id=\"brxe-rajiac\" class=\"brxe-text\">\n<p><strong>P: Jakie metody p\u0142atno\u015bci akceptujecie?<\/strong><br \/>\nOdp.: Akceptujemy PayPal, Stripe, przelewy bankowe (obs\u0142ugiwane SEPA), g\u0142\u00f3wne karty kredytowe (Visa, MasterCard, American Express) i p\u0142atno\u015bci w kryptowalutach.<\/p>\n<p><strong>P: Jak d\u0142ugo trwa przygotowanie zam\u00f3wienia?<\/strong><br \/>\nOdp.: Przygotowanie zam\u00f3wienia zajmuje 1-3 dni robocze.<\/p>\n<p><strong>P: Jaki jest czas wysy\u0142ki?<\/strong><br \/>\nOdp.: Czas wysy\u0142ki wynosi 7-14 dni roboczych, w zale\u017cno\u015bci od Twojej lokalizacji.<\/p>\n<p><strong>P: Jak mog\u0119 \u015bledzi\u0107 moje zam\u00f3wienie?<\/strong><br \/>\nOdp.: Po wysy\u0142ce otrzymasz wiadomo\u015b\u0107 e-mail z potwierdzeniem i numerem przesy\u0142ki umo\u017cliwiaj\u0105cym \u015bledzenie w czasie rzeczywistym.<\/p>\n<p><strong>P: Jaka jest Twoja polityka zwrot\u00f3w?<\/strong><br \/>\nOdp.: Oferujemy 30-dniow\u0105 polityk\u0119 zwrot\u00f3w lub wymiany. .<\/p>\n<p><strong>P: Czy wyst\u0105pi\u0105 jakie\u015b problemy celne?<br \/>\n<\/strong>Obs\u0142ugujemy wszystkie procedury odprawy celnej, aby zapewni\u0107 Ci bezproblemow\u0105 obs\u0142ug\u0119. .<\/p>\n<p><strong>P: Jakie metody wysy\u0142ki s\u0105 stosowane?<\/strong><br \/>\nWsp\u00f3\u0142pracujemy z firmami UPS\/DHL\/FEDEX\/DPD itp. W zale\u017cno\u015bci od kraju dostawy wybierzemy odpowiedni\u0105 opcj\u0119 wysy\u0142ki, tak aby produkty dotar\u0142y do \u200b\u200bPa\u0144stwa najszybciej jak to mo\u017cliwe.<\/p>\n<p><a href=\"https:\/\/pgvape.com\/pl\/czesto-zadawane-pytania\/\">Kliknij tutaj, aby uzyska\u0107 wi\u0119cej cz\u0119sto zadawanych pyta\u0144<\/a><\/p>\n<p>Szanowni klienci, je\u015bli masz jakiekolwiek pytania dotycz\u0105ce zam\u00f3wienia lub przybycia towaru, skontaktuj si\u0119 z naszym dzia\u0142em obs\u0142ugi klienta. Dzi\u0119kuj\u0119!<\/p>\n<h3 data-sourcepos=\"73:1-73:21\"><strong data-sourcepos=\"73:7-73:21\">Skontaktuj si\u0119 z nami<\/strong><\/h3>\n<div id=\"text-2419739398\" class=\"text\">\n<p><strong data-sourcepos=\"75:3-75:12\">E-mail<\/strong>:\u00a0<a href=\"mailto:support@pgvape.com\"><strong>support@pgvape.com<\/strong><\/a><\/p>\n<p><strong data-sourcepos=\"76:3-76:15\">WhatsApp<\/strong>: <a href=\"https:\/\/wa.me\/+8618128481258\"><strong>+86 18128481258<\/strong><\/a><br \/>\n<strong>(Odpowied\u017a w ci\u0105gu 24 godzin w dni robocze)<\/strong><\/p>\n<\/div>\n<h3><strong>Dzi\u0119kujemy za wybranie pgvape.com! .<\/strong><\/h3>\n<\/div>","protected":false},"excerpt":{"rendered":"<p><strong data-sourcepos=\"61:1-61:221\">\u201cATVS 30000: Najlepszy jednorazowy waporyzator DTL\/MTL z 30 tys. zaci\u0105gni\u0119\u0107, moc\u0105 wyj\u015bciow\u0105 40 \u200b\u200bW i 14 smakami \u2013 z regulowanym przep\u0142ywem powietrza, inteligentnym wy\u015bwietlaczem LCD i bateri\u0105 1000 mAh do spersonalizowanego \u015bcigania w chmurze.\u201d<\/strong><\/p>","protected":false},"featured_media":2967,"comment_status":"open","ping_status":"closed","template":"","meta":{"_seopress_robots_primary_cat":"none","_seopress_titles_title":"%%post_title%% %%sep%% %%sitetitle%%","_seopress_titles_desc":"","_seopress_robots_index":""},"product_brand":[261,516],"product_cat":[35,260,515],"product_tag":[38,134,268,265,90,263,267,266],"class_list":{"0":"post-2963","1":"product","2":"type-product","3":"status-publish","4":"has-post-thumbnail","6":"product_brand-atvs-vape","7":"product_brand-disposable-vape","8":"product_cat-30k-puffs-vape","9":"product_cat-atvs-vape","10":"product_cat-disposable-vape","11":"product_tag-30k-puffs","12":"product_tag-30k-vape","13":"product_tag-atvs-30000","14":"product_tag-atvs-vape","15":"product_tag-disposable-vape","16":"product_tag-dtl-mtl","17":"product_tag-smart-lcd-screen","18":"product_tag-with-adjustable-airflow","20":"first","21":"instock","22":"sale","23":"shipping-taxable","24":"purchasable","25":"product-type-variable"},"_links":{"self":[{"href":"https:\/\/pgvape.com\/pl\/wp-json\/wp\/v2\/product\/2963","targetHints":{"allow":["GET"]}}],"collection":[{"href":"https:\/\/pgvape.com\/pl\/wp-json\/wp\/v2\/product"}],"about":[{"href":"https:\/\/pgvape.com\/pl\/wp-json\/wp\/v2\/types\/product"}],"replies":[{"embeddable":true,"href":"https:\/\/pgvape.com\/pl\/wp-json\/wp\/v2\/comments?post=2963"}],"wp:featuredmedia":[{"embeddable":true,"href":"https:\/\/pgvape.com\/pl\/wp-json\/wp\/v2\/media\/2967"}],"wp:attachment":[{"href":"https:\/\/pgvape.com\/pl\/wp-json\/wp\/v2\/media?parent=2963"}],"wp:term":[{"taxonomy":"product_brand","embeddable":true,"href":"https:\/\/pgvape.com\/pl\/wp-json\/wp\/v2\/product_brand?post=2963"},{"taxonomy":"product_cat","embeddable":true,"href":"https:\/\/pgvape.com\/pl\/wp-json\/wp\/v2\/product_cat?post=2963"},{"taxonomy":"product_tag","embeddable":true,"href":"https:\/\/pgvape.com\/pl\/wp-json\/wp\/v2\/product_tag?post=2963"}],"curies":[{"name":"wp","href":"https:\/\/api.w.org\/{rel}","templated":true}]}}