{"id":2929,"date":"2025-10-11T10:51:14","date_gmt":"2025-10-11T10:51:14","guid":{"rendered":"https:\/\/pgvape.com\/?post_type=product&#038;p=2929"},"modified":"2026-01-27T10:43:57","modified_gmt":"2026-01-27T10:43:57","slug":"atv-25000-25k-zaciagniec-jednorazowe-vape-dtl-mtl-inteligentny-pelnoekranowy-vape-factory-direct","status":"publish","type":"product","link":"https:\/\/pgvape.com\/pl\/produkt\/atv-25000-25k-zaciagniec-jednorazowe-vape-dtl-mtl-inteligentny-pelnoekranowy-vape-factory-direct\/","title":{"rendered":"ATVS 25000 25K Puffs Jednorazowy Vape DTL\/MTL Inteligentny pe\u0142noekranowy Vape Factory Direct"},"content":{"rendered":"<div class=\"auto-hide-last-sibling-br paragraph-JOTKXA paragraph-element br-paragraph-space\">\n<p class=\"auto-hide-last-sibling-br paragraph-JOTKXA paragraph-element br-paragraph-space\"><strong data-sourcepos=\"4:5-4:41\">Jednorazowy waporyzator ATVS 25000 Puffs<\/strong> Oferty <strong data-sourcepos=\"4:49-4:74\">Wszechstronno\u015b\u0107 w dw\u00f3ch trybach<\/strong> Z <strong data-sourcepos=\"4:80-4:96\">MTL (10-15W)<\/strong> I <strong data-sourcepos=\"4:101-4:125\">Opcje DTL (20-30 W).<\/strong>, Dostarczanie <strong data-sourcepos=\"4:138-4:171\">Spersonalizowane do\u015bwiadczenia waporyzacyjne<\/strong>. <strong data-sourcepos=\"4:185-4:211\">Pojemno\u015b\u0107 28 ml e-p\u0142ynu<\/strong> I <strong data-sourcepos=\"4:216-4:234\">Podw\u00f3jna cewka siatkowa<\/strong>, Produkuje <strong data-sourcepos=\"4:248-4:263\">Bogaty smak<\/strong> I <strong data-sourcepos=\"4:268-4:290\">G\u0119ste chmury pary<\/strong>. <strong data-sourcepos=\"4:296-4:328\">Akumulator 1000 mAh<\/strong> Z <strong data-sourcepos=\"4:334-4:358\">Szybkie \u0142adowanie typu C<\/strong> Zapewnia <strong data-sourcepos=\"4:367-4:383\">Rozszerzone u\u017cytkowanie<\/strong>, Podczas gdy <strong data-sourcepos=\"4:395-4:424\">Inteligentny wy\u015bwietlacz pe\u0142noekranowy<\/strong> Zapewnia <strong data-sourcepos=\"4:434-4:458\">Monitorowanie w czasie rzeczywistym<\/strong> Z <strong data-sourcepos=\"4:462-4:482\">Temperatura cewki<\/strong>, <strong data-sourcepos=\"4:484-4:503\">Poziomy e-p\u0142ynu<\/strong>, <strong data-sourcepos=\"4:505-4:523\">Stan baterii<\/strong>, I <strong data-sourcepos=\"4:529-4:540\">Moc<\/strong>. <strong data-sourcepos=\"4:555-4:580\">15 orze\u017awiaj\u0105cych smak\u00f3w<\/strong> Z <strong data-sourcepos=\"4:586-4:612\">Opcje nikotyny 2%\/5%<\/strong>, Pakowane <strong data-sourcepos=\"4:623-4:636\">10 sztuk\/pud\u0142o<\/strong> Do sprzeda\u017cy detalicznej\/hurtowej<\/p>\n<\/div>\n<h2><span style=\"font-size: 90%;\"><br \/>\nATVS 25000 | 25K Puffs Jednorazowe specyfikacje<\/span><\/h2>\n<p><strong data-sourcepos=\"9:3-9:17\">Liczba puf\u00f3w<\/strong>:\u00a0<strong data-sourcepos=\"9:19-9:35\">25 000 zaci\u0105gni\u0119\u0107<\/strong><\/p>\n<p><strong data-sourcepos=\"10:3-10:15\">Nikotyna<\/strong>:\u00a0<strong data-sourcepos=\"10:17-10:36\">Opcje 2% \/ 5%<\/strong><\/p>\n<p><strong data-sourcepos=\"11:3-11:15\">E-ciecz<\/strong>:\u00a0<strong data-sourcepos=\"11:17-11:34\">Pojemno\u015b\u0107 28 ml<\/strong><\/p>\n<p><strong data-sourcepos=\"12:3-12:11\">Cewka<\/strong>:\u00a0<strong data-sourcepos=\"12:13-12:31\">Podw\u00f3jna cewka siatkowa<\/strong><\/p>\n<p><strong data-sourcepos=\"13:3-13:14\">Bateria<\/strong>:\u00a0<strong data-sourcepos=\"13:16-13:40\">Akumulator 1000 mAh<\/strong><\/p>\n<p><strong data-sourcepos=\"14:3-14:15\">\u0141adowanie<\/strong>:\u00a0<strong data-sourcepos=\"14:17-14:41\">Szybkie \u0142adowanie typu C<\/strong><\/p>\n<p><strong data-sourcepos=\"15:3-15:14\">Wy\u015bwietlacz<\/strong>:\u00a0<strong data-sourcepos=\"15:16-15:70\">Pe\u0142ny ekran (temperatura\/E-ciecz\/bateria\/moc)<\/strong><\/p>\n<p><strong data-sourcepos=\"16:3-16:12\">Tryby<\/strong>:\u00a0<strong data-sourcepos=\"16:14-16:41\">MTL (0,8 \u03a9) \/ DTL (0,4 \u03a9)<\/strong><\/p>\n<p><strong data-sourcepos=\"17:3-17:14\">Pakiet<\/strong>:\u00a0<strong data-sourcepos=\"17:16-17:34\">10 urz\u0105dze\u0144\/pude\u0142ko<\/strong><\/p>\n<p>&nbsp;<\/p>\n<h3><span style=\"font-size: 90%;\">ATVS 25000 | 25 tys. puszek Jednorazowa lista smak\u00f3w Vape<\/span><\/h3>\n<p>1.L\u00f3d jagodowy<\/p>\n<p>2. L\u00f3d ananasowy<\/p>\n<p>3.Bananowo-pomara\u0144czowy l\u00f3d<\/p>\n<p>4. L\u00f3d arbuzowy<\/p>\n<p>5. Arbuz truskawkowy<\/p>\n<p>6. L\u00f3d winogronowy<\/p>\n<p>7. Mieszane owoce<\/p>\n<p>8. L\u00f3d z mango<\/p>\n<p>9. Soda pomara\u0144czowa<\/p>\n<p>10. R\u00f3\u017ca liczi<\/p>\n<p>11.Brzoskwiniowy l\u00f3d<\/p>\n<p>12.Podw\u00f3jne jab\u0142ka<\/p>\n<p>13.L\u00f3d truskawkowy<\/p>\n<p>14. L\u00f3d z gujawy<\/p>\n<p>15. Fajna mi\u0119ta<img loading=\"lazy\" decoding=\"async\" class=\"alignnone wp-image-2941 size-full\" src=\"https:\/\/pgvape.com\/wp-content\/uploads\/2025\/10\/pgvape-25000-25K-Puffs-DTLMTL-Disposable-VapeAdjustable-Airflow-Vape-Factory-Direct-9.png\" alt=\"\" width=\"2000\" height=\"885\" srcset=\"https:\/\/pgvape.com\/wp-content\/uploads\/2025\/10\/pgvape-25000-25K-Puffs-DTLMTL-Disposable-VapeAdjustable-Airflow-Vape-Factory-Direct-9.png 2000w, https:\/\/pgvape.com\/wp-content\/uploads\/2025\/10\/pgvape-25000-25K-Puffs-DTLMTL-Disposable-VapeAdjustable-Airflow-Vape-Factory-Direct-9-555x246.png 555w, https:\/\/pgvape.com\/wp-content\/uploads\/2025\/10\/pgvape-25000-25K-Puffs-DTLMTL-Disposable-VapeAdjustable-Airflow-Vape-Factory-Direct-9-595x263.png 595w, https:\/\/pgvape.com\/wp-content\/uploads\/2025\/10\/pgvape-25000-25K-Puffs-DTLMTL-Disposable-VapeAdjustable-Airflow-Vape-Factory-Direct-9-400x177.png 400w, https:\/\/pgvape.com\/wp-content\/uploads\/2025\/10\/pgvape-25000-25K-Puffs-DTLMTL-Disposable-VapeAdjustable-Airflow-Vape-Factory-Direct-9-768x340.png 768w, https:\/\/pgvape.com\/wp-content\/uploads\/2025\/10\/pgvape-25000-25K-Puffs-DTLMTL-Disposable-VapeAdjustable-Airflow-Vape-Factory-Direct-9-1536x680.png 1536w, https:\/\/pgvape.com\/wp-content\/uploads\/2025\/10\/pgvape-25000-25K-Puffs-DTLMTL-Disposable-VapeAdjustable-Airflow-Vape-Factory-Direct-9-18x8.png 18w, https:\/\/pgvape.com\/wp-content\/uploads\/2025\/10\/pgvape-25000-25K-Puffs-DTLMTL-Disposable-VapeAdjustable-Airflow-Vape-Factory-Direct-9-600x266.png 600w, https:\/\/pgvape.com\/wp-content\/uploads\/2025\/10\/pgvape-25000-25K-Puffs-DTLMTL-Disposable-VapeAdjustable-Airflow-Vape-Factory-Direct-9-60x27.png 60w\" sizes=\"auto, (max-width: 2000px) 100vw, 2000px\" \/><\/p>\n<h3><span style=\"font-size: 90%;\"><strong>ATVS 25000 25K Puffs DTL\/MTL Jednorazowe wideo Vape:<\/strong><\/span><\/h3>\n<p>&nbsp;<\/p>\n<h2 class=\"header-vfC6AV auto-hide-last-sibling-br\">Cz\u0119sto zadawane pytania dotycz\u0105ce ATVS 25000 | 25K Puffs Jednorazowy Vape<\/h2>\n<p data-sourcepos=\"41:1-42:104\">\u2753 <strong data-sourcepos=\"41:3-41:53\">Co sprawia, \u017ce \u200b\u200bfunkcja Dual-Mode jest wyj\u0105tkowa?<\/strong><br \/>\n\u2705 <strong data-sourcepos=\"42:3-42:102\">Prze\u0142\u0105czaj si\u0119 mi\u0119dzy MTL (mocniejsze losowanie) a DTL (przestronne \u015bciganie chmur) w celu spersonalizowanego wapowania.<\/strong><\/p>\n<p data-sourcepos=\"44:1-45:93\">\u2753 <strong data-sourcepos=\"44:3-44:57\">W jaki spos\u00f3b inteligentny wy\u015bwietlacz poprawia wra\u017cenia?<\/strong><br \/>\n\u2705 <strong data-sourcepos=\"45:3-45:27\">Monitorowanie w czasie rzeczywistym<\/strong> Z <strong data-sourcepos=\"45:31-45:48\">4 kluczowe wska\u017aniki<\/strong> Zapewnia <strong data-sourcepos=\"45:57-45:88\">Optymalna kontrola wydajno\u015bci<\/strong>.**<\/p>\n<p data-sourcepos=\"47:1-48:85\">\u2753 <strong data-sourcepos=\"47:3-47:45\">Czy bateria 1000 mAh wystarczy?<\/strong><br \/>\n\u2705 <strong data-sourcepos=\"48:3-48:11\">Tak!<\/strong> Trwa <strong data-sourcepos=\"48:18-48:30\">2-3 dni<\/strong> Z <strong data-sourcepos=\"48:36-48:60\">Szybkie \u0142adowanie typu C<\/strong> Do szybkiego do\u0142adowania.**<\/p>\n<p data-sourcepos=\"50:1-51:87\">\u2753 <strong data-sourcepos=\"50:3-50:38\">Dlaczego warto wybra\u0107 cewki z podw\u00f3jn\u0105 siatk\u0105?<\/strong><br \/>\n\u2705 <strong data-sourcepos=\"51:3-51:30\">Zwi\u0119kszona klarowno\u015b\u0107 smaku<\/strong> I <strong data-sourcepos=\"51:35-51:64\">30% Wi\u0119ksza produkcja pary<\/strong> Ni\u017c pojedyncze cewki.**<\/p>\n<p data-sourcepos=\"53:1-54:92\">\u2753 <strong data-sourcepos=\"53:3-53:43\">Czy 15 smak\u00f3w jest lodowych czy s\u0142odkich?<\/strong><br \/>\n\u2705 <strong data-sourcepos=\"54:3-54:12\">Obydwa!<\/strong> Zawiera <strong data-sourcepos=\"54:22-54:32\">Owocowy<\/strong>, <strong data-sourcepos=\"54:34-54:45\">Mentol<\/strong>, I <strong data-sourcepos=\"54:51-54:87\">Unikalne mieszanki (np. r\u00f3\u017cowe liczi)<\/strong>.**<\/p>\n<p>&nbsp;<\/p>\n<h3 id=\"brxe-najhln\" class=\"brxe-heading\">Cz\u0119sto zadawane pytania (FAQ)<\/h3>\n<div id=\"brxe-rajiac\" class=\"brxe-text\">\n<p><strong>P: Jakie metody p\u0142atno\u015bci akceptujecie?<\/strong><br \/>\nOdp.: Akceptujemy PayPal, Stripe, przelewy bankowe (obs\u0142ugiwane SEPA), g\u0142\u00f3wne karty kredytowe (Visa, MasterCard, American Express) i p\u0142atno\u015bci w kryptowalutach.<\/p>\n<p><strong>P: Jak d\u0142ugo trwa przygotowanie zam\u00f3wienia?<\/strong><br \/>\nOdp.: Przygotowanie zam\u00f3wienia zajmuje 1-3 dni robocze.<\/p>\n<p><strong>P: Jaki jest czas wysy\u0142ki?<\/strong><br \/>\nOdp.: Czas wysy\u0142ki wynosi 7-14 dni roboczych, w zale\u017cno\u015bci od Twojej lokalizacji.<\/p>\n<p><strong>P: Jak mog\u0119 \u015bledzi\u0107 moje zam\u00f3wienie?<\/strong><br \/>\nOdp.: Po wysy\u0142ce otrzymasz wiadomo\u015b\u0107 e-mail z potwierdzeniem i numerem przesy\u0142ki umo\u017cliwiaj\u0105cym \u015bledzenie w czasie rzeczywistym.<\/p>\n<p><strong>P: Jaka jest Twoja polityka zwrot\u00f3w?<\/strong><br \/>\nOdp.: Oferujemy 30-dniow\u0105 polityk\u0119 zwrot\u00f3w lub wymiany. .<\/p>\n<p><strong>P: Czy wyst\u0105pi\u0105 jakie\u015b problemy celne?<br \/>\n<\/strong>Obs\u0142ugujemy wszystkie procedury odprawy celnej, aby zapewni\u0107 Ci bezproblemow\u0105 obs\u0142ug\u0119. .<\/p>\n<p><strong>P: Jakie metody wysy\u0142ki s\u0105 stosowane?<\/strong><br \/>\nWsp\u00f3\u0142pracujemy z firmami UPS\/DHL\/FEDEX\/DPD itp. W zale\u017cno\u015bci od kraju dostawy wybierzemy odpowiedni\u0105 opcj\u0119 wysy\u0142ki, tak aby produkty dotar\u0142y do \u200b\u200bPa\u0144stwa najszybciej jak to mo\u017cliwe.<\/p>\n<p><a href=\"https:\/\/pgvape.com\/pl\/czesto-zadawane-pytania\/\">Kliknij tutaj, aby uzyska\u0107 wi\u0119cej cz\u0119sto zadawanych pyta\u0144<\/a><\/p>\n<p>Szanowni klienci, je\u015bli masz jakiekolwiek pytania dotycz\u0105ce zam\u00f3wienia lub przybycia towaru, skontaktuj si\u0119 z naszym dzia\u0142em obs\u0142ugi klienta. Dzi\u0119kuj\u0119!<\/p>\n<h3 data-sourcepos=\"73:1-73:21\"><strong data-sourcepos=\"73:7-73:21\">Skontaktuj si\u0119 z nami<\/strong><\/h3>\n<div id=\"text-2419739398\" class=\"text\">\n<p><strong data-sourcepos=\"75:3-75:12\">E-mail<\/strong>:\u00a0<a href=\"mailto:support@pgvape.com\"><strong>support@pgvape.com<\/strong><\/a><\/p>\n<p><strong data-sourcepos=\"76:3-76:15\">WhatsApp<\/strong>: <a href=\"https:\/\/wa.me\/+8618128481258\"><strong>+86 18128481258<\/strong><\/a><br \/>\n<strong>(Odpowied\u017a w ci\u0105gu 24 godzin w dni robocze)<\/strong><\/p>\n<\/div>\n<h3><strong>Dzi\u0119kujemy za wybranie pgvape.com! .<\/strong><\/h3>\n<\/div>\n<div class=\"auto-hide-last-sibling-br paragraph-JOTKXA paragraph-element br-paragraph-space\"><\/div>","protected":false},"excerpt":{"rendered":"<p><strong data-sourcepos=\"59:1-59:224\">\u201cATVS 25000: Najlepszy jednorazowy waporyzator dzia\u0142aj\u0105cy w dw\u00f3ch trybach, z 25 tys. zaci\u0105gni\u0119\u0107, pojemno\u015bci\u0105 28 ml i 15 smakami \u2013 wyposa\u017cony w inteligentny ekran pe\u0142noekranowy, bateri\u0119 1000 mAh i opcje MTL\/DTL do spersonalizowanego wapowania.\u201d<\/strong><\/p>","protected":false},"featured_media":2934,"comment_status":"open","ping_status":"closed","template":"","meta":{"_seopress_robots_primary_cat":"none","_seopress_titles_title":"%%post_title%% %%sep%% %%sitetitle%%","_seopress_titles_desc":"","_seopress_robots_index":""},"product_brand":[261,516],"product_cat":[94,260,515],"product_tag":[183,96,101,262,263,264],"class_list":{"0":"post-2929","1":"product","2":"type-product","3":"status-publish","4":"has-post-thumbnail","6":"product_brand-atvs-vape","7":"product_brand-disposable-vape","8":"product_cat-25k-puffs-vape","9":"product_cat-atvs-vape","10":"product_cat-disposable-vape","11":"product_tag-15tastes","12":"product_tag-25k-puffs","13":"product_tag-25k-vape","14":"product_tag-atvs-25000","15":"product_tag-dtl-mtl","16":"product_tag-smart-full-screen","18":"first","19":"instock","20":"sale","21":"shipping-taxable","22":"purchasable","23":"product-type-variable"},"_links":{"self":[{"href":"https:\/\/pgvape.com\/pl\/wp-json\/wp\/v2\/product\/2929","targetHints":{"allow":["GET"]}}],"collection":[{"href":"https:\/\/pgvape.com\/pl\/wp-json\/wp\/v2\/product"}],"about":[{"href":"https:\/\/pgvape.com\/pl\/wp-json\/wp\/v2\/types\/product"}],"replies":[{"embeddable":true,"href":"https:\/\/pgvape.com\/pl\/wp-json\/wp\/v2\/comments?post=2929"}],"wp:featuredmedia":[{"embeddable":true,"href":"https:\/\/pgvape.com\/pl\/wp-json\/wp\/v2\/media\/2934"}],"wp:attachment":[{"href":"https:\/\/pgvape.com\/pl\/wp-json\/wp\/v2\/media?parent=2929"}],"wp:term":[{"taxonomy":"product_brand","embeddable":true,"href":"https:\/\/pgvape.com\/pl\/wp-json\/wp\/v2\/product_brand?post=2929"},{"taxonomy":"product_cat","embeddable":true,"href":"https:\/\/pgvape.com\/pl\/wp-json\/wp\/v2\/product_cat?post=2929"},{"taxonomy":"product_tag","embeddable":true,"href":"https:\/\/pgvape.com\/pl\/wp-json\/wp\/v2\/product_tag?post=2929"}],"curies":[{"name":"wp","href":"https:\/\/api.w.org\/{rel}","templated":true}]}}