{"id":2897,"date":"2025-10-11T08:10:43","date_gmt":"2025-10-11T08:10:43","guid":{"rendered":"https:\/\/pgvape.com\/?post_type=product&#038;p=2897"},"modified":"2026-03-18T03:12:29","modified_gmt":"2026-03-18T03:12:29","slug":"elf-box-ls-15000-15k-zaciagniec-jednorazowy-vape-akumulatorowy-vape-factory-direct","status":"publish","type":"product","link":"https:\/\/pgvape.com\/pl\/produkt\/elf-box-ls-15000-15k-zaciagniec-jednorazowy-vape-akumulatorowy-vape-factory-direct\/","title":{"rendered":"ELF BOX LS 15000 15k Puffs Jednorazowy Vape Akumulator Vape Factory Direct"},"content":{"rendered":"<p><strong data-sourcepos=\"4:5-4:40\">ELF BOX LS15000 Jednorazowy waporyzator<\/strong> Na nowo definiuje d\u0142ugotrwa\u0142e wapowanie <strong data-sourcepos=\"4:76-4:106\">15 000 zaci\u0105gni\u0119\u0107 Ultra-Premium<\/strong> I <strong data-sourcepos=\"4:111-4:137\">Pojemno\u015b\u0107 26 ml e-p\u0142ynu<\/strong>. <strong data-sourcepos=\"4:152-4:170\">Cewka siatkowa 0,6 \u03a9<\/strong> Dla <strong data-sourcepos=\"4:175-4:202\">G\u0142adka, aromatyczna para<\/strong>, Zawiera A <strong data-sourcepos=\"4:218-4:249\">Akumulator 600 mAh<\/strong> Z <strong data-sourcepos=\"4:255-4:279\">Szybkie \u0142adowanie typu C<\/strong>. <strong data-sourcepos=\"4:294-4:342\">0%\/2%\/5% Nikotyna0%\/2%\/5% Mocne strony nikotyny<\/strong> I <strong data-sourcepos=\"4:347-4:371\">12 pysznych smak\u00f3w<\/strong><span class=\"CustomP_animated_char__m3r9w\">,<\/span><span class=\"CustomP_animated_char__m3r9w\">\u00a0<\/span><span class=\"CustomP_animated_char__m3r9w\">Ten<\/span><span class=\"CustomP_animated_char__m3r9w\">\u00a0<\/span><span class=\"CustomP_animated_char__m3r9w\">Urz\u0105dzenie<\/span><span class=\"CustomP_animated_char__m3r9w\">\u00a0<\/span><span class=\"CustomP_animated_char__m3r9w\">Oferty<\/span><span class=\"CustomP_animated_char__m3r9w\">\u00a0<\/span><strong data-sourcepos=\"4:392-4:419\">Wyj\u0105tkowa wydajno\u015b\u0107<\/strong> Dla wymagaj\u0105cych waper\u00f3w, kt\u00f3rzy ceni\u0105 <strong data-sourcepos=\"4:452-4:463\">Jako\u015b\u0107<\/strong><span class=\"CustomP_animated_char__m3r9w\">\u00a0<\/span><span class=\"CustomP_animated_char__m3r9w\">I<\/span><span class=\"CustomP_animated_char__m3r9w\">\u00a0<\/span><strong data-sourcepos=\"4:468-4:483\">Wygoda<\/strong><span class=\"CustomP_animated_char__m3r9w\">.<\/span><\/p>\n<p>&nbsp;<\/p>\n<h2><span style=\"font-size: 90%;\">ELF-BOX-LS-15000 | 15k Puffs Specyfikacja jednorazowego waporyzatora<\/span><\/h2>\n<p><strong data-sourcepos=\"9:3-9:17\">Liczba puf\u00f3w<\/strong>:\u00a0<strong data-sourcepos=\"9:19-9:35\">15 000 zaci\u0105gni\u0119\u0107<\/strong><\/p>\n<p><strong data-sourcepos=\"10:3-10:24\">Pojemno\u015b\u0107 e-cieczy<\/strong>:\u00a0<strong data-sourcepos=\"10:26-10:34\">26ml<\/strong><\/p>\n<p><strong data-sourcepos=\"11:3-11:11\">Cewka<\/strong>:\u00a0<strong data-sourcepos=\"11:13-11:31\">Cewka siatkowa 0,6 \u03a9<\/strong><\/p>\n<p><strong data-sourcepos=\"12:3-12:14\">Bateria<\/strong>:\u00a0<strong data-sourcepos=\"12:16-12:39\">Akumulator 600 mAh<\/strong><\/p>\n<p><strong data-sourcepos=\"13:3-13:15\">\u0141adowanie<\/strong>:\u00a0<strong data-sourcepos=\"13:17-13:41\">Szybkie \u0142adowanie typu C<\/strong><\/p>\n<p><strong data-sourcepos=\"14:3-14:23\">Opcje nikotynowe<\/strong>:\u00a0<strong data-sourcepos=\"14:25-14:41\">0% \/ 2% \/ 5%<\/strong><\/p>\n<p><strong data-sourcepos=\"15:3-15:14\">Smaki<\/strong>:\u00a0<strong data-sourcepos=\"15:16-15:38\">12 opcji premium<\/strong><\/p>\n<p>&nbsp;<\/p>\n<h3><span style=\"font-size: 90%; color: #333333;\">ELF-BOX-LS-15000 | 15 tys. puszek Jednorazowa lista smak\u00f3w Vape<\/span><\/h3>\n<p>1.L\u00f3d je\u017cynowy<\/p>\n<p>2.Jagoda na lodzie<\/p>\n<p>3. Kiwi marakuja<\/p>\n<p>4.Truskawkowe Kiwi<\/p>\n<p>5. Niebieska lemoniada Razz<\/p>\n<p>6. L\u00f3d arbuzowy<\/p>\n<p>7. Arbuz Truskawkowy<\/p>\n<p>8. L\u00f3d Truskawkowy<\/p>\n<p>9.Brzoskwiniowy ananas mango<\/p>\n<p>10. L\u00f3d winogronowy<\/p>\n<p>11.Mango Banan<\/p>\n<p>12. Mieszane jagody<img loading=\"lazy\" decoding=\"async\" class=\"alignnone wp-image-2903 size-full\" src=\"https:\/\/pgvape.com\/wp-content\/uploads\/2025\/10\/pgvape-ELF-BOX-LS-15000-15k-Puffs-Disposable-Vape-0-2-5-Nicotine-12Tastes-Vape-Factory-Direct-4.png\" alt=\"Plakat promocyjny jednorazowych wyrob\u00f3w do fajki wodnej ELF BOX Shisha przedstawiaj\u0105cy trzy du\u017ce urz\u0105dzenia ustawione pod k\u0105tem i t\u0119czowy rz\u0105d aromatycznych d\u0142ugopis\u00f3w, pogrubiony tekst \u201c15000 PUFFS\u201d i ma\u0142e ikony wskazuj\u0105ce bateri\u0119 600 mAh, e-liquid 26 ml, cewk\u0119 0,6 \u03a9 i \u0142adowanie typu C.\" width=\"1500\" height=\"1500\" srcset=\"https:\/\/pgvape.com\/wp-content\/uploads\/2025\/10\/pgvape-ELF-BOX-LS-15000-15k-Puffs-Disposable-Vape-0-2-5-Nicotine-12Tastes-Vape-Factory-Direct-4.png 1500w, https:\/\/pgvape.com\/wp-content\/uploads\/2025\/10\/pgvape-ELF-BOX-LS-15000-15k-Puffs-Disposable-Vape-0-2-5-Nicotine-12Tastes-Vape-Factory-Direct-4-360x360.png 360w, https:\/\/pgvape.com\/wp-content\/uploads\/2025\/10\/pgvape-ELF-BOX-LS-15000-15k-Puffs-Disposable-Vape-0-2-5-Nicotine-12Tastes-Vape-Factory-Direct-4-595x595.png 595w, https:\/\/pgvape.com\/wp-content\/uploads\/2025\/10\/pgvape-ELF-BOX-LS-15000-15k-Puffs-Disposable-Vape-0-2-5-Nicotine-12Tastes-Vape-Factory-Direct-4-400x400.png 400w, https:\/\/pgvape.com\/wp-content\/uploads\/2025\/10\/pgvape-ELF-BOX-LS-15000-15k-Puffs-Disposable-Vape-0-2-5-Nicotine-12Tastes-Vape-Factory-Direct-4-768x768.png 768w, https:\/\/pgvape.com\/wp-content\/uploads\/2025\/10\/pgvape-ELF-BOX-LS-15000-15k-Puffs-Disposable-Vape-0-2-5-Nicotine-12Tastes-Vape-Factory-Direct-4-12x12.png 12w, https:\/\/pgvape.com\/wp-content\/uploads\/2025\/10\/pgvape-ELF-BOX-LS-15000-15k-Puffs-Disposable-Vape-0-2-5-Nicotine-12Tastes-Vape-Factory-Direct-4-300x300.png 300w, https:\/\/pgvape.com\/wp-content\/uploads\/2025\/10\/pgvape-ELF-BOX-LS-15000-15k-Puffs-Disposable-Vape-0-2-5-Nicotine-12Tastes-Vape-Factory-Direct-4-600x600.png 600w, https:\/\/pgvape.com\/wp-content\/uploads\/2025\/10\/pgvape-ELF-BOX-LS-15000-15k-Puffs-Disposable-Vape-0-2-5-Nicotine-12Tastes-Vape-Factory-Direct-4-100x100.png 100w, https:\/\/pgvape.com\/wp-content\/uploads\/2025\/10\/pgvape-ELF-BOX-LS-15000-15k-Puffs-Disposable-Vape-0-2-5-Nicotine-12Tastes-Vape-Factory-Direct-4-40x40.png 40w\" sizes=\"auto, (max-width: 1500px) 100vw, 1500px\" \/><\/p>\n<p>&nbsp;<\/p>\n<h3 class=\"brxe-heading\"><span style=\"font-size: 90%;\">ELF-BOX-LS-15000 | 15 tys. zaci\u0105gni\u0119\u0107 Jednorazowe wideo Vape:<br \/>\n<iframe loading=\"lazy\" title=\"ELF BOX LS 15000 | 15k Puff\u00f3w Jednorazowy Vape | 12 Smak\u00f3w | Akumulator | Vape Factory Direct pgvape\" width=\"563\" height=\"1000\" src=\"https:\/\/www.youtube.com\/embed\/r5kwSo57OfA?feature=oembed\" frameborder=\"0\" allow=\"accelerometer; autoplay; clipboard-write; encrypted-media; gyroscope; picture-in-picture; web-share\" referrerpolicy=\"strict-origin-when-cross-origin\" allowfullscreen><\/iframe><br \/>\n<\/span><\/h3>\n<p>&nbsp;<\/p>\n<h2 class=\"header-vfC6AV auto-hide-last-sibling-br\">Cz\u0119sto zadawane pytania dotycz\u0105ce ELF-BOX-LS-15000 | 15k Puffs Jednorazowy Vape<\/h2>\n<p data-sourcepos=\"36:1-37:90\">\u2753 <strong data-sourcepos=\"36:3-36:52\">Co sprawia, \u017ce \u200b\u200bliczba 15 000 zaci\u0105gni\u0119\u0107 jest wyj\u0105tkowa?<\/strong><br \/>\n\u2705 <strong data-sourcepos=\"37:3-37:30\">Zoptymalizowana pojemno\u015b\u0107 26 ml<\/strong> I <strong data-sourcepos=\"37:35-37:60\">Wydajny system cewek<\/strong> Dostarcza\u0107 <strong data-sourcepos=\"37:69-37:87\">Rozszerzone u\u017cytkowanie<\/strong>.<\/p>\n<p data-sourcepos=\"39:1-40:77\">\u2753 <strong data-sourcepos=\"39:3-39:54\">W jaki spos\u00f3b cewka siatkowa 0,6 \u03a9 poprawia waporyzacj\u0119?<\/strong><br \/>\n\u2705 <strong data-sourcepos=\"40:3-40:30\">Zapewnia p\u0142ynniejsze rysowanie<\/strong> I <strong data-sourcepos=\"40:35-40:54\">30% Wi\u0119cej smaku<\/strong> Ni\u017c standardowe cewki.<\/p>\n<p data-sourcepos=\"42:1-43:63\">\u2753 <strong data-sourcepos=\"42:3-42:53\">Czy dost\u0119pne s\u0105 opcje bez nikotyny?<\/strong><br \/>\n\u2705 <strong data-sourcepos=\"43:3-43:11\">Tak!<\/strong> Wybierz z <strong data-sourcepos=\"43:24-43:41\">0%, 2% lub 5%<\/strong> Mocne strony nikotyny.<\/p>\n<p data-sourcepos=\"45:1-46:62\">\u2753 <strong data-sourcepos=\"45:3-45:49\">Jak d\u0142ugo wytrzymuje bateria 600 mAh?<\/strong><br \/>\n\u2705 <strong data-sourcepos=\"46:3-46:26\">Wydajno\u015b\u0107 przez ca\u0142y dzie\u0144<\/strong> Z <strong data-sourcepos=\"46:32-46:59\">Szybkie \u0142adowanie typu C<\/strong>.<\/p>\n<p data-sourcepos=\"48:1-49:81\">\u2753 <strong data-sourcepos=\"48:3-48:36\">Kt\u00f3ry smak jest najpopularniejszy?<\/strong><br \/>\n\u2705 <strong data-sourcepos=\"49:3-49:28\">Arbuz Truskawkowy<\/strong> I <strong data-sourcepos=\"49:33-49:55\">Lemoniada Blue Razz<\/strong> S\u0105 ulubie\u0144cami klient\u00f3w.<\/p>\n<p>&nbsp;<\/p>\n<h3 id=\"brxe-najhln\" class=\"brxe-heading\">Cz\u0119sto zadawane pytania (FAQ)<\/h3>\n<div id=\"brxe-rajiac\" class=\"brxe-text\">\n<p><strong>P: Jakie metody p\u0142atno\u015bci akceptujecie?<\/strong><br \/>\nOdp.: Akceptujemy PayPal, Stripe, przelewy bankowe (obs\u0142ugiwane SEPA), g\u0142\u00f3wne karty kredytowe (Visa, MasterCard, American Express) i p\u0142atno\u015bci w kryptowalutach.<\/p>\n<p><strong>P: Jak d\u0142ugo trwa przygotowanie zam\u00f3wienia?<\/strong><br \/>\nOdp.: Przygotowanie zam\u00f3wienia zajmuje 1-3 dni robocze.<\/p>\n<p><strong>P: Jaki jest czas wysy\u0142ki?<\/strong><br \/>\nOdp.: Czas wysy\u0142ki wynosi 7-14 dni roboczych, w zale\u017cno\u015bci od Twojej lokalizacji.<\/p>\n<p><strong>P: Jak mog\u0119 \u015bledzi\u0107 moje zam\u00f3wienie?<\/strong><br \/>\nOdp.: Po wysy\u0142ce otrzymasz wiadomo\u015b\u0107 e-mail z potwierdzeniem i numerem przesy\u0142ki umo\u017cliwiaj\u0105cym \u015bledzenie w czasie rzeczywistym.<\/p>\n<p><strong>P: Jaka jest Twoja polityka zwrot\u00f3w?<\/strong><br \/>\nOdp.: Oferujemy 30-dniow\u0105 polityk\u0119 zwrot\u00f3w lub wymiany. .<\/p>\n<p><strong>P: Czy wyst\u0105pi\u0105 jakie\u015b problemy celne?<br \/>\n<\/strong>Obs\u0142ugujemy wszystkie procedury odprawy celnej, aby zapewni\u0107 Ci bezproblemow\u0105 obs\u0142ug\u0119. .<\/p>\n<p><strong>P: Jakie metody wysy\u0142ki s\u0105 stosowane?<\/strong><br \/>\nWsp\u00f3\u0142pracujemy z firmami UPS\/DHL\/FEDEX\/DPD itp. W zale\u017cno\u015bci od kraju dostawy wybierzemy odpowiedni\u0105 opcj\u0119 wysy\u0142ki, tak aby produkty dotar\u0142y do \u200b\u200bPa\u0144stwa najszybciej jak to mo\u017cliwe.<\/p>\n<p><a href=\"https:\/\/pgvape.com\/pl\/czesto-zadawane-pytania\/\">Kliknij tutaj, aby uzyska\u0107 wi\u0119cej cz\u0119sto zadawanych pyta\u0144<\/a><\/p>\n<p>Szanowni klienci, je\u015bli masz jakiekolwiek pytania dotycz\u0105ce zam\u00f3wienia lub przybycia towaru, skontaktuj si\u0119 z naszym dzia\u0142em obs\u0142ugi klienta. Dzi\u0119kuj\u0119!<\/p>\n<h3 data-sourcepos=\"73:1-73:21\"><strong data-sourcepos=\"73:7-73:21\">Skontaktuj si\u0119 z nami<\/strong><\/h3>\n<div id=\"text-2419739398\" class=\"text\">\n<p><strong data-sourcepos=\"75:3-75:12\">E-mail<\/strong>:\u00a0<a href=\"mailto:support@pgvape.com\"><strong>support@pgvape.com<\/strong><\/a><\/p>\n<p><strong data-sourcepos=\"76:3-76:15\">WhatsApp<\/strong>: <a href=\"https:\/\/wa.me\/+8618128481258\"><strong>+86 18128481258<\/strong><\/a><br \/>\n<strong>(Odpowied\u017a w ci\u0105gu 24 godzin w dni robocze)<\/strong><\/p>\n<\/div>\n<h3><strong>Dzi\u0119kujemy za wybranie pgvape.com! .<\/strong><\/h3>\n<\/div>","protected":false},"excerpt":{"rendered":"<p><strong data-sourcepos=\"54:1-54:204\">\u201cELF BOX LS15000: Jednorazowy waporyzator klasy premium z 15 tys. zaci\u0105gni\u0119\u0107, pojemno\u015bci\u0105 26 ml i 12 smakami \u2013 wyposa\u017cony w cewk\u0119 siatkow\u0105 0,6 \u03a9 i \u0142adowanie typu C, zapewniaj\u0105ce najwy\u017csz\u0105 satysfakcj\u0119 z wapowania.\u201d<\/strong><\/p>","protected":false},"featured_media":2902,"comment_status":"open","ping_status":"closed","template":"","meta":{"_seopress_robots_primary_cat":"none","_seopress_titles_title":"%%post_title%% %%sep%% %%sitetitle%%","_seopress_titles_desc":"","_seopress_robots_index":""},"product_brand":[516,126],"product_cat":[113,515,30],"product_tag":[78,116,117,90,258,259],"class_list":{"0":"post-2897","1":"product","2":"type-product","3":"status-publish","4":"has-post-thumbnail","6":"product_brand-disposable-vape","7":"product_brand-elf-box-vape","8":"product_cat-15k-puffs-vape","9":"product_cat-disposable-vape","10":"product_cat-elf-box-vape","11":"product_tag-12tastes","12":"product_tag-15k-puffs","13":"product_tag-15k-vape","14":"product_tag-disposable-vape","15":"product_tag-elf-box-ls-15000","16":"product_tag-rechargeable","18":"first","19":"outofstock","20":"sale","21":"shipping-taxable","22":"purchasable","23":"product-type-variable"},"_links":{"self":[{"href":"https:\/\/pgvape.com\/pl\/wp-json\/wp\/v2\/product\/2897","targetHints":{"allow":["GET"]}}],"collection":[{"href":"https:\/\/pgvape.com\/pl\/wp-json\/wp\/v2\/product"}],"about":[{"href":"https:\/\/pgvape.com\/pl\/wp-json\/wp\/v2\/types\/product"}],"replies":[{"embeddable":true,"href":"https:\/\/pgvape.com\/pl\/wp-json\/wp\/v2\/comments?post=2897"}],"wp:featuredmedia":[{"embeddable":true,"href":"https:\/\/pgvape.com\/pl\/wp-json\/wp\/v2\/media\/2902"}],"wp:attachment":[{"href":"https:\/\/pgvape.com\/pl\/wp-json\/wp\/v2\/media?parent=2897"}],"wp:term":[{"taxonomy":"product_brand","embeddable":true,"href":"https:\/\/pgvape.com\/pl\/wp-json\/wp\/v2\/product_brand?post=2897"},{"taxonomy":"product_cat","embeddable":true,"href":"https:\/\/pgvape.com\/pl\/wp-json\/wp\/v2\/product_cat?post=2897"},{"taxonomy":"product_tag","embeddable":true,"href":"https:\/\/pgvape.com\/pl\/wp-json\/wp\/v2\/product_tag?post=2897"}],"curies":[{"name":"wp","href":"https:\/\/api.w.org\/{rel}","templated":true}]}}