{"id":2864,"date":"2025-10-11T06:27:05","date_gmt":"2025-10-11T06:27:05","guid":{"rendered":"https:\/\/pgvape.com\/?post_type=product&#038;p=2864"},"modified":"2026-01-27T11:20:07","modified_gmt":"2026-01-27T11:20:07","slug":"fizzy-nova-plus-40000-40k-zaciagniec-jednorazowy-waporyzator-z-podwojna-siatkowa-cewka-vape-factory-direct","status":"publish","type":"product","link":"https:\/\/pgvape.com\/pl\/produkt\/fizzy-nova-plus-40000-40k-zaciagniec-jednorazowy-waporyzator-z-podwojna-siatkowa-cewka-vape-factory-direct\/","title":{"rendered":"Fizzy Nova Plus 40000 40K Puffs Jednorazowy Vape Dual Mesh Cewka Vape Factory Direct"},"content":{"rendered":"<div class=\"auto-hide-last-sibling-br paragraph-JOTKXA paragraph-element br-paragraph-space\">\n<div class=\"auto-hide-last-sibling-br paragraph-JOTKXA paragraph-element br-paragraph-space\"><strong data-sourcepos=\"6:5-6:24\">Fizzy Nova Plus<\/strong> na nowo definiuje jednorazowe wapowanie za pomoc\u0105 <strong data-sourcepos=\"6:58-6:85\">40 000 bardzo d\u0142ugich zaci\u0105gni\u0119\u0107<\/strong> z jego <strong data-sourcepos=\"6:95-6:121\">Pojemno\u015b\u0107 e-liquidu 40 ml<\/strong>. <strong data-sourcepos=\"6:133-6:162\">Technologia podw\u00f3jnej cewki siatkowej<\/strong>, dostarcza <strong data-sourcepos=\"6:176-6:194\">g\u0142adsza para<\/strong> I <strong data-sourcepos=\"6:199-6:228\">zwi\u0119kszona intensywno\u015b\u0107 smaku<\/strong>. <strong data-sourcepos=\"6:245-6:257\">Tryb ekologiczny<\/strong> za wydajno\u015b\u0107 i <strong data-sourcepos=\"6:277-6:291\">Tryb Turbo<\/strong> dla pot\u0119\u017cnych chmur, podczas gdy <strong data-sourcepos=\"6:323-6:337\">Ekran LCD<\/strong> zapewnia monitorowanie w czasie rzeczywistym <strong data-sourcepos=\"6:371-6:387\">\u017cywotno\u015b\u0107 baterii<\/strong> I <strong data-sourcepos=\"6:392-6:410\">poziom e-soku<\/strong>. <strong data-sourcepos=\"6:426-6:457\">Akumulator o pojemno\u015bci 850 mAh<\/strong> z <strong data-sourcepos=\"6:463-6:487\">Szybkie \u0142adowanie typu C<\/strong>, jest dost\u0119pny w <strong data-sourcepos=\"6:507-6:529\">12 smak\u00f3w premium<\/strong> z <strong data-sourcepos=\"6:535-6:564\">Opcje nikotyny 2% lub 5%<\/strong> \u2013 idealny dla poszukuj\u0105cych vaper\u00f3w <strong data-sourcepos=\"6:594-6:609\">wydajno\u015b\u0107<\/strong> I <strong data-sourcepos=\"6:614-6:629\">wygoda<\/strong><\/div>\n<\/div>\n<p>&nbsp;<\/p>\n<h2><span style=\"font-size: 90%;\">Fizzy Nova Plus 40000 | 40K Puffs Jednorazowe specyfikacje<\/span><\/h2>\n<p><strong data-sourcepos=\"11:3-11:17\">Liczba puf\u00f3w<\/strong>: 40 000 zaci\u0105gni\u0119\u0107<\/p>\n<p><strong data-sourcepos=\"12:3-12:24\">Si\u0142a nikotyny<\/strong>: 2% \/ 5%<\/p>\n<p><strong data-sourcepos=\"13:3-13:24\">Pojemno\u015b\u0107 e-cieczy<\/strong>: 40 ml<\/p>\n<p><strong data-sourcepos=\"14:3-14:22\">Technologia cewki<\/strong>: Podw\u00f3jna cewka siatkowa<\/p>\n<p><strong data-sourcepos=\"15:3-15:14\">Bateria<\/strong>: Akumulator 850 mAh<\/p>\n<p><strong data-sourcepos=\"16:3-16:15\">\u0141adowanie<\/strong>: Szybkie \u0142adowanie typu C<\/p>\n<p><strong data-sourcepos=\"17:3-17:14\">Wy\u015bwietlacz<\/strong>: Ekran LCD (bateria i e-sok)<\/p>\n<p><strong data-sourcepos=\"18:3-18:19\">Tryby waporyzacji<\/strong>: Eko \/ Turbo<\/p>\n<p><strong data-sourcepos=\"19:3-19:21\">Opcje smakowe<\/strong>: 12 odmian<\/p>\n<p><strong data-sourcepos=\"20:3-20:16\">Opakowanie<\/strong>: 10 jednostek\/pude\u0142ko<\/p>\n<p>&nbsp;<\/p>\n<h3><span style=\"font-size: 90%;\">Fizzy Nova Plus 40000 | 40 tys. ptysi\u00f3w Jednorazowa lista smak\u00f3w Vape<\/span><\/h3>\n<p>1.L\u00f3d truskawkowy<\/p>\n<p>2. Jagoda Kokosowa<\/p>\n<p>3.Truskawkowe Kiwi<\/p>\n<p>4.L\u00f3d jagodowy<\/p>\n<p>5. L\u00f3d arbuzowy<\/p>\n<p>6. Arbuz brzoskwiniowo-mango<\/p>\n<p>7.Kiwi Gujawa z marakuji<\/p>\n<p>8.Malinowa Cytryna<\/p>\n<p>9.Potr\u00f3jna jagoda<\/p>\n<p>10.Brzoskwiniowy l\u00f3d<\/p>\n<p>11.Limonka winogronowa<\/p>\n<p>12. Niebieska lemoniada Razz<img loading=\"lazy\" decoding=\"async\" class=\"alignnone wp-image-2882 size-full\" src=\"https:\/\/pgvape.com\/wp-content\/uploads\/2025\/10\/pgvape-Fizzy-Nova-Plus-40000-40K-Puffs-Disposable-Vape-Dual-Mesh-Coil-2-5-Nicotine-12Tastes-Smart-LED-Display-Vape-Factory-Direct-16.png\" alt=\"Plakat zatytu\u0142owany &quot;12 smak\u00f3w&quot; przedstawiaj\u0105cy dwana\u015bcie kolorowych urz\u0105dze\u0144 do waporyzacji Fizzy Nova 4000 u\u0142o\u017conych w siatk\u0119 3x4 na \u017c\u00f3\u0142tym tle, ka\u017cde ponumerowane nazw\u0105 smaku i pasuj\u0105cymi obrazami owoc\u00f3w: 1 truskawkowy l\u00f3d, 2 jagodowo-kokosowy, 3 truskawkowy kiwi, 4 jagodowy l\u00f3d, 5 arbuzowy l\u00f3d, 6 brzoskwiniowo-mango arbuzowy, 7 kiwi marakuja gujawa, 8 malin .\" width=\"1263\" height=\"1500\" srcset=\"https:\/\/pgvape.com\/wp-content\/uploads\/2025\/10\/pgvape-Fizzy-Nova-Plus-40000-40K-Puffs-Disposable-Vape-Dual-Mesh-Coil-2-5-Nicotine-12Tastes-Smart-LED-Display-Vape-Factory-Direct-16.png 1263w, https:\/\/pgvape.com\/wp-content\/uploads\/2025\/10\/pgvape-Fizzy-Nova-Plus-40000-40K-Puffs-Disposable-Vape-Dual-Mesh-Coil-2-5-Nicotine-12Tastes-Smart-LED-Display-Vape-Factory-Direct-16-303x360.png 303w, https:\/\/pgvape.com\/wp-content\/uploads\/2025\/10\/pgvape-Fizzy-Nova-Plus-40000-40K-Puffs-Disposable-Vape-Dual-Mesh-Coil-2-5-Nicotine-12Tastes-Smart-LED-Display-Vape-Factory-Direct-16-595x707.png 595w, https:\/\/pgvape.com\/wp-content\/uploads\/2025\/10\/pgvape-Fizzy-Nova-Plus-40000-40K-Puffs-Disposable-Vape-Dual-Mesh-Coil-2-5-Nicotine-12Tastes-Smart-LED-Display-Vape-Factory-Direct-16-337x400.png 337w, https:\/\/pgvape.com\/wp-content\/uploads\/2025\/10\/pgvape-Fizzy-Nova-Plus-40000-40K-Puffs-Disposable-Vape-Dual-Mesh-Coil-2-5-Nicotine-12Tastes-Smart-LED-Display-Vape-Factory-Direct-16-768x912.png 768w, https:\/\/pgvape.com\/wp-content\/uploads\/2025\/10\/pgvape-Fizzy-Nova-Plus-40000-40K-Puffs-Disposable-Vape-Dual-Mesh-Coil-2-5-Nicotine-12Tastes-Smart-LED-Display-Vape-Factory-Direct-16-10x12.png 10w, https:\/\/pgvape.com\/wp-content\/uploads\/2025\/10\/pgvape-Fizzy-Nova-Plus-40000-40K-Puffs-Disposable-Vape-Dual-Mesh-Coil-2-5-Nicotine-12Tastes-Smart-LED-Display-Vape-Factory-Direct-16-600x713.png 600w, https:\/\/pgvape.com\/wp-content\/uploads\/2025\/10\/pgvape-Fizzy-Nova-Plus-40000-40K-Puffs-Disposable-Vape-Dual-Mesh-Coil-2-5-Nicotine-12Tastes-Smart-LED-Display-Vape-Factory-Direct-16-34x40.png 34w\" sizes=\"auto, (max-width: 1263px) 100vw, 1263px\" \/><\/p>\n<p>&nbsp;<\/p>\n<h3><span style=\"font-size: 90%;\">Fizzy Nova Plus 40000 | 40K Puff\u00f3w Jednorazowe wideo:<br \/>\n<\/span><\/h3>\n<p><iframe loading=\"lazy\" title=\"Fizzy Nova Plus 40000 | 40K Puffs Jednorazowy Vape | Podw\u00f3jna cewka siatkowa | 12 smak\u00f3w pgvape\" width=\"1020\" height=\"574\" src=\"https:\/\/www.youtube.com\/embed\/QLR15oGMCDM?feature=oembed\" frameborder=\"0\" allow=\"accelerometer; autoplay; clipboard-write; encrypted-media; gyroscope; picture-in-picture; web-share\" referrerpolicy=\"strict-origin-when-cross-origin\" allowfullscreen><\/iframe><\/p>\n<p>&nbsp;<\/p>\n<h3 class=\"auto-hide-last-sibling-br paragraph-pP9ZLC paragraph-element br-paragraph-space\">Dlaczego warto wybra\u0107 europejski magazyn PGVape?<\/h3>\n<p>Szybka wysy\u0142ka: Dostawa do wi\u0119kszo\u015bci kraj\u00f3w UE w ci\u0105gu 3-7 dni roboczych.<\/p>\n<p>Dostawa bezc\u0142owa: Lokalne zapasy w UE zapewniaj\u0105 p\u0142ynn\u0105 i bezc\u0142ow\u0105 wysy\u0142k\u0119.<\/p>\n<p>100% Autentyczna gwarancja: Oryginalna <b>Gazowany<\/b>\u00a0e-papierosy od certyfikowanych dostawc\u00f3w.<\/p>\n<p>\u015awie\u017ce zapasy: Przechowywane w kontrolowanych warunkach, aby zapewni\u0107 optymaln\u0105 jako\u015b\u0107.<\/p>\n<p>Zaufali Europejczycy: Tysi\u0105ce klient\u00f3w korzysta z szybkich i bezpiecznych us\u0142ug e-papieros\u00f3w oferowanych przez PGVape.<\/p>\n<p>&nbsp;<\/p>\n<h2 class=\"header-vfC6AV auto-hide-last-sibling-br\">Cz\u0119sto zadawane pytania dotycz\u0105ce Fizzy Nova Plus 40000 | 40K Puffs Jednorazowy waporyzator<\/h2>\n<p data-sourcepos=\"41:1-42:92\">\u2753 <strong data-sourcepos=\"41:3-41:51\">Jak liczba 40 000 zaci\u0105gni\u0119\u0107 utrzymuje si\u0119 tak d\u0142ugo?<\/strong><br \/>\n\u2705 <strong data-sourcepos=\"42:3-42:31\">Zoptymalizowana cewka z podw\u00f3jn\u0105 siatk\u0105<\/strong> I <strong data-sourcepos=\"42:36-42:53\">Pojemno\u015b\u0107 40ml<\/strong> zmaksymalizowa\u0107 wydajno\u015b\u0107 przy d\u0142ugotrwa\u0142ym u\u017cytkowaniu<\/p>\n<p data-sourcepos=\"44:1-45:95\">\u2753 <strong data-sourcepos=\"44:3-44:45\">Co sprawia, \u017ce \u200b\u200bjako\u015b\u0107 pary jest doskona\u0142a?<\/strong><br \/>\n\u2705 <strong data-sourcepos=\"45:3-45:22\">Podw\u00f3jne cewki siatkowe<\/strong> dostarcza\u0107 <strong data-sourcepos=\"45:31-45:50\">30% wi\u0119cej smaku<\/strong> I <strong data-sourcepos=\"45:55-45:73\">g\u0142adsze rysunki<\/strong> ni\u017c standardowe cewki<\/p>\n<p data-sourcepos=\"47:1-48:29\">\u2753 <strong data-sourcepos=\"47:3-47:37\">Czy mog\u0119 dostosowa\u0107 produkcj\u0119 pary?<br \/>\n<\/strong> \u2705 <strong data-sourcepos=\"48:3-48:11\">Tak!<\/strong> Prze\u0142\u0105cz pomi\u0119dzy:<strong data-sourcepos=\"49:3-49:15\">Tryb ekologiczny<\/strong>: D\u0142u\u017csza \u017cywotno\u015b\u0107 baterii, p\u0142ynniejsze uderzenia <strong data-sourcepos=\"50:3-50:17\">Tryb Turbo<\/strong>: G\u0119stsze chmury, intensywny smak<\/p>\n<p data-sourcepos=\"52:1-53:26\">\u2753 <strong data-sourcepos=\"52:3-52:37\">Jak wygodny jest wy\u015bwietlacz?<\/strong><br \/>\n\u2705 <strong data-sourcepos=\"53:3-53:17\">Ekran LCD<\/strong> pokazuje: Precyzyjne\u00a0<strong data-sourcepos=\"54:11-54:33\">procent baterii <\/strong>Dok\u0142adny\u00a0<strong data-sourcepos=\"55:12-55:33\">pozosta\u0142 e-sok<\/strong><\/p>\n<p data-sourcepos=\"57:1-58:81\">\u2753 <strong data-sourcepos=\"57:3-57:31\">Czy bateria jest niezawodna?<\/strong><br \/>\n\u2705 <strong data-sourcepos=\"58:3-58:22\">Pojemno\u015b\u0107 850 mAh<\/strong> trwa <strong data-sourcepos=\"58:29-58:41\">2-3 dni<\/strong> z <strong data-sourcepos=\"58:47-58:71\">Szybkie \u0142adowanie typu C<\/strong> wsparcie<\/p>\n<p data-sourcepos=\"60:1-61:17\">\u2753 <strong data-sourcepos=\"60:3-60:33\">Dla kogo ten waporyzator jest najlepszy?<br \/>\n<\/strong>\u2705Idealny dla:Poszukiwaczy smak\u00f3w\u00a0<strong data-sourcepos=\"62:26-62:43\">smak premium <\/strong>Ci\u0119\u017ccy u\u017cytkownicy potrzebuj\u0105\u00a0<strong data-sourcepos=\"63:23-63:44\">d\u0142ugi czas pracy baterii <\/strong>Vaperzy, kt\u00f3rzy wol\u0105\u00a0<strong data-sourcepos=\"64:21-64:48\">konfigurowalne do\u015bwiadczenie<\/strong><\/p>\n<p>&nbsp;<\/p>\n<h3 id=\"brxe-najhln\" class=\"brxe-heading\">Cz\u0119sto zadawane pytania (FAQ)<\/h3>\n<div id=\"brxe-rajiac\" class=\"brxe-text\">\n<p><strong>P: Jakie metody p\u0142atno\u015bci akceptujecie?<\/strong><br \/>\nOdp.: Akceptujemy PayPal, Stripe, przelewy bankowe (obs\u0142ugiwane SEPA), g\u0142\u00f3wne karty kredytowe (Visa, MasterCard, American Express) i p\u0142atno\u015bci w kryptowalutach.<\/p>\n<p><strong>P: Jak d\u0142ugo trwa przygotowanie zam\u00f3wienia?<\/strong><br \/>\nOdp.: Przygotowanie zam\u00f3wienia zajmuje 1-3 dni robocze.<\/p>\n<p><strong>P: Jaki jest czas wysy\u0142ki?<\/strong><br \/>\nOdp.: Czas wysy\u0142ki wynosi 7-14 dni roboczych, w zale\u017cno\u015bci od Twojej lokalizacji.<\/p>\n<p><strong>P: Jak mog\u0119 \u015bledzi\u0107 moje zam\u00f3wienie?<\/strong><br \/>\nOdp.: Po wysy\u0142ce otrzymasz wiadomo\u015b\u0107 e-mail z potwierdzeniem i numerem przesy\u0142ki umo\u017cliwiaj\u0105cym \u015bledzenie w czasie rzeczywistym.<\/p>\n<p><strong>P: Jaka jest Twoja polityka zwrot\u00f3w?<\/strong><br \/>\nOdp.: Oferujemy 30-dniow\u0105 polityk\u0119 zwrot\u00f3w lub wymiany. .<\/p>\n<p><strong>P: Czy wyst\u0105pi\u0105 jakie\u015b problemy celne?<br \/>\n<\/strong>Obs\u0142ugujemy wszystkie procedury odprawy celnej, aby zapewni\u0107 Ci bezproblemow\u0105 obs\u0142ug\u0119. .<\/p>\n<p><strong>P: Jakie metody wysy\u0142ki s\u0105 stosowane?<\/strong><br \/>\nWsp\u00f3\u0142pracujemy z firmami UPS\/DHL\/FEDEX\/DPD itp. W zale\u017cno\u015bci od kraju dostawy wybierzemy odpowiedni\u0105 opcj\u0119 wysy\u0142ki, tak aby produkty dotar\u0142y do \u200b\u200bPa\u0144stwa najszybciej jak to mo\u017cliwe.<\/p>\n<p><a href=\"https:\/\/pgvape.com\/pl\/czesto-zadawane-pytania\/\">Kliknij tutaj, aby uzyska\u0107 wi\u0119cej cz\u0119sto zadawanych pyta\u0144<\/a><\/p>\n<p>Szanowni klienci, je\u015bli masz jakiekolwiek pytania dotycz\u0105ce zam\u00f3wienia lub przybycia towaru, skontaktuj si\u0119 z naszym dzia\u0142em obs\u0142ugi klienta. Dzi\u0119kuj\u0119!<\/p>\n<h3 data-sourcepos=\"73:1-73:21\"><strong data-sourcepos=\"73:7-73:21\">Skontaktuj si\u0119 z nami<\/strong><\/h3>\n<div id=\"text-2419739398\" class=\"text\">\n<p><strong data-sourcepos=\"75:3-75:12\">E-mail<\/strong>:\u00a0<a href=\"mailto:support@pgvape.com\"><strong>support@pgvape.com<\/strong><\/a><\/p>\n<p><strong data-sourcepos=\"76:3-76:15\">WhatsApp<\/strong>: <a href=\"https:\/\/wa.me\/+8618128481258\"><strong>+86 18128481258<\/strong><\/a><br \/>\n<strong>(Odpowied\u017a w ci\u0105gu 24 godzin w dni robocze)<\/strong><\/p>\n<\/div>\n<h3><strong>Dzi\u0119kujemy za wybranie pgvape.com! .<\/strong><\/h3>\n<div id=\"brxe-rajiac\" class=\"brxe-text\">\n<h3 style=\"font-size: 20.16px;\"><\/h3>\n<\/div>\n<\/div>","protected":false},"excerpt":{"rendered":"<p>\u201c<strong data-sourcepos=\"69:2-69:25\">Fizzy Nova Plus 40K<\/strong>: <strong data-sourcepos=\"69:31-69:62\">jednorazowe, o wysokiej wydajno\u015bci<\/strong> z <strong data-sourcepos=\"69:68-69:84\">40 000 zaci\u0105gni\u0119\u0107<\/strong>, <strong data-sourcepos=\"69:86-69:105\">podw\u00f3jne cewki siatkowe<\/strong>, I <strong data-sourcepos=\"69:111-69:128\">Pojemno\u015b\u0107 40ml<\/strong>. <strong data-sourcepos=\"69:139-69:158\">Tryby Eco\/Turbo<\/strong>, <strong data-sourcepos=\"69:160-69:175\">Wy\u015bwietlacz LCD<\/strong>, I <strong data-sourcepos=\"69:181-69:203\">12 smak\u00f3w premium<\/strong> dla maksymalnej satysfakcji z wapowania.\u201d<\/p>","protected":false},"featured_media":2867,"comment_status":"open","ping_status":"closed","template":"","meta":{"_seopress_robots_primary_cat":"none","_seopress_titles_title":"%%post_title%% %%sep%% %%sitetitle%%","_seopress_titles_desc":"","_seopress_robots_index":""},"product_brand":[516,251],"product_cat":[103,515,28],"product_tag":[78,256,106,107,90,257,255,203,143],"class_list":{"0":"post-2864","1":"product","2":"type-product","3":"status-publish","4":"has-post-thumbnail","6":"product_brand-disposable-vape","7":"product_brand-fizzy-vape","8":"product_cat-40k-puffs-vape","9":"product_cat-disposable-vape","10":"product_cat-fizzy-vape","11":"product_tag-12tastes","12":"product_tag-256","13":"product_tag-40k-puffs","14":"product_tag-40k-vape","15":"product_tag-disposable-vape","16":"product_tag-dual-mesh-coil","17":"product_tag-fizzy-nova-plus","18":"product_tag-shipment-from-eu","19":"product_tag-smart-led-display","21":"first","22":"instock","23":"sale","24":"shipping-taxable","25":"purchasable","26":"product-type-variable"},"_links":{"self":[{"href":"https:\/\/pgvape.com\/pl\/wp-json\/wp\/v2\/product\/2864","targetHints":{"allow":["GET"]}}],"collection":[{"href":"https:\/\/pgvape.com\/pl\/wp-json\/wp\/v2\/product"}],"about":[{"href":"https:\/\/pgvape.com\/pl\/wp-json\/wp\/v2\/types\/product"}],"replies":[{"embeddable":true,"href":"https:\/\/pgvape.com\/pl\/wp-json\/wp\/v2\/comments?post=2864"}],"wp:featuredmedia":[{"embeddable":true,"href":"https:\/\/pgvape.com\/pl\/wp-json\/wp\/v2\/media\/2867"}],"wp:attachment":[{"href":"https:\/\/pgvape.com\/pl\/wp-json\/wp\/v2\/media?parent=2864"}],"wp:term":[{"taxonomy":"product_brand","embeddable":true,"href":"https:\/\/pgvape.com\/pl\/wp-json\/wp\/v2\/product_brand?post=2864"},{"taxonomy":"product_cat","embeddable":true,"href":"https:\/\/pgvape.com\/pl\/wp-json\/wp\/v2\/product_cat?post=2864"},{"taxonomy":"product_tag","embeddable":true,"href":"https:\/\/pgvape.com\/pl\/wp-json\/wp\/v2\/product_tag?post=2864"}],"curies":[{"name":"wp","href":"https:\/\/api.w.org\/{rel}","templated":true}]}}