{"id":2766,"date":"2025-10-10T12:06:26","date_gmt":"2025-10-10T12:06:26","guid":{"rendered":"https:\/\/pgvape.com\/?post_type=product&#038;p=2766"},"modified":"2026-01-27T11:18:48","modified_gmt":"2026-01-27T11:18:48","slug":"fizzy-max-iii-60000-60-tys-zaciagniec-6-w-1-smakach-jednorazowe-vape-vape-factory-direct","status":"publish","type":"product","link":"https:\/\/pgvape.com\/pl\/produkt\/fizzy-max-iii-60000-60-tys-zaciagniec-6-w-1-smakach-jednorazowe-vape-vape-factory-direct\/","title":{"rendered":"Fizzy Max III 60000 60k Puffs 6 w 1 Smaki Jednorazowe Vape-Vape Factory Direct"},"content":{"rendered":"<div class=\"auto-hide-last-sibling-br paragraph-JOTKXA paragraph-element br-paragraph-space\">\n<p><strong data-sourcepos=\"4:5-4:50\">Jednorazowy waporyzator Fizzy Max III 60000 Puffs<\/strong> rewolucjonizuje wapowanie <strong data-sourcepos=\"4:78-4:100\">niezr\u00f3wnana pojemno\u015b\u0107<\/strong> \u2013 dostarczanie <strong data-sourcepos=\"4:114-4:130\">60 000 zaci\u0105gni\u0119\u0107<\/strong> z jego <strong data-sourcepos=\"4:140-4:169\">trzy oddzielne zbiorniki o pojemno\u015bci 20 ml<\/strong> (\u0142\u0105cznie 60 ml). <strong data-sourcepos=\"4:194-4:223\">6 regulowanych tryb\u00f3w smaku<\/strong> (kombinacje A\/B\/C), jest zasilany przez <strong data-sourcepos=\"4:265-4:296\">Akumulator o pojemno\u015bci 850 mAh<\/strong> z <strong data-sourcepos=\"4:302-4:326\">Szybkie \u0142adowanie typu C<\/strong> I <strong data-sourcepos=\"4:331-4:346\">Wy\u015bwietlacz LED<\/strong><span class=\"CustomP_animated_char__m3r9w\">\u00a0<\/span><span class=\"CustomP_animated_char__m3r9w\">Do<\/span><span class=\"CustomP_animated_char__m3r9w\">\u00a0<\/span><span class=\"CustomP_animated_char__m3r9w\">prawdziwy<\/span><span class=\"CustomP_animated_char__m3r9w\">\u2013<\/span><span class=\"CustomP_animated_char__m3r9w\">czas<\/span><span class=\"CustomP_animated_char__m3r9w\">\u00a0<\/span><span class=\"CustomP_animated_char__m3r9w\">monitorowanie<\/span><span class=\"CustomP_animated_char__m3r9w\">.<\/span><span class=\"CustomP_animated_char__m3r9w\">\u00a0<\/span><span class=\"CustomP_animated_char__m3r9w\">The<\/span><span class=\"CustomP_animated_char__m3r9w\">\u00a0<\/span><strong data-sourcepos=\"4:377-4:401\">technologia cewek siatkowych<\/strong><span class=\"CustomP_animated_char__m3r9w\">\u00a0<\/span><span class=\"CustomP_animated_char__m3r9w\">zapewnia<\/span><span class=\"CustomP_animated_char__m3r9w\">\u00a0<\/span><strong data-sourcepos=\"4:410-4:426\">g\u0142adkie rysy<\/strong> I <strong data-sourcepos=\"4:431-4:446\">bogaty smak<\/strong>, dost\u0119pny w <strong data-sourcepos=\"4:461-4:492\">Moc nikotyny 2% lub 5%<\/strong>. <strong data-sourcepos=\"4:499-4:526\">10 tri\u00f3w smakowych premium<\/strong><span class=\"CustomP_animated_char__m3r9w\">,<\/span><span class=\"CustomP_animated_char__m3r9w\">\u00a0<\/span><span class=\"CustomP_animated_char__m3r9w\">Ten<\/span><span class=\"CustomP_animated_char__m3r9w\">\u00a0<\/span><span class=\"CustomP_animated_char__m3r9w\">urz\u0105dzenie<\/span><span class=\"CustomP_animated_char__m3r9w\">\u00a0<\/span><span class=\"CustomP_animated_char__m3r9w\">oferty<\/span><span class=\"CustomP_animated_char__m3r9w\">\u00a0<\/span><strong data-sourcepos=\"4:547-4:573\">ostateczne dostosowanie<\/strong><span class=\"CustomP_animated_char__m3r9w\">\u00a0<\/span><span class=\"CustomP_animated_char__m3r9w\">Do<\/span><span class=\"CustomP_animated_char__m3r9w\">\u00a0<\/span><span class=\"CustomP_animated_char__m3r9w\">wnikliwy<\/span><span class=\"CustomP_animated_char__m3r9w\">\u00a0<\/span><span class=\"CustomP_animated_char__m3r9w\">waperzy<\/span><span class=\"CustomP_animated_char__m3r9w\">.<\/span><\/p>\n<\/div>\n<p>&nbsp;<\/p>\n<h2><span style=\"font-size: 90%;\">Fizzy Max III 60000 | 60k Puffs 6 w 1 Smaki Jednorazowy Vape <strong>Dane techniczne<\/strong><\/span><\/h2>\n<p><strong data-sourcepos=\"9:3-9:17\">Liczba puf\u00f3w<\/strong>:\u00a0<strong data-sourcepos=\"9:19-9:35\">60 000 zaci\u0105gni\u0119\u0107<\/strong><\/p>\n<p><strong data-sourcepos=\"10:3-10:15\">Nikotyna<\/strong>:\u00a0<strong data-sourcepos=\"10:17-10:38\">Si\u0142a 2% lub 5%<\/strong><\/p>\n<p><strong data-sourcepos=\"11:3-11:15\">E-ciecz<\/strong>:\u00a0<strong data-sourcepos=\"11:17-11:46\">3 zbiorniki o pojemno\u015bci 20 ml (\u0142\u0105cznie 60 ml)<\/strong><\/p>\n<p><strong data-sourcepos=\"12:3-12:19\">Tryby smakowe<\/strong>:\u00a0<strong data-sourcepos=\"12:21-12:55\">6 kombinacji (mieszalne A\/B\/C)<\/strong><\/p>\n<p><strong data-sourcepos=\"13:3-13:11\">Cewka<\/strong>:\u00a0<strong data-sourcepos=\"13:13-13:37\">Technologia cewki siatkowej<\/strong><\/p>\n<p><strong data-sourcepos=\"14:3-14:14\">Bateria<\/strong>:\u00a0<strong data-sourcepos=\"14:16-14:39\">Akumulator o pojemno\u015bci 850 mAh<\/strong><\/p>\n<p><strong data-sourcepos=\"15:3-15:15\">\u0141adowanie<\/strong>:\u00a0<strong data-sourcepos=\"15:17-15:41\">Szybkie \u0142adowanie typu C<\/strong><\/p>\n<p><strong data-sourcepos=\"16:3-16:14\">Wy\u015bwietlacz<\/strong>:\u00a0<strong data-sourcepos=\"16:16-16:53\">LED (monitor trybu baterii\/smaku)<\/strong><\/p>\n<p><strong data-sourcepos=\"17:3-17:14\">Pakiet<\/strong>:\u00a0<strong data-sourcepos=\"17:16-17:34\">10 urz\u0105dze\u0144\/pude\u0142ko<\/strong><\/p>\n<p>&nbsp;<\/p>\n<h3><span style=\"font-size: 90%;\">Fizzy Max III 60000 | 60k Puffs 6 w 1 Smaki Jednorazowy Vape <strong>Zestawy smakowe<\/strong><\/span><\/h3>\n<p><strong>1.Truskawkowy arbuz i cytryna, limonka i jagoda kokosowa<\/strong><\/p>\n<p><strong>2. L\u00f3d jagodowy, musuj\u0105ca wi\u015bnia i malina cytrynowa<\/strong><\/p>\n<p><strong>3. Lody arbuzowe i truskawkowo-waniliowe oraz mieszane jagody<\/strong><\/p>\n<p><strong>4. Truskawkowy smoczy owoc oraz Red Bull i malinowy arbuz<\/strong><\/p>\n<p><strong>5.Truskawka Malina &amp; Mango Brzoskwinia &amp; Jagoda Arbuz<\/strong><\/p>\n<p><strong>6. Truskawkowe winogrona i jagody, kokos i brzoskwinia i cytryna<\/strong><\/p>\n<p><strong>7.Malina jagodowa, potr\u00f3jny melon i l\u00f3d truskawkowy<\/strong><\/p>\n<p><strong>8. Mieszanka jag\u00f3d i kiwi, marakuja, gujawa i arbuz truskawkowy<\/strong><\/p>\n<p><strong>9. L\u00f3d truskawkowy, kiwi i jagodowy oraz l\u00f3d arbuzowy<\/strong><\/p>\n<p><strong>10.Niebieski Razz L\u00f3d i Truskawka Kiwi i Kwa\u015bna Ananasowa Pomara\u0144cza<br \/>\n<img loading=\"lazy\" decoding=\"async\" class=\"alignnone wp-image-2772 size-full\" src=\"https:\/\/pgvape.com\/wp-content\/uploads\/2025\/10\/pgvape-Fizzy-Max-III-60000-60k-Puffs-6-In-1-Flavors-Disposable-Vape-2-5-Nicotine-10Tastes-LED-Display-Vape-Factory-Direct-3.png\" alt=\"Kolorowy plakat promocyjny jednorazowych waporyzator\u00f3w FIZZY Max III z wyra\u017an\u0105 etykiet\u0105 &#039;60K PUFFS&#039; i &#039;6w1&#039;, pude\u0142kiem ekspozycyjnym i wieloma cylindrycznymi urz\u0105dzeniami w jaskrawych kolorach u\u0142o\u017conymi w rz\u0119dach z ponumerowanymi wariantami smak\u00f3w oraz szczeg\u00f3\u0142ow\u0105 tabel\u0105 smak\u00f3w przedstawiaj\u0105c\u0105 sze\u015b\u0107 wymiennych kombinacji smak\u00f3w, a tak\u017ce ma\u0142e ikony przedstawiaj\u0105ce e-liquid o pojemno\u015bci 60 ml, opcje zbiornika oleju, \u0142adowanie typu C i ekran LED.\" width=\"912\" height=\"2000\" srcset=\"https:\/\/pgvape.com\/wp-content\/uploads\/2025\/10\/pgvape-Fizzy-Max-III-60000-60k-Puffs-6-In-1-Flavors-Disposable-Vape-2-5-Nicotine-10Tastes-LED-Display-Vape-Factory-Direct-3.png 912w, https:\/\/pgvape.com\/wp-content\/uploads\/2025\/10\/pgvape-Fizzy-Max-III-60000-60k-Puffs-6-In-1-Flavors-Disposable-Vape-2-5-Nicotine-10Tastes-LED-Display-Vape-Factory-Direct-3-164x360.png 164w, https:\/\/pgvape.com\/wp-content\/uploads\/2025\/10\/pgvape-Fizzy-Max-III-60000-60k-Puffs-6-In-1-Flavors-Disposable-Vape-2-5-Nicotine-10Tastes-LED-Display-Vape-Factory-Direct-3-467x1024.png 467w, https:\/\/pgvape.com\/wp-content\/uploads\/2025\/10\/pgvape-Fizzy-Max-III-60000-60k-Puffs-6-In-1-Flavors-Disposable-Vape-2-5-Nicotine-10Tastes-LED-Display-Vape-Factory-Direct-3-182x400.png 182w, https:\/\/pgvape.com\/wp-content\/uploads\/2025\/10\/pgvape-Fizzy-Max-III-60000-60k-Puffs-6-In-1-Flavors-Disposable-Vape-2-5-Nicotine-10Tastes-LED-Display-Vape-Factory-Direct-3-768x1684.png 768w, https:\/\/pgvape.com\/wp-content\/uploads\/2025\/10\/pgvape-Fizzy-Max-III-60000-60k-Puffs-6-In-1-Flavors-Disposable-Vape-2-5-Nicotine-10Tastes-LED-Display-Vape-Factory-Direct-3-700x1536.png 700w, https:\/\/pgvape.com\/wp-content\/uploads\/2025\/10\/pgvape-Fizzy-Max-III-60000-60k-Puffs-6-In-1-Flavors-Disposable-Vape-2-5-Nicotine-10Tastes-LED-Display-Vape-Factory-Direct-3-5x12.png 5w, https:\/\/pgvape.com\/wp-content\/uploads\/2025\/10\/pgvape-Fizzy-Max-III-60000-60k-Puffs-6-In-1-Flavors-Disposable-Vape-2-5-Nicotine-10Tastes-LED-Display-Vape-Factory-Direct-3-600x1316.png 600w, https:\/\/pgvape.com\/wp-content\/uploads\/2025\/10\/pgvape-Fizzy-Max-III-60000-60k-Puffs-6-In-1-Flavors-Disposable-Vape-2-5-Nicotine-10Tastes-LED-Display-Vape-Factory-Direct-3-18x40.png 18w\" sizes=\"auto, (max-width: 912px) 100vw, 912px\" \/><\/strong><\/p>\n<p>&nbsp;<\/p>\n<h3 class=\"auto-hide-last-sibling-br paragraph-pP9ZLC paragraph-element br-paragraph-space\">Dlaczego warto wybra\u0107 europejski magazyn PGVape?<\/h3>\n<p>Szybka wysy\u0142ka: Dostawa do wi\u0119kszo\u015bci kraj\u00f3w UE w ci\u0105gu 3-7 dni roboczych.<\/p>\n<p>Dostawa bezc\u0142owa: Lokalne zapasy w UE zapewniaj\u0105 p\u0142ynn\u0105 i bezc\u0142ow\u0105 wysy\u0142k\u0119.<\/p>\n<p>100% Autentyczna gwarancja: Oryginalna <strong>Gazowany<\/strong> e-papierosy od certyfikowanych dostawc\u00f3w.<\/p>\n<p>\u015awie\u017ce zapasy: Przechowywane w kontrolowanych warunkach, aby zapewni\u0107 optymaln\u0105 jako\u015b\u0107.<\/p>\n<p>Zaufali Europejczycy: Tysi\u0105ce klient\u00f3w korzysta z szybkich i bezpiecznych us\u0142ug e-papieros\u00f3w oferowanych przez PGVape.<\/p>\n<p>&nbsp;<\/p>\n<h2 class=\"header-vfC6AV auto-hide-last-sibling-br\">Cz\u0119sto zadawane pytania dotycz\u0105ce Fizzy Max III 60000 | 60 tys. Puff\u00f3w 6 w 1 smakach Jednorazowy waporyzator<\/h2>\n<p data-sourcepos=\"36:1-37:80\">\u2753 <strong data-sourcepos=\"36:3-36:56\">Co sprawia, \u017ce \u200b\u200bliczba 60 000 zaci\u0105gni\u0119\u0107 jest wyj\u0105tkowa?<\/strong><br \/>\n\u2705 <strong data-sourcepos=\"37:3-37:24\">System trzech zbiornik\u00f3w<\/strong> zapewnia <strong data-sourcepos=\"37:34-37:54\">miesi\u0105ce wapowania<\/strong> z <strong data-sourcepos=\"37:60-37:80\">zerowa konserwacja<\/strong><\/p>\n<p data-sourcepos=\"39:1-40:85\">\u2753 <strong data-sourcepos=\"39:3-39:43\">Jak dzia\u0142a mieszanie smak\u00f3w?<\/strong><br \/>\n\u2705 <strong data-sourcepos=\"40:3-40:28\">Sze\u015b\u0107 tryb\u00f3w kombinacji<\/strong> pozwoli\u0107 ci <strong data-sourcepos=\"40:37-40:54\">mieszaj smaki<\/strong> lub cieszy\u0107 si\u0119 nimi <strong data-sourcepos=\"40:69-40:85\">indywidualnie<\/strong><\/p>\n<p data-sourcepos=\"42:1-43:77\">\u2753 <strong data-sourcepos=\"42:3-42:44\">Czy bateria 850 mAh wystarczy?<br \/>\n<\/strong>\u2705 <strong data-sourcepos=\"43:3-43:28\">Zoptymalizowana wydajno\u015b\u0107<\/strong> trwa <strong data-sourcepos=\"43:35-43:47\">2-3 dni<\/strong> z <strong data-sourcepos=\"43:53-43:77\">Szybkie \u0142adowanie typu C<\/strong><\/p>\n<p data-sourcepos=\"45:1-46:70\">\u2753 <strong data-sourcepos=\"45:3-45:49\">Dlaczego warto wybiera\u0107 pomi\u0119dzy nikotyn\u0105 2% i 5%?<\/strong><br \/>\n\u2705 <strong data-sourcepos=\"46:3-46:26\">Niestandardowa satysfakcja<\/strong> Do <strong data-sourcepos=\"46:31-46:41\">zwyk\u0142y<\/strong> I <strong data-sourcepos=\"46:46-46:64\">ci\u0119\u017cka nikotyna<\/strong> u\u017cytkownicy<\/p>\n<p data-sourcepos=\"48:1-49:67\">\u2753 <strong data-sourcepos=\"48:3-48:46\">Czy trio smakowe jest dobrze zbilansowane?<\/strong><br \/>\n\u2705 <strong data-sourcepos=\"49:3-49:36\">Fachowo dobrane kombinacje<\/strong> Do <strong data-sourcepos=\"49:41-49:67\">idealna harmonia smaku<\/strong><\/p>\n<p>&nbsp;<\/p>\n<h3 id=\"brxe-najhln\" class=\"brxe-heading\">Cz\u0119sto zadawane pytania (FAQ)<\/h3>\n<div id=\"brxe-rajiac\" class=\"brxe-text\">\n<p><strong>P: Jakie metody p\u0142atno\u015bci akceptujecie?<\/strong><br \/>\nOdp.: Akceptujemy PayPal, Stripe, przelewy bankowe (obs\u0142ugiwane SEPA), g\u0142\u00f3wne karty kredytowe (Visa, MasterCard, American Express) i p\u0142atno\u015bci w kryptowalutach.<\/p>\n<p><strong>P: Jak d\u0142ugo trwa przygotowanie zam\u00f3wienia?<\/strong><br \/>\nOdp.: Przygotowanie zam\u00f3wienia zajmuje 1-3 dni robocze.<\/p>\n<p><strong>P: Jaki jest czas wysy\u0142ki?<\/strong><br \/>\nOdp.: Czas wysy\u0142ki wynosi 7-14 dni roboczych, w zale\u017cno\u015bci od Twojej lokalizacji.<\/p>\n<p><strong>P: Jak mog\u0119 \u015bledzi\u0107 moje zam\u00f3wienie?<\/strong><br \/>\nOdp.: Po wysy\u0142ce otrzymasz wiadomo\u015b\u0107 e-mail z potwierdzeniem i numerem przesy\u0142ki umo\u017cliwiaj\u0105cym \u015bledzenie w czasie rzeczywistym.<\/p>\n<p><strong>P: Jaka jest Twoja polityka zwrot\u00f3w?<\/strong><br \/>\nOdp.: Oferujemy 30-dniow\u0105 polityk\u0119 zwrot\u00f3w lub wymiany. .<\/p>\n<p><strong>P: Czy wyst\u0105pi\u0105 jakie\u015b problemy celne?<br \/>\n<\/strong>Obs\u0142ugujemy wszystkie procedury odprawy celnej, aby zapewni\u0107 Ci bezproblemow\u0105 obs\u0142ug\u0119. .<\/p>\n<p><strong>P: Jakie metody wysy\u0142ki s\u0105 stosowane?<\/strong><br \/>\nWsp\u00f3\u0142pracujemy z firmami UPS\/DHL\/FEDEX\/DPD itp. W zale\u017cno\u015bci od kraju dostawy wybierzemy odpowiedni\u0105 opcj\u0119 wysy\u0142ki, tak aby produkty dotar\u0142y do \u200b\u200bPa\u0144stwa najszybciej jak to mo\u017cliwe.<\/p>\n<p><a href=\"https:\/\/pgvape.com\/pl\/czesto-zadawane-pytania\/\">Kliknij tutaj, aby uzyska\u0107 wi\u0119cej cz\u0119sto zadawanych pyta\u0144<\/a><\/p>\n<p>Szanowni klienci, je\u015bli masz jakiekolwiek pytania dotycz\u0105ce zam\u00f3wienia lub przybycia towaru, skontaktuj si\u0119 z naszym dzia\u0142em obs\u0142ugi klienta. Dzi\u0119kuj\u0119!<\/p>\n<h3 data-sourcepos=\"73:1-73:21\"><strong data-sourcepos=\"73:7-73:21\">Skontaktuj si\u0119 z nami<\/strong><\/h3>\n<div id=\"text-2419739398\" class=\"text\">\n<p><strong data-sourcepos=\"75:3-75:12\">E-mail<\/strong>:\u00a0<a href=\"mailto:support@pgvape.com\"><strong>support@pgvape.com<\/strong><\/a><\/p>\n<p><strong data-sourcepos=\"76:3-76:15\">WhatsApp<\/strong>: <a href=\"https:\/\/wa.me\/+8618128481258\"><strong>+86 18128481258<\/strong><\/a><br \/>\n<strong>(Odpowied\u017a w ci\u0105gu 24 godzin w dni robocze)<\/strong><\/p>\n<\/div>\n<h3><strong>Dzi\u0119kujemy za wybranie pgvape.com! .<\/strong><\/h3>\n<\/div>","protected":false},"excerpt":{"rendered":"<p>\u201c<strong data-sourcepos=\"54:2-54:23\">Fizzy Max III 60K<\/strong>: <strong data-sourcepos=\"54:29-54:66\">Jednorazowy pojemnik do mieszania smak\u00f3w<\/strong> z <strong data-sourcepos=\"54:72-54:88\">60 000 zaci\u0105gni\u0119\u0107<\/strong>, <strong data-sourcepos=\"54:90-54:110\">trzy zbiorniki o pojemno\u015bci 20 ml<\/strong>, I <strong data-sourcepos=\"54:116-54:135\">10 trio smakowych<\/strong>. <strong data-sourcepos=\"54:146-54:164\">Bateria 850 mAh<\/strong>, <strong data-sourcepos=\"54:166-54:179\">cewka siatkowa<\/strong>, I <strong data-sourcepos=\"54:185-54:205\">sze\u015b\u0107 tryb\u00f3w mieszania<\/strong> Do <strong data-sourcepos=\"54:210-54:242\">nieograniczone mo\u017cliwo\u015bci waporyzacji<\/strong>.\u201d<\/p>","protected":false},"featured_media":2770,"comment_status":"open","ping_status":"closed","template":"","meta":{"_seopress_robots_primary_cat":"none","_seopress_titles_title":"%%post_title%% %%sep%% %%sitetitle%%","_seopress_titles_desc":"","_seopress_robots_index":""},"product_brand":[516,251],"product_cat":[48,515,28],"product_tag":[169,253,51,52,90,252,79,203],"class_list":{"0":"post-2766","1":"product","2":"type-product","3":"status-publish","4":"has-post-thumbnail","6":"product_brand-disposable-vape","7":"product_brand-fizzy-vape","8":"product_cat-60k-puffs-vape","9":"product_cat-disposable-vape","10":"product_cat-fizzy-vape","11":"product_tag-10tastes","12":"product_tag-6-in-1-flavors","13":"product_tag-60k-puffs","14":"product_tag-60k-vape","15":"product_tag-disposable-vape","16":"product_tag-fizzy-max-iii-60000","17":"product_tag-led-display","18":"product_tag-shipment-from-eu","20":"first","21":"instock","22":"sale","23":"shipping-taxable","24":"purchasable","25":"product-type-variable"},"_links":{"self":[{"href":"https:\/\/pgvape.com\/pl\/wp-json\/wp\/v2\/product\/2766","targetHints":{"allow":["GET"]}}],"collection":[{"href":"https:\/\/pgvape.com\/pl\/wp-json\/wp\/v2\/product"}],"about":[{"href":"https:\/\/pgvape.com\/pl\/wp-json\/wp\/v2\/types\/product"}],"replies":[{"embeddable":true,"href":"https:\/\/pgvape.com\/pl\/wp-json\/wp\/v2\/comments?post=2766"}],"wp:featuredmedia":[{"embeddable":true,"href":"https:\/\/pgvape.com\/pl\/wp-json\/wp\/v2\/media\/2770"}],"wp:attachment":[{"href":"https:\/\/pgvape.com\/pl\/wp-json\/wp\/v2\/media?parent=2766"}],"wp:term":[{"taxonomy":"product_brand","embeddable":true,"href":"https:\/\/pgvape.com\/pl\/wp-json\/wp\/v2\/product_brand?post=2766"},{"taxonomy":"product_cat","embeddable":true,"href":"https:\/\/pgvape.com\/pl\/wp-json\/wp\/v2\/product_cat?post=2766"},{"taxonomy":"product_tag","embeddable":true,"href":"https:\/\/pgvape.com\/pl\/wp-json\/wp\/v2\/product_tag?post=2766"}],"curies":[{"name":"wp","href":"https:\/\/api.w.org\/{rel}","templated":true}]}}