{"id":2727,"date":"2025-10-10T08:48:31","date_gmt":"2025-10-10T08:48:31","guid":{"rendered":"https:\/\/pgvape.com\/?post_type=product&#038;p=2727"},"modified":"2025-12-15T12:56:20","modified_gmt":"2025-12-15T12:56:20","slug":"jnr-tank-pro-33000-33k-zaciagniec-jednorazowe-vape-vape-factory-direct","status":"publish","type":"product","link":"https:\/\/pgvape.com\/pl\/produkt\/jnr-tank-pro-33000-33k-zaciagniec-jednorazowe-vape-vape-factory-direct\/","title":{"rendered":"JNR Tank Pro 33000 33K Puffs Jednorazowy Vape-Vape Factory Direct"},"content":{"rendered":"<p dir=\"auto\"><strong data-sourcepos=\"8:5-8:27\">JNR Tank Pro 33000<\/strong> na nowo definiuje d\u0142ugotrwa\u0142e wapowanie <strong data-sourcepos=\"8:63-8:92\">33 000 ultrag\u0142adkich zaci\u0105gni\u0119\u0107<\/strong> z jego <strong data-sourcepos=\"8:102-8:136\">ogromna pojemno\u015b\u0107 e-liquidu o pojemno\u015bci 28 ml<\/strong>. <strong data-sourcepos=\"8:154-8:183\">Technologia podw\u00f3jnej cewki siatkowej<\/strong>, dostarcza <strong data-sourcepos=\"8:197-8:218\">30% bogatszy smak<\/strong> I <strong data-sourcepos=\"8:223-8:242\">zero spalonych trafie\u0144<\/strong>, podczas gdy <strong data-sourcepos=\"8:254-8:285\">Akumulator o pojemno\u015bci 850 mAh<\/strong> zapewnia <strong data-sourcepos=\"8:294-8:311\">moc na ca\u0142y dzie\u0144<\/strong>. <strong data-sourcepos=\"8:317-8:342\">inteligentny wy\u015bwietlacz cyfrowy<\/strong> \u015bledzi u\u017cycie i <strong data-sourcepos=\"8:361-8:397\">regulowane tryby wzmocnienia (15 W\/20 W)<\/strong> pozwalaj\u0105 dostosowa\u0107 intensywno\u015b\u0107 pary. <strong data-sourcepos=\"8:438-8:453\">nikotyna 2%<\/strong> I <strong data-sourcepos=\"8:458-8:480\">15 smak\u00f3w premium<\/strong>, zosta\u0142 stworzony dla waper\u00f3w, kt\u00f3rzy nie godz\u0105 si\u0119 na kompromisy.<\/p>\n<p>&nbsp;<\/p>\n<h2><span style=\"font-size: 90%;\">Dane techniczne jednorazowego waporyzatora JNR Tank Pro 33000 33K Puffs:<\/span><\/h2>\n<p><strong>Pojemno\u015b\u0107 zaci\u0105gni\u0119cia<\/strong>: Oko\u0142o.\u00a0<strong>33 000 zaci\u0105gni\u0119\u0107<\/strong><\/p>\n<p><strong>Si\u0142a nikotyny<\/strong>:\u00a0<strong>2%<\/strong><\/p>\n<p><strong>Pojemno\u015b\u0107 e-cieczy<\/strong>:\u00a0<strong>28ml<\/strong><\/p>\n<p><strong>Typ cewki<\/strong>:\u00a0<strong>Cewka z podw\u00f3jn\u0105 siatk\u0105<\/strong><\/p>\n<p><strong>Pojemno\u015b\u0107 baterii<\/strong>:\u00a0<strong>Akumulator o pojemno\u015bci 850 mAh<\/strong><\/p>\n<p><strong>Wy\u015bwietlacz<\/strong>:\u00a0<strong>Cyfrowy ekran<\/strong>\u00a0aby uzyska\u0107 informacje o baterii i u\u017cytkowaniu<\/p>\n<p><strong>Port \u0142adowania<\/strong>:\u00a0<strong>Szybkie \u0142adowanie typu C<\/strong><\/p>\n<p><strong>Tryby zasilania<\/strong>:\u00a0<strong>Tryby wzmocnienia przy 15 W i 20 W<\/strong><\/p>\n<p><strong>Opakowanie<\/strong>: Zazwyczaj gotowe do sprzeda\u017cy hurtowej\/detalicznej (szczeg\u00f3\u0142y opakowania na \u017c\u0105danie)<\/p>\n<p><strong>Liczba smak\u00f3w<\/strong>: dost\u0119pnych 15 smak\u00f3w<\/p>\n<p>&nbsp;<\/p>\n<h3><span style=\"font-size: 90%;\">JNR Tank Pro 33000 33K Puffs Lista smak\u00f3w jednorazowego waporyzatora:<\/span><\/h3>\n<p><strong>1. Arbuz truskawkowy<\/strong><\/p>\n<p><strong>2. L\u00f3d arbuzowy<\/strong><\/p>\n<p><strong>3.Truskawkowy Banan<\/strong><\/p>\n<p><strong>4.Lody Truskawkowe<\/strong><\/p>\n<p><strong>5. L\u00f3d mi\u0119towy<\/strong><\/p>\n<p><strong>6. Mieszane jagody<\/strong><\/p>\n<p><strong>7. Kwa\u015bne jab\u0142ko<\/strong><\/p>\n<p><strong>8.Brzoskwinia Mango<\/strong><\/p>\n<p><strong>9. L\u00f3d winogronowy Sakura<\/strong><\/p>\n<p><strong>10.L\u00f3d jagodowy<\/strong><\/p>\n<p><strong>11. L\u00f3d z Col\u0105<\/strong><\/p>\n<p><strong>12.Truskawkowe Kiwi<img loading=\"lazy\" decoding=\"async\" class=\"alignnone wp-image-2732 size-full\" src=\"https:\/\/pgvape.com\/wp-content\/uploads\/2025\/10\/pgvape-JNR-Tank-Pro-33000-33K-Puffs-Disposable-Vape-2-Nicotine-12Tastes-LED-Digital-Display-Vape-Factory-Direct-3.png\" alt=\"Siatka wielu jednorazowych urz\u0105dze\u0144 do waporyzacji TANK pro 33000 i ich kolorowych pude\u0142ek u\u0142o\u017conych w rz\u0119dach na niebieskich banerach, z logo JNR &quot;Just No Reason&quot; w prawym dolnym rogu.\" width=\"1800\" height=\"1800\" srcset=\"https:\/\/pgvape.com\/wp-content\/uploads\/2025\/10\/pgvape-JNR-Tank-Pro-33000-33K-Puffs-Disposable-Vape-2-Nicotine-12Tastes-LED-Digital-Display-Vape-Factory-Direct-3.png 1800w, https:\/\/pgvape.com\/wp-content\/uploads\/2025\/10\/pgvape-JNR-Tank-Pro-33000-33K-Puffs-Disposable-Vape-2-Nicotine-12Tastes-LED-Digital-Display-Vape-Factory-Direct-3-360x360.png 360w, https:\/\/pgvape.com\/wp-content\/uploads\/2025\/10\/pgvape-JNR-Tank-Pro-33000-33K-Puffs-Disposable-Vape-2-Nicotine-12Tastes-LED-Digital-Display-Vape-Factory-Direct-3-595x595.png 595w, https:\/\/pgvape.com\/wp-content\/uploads\/2025\/10\/pgvape-JNR-Tank-Pro-33000-33K-Puffs-Disposable-Vape-2-Nicotine-12Tastes-LED-Digital-Display-Vape-Factory-Direct-3-400x400.png 400w, https:\/\/pgvape.com\/wp-content\/uploads\/2025\/10\/pgvape-JNR-Tank-Pro-33000-33K-Puffs-Disposable-Vape-2-Nicotine-12Tastes-LED-Digital-Display-Vape-Factory-Direct-3-768x768.png 768w, https:\/\/pgvape.com\/wp-content\/uploads\/2025\/10\/pgvape-JNR-Tank-Pro-33000-33K-Puffs-Disposable-Vape-2-Nicotine-12Tastes-LED-Digital-Display-Vape-Factory-Direct-3-1536x1536.png 1536w, https:\/\/pgvape.com\/wp-content\/uploads\/2025\/10\/pgvape-JNR-Tank-Pro-33000-33K-Puffs-Disposable-Vape-2-Nicotine-12Tastes-LED-Digital-Display-Vape-Factory-Direct-3-12x12.png 12w, https:\/\/pgvape.com\/wp-content\/uploads\/2025\/10\/pgvape-JNR-Tank-Pro-33000-33K-Puffs-Disposable-Vape-2-Nicotine-12Tastes-LED-Digital-Display-Vape-Factory-Direct-3-300x300.png 300w, https:\/\/pgvape.com\/wp-content\/uploads\/2025\/10\/pgvape-JNR-Tank-Pro-33000-33K-Puffs-Disposable-Vape-2-Nicotine-12Tastes-LED-Digital-Display-Vape-Factory-Direct-3-600x600.png 600w, https:\/\/pgvape.com\/wp-content\/uploads\/2025\/10\/pgvape-JNR-Tank-Pro-33000-33K-Puffs-Disposable-Vape-2-Nicotine-12Tastes-LED-Digital-Display-Vape-Factory-Direct-3-100x100.png 100w, https:\/\/pgvape.com\/wp-content\/uploads\/2025\/10\/pgvape-JNR-Tank-Pro-33000-33K-Puffs-Disposable-Vape-2-Nicotine-12Tastes-LED-Digital-Display-Vape-Factory-Direct-3-40x40.png 40w\" sizes=\"auto, (max-width: 1800px) 100vw, 1800px\" \/><\/strong><\/p>\n<p>&nbsp;<\/p>\n<h3><span style=\"font-size: 90%;\">JNR Tank Pro 33000 33K Puffs Jednorazowe wideo Vape<strong>:<\/strong><\/span><\/h3>\n<p>&nbsp;<\/p>\n<h2 class=\"header-vfC6AV auto-hide-last-sibling-br\">Cz\u0119sto zadawane pytania dotycz\u0105ce jednorazowego waporyzatora JNR Mega Box 25K Puffs<\/h2>\n<p data-sourcepos=\"47:1-48:88\">\u2753 <strong data-sourcepos=\"47:3-47:59\">W jaki spos\u00f3b cewka z podw\u00f3jn\u0105 siatk\u0105 zapobiega przypaleniu?<\/strong><br \/>\n\u2705 <strong data-sourcepos=\"48:3-48:30\">Nawet technologia grzewcza<\/strong> eliminuje suche uderzenia \u2013 smak pozostaje czysty do ostatniego zaci\u0105gni\u0119cia.<\/p>\n<p data-sourcepos=\"50:1-50:43\">\u2753 <strong data-sourcepos=\"50:3-50:41\">Kiedy powinienem u\u017cywa\u0107 tryb\u00f3w do\u0142adowania?<\/strong><\/p>\n<p><strong data-sourcepos=\"51:3-51:10\">\u270515W<\/strong>: Zr\u00f3wnowa\u017cony smak\/para (do u\u017cytku przez ca\u0142y dzie\u0144)<\/p>\n<p><strong data-sourcepos=\"52:3-52:10\">\u270520W<\/strong>: Intensywne chmury (kiedy chcesz wi\u0119kszych hit\u00f3w)<\/p>\n<p data-sourcepos=\"54:1-55:82\">\u2753 <strong data-sourcepos=\"54:3-54:46\">Czy liczba 33 000 zaci\u0105gni\u0119\u0107 jest realistyczna?<\/strong><br \/>\n\u2705 <strong data-sourcepos=\"55:3-55:17\">Testowane laboratoryjnie<\/strong> z <strong data-sourcepos=\"55:23-55:40\">28ml e-p\u0142ynu<\/strong>\u2014trwa <strong data-sourcepos=\"55:47-55:60\">3-4 tygodnie<\/strong> dla przeci\u0119tnych vaper\u00f3w.<\/p>\n<p data-sourcepos=\"57:1-58:77\">\u2753 <strong data-sourcepos=\"57:3-57:40\">Jaka jest \u017cywotno\u015b\u0107 baterii?<\/strong><br \/>\n\u2705 <strong data-sourcepos=\"58:3-58:13\">850 mAh<\/strong> + <strong data-sourcepos=\"58:16-58:35\">\u0141adowanie typu C<\/strong> = <strong data-sourcepos=\"58:38-58:50\">Ca\u0142y dzie\u0144<\/strong> intensywnego u\u017cytkowania na jedno \u0142adowanie.<\/p>\n<p data-sourcepos=\"60:1-62:50\">\u2753 <strong data-sourcepos=\"60:3-60:38\">Najlepszy smak dla mi\u0142o\u015bnik\u00f3w deser\u00f3w?<\/strong><br \/>\n\u2714 <strong data-sourcepos=\"61:3-61:28\">Sernik Truskawkowy<\/strong> (ulubiony przez klienta) \u2714 <strong data-sourcepos=\"62:3-62:26\">Mi\u0119towy kawa\u0142ek czekolady<\/strong> (wyj\u0105tkowo orze\u017awiaj\u0105cy)<\/p>\n<p>&nbsp;<\/p>\n<h3 id=\"brxe-najhln\" class=\"brxe-heading\">Cz\u0119sto zadawane pytania (FAQ)<\/h3>\n<div id=\"brxe-rajiac\" class=\"brxe-text\">\n<p><strong>P: Jakie metody p\u0142atno\u015bci akceptujecie?<\/strong><br \/>\nOdp.: Akceptujemy PayPal, Stripe, przelewy bankowe (obs\u0142ugiwane SEPA), g\u0142\u00f3wne karty kredytowe (Visa, MasterCard, American Express) i p\u0142atno\u015bci w kryptowalutach.<\/p>\n<p><strong>P: Jak d\u0142ugo trwa przygotowanie zam\u00f3wienia?<\/strong><br \/>\nOdp.: Przygotowanie zam\u00f3wienia zajmuje 1-3 dni robocze.<\/p>\n<p><strong>P: Jaki jest czas wysy\u0142ki?<\/strong><br \/>\nOdp.: Czas wysy\u0142ki wynosi 7-14 dni roboczych, w zale\u017cno\u015bci od Twojej lokalizacji.<\/p>\n<p><strong>P: Jak mog\u0119 \u015bledzi\u0107 moje zam\u00f3wienie?<\/strong><br \/>\nOdp.: Po wysy\u0142ce otrzymasz wiadomo\u015b\u0107 e-mail z potwierdzeniem i numerem przesy\u0142ki umo\u017cliwiaj\u0105cym \u015bledzenie w czasie rzeczywistym.<\/p>\n<p><strong>P: Jaka jest Twoja polityka zwrot\u00f3w?<\/strong><br \/>\nOdp.: Oferujemy 30-dniow\u0105 polityk\u0119 zwrot\u00f3w lub wymiany. .<\/p>\n<p><strong>P: Czy wyst\u0105pi\u0105 jakie\u015b problemy celne?<br \/>\n<\/strong>Obs\u0142ugujemy wszystkie procedury odprawy celnej, aby zapewni\u0107 Ci bezproblemow\u0105 obs\u0142ug\u0119. .<\/p>\n<p><strong>P: Jakie metody wysy\u0142ki s\u0105 stosowane?<\/strong><br \/>\nWsp\u00f3\u0142pracujemy z firmami UPS\/DHL\/FEDEX\/DPD itp. W zale\u017cno\u015bci od kraju dostawy wybierzemy odpowiedni\u0105 opcj\u0119 wysy\u0142ki, tak aby produkty dotar\u0142y do \u200b\u200bPa\u0144stwa najszybciej jak to mo\u017cliwe.<\/p>\n<p><a href=\"https:\/\/pgvape.com\/pl\/czesto-zadawane-pytania\/\">Kliknij tutaj, aby uzyska\u0107 wi\u0119cej cz\u0119sto zadawanych pyta\u0144<\/a><\/p>\n<p>Szanowni klienci, je\u015bli masz jakiekolwiek pytania dotycz\u0105ce zam\u00f3wienia lub przybycia towaru, skontaktuj si\u0119 z naszym dzia\u0142em obs\u0142ugi klienta. Dzi\u0119kuj\u0119!<\/p>\n<h3 data-sourcepos=\"73:1-73:21\"><strong data-sourcepos=\"73:7-73:21\">Skontaktuj si\u0119 z nami<\/strong><\/h3>\n<div id=\"text-2419739398\" class=\"text\">\n<p><strong data-sourcepos=\"75:3-75:12\">E-mail<\/strong>:\u00a0<a href=\"mailto:support@pgvape.com\"><strong>support@pgvape.com<\/strong><\/a><\/p>\n<p><strong data-sourcepos=\"76:3-76:15\">WhatsApp<\/strong>: <a href=\"https:\/\/wa.me\/+8618128481258\"><strong>+86 18128481258<\/strong><\/a><br \/>\n<strong>(Odpowied\u017a w ci\u0105gu 24 godzin w dni robocze)<\/strong><\/p>\n<\/div>\n<h3><strong>Dzi\u0119kujemy za wybranie pgvape.com! .<\/strong><\/h3>\n<\/div>","protected":false},"excerpt":{"rendered":"<p><strong data-sourcepos=\"67:1-67:221\">\u201cJNR Tank Pro 33000: Jednorazowy pojemnik o du\u017cej pojemno\u015bci z 33 tys. zaci\u0105gni\u0119\u0107, 28 ml soku i podw\u00f3jn\u0105 cewk\u0105 siatkow\u0105. Posiada regulowane tryby do\u0142adowania, cyfrowy wy\u015bwietlacz i 15 smak\u00f3w umo\u017cliwiaj\u0105cych wapowanie bez przerwy.\u201d<\/strong><\/p>","protected":false},"featured_media":2730,"comment_status":"open","ping_status":"closed","template":"","meta":{"_seopress_robots_primary_cat":"none","_seopress_titles_title":"%%post_title%% %%sep%% %%sitetitle%%","_seopress_titles_desc":"","_seopress_robots_index":""},"product_brand":[516,228],"product_cat":[246,515,29],"product_tag":[78,248,249,90,247,250],"class_list":{"0":"post-2727","1":"product","2":"type-product","3":"status-publish","4":"has-post-thumbnail","6":"product_brand-disposable-vape","7":"product_brand-jnr-vape","8":"product_cat-33k-puffs-vape","9":"product_cat-disposable-vape","10":"product_cat-jnr-vape","11":"product_tag-12tastes","12":"product_tag-33k-puffs","13":"product_tag-33k-vape","14":"product_tag-disposable-vape","15":"product_tag-jnr-tank-pro-33000","16":"product_tag-led-digital-display","18":"first","19":"instock","20":"sale","21":"shipping-taxable","22":"purchasable","23":"product-type-variable"},"_links":{"self":[{"href":"https:\/\/pgvape.com\/pl\/wp-json\/wp\/v2\/product\/2727","targetHints":{"allow":["GET"]}}],"collection":[{"href":"https:\/\/pgvape.com\/pl\/wp-json\/wp\/v2\/product"}],"about":[{"href":"https:\/\/pgvape.com\/pl\/wp-json\/wp\/v2\/types\/product"}],"replies":[{"embeddable":true,"href":"https:\/\/pgvape.com\/pl\/wp-json\/wp\/v2\/comments?post=2727"}],"wp:featuredmedia":[{"embeddable":true,"href":"https:\/\/pgvape.com\/pl\/wp-json\/wp\/v2\/media\/2730"}],"wp:attachment":[{"href":"https:\/\/pgvape.com\/pl\/wp-json\/wp\/v2\/media?parent=2727"}],"wp:term":[{"taxonomy":"product_brand","embeddable":true,"href":"https:\/\/pgvape.com\/pl\/wp-json\/wp\/v2\/product_brand?post=2727"},{"taxonomy":"product_cat","embeddable":true,"href":"https:\/\/pgvape.com\/pl\/wp-json\/wp\/v2\/product_cat?post=2727"},{"taxonomy":"product_tag","embeddable":true,"href":"https:\/\/pgvape.com\/pl\/wp-json\/wp\/v2\/product_tag?post=2727"}],"curies":[{"name":"wp","href":"https:\/\/api.w.org\/{rel}","templated":true}]}}