{"id":2692,"date":"2025-10-10T06:12:47","date_gmt":"2025-10-10T06:12:47","guid":{"rendered":"https:\/\/pgvape.com\/?post_type=product&#038;p=2692"},"modified":"2026-01-27T09:56:03","modified_gmt":"2026-01-27T09:56:03","slug":"jnr-power-mate-30000-30k-zaciagniec-jednorazowy-vape-5000mah-power-bank-vape-factory-direct","status":"publish","type":"product","link":"https:\/\/pgvape.com\/pl\/produkt\/jnr-power-mate-30000-30k-zaciagniec-jednorazowy-vape-5000mah-power-bank-vape-factory-direct\/","title":{"rendered":"JNR Power Mate 30000 30k Puffs Jednorazowy Vape 5000mAh Power Bank Vape Factory Direct"},"content":{"rendered":"<p><strong data-sourcepos=\"4:5-4:35\">JNR Power Mate 30000 zaci\u0105gni\u0119\u0107<\/strong> rewolucjonizuje wapowanie <strong data-sourcepos=\"4:63-4:85\">podw\u00f3jn\u0105 funkcjonalno\u015b\u0107<\/strong>\u2014<strong data-sourcepos=\"4:86-4:113\">30 000 bardzo d\u0142ugich zaci\u0105gni\u0119\u0107<\/strong> i a <strong data-sourcepos=\"4:120-4:142\">Power bank o pojemno\u015bci 5000 mAh<\/strong> do \u0142adowania urz\u0105dze\u0144 w podr\u00f3\u017cy. <strong data-sourcepos=\"4:187-4:210\">Cewka z podw\u00f3jn\u0105 siatk\u0105 1,0 \u03a9<\/strong> Do <strong data-sourcepos=\"4:215-4:230\">bogaty smak<\/strong> I <strong data-sourcepos=\"4:235-4:250\">g\u0119sta para<\/strong>, to urz\u0105dzenie przychodzi <strong data-sourcepos=\"4:270-4:303\">nape\u0142niony 19 ml e-liquidu<\/strong> (nikotyna 2%) i obejmuje <strong data-sourcepos=\"4:331-4:367\">wbudowane kable Type-C\/Lightning<\/strong>. <strong data-sourcepos=\"4:373-4:389\">inteligentny ekran<\/strong> wy\u015bwietla stan baterii, podczas gdy <strong data-sourcepos=\"4:425-4:448\">po\u0142\u0105czenie magnetyczne<\/strong> zapewnia bezproblemow\u0105 integracj\u0119. <strong data-sourcepos=\"4:507-4:531\">rozszerzona wydajno\u015b\u0107<\/strong> I <strong data-sourcepos=\"4:536-4:558\">u\u017cyteczno\u015b\u0107 w \u015bwiecie rzeczywistym<\/strong>.<\/p>\n<p>&nbsp;<\/p>\n<h2><span style=\"font-size: 90%;\">Jednorazowy waporyzator JNR Power Mate 30k Puffs <strong>Specyfikacja<\/strong><\/span><\/h2>\n<p><strong data-sourcepos=\"9:3-9:17\">Liczba puf\u00f3w<\/strong>:\u00a0<strong data-sourcepos=\"9:19-9:35\">30 000 zaci\u0105gni\u0119\u0107<\/strong><\/p>\n<p><strong data-sourcepos=\"10:3-10:15\">E-ciecz<\/strong>:\u00a0<strong data-sourcepos=\"10:17-10:39\">19 ml (nikotyna 2%)<\/strong><\/p>\n<p><strong data-sourcepos=\"11:3-11:11\">Cewka<\/strong>:\u00a0<strong data-sourcepos=\"11:13-11:36\">Podw\u00f3jna cewka siatkowa 1,0 \u03a9<\/strong><\/p>\n<p><strong data-sourcepos=\"12:3-12:17\">Powerbank<\/strong>:\u00a0<strong data-sourcepos=\"12:19-12:39\">Pojemno\u015b\u0107 5000 mAh<\/strong><\/p>\n<p><strong data-sourcepos=\"13:3-13:15\">\u0141adowanie<\/strong>:\u00a0<strong data-sourcepos=\"13:17-13:78\">Szybkie \u0142adowanie typu C + wbudowane kable (typ C\/Lightning)<\/strong><\/p>\n<p><strong data-sourcepos=\"14:3-14:14\">Wy\u015bwietlacz<\/strong>:\u00a0<strong data-sourcepos=\"14:16-14:48\">Inteligentny ekran (poziom baterii)<\/strong><\/p>\n<p><strong data-sourcepos=\"15:3-15:13\">Projekt<\/strong>:\u00a0<strong data-sourcepos=\"15:15-15:46\">Magnetyczne po\u0142\u0105czenie zatrzaskowe<\/strong><\/p>\n<p><strong data-sourcepos=\"16:3-16:14\">Smaki<\/strong>:\u00a0<strong data-sourcepos=\"16:16-16:38\">10 opcji premium<\/strong><\/p>\n<p>&nbsp;<\/p>\n<h3><span style=\"font-size: 90%;\">Jednorazowy waporyzator JNR Power Mate 30k Puffs <strong>Lista smak\u00f3w<\/strong><\/span><\/h3>\n<p><strong>1. Niebieski Razz L\u00f3d<\/strong><\/p>\n<p><strong>2.L\u00f3d truskawkowy<\/strong><\/p>\n<p><strong>3. L\u00f3d arbuzowy<\/strong><\/p>\n<p><strong>4.Truskawkowy Banan<\/strong><\/p>\n<p><strong>5. Wi\u015bnia Truskawka Malina<\/strong><\/p>\n<p><strong>6. Arbuz brzoskwiniowo-mango<\/strong><\/p>\n<p><strong>7.Truskawkowe Kiwi<\/strong><\/p>\n<p><strong>8. Mieszane jagody<\/strong><\/p>\n<p><strong>9. Gazowana cola wi\u015bniowa<\/strong><\/p>\n<p><strong>10.Kiwi Arbuzowy l\u00f3d<\/strong><\/p>\n<p>&nbsp;<\/p>\n<p><strong><img loading=\"lazy\" decoding=\"async\" class=\"alignnone wp-image-2706 size-full\" src=\"https:\/\/pgvape.com\/wp-content\/uploads\/2025\/10\/pgvape-JNR-Power-Mate-30000-30k-Puffs-Disposable-Vape-2-Nicotine-10Tastes-Smart-Screen-5000mAh-Power-Bank-Vape-Factory-Direct-12.png\" alt=\"Kolorowy baner promocyjny dla JNR przedstawiaj\u0105cy dziesi\u0119\u0107 ma\u0142ych jednorazowych urz\u0105dze\u0144 do waporyzacji i dwa du\u017ce rendery urz\u0105dze\u0144 na fioletowo-niebieskim gradientowym tle, oznaczone nazwami smak\u00f3w i nag\u0142\u00f3wkami \u201c10 ekscytuj\u0105cych nowych smak\u00f3w\u201d i \u201c30 000 Puff\u00f3w\u201d.\" width=\"2000\" height=\"1125\" srcset=\"https:\/\/pgvape.com\/wp-content\/uploads\/2025\/10\/pgvape-JNR-Power-Mate-30000-30k-Puffs-Disposable-Vape-2-Nicotine-10Tastes-Smart-Screen-5000mAh-Power-Bank-Vape-Factory-Direct-12.png 2000w, https:\/\/pgvape.com\/wp-content\/uploads\/2025\/10\/pgvape-JNR-Power-Mate-30000-30k-Puffs-Disposable-Vape-2-Nicotine-10Tastes-Smart-Screen-5000mAh-Power-Bank-Vape-Factory-Direct-12-555x312.png 555w, https:\/\/pgvape.com\/wp-content\/uploads\/2025\/10\/pgvape-JNR-Power-Mate-30000-30k-Puffs-Disposable-Vape-2-Nicotine-10Tastes-Smart-Screen-5000mAh-Power-Bank-Vape-Factory-Direct-12-595x335.png 595w, https:\/\/pgvape.com\/wp-content\/uploads\/2025\/10\/pgvape-JNR-Power-Mate-30000-30k-Puffs-Disposable-Vape-2-Nicotine-10Tastes-Smart-Screen-5000mAh-Power-Bank-Vape-Factory-Direct-12-400x225.png 400w, https:\/\/pgvape.com\/wp-content\/uploads\/2025\/10\/pgvape-JNR-Power-Mate-30000-30k-Puffs-Disposable-Vape-2-Nicotine-10Tastes-Smart-Screen-5000mAh-Power-Bank-Vape-Factory-Direct-12-768x432.png 768w, https:\/\/pgvape.com\/wp-content\/uploads\/2025\/10\/pgvape-JNR-Power-Mate-30000-30k-Puffs-Disposable-Vape-2-Nicotine-10Tastes-Smart-Screen-5000mAh-Power-Bank-Vape-Factory-Direct-12-1536x864.png 1536w, https:\/\/pgvape.com\/wp-content\/uploads\/2025\/10\/pgvape-JNR-Power-Mate-30000-30k-Puffs-Disposable-Vape-2-Nicotine-10Tastes-Smart-Screen-5000mAh-Power-Bank-Vape-Factory-Direct-12-18x10.png 18w, https:\/\/pgvape.com\/wp-content\/uploads\/2025\/10\/pgvape-JNR-Power-Mate-30000-30k-Puffs-Disposable-Vape-2-Nicotine-10Tastes-Smart-Screen-5000mAh-Power-Bank-Vape-Factory-Direct-12-600x338.png 600w, https:\/\/pgvape.com\/wp-content\/uploads\/2025\/10\/pgvape-JNR-Power-Mate-30000-30k-Puffs-Disposable-Vape-2-Nicotine-10Tastes-Smart-Screen-5000mAh-Power-Bank-Vape-Factory-Direct-12-60x34.png 60w\" sizes=\"auto, (max-width: 2000px) 100vw, 2000px\" \/><\/strong><\/p>\n<p>&nbsp;<\/p>\n<h3><span style=\"font-size: 90%;\">JNR Power Mate 30k Puffs Jednorazowe wideo: \u3001<\/span><\/h3>\n<p><iframe loading=\"lazy\" title=\"JNR Power Mate 30000 | 30k zaci\u0105gni\u0119\u0107 jednorazowy Vape | 10 smak\u00f3w inteligentny ekran Vape Factory Direct pgvape\" width=\"1020\" height=\"574\" src=\"https:\/\/www.youtube.com\/embed\/6Shj4Sk3DuQ?feature=oembed\" frameborder=\"0\" allow=\"accelerometer; autoplay; clipboard-write; encrypted-media; gyroscope; picture-in-picture; web-share\" referrerpolicy=\"strict-origin-when-cross-origin\" allowfullscreen><\/iframe><\/p>\n<h2 class=\"header-vfC6AV auto-hide-last-sibling-br\">Cz\u0119sto zadawane pytania dotycz\u0105ce jednorazowego waporyzatora JNR Power Mate 30k Puffs<\/h2>\n<p data-sourcepos=\"35:1-36:97\">\u2753 <strong data-sourcepos=\"35:3-35:40\">Jak dzia\u0142a power bank?<\/strong><br \/>\n\u2705 <strong data-sourcepos=\"36:3-36:23\">Pojemno\u015b\u0107 5000 mAh<\/strong> \u0142aduje telefony\/tablety za po\u015brednictwem <strong data-sourcepos=\"36:51-36:70\">wbudowane kable<\/strong> (nie s\u0105 potrzebne \u017cadne dodatkowe przewody).<\/p>\n<p data-sourcepos=\"38:1-39:87\">\u2753 <strong data-sourcepos=\"38:3-38:46\">Czy liczba 30 000 zaci\u0105gni\u0119\u0107 jest realistyczna?<\/strong><br \/>\n\u2705 <strong data-sourcepos=\"39:3-39:30\">Zoptymalizowany e-liquid o pojemno\u015bci 19 ml<\/strong> + <strong data-sourcepos=\"39:33-39:56\">wydajna podw\u00f3jna cewka<\/strong> zapewnia <strong data-sourcepos=\"39:65-39:84\">tygodnie wapowania<\/strong>.<\/p>\n<p data-sourcepos=\"41:1-42:82\">\u2753 <strong data-sourcepos=\"41:3-41:49\">Co sprawia, \u017ce \u200b\u200bcewka z podw\u00f3jn\u0105 siatk\u0105 jest wyj\u0105tkowa?<\/strong><br \/>\n\u2705 <strong data-sourcepos=\"42:3-42:22\">Rezystancja 1,0 \u03a9<\/strong> salda <strong data-sourcepos=\"42:32-42:52\">intensywno\u015b\u0107 smaku<\/strong> I <strong data-sourcepos=\"42:57-42:79\">wydajno\u015b\u0107 baterii<\/strong>.<\/p>\n<p data-sourcepos=\"44:1-45:81\">\u2753 <strong data-sourcepos=\"44:3-44:47\">Czy mog\u0119 monitorowa\u0107 poziom na\u0142adowania power banku?<\/strong><br \/>\n\u2705 <strong data-sourcepos=\"45:3-45:19\">Inteligentny ekran<\/strong> pokazuje pozosta\u0142e <strong data-sourcepos=\"45:36-45:52\">bateria do waporyzatora<\/strong> I <strong data-sourcepos=\"45:57-45:78\">poziomy powerbank\u00f3w<\/strong>.<\/p>\n<p data-sourcepos=\"47:1-49:51\">\u2753 <strong data-sourcepos=\"47:3-47:36\">Kt\u00f3ry smak jest najpopularniejszy?<\/strong><br \/>\n\u2714 <strong data-sourcepos=\"48:3-48:20\">Niebieski Razz L\u00f3d<\/strong> (bestseller) \u2714 <strong data-sourcepos=\"49:3-49:29\">Arbuz Brzoskwiniowo-Mango<\/strong> (tropikalny ulubiony)<\/p>\n<p>&nbsp;<\/p>\n<h3 id=\"brxe-najhln\" class=\"brxe-heading\">Cz\u0119sto zadawane pytania (FAQ)<\/h3>\n<div id=\"brxe-rajiac\" class=\"brxe-text\">\n<p><strong>P: Jakie metody p\u0142atno\u015bci akceptujecie?<\/strong><br \/>\nOdp.: Akceptujemy PayPal, Stripe, przelewy bankowe (obs\u0142ugiwane SEPA), g\u0142\u00f3wne karty kredytowe (Visa, MasterCard, American Express) i p\u0142atno\u015bci w kryptowalutach.<\/p>\n<p><strong>P: Jak d\u0142ugo trwa przygotowanie zam\u00f3wienia?<\/strong><br \/>\nOdp.: Przygotowanie zam\u00f3wienia zajmuje 1-3 dni robocze.<\/p>\n<p><strong>P: Jaki jest czas wysy\u0142ki?<\/strong><br \/>\nOdp.: Czas wysy\u0142ki wynosi 7-14 dni roboczych, w zale\u017cno\u015bci od Twojej lokalizacji.<\/p>\n<p><strong>P: Jak mog\u0119 \u015bledzi\u0107 moje zam\u00f3wienie?<\/strong><br \/>\nOdp.: Po wysy\u0142ce otrzymasz wiadomo\u015b\u0107 e-mail z potwierdzeniem i numerem przesy\u0142ki umo\u017cliwiaj\u0105cym \u015bledzenie w czasie rzeczywistym.<\/p>\n<p><strong>P: Jaka jest Twoja polityka zwrot\u00f3w?<\/strong><br \/>\nOdp.: Oferujemy 30-dniow\u0105 polityk\u0119 zwrot\u00f3w lub wymiany. .<\/p>\n<p><strong>P: Czy wyst\u0105pi\u0105 jakie\u015b problemy celne?<br \/>\n<\/strong>Obs\u0142ugujemy wszystkie procedury odprawy celnej, aby zapewni\u0107 Ci bezproblemow\u0105 obs\u0142ug\u0119. .<\/p>\n<p><strong>P: Jakie metody wysy\u0142ki s\u0105 stosowane?<\/strong><br \/>\nWsp\u00f3\u0142pracujemy z firmami UPS\/DHL\/FEDEX\/DPD itp. W zale\u017cno\u015bci od kraju dostawy wybierzemy odpowiedni\u0105 opcj\u0119 wysy\u0142ki, tak aby produkty dotar\u0142y do \u200b\u200bPa\u0144stwa najszybciej jak to mo\u017cliwe.<\/p>\n<p><a href=\"https:\/\/pgvape.com\/pl\/czesto-zadawane-pytania\/\">Kliknij tutaj, aby uzyska\u0107 wi\u0119cej cz\u0119sto zadawanych pyta\u0144<\/a><\/p>\n<p>Szanowni klienci, je\u015bli masz jakiekolwiek pytania dotycz\u0105ce zam\u00f3wienia lub przybycia towaru, skontaktuj si\u0119 z naszym dzia\u0142em obs\u0142ugi klienta. Dzi\u0119kuj\u0119!<\/p>\n<h3 data-sourcepos=\"73:1-73:21\"><strong data-sourcepos=\"73:7-73:21\">Skontaktuj si\u0119 z nami<\/strong><\/h3>\n<div id=\"text-2419739398\" class=\"text\">\n<p><strong data-sourcepos=\"75:3-75:12\">E-mail<\/strong>:\u00a0<a href=\"mailto:support@pgvape.com\"><strong>support@pgvape.com<\/strong><\/a><\/p>\n<p><strong data-sourcepos=\"76:3-76:15\">WhatsApp<\/strong>: <a href=\"https:\/\/wa.me\/+8618128481258\"><strong>+86 18128481258<\/strong><\/a><br \/>\n<strong>(Odpowied\u017a w ci\u0105gu 24 godzin w dni robocze)<\/strong><\/p>\n<\/div>\n<h3><strong>Dzi\u0119kujemy za wybranie pgvape.com! .<\/strong><\/h3>\n<\/div>","protected":false},"excerpt":{"rendered":"<p>JNR Power Mate 30000: <strong data-sourcepos=\"54:30-54:248\">pierwszy na \u015bwiecie jednorazowy waporyzator z wbudowanym powerbankiem 5000mAh. .<\/strong><\/p>","protected":false},"featured_media":2695,"comment_status":"open","ping_status":"closed","template":"","meta":{"_seopress_robots_primary_cat":"none","_seopress_titles_title":"%%post_title%% %%sep%% %%sitetitle%%","_seopress_titles_desc":"","_seopress_robots_index":""},"product_brand":[516,228],"product_cat":[35,515,29],"product_tag":[169,38,134,245,90,244,136],"class_list":{"0":"post-2692","1":"product","2":"type-product","3":"status-publish","4":"has-post-thumbnail","6":"product_brand-disposable-vape","7":"product_brand-jnr-vape","8":"product_cat-30k-puffs-vape","9":"product_cat-disposable-vape","10":"product_cat-jnr-vape","11":"product_tag-10tastes","12":"product_tag-30k-puffs","13":"product_tag-30k-vape","14":"product_tag-5000mah-power-bank","15":"product_tag-disposable-vape","16":"product_tag-jnr-power-mate","17":"product_tag-smart-screen","19":"first","20":"instock","21":"sale","22":"shipping-taxable","23":"purchasable","24":"product-type-variable"},"_links":{"self":[{"href":"https:\/\/pgvape.com\/pl\/wp-json\/wp\/v2\/product\/2692","targetHints":{"allow":["GET"]}}],"collection":[{"href":"https:\/\/pgvape.com\/pl\/wp-json\/wp\/v2\/product"}],"about":[{"href":"https:\/\/pgvape.com\/pl\/wp-json\/wp\/v2\/types\/product"}],"replies":[{"embeddable":true,"href":"https:\/\/pgvape.com\/pl\/wp-json\/wp\/v2\/comments?post=2692"}],"wp:featuredmedia":[{"embeddable":true,"href":"https:\/\/pgvape.com\/pl\/wp-json\/wp\/v2\/media\/2695"}],"wp:attachment":[{"href":"https:\/\/pgvape.com\/pl\/wp-json\/wp\/v2\/media?parent=2692"}],"wp:term":[{"taxonomy":"product_brand","embeddable":true,"href":"https:\/\/pgvape.com\/pl\/wp-json\/wp\/v2\/product_brand?post=2692"},{"taxonomy":"product_cat","embeddable":true,"href":"https:\/\/pgvape.com\/pl\/wp-json\/wp\/v2\/product_cat?post=2692"},{"taxonomy":"product_tag","embeddable":true,"href":"https:\/\/pgvape.com\/pl\/wp-json\/wp\/v2\/product_tag?post=2692"}],"curies":[{"name":"wp","href":"https:\/\/api.w.org\/{rel}","templated":true}]}}