{"id":2641,"date":"2025-10-09T12:44:23","date_gmt":"2025-10-09T12:44:23","guid":{"rendered":"https:\/\/pgvape.com\/?post_type=product&#038;p=2641"},"modified":"2025-12-15T12:57:13","modified_gmt":"2025-12-15T12:57:13","slug":"jnr-mega-box-25000-25k-zaciagniec-jednorazowe-vape-szybkie-ladowanie-vape-factory-direct","status":"publish","type":"product","link":"https:\/\/pgvape.com\/pl\/produkt\/jnr-mega-box-25000-25k-zaciagniec-jednorazowe-vape-szybkie-ladowanie-vape-factory-direct\/","title":{"rendered":"JNR Mega Box 25000 25K Puffs Jednorazowe Vape Szybkie \u0142adowanie Vape Factory Direct"},"content":{"rendered":"<p id=\"brxe-najhln\" class=\"brxe-heading\"><strong data-sourcepos=\"4:5-4:33\">JNR Mega Box 25000 zaci\u0105gni\u0119\u0107<\/strong> dostarcza <strong data-sourcepos=\"4:43-4:72\">d\u0142ugotrwa\u0142\u0105 satysfakcj\u0119<\/strong> z <strong data-sourcepos=\"4:78-4:101\">25 000 g\u0142adkich zaci\u0105gni\u0119\u0107<\/strong> z jego <strong data-sourcepos=\"4:111-4:137\">Pojemno\u015b\u0107 e-liquidu 30 ml<\/strong>. <strong data-sourcepos=\"4:153-4:184\">Akumulator o pojemno\u015bci 850 mAh<\/strong> I <strong data-sourcepos=\"4:189-4:218\">Technologia podw\u00f3jnej cewki siatkowej<\/strong>, zapewnia <strong data-sourcepos=\"4:231-4:246\">bogaty smak<\/strong> I <strong data-sourcepos=\"4:251-4:277\">g\u0119sta produkcja pary<\/strong>. <strong data-sourcepos=\"4:284-4:308\">Si\u0142a nikotyny 2%<\/strong> I <strong data-sourcepos=\"4:313-4:337\">Szybkie \u0142adowanie typu C<\/strong>, ten jednorazowy waporyzator jest idealny dla vaper\u00f3w, kt\u00f3rzy chc\u0105 <strong data-sourcepos=\"4:391-4:415\">rozszerzona wydajno\u015b\u0107<\/strong> bez kompromis\u00f3w.<\/p>\n<p>&nbsp;<\/p>\n<h2><span style=\"font-size: 90%;\">Jednorazowy waporyzator JNR Mega Box 25K Puffs <strong>Specyfikacja<\/strong><\/span><\/h2>\n<p><strong data-sourcepos=\"9:3-9:17\">Liczba puf\u00f3w<\/strong>:\u00a0<strong data-sourcepos=\"9:19-9:35\">25 000 zaci\u0105gni\u0119\u0107<\/strong><\/p>\n<p><strong data-sourcepos=\"10:3-10:24\">Pojemno\u015b\u0107 e-cieczy<\/strong>:\u00a0<strong data-sourcepos=\"10:26-10:34\">30ml<\/strong><\/p>\n<p><strong data-sourcepos=\"11:3-11:11\">Cewka<\/strong>:\u00a0<strong data-sourcepos=\"11:13-11:31\">Podw\u00f3jna cewka siatkowa<\/strong><\/p>\n<p><strong data-sourcepos=\"12:3-12:14\">Bateria<\/strong>:\u00a0<strong data-sourcepos=\"12:16-12:39\">Akumulator 850 mAh<\/strong><\/p>\n<p><strong data-sourcepos=\"13:3-13:15\">\u0141adowanie<\/strong>:\u00a0<strong data-sourcepos=\"13:17-13:41\">Szybkie \u0142adowanie typu C<\/strong><\/p>\n<p><strong data-sourcepos=\"14:3-14:24\">Si\u0142a nikotyny<\/strong>:\u00a0<strong data-sourcepos=\"14:26-14:32\">2%<\/strong><\/p>\n<p><strong data-sourcepos=\"15:3-15:21\">Opcje smakowe<\/strong>:\u00a0<strong data-sourcepos=\"15:23-15:45\">16 opcji premium<\/strong><\/p>\n<p>&nbsp;<\/p>\n<h3><span style=\"font-size: 90%;\">Jednorazowy waporyzator JNR Mega Box 25K Puffs <strong>Lista smak\u00f3w<\/strong><\/span><\/h3>\n<p>1.Jagoda Kwa\u015bna Malina Truskawka<\/p>\n<p>2. Niebieska wi\u015bnia Razz<\/p>\n<p>3.Soczysta brzoskwinia<\/p>\n<p>4. Wi\u015bniowa Jagoda<\/p>\n<p>5. Musuj\u0105ca cola wi\u015bniowa<\/p>\n<p>6. Cytryna i limonka<\/p>\n<p>7. Mieszane jagody<\/p>\n<p>8. Pan Niebieski<\/p>\n<p>9.L\u00f3d Truskawkowo-Malinowo-Wi\u015bniowy<\/p>\n<p>10.L\u00f3d truskawkowy<\/p>\n<p>11.L\u00f3d jagodowy<\/p>\n<p>12.L\u00f3d arbuzowy<\/p>\n<p>13.Truskawkowy Banan<\/p>\n<p>14.Jagodowa guma balonowa<\/p>\n<p>15.Kiwi Arbuz Na Lodzie<\/p>\n<p>16.Potr\u00f3jne mango<\/p>\n<p>17. Arbuz malinowy<\/p>\n<p>18.L\u00f3d truskawkowo-malinowy<\/p>\n<p>19. Fajna mi\u0119ta<\/p>\n<p>20. Kwa\u015bne jab\u0142ko<img loading=\"lazy\" decoding=\"async\" class=\"alignnone wp-image-2667 size-full\" src=\"https:\/\/pgvape.com\/wp-content\/uploads\/2025\/10\/pgvape-JNR-Mega-Box-25000-25K-Puffs-Disposable-Vape-Dual-Mesh-2-Nicotine-20Tastes-Vape-Factory-Direct-24.png\" alt=\"Siatka 25 kolorowych paneli produkt\u00f3w przedstawiaj\u0105cych jednorazowe urz\u0105dzenia do waporyzacji marki JNR \u2014 ka\u017cdy panel zawiera dwa prostok\u0105tne urz\u0105dzenia z wyt\u0142oczonymi metalowymi panelami na \u017cywym tle, nazwami smak\u00f3w i pasuj\u0105cymi ilustracjami owoc\u00f3w lub s\u0142odyczy (np. jag\u00f3d, wi\u015bni, brzoskwi\u0144, cytryny i limonki, mieszanych jag\u00f3d, arbuza, Skittles, mango i innych).\" width=\"2000\" height=\"2000\" srcset=\"https:\/\/pgvape.com\/wp-content\/uploads\/2025\/10\/pgvape-JNR-Mega-Box-25000-25K-Puffs-Disposable-Vape-Dual-Mesh-2-Nicotine-20Tastes-Vape-Factory-Direct-24.png 2000w, https:\/\/pgvape.com\/wp-content\/uploads\/2025\/10\/pgvape-JNR-Mega-Box-25000-25K-Puffs-Disposable-Vape-Dual-Mesh-2-Nicotine-20Tastes-Vape-Factory-Direct-24-360x360.png 360w, https:\/\/pgvape.com\/wp-content\/uploads\/2025\/10\/pgvape-JNR-Mega-Box-25000-25K-Puffs-Disposable-Vape-Dual-Mesh-2-Nicotine-20Tastes-Vape-Factory-Direct-24-595x595.png 595w, https:\/\/pgvape.com\/wp-content\/uploads\/2025\/10\/pgvape-JNR-Mega-Box-25000-25K-Puffs-Disposable-Vape-Dual-Mesh-2-Nicotine-20Tastes-Vape-Factory-Direct-24-400x400.png 400w, https:\/\/pgvape.com\/wp-content\/uploads\/2025\/10\/pgvape-JNR-Mega-Box-25000-25K-Puffs-Disposable-Vape-Dual-Mesh-2-Nicotine-20Tastes-Vape-Factory-Direct-24-768x768.png 768w, https:\/\/pgvape.com\/wp-content\/uploads\/2025\/10\/pgvape-JNR-Mega-Box-25000-25K-Puffs-Disposable-Vape-Dual-Mesh-2-Nicotine-20Tastes-Vape-Factory-Direct-24-1536x1536.png 1536w, https:\/\/pgvape.com\/wp-content\/uploads\/2025\/10\/pgvape-JNR-Mega-Box-25000-25K-Puffs-Disposable-Vape-Dual-Mesh-2-Nicotine-20Tastes-Vape-Factory-Direct-24-12x12.png 12w, https:\/\/pgvape.com\/wp-content\/uploads\/2025\/10\/pgvape-JNR-Mega-Box-25000-25K-Puffs-Disposable-Vape-Dual-Mesh-2-Nicotine-20Tastes-Vape-Factory-Direct-24-300x300.png 300w, https:\/\/pgvape.com\/wp-content\/uploads\/2025\/10\/pgvape-JNR-Mega-Box-25000-25K-Puffs-Disposable-Vape-Dual-Mesh-2-Nicotine-20Tastes-Vape-Factory-Direct-24-600x600.png 600w, https:\/\/pgvape.com\/wp-content\/uploads\/2025\/10\/pgvape-JNR-Mega-Box-25000-25K-Puffs-Disposable-Vape-Dual-Mesh-2-Nicotine-20Tastes-Vape-Factory-Direct-24-100x100.png 100w, https:\/\/pgvape.com\/wp-content\/uploads\/2025\/10\/pgvape-JNR-Mega-Box-25000-25K-Puffs-Disposable-Vape-Dual-Mesh-2-Nicotine-20Tastes-Vape-Factory-Direct-24-40x40.png 40w\" sizes=\"auto, (max-width: 2000px) 100vw, 2000px\" \/><\/p>\n<p>&nbsp;<\/p>\n<h3><span style=\"font-size: 90%;\">JNR Mega Box 25000 25K Puffs Jednorazowy Vape z podw\u00f3jn\u0105 siatk\u0105 Wideo:<\/span><\/h3>\n<p><iframe loading=\"lazy\" title=\"JNR Mega Box 25K Puffs Jednorazowy Vape |Podw\u00f3jna siatka |20Smakuje Szybkie \u0142adowanie Vape Factory Direct pgvape\" width=\"563\" height=\"1000\" src=\"https:\/\/www.youtube.com\/embed\/2drnytO8g4U?feature=oembed\" frameborder=\"0\" allow=\"accelerometer; autoplay; clipboard-write; encrypted-media; gyroscope; picture-in-picture; web-share\" referrerpolicy=\"strict-origin-when-cross-origin\" allowfullscreen><\/iframe><\/p>\n<p>&nbsp;<\/p>\n<h2 class=\"header-vfC6AV auto-hide-last-sibling-br\">Cz\u0119sto zadawane pytania dotycz\u0105ce jednorazowego waporyzatora JNR Mega Box 25K Puffs<\/h2>\n<div class=\"auto-hide-last-sibling-br paragraph-JOTKXA paragraph-element br-paragraph-space\">\n<p data-sourcepos=\"42:1-43:102\">\u2753 <strong data-sourcepos=\"42:3-42:54\">W jaki spos\u00f3b cewka z podw\u00f3jn\u0105 siatk\u0105 poprawia waporyzacj\u0119?<\/strong><br \/>\n\u2705 <strong data-sourcepos=\"43:3-43:28\">Podw\u00f3jne elementy grzejne<\/strong> dostarcza\u0107 <strong data-sourcepos=\"43:37-43:56\">40% wi\u0119cej smaku<\/strong> I <strong data-sourcepos=\"43:61-43:79\">grubsze chmury<\/strong> ni\u017c standardowe cewki.<\/p>\n<p data-sourcepos=\"45:1-46:97\">\u2753 <strong data-sourcepos=\"45:3-45:46\">Czy liczba 25 000 zaci\u0105gni\u0119\u0107 jest realistyczna?<\/strong><br \/>\n\u2705 <strong data-sourcepos=\"46:3-46:39\">Zoptymalizowana pojemno\u015b\u0107 30 ml e-liquidu<\/strong> zapewnia <strong data-sourcepos=\"46:48-46:64\">tygodnie u\u017cytkowania<\/strong> bez cz\u0119stych wymian.<\/p>\n<p data-sourcepos=\"48:1-49:67\">\u2753 <strong data-sourcepos=\"48:3-48:49\">Jak d\u0142ugo wytrzymuje bateria 850 mAh?<\/strong><br \/>\n\u2705 <strong data-sourcepos=\"49:3-49:26\">Wydajno\u015b\u0107 przez ca\u0142y dzie\u0144<\/strong> z <strong data-sourcepos=\"49:32-49:56\">szybkie \u0142adowanie typu C<\/strong> wsparcie.<\/p>\n<p data-sourcepos=\"51:1-54:44\">\u2753 <strong data-sourcepos=\"51:3-51:38\">Kt\u00f3re smaki ciesz\u0105 si\u0119 najwi\u0119ksz\u0105 popularno\u015bci\u0105?<br \/>\n<\/strong> \u2714 <strong data-sourcepos=\"52:3-52:23\">Niebieska wi\u015bnia Razz<\/strong> (pikantny i s\u0142odki) \u2714 <strong data-sourcepos=\"53:3-53:38\">L\u00f3d Truskawkowo-Malinowo-Wi\u015bniowy<\/strong> (odwa\u017cne i lodowate) \u2714 <strong data-sourcepos=\"54:3-54:21\">Arbuzowy l\u00f3d<\/strong> (orze\u017awiaj\u0105cy i soczysty)<\/p>\n<\/div>\n<p>&nbsp;<\/p>\n<h3 id=\"brxe-najhln\" class=\"brxe-heading\">Cz\u0119sto zadawane pytania (FAQ)<\/h3>\n<div id=\"brxe-rajiac\" class=\"brxe-text\">\n<p><strong>P: Jakie metody p\u0142atno\u015bci akceptujecie?<\/strong><br \/>\nOdp.: Akceptujemy PayPal, Stripe, przelewy bankowe (obs\u0142ugiwane SEPA), g\u0142\u00f3wne karty kredytowe (Visa, MasterCard, American Express) i p\u0142atno\u015bci w kryptowalutach.<\/p>\n<p><strong>P: Jak d\u0142ugo trwa przygotowanie zam\u00f3wienia?<\/strong><br \/>\nOdp.: Przygotowanie zam\u00f3wienia zajmuje 1-3 dni robocze.<\/p>\n<p><strong>P: Jaki jest czas wysy\u0142ki?<\/strong><br \/>\nOdp.: Czas wysy\u0142ki wynosi 7-14 dni roboczych, w zale\u017cno\u015bci od Twojej lokalizacji.<\/p>\n<p><strong>P: Jak mog\u0119 \u015bledzi\u0107 moje zam\u00f3wienie?<\/strong><br \/>\nOdp.: Po wysy\u0142ce otrzymasz wiadomo\u015b\u0107 e-mail z potwierdzeniem i numerem przesy\u0142ki umo\u017cliwiaj\u0105cym \u015bledzenie w czasie rzeczywistym.<\/p>\n<p><strong>P: Jaka jest Twoja polityka zwrot\u00f3w?<\/strong><br \/>\nOdp.: Oferujemy 30-dniow\u0105 polityk\u0119 zwrot\u00f3w lub wymiany. .<\/p>\n<p><strong>P: Czy wyst\u0105pi\u0105 jakie\u015b problemy celne?<br \/>\n<\/strong>Obs\u0142ugujemy wszystkie procedury odprawy celnej, aby zapewni\u0107 Ci bezproblemow\u0105 obs\u0142ug\u0119. .<\/p>\n<p><strong>P: Jakie metody wysy\u0142ki s\u0105 stosowane?<\/strong><br \/>\nWsp\u00f3\u0142pracujemy z firmami UPS\/DHL\/FEDEX\/DPD itp. W zale\u017cno\u015bci od kraju dostawy wybierzemy odpowiedni\u0105 opcj\u0119 wysy\u0142ki, tak aby produkty dotar\u0142y do \u200b\u200bPa\u0144stwa najszybciej jak to mo\u017cliwe.<\/p>\n<p><a href=\"https:\/\/pgvape.com\/pl\/czesto-zadawane-pytania\/\">Kliknij tutaj, aby uzyska\u0107 wi\u0119cej cz\u0119sto zadawanych pyta\u0144<\/a><\/p>\n<p>Szanowni klienci, je\u015bli masz jakiekolwiek pytania dotycz\u0105ce zam\u00f3wienia lub przybycia towaru, skontaktuj si\u0119 z naszym dzia\u0142em obs\u0142ugi klienta. Dzi\u0119kuj\u0119!<\/p>\n<h3 data-sourcepos=\"73:1-73:21\"><strong data-sourcepos=\"73:7-73:21\">Skontaktuj si\u0119 z nami<\/strong><\/h3>\n<div id=\"text-2419739398\" class=\"text\">\n<p><strong data-sourcepos=\"75:3-75:12\">E-mail<\/strong>:\u00a0<a href=\"mailto:support@pgvape.com\"><strong>support@pgvape.com<\/strong><\/a><\/p>\n<p><strong data-sourcepos=\"76:3-76:15\">WhatsApp<\/strong>: <a href=\"https:\/\/wa.me\/+8618128481258\"><strong>+86 18128481258<\/strong><\/a><br \/>\n<strong>(Odpowied\u017a w ci\u0105gu 24 godzin w dni robocze)<\/strong><\/p>\n<\/div>\n<h3><strong>Dzi\u0119kujemy za wybranie pgvape.com! .<\/strong><\/h3>\n<\/div>\n<h2 class=\"header-vfC6AV auto-hide-last-sibling-br\"><\/h2>","protected":false},"excerpt":{"rendered":"<p><strong data-sourcepos=\"59:1-59:233\">\u201cJNR Mega Box 25000: Jednorazowy waporyzator o du\u017cej pojemno\u015bci z 25 tys. zaci\u0105gni\u0119\u0107, 30 ml e-liquidu i podw\u00f3jn\u0105 cewk\u0105 siatkow\u0105. Zawiera nikotyn\u0119 2%, akumulator 850 mAh i \u0142adowanie typu C zapewniaj\u0105ce d\u0142ugotrwa\u0142\u0105 satysfakcj\u0119. \u201d<\/strong><\/p>","protected":false},"featured_media":2644,"comment_status":"open","ping_status":"closed","template":"","meta":{"_seopress_robots_primary_cat":"none","_seopress_titles_title":"","_seopress_titles_desc":"","_seopress_robots_index":""},"product_brand":[516,228],"product_cat":[94,515,29],"product_tag":[187,242,96,101,90,243,241],"class_list":{"0":"post-2641","1":"product","2":"type-product","3":"status-publish","4":"has-post-thumbnail","6":"product_brand-disposable-vape","7":"product_brand-jnr-vape","8":"product_cat-25k-puffs-vape","9":"product_cat-disposable-vape","10":"product_cat-jnr-vape","11":"product_tag-20tastes","12":"product_tag-242","13":"product_tag-25k-puffs","14":"product_tag-25k-vape","15":"product_tag-disposable-vape","16":"product_tag-dual-mesh","17":"product_tag-jnr-mega-box","19":"first","20":"instock","21":"sale","22":"shipping-taxable","23":"purchasable","24":"product-type-variable"},"_links":{"self":[{"href":"https:\/\/pgvape.com\/pl\/wp-json\/wp\/v2\/product\/2641","targetHints":{"allow":["GET"]}}],"collection":[{"href":"https:\/\/pgvape.com\/pl\/wp-json\/wp\/v2\/product"}],"about":[{"href":"https:\/\/pgvape.com\/pl\/wp-json\/wp\/v2\/types\/product"}],"replies":[{"embeddable":true,"href":"https:\/\/pgvape.com\/pl\/wp-json\/wp\/v2\/comments?post=2641"}],"wp:featuredmedia":[{"embeddable":true,"href":"https:\/\/pgvape.com\/pl\/wp-json\/wp\/v2\/media\/2644"}],"wp:attachment":[{"href":"https:\/\/pgvape.com\/pl\/wp-json\/wp\/v2\/media?parent=2641"}],"wp:term":[{"taxonomy":"product_brand","embeddable":true,"href":"https:\/\/pgvape.com\/pl\/wp-json\/wp\/v2\/product_brand?post=2641"},{"taxonomy":"product_cat","embeddable":true,"href":"https:\/\/pgvape.com\/pl\/wp-json\/wp\/v2\/product_cat?post=2641"},{"taxonomy":"product_tag","embeddable":true,"href":"https:\/\/pgvape.com\/pl\/wp-json\/wp\/v2\/product_tag?post=2641"}],"curies":[{"name":"wp","href":"https:\/\/api.w.org\/{rel}","templated":true}]}}