{"id":2578,"date":"2025-10-09T11:25:46","date_gmt":"2025-10-09T11:25:46","guid":{"rendered":"https:\/\/pgvape.com\/?post_type=product&#038;p=2578"},"modified":"2025-12-15T12:57:35","modified_gmt":"2025-12-15T12:57:35","slug":"jnr-falcon-x-18000-18k-zaciagniec-jednorazowy-wyswietlacz-led-vape-vape-factory-direct","status":"publish","type":"product","link":"https:\/\/pgvape.com\/pl\/produkt\/jnr-falcon-x-18000-18k-zaciagniec-jednorazowy-wyswietlacz-led-vape-vape-factory-direct\/","title":{"rendered":"JNR FALCON X 18000 18k Puffs Jednorazowy wy\u015bwietlacz LED Vape Vape Factory Direct"},"content":{"rendered":"<p><strong data-sourcepos=\"4:5-4:33\">Pufy JNR Falcon X 18000<\/strong> redefiniuje <strong data-sourcepos=\"4:44-4:73\">jednorazowe waporyzatory premium<\/strong> z jego <strong data-sourcepos=\"4:83-4:106\">Cyfrowy wy\u015bwietlacz LED<\/strong>, <strong data-sourcepos=\"4:108-4:137\">Technologia podw\u00f3jnego rdzenia siatkowego<\/strong>, I <strong data-sourcepos=\"4:143-4:165\">regulowany przep\u0142yw powietrza<\/strong> dla ostatecznego dostosowania. <strong data-sourcepos=\"4:203-4:226\">18 000 g\u0142adkich zaci\u0105gni\u0119\u0107<\/strong> z <strong data-sourcepos=\"4:234-4:260\">Pojemno\u015b\u0107 e-liquidu 24 ml<\/strong>, to urz\u0105dzenie jest zasilane przez <strong data-sourcepos=\"4:290-4:321\">Akumulator o pojemno\u015bci 950 mAh<\/strong> i a <strong data-sourcepos=\"4:328-4:346\">Cewka siatkowa 0,6 \u03a9<\/strong> Do <strong data-sourcepos=\"4:351-4:369\">intensywny smak<\/strong> I <strong data-sourcepos=\"4:374-4:389\">g\u0119sta para<\/strong>. <strong data-sourcepos=\"4:396-4:411\">nikotyna 2%<\/strong> I <strong data-sourcepos=\"4:416-4:439\">28 modnych smak\u00f3w<\/strong>, jest przeznaczony dla wymagaj\u0105cych vaper\u00f3w <strong data-sourcepos=\"4:477-4:491\">innowacja<\/strong> I <strong data-sourcepos=\"4:496-4:511\">wydajno\u015b\u0107<\/strong>.<\/p>\n<p>&nbsp;<\/p>\n<h2><span style=\"font-size: 90%;\">Jednorazowy waporyzator JNR FALCON X 18k Puffs <strong>Specyfikacja<\/strong><\/span><\/h2>\n<p><strong data-sourcepos=\"9:3-9:17\">Liczba puf\u00f3w<\/strong>:\u00a0<strong data-sourcepos=\"9:19-9:35\">18 000 zaci\u0105gni\u0119\u0107<\/strong><\/p>\n<p><strong data-sourcepos=\"10:3-10:15\">E-ciecz<\/strong>:\u00a0<strong data-sourcepos=\"10:17-10:25\">24 ml<\/strong><\/p>\n<p><strong data-sourcepos=\"11:3-11:11\">Cewka<\/strong>:\u00a0<strong data-sourcepos=\"11:13-11:36\">Podw\u00f3jny rdze\u0144 siatkowy 0,6 \u03a9<\/strong><\/p>\n<p><strong data-sourcepos=\"12:3-12:14\">Bateria<\/strong>:\u00a0<strong data-sourcepos=\"12:16-12:39\">Akumulator 950 mAh<\/strong><\/p>\n<p><strong data-sourcepos=\"13:3-13:14\">Wy\u015bwietlacz<\/strong>:\u00a0<strong data-sourcepos=\"13:16-13:61\">Cyfrowy ekran LED (liczba baterii i zaci\u0105gni\u0119\u0107)<\/strong><\/p>\n<p><strong data-sourcepos=\"14:3-14:14\">Przep\u0142yw powietrza<\/strong>:\u00a0<strong data-sourcepos=\"14:16-14:46\">W pe\u0142ni regulowany (MTL\/RDL)<\/strong><\/p>\n<p><strong data-sourcepos=\"15:3-15:15\">Nikotyna<\/strong>:\u00a0<strong data-sourcepos=\"15:17-15:44\">2% (50 mg nikotyny w postaci soli)<\/strong><\/p>\n<p><strong data-sourcepos=\"16:3-16:14\">Smaki<\/strong>:\u00a0<strong data-sourcepos=\"16:16-16:38\">28 popularnych opcji<\/strong><\/p>\n<p>&nbsp;<\/p>\n<h3><span style=\"font-size: 90%;\">Jednorazowy waporyzator JNR FALCON X 18k Puffs <strong>Lista smak\u00f3w<\/strong><\/span><\/h3>\n<p>1. Niebieski Razz L\u00f3d<\/p>\n<p>2.Malina jagodowa<\/p>\n<p>3. Fajna mi\u0119ta<\/p>\n<p>4.Kiwi Arbuzowy l\u00f3d<\/p>\n<p>5. L\u00f3d winogronowy<\/p>\n<p>6.Truskawkowe Kiwi<\/p>\n<p>7.L\u00f3d arbuzowo-truskawkowy<\/p>\n<p>8. L\u00f3d arbuzowy<\/p>\n<p>9. L\u00f3d truskawkowy<\/p>\n<p>10. Mieszane jagody<\/p>\n<p>11.Arbuzowa guma balonowa<\/p>\n<p>12. Kwa\u015bny l\u00f3d jab\u0142kowy<\/p>\n<p>13.Brzoskwiniowy l\u00f3d<\/p>\n<p>14. Wybuch jag\u00f3d<\/p>\n<p>15.Jagoda Malina Wi\u015bnia<\/p>\n<p>16. Wi\u015bniowa Jagoda<\/p>\n<p>17.Truskawkowy Banan<\/p>\n<p>18.Jagodowe Kiwi<\/p>\n<p>19. Kiwi z marakuji<\/p>\n<p>20. Bia\u0142a brzoskwinia Razz<\/p>\n<p>21. Niebieska wi\u015bnia Razz<\/p>\n<p>22. Wi\u015bniowy zamro\u017cony arbuz<\/p>\n<p>23. Wi\u015bniowa Cola<\/p>\n<p>24. L\u00f3d bananowy<\/p>\n<p>25. Kr\u0119gle<\/p>\n<p>26.Potr\u00f3jny melon<\/p>\n<p>27. Pan Niebieski<\/p>\n<p>28. Wi\u015bniowy l\u00f3d<\/p>\n<p>29. Liczi arbuzowe<img loading=\"lazy\" decoding=\"async\" class=\"alignnone wp-image-2609 size-full\" src=\"https:\/\/pgvape.com\/wp-content\/uploads\/2025\/10\/pgvape-JNR-FALCON-X-18k-Puffs-Disposable-Vape-2-Nicotine-29Tastes-LED-Display-Vape-Factory-Direct-1.png\" alt=\"\" width=\"1400\" height=\"1200\" srcset=\"https:\/\/pgvape.com\/wp-content\/uploads\/2025\/10\/pgvape-JNR-FALCON-X-18k-Puffs-Disposable-Vape-2-Nicotine-29Tastes-LED-Display-Vape-Factory-Direct-1.png 1400w, https:\/\/pgvape.com\/wp-content\/uploads\/2025\/10\/pgvape-JNR-FALCON-X-18k-Puffs-Disposable-Vape-2-Nicotine-29Tastes-LED-Display-Vape-Factory-Direct-1-420x360.png 420w, https:\/\/pgvape.com\/wp-content\/uploads\/2025\/10\/pgvape-JNR-FALCON-X-18k-Puffs-Disposable-Vape-2-Nicotine-29Tastes-LED-Display-Vape-Factory-Direct-1-595x510.png 595w, https:\/\/pgvape.com\/wp-content\/uploads\/2025\/10\/pgvape-JNR-FALCON-X-18k-Puffs-Disposable-Vape-2-Nicotine-29Tastes-LED-Display-Vape-Factory-Direct-1-400x343.png 400w, https:\/\/pgvape.com\/wp-content\/uploads\/2025\/10\/pgvape-JNR-FALCON-X-18k-Puffs-Disposable-Vape-2-Nicotine-29Tastes-LED-Display-Vape-Factory-Direct-1-768x658.png 768w, https:\/\/pgvape.com\/wp-content\/uploads\/2025\/10\/pgvape-JNR-FALCON-X-18k-Puffs-Disposable-Vape-2-Nicotine-29Tastes-LED-Display-Vape-Factory-Direct-1-14x12.png 14w, https:\/\/pgvape.com\/wp-content\/uploads\/2025\/10\/pgvape-JNR-FALCON-X-18k-Puffs-Disposable-Vape-2-Nicotine-29Tastes-LED-Display-Vape-Factory-Direct-1-600x514.png 600w, https:\/\/pgvape.com\/wp-content\/uploads\/2025\/10\/pgvape-JNR-FALCON-X-18k-Puffs-Disposable-Vape-2-Nicotine-29Tastes-LED-Display-Vape-Factory-Direct-1-47x40.png 47w\" sizes=\"auto, (max-width: 1400px) 100vw, 1400px\" \/><\/p>\n<p>&nbsp;<\/p>\n<h2 class=\"header-vfC6AV auto-hide-last-sibling-br\">Cz\u0119sto zadawane pytania dotycz\u0105ce jednorazowego waporyzatora JNR FALCON X 18k Puffs<\/h2>\n<p data-sourcepos=\"54:1-55:93\">\u2753 <strong data-sourcepos=\"54:3-54:45\">Co sprawia, \u017ce \u200b\u200bwy\u015bwietlacz LED jest wyj\u0105tkowy?<\/strong><br \/>\n\u2705 <strong data-sourcepos=\"55:3-55:27\">Monitorowanie w czasie rzeczywistym<\/strong> z <strong data-sourcepos=\"55:31-55:47\">\u017cywotno\u015b\u0107 baterii<\/strong> I <strong data-sourcepos=\"55:52-55:66\">liczba zaci\u0105gni\u0119\u0107<\/strong> Do <strong data-sourcepos=\"55:71-55:90\">\u015bwiadome wapowanie<\/strong>.<\/p>\n<p data-sourcepos=\"57:1-58:94\">\u2753 <strong data-sourcepos=\"57:3-57:55\">W jaki spos\u00f3b podw\u00f3jny rdze\u0144 siatkowy poprawia wydajno\u015b\u0107?<\/strong><br \/>\n\u2705 <strong data-sourcepos=\"58:3-58:19\">Podw\u00f3jne ogrzewanie<\/strong> zapewnia <strong data-sourcepos=\"58:29-58:48\">50% wi\u0119cej smaku<\/strong> I <strong data-sourcepos=\"58:53-58:71\">grubsze chmury<\/strong> ni\u017c standardowe cewki.<\/p>\n<p data-sourcepos=\"60:1-61:97\">\u2753 <strong data-sourcepos=\"60:3-60:36\">Czy mog\u0119 regulowa\u0107 przep\u0142yw powietrza?<\/strong><br \/>\n\u2705 <strong data-sourcepos=\"61:3-61:11\">Tak!<\/strong> Dokr\u0119ci\u0107 dla <strong data-sourcepos=\"61:24-61:54\">ciasne, przypominaj\u0105ce papierosa zaci\u0105gni\u0119cie<\/strong> lub poluzowa\u0107 <strong data-sourcepos=\"61:69-61:94\">przewiewne, bezpo\u015brednie uderzenia w p\u0142uca<\/strong>.<\/p>\n<p data-sourcepos=\"63:1-64:85\">\u2753 <strong data-sourcepos=\"63:3-63:46\">Czy liczba 18 000 zaci\u0105gni\u0119\u0107 jest realistyczna?<\/strong><br \/>\n\u2705 <strong data-sourcepos=\"64:3-64:30\">Zoptymalizowana pojemno\u015b\u0107 24 ml<\/strong> + <strong data-sourcepos=\"64:33-64:57\">cewka o wysokiej wydajno\u015bci<\/strong> zapewnia <strong data-sourcepos=\"64:66-64:82\">tygodnie u\u017cytkowania<\/strong>.<\/p>\n<p data-sourcepos=\"66:1-69:38\">\u2753 <strong data-sourcepos=\"66:3-66:44\">Kt\u00f3re smaki s\u0105 ulubie\u0144cami klient\u00f3w?<br \/>\n<\/strong> \u2714 <strong data-sourcepos=\"67:3-67:20\">Niebieski Razz L\u00f3d<\/strong> (pikantny + lodowaty) \u2714 <strong data-sourcepos=\"68:3-68:32\">Lody Truskawkowo-Arbuzowe<\/strong> (soczysty i orze\u017awiaj\u0105cy) \u2714 <strong data-sourcepos=\"69:3-69:19\">Potr\u00f3jny Melon<\/strong> (mieszanka tropikalna)<\/p>\n<p>&nbsp;<\/p>\n<h3 id=\"brxe-najhln\" class=\"brxe-heading\">Cz\u0119sto zadawane pytania (FAQ)<\/h3>\n<div id=\"brxe-rajiac\" class=\"brxe-text\">\n<p><strong>P: Jakie metody p\u0142atno\u015bci akceptujecie?<\/strong><br \/>\nOdp.: Akceptujemy PayPal, Stripe, przelewy bankowe (obs\u0142ugiwane SEPA), g\u0142\u00f3wne karty kredytowe (Visa, MasterCard, American Express) i p\u0142atno\u015bci w kryptowalutach.<\/p>\n<p><strong>P: Jak d\u0142ugo trwa przygotowanie zam\u00f3wienia?<\/strong><br \/>\nOdp.: Przygotowanie zam\u00f3wienia zajmuje 1-3 dni robocze.<\/p>\n<p><strong>P: Jaki jest czas wysy\u0142ki?<\/strong><br \/>\nOdp.: Czas wysy\u0142ki wynosi 7-14 dni roboczych, w zale\u017cno\u015bci od Twojej lokalizacji.<\/p>\n<p><strong>P: Jak mog\u0119 \u015bledzi\u0107 moje zam\u00f3wienie?<\/strong><br \/>\nOdp.: Po wysy\u0142ce otrzymasz wiadomo\u015b\u0107 e-mail z potwierdzeniem i numerem przesy\u0142ki umo\u017cliwiaj\u0105cym \u015bledzenie w czasie rzeczywistym.<\/p>\n<p><strong>P: Jaka jest Twoja polityka zwrot\u00f3w?<\/strong><br \/>\nOdp.: Oferujemy 30-dniow\u0105 polityk\u0119 zwrot\u00f3w lub wymiany. .<\/p>\n<p><strong>P: Czy wyst\u0105pi\u0105 jakie\u015b problemy celne?<br \/>\n<\/strong>Obs\u0142ugujemy wszystkie procedury odprawy celnej, aby zapewni\u0107 Ci bezproblemow\u0105 obs\u0142ug\u0119. .<\/p>\n<p><strong>P: Jakie metody wysy\u0142ki s\u0105 stosowane?<\/strong><br \/>\nWsp\u00f3\u0142pracujemy z firmami UPS\/DHL\/FEDEX\/DPD itp. W zale\u017cno\u015bci od kraju dostawy wybierzemy odpowiedni\u0105 opcj\u0119 wysy\u0142ki, tak aby produkty dotar\u0142y do \u200b\u200bPa\u0144stwa najszybciej jak to mo\u017cliwe.<\/p>\n<p><a href=\"https:\/\/pgvape.com\/pl\/czesto-zadawane-pytania\/\">Kliknij tutaj, aby uzyska\u0107 wi\u0119cej cz\u0119sto zadawanych pyta\u0144<\/a><\/p>\n<p>Szanowni klienci, je\u015bli masz jakiekolwiek pytania dotycz\u0105ce zam\u00f3wienia lub przybycia towaru, skontaktuj si\u0119 z naszym dzia\u0142em obs\u0142ugi klienta. Dzi\u0119kuj\u0119!<\/p>\n<h3 data-sourcepos=\"73:1-73:21\"><strong data-sourcepos=\"73:7-73:21\">Skontaktuj si\u0119 z nami<\/strong><\/h3>\n<div id=\"text-2419739398\" class=\"text\">\n<p><strong data-sourcepos=\"75:3-75:12\">E-mail<\/strong>:\u00a0<a href=\"mailto:support@pgvape.com\"><strong>support@pgvape.com<\/strong><\/a><\/p>\n<p><strong data-sourcepos=\"76:3-76:15\">WhatsApp<\/strong>: <a href=\"https:\/\/wa.me\/18128481258\"><strong>+86 18128481258<\/strong><\/a><br \/>\n<strong>(Odpowied\u017a w ci\u0105gu 24 godzin w dni robocze)<\/strong><\/p>\n<\/div>\n<h3><strong>Dzi\u0119kujemy za wybranie pgvape.com! .<\/strong><\/h3>\n<\/div>","protected":false},"excerpt":{"rendered":"<p><strong data-sourcepos=\"72:1-72:231\">\u201cJNR Falcon X 18000: Jednorazowy aparat nowej generacji z wy\u015bwietlaczem LED, dwurdzeniowymi cewkami siatkowymi i 28 smakami. Posiada regulowany przep\u0142yw powietrza, bateri\u0119 950 mAh i pojemno\u015b\u0107 24 ml, co zapewnia najwy\u017csz\u0105 jako\u015b\u0107 wapowania. \u201d<\/strong><\/p>","protected":false},"featured_media":2581,"comment_status":"open","ping_status":"closed","template":"","meta":{"_seopress_robots_primary_cat":"none","_seopress_titles_title":"%%post_title%% %%sep%% %%sitetitle%%","_seopress_titles_desc":"","_seopress_robots_index":""},"product_brand":[516,228],"product_cat":[236,515,29],"product_tag":[238,239,240,90,237,79],"class_list":{"0":"post-2578","1":"product","2":"type-product","3":"status-publish","4":"has-post-thumbnail","6":"product_brand-disposable-vape","7":"product_brand-jnr-vape","8":"product_cat-18k-puffs-vape","9":"product_cat-disposable-vape","10":"product_cat-jnr-vape","11":"product_tag-18k-puffs","12":"product_tag-18k-vape","13":"product_tag-29tastes","14":"product_tag-disposable-vape","15":"product_tag-jnr-falcon-x","16":"product_tag-led-display","18":"first","19":"instock","20":"sale","21":"shipping-taxable","22":"purchasable","23":"product-type-variable"},"_links":{"self":[{"href":"https:\/\/pgvape.com\/pl\/wp-json\/wp\/v2\/product\/2578","targetHints":{"allow":["GET"]}}],"collection":[{"href":"https:\/\/pgvape.com\/pl\/wp-json\/wp\/v2\/product"}],"about":[{"href":"https:\/\/pgvape.com\/pl\/wp-json\/wp\/v2\/types\/product"}],"replies":[{"embeddable":true,"href":"https:\/\/pgvape.com\/pl\/wp-json\/wp\/v2\/comments?post=2578"}],"wp:featuredmedia":[{"embeddable":true,"href":"https:\/\/pgvape.com\/pl\/wp-json\/wp\/v2\/media\/2581"}],"wp:attachment":[{"href":"https:\/\/pgvape.com\/pl\/wp-json\/wp\/v2\/media?parent=2578"}],"wp:term":[{"taxonomy":"product_brand","embeddable":true,"href":"https:\/\/pgvape.com\/pl\/wp-json\/wp\/v2\/product_brand?post=2578"},{"taxonomy":"product_cat","embeddable":true,"href":"https:\/\/pgvape.com\/pl\/wp-json\/wp\/v2\/product_cat?post=2578"},{"taxonomy":"product_tag","embeddable":true,"href":"https:\/\/pgvape.com\/pl\/wp-json\/wp\/v2\/product_tag?post=2578"}],"curies":[{"name":"wp","href":"https:\/\/api.w.org\/{rel}","templated":true}]}}